{"id":29709,"date":"2018-02-28T17:52:44","date_gmt":"2018-02-28T15:52:44","guid":{"rendered":"http:\/\/www.etoro.com\/?page_id=29709"},"modified":"2025-05-12T15:00:45","modified_gmt":"2025-05-12T12:00:45","slug":"account-verification","status":"publish","type":"page","link":"https:\/\/www.etoro.com\/nb-no\/customer-service\/account-verification\/","title":{"rendered":"Slik verifiserer du eToro-kontoen din"},"content":{"rendered":"\n<section class=\"wp-block-group wp-block-group-boxed\"><div class=\"wp-block-group-inner is-layout-flow wp-block-group-is-layout-flow\">\n<div class=\"wp-block-columns are-vertically-aligned-top wp-block-columns-1 is-layout-flex wp-container-core-columns-is-layout-1 wp-block-columns-is-layout-flex\">\n<div class=\"wp-block-column is-layout-flow wp-block-column-is-layout-flow\"><\/div>\n<\/div>\n\n\n\n<p><strong>Verifisering er en obligatorisk del av registreringsprosessen p\u00e5 eToro-plattformen. Vi er lovp\u00e5lagt \u00e5 verifisere alle nye eToro-kontoer. Dette sikrer plattformen v\u00e5r og forhindrer upassende aktivitet.<\/strong><\/p>\n\n\n\n<p>S\u00e5 snart kontoen din er verifisert, kan du benytte deg av alle fordelene p\u00e5 eToro-plattformen. For \u00e5 verifisere kontoen din m\u00e5 du laste opp identitetsbevis og adressebevis. F\u00f8rst etter at du har gitt oss begge de to dokumentene, vil verifiseringsprosessen begynne. Du kan bruke eToro-appen til \u00e5 skanne dokumentene dine direkte til plattformen.<\/p>\n\n\n<figure class=\"wp-block-embed is-type-video is-provider-youtube wp-block-embed-youtube wp-embed-aspect-16-9 wp-has-aspect-ratio\"><a href=\"https:\/\/www.youtube.com\/watch?v=aMbvkxcpjTw\" data-fancybox class=\"wp-block-embed-link\" rel=\"nofollow noopener noreferrer\" >\n\t\t\t\t<img decoding=\"async\" src=\"https:\/\/img.youtube.com\/vi\/aMbvkxcpjTw\/maxresdefault.jpg\" alt=\"\" class=\"wp-block-embed-preview\">\n\t\t\t<\/a><\/figure><\/div><\/section>\n\n\n\n<section class=\"wp-block-group wp-block-group-boxed wp-block-group-medium-top-padding has-white-background-color has-background\"><div class=\"wp-block-group-inner is-layout-flow wp-block-group-is-layout-flow\">\n<div class=\"wp-block-columns are-vertically-aligned-top wp-block-columns-1 is-layout-flex wp-container-core-columns-is-layout-2 wp-block-columns-is-layout-flex\">\n<div class=\"wp-block-column is-layout-flow wp-block-column-is-layout-flow\">\n<h2 class=\"wp-block-heading\"><span>Identitetsbevis<\/span><\/h2>\n<\/div>\n<\/div>\n\n\n\n<hr class=\"wp-block-separator wp-block-separator-color-dark-grey wp-block-separator-spaces-small wp-block-separator-weight-1\"\/>\n\n\n\n<p>Identitetsbeviset m\u00e5 inneholde navn, f\u00f8dselsdato, et tydelig foto og utstedelsesdato, og hvis det har en utl\u00f8psdato, m\u00e5 denne ogs\u00e5 v\u00e6re synlig. Pass er det foretrukne identitetsbeviset, fordi det har den korteste behandlingstiden hos eToro-teamet. Du kan ogs\u00e5 bruke f\u00f8rerkort eller annen legitimasjon utstedt av offentlige myndigheter. Hvis dokumentet har to sider og baksiden ogs\u00e5 inneholder relevant informasjon, pass p\u00e5 \u00e5 laste opp begge sider.<\/p>\n\n\n\n<p><strong>All informasjon p\u00e5 identitetsbeviset m\u00e5 v\u00e6re synlig<\/strong><\/p>\n\n\n\n<hr class=\"wp-block-separator wp-block-separator-color-dark-grey wp-block-separator-spaces-small wp-block-separator-weight-1\"\/>\n\n\n\n<figure class=\"wp-block-image size-large wp-block-image-has-mobile\"><img loading=\"lazy\" decoding=\"async\" width=\"1024\" height=\"247\" src=\"https:\/\/www.etoro.com\/wp-content\/uploads\/2025\/01\/image-1-2-1024x247.png\" alt=\"\" class=\"wp-image-979317 wp-image-desktop\" srcset=\"https:\/\/www.etoro.com\/wp-content\/uploads\/2025\/01\/image-1-2-1024x247.png 1024w, https:\/\/www.etoro.com\/wp-content\/uploads\/2025\/01\/image-1-2-300x72.png 300w, https:\/\/www.etoro.com\/wp-content\/uploads\/2025\/01\/image-1-2-768x185.png 768w, https:\/\/www.etoro.com\/wp-content\/uploads\/2025\/01\/image-1-2.png 1060w\" sizes=\"(max-width: 1024px) 100vw, 1024px\" \/><img loading=\"lazy\" decoding=\"async\" width=\"343\" height=\"103\" src=\"https:\/\/www.etoro.com\/wp-content\/uploads\/2025\/01\/Frame-20413297-1.png\" alt=\"\" class=\"wp-image-979367 wp-image-mobile\" srcset=\"https:\/\/www.etoro.com\/wp-content\/uploads\/2025\/01\/Frame-20413297-1.png 343w, https:\/\/www.etoro.com\/wp-content\/uploads\/2025\/01\/Frame-20413297-1-300x90.png 300w\" sizes=\"(max-width: 343px) 100vw, 343px\" \/><\/figure>\n\n\n\n<p><strong>Last opp hele dokumentet, uten beskj\u00e6ring, og i fokus<\/strong><\/p>\n\n\n\n<hr class=\"wp-block-separator wp-block-separator-color-dark-grey wp-block-separator-spaces-small wp-block-separator-weight-1\"\/>\n\n\n\n<figure class=\"wp-block-image size-large wp-block-image-has-mobile\"><img loading=\"lazy\" decoding=\"async\" width=\"1024\" height=\"286\" src=\"https:\/\/www.etoro.com\/wp-content\/uploads\/2025\/01\/Frame-20413298-1-1024x286.png\" alt=\"\" class=\"wp-image-979341 wp-image-desktop\" srcset=\"https:\/\/www.etoro.com\/wp-content\/uploads\/2025\/01\/Frame-20413298-1-1024x286.png 1024w, https:\/\/www.etoro.com\/wp-content\/uploads\/2025\/01\/Frame-20413298-1-300x84.png 300w, https:\/\/www.etoro.com\/wp-content\/uploads\/2025\/01\/Frame-20413298-1-768x214.png 768w, https:\/\/www.etoro.com\/wp-content\/uploads\/2025\/01\/Frame-20413298-1.png 1060w\" sizes=\"(max-width: 1024px) 100vw, 1024px\" \/><img loading=\"lazy\" decoding=\"async\" width=\"343\" height=\"84\" src=\"https:\/\/www.etoro.com\/wp-content\/uploads\/2025\/01\/image-2-1.png\" alt=\"\" class=\"wp-image-979391 wp-image-mobile\" srcset=\"https:\/\/www.etoro.com\/wp-content\/uploads\/2025\/01\/image-2-1.png 343w, https:\/\/www.etoro.com\/wp-content\/uploads\/2025\/01\/image-2-1-300x73.png 300w\" sizes=\"(max-width: 343px) 100vw, 343px\" \/><\/figure>\n\n\n\n<p><strong><a href=\"https:\/\/www.etoro.com\/settings\/account?action=autokyc&amp;deepLink=uploadID\">Klikk her<\/a>&nbsp;for \u00e5 laste opp identitetsbeviset n\u00e5.<\/strong><\/p>\n<\/div><\/section>\n\n\n\n<section class=\"wp-block-group wp-block-group-boxed\"><div class=\"wp-block-group-inner is-layout-flow wp-block-group-is-layout-flow\">\n<div class=\"wp-block-columns are-vertically-aligned-top wp-block-columns-1 is-layout-flex wp-container-core-columns-is-layout-3 wp-block-columns-is-layout-flex\">\n<div class=\"wp-block-column is-layout-flow wp-block-column-is-layout-flow\">\n<h2 class=\"wp-block-heading\"><span>Adressebevis<\/span><\/h2>\n<\/div>\n<\/div>\n\n\n\n<hr class=\"wp-block-separator wp-block-separator-color-dark-grey wp-block-separator-spaces-small wp-block-separator-weight-1\"\/>\n\n\n\n<p>Adressebeviset m\u00e5 inneholde fullt navn, adresse og utstedelsesdato, som ikke kan v\u00e6re mer enn 3 m\u00e5neder siden. Navnet eller logoen til utstederen m\u00e5 ogs\u00e5 v\u00e6re klart synlig. Skann dokumentet mot en bakgrunn i en annen farge, slik at alle fire hj\u00f8rner er synlige.<\/p>\n\n\n\n<p class=\"is-style-heading-4\">Adressebeviset kan v\u00e6re et av f\u00f8lgende:<\/p>\n\n\n\n<div class=\"wp-block-columns are-vertically-aligned-top wp-block-columns-3 is-layout-flex wp-container-core-columns-is-layout-4 wp-block-columns-is-layout-flex\">\n<div class=\"wp-block-column is-layout-flow wp-block-column-is-layout-flow\">\n<ul class=\"wp-block-list wp-block-list wp-block-list-circle\">\n<li>Kontoutskrift fra banken<\/li>\n\n\n\n<li>Kredittkortutskrift<\/li>\n\n\n\n<li>Str\u00f8m, vann- eller gassregning<\/li>\n<\/ul>\n<\/div>\n\n\n\n<div class=\"wp-block-column is-layout-flow wp-block-column-is-layout-flow\">\n<ul class=\"wp-block-list wp-block-list wp-block-list-circle\">\n<li>Regning for offentlige avgifter<\/li>\n\n\n\n<li>Skattebevis\/ligningsattest<\/li>\n\n\n\n<li>Husleiekontrakt \u2013 utstedt av myndighetene<\/li>\n<\/ul>\n<\/div>\n\n\n\n<div class=\"wp-block-column is-layout-flow wp-block-column-is-layout-flow\">\n<ul class=\"wp-block-list wp-block-list wp-block-list-circle\">\n<li>Brev fra lokale myndigheter<\/li>\n\n\n\n<li>Internettregning<\/li>\n<\/ul>\n<\/div>\n<\/div>\n<\/div><\/section>\n\n\n\n<section class=\"wp-block-group wp-block-group-boxed has-white-background-color has-background\"><div class=\"wp-block-group-inner is-layout-flow wp-block-group-is-layout-flow\">\n<div class=\"wp-block-columns are-vertically-aligned-top wp-block-columns-1 is-layout-flex wp-container-core-columns-is-layout-5 wp-block-columns-is-layout-flex\">\n<div class=\"wp-block-column is-layout-flow wp-block-column-is-layout-flow\">\n<p><strong>Dokumentet m\u00e5 skannes flatt<\/strong><\/p>\n<\/div>\n<\/div>\n\n\n\n<hr class=\"wp-block-separator wp-block-separator-color-dark-grey wp-block-separator-spaces-small wp-block-separator-weight-1\"\/>\n\n\n\n<figure class=\"wp-block-image size-large wp-block-image-has-mobile\"><img loading=\"lazy\" decoding=\"async\" width=\"1024\" height=\"247\" src=\"https:\/\/www.etoro.com\/wp-content\/uploads\/2025\/01\/image-1-1-1024x247.png\" alt=\"\" class=\"wp-image-979254 wp-image-desktop\" srcset=\"https:\/\/www.etoro.com\/wp-content\/uploads\/2025\/01\/image-1-1-1024x247.png 1024w, https:\/\/www.etoro.com\/wp-content\/uploads\/2025\/01\/image-1-1-300x72.png 300w, https:\/\/www.etoro.com\/wp-content\/uploads\/2025\/01\/image-1-1-768x185.png 768w, https:\/\/www.etoro.com\/wp-content\/uploads\/2025\/01\/image-1-1.png 1060w\" sizes=\"(max-width: 1024px) 100vw, 1024px\" \/><img loading=\"lazy\" decoding=\"async\" width=\"343\" height=\"84\" src=\"https:\/\/www.etoro.com\/wp-content\/uploads\/2025\/01\/image-2-2.png\" alt=\"\" class=\"wp-image-979416 wp-image-mobile\" srcset=\"https:\/\/www.etoro.com\/wp-content\/uploads\/2025\/01\/image-2-2.png 343w, https:\/\/www.etoro.com\/wp-content\/uploads\/2025\/01\/image-2-2-300x73.png 300w\" sizes=\"(max-width: 343px) 100vw, 343px\" \/><\/figure>\n\n\n\n<p><strong>Det m\u00e5 ikke beskj\u00e6res, og alle fire hj\u00f8rner m\u00e5 v\u00e6re synlige<\/strong><\/p>\n\n\n\n<hr class=\"wp-block-separator wp-block-separator-color-dark-grey wp-block-separator-spaces-small wp-block-separator-weight-1\"\/>\n\n\n\n<figure class=\"wp-block-image size-large wp-block-image-has-mobile\"><img loading=\"lazy\" decoding=\"async\" width=\"1024\" height=\"247\" src=\"https:\/\/www.etoro.com\/wp-content\/uploads\/2025\/01\/image-2-1024x247.png\" alt=\"\" class=\"wp-image-979279 wp-image-desktop\" srcset=\"https:\/\/www.etoro.com\/wp-content\/uploads\/2025\/01\/image-2-1024x247.png 1024w, https:\/\/www.etoro.com\/wp-content\/uploads\/2025\/01\/image-2-300x72.png 300w, https:\/\/www.etoro.com\/wp-content\/uploads\/2025\/01\/image-2-768x185.png 768w, https:\/\/www.etoro.com\/wp-content\/uploads\/2025\/01\/image-2.png 1060w\" sizes=\"(max-width: 1024px) 100vw, 1024px\" \/><img loading=\"lazy\" decoding=\"async\" width=\"343\" height=\"84\" src=\"https:\/\/www.etoro.com\/wp-content\/uploads\/2025\/01\/image-2-3.png\" alt=\"\" class=\"wp-image-979440 wp-image-mobile\" srcset=\"https:\/\/www.etoro.com\/wp-content\/uploads\/2025\/01\/image-2-3.png 343w, https:\/\/www.etoro.com\/wp-content\/uploads\/2025\/01\/image-2-3-300x73.png 300w\" sizes=\"(max-width: 343px) 100vw, 343px\" \/><\/figure>\n\n\n\n<p><strong>*Merk: Vi godtar ogs\u00e5 skjermbilder, dersom adressebeviset er hentet fra et digitalt dokument.<\/strong><\/p>\n\n\n\n<p><strong><a href=\"https:\/\/www.etoro.com\/settings\/account?action=autokyc&amp;deepLink=uploadutilitybill\">Klikk her<\/a>&nbsp;for \u00e5 laste opp adressebeviset n\u00e5.<\/strong><\/p>\n\n\n\n<p>Verifiseringsprosessen kan ta noen dager, og du vil f\u00e5 beskjed n\u00e5r kontoen din er verifisert. Du kan ogs\u00e5 f\u00f8lge verifiseringsstatusen din p\u00e5 eToro-plattformen. Verifiserte kontoer har et gr\u00f8nt merke ved siden av brukernavnet p\u00e5 brukerprofilen.<\/p>\n\n\n\n<p>Teamet v\u00e5rt vil g\u00e5 gjennom dokumentene dine og oppdatere verifiseringsstatusen din, s\u00e5&nbsp;<strong>det er ingen grunn til \u00e5 kontakte kundeservice ang\u00e5ende verifiseringsprosessen.<\/strong>&nbsp;Dersom dokumentene ikke blir godkjent, sender vi deg en e-post med en tydelig forklaring av hva du m\u00e5 sende inn. For \u00e5 v\u00e6re sikker p\u00e5 \u00e5 f\u00e5 denne e-posten b\u00f8r du legge til eToro blant avsendere du stoler p\u00e5 i e-post-innstillingene.<\/p>\n<\/div><\/section>\n\n\n\n<p><\/p>\n","protected":false},"excerpt":{"rendered":"<p>Verifisering er en obligatorisk del av registreringsprosessen p\u00e5 eToro-plattformen. Vi er lovp\u00e5lagt \u00e5 verifisere alle nye eToro-kontoer. Dette sikrer plattformen v\u00e5r og forhindrer upassende aktivitet. S\u00e5 snart kontoen din er verifisert, kan du benytte deg av alle fordelene p\u00e5 eToro-plattformen. For \u00e5 verifisere kontoen din m\u00e5 du laste opp identitetsbevis og adressebevis. F\u00f8rst etter at&hellip;<\/p>\n","protected":false},"author":45,"featured_media":817985,"parent":17853,"menu_order":1064,"comment_status":"closed","ping_status":"closed","template":"","meta":{"_acf_changed":true,"inline_featured_image":false,"sticky_cta_settings":"","footnotes":""},"asset_type":[],"class_list":["post-29709","page","type-page","status-publish","has-post-thumbnail","hentry"],"acf":[],"yoast_head":"<title>Slik verifiserer du din eToro-konto | eToro<\/title>\n<meta name=\"description\" content=\"Verifiser eToro-kontoen din med noen f\u00e5 steg. Verifisering er en obligatorisk del av registreringen hos eToro, som trengs for \u00e5 fjerne innskuddsbegrensninger.\" \/>\n<meta name=\"robots\" content=\"index, follow, max-snippet:-1, max-image-preview:large, max-video-preview:-1\" \/>\n<link rel=\"canonical\" href=\"https:\/\/www.etoro.com\/nb-no\/wp-json\/wp\/v2\/pages\/29709\" \/>\n<meta property=\"og:locale\" content=\"nn_NO\" \/>\n<meta property=\"og:type\" content=\"article\" \/>\n<meta property=\"og:title\" content=\"Slik verifiserer du din eToro-konto | eToro\" \/>\n<meta property=\"og:description\" content=\"Verifiser eToro-kontoen din med noen f\u00e5 steg. Verifisering er en obligatorisk del av registreringen hos eToro, som trengs for \u00e5 fjerne innskuddsbegrensninger.\" \/>\n<meta property=\"og:url\" content=\"https:\/\/www.etoro.com\/nb-no\/wp-json\/wp\/v2\/pages\/29709\" \/>\n<meta property=\"og:site_name\" content=\"eToro\" \/>\n<meta property=\"article:publisher\" content=\"https:\/\/www.facebook.com\/eToro\/\" \/>\n<meta property=\"article:modified_time\" content=\"2025-05-12T12:00:45+00:00\" \/>\n<meta property=\"og:image\" content=\"https:\/\/www.etoro.com\/wp-content\/uploads\/2024\/01\/How-to-verify-your-eToro-account_Featured-image-1200x630_Norwegian-nb-no.png\" \/>\n\t<meta property=\"og:image:width\" content=\"1200\" \/>\n\t<meta property=\"og:image:height\" content=\"630\" \/>\n\t<meta property=\"og:image:type\" content=\"image\/png\" \/>\n<meta name=\"twitter:card\" content=\"summary_large_image\" \/>\n<meta name=\"twitter:site\" content=\"@eToro\" \/>\n<meta name=\"twitter:label1\" content=\"Est. reading time\" \/>\n\t<meta name=\"twitter:data1\" content=\"3 minutes\" \/>\n<script type=\"application\/ld+json\" class=\"yoast-schema-graph\">{\"@context\":\"https:\/\/schema.org\",\"@graph\":[{\"@type\":\"WebPage\",\"@id\":\"https:\/\/www.etoro.com\/nb-no\/customer-service\/account-verification\/\",\"url\":\"https:\/\/www.etoro.com\/nb-no\/customer-service\/account-verification\/\",\"name\":\"Slik verifiserer du din eToro-konto | eToro\",\"isPartOf\":{\"@id\":\"https:\/\/www.etoro.com\/nb-no\/#website\"},\"primaryImageOfPage\":{\"@id\":\"https:\/\/www.etoro.com\/nb-no\/customer-service\/account-verification\/#primaryimage\"},\"image\":{\"@id\":\"https:\/\/www.etoro.com\/nb-no\/customer-service\/account-verification\/#primaryimage\"},\"thumbnailUrl\":\"https:\/\/www.etoro.com\/wp-content\/uploads\/2024\/01\/How-to-verify-your-eToro-account_Featured-image-1200x630_Norwegian-nb-no.png\",\"datePublished\":\"2018-02-28T15:52:44+00:00\",\"dateModified\":\"2025-05-12T12:00:45+00:00\",\"description\":\"Verifiser eToro-kontoen din med noen f\u00e5 steg. Verifisering er en obligatorisk del av registreringen hos eToro, som trengs for \u00e5 fjerne innskuddsbegrensninger.\",\"breadcrumb\":{\"@id\":\"https:\/\/www.etoro.com\/nb-no\/customer-service\/account-verification\/#breadcrumb\"},\"inLanguage\":\"no\",\"potentialAction\":[{\"@type\":\"ReadAction\",\"target\":[\"https:\/\/www.etoro.com\/nb-no\/customer-service\/account-verification\/\"]}]},{\"@type\":\"ImageObject\",\"inLanguage\":\"no\",\"@id\":\"https:\/\/www.etoro.com\/nb-no\/customer-service\/account-verification\/#primaryimage\",\"url\":\"https:\/\/www.etoro.com\/wp-content\/uploads\/2024\/01\/How-to-verify-your-eToro-account_Featured-image-1200x630_Norwegian-nb-no.png\",\"contentUrl\":\"https:\/\/www.etoro.com\/wp-content\/uploads\/2024\/01\/How-to-verify-your-eToro-account_Featured-image-1200x630_Norwegian-nb-no.png\",\"width\":1200,\"height\":630},{\"@type\":\"BreadcrumbList\",\"@id\":\"https:\/\/www.etoro.com\/nb-no\/customer-service\/account-verification\/#breadcrumb\",\"itemListElement\":[{\"@type\":\"ListItem\",\"position\":1,\"name\":\"Hjem\",\"item\":\"https:\/\/www.etoro.com\/nb-no\/\"},{\"@type\":\"ListItem\",\"position\":2,\"name\":\"KUNDESERVICE\",\"item\":\"https:\/\/www.etoroasia.com.cn\/nb-no\/customer-service\/\"},{\"@type\":\"ListItem\",\"position\":3,\"name\":\"KONTOVERIFISERING\"}]},{\"@type\":\"WebSite\",\"@id\":\"https:\/\/www.etoro.com\/nb-no\/#website\",\"url\":\"https:\/\/www.etoro.com\/nb-no\/\",\"name\":\"eToro\",\"description\":\"\",\"publisher\":{\"@id\":\"https:\/\/www.etoro.com\/nb-no\/#organization\"},\"potentialAction\":[{\"@type\":\"SearchAction\",\"target\":{\"@type\":\"EntryPoint\",\"urlTemplate\":\"https:\/\/www.etoro.com\/nb-no\/?s={search_term_string}\"},\"query-input\":{\"@type\":\"PropertyValueSpecification\",\"valueRequired\":true,\"valueName\":\"search_term_string\"}}],\"inLanguage\":\"no\"},[]]}<\/script>","yoast_head_json":{"title":"Slik verifiserer du din eToro-konto | eToro","description":"Verifiser eToro-kontoen din med noen f\u00e5 steg. Verifisering er en obligatorisk del av registreringen hos eToro, som trengs for \u00e5 fjerne innskuddsbegrensninger.","robots":{"index":"index","follow":"follow","max-snippet":"max-snippet:-1","max-image-preview":"max-image-preview:large","max-video-preview":"max-video-preview:-1"},"canonical":"https:\/\/www.etoro.com\/nb-no\/wp-json\/wp\/v2\/pages\/29709","og_locale":"nn_NO","og_type":"article","og_title":"Slik verifiserer du din eToro-konto | eToro","og_description":"Verifiser eToro-kontoen din med noen f\u00e5 steg. Verifisering er en obligatorisk del av registreringen hos eToro, som trengs for \u00e5 fjerne innskuddsbegrensninger.","og_url":"https:\/\/www.etoro.com\/nb-no\/wp-json\/wp\/v2\/pages\/29709","og_site_name":"eToro","article_publisher":"https:\/\/www.facebook.com\/eToro\/","article_modified_time":"2025-05-12T12:00:45+00:00","og_image":[{"width":1200,"height":630,"url":"https:\/\/www.etoro.com\/wp-content\/uploads\/2024\/01\/How-to-verify-your-eToro-account_Featured-image-1200x630_Norwegian-nb-no.png","type":"image\/png"}],"twitter_card":"summary_large_image","twitter_site":"@eToro","twitter_misc":{"Est. reading time":"3 minutes"},"schema":{"@context":"https:\/\/schema.org","@graph":[{"@type":"WebPage","@id":"https:\/\/www.etoro.com\/nb-no\/customer-service\/account-verification\/","url":"https:\/\/www.etoro.com\/nb-no\/customer-service\/account-verification\/","name":"Slik verifiserer du din eToro-konto | eToro","isPartOf":{"@id":"https:\/\/www.etoro.com\/nb-no\/#website"},"primaryImageOfPage":{"@id":"https:\/\/www.etoro.com\/nb-no\/customer-service\/account-verification\/#primaryimage"},"image":{"@id":"https:\/\/www.etoro.com\/nb-no\/customer-service\/account-verification\/#primaryimage"},"thumbnailUrl":"https:\/\/www.etoro.com\/wp-content\/uploads\/2024\/01\/How-to-verify-your-eToro-account_Featured-image-1200x630_Norwegian-nb-no.png","datePublished":"2018-02-28T15:52:44+00:00","dateModified":"2025-05-12T12:00:45+00:00","description":"Verifiser eToro-kontoen din med noen f\u00e5 steg. Verifisering er en obligatorisk del av registreringen hos eToro, som trengs for \u00e5 fjerne innskuddsbegrensninger.","breadcrumb":{"@id":"https:\/\/www.etoro.com\/nb-no\/customer-service\/account-verification\/#breadcrumb"},"inLanguage":"no","potentialAction":[{"@type":"ReadAction","target":["https:\/\/www.etoro.com\/nb-no\/customer-service\/account-verification\/"]}]},{"@type":"ImageObject","inLanguage":"no","@id":"https:\/\/www.etoro.com\/nb-no\/customer-service\/account-verification\/#primaryimage","url":"https:\/\/www.etoro.com\/wp-content\/uploads\/2024\/01\/How-to-verify-your-eToro-account_Featured-image-1200x630_Norwegian-nb-no.png","contentUrl":"https:\/\/www.etoro.com\/wp-content\/uploads\/2024\/01\/How-to-verify-your-eToro-account_Featured-image-1200x630_Norwegian-nb-no.png","width":1200,"height":630},{"@type":"BreadcrumbList","@id":"https:\/\/www.etoro.com\/nb-no\/customer-service\/account-verification\/#breadcrumb","itemListElement":[{"@type":"ListItem","position":1,"name":"Hjem","item":"https:\/\/www.etoro.com\/nb-no\/"},{"@type":"ListItem","position":2,"name":"KUNDESERVICE","item":"https:\/\/www.etoroasia.com.cn\/nb-no\/customer-service\/"},{"@type":"ListItem","position":3,"name":"KONTOVERIFISERING"}]},{"@type":"WebSite","@id":"https:\/\/www.etoro.com\/nb-no\/#website","url":"https:\/\/www.etoro.com\/nb-no\/","name":"eToro","description":"","publisher":{"@id":"https:\/\/www.etoro.com\/nb-no\/#organization"},"potentialAction":[{"@type":"SearchAction","target":{"@type":"EntryPoint","urlTemplate":"https:\/\/www.etoro.com\/nb-no\/?s={search_term_string}"},"query-input":{"@type":"PropertyValueSpecification","valueRequired":true,"valueName":"search_term_string"}}],"inLanguage":"no"},[]]}},"_links":{"self":[{"href":"https:\/\/www.etoro.com\/nb-no\/wp-json\/wp\/v2\/pages\/29709"}],"collection":[{"href":"https:\/\/www.etoro.com\/nb-no\/wp-json\/wp\/v2\/pages"}],"about":[{"href":"https:\/\/www.etoro.com\/nb-no\/wp-json\/wp\/v2\/types\/page"}],"author":[{"embeddable":true,"href":"https:\/\/www.etoro.com\/nb-no\/wp-json\/wp\/v2\/users\/45"}],"replies":[{"embeddable":true,"href":"https:\/\/www.etoro.com\/nb-no\/wp-json\/wp\/v2\/comments?post=29709"}],"version-history":[{"count":0,"href":"https:\/\/www.etoro.com\/nb-no\/wp-json\/wp\/v2\/pages\/29709\/revisions"}],"up":[{"embeddable":true,"href":"https:\/\/www.etoro.com\/nb-no\/wp-json\/wp\/v2\/pages\/17853"}],"wp:featuredmedia":[{"embeddable":true,"href":"https:\/\/www.etoro.com\/nb-no\/wp-json\/wp\/v2\/media\/817985"}],"wp:attachment":[{"href":"https:\/\/www.etoro.com\/nb-no\/wp-json\/wp\/v2\/media?parent=29709"}],"wp:term":[{"taxonomy":"asset_type","embeddable":true,"href":"https:\/\/www.etoro.com\/nb-no\/wp-json\/wp\/v2\/asset_type?post=29709"}],"curies":[{"name":"wp","href":"https:\/\/api.w.org\/{rel}","templated":true}]}}