{"id":320583,"date":"2022-01-25T10:03:47","date_gmt":"2022-01-25T08:03:47","guid":{"rendered":"https:\/\/www.etoro.com\/customer-service\/vulnerability-program\/"},"modified":"2022-01-30T16:16:25","modified_gmt":"2022-01-30T14:16:25","slug":"vulnerability-program","status":"publish","type":"page","link":"https:\/\/www.etoro.com\/nb-no\/customer-service\/vulnerability-program\/","title":{"rendered":"S\u00e5rbare kunder"},"content":{"rendered":"<p>&nbsp;<\/p>\n<div role=\"tablist\" class=\"faqs_list\"><a  href='javascript:void(0)' class='faq_button ' role='tab' id='faq_button_0' aria-expanded='false' aria-controls='faq_ans_0'><span><\/span><h3 class='faq_tittle'>Hva er en s\u00e5rbar kunde?<\/h3><\/a>\n        <div class='faq_div' aria-hidden='true' id='faq_ans_0' aria-describedby='faq_button_0' role='tabpanel'><div class='faq_ans '><p>En s\u00e5rbar kunde er noen hvis beslutningstaking og engasjement med finansielle tjenester kan bli negativt p\u00e5virket som f\u00f8lge av deres personlige forhold. S\u00e5rbare kunder kan ha st\u00f8rre sannsynlighet for \u00e5 oppleve skadelige utfall, som i tilfelle de materialiserer seg, sannsynligvis vil v\u00e6re st\u00f8rre enn for andre (ikke-s\u00e5rbare) kunder.<\/p>\n<\/div><\/div><a  href='javascript:void(0)' class='faq_button ' role='tab' id='faq_button_1' aria-expanded='false' aria-controls='faq_ans_1'><span><\/span><h3 class='faq_tittle'>Hvilke faktorer kan bidra til kundes\u00e5rbarhet?<\/h3><\/a>\n        <div class='faq_div' aria-hidden='true' id='faq_ans_1' aria-describedby='faq_button_1' role='tabpanel'><div class='faq_ans '><p>Det er mange grunner til at en person kan f\u00f8le seg s\u00e5rbar i l\u00f8pet av livet.\u00a0 Noen av egenskapene som kan bidra til en kundes s\u00e5rbarhet er som f\u00f8lger:<\/p>\n<p>Helse \u2013 fysiske eller psykiske funksjonshemminger eller sykdommer som p\u00e5virker evnen til \u00e5 utf\u00f8re daglige oppgaver;<\/p>\n<p>Livsbegivenheter \u2013 store livshendelser som d\u00f8dsfall, jobbtap eller samlivsbrudd;<\/p>\n<p>Resiliens \u2013 lav evne til \u00e5 motst\u00e5 \u00f8konomiske eller f\u00f8lelsesmessige sjokk; og<\/p>\n<p>Kapabilitet \u2013 lav kunnskap om \u00f8konomiske forhold eller lav tillit til \u00e5 administrere penger (finansiell evne) og lav evne p\u00e5 andre relevante omr\u00e5der som leseferdighet eller digitale ferdigheter.<\/p>\n<\/div><\/div><a  href='javascript:void(0)' class='faq_button ' role='tab' id='faq_button_2' aria-expanded='false' aria-controls='faq_ans_2'><span><\/span><h3 class='faq_tittle'>Hvordan kan s\u00e5rbarhet p\u00e5virke kunder?<\/h3><\/a>\n        <div class='faq_div' aria-hidden='true' id='faq_ans_2' aria-describedby='faq_button_2' role='tabpanel'><div class='faq_ans '><p>S\u00e5rbarhetsegenskaper kan potensielt ha en rekke skadelige innvirkninger p\u00e5 en eToro-kunde.\u00a0 Noen eksempler er listet opp nedenfor:<\/p>\n<ol>\n<li>Mangel p\u00e5 teknologisk evne og erfaring p\u00e5 grunn av h\u00f8yere alder, noe som f\u00f8rer til redusert evne til \u00e5 drifte eToros investeringsplattform;<\/li>\n<li>Mangel p\u00e5 mental kapasitet som f\u00f8rer til feilaktige handelsbeslutninger, spesielt i forhold til produkter med h\u00f8yere risiko;<\/li>\n<li>Visse egenskaper eller hendelser som kan f\u00f8re til hensynsl\u00f8se eller f\u00f8lelsesmessige investeringsbeslutninger, for eksempel:<\/li>\n<\/ol>\n<ul>\n<li>\u00a0En plutselig diagnose av alvorlig sykdom for enten kunden eller et n\u00e6rt familiemedlem;<\/li>\n<li>\u00d8konomisk motgang;<\/li>\n<li>Avhengighetsrelaterte helsetilstander, som spilleavhengighet eller tvangsmessig atferd; eller<\/li>\n<li>Psykiske lidelser inkluderer depresjon, \u00f8kte niv\u00e5er av angst og selvmordstanker.<\/li>\n<\/ul>\n<\/div><\/div><a  href='javascript:void(0)' class='faq_button ' role='tab' id='faq_button_3' aria-expanded='false' aria-controls='faq_ans_3'><span><\/span><h3 class='faq_tittle'>Hvordan st\u00f8tter eToro s\u00e5rbare kunder?<\/h3><\/a>\n        <div class='faq_div' aria-hidden='true' id='faq_ans_3' aria-describedby='faq_button_3' role='tabpanel'><div class='faq_ans '><p><span >Hvis du tror at du kan bli p\u00e5virket av noen kjennetegn ved s\u00e5rbarhet, er det viktig at du gir oss beskjed s\u00e5 snart som mulig.\u00a0 S\u00e5rbarhet er som oftest ikke lett synlig og vi er avhengige av at v\u00e5re kunder er \u00e5pne og gj\u00f8r oss oppmerksomme p\u00e5 slike situasjoner.\u00a0 Dersom du \u00f8nsker \u00e5 varsle oss om din situasjon, eller hvis du mener at du er en s\u00e5rbar kunde, vennligst gi oss beskjed ved \u00e5 \u00e5pne en billett via<\/span><a href=\"https:\/\/www.etoro.com\/nb-no\/customer-service\/\"> <span >Kundeservicesenter<\/span><\/a><span >. N\u00e5r du har \u00e5pnet en kundeserviceforesp\u00f8rsel, vennligst vent til foresp\u00f8rselen er behandlet og avst\u00e5 fra \u00e5 \u00e5pne flere billetter for samme problem. \u00c5 \u00e5pne flere billetter for samme foresp\u00f8rsel forsinker teamets responstider.<\/span><\/p>\n<\/div><\/div><a  href='javascript:void(0)' class='faq_button ' role='tab' id='faq_button_4' aria-expanded='false' aria-controls='faq_ans_4'><span><\/span><h3 class='faq_tittle'>Trinn vi kan ta som svar p\u00e5 kundes\u00e5rbarhet<\/h3><\/a>\n        <div class='faq_div' aria-hidden='true' id='faq_ans_4' aria-describedby='faq_button_4' role='tabpanel'><div class='faq_ans '><p>eToro har veldefinerte retningslinjer og prosedyrer for \u00e5 h\u00e5ndtere kundes\u00e5rbarhet.\u00a0 Ingen to s\u00e5rbarhetssaker er like, og eToro tar en skreddersydd tiln\u00e6rming basert p\u00e5 de individuelle egenskapene til hver s\u00e5rbarhetssak.\u00a0 Generelt fungerer eToro i tr\u00e5d med f\u00f8lgende prinsipper:<\/p>\n<ol>\n<li>eToro arbeider etter det generelle prinsippet om at det vil ta passende skritt for \u00e5 vurdere omstendighetene til enhver person som er spesielt s\u00e5rbar eller mottakelig for skaden og derfor trenger justeringer av m\u00e5ten firmaet kommuniserer og st\u00f8tter dem p\u00e5.<\/li>\n<li>eToro anerkjenner at s\u00e5rbarhet er en tilstand, ikke en egenskap, at det er en glidende skala av s\u00e5rbarhet, og at mennesker er forskjellige, noe som betyr at noen kunder vil bli s\u00e5rbare under omstendigheter der andre ikke kan.<\/li>\n<li>eToro mener at velferden til enhver s\u00e5rbar person er avgj\u00f8rende; de som er s\u00e5rbare uten unntak har rett til beskyttelse mot overgrep uavhengig av kj\u00f8nn, etnisitet, funksjonshemming, seksualitet eller religi\u00f8s overbevisning.<\/li>\n<li>eToro arbeider p\u00e5 grunnlag av at hvert individ er forskjellig og er underlagt forskjellige omstendigheter. Dette betyr at s\u00e5 langt det er mulig vil firmaet behandle enkeltpersoner p\u00e5 en m\u00e5te som passer deres behov, og skreddersy tiln\u00e6rmingen der det er mulig.<\/li>\n<\/ol>\n<p>N\u00e5r eToro reagerer p\u00e5 s\u00e5rbarhet, vil eToro vurdere de ulike aspektene ved en kundes situasjon og kan ta skritt for \u00e5 overv\u00e5ke og st\u00f8tte brukere, til slutt for \u00e5 vurdere hvilken grad av skade deres s\u00e5rbarhet utgj\u00f8r for deres fremtidige eToro-opplevelse.<\/p>\n<p>Til syvende og sist, hvis vi ikke kan sikre rettferdig behandling av kunder som anses som s\u00e5rbare, kan det hende vi ikke inng\u00e5r et forhold med deg. I tillegg, der en kundes s\u00e5rbarhet ikke er umiddelbart synlig, kan informasjon som senere avsl\u00f8res av en kunde f\u00f8re til at et forhold avsluttes. Det er viktig \u00e5 understreke at noen s\u00e5rbarheter er mer synlige for oss enn andre (for eksempel alder) og vi er ikke forpliktet til proaktivt \u00e5 opps\u00f8ke og vurdere s\u00e5rbarheter som er mindre synlige.<\/p>\n<\/div><\/div><a  href='javascript:void(0)' class='faq_button ' role='tab' id='faq_button_5' aria-expanded='false' aria-controls='faq_ans_5'><span><\/span><h3 class='faq_tittle'>Hvor kan jeg s\u00f8ke hjelp fra andre kilder?<\/h3><\/a>\n        <div class='faq_div' aria-hidden='true' id='faq_ans_5' aria-describedby='faq_button_5' role='tabpanel'><div class='faq_ans '><p>S\u00e5rbare kunder kan s\u00f8ke ekstern st\u00f8tte fra f\u00f8lgende organisasjoner:<\/p>\n<ul>\n<li>S\u00e5rbare kunder som er suicidale eller i en tilstand av depresjon eller \u00f8kt angst b\u00f8r kontakte<a href=\"https:\/\/www.samaritans.org\/\" rel=\"nofollow noopener noreferrer\" > samaritaner<\/a><\/li>\n<li><a href=\"https:\/\/www.moneyhelper.org.uk\/en?source=mas\" target=\"_blank\" rel=\"noopener\">MoneyHelper<\/a> (tidligere kjent som Money Advice Service);<\/li>\n<li><a href=\"https:\/\/www.citizensadvice.org.uk\/\" target=\"_blank\" rel=\"noopener\">Innbyggerr\u00e5dgivning<\/a><\/li>\n<li><a href=\"https:\/\/www.mentalhealth.org.uk\/\" target=\"_blank\" rel=\"noopener\">Stiftelsen Mental Helse<\/a><\/li>\n<li><a href=\"https:\/\/www.mind.org.uk\/\" target=\"_blank\" rel=\"noopener\">MENN<\/a><\/li>\n<li><a href=\"https:\/\/nationaldebtline.org\/\" target=\"_blank\" rel=\"noopener\">Nasjonal gjeldstelefon<\/a><\/li>\n<li><a href=\"https:\/\/www.stepchange.org\/\" target=\"_blank\" rel=\"noopener\">Trinnendring<\/a><\/li>\n<li><a href=\"https:\/\/www.alzheimers.org.uk\/\" target=\"_blank\" rel=\"noopener\">Alzheimers samfunn<\/a><\/li>\n<li><a href=\"https:\/\/www.rnib.org.uk\/\" target=\"_blank\" rel=\"noopener\">Royal National Institute of Blind People (RNIB)<\/a><\/li>\n<li><a style=\"background-color: #ffffff;\" href=\"https:\/\/rnid.org.uk\/\" target=\"_blank\" rel=\"noopener\">Handling mot h\u00f8rselstap (RNID)<\/a><\/li>\n<\/ul>\n<\/div><\/div><\/div><script type=\"application\/ld+json\">\n      {\n      \"@context\": \"https:\/\/schema.org\",\n      \"@type\": \"FAQPage\",\n      \"mainEntity\": [{\"@type\":\"Question\",\"name\":\"Hva er en s\\u00e5rbar kunde?\",\"acceptedAnswer\":{\"@type\":\"Answer\",\"text\":\"<p>En s\\u00e5rbar kunde er noen hvis beslutningstaking og engasjement med finansielle tjenester kan bli negativt p\\u00e5virket som f\\u00f8lge av deres personlige forhold. S\\u00e5rbare kunder kan ha st\\u00f8rre sannsynlighet for \\u00e5 oppleve skadelige utfall, som i tilfelle de materialiserer seg, sannsynligvis vil v\\u00e6re st\\u00f8rre enn for andre (ikke-s\\u00e5rbare) kunder.<\\\/p>\\n\"}},{\"@type\":\"Question\",\"name\":\"Hvilke faktorer kan bidra til kundes\\u00e5rbarhet?\",\"acceptedAnswer\":{\"@type\":\"Answer\",\"text\":\"<p>Det er mange grunner til at en person kan f\\u00f8le seg s\\u00e5rbar i l\\u00f8pet av livet.\\u00a0 Noen av egenskapene som kan bidra til en kundes s\\u00e5rbarhet er som f\\u00f8lger:<\\\/p>\\n<p>Helse \\u2013 fysiske eller psykiske funksjonshemminger eller sykdommer som p\\u00e5virker evnen til \\u00e5 utf\\u00f8re daglige oppgaver;<\\\/p>\\n<p>Livsbegivenheter \\u2013 store livshendelser som d\\u00f8dsfall, jobbtap eller samlivsbrudd;<\\\/p>\\n<p>Resiliens \\u2013 lav evne til \\u00e5 motst\\u00e5 \\u00f8konomiske eller f\\u00f8lelsesmessige sjokk; og<\\\/p>\\n<p>Kapabilitet \\u2013 lav kunnskap om \\u00f8konomiske forhold eller lav tillit til \\u00e5 administrere penger (finansiell evne) og lav evne p\\u00e5 andre relevante omr\\u00e5der som leseferdighet eller digitale ferdigheter.<\\\/p>\\n\"}},{\"@type\":\"Question\",\"name\":\"Hvordan kan s\\u00e5rbarhet p\\u00e5virke kunder?\",\"acceptedAnswer\":{\"@type\":\"Answer\",\"text\":\"<p>S\\u00e5rbarhetsegenskaper kan potensielt ha en rekke skadelige innvirkninger p\\u00e5 en eToro-kunde.\\u00a0 Noen eksempler er listet opp nedenfor:<\\\/p>\\n<ol>\\n<li>Mangel p\\u00e5 teknologisk evne og erfaring p\\u00e5 grunn av h\\u00f8yere alder, noe som f\\u00f8rer til redusert evne til \\u00e5 drifte eToros investeringsplattform;<\\\/li>\\n<li>Mangel p\\u00e5 mental kapasitet som f\\u00f8rer til feilaktige handelsbeslutninger, spesielt i forhold til produkter med h\\u00f8yere risiko;<\\\/li>\\n<li>Visse egenskaper eller hendelser som kan f\\u00f8re til hensynsl\\u00f8se eller f\\u00f8lelsesmessige investeringsbeslutninger, for eksempel:<\\\/li>\\n<\\\/ol>\\n<ul>\\n<li>\\u00a0En plutselig diagnose av alvorlig sykdom for enten kunden eller et n\\u00e6rt familiemedlem;<\\\/li>\\n<li>\\u00d8konomisk motgang;<\\\/li>\\n<li>Avhengighetsrelaterte helsetilstander, som spilleavhengighet eller tvangsmessig atferd; eller<\\\/li>\\n<li>Psykiske lidelser inkluderer depresjon, \\u00f8kte niv\\u00e5er av angst og selvmordstanker.<\\\/li>\\n<\\\/ul>\\n\"}},{\"@type\":\"Question\",\"name\":\"Hvordan st\\u00f8tter eToro s\\u00e5rbare kunder?\",\"acceptedAnswer\":{\"@type\":\"Answer\",\"text\":\"<p><span >Hvis du tror at du kan bli p\\u00e5virket av noen kjennetegn ved s\\u00e5rbarhet, er det viktig at du gir oss beskjed s\\u00e5 snart som mulig.\\u00a0 S\\u00e5rbarhet er som oftest ikke lett synlig og vi er avhengige av at v\\u00e5re kunder er \\u00e5pne og gj\\u00f8r oss oppmerksomme p\\u00e5 slike situasjoner.\\u00a0 Dersom du \\u00f8nsker \\u00e5 varsle oss om din situasjon, eller hvis du mener at du er en s\\u00e5rbar kunde, vennligst gi oss beskjed ved \\u00e5 \\u00e5pne en billett via<\\\/span><a href=\\\"https:\\\/\\\/www.etoro.com\\\/nb-no\\\/customer-service\\\/\\\"> <span >Kundeservicesenter<\\\/span><\\\/a><span >. N\\u00e5r du har \\u00e5pnet en kundeserviceforesp\\u00f8rsel, vennligst vent til foresp\\u00f8rselen er behandlet og avst\\u00e5 fra \\u00e5 \\u00e5pne flere billetter for samme problem. \\u00c5 \\u00e5pne flere billetter for samme foresp\\u00f8rsel forsinker teamets responstider.<\\\/span><\\\/p>\\n\"}},{\"@type\":\"Question\",\"name\":\"Trinn vi kan ta som svar p\\u00e5 kundes\\u00e5rbarhet\",\"acceptedAnswer\":{\"@type\":\"Answer\",\"text\":\"<p>eToro har veldefinerte retningslinjer og prosedyrer for \\u00e5 h\\u00e5ndtere kundes\\u00e5rbarhet.\\u00a0 Ingen to s\\u00e5rbarhetssaker er like, og eToro tar en skreddersydd tiln\\u00e6rming basert p\\u00e5 de individuelle egenskapene til hver s\\u00e5rbarhetssak.\\u00a0 Generelt fungerer eToro i tr\\u00e5d med f\\u00f8lgende prinsipper:<\\\/p>\\n<ol>\\n<li>eToro arbeider etter det generelle prinsippet om at det vil ta passende skritt for \\u00e5 vurdere omstendighetene til enhver person som er spesielt s\\u00e5rbar eller mottakelig for skaden og derfor trenger justeringer av m\\u00e5ten firmaet kommuniserer og st\\u00f8tter dem p\\u00e5.<\\\/li>\\n<li>eToro anerkjenner at s\\u00e5rbarhet er en tilstand, ikke en egenskap, at det er en glidende skala av s\\u00e5rbarhet, og at mennesker er forskjellige, noe som betyr at noen kunder vil bli s\\u00e5rbare under omstendigheter der andre ikke kan.<\\\/li>\\n<li>eToro mener at velferden til enhver s\\u00e5rbar person er avgj\\u00f8rende; de som er s\\u00e5rbare uten unntak har rett til beskyttelse mot overgrep uavhengig av kj\\u00f8nn, etnisitet, funksjonshemming, seksualitet eller religi\\u00f8s overbevisning.<\\\/li>\\n<li>eToro arbeider p\\u00e5 grunnlag av at hvert individ er forskjellig og er underlagt forskjellige omstendigheter. Dette betyr at s\\u00e5 langt det er mulig vil firmaet behandle enkeltpersoner p\\u00e5 en m\\u00e5te som passer deres behov, og skreddersy tiln\\u00e6rmingen der det er mulig.<\\\/li>\\n<\\\/ol>\\n<p>N\\u00e5r eToro reagerer p\\u00e5 s\\u00e5rbarhet, vil eToro vurdere de ulike aspektene ved en kundes situasjon og kan ta skritt for \\u00e5 overv\\u00e5ke og st\\u00f8tte brukere, til slutt for \\u00e5 vurdere hvilken grad av skade deres s\\u00e5rbarhet utgj\\u00f8r for deres fremtidige eToro-opplevelse.<\\\/p>\\n<p>Til syvende og sist, hvis vi ikke kan sikre rettferdig behandling av kunder som anses som s\\u00e5rbare, kan det hende vi ikke inng\\u00e5r et forhold med deg. I tillegg, der en kundes s\\u00e5rbarhet ikke er umiddelbart synlig, kan informasjon som senere avsl\\u00f8res av en kunde f\\u00f8re til at et forhold avsluttes. Det er viktig \\u00e5 understreke at noen s\\u00e5rbarheter er mer synlige for oss enn andre (for eksempel alder) og vi er ikke forpliktet til proaktivt \\u00e5 opps\\u00f8ke og vurdere s\\u00e5rbarheter som er mindre synlige.<\\\/p>\\n\"}},{\"@type\":\"Question\",\"name\":\"Hvor kan jeg s\\u00f8ke hjelp fra andre kilder?\",\"acceptedAnswer\":{\"@type\":\"Answer\",\"text\":\"<p>S\\u00e5rbare kunder kan s\\u00f8ke ekstern st\\u00f8tte fra f\\u00f8lgende organisasjoner:<\\\/p>\\n<ul>\\n<li>S\\u00e5rbare kunder som er suicidale eller i en tilstand av depresjon eller \\u00f8kt angst b\\u00f8r kontakte<a href=\\\"https:\\\/\\\/www.samaritans.org\\\/\\\"> samaritaner<\\\/a><\\\/li>\\n<li><a href=\\\"https:\\\/\\\/www.moneyhelper.org.uk\\\/en?source=mas\\\" target=\\\"_blank\\\" rel=\\\"noopener\\\">MoneyHelper<\\\/a> (tidligere kjent som Money Advice Service);<\\\/li>\\n<li><a href=\\\"https:\\\/\\\/www.citizensadvice.org.uk\\\/\\\" target=\\\"_blank\\\" rel=\\\"noopener\\\">Innbyggerr\\u00e5dgivning<\\\/a><\\\/li>\\n<li><a href=\\\"https:\\\/\\\/www.mentalhealth.org.uk\\\/\\\" target=\\\"_blank\\\" rel=\\\"noopener\\\">Stiftelsen Mental Helse<\\\/a><\\\/li>\\n<li><a href=\\\"https:\\\/\\\/www.mind.org.uk\\\/\\\" target=\\\"_blank\\\" rel=\\\"noopener\\\">MENN<\\\/a><\\\/li>\\n<li><a href=\\\"https:\\\/\\\/nationaldebtline.org\\\/\\\" target=\\\"_blank\\\" rel=\\\"noopener\\\">Nasjonal gjeldstelefon<\\\/a><\\\/li>\\n<li><a href=\\\"https:\\\/\\\/www.stepchange.org\\\/\\\" target=\\\"_blank\\\" rel=\\\"noopener\\\">Trinnendring<\\\/a><\\\/li>\\n<li><a href=\\\"https:\\\/\\\/www.alzheimers.org.uk\\\/\\\" target=\\\"_blank\\\" rel=\\\"noopener\\\">Alzheimers samfunn<\\\/a><\\\/li>\\n<li><a href=\\\"https:\\\/\\\/www.rnib.org.uk\\\/\\\" target=\\\"_blank\\\" rel=\\\"noopener\\\">Royal National Institute of Blind People (RNIB)<\\\/a><\\\/li>\\n<li><a style=\\\"background-color: #ffffff;\\\" href=\\\"https:\\\/\\\/rnid.org.uk\\\/\\\" target=\\\"_blank\\\" rel=\\\"noopener\\\">Handling mot h\\u00f8rselstap (RNID)<\\\/a><\\\/li>\\n<\\\/ul>\\n\"}}]\n      }\n      <\/script>\n","protected":false},"excerpt":{"rendered":"<p>&nbsp;<\/p>\n","protected":false},"author":75,"featured_media":0,"parent":17853,"menu_order":0,"comment_status":"closed","ping_status":"closed","template":"","meta":{"_acf_changed":false,"inline_featured_image":false,"sticky_cta_settings":"","footnotes":""},"asset_type":[],"class_list":["post-320583","page","type-page","status-publish","hentry"],"acf":[],"yoast_head":"<title>Vanlige sp\u00f8rsm\u00e5l om kundes\u00e5rbarhet | eToro<\/title>\n<meta name=\"description\" content=\"Finn ut om kundes\u00e5rbarhet, eToros praksis for \u00e5 st\u00f8tte s\u00e5rbare kunder og andre eksterne ressurser for \u00e5 finne hjelp\" \/>\n<meta name=\"robots\" content=\"index, follow, max-snippet:-1, max-image-preview:large, max-video-preview:-1\" \/>\n<link rel=\"canonical\" href=\"https:\/\/www.etoro.com\/nb-no\/wp-json\/wp\/v2\/pages\/320583\" \/>\n<meta property=\"og:locale\" content=\"nn_NO\" \/>\n<meta property=\"og:type\" content=\"article\" \/>\n<meta property=\"og:title\" content=\"Vanlige sp\u00f8rsm\u00e5l om kundes\u00e5rbarhet | eToro\" \/>\n<meta property=\"og:description\" content=\"Finn ut om kundes\u00e5rbarhet, eToros praksis for \u00e5 st\u00f8tte s\u00e5rbare kunder og andre eksterne ressurser for \u00e5 finne hjelp\" \/>\n<meta property=\"og:url\" content=\"https:\/\/www.etoro.com\/nb-no\/wp-json\/wp\/v2\/pages\/320583\" \/>\n<meta property=\"og:site_name\" content=\"eToro\" \/>\n<meta property=\"article:publisher\" content=\"https:\/\/www.facebook.com\/eToro\/\" \/>\n<meta property=\"article:modified_time\" content=\"2022-01-30T14:16:25+00:00\" \/>\n<meta property=\"og:image\" content=\"https:\/\/www.etoro.com\/wp-content\/uploads\/2019\/12\/etoro_logo_social_share1.png\" \/>\n\t<meta property=\"og:image:width\" content=\"240\" \/>\n\t<meta property=\"og:image:height\" content=\"240\" \/>\n\t<meta property=\"og:image:type\" content=\"image\/png\" \/>\n<meta name=\"twitter:card\" content=\"summary_large_image\" \/>\n<meta name=\"twitter:site\" content=\"@eToro\" \/>\n<meta name=\"twitter:label1\" content=\"Est. reading time\" \/>\n\t<meta name=\"twitter:data1\" content=\"1 minute\" \/>\n<script type=\"application\/ld+json\" class=\"yoast-schema-graph\">{\"@context\":\"https:\/\/schema.org\",\"@graph\":[{\"@type\":\"WebPage\",\"@id\":\"https:\/\/www.etoro.com\/nb-no\/customer-service\/vulnerability-program\/\",\"url\":\"https:\/\/www.etoro.com\/nb-no\/customer-service\/vulnerability-program\/\",\"name\":\"Vanlige sp\u00f8rsm\u00e5l om kundes\u00e5rbarhet | eToro\",\"isPartOf\":{\"@id\":\"https:\/\/www.etoro.com\/nb-no\/#website\"},\"datePublished\":\"2022-01-25T08:03:47+00:00\",\"dateModified\":\"2022-01-30T14:16:25+00:00\",\"description\":\"Finn ut om kundes\u00e5rbarhet, eToros praksis for \u00e5 st\u00f8tte s\u00e5rbare kunder og andre eksterne ressurser for \u00e5 finne hjelp\",\"breadcrumb\":{\"@id\":\"https:\/\/www.etoro.com\/nb-no\/customer-service\/vulnerability-program\/#breadcrumb\"},\"inLanguage\":\"no\",\"potentialAction\":[{\"@type\":\"ReadAction\",\"target\":[\"https:\/\/www.etoro.com\/nb-no\/customer-service\/vulnerability-program\/\"]}]},{\"@type\":\"BreadcrumbList\",\"@id\":\"https:\/\/www.etoro.com\/nb-no\/customer-service\/vulnerability-program\/#breadcrumb\",\"itemListElement\":[{\"@type\":\"ListItem\",\"position\":1,\"name\":\"Hjem\",\"item\":\"https:\/\/www.etoro.com\/nb-no\/\"},{\"@type\":\"ListItem\",\"position\":2,\"name\":\"KUNDESERVICE\",\"item\":\"https:\/\/www.etoroasia.com.cn\/nb-no\/customer-service\/\"},{\"@type\":\"ListItem\",\"position\":3,\"name\":\"S\u00e5rbare kunder\"}]},{\"@type\":\"WebSite\",\"@id\":\"https:\/\/www.etoro.com\/nb-no\/#website\",\"url\":\"https:\/\/www.etoro.com\/nb-no\/\",\"name\":\"eToro\",\"description\":\"\",\"publisher\":{\"@id\":\"https:\/\/www.etoro.com\/nb-no\/#organization\"},\"potentialAction\":[{\"@type\":\"SearchAction\",\"target\":{\"@type\":\"EntryPoint\",\"urlTemplate\":\"https:\/\/www.etoro.com\/nb-no\/?s={search_term_string}\"},\"query-input\":{\"@type\":\"PropertyValueSpecification\",\"valueRequired\":true,\"valueName\":\"search_term_string\"}}],\"inLanguage\":\"no\"},[]]}<\/script>","yoast_head_json":{"title":"Vanlige sp\u00f8rsm\u00e5l om kundes\u00e5rbarhet | eToro","description":"Finn ut om kundes\u00e5rbarhet, eToros praksis for \u00e5 st\u00f8tte s\u00e5rbare kunder og andre eksterne ressurser for \u00e5 finne hjelp","robots":{"index":"index","follow":"follow","max-snippet":"max-snippet:-1","max-image-preview":"max-image-preview:large","max-video-preview":"max-video-preview:-1"},"canonical":"https:\/\/www.etoro.com\/nb-no\/wp-json\/wp\/v2\/pages\/320583","og_locale":"nn_NO","og_type":"article","og_title":"Vanlige sp\u00f8rsm\u00e5l om kundes\u00e5rbarhet | eToro","og_description":"Finn ut om kundes\u00e5rbarhet, eToros praksis for \u00e5 st\u00f8tte s\u00e5rbare kunder og andre eksterne ressurser for \u00e5 finne hjelp","og_url":"https:\/\/www.etoro.com\/nb-no\/wp-json\/wp\/v2\/pages\/320583","og_site_name":"eToro","article_publisher":"https:\/\/www.facebook.com\/eToro\/","article_modified_time":"2022-01-30T14:16:25+00:00","og_image":[{"width":240,"height":240,"url":"https:\/\/www.etoro.com\/wp-content\/uploads\/2019\/12\/etoro_logo_social_share1.png","type":"image\/png"}],"twitter_card":"summary_large_image","twitter_site":"@eToro","twitter_misc":{"Est. reading time":"1 minute"},"schema":{"@context":"https:\/\/schema.org","@graph":[{"@type":"WebPage","@id":"https:\/\/www.etoro.com\/nb-no\/customer-service\/vulnerability-program\/","url":"https:\/\/www.etoro.com\/nb-no\/customer-service\/vulnerability-program\/","name":"Vanlige sp\u00f8rsm\u00e5l om kundes\u00e5rbarhet | eToro","isPartOf":{"@id":"https:\/\/www.etoro.com\/nb-no\/#website"},"datePublished":"2022-01-25T08:03:47+00:00","dateModified":"2022-01-30T14:16:25+00:00","description":"Finn ut om kundes\u00e5rbarhet, eToros praksis for \u00e5 st\u00f8tte s\u00e5rbare kunder og andre eksterne ressurser for \u00e5 finne hjelp","breadcrumb":{"@id":"https:\/\/www.etoro.com\/nb-no\/customer-service\/vulnerability-program\/#breadcrumb"},"inLanguage":"no","potentialAction":[{"@type":"ReadAction","target":["https:\/\/www.etoro.com\/nb-no\/customer-service\/vulnerability-program\/"]}]},{"@type":"BreadcrumbList","@id":"https:\/\/www.etoro.com\/nb-no\/customer-service\/vulnerability-program\/#breadcrumb","itemListElement":[{"@type":"ListItem","position":1,"name":"Hjem","item":"https:\/\/www.etoro.com\/nb-no\/"},{"@type":"ListItem","position":2,"name":"KUNDESERVICE","item":"https:\/\/www.etoroasia.com.cn\/nb-no\/customer-service\/"},{"@type":"ListItem","position":3,"name":"S\u00e5rbare kunder"}]},{"@type":"WebSite","@id":"https:\/\/www.etoro.com\/nb-no\/#website","url":"https:\/\/www.etoro.com\/nb-no\/","name":"eToro","description":"","publisher":{"@id":"https:\/\/www.etoro.com\/nb-no\/#organization"},"potentialAction":[{"@type":"SearchAction","target":{"@type":"EntryPoint","urlTemplate":"https:\/\/www.etoro.com\/nb-no\/?s={search_term_string}"},"query-input":{"@type":"PropertyValueSpecification","valueRequired":true,"valueName":"search_term_string"}}],"inLanguage":"no"},[]]}},"_links":{"self":[{"href":"https:\/\/www.etoro.com\/nb-no\/wp-json\/wp\/v2\/pages\/320583"}],"collection":[{"href":"https:\/\/www.etoro.com\/nb-no\/wp-json\/wp\/v2\/pages"}],"about":[{"href":"https:\/\/www.etoro.com\/nb-no\/wp-json\/wp\/v2\/types\/page"}],"author":[{"embeddable":true,"href":"https:\/\/www.etoro.com\/nb-no\/wp-json\/wp\/v2\/users\/75"}],"replies":[{"embeddable":true,"href":"https:\/\/www.etoro.com\/nb-no\/wp-json\/wp\/v2\/comments?post=320583"}],"version-history":[{"count":0,"href":"https:\/\/www.etoro.com\/nb-no\/wp-json\/wp\/v2\/pages\/320583\/revisions"}],"up":[{"embeddable":true,"href":"https:\/\/www.etoro.com\/nb-no\/wp-json\/wp\/v2\/pages\/17853"}],"wp:attachment":[{"href":"https:\/\/www.etoro.com\/nb-no\/wp-json\/wp\/v2\/media?parent=320583"}],"wp:term":[{"taxonomy":"asset_type","embeddable":true,"href":"https:\/\/www.etoro.com\/nb-no\/wp-json\/wp\/v2\/asset_type?post=320583"}],"curies":[{"name":"wp","href":"https:\/\/api.w.org\/{rel}","templated":true}]}}