{"id":323764,"date":"2021-12-09T12:45:02","date_gmt":"2021-12-09T10:45:02","guid":{"rendered":"https:\/\/www.etoro.com\/crypto\/coin-transfer\/"},"modified":"2026-02-26T15:49:15","modified_gmt":"2026-02-26T13:49:15","slug":"coin-transfer","status":"publish","type":"page","link":"https:\/\/www.etoro.com\/nb-no\/crypto\/coin-transfer\/","title":{"rendered":"Moving Cryptoassets to your eToro Money crypto wallet"},"content":{"rendered":"<p>Her er andre merknader du b\u00f8r ha i tankene n\u00e5r du overf\u00f8rer krypto til kryptolommeboken din.<\/p>\n","protected":false},"excerpt":{"rendered":"<p>Her er andre merknader du b\u00f8r ha i tankene n\u00e5r du overf\u00f8rer krypto til kryptolommeboken din.<\/p>\n","protected":false},"author":75,"featured_media":0,"parent":128885,"menu_order":0,"comment_status":"closed","ping_status":"closed","template":"flexible-template.php","meta":{"_acf_changed":false,"inline_featured_image":false,"sticky_cta_settings":"","footnotes":""},"asset_type":[],"class_list":["post-323764","page","type-page","status-publish","hentry"],"acf":[],"yoast_head":"<title>Flytt krypto fra eToro til din eToro Money-kryptolommebok<\/title>\n<meta name=\"description\" content=\"Overf\u00f8r kryptoen din fra eToro-investeringsappen til kryptolommeboken din for eToro Money, og send\/motta mynter til og fra enhver tredjeparts digital lommebok.\" \/>\n<meta name=\"robots\" content=\"index, follow, max-snippet:-1, max-image-preview:large, max-video-preview:-1\" \/>\n<link rel=\"canonical\" href=\"https:\/\/www.etoro.com\/nb-no\/wp-json\/wp\/v2\/pages\/323764\" \/>\n<meta property=\"og:locale\" content=\"nn_NO\" \/>\n<meta property=\"og:type\" content=\"article\" \/>\n<meta property=\"og:title\" content=\"Flytt krypto fra eToro til din eToro Money-kryptolommebok\" \/>\n<meta property=\"og:description\" content=\"Overf\u00f8r kryptoen din fra eToro-investeringsappen til kryptolommeboken din for eToro Money, og send\/motta mynter til og fra enhver tredjeparts digital lommebok.\" \/>\n<meta property=\"og:url\" content=\"https:\/\/www.etoro.com\/nb-no\/wp-json\/wp\/v2\/pages\/323764\" \/>\n<meta property=\"og:site_name\" content=\"eToro\" \/>\n<meta property=\"article:publisher\" content=\"https:\/\/www.facebook.com\/eToro\/\" \/>\n<meta property=\"article:modified_time\" content=\"2026-02-26T13:49:15+00:00\" \/>\n<meta property=\"og:image\" content=\"https:\/\/www.etoro.com\/wp-content\/uploads\/2019\/12\/etoro_logo_social_share1.png\" \/>\n\t<meta property=\"og:image:width\" content=\"240\" \/>\n\t<meta property=\"og:image:height\" content=\"240\" \/>\n\t<meta property=\"og:image:type\" content=\"image\/png\" \/>\n<meta name=\"twitter:card\" content=\"summary_large_image\" \/>\n<meta name=\"twitter:site\" content=\"@eToro\" \/>\n<meta name=\"twitter:label1\" content=\"Est. reading time\" \/>\n\t<meta name=\"twitter:data1\" content=\"1 minute\" \/>\n<script type=\"application\/ld+json\" class=\"yoast-schema-graph\">{\"@context\":\"https:\/\/schema.org\",\"@graph\":[{\"@type\":\"WebPage\",\"@id\":\"https:\/\/www.etoro.com\/nb-no\/crypto\/coin-transfer\/\",\"url\":\"https:\/\/www.etoro.com\/nb-no\/crypto\/coin-transfer\/\",\"name\":\"Flytt krypto fra eToro til din eToro Money-kryptolommebok\",\"isPartOf\":{\"@id\":\"https:\/\/www.etoro.com\/nb-no\/#website\"},\"datePublished\":\"2021-12-09T10:45:02+00:00\",\"dateModified\":\"2026-02-26T13:49:15+00:00\",\"description\":\"Overf\u00f8r kryptoen din fra eToro-investeringsappen til kryptolommeboken din for eToro Money, og send\/motta mynter til og fra enhver tredjeparts digital lommebok.\",\"breadcrumb\":{\"@id\":\"https:\/\/www.etoro.com\/nb-no\/crypto\/coin-transfer\/#breadcrumb\"},\"inLanguage\":\"no\",\"potentialAction\":[{\"@type\":\"ReadAction\",\"target\":[\"https:\/\/www.etoro.com\/nb-no\/crypto\/coin-transfer\/\"]}]},{\"@type\":\"BreadcrumbList\",\"@id\":\"https:\/\/www.etoro.com\/nb-no\/crypto\/coin-transfer\/#breadcrumb\",\"itemListElement\":[{\"@type\":\"ListItem\",\"position\":1,\"name\":\"Hjem\",\"item\":\"https:\/\/www.etoro.com\/nb-no\/\"},{\"@type\":\"ListItem\",\"position\":2,\"name\":\"All krypto p\u00e5 ett sted\",\"item\":\"https:\/\/www.etoro.com\/nb-no\/crypto\/\"},{\"@type\":\"ListItem\",\"position\":3,\"name\":\"Moving Cryptoassets to your eToro Money crypto wallet\"}]},{\"@type\":\"WebSite\",\"@id\":\"https:\/\/www.etoro.com\/nb-no\/#website\",\"url\":\"https:\/\/www.etoro.com\/nb-no\/\",\"name\":\"eToro\",\"description\":\"\",\"publisher\":{\"@id\":\"https:\/\/www.etoro.com\/nb-no\/#organization\"},\"potentialAction\":[{\"@type\":\"SearchAction\",\"target\":{\"@type\":\"EntryPoint\",\"urlTemplate\":\"https:\/\/www.etoro.com\/nb-no\/?s={search_term_string}\"},\"query-input\":{\"@type\":\"PropertyValueSpecification\",\"valueRequired\":true,\"valueName\":\"search_term_string\"}}],\"inLanguage\":\"no\"},[]]}<\/script>","yoast_head_json":{"title":"Flytt krypto fra eToro til din eToro Money-kryptolommebok","description":"Overf\u00f8r kryptoen din fra eToro-investeringsappen til kryptolommeboken din for eToro Money, og send\/motta mynter til og fra enhver tredjeparts digital lommebok.","robots":{"index":"index","follow":"follow","max-snippet":"max-snippet:-1","max-image-preview":"max-image-preview:large","max-video-preview":"max-video-preview:-1"},"canonical":"https:\/\/www.etoro.com\/nb-no\/wp-json\/wp\/v2\/pages\/323764","og_locale":"nn_NO","og_type":"article","og_title":"Flytt krypto fra eToro til din eToro Money-kryptolommebok","og_description":"Overf\u00f8r kryptoen din fra eToro-investeringsappen til kryptolommeboken din for eToro Money, og send\/motta mynter til og fra enhver tredjeparts digital lommebok.","og_url":"https:\/\/www.etoro.com\/nb-no\/wp-json\/wp\/v2\/pages\/323764","og_site_name":"eToro","article_publisher":"https:\/\/www.facebook.com\/eToro\/","article_modified_time":"2026-02-26T13:49:15+00:00","og_image":[{"width":240,"height":240,"url":"https:\/\/www.etoro.com\/wp-content\/uploads\/2019\/12\/etoro_logo_social_share1.png","type":"image\/png"}],"twitter_card":"summary_large_image","twitter_site":"@eToro","twitter_misc":{"Est. reading time":"1 minute"},"schema":{"@context":"https:\/\/schema.org","@graph":[{"@type":"WebPage","@id":"https:\/\/www.etoro.com\/nb-no\/crypto\/coin-transfer\/","url":"https:\/\/www.etoro.com\/nb-no\/crypto\/coin-transfer\/","name":"Flytt krypto fra eToro til din eToro Money-kryptolommebok","isPartOf":{"@id":"https:\/\/www.etoro.com\/nb-no\/#website"},"datePublished":"2021-12-09T10:45:02+00:00","dateModified":"2026-02-26T13:49:15+00:00","description":"Overf\u00f8r kryptoen din fra eToro-investeringsappen til kryptolommeboken din for eToro Money, og send\/motta mynter til og fra enhver tredjeparts digital lommebok.","breadcrumb":{"@id":"https:\/\/www.etoro.com\/nb-no\/crypto\/coin-transfer\/#breadcrumb"},"inLanguage":"no","potentialAction":[{"@type":"ReadAction","target":["https:\/\/www.etoro.com\/nb-no\/crypto\/coin-transfer\/"]}]},{"@type":"BreadcrumbList","@id":"https:\/\/www.etoro.com\/nb-no\/crypto\/coin-transfer\/#breadcrumb","itemListElement":[{"@type":"ListItem","position":1,"name":"Hjem","item":"https:\/\/www.etoro.com\/nb-no\/"},{"@type":"ListItem","position":2,"name":"All krypto p\u00e5 ett sted","item":"https:\/\/www.etoro.com\/nb-no\/crypto\/"},{"@type":"ListItem","position":3,"name":"Moving Cryptoassets to your eToro Money crypto wallet"}]},{"@type":"WebSite","@id":"https:\/\/www.etoro.com\/nb-no\/#website","url":"https:\/\/www.etoro.com\/nb-no\/","name":"eToro","description":"","publisher":{"@id":"https:\/\/www.etoro.com\/nb-no\/#organization"},"potentialAction":[{"@type":"SearchAction","target":{"@type":"EntryPoint","urlTemplate":"https:\/\/www.etoro.com\/nb-no\/?s={search_term_string}"},"query-input":{"@type":"PropertyValueSpecification","valueRequired":true,"valueName":"search_term_string"}}],"inLanguage":"no"},[]]}},"_links":{"self":[{"href":"https:\/\/www.etoro.com\/nb-no\/wp-json\/wp\/v2\/pages\/323764"}],"collection":[{"href":"https:\/\/www.etoro.com\/nb-no\/wp-json\/wp\/v2\/pages"}],"about":[{"href":"https:\/\/www.etoro.com\/nb-no\/wp-json\/wp\/v2\/types\/page"}],"author":[{"embeddable":true,"href":"https:\/\/www.etoro.com\/nb-no\/wp-json\/wp\/v2\/users\/75"}],"replies":[{"embeddable":true,"href":"https:\/\/www.etoro.com\/nb-no\/wp-json\/wp\/v2\/comments?post=323764"}],"version-history":[{"count":0,"href":"https:\/\/www.etoro.com\/nb-no\/wp-json\/wp\/v2\/pages\/323764\/revisions"}],"up":[{"embeddable":true,"href":"https:\/\/www.etoro.com\/nb-no\/wp-json\/wp\/v2\/pages\/128885"}],"wp:attachment":[{"href":"https:\/\/www.etoro.com\/nb-no\/wp-json\/wp\/v2\/media?parent=323764"}],"wp:term":[{"taxonomy":"asset_type","embeddable":true,"href":"https:\/\/www.etoro.com\/nb-no\/wp-json\/wp\/v2\/asset_type?post=323764"}],"curies":[{"name":"wp","href":"https:\/\/api.w.org\/{rel}","templated":true}]}}