{"id":33417,"date":"2022-05-26T11:26:21","date_gmt":"2022-05-26T08:26:21","guid":{"rendered":"http:\/\/www.etoro.com\/trading\/professional\/"},"modified":"2025-11-02T15:27:43","modified_gmt":"2025-11-02T13:27:43","slug":"professional","status":"publish","type":"page","link":"https:\/\/www.etoro.com\/nb-no\/trading\/professional\/","title":{"rendered":"Professional Account"},"content":{"rendered":"\n<div class=\"wp-block-etoro-half-cover has-white-background-color\">\n<div class=\"wp-block-etoro-half-cover-left\"><p id=\"breadcrumbs\" class=\"gray-dark\"><span><span><a href=\"https:\/\/www.etoro.com\/nb-no\/\">Hjem<\/a><\/span><\/span><\/p>\n<h1 class=\"wp-block-heading is-style-banner-title\">Profesjonell <strong style=\"background-color: var(--wp--preset--color--white); display: inline !important;\">KONTO<\/strong><\/h1>\n\n\n\n<p>Hvis du kvalifiserer for profesjonell kundestatus, kan kontoen v\u00e5r for erfarne tradere v\u00e6re noe for deg<\/p>\n<\/div>\n\n\n\n<div class=\"wp-block-etoro-half-cover-right\">\n<img decoding=\"async\" src=\"https:\/\/www.etoro.com\/wp-content\/uploads\/2025\/02\/Pro-Account.png\" alt=\"\" class=\"wp-block-etoro-half-cover-media\"\/><img decoding=\"async\" src=\"https:\/\/www.etoro.com\/wp-content\/uploads\/2024\/12\/Pro-Account.png\" alt=\"\" class=\"wp-block-etoro-half-cover-media-desktop\"\/><img decoding=\"async\" src=\"https:\/\/www.etoro.com\/wp-content\/uploads\/2024\/12\/Pro-Account-1.png\" alt=\"\" class=\"wp-block-etoro-half-cover-media-tablet\"\/><img decoding=\"async\" src=\"https:\/\/www.etoro.com\/wp-content\/uploads\/2024\/12\/Pro-Account-1.png\" alt=\"\" class=\"wp-block-etoro-half-cover-media-mobile\"\/>\n<\/div>\n<\/div>\n\n\n\n<section class=\"wp-block-group wp-block-group-boxed has-white-background-color has-background\"><div class=\"wp-block-group-inner is-layout-flow wp-block-group-is-layout-flow\">\n<div class=\"wp-block-columns are-vertically-aligned-top wp-block-columns-1 is-layout-flex wp-container-core-columns-is-layout-1 wp-block-columns-is-layout-flex\">\n<div class=\"wp-block-column is-layout-flow wp-block-column-is-layout-flow\">\n<p class=\"has-text-align-center\">En eToro kunde som oppfyller visse kriterier, kan velge \u00e5 bli profesjonell kunde. Dette er en regulatorisk status tilgjengelig for erfarne investorer og finansielle fagfolk som har lov til \u00e5 bruke mer avanserte strategier for \u00e5 administrere sine portef\u00f8ljer.<\/p>\n<\/div>\n<\/div>\n<\/div><\/section>\n\n\n\n<section class=\"wp-block-group wp-block-group-boxed\"><div class=\"wp-block-group-inner is-layout-flow wp-block-group-is-layout-flow\">\n<div class=\"wp-block-columns are-vertically-aligned-top wp-block-columns-1 is-layout-flex wp-container-core-columns-is-layout-2 wp-block-columns-is-layout-flex\">\n<div class=\"wp-block-column is-layout-flow wp-block-column-is-layout-flow\">\n<h3 class=\"wp-block-heading has-text-align-center\"><strong>For \u00e5 kvalifisere deg m\u00e5 du kunne svare ja<\/strong><br>p\u00e5 minst to av f\u00f8lgende tre sp\u00f8rsm\u00e5l:<\/h3>\n\n\n\n<p class=\"has-text-align-center\"><\/p>\n<\/div>\n<\/div>\n\n\n\n<div class=\"wp-block-columns are-vertically-aligned-top wp-block-columns-3 is-layout-flex wp-container-core-columns-is-layout-3 wp-block-columns-is-layout-flex\">\n<div class=\"wp-block-column is-layout-flow wp-block-column-is-layout-flow\">\n<div class=\"wp-block-etoro-card wp-block-etoro-card-size-small wp-block-etoro-card-thumbnail-position-above wp-block-etoro-card-default\"><img decoding=\"async\" src=\"https:\/\/www.etoro.com\/wp-content\/uploads\/2024\/03\/Number-1.png\" alt=\"\" class=\"wp-block-etoro-card-thumbnail\"\/><div class=\"wp-block-etoro-card-body\"><div class=\"wp-block-etoro-card-content\">\n<p>Har du gjennomf\u00f8rt transaksjoner, i betydelig st\u00f8rrelse, p\u00e5 det aktuelle markedet med en gjennomsnittlig frekvens p\u00e5 10 stk. per kvartal i l\u00f8pet av de fire foreg\u00e5ende kvartalene?<\/p>\n<\/div><\/div><\/div>\n<\/div>\n\n\n\n<div class=\"wp-block-column is-layout-flow wp-block-column-is-layout-flow\">\n<div class=\"wp-block-etoro-card wp-block-etoro-card-size-small wp-block-etoro-card-thumbnail-position-above wp-block-etoro-card-default\"><img decoding=\"async\" src=\"https:\/\/www.etoro.com\/wp-content\/uploads\/2024\/03\/Number-2.png\" alt=\"\" class=\"wp-block-etoro-card-thumbnail\"\/><div class=\"wp-block-etoro-card-body\"><div class=\"wp-block-etoro-card-content\">\n<p>Overstiger verdien av din investeringsportef\u00f8lje \u20ac 500 000?<\/p>\n<\/div><\/div><\/div>\n<\/div>\n\n\n\n<div class=\"wp-block-column is-layout-flow wp-block-column-is-layout-flow\">\n<div class=\"wp-block-etoro-card wp-block-etoro-card-size-small wp-block-etoro-card-thumbnail-position-above wp-block-etoro-card-default\"><img decoding=\"async\" src=\"https:\/\/www.etoro.com\/wp-content\/uploads\/2024\/03\/Number-3.png\" alt=\"\" class=\"wp-block-etoro-card-thumbnail\"\/><div class=\"wp-block-etoro-card-body\"><div class=\"wp-block-etoro-card-content\">\n<p>Har du jobbet i finanssektoren hos en profesjonell akt\u00f8r i minst ett \u00e5r, noe som krever kunnskap om transaksjonene eller tjenestene man ser for seg?<\/p>\n<\/div><\/div><\/div>\n<\/div>\n<\/div>\n\n\n\n<div class=\"wp-block-buttons is-content-justification-center is-layout-flex wp-container-core-buttons-is-layout-1 wp-block-buttons-is-layout-flex\">\n<a id=\"eligible\" class=\"e-cta e-cta-primary\" href=\"#\">Er kvalifisert<\/a>\n\n\n\n<a class=\"e-cta e-cta-primary-bordered\" href=\"https:\/\/www.etoro.com\/nb-no\/customer-service\/regulation-license\/entities\/\">Er ikke kvalifisert<\/a>\n<\/div>\n\n\n\n<p class=\"has-text-align-center is-style-disclaimer\">Vennligst merk: Bare kunder som er registrert hos eToro UK (i henhold til FCA-regulering) og eToro EU (i henhold til CySEC-regulering) kan s\u00f8ke om profesjonell kundestatus.<\/p>\n<\/div><\/section>\n\n\n\n<section class=\"wp-block-group wp-block-group-boxed hidden has-dark-blue-background-color has-background\" id=\"eligibility\"><div class=\"wp-block-group-inner is-layout-flow wp-block-group-is-layout-flow\">\n<div class=\"wp-block-columns are-vertically-aligned-center wp-block-columns-2 is-layout-flex wp-container-core-columns-is-layout-4 wp-block-columns-is-layout-flex\">\n<div class=\"wp-block-column is-layout-flow wp-block-column-is-layout-flow\">\n<h2 class=\"wp-block-heading\"><strong>Viktig informasjon \u00e5 merke seg<\/strong> <span>for profesjonelle kunder:<\/span><\/h2>\n\n\n\n<ul class=\"wp-block-list wp-block-list wp-block-list-circle\">\n<li>Profesjonelle kunder har ikke rett til ICF-kompensasjon.<\/li>\n\n\n\n<li>Beskyttelse mot negativ saldo er ikke tilgjengelig for profesjonelle kontoer. Tap kan overstige innskudd.<\/li>\n\n\n\n<li>Vi forventer at profesjonelle kunder har et visst niv\u00e5 av kunnskap og forst\u00e5else av risikoen forbundet med handel med komplekse finansielle produkter og gjennomf\u00f8ring av transaksjoner.<\/li>\n<\/ul>\n<\/div>\n\n\n\n<div class=\"wp-block-column is-layout-flow wp-block-column-is-layout-flow\">\n<figure class=\"wp-block-image size-full\"><img loading=\"lazy\" decoding=\"async\" width=\"586\" height=\"400\" src=\"https:\/\/www.etoro.com\/wp-content\/uploads\/2022\/05\/professional-client.jpg\" alt=\"\" class=\"wp-image-388441 wp-image-desktop\" srcset=\"https:\/\/www.etoro.com\/wp-content\/uploads\/2022\/05\/professional-client.jpg 586w, https:\/\/www.etoro.com\/wp-content\/uploads\/2022\/05\/professional-client-300x205.jpg 300w\" sizes=\"(max-width: 586px) 100vw, 586px\" \/><\/figure>\n<\/div>\n<\/div>\n<\/div><\/section>\n\n\n\n<section class=\"wp-block-group wp-block-group-boxed hidden has-white-background-color has-background\"><div class=\"wp-block-group-inner is-layout-flow wp-block-group-is-layout-flow\">\n<div class=\"wp-block-columns are-vertically-aligned-top wp-block-columns-1 is-layout-flex wp-container-core-columns-is-layout-5 wp-block-columns-is-layout-flex\">\n<div class=\"wp-block-column is-layout-flow wp-block-column-is-layout-flow\">\n<h2 class=\"wp-block-heading has-text-align-center\">Du kan s\u00f8ke om \u00e5 f\u00e5 status <strong>som profesjonell kunde<\/strong><\/h2>\n\n\n\n<p class=\"has-text-align-center\">Vi vil bli p\u00e5lagt \u00e5 vurdere din egnethet f\u00f8r vi kvalifiserer deg som profesjonell kunde. Fortsett med s\u00f8knadsprosessen:<\/p>\n\n\n\n<div class=\"wp-block-buttons is-content-justification-center is-layout-flex wp-container-core-buttons-is-layout-2 wp-block-buttons-is-layout-flex\">\n<a class=\"e-cta e-cta-primary\" href=\"https:\/\/www.etoro.com\/nb-no\/settings\/compliance\/esma\/highleverage\">S\u00f8k n\u00e5<\/a>\n\n\n\n<a class=\"e-cta e-cta-primary-bordered\" href=\"https:\/\/www.etoro.com\/nb-no\/accounts\/sign-up\">Registrer deg f\u00f8rst<\/a>\n<\/div>\n<\/div>\n<\/div>\n<\/div><\/section>\n\n\n\n<section class=\"wp-block-group wp-block-group-boxed hidden has-dark-blue-background-color has-background\"><div class=\"wp-block-group-inner is-layout-flow wp-block-group-is-layout-flow\">\n<div class=\"wp-block-columns are-vertically-aligned-top wp-block-columns-1 is-layout-flex wp-container-core-columns-is-layout-6 wp-block-columns-is-layout-flex\">\n<div class=\"wp-block-column is-layout-flow wp-block-column-is-layout-flow\">\n<h2 class=\"wp-block-heading has-text-align-center\">Bli en eToro profesjonell kunde<\/h2>\n<\/div>\n<\/div>\n\n\n\n<div class=\"wp-block-columns are-vertically-aligned-top wp-block-columns-3 is-layout-flex wp-container-core-columns-is-layout-7 wp-block-columns-is-layout-flex\">\n<div class=\"wp-block-column is-layout-flow wp-block-column-is-layout-flow\">\n<div class=\"wp-block-etoro-card wp-block-etoro-card-size-small wp-block-etoro-card-thumbnail-position-above wp-block-etoro-card-default\"><img decoding=\"async\" src=\"https:\/\/www.etoro.com\/wp-content\/uploads\/2022\/05\/increased-leverage.svg\" alt=\"\u00d8kt giring\" class=\"wp-block-etoro-card-thumbnail\"\/><div class=\"wp-block-etoro-card-body\"><div class=\"wp-block-etoro-card-title\">\u00d8kt giring<\/div><div class=\"wp-block-etoro-card-content\">\n<p>F\u00e5 tilgang til et h\u00f8yere giringsniv\u00e5 for alle aktiva (se tabell nedenfor)<\/p>\n<\/div><\/div><\/div>\n<\/div>\n\n\n\n<div class=\"wp-block-column is-layout-flow wp-block-column-is-layout-flow\">\n<div class=\"wp-block-etoro-card wp-block-etoro-card-size-small wp-block-etoro-card-thumbnail-position-above wp-block-etoro-card-default\"><img decoding=\"async\" src=\"https:\/\/www.etoro.com\/wp-content\/uploads\/2022\/05\/leveraged-crypto-trading.svg\" alt=\"Giret kryptohandel\" class=\"wp-block-etoro-card-thumbnail\"\/><div class=\"wp-block-etoro-card-body\"><div class=\"wp-block-etoro-card-title\">Giret kryptohandel<\/div><div class=\"wp-block-etoro-card-content\">\n<p>Tradere med h\u00f8yt volum kan nyte rabatter p\u00e5 sine handler<\/p>\n<\/div><\/div><\/div>\n<\/div>\n\n\n\n<div class=\"wp-block-column is-layout-flow wp-block-column-is-layout-flow\">\n<div class=\"wp-block-etoro-card wp-block-etoro-card-size-small wp-block-etoro-card-thumbnail-position-above wp-block-etoro-card-default\"><img decoding=\"async\" src=\"https:\/\/www.etoro.com\/wp-content\/uploads\/2022\/05\/volume-based-rebate.svg\" alt=\"Volumbasert rabatt\" class=\"wp-block-etoro-card-thumbnail\"\/><div class=\"wp-block-etoro-card-body\"><div class=\"wp-block-etoro-card-title\">Volumbasert rabatt<\/div><div class=\"wp-block-etoro-card-content\">\n<p>Tradere med h\u00f8yt volum kan nyte rabatter p\u00e5 sine handler<\/p>\n<\/div><\/div><\/div>\n<\/div>\n<\/div>\n\n\n\n<div class=\"wp-block-columns are-vertically-aligned-top wp-block-columns-2 is-layout-flex wp-container-core-columns-is-layout-8 wp-block-columns-is-layout-flex\">\n<div class=\"wp-block-column is-layout-flow wp-block-column-is-layout-flow\">\n<div class=\"wp-block-etoro-card wp-block-etoro-card-size-small wp-block-etoro-card-thumbnail-position-above wp-block-etoro-card-default\"><img decoding=\"async\" src=\"https:\/\/www.etoro.com\/wp-content\/uploads\/2022\/05\/get-paid-for-referrals.svg\" alt=\"F\u00e5 betalt for henvisninger\" class=\"wp-block-etoro-card-thumbnail\"\/><div class=\"wp-block-etoro-card-body\"><div class=\"wp-block-etoro-card-title\">F\u00e5 betalt for henvisninger<\/div><div class=\"wp-block-etoro-card-content\">\n<p>Inviter venner og familie til \u00e5 bli med i eToro og motta en bonus<\/p>\n<\/div><\/div><\/div>\n<\/div>\n\n\n\n<div class=\"wp-block-column is-layout-flow wp-block-column-is-layout-flow\">\n<div class=\"wp-block-etoro-card wp-block-etoro-card-size-small wp-block-etoro-card-thumbnail-position-above wp-block-etoro-card-default\"><img decoding=\"async\" src=\"https:\/\/www.etoro.com\/wp-content\/uploads\/2022\/05\/exclusive-events.svg\" alt=\"Eksklusive arrangementer\" class=\"wp-block-etoro-card-thumbnail\"\/><div class=\"wp-block-etoro-card-body\"><div class=\"wp-block-etoro-card-title\">Eksklusive arrangementer<\/div><div class=\"wp-block-etoro-card-content\">\n<p>V\u00e6r v\u00e5r gjest p\u00e5 eksklusive arrangementer, bare for profesjonelle kunder<\/p>\n<\/div><\/div><\/div>\n<\/div>\n<\/div>\n<\/div><\/section>\n\n\n\n<section class=\"wp-block-group wp-block-group-boxed hidden\"><div class=\"wp-block-group-inner is-layout-flow wp-block-group-is-layout-flow\">\n<div class=\"wp-block-columns are-vertically-aligned-top wp-block-columns-1 is-layout-flex wp-container-core-columns-is-layout-9 wp-block-columns-is-layout-flex\">\n<div class=\"wp-block-column is-layout-flow wp-block-column-is-layout-flow\">\n<figure class=\"wp-block-table\"><div class=\"wp-block-table-content\"><div class=\"wp-block-table-content-nav wp-block-table-content-nav-left\"><div class=\"wp-block-table-content-nav-arrow wp-block-table-content-nav-arrow-left\"><\/div><\/div><div class=\"wp-block-table-content-nav wp-block-table-content-nav-right\"><div class=\"wp-block-table-content-nav-arrow wp-block-table-content-nav-arrow-right\"><\/div><\/div><div class=\"wp-block-table-content-table\"><table class=\"has-fixed-layout\"><thead><tr><th><strong>Instrument<\/strong><\/th><th>Pro Account Leverage<\/th><\/tr><\/thead><tbody><tr><td>Valuta<\/td><td>400<\/td><\/tr><tr><td>Indekser<\/td><td>100<\/td><\/tr><tr><td>R\u00e5varer<\/td><td>100<\/td><\/tr><tr><td>Aksjer<\/td><td>10<\/td><\/tr><tr><td>Krypto<\/td><td>5<\/td><\/tr><\/tbody><\/table><\/div><\/div><\/figure>\n<\/div>\n<\/div>\n\n\n\n<div class=\"wp-block-buttons is-content-justification-center is-layout-flex wp-container-core-buttons-is-layout-3 wp-block-buttons-is-layout-flex\">\n<a class=\"e-cta e-cta-primary\" href=\"https:\/\/www.etoro.com\/nb-no\/settings\/compliance\/esma\/highleverage\">S\u00f8k n\u00e5<\/a>\n\n\n\n<a class=\"e-cta e-cta-primary\" href=\"https:\/\/www.etoro.com\/nb-no\/accounts\/sign-up\">Registrer deg f\u00f8rst<\/a>\n<\/div>\n<\/div><\/section>\n\n\n\n<section class=\"wp-block-group wp-block-group-boxed has-white-background-color has-background\"><div class=\"wp-block-group-inner is-layout-flow wp-block-group-is-layout-flow\">\n<div class=\"wp-block-columns are-vertically-aligned-top wp-block-columns-1 is-layout-flex wp-container-core-columns-is-layout-10 wp-block-columns-is-layout-flex\">\n<div class=\"wp-block-column is-layout-flow wp-block-column-is-layout-flow\">\n<h2 class=\"wp-block-heading has-text-align-center\">Ofte stilte sp\u00f8rsm\u00e5l<\/h2>\n<\/div>\n<\/div>\n\n\n\n<dl class=\"wp-block-etoro-faq\">\n<div class=\"wp-block-etoro-faq-item\"><dt class=\"wp-block-etoro-faq-item-question\">Hva er forskjellen mellom en privat kunde og en profesjonell kunde?<\/dt><dd class=\"wp-block-etoro-faq-item-answer\">\n<p>En privat kunde er underlagt flere begrensninger enn en profesjonell kunde, men mottar mer beskyttelse p\u00e5 grunn av lovverket. En profesjonell kunde kan bli utsatt for h\u00f8yere risiko og m\u00e5 derfor handle med st\u00f8rre ansvar og ansvarlighet, men f\u00e5r tilgang til flere funksjoner enn en privat kunde.<\/p>\n\n\n\n<p>For \u00e5 forst\u00e5 den fullstendige juridiske beskrivelsen av kundekategorisering, kan du g\u00e5 til&nbsp;<a href=\"https:\/\/www.etoro.com\/nb-no\/customer-service\/regulation-license\/\">siden for eToro-forskrifter<\/a>&nbsp;og se delen \u201cKategorisering av kunder\u201d.<\/p>\n<\/dd><\/div>\n\n\n\n<div class=\"wp-block-etoro-faq-item\"><dt class=\"wp-block-etoro-faq-item-question\">Hva skjer hvis jeg ikke kvalifiserer for profesjonell kundestatus?<\/dt><dd class=\"wp-block-etoro-faq-item-answer\">\n<p>Du beholder statusen som privat kunde, som er standard status for alle eToro-brukere.<\/p>\n\n\n\n<p>Privat kunder f\u00e5r tilgang til alle v\u00e5re handelsmidler og kan handle b\u00e5de manuelt eller via Copy Trade (med forbehold om egnethet). Utnyttelsen til privat kunder er imidlertid begrenset. Privat kunder mottar visse beskyttelser som dekning av Investor Compensation Fund og regress til Financial Ombudsman Service. Videre f\u00e5r de negativ balansebeskyttelse og marginavslutningsbegrensninger.<\/p>\n<\/dd><\/div>\n\n\n\n<div class=\"wp-block-etoro-faq-item\"><dt class=\"wp-block-etoro-faq-item-question\">Trenger jeg en eToro privat kundekonto f\u00f8r jeg kan s\u00f8ke om en profesjonell kundekonto?<\/dt><dd class=\"wp-block-etoro-faq-item-answer\">\n<p>Ja. Du m\u00e5 f\u00f8rst&nbsp;<a href=\"https:\/\/www.etoro.com\/nb-no\/accounts\/sign-up\">\u00e5pne en standard eToro-konto<\/a>&nbsp;f\u00f8r du s\u00f8ker om status som profesjonell kunde. Hvis du allerede har en konto hos oss og har sjekket om du er kvalifisert, kan du s\u00f8ke om profesjonell kundestatus umiddelbart.<\/p>\n<\/dd><\/div>\n<\/dl>\n<\/div><\/section>\n","protected":false},"excerpt":{"rendered":"<p>En eToro kunde som oppfyller visse kriterier, kan velge \u00e5 bli profesjonell kunde. Dette er en regulatorisk status tilgjengelig for erfarne investorer og finansielle fagfolk som har lov til \u00e5 bruke mer avanserte strategier for \u00e5 administrere sine portef\u00f8ljer. For \u00e5 kvalifisere deg m\u00e5 du kunne svare jap\u00e5 minst to av f\u00f8lgende tre sp\u00f8rsm\u00e5l: Vennligst&hellip;<\/p>\n","protected":false},"author":50,"featured_media":468214,"parent":18388,"menu_order":0,"comment_status":"closed","ping_status":"closed","template":"","meta":{"_acf_changed":true,"inline_featured_image":false,"sticky_cta_settings":"","footnotes":""},"asset_type":[6601],"class_list":["post-33417","page","type-page","status-publish","has-post-thumbnail","hentry","asset_type-is-cfd"],"acf":[],"yoast_head":"<title>Er du kvalifisert for profesjonell kundestatus?<\/title>\n<meta name=\"description\" content=\"Finn ut om v\u00e5r konto for erfarne tradere og finanseksperter er noe for deg, og om du kvalifiseres til \u00e5 bruke avanserte strategier i din portef\u00f8lje\" \/>\n<meta name=\"robots\" content=\"index, follow, max-snippet:-1, max-image-preview:large, max-video-preview:-1\" \/>\n<link rel=\"canonical\" href=\"https:\/\/www.etoro.com\/nb-no\/wp-json\/wp\/v2\/pages\/33417\" \/>\n<meta property=\"og:locale\" content=\"nn_NO\" \/>\n<meta property=\"og:type\" content=\"article\" \/>\n<meta property=\"og:title\" content=\"Er du kvalifisert for profesjonell kundestatus?\" \/>\n<meta property=\"og:description\" content=\"Finn ut om v\u00e5r konto for erfarne tradere og finanseksperter er noe for deg, og om du kvalifiseres til \u00e5 bruke avanserte strategier i din portef\u00f8lje\" \/>\n<meta property=\"og:url\" content=\"https:\/\/www.etoro.com\/nb-no\/wp-json\/wp\/v2\/pages\/33417\" \/>\n<meta property=\"og:site_name\" content=\"eToro\" \/>\n<meta property=\"article:publisher\" content=\"https:\/\/www.facebook.com\/eToro\/\" \/>\n<meta property=\"article:modified_time\" content=\"2025-11-02T13:27:43+00:00\" \/>\n<meta property=\"og:image\" content=\"https:\/\/www.etoro.com\/wp-content\/uploads\/2022\/07\/Cover-Mobile-NO.png\" \/>\n\t<meta property=\"og:image:width\" content=\"375\" \/>\n\t<meta property=\"og:image:height\" content=\"160\" \/>\n\t<meta property=\"og:image:type\" content=\"image\/png\" \/>\n<meta name=\"twitter:card\" content=\"summary_large_image\" \/>\n<meta name=\"twitter:image\" content=\"https:\/\/www.etoro.com\/wp-content\/uploads\/2022\/07\/Cover-Mobile-NO.png\" \/>\n<meta name=\"twitter:site\" content=\"@eToro\" \/>\n<meta name=\"twitter:label1\" content=\"Est. reading time\" \/>\n\t<meta name=\"twitter:data1\" content=\"3 minutes\" \/>\n<script type=\"application\/ld+json\" class=\"yoast-schema-graph\">{\"@context\":\"https:\/\/schema.org\",\"@graph\":[{\"@type\":\"WebPage\",\"@id\":\"https:\/\/www.etoro.com\/nb-no\/trading\/professional\/\",\"url\":\"https:\/\/www.etoro.com\/nb-no\/trading\/professional\/\",\"name\":\"Er du kvalifisert for profesjonell kundestatus?\",\"isPartOf\":{\"@id\":\"https:\/\/www.etoro.com\/nb-no\/#website\"},\"primaryImageOfPage\":{\"@id\":\"https:\/\/www.etoro.com\/nb-no\/trading\/professional\/#primaryimage\"},\"image\":{\"@id\":\"https:\/\/www.etoro.com\/nb-no\/trading\/professional\/#primaryimage\"},\"thumbnailUrl\":\"https:\/\/www.etoro.com\/wp-content\/uploads\/2022\/08\/Professional-client_Social_EN.png\",\"datePublished\":\"2022-05-26T08:26:21+00:00\",\"dateModified\":\"2025-11-02T13:27:43+00:00\",\"description\":\"Finn ut om v\u00e5r konto for erfarne tradere og finanseksperter er noe for deg, og om du kvalifiseres til \u00e5 bruke avanserte strategier i din portef\u00f8lje\",\"breadcrumb\":{\"@id\":\"https:\/\/www.etoro.com\/nb-no\/trading\/professional\/#breadcrumb\"},\"inLanguage\":\"no\",\"potentialAction\":[{\"@type\":\"ReadAction\",\"target\":[\"https:\/\/www.etoro.com\/nb-no\/trading\/professional\/\"]}]},{\"@type\":\"ImageObject\",\"inLanguage\":\"no\",\"@id\":\"https:\/\/www.etoro.com\/nb-no\/trading\/professional\/#primaryimage\",\"url\":\"https:\/\/www.etoro.com\/wp-content\/uploads\/2022\/08\/Professional-client_Social_EN.png\",\"contentUrl\":\"https:\/\/www.etoro.com\/wp-content\/uploads\/2022\/08\/Professional-client_Social_EN.png\",\"width\":1200,\"height\":630,\"caption\":\"Pro account\"},{\"@type\":\"BreadcrumbList\",\"@id\":\"https:\/\/www.etoro.com\/nb-no\/trading\/professional\/#breadcrumb\",\"itemListElement\":[{\"@type\":\"ListItem\",\"position\":1,\"name\":\"Hjem\",\"item\":\"https:\/\/www.etoro.com\/nb-no\/\"},{\"@type\":\"ListItem\",\"position\":2,\"name\":\"TRADING\",\"item\":\"https:\/\/www.etoro.com\/nb-no\/trading\/\"},{\"@type\":\"ListItem\",\"position\":3,\"name\":\"Professional Account\"}]},{\"@type\":\"WebSite\",\"@id\":\"https:\/\/www.etoro.com\/nb-no\/#website\",\"url\":\"https:\/\/www.etoro.com\/nb-no\/\",\"name\":\"eToro\",\"description\":\"\",\"publisher\":{\"@id\":\"https:\/\/www.etoro.com\/nb-no\/#organization\"},\"potentialAction\":[{\"@type\":\"SearchAction\",\"target\":{\"@type\":\"EntryPoint\",\"urlTemplate\":\"https:\/\/www.etoro.com\/nb-no\/?s={search_term_string}\"},\"query-input\":{\"@type\":\"PropertyValueSpecification\",\"valueRequired\":true,\"valueName\":\"search_term_string\"}}],\"inLanguage\":\"no\"},[]]}<\/script>","yoast_head_json":{"title":"Er du kvalifisert for profesjonell kundestatus?","description":"Finn ut om v\u00e5r konto for erfarne tradere og finanseksperter er noe for deg, og om du kvalifiseres til \u00e5 bruke avanserte strategier i din portef\u00f8lje","robots":{"index":"index","follow":"follow","max-snippet":"max-snippet:-1","max-image-preview":"max-image-preview:large","max-video-preview":"max-video-preview:-1"},"canonical":"https:\/\/www.etoro.com\/nb-no\/wp-json\/wp\/v2\/pages\/33417","og_locale":"nn_NO","og_type":"article","og_title":"Er du kvalifisert for profesjonell kundestatus?","og_description":"Finn ut om v\u00e5r konto for erfarne tradere og finanseksperter er noe for deg, og om du kvalifiseres til \u00e5 bruke avanserte strategier i din portef\u00f8lje","og_url":"https:\/\/www.etoro.com\/nb-no\/wp-json\/wp\/v2\/pages\/33417","og_site_name":"eToro","article_publisher":"https:\/\/www.facebook.com\/eToro\/","article_modified_time":"2025-11-02T13:27:43+00:00","og_image":[{"width":375,"height":160,"url":"https:\/\/www.etoro.com\/wp-content\/uploads\/2022\/07\/Cover-Mobile-NO.png","type":"image\/png"}],"twitter_card":"summary_large_image","twitter_image":"https:\/\/www.etoro.com\/wp-content\/uploads\/2022\/07\/Cover-Mobile-NO.png","twitter_site":"@eToro","twitter_misc":{"Est. reading time":"3 minutes"},"schema":{"@context":"https:\/\/schema.org","@graph":[{"@type":"WebPage","@id":"https:\/\/www.etoro.com\/nb-no\/trading\/professional\/","url":"https:\/\/www.etoro.com\/nb-no\/trading\/professional\/","name":"Er du kvalifisert for profesjonell kundestatus?","isPartOf":{"@id":"https:\/\/www.etoro.com\/nb-no\/#website"},"primaryImageOfPage":{"@id":"https:\/\/www.etoro.com\/nb-no\/trading\/professional\/#primaryimage"},"image":{"@id":"https:\/\/www.etoro.com\/nb-no\/trading\/professional\/#primaryimage"},"thumbnailUrl":"https:\/\/www.etoro.com\/wp-content\/uploads\/2022\/08\/Professional-client_Social_EN.png","datePublished":"2022-05-26T08:26:21+00:00","dateModified":"2025-11-02T13:27:43+00:00","description":"Finn ut om v\u00e5r konto for erfarne tradere og finanseksperter er noe for deg, og om du kvalifiseres til \u00e5 bruke avanserte strategier i din portef\u00f8lje","breadcrumb":{"@id":"https:\/\/www.etoro.com\/nb-no\/trading\/professional\/#breadcrumb"},"inLanguage":"no","potentialAction":[{"@type":"ReadAction","target":["https:\/\/www.etoro.com\/nb-no\/trading\/professional\/"]}]},{"@type":"ImageObject","inLanguage":"no","@id":"https:\/\/www.etoro.com\/nb-no\/trading\/professional\/#primaryimage","url":"https:\/\/www.etoro.com\/wp-content\/uploads\/2022\/08\/Professional-client_Social_EN.png","contentUrl":"https:\/\/www.etoro.com\/wp-content\/uploads\/2022\/08\/Professional-client_Social_EN.png","width":1200,"height":630,"caption":"Pro account"},{"@type":"BreadcrumbList","@id":"https:\/\/www.etoro.com\/nb-no\/trading\/professional\/#breadcrumb","itemListElement":[{"@type":"ListItem","position":1,"name":"Hjem","item":"https:\/\/www.etoro.com\/nb-no\/"},{"@type":"ListItem","position":2,"name":"TRADING","item":"https:\/\/www.etoro.com\/nb-no\/trading\/"},{"@type":"ListItem","position":3,"name":"Professional Account"}]},{"@type":"WebSite","@id":"https:\/\/www.etoro.com\/nb-no\/#website","url":"https:\/\/www.etoro.com\/nb-no\/","name":"eToro","description":"","publisher":{"@id":"https:\/\/www.etoro.com\/nb-no\/#organization"},"potentialAction":[{"@type":"SearchAction","target":{"@type":"EntryPoint","urlTemplate":"https:\/\/www.etoro.com\/nb-no\/?s={search_term_string}"},"query-input":{"@type":"PropertyValueSpecification","valueRequired":true,"valueName":"search_term_string"}}],"inLanguage":"no"},[]]}},"_links":{"self":[{"href":"https:\/\/www.etoro.com\/nb-no\/wp-json\/wp\/v2\/pages\/33417"}],"collection":[{"href":"https:\/\/www.etoro.com\/nb-no\/wp-json\/wp\/v2\/pages"}],"about":[{"href":"https:\/\/www.etoro.com\/nb-no\/wp-json\/wp\/v2\/types\/page"}],"author":[{"embeddable":true,"href":"https:\/\/www.etoro.com\/nb-no\/wp-json\/wp\/v2\/users\/50"}],"replies":[{"embeddable":true,"href":"https:\/\/www.etoro.com\/nb-no\/wp-json\/wp\/v2\/comments?post=33417"}],"version-history":[{"count":0,"href":"https:\/\/www.etoro.com\/nb-no\/wp-json\/wp\/v2\/pages\/33417\/revisions"}],"up":[{"embeddable":true,"href":"https:\/\/www.etoro.com\/nb-no\/wp-json\/wp\/v2\/pages\/18388"}],"wp:featuredmedia":[{"embeddable":true,"href":"https:\/\/www.etoro.com\/nb-no\/wp-json\/wp\/v2\/media\/468214"}],"wp:attachment":[{"href":"https:\/\/www.etoro.com\/nb-no\/wp-json\/wp\/v2\/media?parent=33417"}],"wp:term":[{"taxonomy":"asset_type","embeddable":true,"href":"https:\/\/www.etoro.com\/nb-no\/wp-json\/wp\/v2\/asset_type?post=33417"}],"curies":[{"name":"wp","href":"https:\/\/api.w.org\/{rel}","templated":true}]}}