{"id":414462,"date":"2022-05-12T18:08:17","date_gmt":"2022-05-12T15:08:17","guid":{"rendered":"https:\/\/www.etoro.com\/trading\/short-selling\/"},"modified":"2024-08-19T15:34:19","modified_gmt":"2024-08-19T12:34:19","slug":"short-selling","status":"publish","type":"page","link":"https:\/\/www.etoro.com\/nb-no\/trading\/short-selling\/","title":{"rendered":"Hva er shortsalg og\u00a0hvordan fungerer det?"},"content":{"rendered":"\n<p class=\"is-style-summary\">Shortsalg av finansielle instrumenter som aksjer, valutaer og r\u00e5varer, kan gj\u00f8re det mulig for tradere \u00e5 tjene penger selv n\u00e5r kursen p\u00e5 det finansielle instrumentet g\u00e5r ned.<\/p>\n\n\n\n<p class=\"is-style-summary\">For investorer kan det \u00e5 utarbeide en shortsalgstrategi v\u00e6re et godt alternativ n\u00e5r man investerer i markedene, men det er ulike risikoer knyttet til shorting. I denne artikkelen kan du l\u00e6re mer om hva det betyr \u00e5 shorte et finansielt instrument &nbsp; og forskjellen mellom en long- og short-posisjon.<\/p>\n\n\n\n<hr class=\"wp-block-separator wp-block-separator-color-dark-grey wp-block-separator-spaces-medium wp-block-separator-weight-1\"\/>\n\n\n\n<p>Det en rekke faktorer \u00e5 vurdere ved shortsalg, dette inkluderer ulike <strong>risikoelementer<\/strong>. Derfor er det verdt det \u00e5 bruke litt tid p\u00e5 \u00e5 f\u00e5 en bedre forst\u00e5else av hva shortsalg inneb\u00e6rer, og samtidig stille sp\u00f8rsm\u00e5let: Hva er shorting av en aksje?<\/p>\n\n\n\n<figure class=\"wp-block-image size-large\"><a href=\"https:\/\/www.etoro.com\/nb-no\/markets\/sivbq\/stats\"><img loading=\"lazy\" decoding=\"async\" width=\"1024\" height=\"540\" src=\"https:\/\/www.etoro.com\/wp-content\/uploads\/2023\/07\/Body-Image-1_-What-Does-Shorting-a-Stock-Mean-1-1024x540.png\" alt=\"\" class=\"wp-image-642981 wp-image-desktop\" srcset=\"https:\/\/www.etoro.com\/wp-content\/uploads\/2023\/07\/Body-Image-1_-What-Does-Shorting-a-Stock-Mean-1-1024x540.png 1024w, https:\/\/www.etoro.com\/wp-content\/uploads\/2023\/07\/Body-Image-1_-What-Does-Shorting-a-Stock-Mean-1-300x158.png 300w, https:\/\/www.etoro.com\/wp-content\/uploads\/2023\/07\/Body-Image-1_-What-Does-Shorting-a-Stock-Mean-1-768x405.png 768w, https:\/\/www.etoro.com\/wp-content\/uploads\/2023\/07\/Body-Image-1_-What-Does-Shorting-a-Stock-Mean-1-1536x810.png 1536w, https:\/\/www.etoro.com\/wp-content\/uploads\/2023\/07\/Body-Image-1_-What-Does-Shorting-a-Stock-Mean-1.png 1572w\" sizes=\"(max-width: 1024px) 100vw, 1024px\" \/><\/a><\/figure>\n\n\n\n<p>Kilde: <a href=\"https:\/\/www.etoro.com\/nb-no\/markets\/sivbq\/stats\">eToro<\/a><\/p>\n\n\n\n<h2 class=\"wp-block-heading\">Hva betyr det \u00e5 shorte en aksje?&nbsp;<\/h2>\n\n\n\n<p>Sagt p\u00e5 en enkel m\u00e5te inneb\u00e6rer <strong>shorting av finansielle instrumenter&nbsp; \u00e5 selge instrumentetdersom du tror det vil falle i verdi. Form\u00e5let er \u00e5 kj\u00f8pe det tilbake til en lavere pris en gang i fremtiden.<\/strong> For \u00e5 illustrere hvordan shorting av aksjer fungerer kan det v\u00e6re hensiktsmessig \u00e5 bruke et nylig eksempel fra finansmarkedene.<\/p>\n\n\n\n<p><a href=\"https:\/\/www.dn.no\/marked\/silicon-valley-bank\/usa\/first-citizens-kjoper-silicon-valley-bank\/2-1-1426080\" target=\"_blank\" rel=\"noreferrer noopener\"><strong>Silicon Valley Bank havnet i nyhetsbildet<\/strong><\/a><strong> tidligere i \u00e5r.<\/strong> I januar 2022 ble aksjen (aksjesymbol <a href=\"https:\/\/www.etoro.com\/nb-no\/markets\/sivbq\">SVB)<\/a> handlet til rundt 447 dollar per aksje. Ulike \u00f8konomiske forhold, og da s\u00e6rlig den dramatiske \u00f8kningen i renteniv\u00e5et de siste par \u00e5rene p\u00e5virket selskapets forretningsmodell, og fikk aksjekursen til \u00e5 falle.&nbsp;<\/p>\n\n\n\n<p>I mars 2023 gikk banken konkurs, og den var <strong>f\u00f8lgelig betydelig mindre verdt enn den var bare noen m\u00e5neder tidligere<\/strong>.<\/p>\n\n\n\n<p><strong>Du hadde tjent penger dersom du hadde shortet SVB-aksjen i januar 2022<\/strong>. Du hadde l\u00e5nt aksjen til en relativt sett h\u00f8yere pris, og kj\u00f8pt den til en lavere pris. Samtidig ville strategien ha medf\u00f8rt tap dersom prisen hadde steget.&nbsp;<\/p>\n\n\n\n<p><strong>Shortsalg-strategier inneb\u00e6rer dermed \u00e5 pr\u00f8ve \u00e5 oppdage trading-muligheter som den som er illustrert over. <\/strong>Og ved shortsalg er inngangsprisen der du selger noe, og utgangsprisen der du kj\u00f8per eiendelen tilbake.<\/p>\n\n\n\n<div class=\"wp-block-etoro-tip wp-block-etoro-tip-border-yellow\"><span class=\"wp-block-etoro-tip-icon\"><\/span><div class=\"wp-block-etoro-tip-text\">\n<p><strong>Tips:<\/strong> Akkurat som med long-posisjoner, vil avkastningen p\u00e5 short-posisjonene dine bestemmes av differansen mellom inngangs- og utgangspunktet for handelen din.&nbsp;<\/p>\n<\/div><\/div>\n\n\n\n<h2 class=\"wp-block-heading\">Hvordan fungerer shortsalg?<\/h2>\n\n\n\n<p>I faktisk trading <strong>gj\u00f8res shortsalg ved \u00e5 finne et finansielt instrument p\u00e5 din foretrukne plattform for trading, og deretter klikke p\u00e5 \u00abselg\u00bb i stedet for \u00abkj\u00f8p\u00bb.<\/strong> N\u00e5r du har gjort handelen vil du tjene penger hvis prisen faller, og oppleve et tap hvis prisen stiger.<\/p>\n\n\n\n<p>I dag er den mest popul\u00e6re metoden for shortsalg \u00e5 bruke s\u00e5kalte \u00abContracts for Difference\u00bb (\u00abCFD-er\u00bb). CFD-er gir deg mulighet til \u00e5 selge en eiendel som du ikke eier. Dette er mulig fordi \u00abkontrakten\u00bb er med megleren din. Partene blir enige om \u00e5 betale hverandre \u00abdifferansen\u00bb fra prisbevegelsen.<\/p>\n\n\n\n<div class=\"wp-block-etoro-tip wp-block-etoro-tip-border-yellow\"><span class=\"wp-block-etoro-tip-icon\"><\/span><div class=\"wp-block-etoro-tip-text\">\n<p><strong>Tips:<\/strong> Det er verdt \u00e5 trene med en <a href=\"https:\/\/www.etoro.com\/nb-no\/trading\/demo-account\/\">demo-konto<\/a> f\u00f8rst for de som synes shortsalg h\u00f8res ut som en interessant strategi. Det \u00e5 bruke litt tid p\u00e5 dette gir deg en bedre forst\u00e5else av de ulike aspektene ved shortsalg.<\/p>\n<\/div><\/div>\n\n\n\n<h2 class=\"wp-block-heading\">Forskjellen mellom long- og short-posisjoner<\/h2>\n\n\n\n<p>Hovedforskjellen mellom long- og short-posisjoner er at investorer vil tjene penger hvis prisen p\u00e5 en eiendel stiger ved en long-posisjon, mens det motsatte er tilfelle for en short-posisjon.<strong> Prosessene er for \u00f8vrig veldig like.<\/strong><\/p>\n\n\n\n<p>Det er imidlertid viktig \u00e5 ta hensyn til flere faktorer. En stor del av investorene i finansmarkedene er langsiktige investorer. Ofte benytter disse investorene seg av det som p\u00e5 engelsk kalles <strong>buy-and-hold<\/strong> tiln\u00e6rming.&nbsp;<\/p>\n\n\n\n<div class=\"wp-block-etoro-tip wp-block-etoro-tip-border-yellow\"><span class=\"wp-block-etoro-tip-icon\"><\/span><div class=\"wp-block-etoro-tip-text\">\n<p><strong>Tips:<\/strong> Hvis du vurderer \u00e5 <a href=\"https:\/\/naob.no\/ordbok\/shortsalg\" target=\"_blank\" rel=\"noreferrer noopener\">shorte<\/a> <a href=\"https:\/\/www.etoro.com\/discover\/markets\/stocks\">aksjer<\/a> eller andre aktiva, er det viktig at du er klar over at potensielle tap p\u00e5 short-posisjoner er ubegrensede. Dette er tilfelle fordi det ikke er noen reell grense for hvor h\u00f8yt kursen p\u00e5 en eiendel kan g\u00e5.<\/p>\n<\/div><\/div>\n\n\n\n<p>Tap p\u00e5 long-posisjoner er derimot begrenset til <strong>kapitalbel\u00f8pet<\/strong> du investerer, da kursen p\u00e5 en aksje ikke kan g\u00e5 lavere enn null.<\/p>\n\n\n\n<p>Historiske data antyder at enkelte <strong>aktivaklasser<\/strong>, s\u00e6rlig aksjer, har en tendens til gradvis \u00e5 \u00f8ke i verdi over tid. Husk imidlertid at det vil v\u00e6re perioder n\u00e5r aksjekurser faller. Dette er viktige momenter som m\u00e5 vurderes og risikovurderes dersom du \u00f8nsker \u00e5 benytte deg av shortsalg.<\/p>\n\n\n\n<div class=\"wp-block-etoro-emphasis wp-block-etoro-emphasis-border-green\">\n<p>\u00c5 selge short gj\u00f8r det ogs\u00e5 mulig for investorer \u00e5 styre risiko, diversifisere en portef\u00f8lje og sikre posisjoner, men det b\u00f8r bemerkes at shortsalg kan v\u00e6re et tilbud med h\u00f8y risiko og avkastning.<\/p>\n<\/div>\n\n\n\n<figure class=\"wp-block-image size-full\"><img loading=\"lazy\" decoding=\"async\" width=\"756\" height=\"400\" src=\"https:\/\/www.etoro.com\/wp-content\/uploads\/2023\/07\/Body-Image-2_-Difference-Between-Long-and-Short-Positions-1.png\" alt=\"\" class=\"wp-image-643002 wp-image-desktop\" srcset=\"https:\/\/www.etoro.com\/wp-content\/uploads\/2023\/07\/Body-Image-2_-Difference-Between-Long-and-Short-Positions-1.png 756w, https:\/\/www.etoro.com\/wp-content\/uploads\/2023\/07\/Body-Image-2_-Difference-Between-Long-and-Short-Positions-1-300x159.png 300w\" sizes=\"(max-width: 756px) 100vw, 756px\" \/><\/figure>\n\n\n\n<h2 class=\"wp-block-heading\">Hvordan utvikle en shortsalg-strategi<\/h2>\n\n\n\n<p>Shortsalg er et verkt\u00f8y som kan brukes til \u00e5 <strong>balansere avkastningen i en portef\u00f8lje<\/strong>, og redusere den samlede risikoen ved \u00e5 fungere som en sikring (p\u00e5 engelsk en \u00abhedge\u00bb).<strong>&nbsp;<\/strong><\/p>\n\n\n\n<p>Vurder hvordan en markedsn\u00f8ytral<strong> <\/strong>long- eller short-strategi fungerer. De fleste erfarne investorer vil sannsynligvis <strong>foreta analyser og anta at en aksje er en bedre langsiktig kandidat sammenlignet med en annen.<\/strong><strong>&nbsp;<\/strong><\/p>\n\n\n\n<p>Du kan for eksempel foretrekke <a href=\"https:\/\/www.etoro.com\/nb-no\/markets\/aapl\">Apple Inc<\/a>  fremfor <a href=\"https:\/\/www.etoro.com\/nb-no\/markets\/msft\">Microsoft Corp<\/a>, og <a href=\"https:\/\/www.etoro.com\/nb-no\/markets\/shel.l\">Shell Plc<\/a>  fremfor <a href=\"https:\/\/www.etoro.com\/nb-no\/markets\/bp.l\">BP Plc<\/a>. <strong>Dersom du begrenset tiln\u00e6rmingen din til bare long-strategier, ville du sannsynligvis kj\u00f8pe AAPL og SHEL-aksjer fremfor de to andre aksjene.&nbsp;<\/strong><\/p>\n\n\n\n<p>Hvis du derimot satset p\u00e5 en <strong>long-short-strategi<\/strong>, vil du vurdere \u00e5 shorte MSFT og BP og samtidig kj\u00f8pe AAPL og SHEL. I dette tilfelle vil nettoavkastningen v\u00e6re summen av avkastningen p\u00e5 alle de fire handlene. Denne strategien vil v\u00e6re s\u00e5kalt markedsn\u00f8ytral, og avkastningen din vil v\u00e6re basert p\u00e5 den relative prestasjonen til hver posisjon du tar.<\/p>\n\n\n\n<div class=\"wp-block-etoro-tip wp-block-etoro-tip-border-yellow\"><span class=\"wp-block-etoro-tip-icon\"><\/span><div class=\"wp-block-etoro-tip-text\">\n<p><strong>Tips: <\/strong>N\u00e5r du bruker en long-short-strategi, kan du tjene penger i en situasjon hvor alle aksjene i portef\u00f8ljen din, eller markedene generelt, g\u00e5r opp eller ned.&nbsp;<\/p>\n<\/div><\/div>\n\n\n\n<p><strong>I en situasjon hvor alle de fire aksjene stiger i verdi, men Apple og Shell gjorde det bedre enn konkurrentene, ville du fortsatt tjene penger,<\/strong> med gevinsten p\u00e5 disse handlene som motvirker tapene p\u00e5 Microsoft og BP.<\/p>\n\n\n\n<figure class=\"wp-block-image size-full\"><img loading=\"lazy\" decoding=\"async\" width=\"756\" height=\"400\" src=\"https:\/\/www.etoro.com\/wp-content\/uploads\/2023\/07\/Body-Image-3_-How-to-Develop-a-Short-Selling-Strategy-1.png\" alt=\"\" class=\"wp-image-643023 wp-image-desktop\" srcset=\"https:\/\/www.etoro.com\/wp-content\/uploads\/2023\/07\/Body-Image-3_-How-to-Develop-a-Short-Selling-Strategy-1.png 756w, https:\/\/www.etoro.com\/wp-content\/uploads\/2023\/07\/Body-Image-3_-How-to-Develop-a-Short-Selling-Strategy-1-300x159.png 300w\" sizes=\"(max-width: 756px) 100vw, 756px\" \/><\/figure>\n\n\n\n<h2 class=\"wp-block-heading\">Avsluttende tanker<\/h2>\n\n\n\n<p>Det er mer eller mindre en naturlov at markeder kan g\u00e5 opp og ned. Shortsalg er en strategi som tilbyr en m\u00e5te \u00e5 dra nytte av tider der <strong>stemningen blant investorer<\/strong> er fokusert p\u00e5 nedadg\u00e5ende risiko (et <strong>\u00abbearish\u00bb<\/strong>-marked eller \u00abbear market\u00bb p\u00e5 engelsk.) &nbsp;<\/p>\n\n\n\n<p>Shortsalg gir ogs\u00e5 investorer en m\u00e5te \u00e5 styre risiko, diversifisere en portef\u00f8lje og sikre posisjoner. Men husk at at direkte shortsalg kan gi h\u00f8y <strong>risikoavkastning<\/strong>, og b\u00f8r derfor benyttes med forsiktighet.<\/p>\n\n\n\n<p>Finn ut mer om shortsalg-strategier ved \u00e5 g\u00e5 til <a href=\"https:\/\/www.etoro.com\/academy\/\">eToro Academy<\/a>.<\/p>\n\n\n\n<h2 class=\"wp-block-heading\">Ofte stilte sp\u00f8rsm\u00e5l<\/h2>\n\n\n\n<dl class=\"wp-block-etoro-faq\">\n<div class=\"wp-block-etoro-faq-item\"><dt class=\"wp-block-etoro-faq-item-question\">Hva er en \u00abshort squeeze\u00bb?<\/dt><dd class=\"wp-block-etoro-faq-item-answer\">\n<p>Det som p\u00e5 engelsk refereres til som en <a href=\"https:\/\/www.etoro.com\/nb-no\/news-and-analysis\/investing\/what-is-a-short-squeeze\/\">short squeeze<\/a> inneb\u00e6rer at et marked har mye short-interesse, noe som f\u00e5r prisen til \u00e5 stige.&nbsp;<\/p>\n\n\n\n<p>For \u00e5 stenge en short-posisjon m\u00e5 tradere gjennomf\u00f8re en \u00abkj\u00f8ps-trade\u00bb. Dette kan igjen f\u00f8re til at kursen stiger ytterligere, at shortselgere f\u00e5r panikk og dermed stenger posisjonene sine. I denne situasjonen kan det dannes en syklus der kursen fortsetter \u00e5 \u00f8ke, og noen ganger er dette dramatisk.<\/p>\n<\/dd><\/div>\n\n\n\n<div class=\"wp-block-etoro-faq-item\"><dt class=\"wp-block-etoro-faq-item-question\">Hva er trading i par?<\/dt><dd class=\"wp-block-etoro-faq-item-answer\">\n<p>Par-trading er et annet navn for en <a href=\"https:\/\/www.etoro.com\/nb-no\/news-and-analysis\/trading\/long-short-strategy\/\">long-short<\/a>-strategi. Denne strategien inneb\u00e6rer \u00e5 matche en <a href=\"https:\/\/snl.no\/long\" rel=\"nofollow noopener noreferrer\" >long<\/a>-posisjon med en short-posisjon. De to eiendelene vil vanligvis ha en h\u00f8y korrelasjon, og nettoresultatet av handelen er basert p\u00e5 prestasjonen til de to posisjonene.<\/p>\n<\/dd><\/div>\n\n\n\n<div class=\"wp-block-etoro-faq-item\"><dt class=\"wp-block-etoro-faq-item-question\">N\u00e5r m\u00e5 jeg kj\u00f8pe tilbake en short-posisjon?<\/dt><dd class=\"wp-block-etoro-faq-item-answer\">\n<p>Det korte svaret er at det ikke eksisterer standardregler eller type forskrifter for hvor lenge du kan holde en <a href=\"https:\/\/snl.no\/short\" target=\"_blank\" rel=\"noreferrer noopener\">short<\/a>-posisjon. Det kan v\u00e6re at meglere eller en plattform kan ha en maksimal lengde p\u00e5 hvor lenge en short-posisjon kan v\u00e6re \u00e5pen.&nbsp;<\/p>\n\n\n\n<p>Det kan v\u00e6re verdt \u00e5 merke seg at det kan innf\u00f8res ad hoc-restriksjoner p\u00e5 shortsalg i perioder hvor markedene er spesielt urolige. Dette er som regel et fors\u00f8k p\u00e5 \u00e5 gjenopprette stabiliteten i det finansielle systemet.<\/p>\n<\/dd><\/div>\n<\/dl>\n\n\n\n\t\t<style>\n\t\t\t.rtl .etoro-block-shortcode-disclaimer {\n\t\t\t\ttext-align:right;\n\t\t\t}\n\t\t\t.etoro-block-shortcode-disclaimer {\n\t\t\t\tmargin-bottom:18px;\n\t\t\t\ttext-align:left;\n\t\t\t}\n\t\t\t.etoro-block-shortcode-disclaimer p{\n\t\t\t\tfont-size: 12px;\n\t\t\t\tline-height: 18px;\n\t\t\t}\n\t\t\t@media (min-width: 768px) {\n\t\t\t\t.etoro-block-shortcode-disclaimer {\n\t\t\t\t\tmax-width:1176px;\n\t\t\t\t\ttext-align:center;\n\t\t\t\t}\n\t\t\t\t.etoro-block-shortcode-disclaimer p {\n\t\t\t\t\tfont-size: 14px;\n\t\t\t\t\tline-height: 20px;\n\t\t\t\t}\n\t\t\t}\n\t\t<\/style>\n\t\t<div class='etoro-block-shortcode-disclaimer'><p>Denne informasjonen er kun ment for utdanningsform\u00e5l og m\u00e5 ikke tolkes som investeringsr\u00e5dgivning, personlig anbefaling, et tilbud om, eller anmodning om \u00e5 kj\u00f8pe eller selge noen finansielle instrumenter.<\/p>\n<p>Dette materialet er utarbeidet uten hensyn til spesifikke investeringsm\u00e5l eller \u00f8konomisk situasjon, og er ikke utarbeidet i samsvar med de juridiske og regulatoriske kravene for \u00e5 fremme uavhengig studie.<\/p>\n<p><strong>Ikke alle de finansielle instrumentene og tjenestene det refereres til tilbys av eToro<\/strong>, og eventuelle referanser til tidligere resultater for et finansielt instrument, indeks eller et pakket investeringsprodukt er ikke, og b\u00f8r ikke tas som en p\u00e5litelig indikator p\u00e5 fremtidige resultater. <strong>Tilgjengeligheten av alle de ovennevnte produktene og tjenestene kan variere avhengig av jurisdiksjon og land.<\/strong><\/p>\n<p>eToro gir ingen representasjon og p\u00e5tar seg ikke ansvar for n\u00f8yaktigheten eller fullstendigheten av innholdet i denne veiledningen. Forsikre deg om at du forst\u00e5r risikoen ved handel f\u00f8r du plasserer kapital. Aldri risiker mer penger enn du er villig til \u00e5 tape.<\/p>\n<\/div>\n","protected":false},"excerpt":{"rendered":"<p>Shortsalg av finansielle instrumenter som aksjer, valutaer og r\u00e5varer, kan gj\u00f8re det mulig for tradere \u00e5 tjene penger selv n\u00e5r kursen p\u00e5 det finansielle instrumentet g\u00e5r ned. For investorer kan det \u00e5 utarbeide en shortsalgstrategi v\u00e6re et godt alternativ n\u00e5r man investerer i markedene, men det er ulike risikoer knyttet til shorting. I denne artikkelen&hellip;<\/p>\n","protected":false},"author":33,"featured_media":643339,"parent":18388,"menu_order":467,"comment_status":"closed","ping_status":"closed","template":"","meta":{"_acf_changed":false,"inline_featured_image":false,"sticky_cta_settings":"","footnotes":""},"asset_type":[],"class_list":["post-414462","page","type-page","status-publish","has-post-thumbnail","hentry"],"acf":[],"yoast_head":"<title>Forst\u00e5 shortsalg \u2013 Hvordan selge short og hvorfor? | eToro<\/title>\n<meta name=\"description\" content=\"Ved \u00e5 shorte aksjer og andre aktiva kan tradere tjene penger n\u00e5r verdien til en eiendel svekkes. Vi forklarer hvordan du kj\u00f8per \u00ablong\u00bb og selger \u00abshort\u00bb.\" \/>\n<meta name=\"robots\" content=\"index, follow, max-snippet:-1, max-image-preview:large, max-video-preview:-1\" \/>\n<link rel=\"canonical\" href=\"https:\/\/www.etoro.com\/nb-no\/wp-json\/wp\/v2\/pages\/414462\" \/>\n<meta property=\"og:locale\" content=\"nn_NO\" \/>\n<meta property=\"og:type\" content=\"article\" \/>\n<meta property=\"og:title\" content=\"Forst\u00e5 shortsalg \u2013 Hvordan selge short og hvorfor? | eToro\" \/>\n<meta property=\"og:description\" content=\"Ved \u00e5 shorte aksjer og andre aktiva kan tradere tjene penger n\u00e5r verdien til en eiendel svekkes. Vi forklarer hvordan du kj\u00f8per \u00ablong\u00bb og selger \u00abshort\u00bb.\" \/>\n<meta property=\"og:url\" content=\"https:\/\/www.etoro.com\/nb-no\/wp-json\/wp\/v2\/pages\/414462\" \/>\n<meta property=\"og:site_name\" content=\"eToro\" \/>\n<meta property=\"article:publisher\" content=\"https:\/\/www.facebook.com\/eToro\/\" \/>\n<meta property=\"article:modified_time\" content=\"2024-08-19T12:34:19+00:00\" \/>\n<meta property=\"og:image\" content=\"https:\/\/www.etoro.com\/wp-content\/uploads\/2022\/05\/Mobile-short-selling.png\" \/>\n\t<meta property=\"og:image:width\" content=\"375\" \/>\n\t<meta property=\"og:image:height\" content=\"270\" \/>\n\t<meta property=\"og:image:type\" content=\"image\/png\" \/>\n<meta name=\"twitter:card\" content=\"summary_large_image\" \/>\n<meta name=\"twitter:image\" content=\"https:\/\/www.etoro.com\/wp-content\/uploads\/2022\/05\/Mobile-short-selling.png\" \/>\n<meta name=\"twitter:site\" content=\"@eToro\" \/>\n<meta name=\"twitter:label1\" content=\"Est. reading time\" \/>\n\t<meta name=\"twitter:data1\" content=\"9 minutes\" \/>\n<script type=\"application\/ld+json\" class=\"yoast-schema-graph\">{\"@context\":\"https:\/\/schema.org\",\"@graph\":[{\"@type\":\"WebPage\",\"@id\":\"https:\/\/www.etoro.com\/nb-no\/trading\/short-selling\/\",\"url\":\"https:\/\/www.etoro.com\/nb-no\/trading\/short-selling\/\",\"name\":\"Forst\u00e5 shortsalg \u2013 Hvordan selge short og hvorfor? | eToro\",\"isPartOf\":{\"@id\":\"https:\/\/www.etoro.com\/nb-no\/#website\"},\"primaryImageOfPage\":{\"@id\":\"https:\/\/www.etoro.com\/nb-no\/trading\/short-selling\/#primaryimage\"},\"image\":{\"@id\":\"https:\/\/www.etoro.com\/nb-no\/trading\/short-selling\/#primaryimage\"},\"thumbnailUrl\":\"https:\/\/www.etoro.com\/wp-content\/uploads\/2023\/07\/Socials-NO-1.png\",\"datePublished\":\"2022-05-12T15:08:17+00:00\",\"dateModified\":\"2024-08-19T12:34:19+00:00\",\"description\":\"Ved \u00e5 shorte aksjer og andre aktiva kan tradere tjene penger n\u00e5r verdien til en eiendel svekkes. Vi forklarer hvordan du kj\u00f8per \u00ablong\u00bb og selger \u00abshort\u00bb.\",\"breadcrumb\":{\"@id\":\"https:\/\/www.etoro.com\/nb-no\/trading\/short-selling\/#breadcrumb\"},\"inLanguage\":\"no\",\"potentialAction\":[{\"@type\":\"ReadAction\",\"target\":[\"https:\/\/www.etoro.com\/nb-no\/trading\/short-selling\/\"]}]},{\"@type\":\"ImageObject\",\"inLanguage\":\"no\",\"@id\":\"https:\/\/www.etoro.com\/nb-no\/trading\/short-selling\/#primaryimage\",\"url\":\"https:\/\/www.etoro.com\/wp-content\/uploads\/2023\/07\/Socials-NO-1.png\",\"contentUrl\":\"https:\/\/www.etoro.com\/wp-content\/uploads\/2023\/07\/Socials-NO-1.png\",\"width\":1200,\"height\":630},{\"@type\":\"BreadcrumbList\",\"@id\":\"https:\/\/www.etoro.com\/nb-no\/trading\/short-selling\/#breadcrumb\",\"itemListElement\":[{\"@type\":\"ListItem\",\"position\":1,\"name\":\"Hjem\",\"item\":\"https:\/\/www.etoro.com\/nb-no\/\"},{\"@type\":\"ListItem\",\"position\":2,\"name\":\"TRADING\",\"item\":\"https:\/\/www.etoro.com\/nb-no\/trading\/\"},{\"@type\":\"ListItem\",\"position\":3,\"name\":\"Hva er shortsalg og\u00a0hvordan fungerer det?\"}]},{\"@type\":\"WebSite\",\"@id\":\"https:\/\/www.etoro.com\/nb-no\/#website\",\"url\":\"https:\/\/www.etoro.com\/nb-no\/\",\"name\":\"eToro\",\"description\":\"\",\"publisher\":{\"@id\":\"https:\/\/www.etoro.com\/nb-no\/#organization\"},\"potentialAction\":[{\"@type\":\"SearchAction\",\"target\":{\"@type\":\"EntryPoint\",\"urlTemplate\":\"https:\/\/www.etoro.com\/nb-no\/?s={search_term_string}\"},\"query-input\":{\"@type\":\"PropertyValueSpecification\",\"valueRequired\":true,\"valueName\":\"search_term_string\"}}],\"inLanguage\":\"no\"},[]]}<\/script>","yoast_head_json":{"title":"Forst\u00e5 shortsalg \u2013 Hvordan selge short og hvorfor? | eToro","description":"Ved \u00e5 shorte aksjer og andre aktiva kan tradere tjene penger n\u00e5r verdien til en eiendel svekkes. Vi forklarer hvordan du kj\u00f8per \u00ablong\u00bb og selger \u00abshort\u00bb.","robots":{"index":"index","follow":"follow","max-snippet":"max-snippet:-1","max-image-preview":"max-image-preview:large","max-video-preview":"max-video-preview:-1"},"canonical":"https:\/\/www.etoro.com\/nb-no\/wp-json\/wp\/v2\/pages\/414462","og_locale":"nn_NO","og_type":"article","og_title":"Forst\u00e5 shortsalg \u2013 Hvordan selge short og hvorfor? | eToro","og_description":"Ved \u00e5 shorte aksjer og andre aktiva kan tradere tjene penger n\u00e5r verdien til en eiendel svekkes. Vi forklarer hvordan du kj\u00f8per \u00ablong\u00bb og selger \u00abshort\u00bb.","og_url":"https:\/\/www.etoro.com\/nb-no\/wp-json\/wp\/v2\/pages\/414462","og_site_name":"eToro","article_publisher":"https:\/\/www.facebook.com\/eToro\/","article_modified_time":"2024-08-19T12:34:19+00:00","og_image":[{"width":375,"height":270,"url":"https:\/\/www.etoro.com\/wp-content\/uploads\/2022\/05\/Mobile-short-selling.png","type":"image\/png"}],"twitter_card":"summary_large_image","twitter_image":"https:\/\/www.etoro.com\/wp-content\/uploads\/2022\/05\/Mobile-short-selling.png","twitter_site":"@eToro","twitter_misc":{"Est. reading time":"9 minutes"},"schema":{"@context":"https:\/\/schema.org","@graph":[{"@type":"WebPage","@id":"https:\/\/www.etoro.com\/nb-no\/trading\/short-selling\/","url":"https:\/\/www.etoro.com\/nb-no\/trading\/short-selling\/","name":"Forst\u00e5 shortsalg \u2013 Hvordan selge short og hvorfor? | eToro","isPartOf":{"@id":"https:\/\/www.etoro.com\/nb-no\/#website"},"primaryImageOfPage":{"@id":"https:\/\/www.etoro.com\/nb-no\/trading\/short-selling\/#primaryimage"},"image":{"@id":"https:\/\/www.etoro.com\/nb-no\/trading\/short-selling\/#primaryimage"},"thumbnailUrl":"https:\/\/www.etoro.com\/wp-content\/uploads\/2023\/07\/Socials-NO-1.png","datePublished":"2022-05-12T15:08:17+00:00","dateModified":"2024-08-19T12:34:19+00:00","description":"Ved \u00e5 shorte aksjer og andre aktiva kan tradere tjene penger n\u00e5r verdien til en eiendel svekkes. Vi forklarer hvordan du kj\u00f8per \u00ablong\u00bb og selger \u00abshort\u00bb.","breadcrumb":{"@id":"https:\/\/www.etoro.com\/nb-no\/trading\/short-selling\/#breadcrumb"},"inLanguage":"no","potentialAction":[{"@type":"ReadAction","target":["https:\/\/www.etoro.com\/nb-no\/trading\/short-selling\/"]}]},{"@type":"ImageObject","inLanguage":"no","@id":"https:\/\/www.etoro.com\/nb-no\/trading\/short-selling\/#primaryimage","url":"https:\/\/www.etoro.com\/wp-content\/uploads\/2023\/07\/Socials-NO-1.png","contentUrl":"https:\/\/www.etoro.com\/wp-content\/uploads\/2023\/07\/Socials-NO-1.png","width":1200,"height":630},{"@type":"BreadcrumbList","@id":"https:\/\/www.etoro.com\/nb-no\/trading\/short-selling\/#breadcrumb","itemListElement":[{"@type":"ListItem","position":1,"name":"Hjem","item":"https:\/\/www.etoro.com\/nb-no\/"},{"@type":"ListItem","position":2,"name":"TRADING","item":"https:\/\/www.etoro.com\/nb-no\/trading\/"},{"@type":"ListItem","position":3,"name":"Hva er shortsalg og\u00a0hvordan fungerer det?"}]},{"@type":"WebSite","@id":"https:\/\/www.etoro.com\/nb-no\/#website","url":"https:\/\/www.etoro.com\/nb-no\/","name":"eToro","description":"","publisher":{"@id":"https:\/\/www.etoro.com\/nb-no\/#organization"},"potentialAction":[{"@type":"SearchAction","target":{"@type":"EntryPoint","urlTemplate":"https:\/\/www.etoro.com\/nb-no\/?s={search_term_string}"},"query-input":{"@type":"PropertyValueSpecification","valueRequired":true,"valueName":"search_term_string"}}],"inLanguage":"no"},[]]}},"_links":{"self":[{"href":"https:\/\/www.etoro.com\/nb-no\/wp-json\/wp\/v2\/pages\/414462"}],"collection":[{"href":"https:\/\/www.etoro.com\/nb-no\/wp-json\/wp\/v2\/pages"}],"about":[{"href":"https:\/\/www.etoro.com\/nb-no\/wp-json\/wp\/v2\/types\/page"}],"author":[{"embeddable":true,"href":"https:\/\/www.etoro.com\/nb-no\/wp-json\/wp\/v2\/users\/33"}],"replies":[{"embeddable":true,"href":"https:\/\/www.etoro.com\/nb-no\/wp-json\/wp\/v2\/comments?post=414462"}],"version-history":[{"count":0,"href":"https:\/\/www.etoro.com\/nb-no\/wp-json\/wp\/v2\/pages\/414462\/revisions"}],"up":[{"embeddable":true,"href":"https:\/\/www.etoro.com\/nb-no\/wp-json\/wp\/v2\/pages\/18388"}],"wp:featuredmedia":[{"embeddable":true,"href":"https:\/\/www.etoro.com\/nb-no\/wp-json\/wp\/v2\/media\/643339"}],"wp:attachment":[{"href":"https:\/\/www.etoro.com\/nb-no\/wp-json\/wp\/v2\/media?parent=414462"}],"wp:term":[{"taxonomy":"asset_type","embeddable":true,"href":"https:\/\/www.etoro.com\/nb-no\/wp-json\/wp\/v2\/asset_type?post=414462"}],"curies":[{"name":"wp","href":"https:\/\/api.w.org\/{rel}","templated":true}]}}