{"id":712603,"date":"2023-08-30T14:27:33","date_gmt":"2023-08-30T11:27:33","guid":{"rendered":"https:\/\/www.etoro.com\/investing\/etf\/"},"modified":"2025-06-16T12:00:52","modified_gmt":"2025-06-16T09:00:52","slug":"etf","status":"publish","type":"page","link":"https:\/\/www.etoro.com\/nb-no\/investing\/etf\/","title":{"rendered":"ETF"},"content":{"rendered":"\n<div class=\"wp-block-etoro-half-cover has-white-background-color\">\n<div class=\"wp-block-etoro-half-cover-left\"><p id=\"breadcrumbs\" class=\"gray-dark\"><span><span><a href=\"https:\/\/www.etoro.com\/nb-no\/\">Hjem<\/a><\/span><\/span><\/p>\n<h1 class=\"wp-block-heading is-style-banner-title\">Invester i <strong>b\u00f8rshandlede fond<\/strong><\/h1>\n\n\n\n<p>Diversifiserte investeringer enkelt tilgjengelig med over 300 ETFer \u00e5 velge mellom<\/p>\n\n\n\n<div class=\"wp-block-buttons is-layout-flex wp-block-buttons-is-layout-flex\">\n<a class=\"e-cta e-cta-primary\" href=\"https:\/\/etoro.com\/nb-no\/accounts\/sign-up\" rel=\"nofollow noopener noreferrer\" >Kom i gang<\/a>\n<\/div>\n<\/div>\n\n\n\n<div class=\"wp-block-etoro-half-cover-right\">\n<img decoding=\"async\" src=\"https:\/\/www.etoro.com\/wp-content\/uploads\/2025\/04\/ETF_desktop.png\" alt=\"\" class=\"wp-block-etoro-half-cover-media\"\/><img decoding=\"async\" src=\"https:\/\/www.etoro.com\/wp-content\/uploads\/2025\/06\/ETF_640x450.png\" alt=\"\" class=\"wp-block-etoro-half-cover-media-desktop\"\/><img decoding=\"async\" src=\"https:\/\/www.etoro.com\/wp-content\/uploads\/2025\/06\/ETF_960x480.png\" alt=\"\" class=\"wp-block-etoro-half-cover-media-tablet\"\/><img decoding=\"async\" src=\"https:\/\/www.etoro.com\/wp-content\/uploads\/2025\/04\/ETFmobile.png\" alt=\"\" class=\"wp-block-etoro-half-cover-media-mobile\"\/>\n<\/div>\n<\/div>\n\n\n\n<section class=\"wp-block-group wp-block-group-boxed has-white-background-color has-background\"><div class=\"wp-block-group-inner is-layout-flow wp-block-group-is-layout-flow\">\n<div class=\"wp-block-columns are-vertically-aligned-top wp-block-columns-1 is-layout-flex wp-container-core-columns-is-layout-1 wp-block-columns-is-layout-flex\">\n<div class=\"wp-block-column wp-block-column-align-mobile-left is-layout-flow wp-block-column-is-layout-flow\">\n<h2 class=\"wp-block-heading has-text-align-center\"><span>Hvorfor <strong>ETFer?<\/strong><\/span><\/h2>\n\n\n\n<p class=\"has-text-align-center\">En ETF, eller b\u00f8rshandlet fond, er en type investeringsfond som har som m\u00e5l \u00e5 spore ytelsen til en bestemt aksjemarkedsindeks, industrisektor eller eiendel.<\/p>\n<\/div>\n<\/div>\n\n\n\n<div class=\"wp-block-columns are-vertically-aligned-top wp-block-columns-3 is-layout-flex wp-container-core-columns-is-layout-2 wp-block-columns-is-layout-flex\">\n<div class=\"wp-block-column is-layout-flow wp-block-column-is-layout-flow\">\n<div class=\"wp-block-etoro-card wp-block-etoro-card-size-small wp-block-etoro-card-thumbnail-position-above wp-block-etoro-card-default\"><img decoding=\"async\" src=\"https:\/\/www.etoro.com\/wp-content\/uploads\/2023\/08\/Diversified.png\" alt=\"Diversifisere\" class=\"wp-block-etoro-card-thumbnail\"\/><div class=\"wp-block-etoro-card-body\"><div class=\"wp-block-etoro-card-title\"><strong>Diversifisere<\/strong><\/div><div class=\"wp-block-etoro-card-content\">\n<p>Gjennom \u00e9n ETF kan du potensielt f\u00e5 eksponering mot hundrevis av verdipapirer<\/p>\n\n\n\n<p><\/p>\n<\/div><\/div><\/div>\n<\/div>\n\n\n\n<div class=\"wp-block-column is-layout-flow wp-block-column-is-layout-flow\">\n<div class=\"wp-block-etoro-card wp-block-etoro-card-size-small wp-block-etoro-card-thumbnail-position-above wp-block-etoro-card-default\"><img decoding=\"async\" src=\"https:\/\/www.etoro.com\/wp-content\/uploads\/2023\/08\/simplify.png\" alt=\"Forenkle\" class=\"wp-block-etoro-card-thumbnail\"\/><div class=\"wp-block-etoro-card-body\"><div class=\"wp-block-etoro-card-title\"><strong>Forenkle<\/strong><\/div><div class=\"wp-block-etoro-card-content\">\n<p>ETF-er er ferdige og krever ikke at du velger verdipapirer individuelt<\/p>\n<\/div><\/div><\/div>\n<\/div>\n\n\n\n<div class=\"wp-block-column is-layout-flow wp-block-column-is-layout-flow\">\n<div class=\"wp-block-etoro-card wp-block-etoro-card-size-small wp-block-etoro-card-thumbnail-position-above wp-block-etoro-card-default\"><img decoding=\"async\" src=\"https:\/\/www.etoro.com\/wp-content\/uploads\/2023\/08\/Save-money.png\" alt=\"Spar\" class=\"wp-block-etoro-card-thumbnail\"\/><div class=\"wp-block-etoro-card-body\"><div class=\"wp-block-etoro-card-title\"><strong>Spar<\/strong><\/div><div class=\"wp-block-etoro-card-content\">\n<p>ETFer er mer kostnadseffektive enn aktivt forvaltede fond<\/p>\n<\/div><\/div><\/div>\n<\/div>\n<\/div>\n<\/div><\/section>\n\n\n\n<section class=\"wp-block-group wp-block-group-boxed has-dark-blue-background-color has-background\"><div class=\"wp-block-group-inner is-layout-flow wp-block-group-is-layout-flow\">\n<div class=\"wp-block-columns are-vertically-aligned-top wp-block-columns-1 is-layout-flex wp-container-core-columns-is-layout-3 wp-block-columns-is-layout-flex\">\n<div class=\"wp-block-column wp-block-column-align-mobile-left is-layout-flow wp-block-column-is-layout-flow\">\n<h2 class=\"wp-block-heading has-text-align-center\"><span>Velg ETFen <strong>som passer for deg<\/strong><\/span><\/h2>\n\n\n\n<div id=\"swiper1469511312\" class=\"wp-block-etoro-cards\"><div class=\"swiper-wrapper\">\n<div class=\"wp-block-etoro-card wp-block-etoro-card-size-small wp-block-etoro-card-thumbnail-position-above wp-block-etoro-card-default\"><img decoding=\"async\" src=\"https:\/\/www.etoro.com\/wp-content\/uploads\/2023\/08\/Index.png\" alt=\"Indeks ETFer\" class=\"wp-block-etoro-card-thumbnail\"\/><div class=\"wp-block-etoro-card-body\"><div class=\"wp-block-etoro-card-title\">Indeks ETFer<\/div><div class=\"wp-block-etoro-card-content\">\n<p>fors\u00f8ke \u00e5 spore ytelsen til en referanseindeks.<\/p>\n<\/div><\/div><\/div>\n\n\n\n<div class=\"wp-block-etoro-card wp-block-etoro-card-size-small wp-block-etoro-card-thumbnail-position-above wp-block-etoro-card-default\"><img decoding=\"async\" src=\"https:\/\/www.etoro.com\/wp-content\/uploads\/2023\/08\/Wallet.png\" alt=\"Utbytte-ETFer\" class=\"wp-block-etoro-card-thumbnail\"\/><div class=\"wp-block-etoro-card-body\"><div class=\"wp-block-etoro-card-title\">Utbytte-ETFer<\/div><div class=\"wp-block-etoro-card-content\">\n<p>holde aksjer som har en sterk historie med \u00e5 betale utbytte<\/p>\n<\/div><\/div><\/div>\n\n\n\n<div class=\"wp-block-etoro-card wp-block-etoro-card-size-small wp-block-etoro-card-thumbnail-position-above wp-block-etoro-card-default\"><img decoding=\"async\" src=\"https:\/\/www.etoro.com\/wp-content\/uploads\/2023\/08\/Handshake-1.png\" alt=\"Obligasjons-ETFer\" class=\"wp-block-etoro-card-thumbnail\"\/><div class=\"wp-block-etoro-card-body\"><div class=\"wp-block-etoro-card-title\">Obligasjons-ETFer<\/div><div class=\"wp-block-etoro-card-content\">\n<p>kan v\u00e6re et utmerket investeringsalternativ med lavere risiko.<\/p>\n<\/div><\/div><\/div>\n\n\n\n<div class=\"wp-block-etoro-card wp-block-etoro-card-size-small wp-block-etoro-card-thumbnail-position-above wp-block-etoro-card-default\"><img decoding=\"async\" src=\"https:\/\/www.etoro.com\/wp-content\/uploads\/2023\/08\/Commodities.png\" alt=\"R\u00e5vare-ETFer\" class=\"wp-block-etoro-card-thumbnail\"\/><div class=\"wp-block-etoro-card-body\"><div class=\"wp-block-etoro-card-title\">R\u00e5vare-ETFer<\/div><div class=\"wp-block-etoro-card-content\">\n<p>tilby eksponering for prisendringer p\u00e5 r\u00e5varer.<\/p>\n<\/div><\/div><\/div>\n<\/div><\/div>\n<\/div>\n<\/div>\n<\/div><\/section>\n\n\n\n<section class=\"wp-block-group wp-block-group-boxed has-white-background-color has-background\"><div class=\"wp-block-group-inner is-layout-flow wp-block-group-is-layout-flow\">\n<div class=\"wp-block-columns are-vertically-aligned-top wp-block-columns-1 is-layout-flex wp-container-core-columns-is-layout-4 wp-block-columns-is-layout-flex\">\n<div class=\"wp-block-column is-layout-flow wp-block-column-is-layout-flow\">\n<h2 class=\"wp-block-heading has-text-align-center\"><span>Hvordan kj\u00f8pe <strong>ETFer p\u00e5 eToro<\/strong><\/span><\/h2>\n<\/div>\n<\/div>\n\n\n\n<div class=\"wp-block-columns are-vertically-aligned-top wp-block-columns-3 is-layout-flex wp-container-core-columns-is-layout-5 wp-block-columns-is-layout-flex\">\n<div class=\"wp-block-column is-layout-flow wp-block-column-is-layout-flow\">\n<div class=\"wp-block-etoro-card wp-block-etoro-card-size-medium wp-block-etoro-card-thumbnail-position-above wp-block-etoro-card-default\"><img decoding=\"async\" src=\"https:\/\/www.etoro.com\/wp-content\/uploads\/2023\/08\/Ido-Guy-about-two-pa.png\" alt=\"Velg en ETF\" class=\"wp-block-etoro-card-thumbnail\"\/><div class=\"wp-block-etoro-card-body\"><div class=\"wp-block-etoro-card-title\"><strong>Velg en ETF<\/strong><\/div><div class=\"wp-block-etoro-card-content\">\n<p>Velg ETFen du \u00f8nsker \u00e5 handle, og klikk deretter p\u00e5 \u00c5pne handel-knappen<\/p>\n<\/div><\/div><\/div>\n<\/div>\n\n\n\n<div class=\"wp-block-column is-layout-flow wp-block-column-is-layout-flow\">\n<div class=\"wp-block-etoro-card wp-block-etoro-card-size-medium wp-block-etoro-card-thumbnail-position-above wp-block-etoro-card-default\"><img decoding=\"async\" src=\"https:\/\/www.etoro.com\/wp-content\/uploads\/2023\/08\/Ido-Guy-about-two-pa-1.png\" alt=\"Hvor mye?\" class=\"wp-block-etoro-card-thumbnail\"\/><div class=\"wp-block-etoro-card-body\"><div class=\"wp-block-etoro-card-title\"><strong>Hvor mye?<\/strong><\/div><div class=\"wp-block-etoro-card-content\">\n<p>Skriv inn bel\u00f8pet (eller antall enheter) du \u00f8nsker \u00e5 investere<\/p>\n<\/div><\/div><\/div>\n<\/div>\n\n\n\n<div class=\"wp-block-column is-layout-flow wp-block-column-is-layout-flow\">\n<div class=\"wp-block-etoro-card wp-block-etoro-card-size-medium wp-block-etoro-card-thumbnail-position-above wp-block-etoro-card-default\"><img decoding=\"async\" src=\"https:\/\/www.etoro.com\/wp-content\/uploads\/2023\/08\/Ido-Guy-about-two-pa-2.png\" alt=\"\u00c5pne handel\" class=\"wp-block-etoro-card-thumbnail\"\/><div class=\"wp-block-etoro-card-body\"><div class=\"wp-block-etoro-card-title\"><strong>\u00c5pne handel<\/strong><\/div><div class=\"wp-block-etoro-card-content\">\n<p>N\u00e5r du har angitt posisjonens parametere, klikker du \u00c5pne handel<\/p>\n<\/div><\/div><\/div>\n<\/div>\n<\/div>\n\n\n\n<div class=\"wp-block-buttons is-content-justification-center is-layout-flex wp-container-core-buttons-is-layout-2 wp-block-buttons-is-layout-flex\">\n<a class=\"e-cta e-cta-primary\" href=\"http:\/\/www.etoro.com\/nb-no\/accounts\/sign-up\"><strong>Kom i Gang<\/strong><\/a>\n<\/div>\n<\/div><\/section>\n\n\n\n<section class=\"wp-block-group wp-block-group-boxed has-dark-blue-background-color has-background\"><div class=\"wp-block-group-inner is-layout-flow wp-block-group-is-layout-flow\">\n<div class=\"wp-block-columns are-vertically-aligned-center wp-block-columns-2 is-swapped-on-mobile is-layout-flex wp-container-core-columns-is-layout-6 wp-block-columns-is-layout-flex\">\n<div class=\"wp-block-column is-layout-flow wp-block-column-is-layout-flow\">\n<h2 class=\"wp-block-heading\"><span>F\u00e5 tilliten <strong>til \u00e5 handle ETFer<\/strong><\/span><\/h2>\n\n\n\n<p>Vil du finpusse handelsferdighetene dine i ditt eget tempo, uten risiko? Bruk den gratis demoportef\u00f8ljen med $100 000 i virtuelle midler for \u00e5 \u00f8ve p\u00e5 \u00e5 investere i ETFer, samt alt annet eToro har \u00e5 tilby.<\/p>\n\n\n\n<div class=\"wp-block-buttons is-layout-flex wp-block-buttons-is-layout-flex\">\n<a class=\"e-cta e-cta-primary\" href=\"https:\/\/www.etoro.com\/nb-no\/accounts\/sign-up\">Gratis demokonto<\/a>\n<\/div>\n<\/div>\n\n\n\n<div class=\"wp-block-column is-layout-flow wp-block-column-is-layout-flow\">\n<figure class=\"wp-block-image size-full\"><img loading=\"lazy\" decoding=\"async\" width=\"576\" height=\"520\" src=\"https:\/\/www.etoro.com\/wp-content\/uploads\/2023\/08\/iPhone-13-Pro.png\" alt=\"\" class=\"wp-image-691827 wp-image-desktop\" srcset=\"https:\/\/www.etoro.com\/wp-content\/uploads\/2023\/08\/iPhone-13-Pro-300x271.png 300w, https:\/\/www.etoro.com\/wp-content\/uploads\/2023\/08\/iPhone-13-Pro.png 576w\" sizes=\"(max-width: 576px) 100vw, 576px\" \/><\/figure>\n<\/div>\n<\/div>\n<\/div><\/section>\n\n\n\n<section class=\"wp-block-group wp-block-group-boxed\"><div class=\"wp-block-group-inner is-layout-flow wp-block-group-is-layout-flow\">\n<dl class=\"wp-block-etoro-faq\">\n<div class=\"wp-block-etoro-faq-item\"><dt class=\"wp-block-etoro-faq-item-question\">Hva er en ETF?<\/dt><dd class=\"wp-block-etoro-faq-item-answer\">\n<p>Et b\u00f8rshandlet fond eller ETF (Exchange-traded Fund), er en type investeringsfond som har som m\u00e5l \u00e5 spore ytelsen til en bestemt aksjemarkedsindeks, industrisektor eller verdipapir.<\/p>\n<\/dd><\/div>\n\n\n\n<div class=\"wp-block-etoro-faq-item\"><dt class=\"wp-block-etoro-faq-item-question\">Er ETF-er egnet for nybegynnere?<\/dt><dd class=\"wp-block-etoro-faq-item-answer\">\n<p>ETF-er gir en enkel og direkte m\u00e5te \u00e5 f\u00e5 eksponering mot et bredt spekter av finansielle eiendeler p\u00e5, som spenner over r\u00e5varer, obligasjoner, aksjer og til og med eiendom. ETF-handel foretrekkes fremfor bruk av verdipapirfond, da de ikke p\u00e5drar seg samme handelsgebyrer og utgiftsforhold, samtidig som de gir tilgjengeligheten for \u00e5 kunne \u00e5pne og lukke posisjoner flere ganger daglig som aksjehandel.<\/p>\n\n\n\n<p>Hvis du er interessert i \u00e5 l\u00e6re mer om handel med ETFer, <a target=\"_blank\" href=\"https:\/\/www.etoro.com\/stocks\/investing-in-etfs\/\" rel=\"noreferrer noopener\">klikk her<\/a> for \u00e5 lese v\u00e5r fulle guide til investering i ETFer for nybegynnere.<\/p>\n<\/dd><\/div>\n\n\n\n<div class=\"wp-block-etoro-faq-item\"><dt class=\"wp-block-etoro-faq-item-question\">Hvilke gebyrer vil jeg betale for handel med ETFer?<\/dt><dd class=\"wp-block-etoro-faq-item-answer\">\n<p>For gebyrer knyttet til ETFer, se v\u00e5r <a href=\"https:\/\/www.etoro.com\/nb-no\/trading\/fees\/\" target=\"_blank\" rel=\"noreferrer noopener\">Gebyrside<\/a>.<\/p>\n<\/dd><\/div>\n\n\n\n<div class=\"wp-block-etoro-faq-item\"><dt class=\"wp-block-etoro-faq-item-question\">Utbetaler ETFer utbytte?<\/dt><dd class=\"wp-block-etoro-faq-item-answer\">\n<p>Utbytte er kontantbetalinger som noen selskaper betaler til sine investorer av overskuddet. Ikke alle selskaper betaler utbytte, men mange veletablerte selskaper gj\u00f8r det. Hvis du har en ETF som investerer i utbyttebetalende selskaper, vil du motta utbytte. For mer informasjon om utbytte, se <a href=\"https:\/\/www.etoro.com\/investing\/what-are-dividends\/\" target=\"_blank\" rel=\"noreferrer noopener\">v\u00e5r guide<\/a>.<\/p>\n<\/dd><\/div>\n\n\n\n<div class=\"wp-block-etoro-faq-item\"><dt class=\"wp-block-etoro-faq-item-question\">Er ETF-er egnet for langsiktige investeringer?<\/dt><dd class=\"wp-block-etoro-faq-item-answer\">\n<p>Som de fleste investeringer er det en god id\u00e9 \u00e5 ha en langsiktig strategi med ETFer, og det kan bidra til \u00e5 redusere risikoen din. Ta for eksempel aksjeindeks-ETFer. P\u00e5 kort sikt kan aksjer v\u00e6re sv\u00e6rt volatile. Men i det lange l\u00f8p har aksjemarkedet en tendens til \u00e5 stige. S\u00e5 generelt sett, jo lenger du investerer, jo mindre sjanse har du for \u00e5 tape penger.<\/p>\n<\/dd><\/div>\n\n\n\n<div class=\"wp-block-etoro-faq-item\"><dt class=\"wp-block-etoro-faq-item-question\">Handles ETFer 24 timer i d\u00f8gnet?<\/dt><dd class=\"wp-block-etoro-faq-item-answer\">\n<p>ETF-er omsettes i markedene under vanlige \u00e5pningstider, akkurat som aksjer. Du kan fortsette \u00e5 handle ETFer hele dagen og i etter-markedet, men ordren vil bli utf\u00f8rt f\u00f8rst n\u00e5r markedet er \u00e5pent. Se siden Markedstider <a href=\"https:\/\/www.etoro.com\/nb-no\/trading\/market-hours-and-events\/\" target=\"_blank\" rel=\"noreferrer noopener\">her<\/a>.<\/p>\n<\/dd><\/div>\n\n\n\n<div class=\"wp-block-etoro-faq-item\"><dt class=\"wp-block-etoro-faq-item-question\">Hva er forskjellen mellom ETFer og aksjefond?<\/dt><dd class=\"wp-block-etoro-faq-item-answer\">\n<p>ETFer og aksjefond representerer begge klynger eller &#8220;kurver&#8221; av individuelle obligasjoner eller aksjer. Men det er noen viktige forskjeller.<\/p>\n\n\n\n<p>Verdipapirfond forvaltes vanligvis aktivt, mens ETF-er er et mer passivt investeringsmiddel som sporer en eksisterende markedsindeks autonomt. Med verdipapirfond som krever aktiv forvaltning, vil aksjefondsinvestorer betale forvaltningsgebyrer og krever ofte mye st\u00f8rre niv\u00e5er av en innledende investering enn en ETF.<\/p>\n\n\n\n<p>ETF-er tilbyr ogs\u00e5 mer praktisk kontroll over prisen du kj\u00f8per og selger enn et aksjefond. Du kan kj\u00f8pe og selge ETFer til fluktuerende priser gjennom en handels\u00f8kt. Imidlertid vil de som kj\u00f8per seg inn i et aksjefond betale samme pris som alle andre som har investert den dagen. Med verdipapirfond beregnes ikke verdiene f\u00f8r slutten av hver handelsdag.<\/p>\n<\/dd><\/div>\n<\/dl>\n<\/div><\/section>\n","protected":false},"excerpt":{"rendered":"<p>Hvorfor ETFer? En ETF, eller b\u00f8rshandlet fond, er en type investeringsfond som har som m\u00e5l \u00e5 spore ytelsen til en bestemt aksjemarkedsindeks, industrisektor eller eiendel. Velg ETFen som passer for deg Hvordan kj\u00f8pe ETFer p\u00e5 eToro F\u00e5 tilliten til \u00e5 handle ETFer Vil du finpusse handelsferdighetene dine i ditt eget tempo, uten risiko? Bruk den&hellip;<\/p>\n","protected":false},"author":119,"featured_media":1048434,"parent":19766,"menu_order":0,"comment_status":"closed","ping_status":"closed","template":"","meta":{"_acf_changed":true,"inline_featured_image":false,"sticky_cta_settings":"","footnotes":""},"asset_type":[],"class_list":["post-712603","page","type-page","status-publish","has-post-thumbnail","hentry"],"acf":[],"yoast_head":"<title>Invester i b\u00f8rshandlede fond (ETFer) p\u00e5 eToro<\/title>\n<meta name=\"description\" content=\"ETFer tilbyr diversifisert eksponering mot en rekke eiendeler, inkludert aksjer, obligasjoner, r\u00e5varer og mer.\" \/>\n<meta name=\"robots\" content=\"index, follow, max-snippet:-1, max-image-preview:large, max-video-preview:-1\" \/>\n<link rel=\"canonical\" href=\"https:\/\/www.etoro.com\/nb-no\/wp-json\/wp\/v2\/pages\/712603\" \/>\n<meta property=\"og:locale\" content=\"nn_NO\" \/>\n<meta property=\"og:type\" content=\"article\" \/>\n<meta property=\"og:title\" content=\"Invester i b\u00f8rshandlede fond (ETFer) p\u00e5 eToro\" \/>\n<meta property=\"og:description\" content=\"ETFer tilbyr diversifisert eksponering mot en rekke eiendeler, inkludert aksjer, obligasjoner, r\u00e5varer og mer.\" \/>\n<meta property=\"og:url\" content=\"https:\/\/www.etoro.com\/nb-no\/wp-json\/wp\/v2\/pages\/712603\" \/>\n<meta property=\"og:site_name\" content=\"eToro\" \/>\n<meta property=\"article:publisher\" content=\"https:\/\/www.facebook.com\/eToro\/\" \/>\n<meta property=\"article:modified_time\" content=\"2025-06-16T09:00:52+00:00\" \/>\n<meta property=\"og:image\" content=\"https:\/\/www.etoro.com\/wp-content\/uploads\/2025\/04\/Featured-image-ETF_1200x630.png\" \/>\n\t<meta property=\"og:image:width\" content=\"1200\" \/>\n\t<meta property=\"og:image:height\" content=\"630\" \/>\n\t<meta property=\"og:image:type\" content=\"image\/png\" \/>\n<meta name=\"twitter:card\" content=\"summary_large_image\" \/>\n<meta name=\"twitter:site\" content=\"@eToro\" \/>\n<meta name=\"twitter:label1\" content=\"Est. reading time\" \/>\n\t<meta name=\"twitter:data1\" content=\"3 minutes\" \/>\n<script type=\"application\/ld+json\" class=\"yoast-schema-graph\">{\"@context\":\"https:\/\/schema.org\",\"@graph\":[{\"@type\":\"WebPage\",\"@id\":\"https:\/\/www.etoro.com\/nb-no\/investing\/etf\/\",\"url\":\"https:\/\/www.etoro.com\/nb-no\/investing\/etf\/\",\"name\":\"Invester i b\u00f8rshandlede fond (ETFer) p\u00e5 eToro\",\"isPartOf\":{\"@id\":\"https:\/\/www.etoro.com\/nb-no\/#website\"},\"primaryImageOfPage\":{\"@id\":\"https:\/\/www.etoro.com\/nb-no\/investing\/etf\/#primaryimage\"},\"image\":{\"@id\":\"https:\/\/www.etoro.com\/nb-no\/investing\/etf\/#primaryimage\"},\"thumbnailUrl\":\"https:\/\/www.etoro.com\/wp-content\/uploads\/2025\/04\/Featured-image-ETF_1200x630.png\",\"datePublished\":\"2023-08-30T11:27:33+00:00\",\"dateModified\":\"2025-06-16T09:00:52+00:00\",\"description\":\"ETFer tilbyr diversifisert eksponering mot en rekke eiendeler, inkludert aksjer, obligasjoner, r\u00e5varer og mer.\",\"breadcrumb\":{\"@id\":\"https:\/\/www.etoro.com\/nb-no\/investing\/etf\/#breadcrumb\"},\"inLanguage\":\"no\",\"potentialAction\":[{\"@type\":\"ReadAction\",\"target\":[\"https:\/\/www.etoro.com\/nb-no\/investing\/etf\/\"]}]},{\"@type\":\"ImageObject\",\"inLanguage\":\"no\",\"@id\":\"https:\/\/www.etoro.com\/nb-no\/investing\/etf\/#primaryimage\",\"url\":\"https:\/\/www.etoro.com\/wp-content\/uploads\/2025\/04\/Featured-image-ETF_1200x630.png\",\"contentUrl\":\"https:\/\/www.etoro.com\/wp-content\/uploads\/2025\/04\/Featured-image-ETF_1200x630.png\",\"width\":1200,\"height\":630,\"caption\":\"Invest in exchange-traded funds\"},{\"@type\":\"BreadcrumbList\",\"@id\":\"https:\/\/www.etoro.com\/nb-no\/investing\/etf\/#breadcrumb\",\"itemListElement\":[{\"@type\":\"ListItem\",\"position\":1,\"name\":\"Hjem\",\"item\":\"https:\/\/www.etoro.com\/nb-no\/\"},{\"@type\":\"ListItem\",\"position\":2,\"name\":\"Investering\",\"item\":\"https:\/\/www.etoro.com\/nb-no\/investing\/\"},{\"@type\":\"ListItem\",\"position\":3,\"name\":\"ETF\"}]},{\"@type\":\"WebSite\",\"@id\":\"https:\/\/www.etoro.com\/nb-no\/#website\",\"url\":\"https:\/\/www.etoro.com\/nb-no\/\",\"name\":\"eToro\",\"description\":\"\",\"publisher\":{\"@id\":\"https:\/\/www.etoro.com\/nb-no\/#organization\"},\"potentialAction\":[{\"@type\":\"SearchAction\",\"target\":{\"@type\":\"EntryPoint\",\"urlTemplate\":\"https:\/\/www.etoro.com\/nb-no\/?s={search_term_string}\"},\"query-input\":{\"@type\":\"PropertyValueSpecification\",\"valueRequired\":true,\"valueName\":\"search_term_string\"}}],\"inLanguage\":\"no\"},[]]}<\/script>","yoast_head_json":{"title":"Invester i b\u00f8rshandlede fond (ETFer) p\u00e5 eToro","description":"ETFer tilbyr diversifisert eksponering mot en rekke eiendeler, inkludert aksjer, obligasjoner, r\u00e5varer og mer.","robots":{"index":"index","follow":"follow","max-snippet":"max-snippet:-1","max-image-preview":"max-image-preview:large","max-video-preview":"max-video-preview:-1"},"canonical":"https:\/\/www.etoro.com\/nb-no\/wp-json\/wp\/v2\/pages\/712603","og_locale":"nn_NO","og_type":"article","og_title":"Invester i b\u00f8rshandlede fond (ETFer) p\u00e5 eToro","og_description":"ETFer tilbyr diversifisert eksponering mot en rekke eiendeler, inkludert aksjer, obligasjoner, r\u00e5varer og mer.","og_url":"https:\/\/www.etoro.com\/nb-no\/wp-json\/wp\/v2\/pages\/712603","og_site_name":"eToro","article_publisher":"https:\/\/www.facebook.com\/eToro\/","article_modified_time":"2025-06-16T09:00:52+00:00","og_image":[{"width":1200,"height":630,"url":"https:\/\/www.etoro.com\/wp-content\/uploads\/2025\/04\/Featured-image-ETF_1200x630.png","type":"image\/png"}],"twitter_card":"summary_large_image","twitter_site":"@eToro","twitter_misc":{"Est. reading time":"3 minutes"},"schema":{"@context":"https:\/\/schema.org","@graph":[{"@type":"WebPage","@id":"https:\/\/www.etoro.com\/nb-no\/investing\/etf\/","url":"https:\/\/www.etoro.com\/nb-no\/investing\/etf\/","name":"Invester i b\u00f8rshandlede fond (ETFer) p\u00e5 eToro","isPartOf":{"@id":"https:\/\/www.etoro.com\/nb-no\/#website"},"primaryImageOfPage":{"@id":"https:\/\/www.etoro.com\/nb-no\/investing\/etf\/#primaryimage"},"image":{"@id":"https:\/\/www.etoro.com\/nb-no\/investing\/etf\/#primaryimage"},"thumbnailUrl":"https:\/\/www.etoro.com\/wp-content\/uploads\/2025\/04\/Featured-image-ETF_1200x630.png","datePublished":"2023-08-30T11:27:33+00:00","dateModified":"2025-06-16T09:00:52+00:00","description":"ETFer tilbyr diversifisert eksponering mot en rekke eiendeler, inkludert aksjer, obligasjoner, r\u00e5varer og mer.","breadcrumb":{"@id":"https:\/\/www.etoro.com\/nb-no\/investing\/etf\/#breadcrumb"},"inLanguage":"no","potentialAction":[{"@type":"ReadAction","target":["https:\/\/www.etoro.com\/nb-no\/investing\/etf\/"]}]},{"@type":"ImageObject","inLanguage":"no","@id":"https:\/\/www.etoro.com\/nb-no\/investing\/etf\/#primaryimage","url":"https:\/\/www.etoro.com\/wp-content\/uploads\/2025\/04\/Featured-image-ETF_1200x630.png","contentUrl":"https:\/\/www.etoro.com\/wp-content\/uploads\/2025\/04\/Featured-image-ETF_1200x630.png","width":1200,"height":630,"caption":"Invest in exchange-traded funds"},{"@type":"BreadcrumbList","@id":"https:\/\/www.etoro.com\/nb-no\/investing\/etf\/#breadcrumb","itemListElement":[{"@type":"ListItem","position":1,"name":"Hjem","item":"https:\/\/www.etoro.com\/nb-no\/"},{"@type":"ListItem","position":2,"name":"Investering","item":"https:\/\/www.etoro.com\/nb-no\/investing\/"},{"@type":"ListItem","position":3,"name":"ETF"}]},{"@type":"WebSite","@id":"https:\/\/www.etoro.com\/nb-no\/#website","url":"https:\/\/www.etoro.com\/nb-no\/","name":"eToro","description":"","publisher":{"@id":"https:\/\/www.etoro.com\/nb-no\/#organization"},"potentialAction":[{"@type":"SearchAction","target":{"@type":"EntryPoint","urlTemplate":"https:\/\/www.etoro.com\/nb-no\/?s={search_term_string}"},"query-input":{"@type":"PropertyValueSpecification","valueRequired":true,"valueName":"search_term_string"}}],"inLanguage":"no"},[]]}},"_links":{"self":[{"href":"https:\/\/www.etoro.com\/nb-no\/wp-json\/wp\/v2\/pages\/712603"}],"collection":[{"href":"https:\/\/www.etoro.com\/nb-no\/wp-json\/wp\/v2\/pages"}],"about":[{"href":"https:\/\/www.etoro.com\/nb-no\/wp-json\/wp\/v2\/types\/page"}],"author":[{"embeddable":true,"href":"https:\/\/www.etoro.com\/nb-no\/wp-json\/wp\/v2\/users\/119"}],"replies":[{"embeddable":true,"href":"https:\/\/www.etoro.com\/nb-no\/wp-json\/wp\/v2\/comments?post=712603"}],"version-history":[{"count":0,"href":"https:\/\/www.etoro.com\/nb-no\/wp-json\/wp\/v2\/pages\/712603\/revisions"}],"up":[{"embeddable":true,"href":"https:\/\/www.etoro.com\/nb-no\/wp-json\/wp\/v2\/pages\/19766"}],"wp:featuredmedia":[{"embeddable":true,"href":"https:\/\/www.etoro.com\/nb-no\/wp-json\/wp\/v2\/media\/1048434"}],"wp:attachment":[{"href":"https:\/\/www.etoro.com\/nb-no\/wp-json\/wp\/v2\/media?parent=712603"}],"wp:term":[{"taxonomy":"asset_type","embeddable":true,"href":"https:\/\/www.etoro.com\/nb-no\/wp-json\/wp\/v2\/asset_type?post=712603"}],"curies":[{"name":"wp","href":"https:\/\/api.w.org\/{rel}","templated":true}]}}