{"id":867146,"date":"2024-01-05T14:43:27","date_gmt":"2024-01-05T12:43:27","guid":{"rendered":"https:\/\/www.etoro.com\/about\/club\/tax-partners\/"},"modified":"2024-04-11T13:06:56","modified_gmt":"2024-04-11T10:06:56","slug":"tax-partners","status":"publish","type":"page","link":"https:\/\/www.etoro.com\/nb-no\/about\/club\/tax-partners\/","title":{"rendered":"Tax Partners"},"content":{"rendered":"\n<section class=\"wp-block-group wp-block-group-boxed wp-block-group-medium-bottom-padding has-white-background-color has-background\"><div class=\"wp-block-group-inner is-layout-flow wp-block-group-is-layout-flow\">\n<div class=\"wp-block-columns are-vertically-aligned-top wp-block-columns-1 wp-block-columns-size-14 is-layout-flex wp-container-core-columns-is-layout-1 wp-block-columns-is-layout-flex\">\n<div class=\"wp-block-column wp-block-column-align-desktop-center wp-block-column-align-mobile-left is-layout-flow wp-block-column-is-layout-flow\">\n<p class=\"has-text-align-center\">Som eToro Club-medlem er du berettiget til rabatt p\u00e5 skattemeldingen generert av en av v\u00e5re partnere. Bare velg fra listen v\u00e5r over ekspertskatteleverand\u00f8rer, og de vil gj\u00f8re jobben for deg.<\/p>\n<\/div>\n<\/div>\n<\/div><\/section>\n\n\n\n<section class=\"wp-block-group wp-block-group-boxed wp-block-group-medium-top-padding wp-block-group-medium-bottom-padding has-white-background-color has-background\"><div class=\"wp-block-group-inner is-layout-flow wp-block-group-is-layout-flow\">\n<div class=\"wp-block-columns are-vertically-aligned-top wp-block-columns-3 is-layout-flex wp-container-core-columns-is-layout-2 wp-block-columns-is-layout-flex\">\n<div class=\"wp-block-column is-layout-flow wp-block-column-is-layout-flow\">\n<div class=\"wp-block-etoro-card wp-block-etoro-card-size-small wp-block-etoro-card-thumbnail-position-above wp-block-etoro-card-default\"><img decoding=\"async\" src=\"https:\/\/www.etoro.com\/wp-content\/uploads\/2024\/01\/flag.svg\" alt=\"Velg en skattepartner\" class=\"wp-block-etoro-card-thumbnail\"\/><div class=\"wp-block-etoro-card-body\"><div class=\"wp-block-etoro-card-title\">Velg en skattepartner<\/div><div class=\"wp-block-etoro-card-content\">\n<p><strong><strong>S\u00f8rg for at du er logget inn <\/strong><\/strong>og velg deretter ditt bostedsland. Tilgjengelige skattepartnere i din region er oppf\u00f8rt.<\/p>\n<\/div><\/div><\/div>\n<\/div>\n\n\n\n<div class=\"wp-block-column is-layout-flow wp-block-column-is-layout-flow\">\n<div class=\"wp-block-etoro-card wp-block-etoro-card-size-small wp-block-etoro-card-thumbnail-position-above wp-block-etoro-card-default\"><img decoding=\"async\" src=\"https:\/\/www.etoro.com\/wp-content\/uploads\/2024\/01\/featured.svg\" alt=\"F\u00e5 rabatt\" class=\"wp-block-etoro-card-thumbnail\"\/><div class=\"wp-block-etoro-card-body\"><div class=\"wp-block-etoro-card-title\">F\u00e5 rabatt<\/div><div class=\"wp-block-etoro-card-content\">\n<p>Klubbmedlemmer mottar disse tjenestene til betydelige besparelser. St\u00f8rrelsen p\u00e5 rabatten er basert p\u00e5 eToro Club-niv\u00e5et ditt.<\/p>\n<\/div><\/div><\/div>\n<\/div>\n\n\n\n<div class=\"wp-block-column is-layout-flow wp-block-column-is-layout-flow\">\n<div class=\"wp-block-etoro-card wp-block-etoro-card-size-small wp-block-etoro-card-thumbnail-position-above wp-block-etoro-card-default\"><img decoding=\"async\" src=\"https:\/\/www.etoro.com\/wp-content\/uploads\/2024\/01\/like.svg\" alt=\"Slapp av\u2026\" class=\"wp-block-etoro-card-thumbnail\"\/><div class=\"wp-block-etoro-card-body\"><div class=\"wp-block-etoro-card-title\">Slapp av\u2026<\/div><div class=\"wp-block-etoro-card-content\">\n<p>Og la skatteproffene komme i gang med \u00e5 gj\u00f8re denne \u00e5rlige oppgaven mye enklere for deg!<\/p>\n<\/div><\/div><\/div>\n<\/div>\n<\/div>\n<\/div><\/section>\n\n\n\n<section class=\"wp-block-group wp-block-group-boxed wp-block-group-medium-top-padding has-white-background-color has-background\"><div class=\"wp-block-group-inner is-layout-flow wp-block-group-is-layout-flow\">\n<div class=\"wp-block-columns are-vertically-aligned-top wp-block-columns-1 wp-block-columns-size-14 is-layout-flex wp-container-core-columns-is-layout-3 wp-block-columns-is-layout-flex\">\n<div class=\"wp-block-column wp-block-column-align-desktop-center wp-block-column-align-mobile-left is-layout-flow wp-block-column-is-layout-flow\">\n<p class=\"has-text-align-center\">V\u00e6r oppmerksom p\u00e5 at eToro vil dele hvilket Klubbniv\u00e5 du tilh\u00f8rer med tredjeparten slik at du kan motta rabatten din.<\/p>\n\n\n\n<p class=\"is-style-disclaimer\">eToro gir ikke skatter\u00e5dgivning, og informasjonen som gis skal ikke tolkes som s\u00e5dan.<br>Kunder b\u00f8r s\u00f8ke uavhengig skatter\u00e5dgivning.<\/p>\n<\/div>\n<\/div>\n<\/div><\/section>\n\n\n\n<section class=\"wp-block-group wp-block-group-boxed\"><div class=\"wp-block-group-inner is-layout-flow wp-block-group-is-layout-flow\">\n<h2 class=\"wp-block-heading has-text-align-center is-style-heading-2\" id=\"choose-tax-partner\"><strong><strong>Velg din skattepartner <\/strong><\/strong>etter region<\/h2>\n\n\n\n<p class=\"has-text-align-center\">Velg ditt foretrukne land og leverand\u00f8r fra rullegardinmenyen nedenfor:<\/p>\n\n\n\n<div class=\"wp-block-etoro-tax-partners\"><div class=\"wp-block-etoro-tax-partners-select-wrapper\"><select class=\"wp-block-etoro-tax-partners-select\"><option value=\"\" disabled selected>Land<\/option><option value=\"7453\" data-id=\"12\">Australia<\/option><option value=\"6907\" data-id=\"55\">Tsjekkia<\/option><option value=\"7794\" data-id=\"79\">Tyskland<\/option><option value=\"7311\" data-id=\"102\">Italia<\/option><option value=\"6913\" data-id=\"132\">Mexico<\/option><option value=\"6911\" data-id=\"164\">Polen<\/option><option value=\"6914\" data-id=\"165\">Portugal<\/option><option value=\"6908\" data-id=\"168\">Romania<\/option><option value=\"6912\" data-id=\"184\">Slovakia<\/option><option value=\"6909\" data-id=\"185\">Slovenia<\/option><option value=\"6910\" data-id=\"191\">Spania<\/option><option value=\"6915\" data-id=\"196\">Sverige<\/option><option value=\"6906\" data-id=\"218\">Storbritannia<\/option><\/select><\/div><div class=\"wp-block-etoro-tax-partners-wrapper\"><\/div><\/div>\n<\/div><\/section>\n\n\n\n<section class=\"wp-block-group wp-block-group-boxed has-dark-blue-background-color has-background\"><div class=\"wp-block-group-inner is-layout-flow wp-block-group-is-layout-flow\">\n<div class=\"wp-block-columns are-vertically-aligned-top wp-block-columns-1 wp-block-columns-size-14 is-layout-flex wp-container-core-columns-is-layout-4 wp-block-columns-is-layout-flex\">\n<div class=\"wp-block-column is-layout-flow wp-block-column-is-layout-flow\">\n<h2 class=\"wp-block-heading has-text-align-center is-style-heading-2\"><span>Hvilken rabatt <strong>gjelder for meg?<\/strong><\/span><\/h2>\n\n\n\n<p class=\"has-text-align-center\">Diskonteringsrenten er basert p\u00e5 eToro Club-niv\u00e5et ditt. S\u00f8rg for \u00e5 bes\u00f8ke <a href=\"https:\/\/www.etoro.com\/nb-no\/dashboard\/club\" target=\"_blank\" rel=\"noreferrer noopener\">Club Dashboard<\/a> hvor du kan sjekke din n\u00e5v\u00e6rende niv\u00e5status for dette og flere tilbud.<\/p>\n<\/div>\n<\/div>\n<\/div><\/section>\n\n\n\n<section class=\"wp-block-group wp-block-group-boxed has-white-background-color has-background\"><div class=\"wp-block-group-inner is-layout-flow wp-block-group-is-layout-flow\">\n<h2 class=\"wp-block-heading has-text-align-center\">FAQ<\/h2>\n\n\n\n<dl class=\"wp-block-etoro-faq\">\n<div class=\"wp-block-etoro-faq-item\"><dt class=\"wp-block-etoro-faq-item-question\">Hva er dette tilbudet?<\/dt><dd class=\"wp-block-etoro-faq-item-answer\">\n<p>Som klubbmedlem er du berettiget til rabatt p\u00e5 skattemeldingen generert av en av v\u00e5re partnere. Ganske enkelt velg fra listen v\u00e5r over ekspertskatteleverand\u00f8rer, og de vil gj\u00f8re jobben for deg. Rabatten er basert p\u00e5 ditt eToro Club-niv\u00e5. Pass p\u00e5 \u00e5 bes\u00f8ke <a href=\"https:\/\/www.etoro.com\/nb-no\/dashboard\/club\">Club Dashboard<\/a> hvor du kan sjekke din n\u00e5v\u00e6rende niv\u00e5status for dette og tilleggstilbud.<\/p>\n<\/dd><\/div>\n\n\n\n<div class=\"wp-block-etoro-faq-item\"><dt class=\"wp-block-etoro-faq-item-question\">Hvorfor ber dere meg om \u00e5 v\u00e6re p\u00e5logget?<\/dt><dd class=\"wp-block-etoro-faq-item-answer\">\n<p>For \u00e5 kreve den riktige rabatten i henhold til Klubb niv\u00e5, m\u00e5 du v\u00e6re logget p\u00e5 eToro-kontoen din.<\/p>\n<\/dd><\/div>\n\n\n\n<div class=\"wp-block-etoro-faq-item\"><dt class=\"wp-block-etoro-faq-item-question\">Hva om jeg ikke ser landet mitt oppf\u00f8rt?<\/dt><dd class=\"wp-block-etoro-faq-item-answer\">\n<p>F\u00f8lg med! Vi vil legge til flere snart.<\/p>\n<\/dd><\/div>\n\n\n\n<div class=\"wp-block-etoro-faq-item\"><dt class=\"wp-block-etoro-faq-item-question\">Hva om jeg trenger hjelp?<\/dt><dd class=\"wp-block-etoro-faq-item-answer\">\n<p>Hvis du har ytterligere sp\u00f8rsm\u00e5l, vennligst ta kontakt med ditt dedikerte kontaktpunkt via <a href=\"https:\/\/www.etoro.com\/nb-no\/dashboard\/club\" target=\"_blank\" rel=\"noreferrer noopener\">Club Dashboard<\/a>.<\/p>\n<\/dd><\/div>\n\n\n\n<div class=\"wp-block-etoro-faq-item\"><dt class=\"wp-block-etoro-faq-item-question\">Hvordan f\u00e5r jeg tilgang til dette tilbudet?<\/dt><dd class=\"wp-block-etoro-faq-item-answer\">\n<p>S\u00f8rg for at du er logget inn og velg deretter ditt bostedsland. Tilgjengelige skattepartnere i din region er oppf\u00f8rt.<\/p>\n<\/dd><\/div>\n\n\n\n<div class=\"wp-block-etoro-faq-item\"><dt class=\"wp-block-etoro-faq-item-question\">Hvem har rett til \u00e5 motta disse rabattene?<\/dt><dd class=\"wp-block-etoro-faq-item-answer\">\n<p>Rabatterte selvangivelser er eksklusivt for eToro Club-medlemmer.<\/p>\n<\/dd><\/div>\n\n\n\n<div class=\"wp-block-etoro-faq-item\"><dt class=\"wp-block-etoro-faq-item-question\">M\u00e5 jeg sende inn en skattemelding?<\/dt><dd class=\"wp-block-etoro-faq-item-answer\">\n<p>Du er ansvarlig for \u00e5 beregne og betale gjeldende skatter i landet eller landene der du bor.<\/p>\n<\/dd><\/div>\n\n\n\n<div class=\"wp-block-etoro-faq-item\"><dt class=\"wp-block-etoro-faq-item-question\">Hvor kan jeg f\u00e5 oversikt over investeringsaktiviteten min?<\/dt><dd class=\"wp-block-etoro-faq-item-answer\">\n<p>Du kan generere en kontoutskrift ved \u00e5 klikke p\u00e5 &#8220;Innstillinger&#8221; og deretter klikke p\u00e5 &#8220;Konto&#8221; (eller bare g\u00e5 til denne <a href=\"https:\/\/www.etoro.com\/nb-no\/documents\/accountstatement\" target=\"_blank\" rel=\"noreferrer noopener\">lenken<\/a>). Under Dokumenter klikker du p\u00e5 &#8220;Vis&#8221; ved siden av Kontoutskrift. Velg en tidsramme, og klikk p\u00e5 &#8220;Opprett&#8221; for \u00e5 generere kontoutskriften din.<\/p>\n<\/dd><\/div>\n<\/dl>\n<\/div><\/section>\n\n\n\n<section class=\"wp-block-group wp-block-group-boxed\"><div class=\"wp-block-group-inner is-layout-flow wp-block-group-is-layout-flow\">\n<div class=\"wp-block-columns are-vertically-aligned-top wp-block-columns-1 is-layout-flex wp-container-core-columns-is-layout-5 wp-block-columns-is-layout-flex\">\n<div class=\"wp-block-column is-layout-flow wp-block-column-is-layout-flow\">\n<p class=\"has-text-align-center is-style-disclaimer\">Denne kommunikasjonen er kun ment for informasjons- og utdanningsform\u00e5l og b\u00f8r ikke betraktes som investeringsr\u00e5d eller investeringsanbefaling. Den er ikke ment \u00e5 gi, og b\u00f8r ikke stoles p\u00e5, for skatte- eller regnskapsr\u00e5dgivning. Du b\u00f8r konsultere dine egne uavhengige skatte- og regnskapsr\u00e5dgivere.<\/p>\n<\/div>\n<\/div>\n<\/div><\/section>\n","protected":false},"excerpt":{"rendered":"<p>Som eToro Club-medlem er du berettiget til rabatt p\u00e5 skattemeldingen generert av en av v\u00e5re partnere. Bare velg fra listen v\u00e5r over ekspertskatteleverand\u00f8rer, og de vil gj\u00f8re jobben for deg. V\u00e6r oppmerksom p\u00e5 at eToro vil dele hvilket Klubbniv\u00e5 du tilh\u00f8rer med tredjeparten slik at du kan motta rabatten din. eToro gir ikke skatter\u00e5dgivning, og&hellip;<\/p>\n","protected":false},"author":45,"featured_media":836455,"parent":547156,"menu_order":0,"comment_status":"closed","ping_status":"closed","template":"","meta":{"_acf_changed":false,"inline_featured_image":false,"sticky_cta_settings":"","footnotes":""},"asset_type":[],"class_list":["post-867146","page","type-page","status-publish","has-post-thumbnail","hentry"],"acf":[],"yoast_head":"<title>Rabattert skattemelding for eToro Club-medlemmer<\/title>\n<meta name=\"description\" content=\"F\u00e5 rabatt p\u00e5 skattemelding generert av en av v\u00e5re partnere. Bare velg fra listen v\u00e5r over ekspertskatteleverand\u00f8rer, og de vil gj\u00f8re jobben for deg\" \/>\n<meta name=\"robots\" content=\"index, follow, max-snippet:-1, max-image-preview:large, max-video-preview:-1\" \/>\n<link rel=\"canonical\" href=\"https:\/\/www.etoro.com\/nb-no\/wp-json\/wp\/v2\/pages\/867146\" \/>\n<meta property=\"og:locale\" content=\"nn_NO\" \/>\n<meta property=\"og:type\" content=\"article\" \/>\n<meta property=\"og:title\" content=\"Rabattert skattemelding for eToro Club-medlemmer\" \/>\n<meta property=\"og:description\" content=\"F\u00e5 rabatt p\u00e5 skattemelding generert av en av v\u00e5re partnere. Bare velg fra listen v\u00e5r over ekspertskatteleverand\u00f8rer, og de vil gj\u00f8re jobben for deg\" \/>\n<meta property=\"og:url\" content=\"https:\/\/www.etoro.com\/nb-no\/wp-json\/wp\/v2\/pages\/867146\" \/>\n<meta property=\"og:site_name\" content=\"eToro\" \/>\n<meta property=\"article:publisher\" content=\"https:\/\/www.facebook.com\/eToro\/\" \/>\n<meta property=\"article:modified_time\" content=\"2024-04-11T10:06:56+00:00\" \/>\n<meta property=\"og:image\" content=\"https:\/\/www.etoro.com\/wp-content\/uploads\/2024\/01\/Tax-services.jpg\" \/>\n\t<meta property=\"og:image:width\" content=\"1200\" \/>\n\t<meta property=\"og:image:height\" content=\"630\" \/>\n\t<meta property=\"og:image:type\" content=\"image\/jpeg\" \/>\n<meta name=\"twitter:card\" content=\"summary_large_image\" \/>\n<meta name=\"twitter:site\" content=\"@eToro\" \/>\n<meta name=\"twitter:label1\" content=\"Est. reading time\" \/>\n\t<meta name=\"twitter:data1\" content=\"2 minutes\" \/>\n<script type=\"application\/ld+json\" class=\"yoast-schema-graph\">{\"@context\":\"https:\/\/schema.org\",\"@graph\":[{\"@type\":\"WebPage\",\"@id\":\"https:\/\/www.etoro.com\/nb-no\/about\/club\/tax-partners\/\",\"url\":\"https:\/\/www.etoro.com\/nb-no\/about\/club\/tax-partners\/\",\"name\":\"Rabattert skattemelding for eToro Club-medlemmer\",\"isPartOf\":{\"@id\":\"https:\/\/www.etoro.com\/nb-no\/#website\"},\"primaryImageOfPage\":{\"@id\":\"https:\/\/www.etoro.com\/nb-no\/about\/club\/tax-partners\/#primaryimage\"},\"image\":{\"@id\":\"https:\/\/www.etoro.com\/nb-no\/about\/club\/tax-partners\/#primaryimage\"},\"thumbnailUrl\":\"https:\/\/www.etoro.com\/wp-content\/uploads\/2024\/01\/Tax-services.jpg\",\"datePublished\":\"2024-01-05T12:43:27+00:00\",\"dateModified\":\"2024-04-11T10:06:56+00:00\",\"description\":\"F\u00e5 rabatt p\u00e5 skattemelding generert av en av v\u00e5re partnere. Bare velg fra listen v\u00e5r over ekspertskatteleverand\u00f8rer, og de vil gj\u00f8re jobben for deg\",\"breadcrumb\":{\"@id\":\"https:\/\/www.etoro.com\/nb-no\/about\/club\/tax-partners\/#breadcrumb\"},\"inLanguage\":\"no\",\"potentialAction\":[{\"@type\":\"ReadAction\",\"target\":[\"https:\/\/www.etoro.com\/nb-no\/about\/club\/tax-partners\/\"]}]},{\"@type\":\"ImageObject\",\"inLanguage\":\"no\",\"@id\":\"https:\/\/www.etoro.com\/nb-no\/about\/club\/tax-partners\/#primaryimage\",\"url\":\"https:\/\/www.etoro.com\/wp-content\/uploads\/2024\/01\/Tax-services.jpg\",\"contentUrl\":\"https:\/\/www.etoro.com\/wp-content\/uploads\/2024\/01\/Tax-services.jpg\",\"width\":1200,\"height\":630,\"caption\":\"Tax services\"},{\"@type\":\"BreadcrumbList\",\"@id\":\"https:\/\/www.etoro.com\/nb-no\/about\/club\/tax-partners\/#breadcrumb\",\"itemListElement\":[{\"@type\":\"ListItem\",\"position\":1,\"name\":\"Hjem\",\"item\":\"https:\/\/www.etoro.com\/nb-no\/\"},{\"@type\":\"ListItem\",\"position\":2,\"name\":\"OM\",\"item\":\"https:\/\/www.etoro.com\/nb-no\/about\/\"},{\"@type\":\"ListItem\",\"position\":3,\"name\":\"eToro Club\",\"item\":\"https:\/\/www.etoro.com\/nb-no\/about\/club\/\"},{\"@type\":\"ListItem\",\"position\":4,\"name\":\"Tax Partners\"}]},{\"@type\":\"WebSite\",\"@id\":\"https:\/\/www.etoro.com\/nb-no\/#website\",\"url\":\"https:\/\/www.etoro.com\/nb-no\/\",\"name\":\"eToro\",\"description\":\"\",\"publisher\":{\"@id\":\"https:\/\/www.etoro.com\/nb-no\/#organization\"},\"potentialAction\":[{\"@type\":\"SearchAction\",\"target\":{\"@type\":\"EntryPoint\",\"urlTemplate\":\"https:\/\/www.etoro.com\/nb-no\/?s={search_term_string}\"},\"query-input\":{\"@type\":\"PropertyValueSpecification\",\"valueRequired\":true,\"valueName\":\"search_term_string\"}}],\"inLanguage\":\"no\"},[]]}<\/script>","yoast_head_json":{"title":"Rabattert skattemelding for eToro Club-medlemmer","description":"F\u00e5 rabatt p\u00e5 skattemelding generert av en av v\u00e5re partnere. Bare velg fra listen v\u00e5r over ekspertskatteleverand\u00f8rer, og de vil gj\u00f8re jobben for deg","robots":{"index":"index","follow":"follow","max-snippet":"max-snippet:-1","max-image-preview":"max-image-preview:large","max-video-preview":"max-video-preview:-1"},"canonical":"https:\/\/www.etoro.com\/nb-no\/wp-json\/wp\/v2\/pages\/867146","og_locale":"nn_NO","og_type":"article","og_title":"Rabattert skattemelding for eToro Club-medlemmer","og_description":"F\u00e5 rabatt p\u00e5 skattemelding generert av en av v\u00e5re partnere. Bare velg fra listen v\u00e5r over ekspertskatteleverand\u00f8rer, og de vil gj\u00f8re jobben for deg","og_url":"https:\/\/www.etoro.com\/nb-no\/wp-json\/wp\/v2\/pages\/867146","og_site_name":"eToro","article_publisher":"https:\/\/www.facebook.com\/eToro\/","article_modified_time":"2024-04-11T10:06:56+00:00","og_image":[{"width":1200,"height":630,"url":"https:\/\/www.etoro.com\/wp-content\/uploads\/2024\/01\/Tax-services.jpg","type":"image\/jpeg"}],"twitter_card":"summary_large_image","twitter_site":"@eToro","twitter_misc":{"Est. reading time":"2 minutes"},"schema":{"@context":"https:\/\/schema.org","@graph":[{"@type":"WebPage","@id":"https:\/\/www.etoro.com\/nb-no\/about\/club\/tax-partners\/","url":"https:\/\/www.etoro.com\/nb-no\/about\/club\/tax-partners\/","name":"Rabattert skattemelding for eToro Club-medlemmer","isPartOf":{"@id":"https:\/\/www.etoro.com\/nb-no\/#website"},"primaryImageOfPage":{"@id":"https:\/\/www.etoro.com\/nb-no\/about\/club\/tax-partners\/#primaryimage"},"image":{"@id":"https:\/\/www.etoro.com\/nb-no\/about\/club\/tax-partners\/#primaryimage"},"thumbnailUrl":"https:\/\/www.etoro.com\/wp-content\/uploads\/2024\/01\/Tax-services.jpg","datePublished":"2024-01-05T12:43:27+00:00","dateModified":"2024-04-11T10:06:56+00:00","description":"F\u00e5 rabatt p\u00e5 skattemelding generert av en av v\u00e5re partnere. Bare velg fra listen v\u00e5r over ekspertskatteleverand\u00f8rer, og de vil gj\u00f8re jobben for deg","breadcrumb":{"@id":"https:\/\/www.etoro.com\/nb-no\/about\/club\/tax-partners\/#breadcrumb"},"inLanguage":"no","potentialAction":[{"@type":"ReadAction","target":["https:\/\/www.etoro.com\/nb-no\/about\/club\/tax-partners\/"]}]},{"@type":"ImageObject","inLanguage":"no","@id":"https:\/\/www.etoro.com\/nb-no\/about\/club\/tax-partners\/#primaryimage","url":"https:\/\/www.etoro.com\/wp-content\/uploads\/2024\/01\/Tax-services.jpg","contentUrl":"https:\/\/www.etoro.com\/wp-content\/uploads\/2024\/01\/Tax-services.jpg","width":1200,"height":630,"caption":"Tax services"},{"@type":"BreadcrumbList","@id":"https:\/\/www.etoro.com\/nb-no\/about\/club\/tax-partners\/#breadcrumb","itemListElement":[{"@type":"ListItem","position":1,"name":"Hjem","item":"https:\/\/www.etoro.com\/nb-no\/"},{"@type":"ListItem","position":2,"name":"OM","item":"https:\/\/www.etoro.com\/nb-no\/about\/"},{"@type":"ListItem","position":3,"name":"eToro Club","item":"https:\/\/www.etoro.com\/nb-no\/about\/club\/"},{"@type":"ListItem","position":4,"name":"Tax Partners"}]},{"@type":"WebSite","@id":"https:\/\/www.etoro.com\/nb-no\/#website","url":"https:\/\/www.etoro.com\/nb-no\/","name":"eToro","description":"","publisher":{"@id":"https:\/\/www.etoro.com\/nb-no\/#organization"},"potentialAction":[{"@type":"SearchAction","target":{"@type":"EntryPoint","urlTemplate":"https:\/\/www.etoro.com\/nb-no\/?s={search_term_string}"},"query-input":{"@type":"PropertyValueSpecification","valueRequired":true,"valueName":"search_term_string"}}],"inLanguage":"no"},[]]}},"_links":{"self":[{"href":"https:\/\/www.etoro.com\/nb-no\/wp-json\/wp\/v2\/pages\/867146"}],"collection":[{"href":"https:\/\/www.etoro.com\/nb-no\/wp-json\/wp\/v2\/pages"}],"about":[{"href":"https:\/\/www.etoro.com\/nb-no\/wp-json\/wp\/v2\/types\/page"}],"author":[{"embeddable":true,"href":"https:\/\/www.etoro.com\/nb-no\/wp-json\/wp\/v2\/users\/45"}],"replies":[{"embeddable":true,"href":"https:\/\/www.etoro.com\/nb-no\/wp-json\/wp\/v2\/comments?post=867146"}],"version-history":[{"count":0,"href":"https:\/\/www.etoro.com\/nb-no\/wp-json\/wp\/v2\/pages\/867146\/revisions"}],"up":[{"embeddable":true,"href":"https:\/\/www.etoro.com\/nb-no\/wp-json\/wp\/v2\/pages\/547156"}],"wp:featuredmedia":[{"embeddable":true,"href":"https:\/\/www.etoro.com\/nb-no\/wp-json\/wp\/v2\/media\/836455"}],"wp:attachment":[{"href":"https:\/\/www.etoro.com\/nb-no\/wp-json\/wp\/v2\/media?parent=867146"}],"wp:term":[{"taxonomy":"asset_type","embeddable":true,"href":"https:\/\/www.etoro.com\/nb-no\/wp-json\/wp\/v2\/asset_type?post=867146"}],"curies":[{"name":"wp","href":"https:\/\/api.w.org\/{rel}","templated":true}]}}