{"id":10575,"date":"2017-10-24T08:45:44","date_gmt":"2017-10-24T05:45:44","guid":{"rendered":"\/etoro\/community-guidelines\/"},"modified":"2025-07-10T15:45:07","modified_gmt":"2025-07-10T12:45:07","slug":"community-guidelines","status":"publish","type":"page","link":"https:\/\/www.etoro.com\/nl\/customer-service\/community-guidelines\/","title":{"rendered":"eToro community-richtlijnen"},"content":{"rendered":"\n<section class=\"wp-block-group wp-block-group-boxed\"><div class=\"wp-block-group-inner is-layout-flow wp-block-group-is-layout-flow\">\n<div class=\"wp-block-columns are-vertically-aligned-top wp-block-columns-1 is-layout-flex wp-container-core-columns-is-layout-1 wp-block-columns-is-layout-flex\">\n<div class=\"wp-block-column is-layout-flow wp-block-column-is-layout-flow\">\n<h2 class=\"wp-block-heading\">Hoe mensen eToro gebruiken<\/h2>\n\n\n\n<p>eToro is een online handelsplatform. Het wordt gebruikt door miljoenen gebruikers wereldwijd om hun financi\u00ebn te beheren en transacties uit te voeren. eToro is echter ook een sociaal netwerk waarop gebruikers gedachten, idee\u00ebn, strategie\u00ebn en meer kunnen uitwisselen. Zoals bij veel andere sociale netwerken is eToro vaak een discussieplatform, wat voor het grootste gedeelte rustig en beleefd verloopt.<\/p>\n\n\n\n<p>De volgende richtlijnen helpen je te begrijpen welke content gedeeld mag worden op eToro, en welke content gerapporteerd of verwijderd wordt en kan leiden tot beperkte toegang.<\/p>\n\n\n\n<h2 class=\"wp-block-heading\">Waarom we community-richtlijnen hebben<\/h2>\n\n\n\n<p>eToro is bovenal een community van financi\u00eble enthousiastelingen. De eToro-community bestaat uit mensen uit de hele wereld, ondersteunt meer dan 20 talen en is daarmee zeer divers. Natuurlijk misbruiken sommige gebruikers soms de sociale aspecten van het platform. Sommige mensen doen dit met kwaad opzet, maar vaker wel dan niet gebeurt het omdat ze zich niet bewust zijn van de richtlijnen van de community.<\/p>\n\n\n\n<h2 class=\"wp-block-heading\">Het doel van de richtlijnen<\/h2>\n\n\n\n<ul class=\"wp-block-list wp-block-list wp-block-list-circle\">\n<li><b>Veiligheid:<\/b> We streven ernaar de veiligheid en het welzijn te garanderen van alle eToro-gebruikers. Het naleven van deze richtlijnen zorgt daarvoor.<\/li>\n\n\n\n<li><b>Waardigheid<\/b>: eToro is een plaats voor mensen, en alle mensen verdienen het om hun waardigheid te behouden. Het naleven van de richtlijnen zorgt ervoor dat de waardigheid van onze gebruikers niet in het geding komt.<\/li>\n<\/ul>\n\n\n\n<p><b><i>Disclaimer:<\/i><\/b><i> Houd er rekening mee dat de Engelse versie van de Community-normen de recentste versie van het beleid weergeeft en als basisdocument moet worden gebruikt.<br><\/i><\/p>\n\n\n\n<h2 class=\"wp-block-heading\">Geweld en aansporing<\/h2>\n\n\n\n<p>eToro-gebruikers mogen nooit gewelddadig gedrag vertonen of gewelddadig gedrag aanmoedigen, direct of indirect. Dit omvat, maar is niet beperkt tot: het gebruik van scheldwoorden, vloeken, trollen, misbruik, fraude of ongepaste verzoeken.<\/p>\n\n\n\n<h2 class=\"wp-block-heading\">Trollen<\/h2>\n\n\n\n<p>eToro-gebruikers mogen nooit opzettelijk conflicten uitlokken, provoceren of doelbewust mensen overstuur maken. Alle discussies moeten beleefd en ter zake zijn.<\/p>\n\n\n\n<h2 class=\"wp-block-heading\">Bedrog en imitatie<\/h2>\n\n\n\n<p>Je mag jezelf nooit anders voordoen door het eToro-logo of andere merken te gebruiken in je avatar of berichten.<\/p>\n\n\n\n<h2 class=\"wp-block-heading\">Ongepaste verzoeken<\/h2>\n\n\n\n<p>Merk op dat gebruikers verantwoordelijk zijn voor alle advertenties van derden in alle content die zij delen. Bijvoorbeeld, je mag geen videocontent posten, delen of weergeven op ons platform die advertenties van derden bevatten, zoals video-advertenties of sponsor-afbeeldingen, zonder onze voorafgaande toestemming.<\/p>\n\n\n\n<h2 class=\"wp-block-heading\">Marktmanipulatietactieken<\/h2>\n\n\n\n<ul class=\"wp-block-list wp-block-list wp-block-list-circle\">\n<li>Misleidende informatie: Je mag nooit misleidende informatie posten over je account en\/of handelsvaardigheden.<\/li>\n\n\n\n<li>Beleggingsadvies: Geef nooit direct beleggingsadvies, of iets dat als zodanig ge\u00efnterpreteerd kan worden. Vraag niet om directe actie (zoals \u201cbeleg in\u201d).<\/li>\n\n\n\n<li>Marktmanipulatie: Maak geen valse beloftes en verleid anderen niet om te handelen\/beleggen en probeer geen volatiele marktsituaties te cre\u00ebren.<\/li>\n\n\n\n<li>Organiseer of voer geen geco\u00f6rdineerde strategie\u00ebn uit om te handelen of orders te plaatsen met bepaalde voorwaarden en tijden om de aandeelkoers te be\u00efnvloeden, omdat dit overeenkomt met marktmanipulatie.<\/li>\n\n\n\n<li>Gebruikersmanipulatie: Geef geen instructies over specifieke transacties of over hoe te handelen.<\/li>\n\n\n\n<li>Nepnieuws: Deel\/verspreid geen misinformatie, niet-verifieerbare informatie en geruchten.<\/li>\n\n\n\n<li>Spammen: Gebruik geen heimelijke samenwerking en marktmanipulatietactieken, en vermijd de overdracht van misinformatie om de financi\u00eble markt te verstoren, en post niet dezelfde informatie meerdere keren in verschillende posts.<\/li>\n<\/ul>\n\n\n\n<h2 class=\"wp-block-heading\">Contact opnemen met de eToro-klantenservice<\/h2>\n\n\n\n<p>Post geen technische of account-gerelateerde vragen of informatie in de feed. Je kunt altijd contact opnemen met de klantenservice als je vragen hebt of hulp nodig hebt, via chat of door <a href=\"https:\/\/www.etoro.com\/nl\/customer-service\/\">een ticket te openen<\/a>. Je kunt ook contact opnemen met het <a href=\"https:\/\/help.etoro.com\/s\/?language=nl_NL\">eToro Helpcentrum<\/a>.<\/p>\n\n\n\n<h2 class=\"wp-block-heading\">Persoonlijke gegevens<\/h2>\n\n\n\n<p>Deel nooit persoonlijke gegevens in de eToro-nieuwsfeed en moedig anderen nooit aan dit te doen.<\/p>\n\n\n\n<h2 class=\"wp-block-heading\">Te vermijden onderwerpen<\/h2>\n\n\n\n<p>Bespreek, noem of deel nooit enige content met de volgende onderwerpen:<\/p>\n\n\n\n<ul class=\"wp-block-list wp-block-list wp-block-list-circle\">\n<li>Zelfmoord en automutilatie<\/li>\n\n\n\n<li>Kindermisbruik, mishandeling en naaktheid<\/li>\n\n\n\n<li>Pesten en intimidatie<\/li>\n\n\n\n<li>Platformmanipulatie (het eToro-platform gebruiken op een manier om kunstmatig informatie te versterken of te onderdrukken)<\/li>\n\n\n\n<li>Synthetische en gemanipuleerde media (het misleidend delen van synthetische en gemanipuleerde media die waarschijnlijk schade aanrichten)<\/li>\n<\/ul>\n\n\n\n<h2 class=\"wp-block-heading\">Het niet naleven van de eToro community-richtlijnen<\/h2>\n\n\n\n<p>Posts, reacties, avatars en bio\u2019s die niet aan de bovenstaande richtlijnen voldoen kunnen door eToro bewerkt of verwijderd worden. Het herhaaldelijk overtreden van deze richtlijnen leidt tot het beperken of blokkeren van je toegang. Als een lid van het eToro-team of community een van de bovenstaande zaken meldt over een specifieke gebruiker, en we constateren dat het gedrag blijft aanhouden, zal dit ook grond zijn voor het verwijderen van content of beperkte toegang voor die gebruiker. Als je toegang beperkt is en je weet niet waarom, neem dan contact op met de <a href=\"https:\/\/www.etoro.com\/nl\/customer-service\/\">Klantenservice<\/a>.<\/p>\n\n\n\n<h2 class=\"wp-block-heading\">Wat je allemaal wel mag doen:<\/h2>\n\n\n\n<h3 class=\"wp-block-heading\">Constructief zijn<\/h3>\n\n\n\n<p>We bieden ruimte aan veel handelaren uit vele verschillende leeftijdsgroepen, culturen, levensstijlen en met verschillende meningen, maar we delen allemaal een gemeenschappelijke interesse in handelen op de markt. Wees beleefd en respectvol voor de idee\u00ebn, opmerkingen of handelsactiviteiten van anderen, ook als deze niet overeenkomen met je eigen mening. Je wordt aangemoedigd om je gedachten en feedback te delen, maar blijf respectvol en val niemand lastig.<\/p>\n\n\n\n<h3 class=\"wp-block-heading\">Een discussie aanmoedigen<\/h3>\n\n\n\n<p>We moedigen je aan idee\u00ebn, strategie\u00ebn en marktgebeurtenissen te bespreken op het moment dat ze plaatsvinden.<\/p>\n\n\n\n<h3 class=\"wp-block-heading\">Houd het relevant<\/h3>\n\n\n\n<p>Stel vragen als je iets niet zeker weet, maar houd het gesprek op koers en zorg dat je de informatie op de juiste plek neerzet. Verstoor de gesprekken van anderen niet en gebruik de marktfeeds niet voor persoonlijke of irrelevante posts. Dit omvat het taggen van marktfeeds in je handelsverhalen, deze te gebruiken om je eigen resultaten te promoten (zie Spammen) en het vragen van algemene vragen of discussies over andere onderwerpen.<\/p>\n\n\n\n<h3 class=\"wp-block-heading\">Wees niet verlegen als je net begint.<\/h3>\n\n\n\n<p>Stel vragen en informeer naar gebeurtenissen als je niet zeker weet wat ze bedoelen of welk resultaat iedereen voorspelt en waarom.<\/p>\n\n\n\n<h3 class=\"wp-block-heading\">Vergroot de blootstelling van je portfolio aan de community<\/h3>\n\n\n\n<p>Als je volgers wilt op eToro, hebben we deze tips voor je:<\/p>\n\n\n\n<ul class=\"wp-block-list wp-block-list wp-block-list-circle\">\n<li>Upload een foto van jezelf en maak je naam zichtbaar.<\/li>\n\n\n\n<li>eToro moedigt verantwoordelijk handelen aan. Presenteer jezelf als een verantwoordelijk handelaar aan de personen die je profiel bekijken. Deel je gedachten over en uitleg van je handelen op je nieuwsfeed.<\/li>\n\n\n\n<li>Hiermee bouw je je reputatie op en bied je inzichten aan je potenti\u00eble kopieerders.<\/li>\n\n\n\n<li>Neem deel aan gesprekken en help anderen met hun vragen.<\/li>\n\n\n\n<li>Deel je acties en post op Facebook en Twitter om nieuwe kopieerders aan te trekken. Bekijk welke promoties beschikbaar zijn voor alle regio\u2019s en deel ze met je vrienden.<\/li>\n<\/ul>\n<\/div>\n<\/div>\n<\/div><\/section>\n","protected":false},"excerpt":{"rendered":"<p>Hoe mensen eToro gebruiken eToro is een online handelsplatform. Het wordt gebruikt door miljoenen gebruikers wereldwijd om hun financi\u00ebn te beheren en transacties uit te voeren. eToro is echter ook een sociaal netwerk waarop gebruikers gedachten, idee\u00ebn, strategie\u00ebn en meer kunnen uitwisselen. Zoals bij veel andere sociale netwerken is eToro vaak een discussieplatform, wat voor&hellip;<\/p>\n","protected":false},"author":1,"featured_media":813022,"parent":10602,"menu_order":1544,"comment_status":"closed","ping_status":"closed","template":"","meta":{"_acf_changed":false,"inline_featured_image":false,"sticky_cta_settings":"","footnotes":""},"asset_type":[],"class_list":["post-10575","page","type-page","status-publish","has-post-thumbnail","hentry"],"acf":[],"yoast_head":"<title>Richtlijnen voor sociaal handelen | eToro<\/title>\n<meta name=\"description\" content=\"eToro is gebouwd op een netwerk van meer dan 6 miljoen handelaren. Deze richtlijnen bevorderen de aangename sfeer binnen de sociale handelsgemeenschap.\" \/>\n<meta name=\"robots\" content=\"index, follow, max-snippet:-1, max-image-preview:large, max-video-preview:-1\" \/>\n<link rel=\"canonical\" href=\"https:\/\/www.etoro.com\/nl\/wp-json\/wp\/v2\/pages\/10575\" \/>\n<meta property=\"og:locale\" content=\"nl_NL\" \/>\n<meta property=\"og:type\" content=\"article\" \/>\n<meta property=\"og:title\" content=\"Richtlijnen voor sociaal handelen | eToro\" \/>\n<meta property=\"og:description\" content=\"eToro is gebouwd op een netwerk van meer dan 6 miljoen handelaren. Deze richtlijnen bevorderen de aangename sfeer binnen de sociale handelsgemeenschap.\" \/>\n<meta property=\"og:url\" content=\"https:\/\/www.etoro.com\/nl\/wp-json\/wp\/v2\/pages\/10575\" \/>\n<meta property=\"og:site_name\" content=\"eToro\" \/>\n<meta property=\"article:publisher\" content=\"https:\/\/www.facebook.com\/eToro\/\" \/>\n<meta property=\"article:modified_time\" content=\"2025-07-10T12:45:07+00:00\" \/>\n<meta property=\"og:image\" content=\"https:\/\/www.etoro.com\/wp-content\/uploads\/2023\/12\/eToro-Community-Guidelines_Featured-image-1200x630_Dutch-du.png\" \/>\n\t<meta property=\"og:image:width\" content=\"1200\" \/>\n\t<meta property=\"og:image:height\" content=\"630\" \/>\n\t<meta property=\"og:image:type\" content=\"image\/png\" \/>\n<meta name=\"twitter:card\" content=\"summary_large_image\" \/>\n<meta name=\"twitter:site\" content=\"@eToro\" \/>\n<meta name=\"twitter:label1\" content=\"Est. reading time\" \/>\n\t<meta name=\"twitter:data1\" content=\"5 minutes\" \/>\n<script type=\"application\/ld+json\" class=\"yoast-schema-graph\">{\"@context\":\"https:\/\/schema.org\",\"@graph\":[{\"@type\":\"WebPage\",\"@id\":\"https:\/\/www.etoro.com\/nl\/customer-service\/community-guidelines\/\",\"url\":\"https:\/\/www.etoro.com\/nl\/customer-service\/community-guidelines\/\",\"name\":\"Richtlijnen voor sociaal handelen | eToro\",\"isPartOf\":{\"@id\":\"https:\/\/www.etoro.com\/nl\/#website\"},\"primaryImageOfPage\":{\"@id\":\"https:\/\/www.etoro.com\/nl\/customer-service\/community-guidelines\/#primaryimage\"},\"image\":{\"@id\":\"https:\/\/www.etoro.com\/nl\/customer-service\/community-guidelines\/#primaryimage\"},\"thumbnailUrl\":\"https:\/\/www.etoro.com\/wp-content\/uploads\/2023\/12\/eToro-Community-Guidelines_Featured-image-1200x630_Dutch-du.png\",\"datePublished\":\"2017-10-24T05:45:44+00:00\",\"dateModified\":\"2025-07-10T12:45:07+00:00\",\"description\":\"eToro is gebouwd op een netwerk van meer dan 6 miljoen handelaren. Deze richtlijnen bevorderen de aangename sfeer binnen de sociale handelsgemeenschap.\",\"breadcrumb\":{\"@id\":\"https:\/\/www.etoro.com\/nl\/customer-service\/community-guidelines\/#breadcrumb\"},\"inLanguage\":\"nl\",\"potentialAction\":[{\"@type\":\"ReadAction\",\"target\":[\"https:\/\/www.etoro.com\/nl\/customer-service\/community-guidelines\/\"]}]},{\"@type\":\"ImageObject\",\"inLanguage\":\"nl\",\"@id\":\"https:\/\/www.etoro.com\/nl\/customer-service\/community-guidelines\/#primaryimage\",\"url\":\"https:\/\/www.etoro.com\/wp-content\/uploads\/2023\/12\/eToro-Community-Guidelines_Featured-image-1200x630_Dutch-du.png\",\"contentUrl\":\"https:\/\/www.etoro.com\/wp-content\/uploads\/2023\/12\/eToro-Community-Guidelines_Featured-image-1200x630_Dutch-du.png\",\"width\":1200,\"height\":630,\"caption\":\"Community Guidelines\"},{\"@type\":\"BreadcrumbList\",\"@id\":\"https:\/\/www.etoro.com\/nl\/customer-service\/community-guidelines\/#breadcrumb\",\"itemListElement\":[{\"@type\":\"ListItem\",\"position\":1,\"name\":\"Thuispagina\",\"item\":\"https:\/\/www.etoro.com\/nl\/\"},{\"@type\":\"ListItem\",\"position\":2,\"name\":\"KLANTENSERVICE\",\"item\":\"https:\/\/www.etoro.com\/nl\/customer-service\/\"},{\"@type\":\"ListItem\",\"position\":3,\"name\":\"COMMUNITY-RICHTLIJNEN\"}]},{\"@type\":\"WebSite\",\"@id\":\"https:\/\/www.etoro.com\/nl\/#website\",\"url\":\"https:\/\/www.etoro.com\/nl\/\",\"name\":\"eToro\",\"description\":\"\",\"publisher\":{\"@id\":\"https:\/\/www.etoro.com\/nl\/#organization\"},\"potentialAction\":[{\"@type\":\"SearchAction\",\"target\":{\"@type\":\"EntryPoint\",\"urlTemplate\":\"https:\/\/www.etoro.com\/nl\/?s={search_term_string}\"},\"query-input\":{\"@type\":\"PropertyValueSpecification\",\"valueRequired\":true,\"valueName\":\"search_term_string\"}}],\"inLanguage\":\"nl\"},[]]}<\/script>","yoast_head_json":{"title":"Richtlijnen voor sociaal handelen | eToro","description":"eToro is gebouwd op een netwerk van meer dan 6 miljoen handelaren. Deze richtlijnen bevorderen de aangename sfeer binnen de sociale handelsgemeenschap.","robots":{"index":"index","follow":"follow","max-snippet":"max-snippet:-1","max-image-preview":"max-image-preview:large","max-video-preview":"max-video-preview:-1"},"canonical":"https:\/\/www.etoro.com\/nl\/wp-json\/wp\/v2\/pages\/10575","og_locale":"nl_NL","og_type":"article","og_title":"Richtlijnen voor sociaal handelen | eToro","og_description":"eToro is gebouwd op een netwerk van meer dan 6 miljoen handelaren. Deze richtlijnen bevorderen de aangename sfeer binnen de sociale handelsgemeenschap.","og_url":"https:\/\/www.etoro.com\/nl\/wp-json\/wp\/v2\/pages\/10575","og_site_name":"eToro","article_publisher":"https:\/\/www.facebook.com\/eToro\/","article_modified_time":"2025-07-10T12:45:07+00:00","og_image":[{"width":1200,"height":630,"url":"https:\/\/www.etoro.com\/wp-content\/uploads\/2023\/12\/eToro-Community-Guidelines_Featured-image-1200x630_Dutch-du.png","type":"image\/png"}],"twitter_card":"summary_large_image","twitter_site":"@eToro","twitter_misc":{"Est. reading time":"5 minutes"},"schema":{"@context":"https:\/\/schema.org","@graph":[{"@type":"WebPage","@id":"https:\/\/www.etoro.com\/nl\/customer-service\/community-guidelines\/","url":"https:\/\/www.etoro.com\/nl\/customer-service\/community-guidelines\/","name":"Richtlijnen voor sociaal handelen | eToro","isPartOf":{"@id":"https:\/\/www.etoro.com\/nl\/#website"},"primaryImageOfPage":{"@id":"https:\/\/www.etoro.com\/nl\/customer-service\/community-guidelines\/#primaryimage"},"image":{"@id":"https:\/\/www.etoro.com\/nl\/customer-service\/community-guidelines\/#primaryimage"},"thumbnailUrl":"https:\/\/www.etoro.com\/wp-content\/uploads\/2023\/12\/eToro-Community-Guidelines_Featured-image-1200x630_Dutch-du.png","datePublished":"2017-10-24T05:45:44+00:00","dateModified":"2025-07-10T12:45:07+00:00","description":"eToro is gebouwd op een netwerk van meer dan 6 miljoen handelaren. Deze richtlijnen bevorderen de aangename sfeer binnen de sociale handelsgemeenschap.","breadcrumb":{"@id":"https:\/\/www.etoro.com\/nl\/customer-service\/community-guidelines\/#breadcrumb"},"inLanguage":"nl","potentialAction":[{"@type":"ReadAction","target":["https:\/\/www.etoro.com\/nl\/customer-service\/community-guidelines\/"]}]},{"@type":"ImageObject","inLanguage":"nl","@id":"https:\/\/www.etoro.com\/nl\/customer-service\/community-guidelines\/#primaryimage","url":"https:\/\/www.etoro.com\/wp-content\/uploads\/2023\/12\/eToro-Community-Guidelines_Featured-image-1200x630_Dutch-du.png","contentUrl":"https:\/\/www.etoro.com\/wp-content\/uploads\/2023\/12\/eToro-Community-Guidelines_Featured-image-1200x630_Dutch-du.png","width":1200,"height":630,"caption":"Community Guidelines"},{"@type":"BreadcrumbList","@id":"https:\/\/www.etoro.com\/nl\/customer-service\/community-guidelines\/#breadcrumb","itemListElement":[{"@type":"ListItem","position":1,"name":"Thuispagina","item":"https:\/\/www.etoro.com\/nl\/"},{"@type":"ListItem","position":2,"name":"KLANTENSERVICE","item":"https:\/\/www.etoro.com\/nl\/customer-service\/"},{"@type":"ListItem","position":3,"name":"COMMUNITY-RICHTLIJNEN"}]},{"@type":"WebSite","@id":"https:\/\/www.etoro.com\/nl\/#website","url":"https:\/\/www.etoro.com\/nl\/","name":"eToro","description":"","publisher":{"@id":"https:\/\/www.etoro.com\/nl\/#organization"},"potentialAction":[{"@type":"SearchAction","target":{"@type":"EntryPoint","urlTemplate":"https:\/\/www.etoro.com\/nl\/?s={search_term_string}"},"query-input":{"@type":"PropertyValueSpecification","valueRequired":true,"valueName":"search_term_string"}}],"inLanguage":"nl"},[]]}},"_links":{"self":[{"href":"https:\/\/www.etoro.com\/nl\/wp-json\/wp\/v2\/pages\/10575"}],"collection":[{"href":"https:\/\/www.etoro.com\/nl\/wp-json\/wp\/v2\/pages"}],"about":[{"href":"https:\/\/www.etoro.com\/nl\/wp-json\/wp\/v2\/types\/page"}],"author":[{"embeddable":true,"href":"https:\/\/www.etoro.com\/nl\/wp-json\/wp\/v2\/users\/1"}],"replies":[{"embeddable":true,"href":"https:\/\/www.etoro.com\/nl\/wp-json\/wp\/v2\/comments?post=10575"}],"version-history":[{"count":0,"href":"https:\/\/www.etoro.com\/nl\/wp-json\/wp\/v2\/pages\/10575\/revisions"}],"up":[{"embeddable":true,"href":"https:\/\/www.etoro.com\/nl\/wp-json\/wp\/v2\/pages\/10602"}],"wp:featuredmedia":[{"embeddable":true,"href":"https:\/\/www.etoro.com\/nl\/wp-json\/wp\/v2\/media\/813022"}],"wp:attachment":[{"href":"https:\/\/www.etoro.com\/nl\/wp-json\/wp\/v2\/media?parent=10575"}],"wp:term":[{"taxonomy":"asset_type","embeddable":true,"href":"https:\/\/www.etoro.com\/nl\/wp-json\/wp\/v2\/asset_type?post=10575"}],"curies":[{"name":"wp","href":"https:\/\/api.w.org\/{rel}","templated":true}]}}