{"id":10595,"date":"2017-10-02T16:44:09","date_gmt":"2017-10-02T13:44:09","guid":{"rendered":"\/etoro\/copy-mirror\/"},"modified":"2021-10-04T11:14:12","modified_gmt":"2021-10-04T08:14:12","slug":"copy-vs-mirror","status":"publish","type":"page","link":"https:\/\/www.etoro.com\/nl\/copytrader\/copy-vs-mirror\/","title":{"rendered":"Copy Trading zorgt voor een revolutie in het concept van gespiegeld beleggen"},"content":{"rendered":"<p>U heeft besloten te beginnen met online handelen. U heeft over verschillende platforms gelezen en u weet dat u gespiegeld kunt beleggen. Maar wat denkt u over Copy Trading, een van de eenvoudigste methoden voor online beleggen? Wilt u dat proberen?<\/p>\n<p>Op deze pagina worden de verschillen behandeld tussen deze twee concepten: gespiegeld beleggen en CopyTrading van eToro.<\/p>\n<h2>Wat is gespiegeld beleggen?<\/h2>\n<p>Gespiegeld beleggen wordt vanaf het begin van deze eeuw voor de wisselmarkt gebruikt. In wezen is dit het kopi\u00ebren van transacties van anderen, en het is steeds populairder geworden bij kleinere bedrijven in de online wisselmarkt. Wat kan er eenvoudiger zijn dan de beste handelaars ter wereld uw transacties te laten afhandelen en uw handelservaring volledig te automatiseren? Er is geen interventie van de cli\u00ebnt vereist, omdat het platform alle accountactiviteiten beheert. Het enige wat u hoeft te doen, is uzelf \u00e9\u00e9n keer per week aan te melden en uw rekeningsaldo te controleren.<\/p>\n<p>Sommige platforms die gespiegeld beleggen aanbieden, doen dit door ervaren handelaars uit verschillende delen van de wereld te verzamelen. Ze bieden deze handelaars gratis beleggingsrekeningen, waardoor deze platforms een indrukwekkende prestatiegeschiedenis vertonen wanneer ze worden gecontroleerd of getest. Tegelijkertijd werken deze bedrijven voor gespiegeld beleggen de prestatiegegevens van deze handelaars regelmatig bij op hun websites en deze gegevens worden dan weergeven.<\/p>\n<p>Deze bedrijven hebben overeenkomsten met verschillende tussenpersonen in hun programma&#8217;s ingebouwd. De bedrijven configureren veel van de rekeningen van de tussenpersoon in \u00e9\u00e9n enkele &#8216;hoofdaccount,&#8217; die door het bedrijf wordt beheerd. De individuele accounts worden door de tussenpersoon beheerd, en het &#8216;hoofdaccount&#8217; door het bedrijf. Het bedrijf kent de hoofdaccount toe aan de personen die bovengemiddeld presteren en dit wordt dan in andere, verbonden accounts gespiegeld.<\/p>\n<p>Nadat klanten een handelaar hebben gekozen om hun account te beheren, worden ze geadviseerd een account bij de aanbevolen tussenpersoon voor deze hoofdaccount te openen. Nadat deze account is geopend, wordt deze automatisch geconfigureerd overeenkomstig de hoofdaccount van de geselecteerde handelaar. Ongeacht wat de handelaar voor eigen rekening doet, wordt dit dan vanaf dat moment automatisch gerepliceerd\/gespiegeld in de account van de klant. Het staat de klant vrij diens eigen parameters voor risicobeheer te kiezen. Dus incidentele agressie of mislukt handelen wordt niet noodzakelijk in de account van de klant weerspiegeld.<\/p>\n<p>Met dit in het achterhoofd gaan we eens kijken hoe eToro dit concept van gespiegeld beleggen revolutionair heeft veranderd, er een denkwijze voor sociaal beleggen van heeft gemaakt, en daarmee gespiegeld beleggen eenvoudiger heeft gemaakt.<\/p>\n<h2>Wat is Copy Trading?<\/h2>\n<p>eToro is een pionier op het gebied van Copy Trading. Hiermee kunt u automatisch handelaars naar eigen keuze kopi\u00ebren en u kunt repliceren wat deze via uw eigen accounts doen. Simpel gezegd, is dit andere personen van over de hele wereld namens u in financi\u00eble markten laten handelen.<\/p>\n<p>Laten we nu eens kijken naar de sociale functies van eToro die een revolutie hebben betekend voor online handelen. Op de feed van het <a href=\"https:\/\/www.etoro.com\/nl\/trading\/platforms\/\" target=\"_blank\" rel=\"noopener noreferrer\">handelsplatform<\/a> van eToro kunt u de basiscomponenten bekijken die sociaal beleggen vorm geven, waaronder: onvertraagd bekijken wat andere handelaars doen, de personen volgen die bovengemiddeld presteren en de handelaars kopi\u00ebren die u bevallen.<\/p>\n<p>Wanneer u zich bij eToro aanmeldt, merkt u meteen dat dit beleggingsplatform niet lijkt op enig ander huidig platform voor online beleggen. Ingewikkelde grafieken worden gebruiksvriendelijk gepresenteerd en onderdelen van het platform lijken meer op een sociaal netwerk dan op een beleggingsplatform. Alleen op eToro kunt u andere handelaars volgen en hun recente activiteit op uw controlelijst zien: een onvertraagde feed over de beleggingen van de mensen en activa die u wilt volgen.<\/p>\n<p>Een andere nuttige functie is &#8216;Copy Trading&#8217; (gebaseerd op de door eToro gepatenteerde CopyTrader\u2122-technologie). Met dit hulpmiddel kunt u succesvolle handelaars automatisch kopi\u00ebren en dezelfde posities openen als zij doen. In feite bouwt u uw eigen portefeuille die op personen is gebaseerd. Deze functie is een geweldige oplossing voor personen die online willen beleggen, maar die eenvoudigweg de tijd niet hebben om te beleggen of die de toewijding ontberen om meer over financi\u00ebn te leren. U kunt gewoon uw favoriete handelaars kopi\u00ebren en van hun kennis en ervaring profiteren.<\/p>\n<h2>Hoe kan ik beginnen met Copy Trading?<\/h2>\n<p>Als eerste raden we u aan &#8216;Populaire beleggers&#8217; te lezen in het gedeelte &#8216;Keuze van de redacteur.&#8217; De daar genoemde handelaars hebben in de afgelopen maanden een lage risicoscore behouden en winst geboekt. U kunt ook het hulpmiddel voor het ontdekken van handelaars gebruiken om meer handelaars te vinden die u wellicht wilt kopi\u00ebren.<\/p>\n<p>Zoekresultaten kunnen worden gefilterd op winst, risicoscore, land van herkomst en andere factoren. Als u een handelaar ziet die u wilt kopi\u00ebren, klik dan op diens profiel. U ziet dan diens recente statistieken, biografie, handelsstrategie en een aantal andere nuttige statistieken. Als u vervolgens besluit dat u deze handelaar wilt kopi\u00ebren, hoeft u alleen maar op &#8216;Kopi\u00ebren&#8217; te klikken. Daarna bepaalt u het bedrag uit het totale vermogen in uw account dat u wilt toewijzen. Alle transacties worden naar verhouding uitgevoerd. Bijvoorbeeld: als u $ 1.000 toewijst voor het kopi\u00ebren van een handelaar met een beleggingssaldo van $ 10.000, wordt een gekopieerde positie van $ 100 in uw account aangemaakt wanneer deze handelaar een positie van $ 1.000 opent. Hierdoor kunt u niet alleen de richting van de positie kopi\u00ebren, maar ook de gebruikte beleggingsstrategie van de handelaar. Een van de belangrijkste dingen die u moet onthouden, is dat u uw beleggingen en risico&#8217;s verstandig en over een breed aanbod moet diversifi\u00ebren. Met &#8216;Copy Trading&#8217; wordt het risico van uw beleggingen inherent gediversifieerd, zolang de gekopieerde handelaar diens risico op dezelfde manier beheert. Als onderdeel van ons beleid voor <a href=\"https:\/\/www.etoro.com\/nl\/customer-service\/responsible-trading\/\">Verantwoordelijk beleggen<\/a> moedigen we onze cli\u00ebnten aan hun risico&#8217;s te beheren.<\/p>\n<p>In de afgelopen jaren hebben we gezien hoe CopyTrader en Copy Trading voor een revolutie hebben gezorgd in de manier waarop mensen handelen en beleggen. Als u nog geen eToro-account heeft, kunt u GRATIS met Copy Trading experimenteren met een virtuele beleggingsrekening met $ 100.000.<\/p>\n","protected":false},"excerpt":{"rendered":"<p>U heeft besloten te beginnen met online handelen. U heeft over verschillende platforms gelezen en u weet dat u gespiegeld kunt beleggen. Maar wat denkt u over Copy Trading, een van de eenvoudigste methoden voor online beleggen? Wilt u dat proberen? Op deze pagina worden de verschillen behandeld tussen deze twee concepten: gespiegeld beleggen en&hellip;<\/p>\n","protected":false},"author":1,"featured_media":0,"parent":34703,"menu_order":1623,"comment_status":"closed","ping_status":"closed","template":"","meta":{"_acf_changed":false,"inline_featured_image":false,"sticky_cta_settings":"","footnotes":""},"asset_type":[],"class_list":["post-10595","page","type-page","status-publish","hentry"],"acf":[],"yoast_head":"<title>eToro&#039;s CopyTrading vernieuwt spiegelhandel<\/title>\n<meta name=\"description\" content=\"CopyTrading verbetert gespiegeld beleggen. U kunt bijna iedereen op het platform kopi\u00ebren.\" \/>\n<meta name=\"robots\" content=\"index, follow, max-snippet:-1, max-image-preview:large, max-video-preview:-1\" \/>\n<link rel=\"canonical\" href=\"https:\/\/www.etoro.com\/nl\/wp-json\/wp\/v2\/pages\/10595\" \/>\n<meta property=\"og:locale\" content=\"nl_NL\" \/>\n<meta property=\"og:type\" content=\"article\" \/>\n<meta property=\"og:title\" content=\"eToro&#039;s CopyTrading vernieuwt spiegelhandel\" \/>\n<meta property=\"og:description\" content=\"CopyTrading verbetert gespiegeld beleggen. U kunt bijna iedereen op het platform kopi\u00ebren.\" \/>\n<meta property=\"og:url\" content=\"https:\/\/www.etoro.com\/nl\/wp-json\/wp\/v2\/pages\/10595\" \/>\n<meta property=\"og:site_name\" content=\"eToro\" \/>\n<meta property=\"article:publisher\" content=\"https:\/\/www.facebook.com\/eToro\/\" \/>\n<meta property=\"article:modified_time\" content=\"2021-10-04T08:14:12+00:00\" \/>\n<meta property=\"og:image\" content=\"https:\/\/www.etoro.com\/wp-content\/uploads\/2019\/12\/etoro_logo_social_share1.png\" \/>\n\t<meta property=\"og:image:width\" content=\"240\" \/>\n\t<meta property=\"og:image:height\" content=\"240\" \/>\n\t<meta property=\"og:image:type\" content=\"image\/png\" \/>\n<meta name=\"twitter:card\" content=\"summary_large_image\" \/>\n<meta name=\"twitter:site\" content=\"@eToro\" \/>\n<meta name=\"twitter:label1\" content=\"Est. reading time\" \/>\n\t<meta name=\"twitter:data1\" content=\"5 minutes\" \/>\n<script type=\"application\/ld+json\" class=\"yoast-schema-graph\">{\"@context\":\"https:\/\/schema.org\",\"@graph\":[{\"@type\":\"WebPage\",\"@id\":\"https:\/\/www.etoro.com\/nl\/copytrader\/copy-vs-mirror\/\",\"url\":\"https:\/\/www.etoro.com\/nl\/copytrader\/copy-vs-mirror\/\",\"name\":\"eToro's CopyTrading vernieuwt spiegelhandel\",\"isPartOf\":{\"@id\":\"https:\/\/www.etoro.com\/nl\/#website\"},\"datePublished\":\"2017-10-02T13:44:09+00:00\",\"dateModified\":\"2021-10-04T08:14:12+00:00\",\"description\":\"CopyTrading verbetert gespiegeld beleggen. U kunt bijna iedereen op het platform kopi\u00ebren.\",\"breadcrumb\":{\"@id\":\"https:\/\/www.etoro.com\/nl\/copytrader\/copy-vs-mirror\/#breadcrumb\"},\"inLanguage\":\"nl\",\"potentialAction\":[{\"@type\":\"ReadAction\",\"target\":[\"https:\/\/www.etoro.com\/nl\/copytrader\/copy-vs-mirror\/\"]}]},{\"@type\":\"BreadcrumbList\",\"@id\":\"https:\/\/www.etoro.com\/nl\/copytrader\/copy-vs-mirror\/#breadcrumb\",\"itemListElement\":[{\"@type\":\"ListItem\",\"position\":1,\"name\":\"Thuispagina\",\"item\":\"https:\/\/www.etoro.com\/nl\/\"},{\"@type\":\"ListItem\",\"position\":2,\"name\":\"CopyTrader\",\"item\":\"https:\/\/www.etoro.com\/nl\/copytrader\/\"},{\"@type\":\"ListItem\",\"position\":3,\"name\":\"KOPI\u00cbREN SPIEGELEN\"}]},{\"@type\":\"WebSite\",\"@id\":\"https:\/\/www.etoro.com\/nl\/#website\",\"url\":\"https:\/\/www.etoro.com\/nl\/\",\"name\":\"eToro\",\"description\":\"\",\"publisher\":{\"@id\":\"https:\/\/www.etoro.com\/nl\/#organization\"},\"potentialAction\":[{\"@type\":\"SearchAction\",\"target\":{\"@type\":\"EntryPoint\",\"urlTemplate\":\"https:\/\/www.etoro.com\/nl\/?s={search_term_string}\"},\"query-input\":{\"@type\":\"PropertyValueSpecification\",\"valueRequired\":true,\"valueName\":\"search_term_string\"}}],\"inLanguage\":\"nl\"},[]]}<\/script>","yoast_head_json":{"title":"eToro's CopyTrading vernieuwt spiegelhandel","description":"CopyTrading verbetert gespiegeld beleggen. U kunt bijna iedereen op het platform kopi\u00ebren.","robots":{"index":"index","follow":"follow","max-snippet":"max-snippet:-1","max-image-preview":"max-image-preview:large","max-video-preview":"max-video-preview:-1"},"canonical":"https:\/\/www.etoro.com\/nl\/wp-json\/wp\/v2\/pages\/10595","og_locale":"nl_NL","og_type":"article","og_title":"eToro's CopyTrading vernieuwt spiegelhandel","og_description":"CopyTrading verbetert gespiegeld beleggen. U kunt bijna iedereen op het platform kopi\u00ebren.","og_url":"https:\/\/www.etoro.com\/nl\/wp-json\/wp\/v2\/pages\/10595","og_site_name":"eToro","article_publisher":"https:\/\/www.facebook.com\/eToro\/","article_modified_time":"2021-10-04T08:14:12+00:00","og_image":[{"width":240,"height":240,"url":"https:\/\/www.etoro.com\/wp-content\/uploads\/2019\/12\/etoro_logo_social_share1.png","type":"image\/png"}],"twitter_card":"summary_large_image","twitter_site":"@eToro","twitter_misc":{"Est. reading time":"5 minutes"},"schema":{"@context":"https:\/\/schema.org","@graph":[{"@type":"WebPage","@id":"https:\/\/www.etoro.com\/nl\/copytrader\/copy-vs-mirror\/","url":"https:\/\/www.etoro.com\/nl\/copytrader\/copy-vs-mirror\/","name":"eToro's CopyTrading vernieuwt spiegelhandel","isPartOf":{"@id":"https:\/\/www.etoro.com\/nl\/#website"},"datePublished":"2017-10-02T13:44:09+00:00","dateModified":"2021-10-04T08:14:12+00:00","description":"CopyTrading verbetert gespiegeld beleggen. U kunt bijna iedereen op het platform kopi\u00ebren.","breadcrumb":{"@id":"https:\/\/www.etoro.com\/nl\/copytrader\/copy-vs-mirror\/#breadcrumb"},"inLanguage":"nl","potentialAction":[{"@type":"ReadAction","target":["https:\/\/www.etoro.com\/nl\/copytrader\/copy-vs-mirror\/"]}]},{"@type":"BreadcrumbList","@id":"https:\/\/www.etoro.com\/nl\/copytrader\/copy-vs-mirror\/#breadcrumb","itemListElement":[{"@type":"ListItem","position":1,"name":"Thuispagina","item":"https:\/\/www.etoro.com\/nl\/"},{"@type":"ListItem","position":2,"name":"CopyTrader","item":"https:\/\/www.etoro.com\/nl\/copytrader\/"},{"@type":"ListItem","position":3,"name":"KOPI\u00cbREN SPIEGELEN"}]},{"@type":"WebSite","@id":"https:\/\/www.etoro.com\/nl\/#website","url":"https:\/\/www.etoro.com\/nl\/","name":"eToro","description":"","publisher":{"@id":"https:\/\/www.etoro.com\/nl\/#organization"},"potentialAction":[{"@type":"SearchAction","target":{"@type":"EntryPoint","urlTemplate":"https:\/\/www.etoro.com\/nl\/?s={search_term_string}"},"query-input":{"@type":"PropertyValueSpecification","valueRequired":true,"valueName":"search_term_string"}}],"inLanguage":"nl"},[]]}},"_links":{"self":[{"href":"https:\/\/www.etoro.com\/nl\/wp-json\/wp\/v2\/pages\/10595"}],"collection":[{"href":"https:\/\/www.etoro.com\/nl\/wp-json\/wp\/v2\/pages"}],"about":[{"href":"https:\/\/www.etoro.com\/nl\/wp-json\/wp\/v2\/types\/page"}],"author":[{"embeddable":true,"href":"https:\/\/www.etoro.com\/nl\/wp-json\/wp\/v2\/users\/1"}],"replies":[{"embeddable":true,"href":"https:\/\/www.etoro.com\/nl\/wp-json\/wp\/v2\/comments?post=10595"}],"version-history":[{"count":0,"href":"https:\/\/www.etoro.com\/nl\/wp-json\/wp\/v2\/pages\/10595\/revisions"}],"up":[{"embeddable":true,"href":"https:\/\/www.etoro.com\/nl\/wp-json\/wp\/v2\/pages\/34703"}],"wp:attachment":[{"href":"https:\/\/www.etoro.com\/nl\/wp-json\/wp\/v2\/media?parent=10595"}],"wp:term":[{"taxonomy":"asset_type","embeddable":true,"href":"https:\/\/www.etoro.com\/nl\/wp-json\/wp\/v2\/asset_type?post=10595"}],"curies":[{"name":"wp","href":"https:\/\/api.w.org\/{rel}","templated":true}]}}