{"id":10728,"date":"2017-10-24T09:56:32","date_gmt":"2017-10-24T06:56:32","guid":{"rendered":"\/etoro\/customer-service\/responsible-trading\/"},"modified":"2024-07-08T13:11:25","modified_gmt":"2024-07-08T10:11:25","slug":"responsible-trading","status":"publish","type":"page","link":"https:\/\/www.etoro.com\/nl\/customer-service\/responsible-trading\/","title":{"rendered":"Beleid voor verantwoord handelen"},"content":{"rendered":"\n<section class=\"wp-block-group wp-block-group-boxed has-white-background-color has-background\"><div class=\"wp-block-group-inner is-layout-flow wp-block-group-is-layout-flow\">\n<div class=\"wp-block-columns are-vertically-aligned-top wp-block-columns-1 is-layout-flex wp-container-core-columns-is-layout-1 wp-block-columns-is-layout-flex\">\n<div class=\"wp-block-column is-layout-flow wp-block-column-is-layout-flow\">\n<p>We moedigen verantwoord gedrag aan onder al onze gebruikers wanneer zij handelen op eToro of gebruikmaken van onze functies voor sociaal handelen. Ons beleid voor verantwoord handelen roept handelaren op zichzelf te beschermen tegen het nemen van emotionele beslissingen die tot onnodige verliezen kunnen leiden.<\/p>\n\n\n\n<p>Vooral beginnende handelaren hebben de neiging meer op hun \u2018onderbuikgevoelens\u2019 te vertrouwen. Dit komt doordat ze niet veel ervaring met financi\u00eble handel hebben, waardoor ze niet altijd rationele en weloverwogen keuzes maken.<\/p>\n\n\n\n<p>Om handelaren te helpen geen overhaaste beslissingen te nemen bij online handelen, raadt eToro, conform plaatselijke financi\u00eble regelgevers, het volgende aan:<\/p>\n\n\n\n<ul class=\"wp-block-list wp-block-list-circle\">\n<li>Maximale hefboom conform de volgende lijst:<\/li>\n<\/ul>\n\n\n\n<p><strong>1. <\/strong>30:1 voor belangrijke valutaparen;<\/p>\n\n\n\n<p><strong>2. <\/strong>20:1 voor niet-belangrijke valutaparen, goud en belangrijke indices;<\/p>\n\n\n\n<p><strong>3. <\/strong>10:1 voor grondstoffen anders dan goud en niet-belangrijke aandelenindices;<\/p>\n\n\n\n<p><strong>4. <\/strong>5:1 voor individuele aandelen en andere referentiewaarden;<\/p>\n\n\n\n<p><strong>5. <\/strong>2:1 voor cryptovaluta\u2019s;<\/p>\n\n\n\n<ul class=\"wp-block-list wp-block-list-circle\">\n<li>Zet niet meer dan 20% van uw vermogen in bij \u00e9\u00e9n enkele transactie<\/li>\n\n\n\n<li>Wijs niet meer dan 40% van uw totale saldo toe aan het kopi\u00ebren van \u00e9\u00e9n belegger<\/li>\n<\/ul>\n\n\n\n<p>De belangrijkste factoren bij slim beleggen zijn een lage hefboom en een diverse portefeuille. Dit feit wordt onderschreven door de portefeuilles van de beste handelaren op eToro.<\/p>\n\n\n\n<h2 class=\"wp-block-heading\">Hier zijn enkele tips om een verantwoordelijkere belegger te worden:<\/h2>\n\n\n\n<ol class=\"wp-block-list\">\n<li>Beleg alleen in zaken die u begrijpt en die u kent. Volg geen willekeurige tips of onderbuikgevoelens. Als u in bepaalde activa wilt beleggen, leer de geschiedenis en tendensen hiervan dan grondig kennen.<\/li>\n\n\n\n<li>Kijk naar uw risicoscore: Uw unieke risicoscore is een prima manier om te zien of u een verantwoordelijke belegger bent. We raden een risicoscore van 3 of lager aan op eToro.<\/li>\n\n\n\n<li>Stel uw portefeuille af: zorg voor diversiteit in uw portefeuille door veel verschillende activasoorten te kiezen. Als u uw portefeuille niet regelmatig wilt controleren, kies dan voor instrumenten waarvoor minder bemoeienis nodig is, zoals Smart Portfolios of ons CopyTrader\u2122-systeem.<\/li>\n\n\n\n<li>Kopieer andere verantwoordelijke handelaren: wanneer u een andere handelaar kopieert, bekijk dan diens risicoscore, geschiedenis en de diversiteit van diens portefeuille.<\/li>\n<\/ol>\n\n\n\n<figure class=\"wp-block-image aligncenter\"><img loading=\"lazy\" decoding=\"async\" width=\"1059\" height=\"529\" src=\"\/wp-content\/uploads\/2017\/10\/trading-guideline-img.png\" alt=\"\" class=\"wp-image-19091 wp-image-desktop\" srcset=\"https:\/\/www.etoro.com\/wp-content\/uploads\/2017\/10\/trading-guideline-img.png 1059w, https:\/\/www.etoro.com\/wp-content\/uploads\/2017\/10\/trading-guideline-img-300x150.png 300w, https:\/\/www.etoro.com\/wp-content\/uploads\/2017\/10\/trading-guideline-img-768x384.png 768w, https:\/\/www.etoro.com\/wp-content\/uploads\/2017\/10\/trading-guideline-img-1024x512.png 1024w\" sizes=\"(max-width: 1059px) 100vw, 1059px\" \/><\/figure>\n\n\n\n<h2 class=\"wp-block-heading\">Psychologie en emotioneel handelen<\/h2>\n\n\n\n<p>Handelaren van alle niveaus kunnen tijdens het handelen te veel laten afhangen van hun emoties. Dit is niet goed, aangezien angst, hebzucht en spanning een rol kunnen spelen in het nemen van slechte beslissingen. Zorg dat u altijd een handelsplan hebt en houdt u zich daaraan, ongeacht wat er gebeurt. Incorporeer bij het opstellen van uw handelsplan de tips uit de paragraaf hierboven en let daarbij vooral op:<\/p>\n\n\n\n<ol class=\"wp-block-list\">\n<li>Maximale hefboom<\/li>\n\n\n\n<li>Diversiteit van portefeuille<\/li>\n\n\n\n<li>Risicoscores en profielen van andere handelaren<\/li>\n<\/ol>\n\n\n\n<p>Indien u vragen hebt over verantwoord handelen, kunt u contact opnemen met het&nbsp;<a href=\"https:\/\/www.etoro.com\/nl\/customer-service\/\">klantenservicecentrum<\/a>.<\/p>\n<\/div>\n<\/div>\n<\/div><\/section>\n","protected":false},"excerpt":{"rendered":"<p>We moedigen verantwoord gedrag aan onder al onze gebruikers wanneer zij handelen op eToro of gebruikmaken van onze functies voor sociaal handelen. Ons beleid voor verantwoord handelen roept handelaren op zichzelf te beschermen tegen het nemen van emotionele beslissingen die tot onnodige verliezen kunnen leiden. Vooral beginnende handelaren hebben de neiging meer op hun \u2018onderbuikgevoelens\u2019&hellip;<\/p>\n","protected":false},"author":1,"featured_media":0,"parent":10602,"menu_order":1499,"comment_status":"closed","ping_status":"closed","template":"","meta":{"_acf_changed":false,"inline_featured_image":false,"sticky_cta_settings":"","footnotes":""},"asset_type":[],"class_list":["post-10728","page","type-page","status-publish","hentry"],"acf":[],"yoast_head":"<title>Beleid inzake verantwoord handelen | eToro<\/title>\n<meta name=\"description\" content=\"eToro moedigt verantwoord handelen door klanten aan en we bieden richtlijnen aan voor veilig handelen. Lees hiervoor ons beleid inzake verantwoord handelen.\" \/>\n<meta name=\"robots\" content=\"index, follow, max-snippet:-1, max-image-preview:large, max-video-preview:-1\" \/>\n<link rel=\"canonical\" href=\"https:\/\/www.etoro.com\/nl\/wp-json\/wp\/v2\/pages\/10728\" \/>\n<meta property=\"og:locale\" content=\"nl_NL\" \/>\n<meta property=\"og:type\" content=\"article\" \/>\n<meta property=\"og:title\" content=\"Beleid inzake verantwoord handelen | eToro\" \/>\n<meta property=\"og:description\" content=\"eToro moedigt verantwoord handelen door klanten aan en we bieden richtlijnen aan voor veilig handelen. Lees hiervoor ons beleid inzake verantwoord handelen.\" \/>\n<meta property=\"og:url\" content=\"https:\/\/www.etoro.com\/nl\/wp-json\/wp\/v2\/pages\/10728\" \/>\n<meta property=\"og:site_name\" content=\"eToro\" \/>\n<meta property=\"article:publisher\" content=\"https:\/\/www.facebook.com\/eToro\/\" \/>\n<meta property=\"article:modified_time\" content=\"2024-07-08T10:11:25+00:00\" \/>\n<meta property=\"og:image\" content=\"https:\/\/www.etoro.com\/wp-content\/uploads\/2019\/12\/etoro_logo_social_share1.png\" \/>\n\t<meta property=\"og:image:width\" content=\"240\" \/>\n\t<meta property=\"og:image:height\" content=\"240\" \/>\n\t<meta property=\"og:image:type\" content=\"image\/png\" \/>\n<meta name=\"twitter:card\" content=\"summary_large_image\" \/>\n<meta name=\"twitter:site\" content=\"@eToro\" \/>\n<meta name=\"twitter:label1\" content=\"Est. reading time\" \/>\n\t<meta name=\"twitter:data1\" content=\"2 minutes\" \/>\n<script type=\"application\/ld+json\" class=\"yoast-schema-graph\">{\"@context\":\"https:\/\/schema.org\",\"@graph\":[{\"@type\":\"WebPage\",\"@id\":\"https:\/\/www.etoro.com\/nl\/customer-service\/responsible-trading\/\",\"url\":\"https:\/\/www.etoro.com\/nl\/customer-service\/responsible-trading\/\",\"name\":\"Beleid inzake verantwoord handelen | eToro\",\"isPartOf\":{\"@id\":\"https:\/\/www.etoro.com\/nl\/#website\"},\"datePublished\":\"2017-10-24T06:56:32+00:00\",\"dateModified\":\"2024-07-08T10:11:25+00:00\",\"description\":\"eToro moedigt verantwoord handelen door klanten aan en we bieden richtlijnen aan voor veilig handelen. Lees hiervoor ons beleid inzake verantwoord handelen.\",\"breadcrumb\":{\"@id\":\"https:\/\/www.etoro.com\/nl\/customer-service\/responsible-trading\/#breadcrumb\"},\"inLanguage\":\"nl\",\"potentialAction\":[{\"@type\":\"ReadAction\",\"target\":[\"https:\/\/www.etoro.com\/nl\/customer-service\/responsible-trading\/\"]}]},{\"@type\":\"BreadcrumbList\",\"@id\":\"https:\/\/www.etoro.com\/nl\/customer-service\/responsible-trading\/#breadcrumb\",\"itemListElement\":[{\"@type\":\"ListItem\",\"position\":1,\"name\":\"Thuispagina\",\"item\":\"https:\/\/www.etoro.com\/nl\/\"},{\"@type\":\"ListItem\",\"position\":2,\"name\":\"KLANTENSERVICE\",\"item\":\"https:\/\/www.etoro.com\/nl\/customer-service\/\"},{\"@type\":\"ListItem\",\"position\":3,\"name\":\"VERANTWOORD HANDELEN\"}]},{\"@type\":\"WebSite\",\"@id\":\"https:\/\/www.etoro.com\/nl\/#website\",\"url\":\"https:\/\/www.etoro.com\/nl\/\",\"name\":\"eToro\",\"description\":\"\",\"publisher\":{\"@id\":\"https:\/\/www.etoro.com\/nl\/#organization\"},\"potentialAction\":[{\"@type\":\"SearchAction\",\"target\":{\"@type\":\"EntryPoint\",\"urlTemplate\":\"https:\/\/www.etoro.com\/nl\/?s={search_term_string}\"},\"query-input\":{\"@type\":\"PropertyValueSpecification\",\"valueRequired\":true,\"valueName\":\"search_term_string\"}}],\"inLanguage\":\"nl\"},[]]}<\/script>","yoast_head_json":{"title":"Beleid inzake verantwoord handelen | eToro","description":"eToro moedigt verantwoord handelen door klanten aan en we bieden richtlijnen aan voor veilig handelen. Lees hiervoor ons beleid inzake verantwoord handelen.","robots":{"index":"index","follow":"follow","max-snippet":"max-snippet:-1","max-image-preview":"max-image-preview:large","max-video-preview":"max-video-preview:-1"},"canonical":"https:\/\/www.etoro.com\/nl\/wp-json\/wp\/v2\/pages\/10728","og_locale":"nl_NL","og_type":"article","og_title":"Beleid inzake verantwoord handelen | eToro","og_description":"eToro moedigt verantwoord handelen door klanten aan en we bieden richtlijnen aan voor veilig handelen. Lees hiervoor ons beleid inzake verantwoord handelen.","og_url":"https:\/\/www.etoro.com\/nl\/wp-json\/wp\/v2\/pages\/10728","og_site_name":"eToro","article_publisher":"https:\/\/www.facebook.com\/eToro\/","article_modified_time":"2024-07-08T10:11:25+00:00","og_image":[{"width":240,"height":240,"url":"https:\/\/www.etoro.com\/wp-content\/uploads\/2019\/12\/etoro_logo_social_share1.png","type":"image\/png"}],"twitter_card":"summary_large_image","twitter_site":"@eToro","twitter_misc":{"Est. reading time":"2 minutes"},"schema":{"@context":"https:\/\/schema.org","@graph":[{"@type":"WebPage","@id":"https:\/\/www.etoro.com\/nl\/customer-service\/responsible-trading\/","url":"https:\/\/www.etoro.com\/nl\/customer-service\/responsible-trading\/","name":"Beleid inzake verantwoord handelen | eToro","isPartOf":{"@id":"https:\/\/www.etoro.com\/nl\/#website"},"datePublished":"2017-10-24T06:56:32+00:00","dateModified":"2024-07-08T10:11:25+00:00","description":"eToro moedigt verantwoord handelen door klanten aan en we bieden richtlijnen aan voor veilig handelen. Lees hiervoor ons beleid inzake verantwoord handelen.","breadcrumb":{"@id":"https:\/\/www.etoro.com\/nl\/customer-service\/responsible-trading\/#breadcrumb"},"inLanguage":"nl","potentialAction":[{"@type":"ReadAction","target":["https:\/\/www.etoro.com\/nl\/customer-service\/responsible-trading\/"]}]},{"@type":"BreadcrumbList","@id":"https:\/\/www.etoro.com\/nl\/customer-service\/responsible-trading\/#breadcrumb","itemListElement":[{"@type":"ListItem","position":1,"name":"Thuispagina","item":"https:\/\/www.etoro.com\/nl\/"},{"@type":"ListItem","position":2,"name":"KLANTENSERVICE","item":"https:\/\/www.etoro.com\/nl\/customer-service\/"},{"@type":"ListItem","position":3,"name":"VERANTWOORD HANDELEN"}]},{"@type":"WebSite","@id":"https:\/\/www.etoro.com\/nl\/#website","url":"https:\/\/www.etoro.com\/nl\/","name":"eToro","description":"","publisher":{"@id":"https:\/\/www.etoro.com\/nl\/#organization"},"potentialAction":[{"@type":"SearchAction","target":{"@type":"EntryPoint","urlTemplate":"https:\/\/www.etoro.com\/nl\/?s={search_term_string}"},"query-input":{"@type":"PropertyValueSpecification","valueRequired":true,"valueName":"search_term_string"}}],"inLanguage":"nl"},[]]}},"_links":{"self":[{"href":"https:\/\/www.etoro.com\/nl\/wp-json\/wp\/v2\/pages\/10728"}],"collection":[{"href":"https:\/\/www.etoro.com\/nl\/wp-json\/wp\/v2\/pages"}],"about":[{"href":"https:\/\/www.etoro.com\/nl\/wp-json\/wp\/v2\/types\/page"}],"author":[{"embeddable":true,"href":"https:\/\/www.etoro.com\/nl\/wp-json\/wp\/v2\/users\/1"}],"replies":[{"embeddable":true,"href":"https:\/\/www.etoro.com\/nl\/wp-json\/wp\/v2\/comments?post=10728"}],"version-history":[{"count":0,"href":"https:\/\/www.etoro.com\/nl\/wp-json\/wp\/v2\/pages\/10728\/revisions"}],"up":[{"embeddable":true,"href":"https:\/\/www.etoro.com\/nl\/wp-json\/wp\/v2\/pages\/10602"}],"wp:attachment":[{"href":"https:\/\/www.etoro.com\/nl\/wp-json\/wp\/v2\/media?parent=10728"}],"wp:term":[{"taxonomy":"asset_type","embeddable":true,"href":"https:\/\/www.etoro.com\/nl\/wp-json\/wp\/v2\/asset_type?post=10728"}],"curies":[{"name":"wp","href":"https:\/\/api.w.org\/{rel}","templated":true}]}}