{"id":17696,"date":"2017-08-07T10:51:57","date_gmt":"2017-08-07T09:51:57","guid":{"rendered":"http:\/\/www.etoro.com\/etoro\/about\/vision\/"},"modified":"2025-05-11T00:13:36","modified_gmt":"2025-05-10T21:13:36","slug":"vision","status":"publish","type":"page","link":"https:\/\/www.etoro.com\/nl\/about\/vision\/","title":{"rendered":"Our Vision"},"content":{"rendered":"\n<div class=\"wp-block-etoro-related-pages has-green-background-color wp-etoro-block-related-pages\"><div class=\"wp-etoro-block-related-pages-to-center\"><div class=\"wp-etoro-block-related-pages-menu-name\">Gerelateerde pagina&#8217;s:<\/div><div class=\"wp-etoro-block-related-pages-list-container\"><div class=\"wp-etoro-block-related-pages-arrow-left\"><button><\/button><\/div><div class=\"wp-etoro-block-related-pages-list\">\n<div class=\"wp-etoro-block-related-pages-link\"><a class=\"wp-etoro-block-related-page-link\" href=\"https:\/\/www.etoro.com\/nl\/about\/\">Ons verhaal <\/a><\/div>\n\n\n\n<div class=\"wp-etoro-block-related-pages-link\"><a class=\"wp-etoro-block-related-page-link\" href=\"https:\/\/www.etoro.com\/nl\/about\/team\/\">Ons leiderschap <\/a><\/div>\n\n\n\n<div class=\"wp-etoro-block-related-pages-link\"><a class=\"wp-etoro-block-related-page-link\" href=\"https:\/\/www.etoro.com\/nl\/about\/awards\/\">Onze awards <\/a><\/div>\n<\/div><div class=\"wp-etoro-block-related-pages-arrow-right\"><button><\/button><\/div><\/div><\/div><\/div>\n\n\n\n<section class=\"wp-block-group wp-block-group-boxed\"><div class=\"wp-block-group-inner is-layout-flow wp-block-group-is-layout-flow\">\n<div class=\"wp-block-columns are-vertically-aligned-top wp-block-columns-1 is-layout-flex wp-container-core-columns-is-layout-1 wp-block-columns-is-layout-flex\">\n<div class=\"wp-block-column is-layout-flow wp-block-column-is-layout-flow\">\n<h2 class=\"wp-block-heading has-text-align-center\">Een wereld waarin iedereen kan handelen en beleggen op een eenvoudige en transparante manier.<\/h2>\n<\/div>\n<\/div>\n<\/div><\/section>\n\n\n\n<section class=\"wp-block-group wp-block-group-boxed has-white-background-color has-background\"><div class=\"wp-block-group-inner is-layout-flow wp-block-group-is-layout-flow\">\n<div class=\"wp-block-columns are-vertically-aligned-center wp-block-columns-2 is-swapped-on-mobile is-layout-flex wp-container-core-columns-is-layout-2 wp-block-columns-is-layout-flex\">\n<div class=\"wp-block-column is-text-column is-layout-flow wp-block-column-is-layout-flow\">\n<h2 class=\"wp-block-heading\"><span>Onze <\/span><strong>missie<\/strong><\/h2>\n\n\n\n<p>De wereldwijde markten openen, jou in contact brengen met toonaangevende beleggers en je de tools geven die je nodig hebt om je kennis en rijkdom te laten groeien.<\/p>\n<\/div>\n\n\n\n<div class=\"wp-block-column is-layout-flow wp-block-column-is-layout-flow\">\n<figure class=\"wp-block-image size-full\"><img loading=\"lazy\" decoding=\"async\" width=\"864\" height=\"600\" src=\"https:\/\/www.etoro.com\/wp-content\/uploads\/2025\/05\/our-mission-new.png\" alt=\"\" class=\"wp-image-1060915 wp-image-desktop\" srcset=\"https:\/\/www.etoro.com\/wp-content\/uploads\/2025\/05\/our-mission-new.png 864w, https:\/\/www.etoro.com\/wp-content\/uploads\/2025\/05\/our-mission-new-300x208.png 300w, https:\/\/www.etoro.com\/wp-content\/uploads\/2025\/05\/our-mission-new-768x533.png 768w\" sizes=\"(max-width: 864px) 100vw, 864px\" \/><\/figure>\n<\/div>\n<\/div>\n<\/div><\/section>\n\n\n\n<section class=\"wp-block-group wp-block-group-boxed\"><div class=\"wp-block-group-inner is-layout-flow wp-block-group-is-layout-flow\">\n<h2 class=\"wp-block-heading has-text-align-center\"><span>Onze belofte <strong>aan jou<\/strong><\/span><\/h2>\n\n\n\n<div class=\"wp-block-columns are-vertically-aligned-top wp-block-columns-2 wp-block-columns-1 is-layout-flex wp-container-core-columns-is-layout-3 wp-block-columns-is-layout-flex\">\n<div class=\"wp-block-column is-layout-flow wp-block-column-is-layout-flow\">\n<div class=\"wp-block-etoro-card wp-block-etoro-card-size-small wp-block-etoro-card-thumbnail-position-side wp-block-etoro-card-default\"><img decoding=\"async\" src=\"https:\/\/www.etoro.com\/wp-content\/uploads\/2023\/06\/Frame-60.png\" alt=\"Het eenvoudig houden\" class=\"wp-block-etoro-card-thumbnail\"\/><div class=\"wp-block-etoro-card-body\"><div class=\"wp-block-etoro-card-title\">Het eenvoudig houden<\/div><div class=\"wp-block-etoro-card-content\">\n<p>We streven ernaar barri\u00e8res weg te nemen en online handelen en beleggen voor iedereen toegankelijk, eenvoudiger en transparanter te maken. Van ons gebruiksvriendelijke platform tot de manier waarop we met jou praten, we zullen alles altijd zo eenvoudig mogelijk maken.<\/p>\n<\/div><\/div><\/div>\n<\/div>\n\n\n\n<div class=\"wp-block-column is-layout-flow wp-block-column-is-layout-flow\">\n<div class=\"wp-block-etoro-card wp-block-etoro-card-size-small wp-block-etoro-card-thumbnail-position-side wp-block-etoro-card-default\"><img decoding=\"async\" src=\"https:\/\/www.etoro.com\/wp-content\/uploads\/2023\/06\/Innovative-1.png\" alt=\"Voortdurend innoveren\" class=\"wp-block-etoro-card-thumbnail\"\/><div class=\"wp-block-etoro-card-body\"><div class=\"wp-block-etoro-card-title\">Voortdurend innoveren<\/div><div class=\"wp-block-etoro-card-content\">\n<p>Wij zijn opgericht om de traditionele financi\u00eble wereld te ontwrichten en innovatie zit in ons DNA. Met \u00e9\u00e9n oog op de markten en het andere op onze gemeenschap gericht, zullen we doorgaan met het ontwikkelen van geavanceerde financi\u00eble producten en diensten om aan jouw veranderende behoeften te voldoen.<\/p>\n<\/div><\/div><\/div>\n<\/div>\n<\/div>\n\n\n\n<div class=\"wp-block-columns are-vertically-aligned-top wp-block-columns-2 wp-block-columns-1 is-layout-flex wp-container-core-columns-is-layout-4 wp-block-columns-is-layout-flex\">\n<div class=\"wp-block-column is-layout-flow wp-block-column-is-layout-flow\">\n<div class=\"wp-block-etoro-card wp-block-etoro-card-size-small wp-block-etoro-card-thumbnail-position-side wp-block-etoro-card-default\"><img decoding=\"async\" src=\"https:\/\/www.etoro.com\/wp-content\/uploads\/2023\/06\/Team.png\" alt=\"Samen beter\" class=\"wp-block-etoro-card-thumbnail\"\/><div class=\"wp-block-etoro-card-body\"><div class=\"wp-block-etoro-card-title\">Samen beter<\/div><div class=\"wp-block-etoro-card-content\">\n<p>Je bent niet alleen. Je maakt deel uit van een groeiende wereldwijde gemeenschap. Er schuilt kracht in gedeelde kennis. Wij bieden je de mogelijkheid om in contact te komen, te leren en te delen met andere beleggers. Door van beleggen een groepsinspanning te maken, behalen we samen betere resultaten en worden we succesvoller.<\/p>\n<\/div><\/div><\/div>\n<\/div>\n\n\n\n<div class=\"wp-block-column is-layout-flow wp-block-column-is-layout-flow\">\n<div class=\"wp-block-etoro-card wp-block-etoro-card-size-small wp-block-etoro-card-thumbnail-position-side wp-block-etoro-card-default\"><img decoding=\"async\" src=\"https:\/\/www.etoro.com\/wp-content\/uploads\/2023\/06\/Frame-60-1.png\" alt=\"Streven naar uitmuntendheid\" class=\"wp-block-etoro-card-thumbnail\"\/><div class=\"wp-block-etoro-card-body\"><div class=\"wp-block-etoro-card-title\">Streven naar uitmuntendheid<\/div><div class=\"wp-block-etoro-card-content\">\n<p>We streven ernaar te anticiperen op je verwachtingen en deze te overtreffen door jou centraal te stellen bij elke beslissing die we nemen en willen je de best mogelijke gebruikerservaring bieden. Als gereguleerd bedrijf nemen we je privacy en beveiliging serieus en maken we gebruik van geavanceerde oplossingen.<\/p>\n<\/div><\/div><\/div>\n<\/div>\n<\/div>\n\n\n\n<div class=\"wp-block-columns are-vertically-aligned-top wp-block-columns-2 wp-block-columns-1 is-layout-flex wp-container-core-columns-is-layout-5 wp-block-columns-is-layout-flex\">\n<div class=\"wp-block-column is-layout-flow wp-block-column-is-layout-flow\">\n<div class=\"wp-block-etoro-card wp-block-etoro-card-size-small wp-block-etoro-card-thumbnail-position-side wp-block-etoro-card-default\"><img decoding=\"async\" src=\"https:\/\/www.etoro.com\/wp-content\/uploads\/2023\/06\/Rocket-ship.png\" alt=\"Jou in je kracht zetten\" class=\"wp-block-etoro-card-thumbnail\"\/><div class=\"wp-block-etoro-card-body\"><div class=\"wp-block-etoro-card-title\">Jou in je kracht zetten<\/div><div class=\"wp-block-etoro-card-content\">\n<p>Gebrek aan ervaring en kennis zijn twee van de belangrijkste redenen waarom mensen ervoor kiezen om niet te beleggen. Wij zijn ervan overtuigd dat het ook anders kan, dus bieden we een breed scala aan educatieve tools en hulpmiddelen, plus een gebruiksvriendelijk platform om je te ondersteunen bij je beleggingstraject.<\/p>\n<\/div><\/div><\/div>\n<\/div>\n\n\n\n<div class=\"wp-block-column is-layout-flow wp-block-column-is-layout-flow\"><\/div>\n<\/div>\n<\/div><\/section>\n","protected":false},"excerpt":{"rendered":"<p>Een wereld waarin iedereen kan handelen en beleggen op een eenvoudige en transparante manier. Onze missie De wereldwijde markten openen, jou in contact brengen met toonaangevende beleggers en je de tools geven die je nodig hebt om je kennis en rijkdom te laten groeien. Onze belofte aan jou<\/p>\n","protected":false},"author":1,"featured_media":617800,"parent":10554,"menu_order":2020,"comment_status":"closed","ping_status":"closed","template":"","meta":{"_acf_changed":true,"inline_featured_image":false,"sticky_cta_settings":"","footnotes":""},"asset_type":[],"class_list":["post-17696","page","type-page","status-publish","has-post-thumbnail","hentry"],"acf":[],"yoast_head":"<title>Visie &amp; Missieverklaring | eToro<\/title>\n<meta name=\"description\" content=\"Word lid van eToro - al meer dan tien jaar pioniers van de online handelsrevolutie. Wij zien een wereld waarin iedereen eenvoudig en transparant kan beleggen.\" \/>\n<meta name=\"robots\" content=\"index, follow, max-snippet:-1, max-image-preview:large, max-video-preview:-1\" \/>\n<link rel=\"canonical\" href=\"https:\/\/www.etoro.com\/nl\/wp-json\/wp\/v2\/pages\/17696\" \/>\n<meta property=\"og:locale\" content=\"nl_NL\" \/>\n<meta property=\"og:type\" content=\"article\" \/>\n<meta property=\"og:title\" content=\"Visie &amp; Missieverklaring | eToro\" \/>\n<meta property=\"og:description\" content=\"Word lid van eToro - al meer dan tien jaar pioniers van de online handelsrevolutie. Wij zien een wereld waarin iedereen eenvoudig en transparant kan beleggen.\" \/>\n<meta property=\"og:url\" content=\"https:\/\/www.etoro.com\/nl\/wp-json\/wp\/v2\/pages\/17696\" \/>\n<meta property=\"og:site_name\" content=\"eToro\" \/>\n<meta property=\"article:publisher\" content=\"https:\/\/www.facebook.com\/eToro\/\" \/>\n<meta property=\"article:modified_time\" content=\"2025-05-10T21:13:36+00:00\" \/>\n<meta property=\"og:image\" content=\"https:\/\/www.etoro.com\/wp-content\/uploads\/2023\/06\/Our-vision-eToro.jpg\" \/>\n\t<meta property=\"og:image:width\" content=\"1200\" \/>\n\t<meta property=\"og:image:height\" content=\"630\" \/>\n\t<meta property=\"og:image:type\" content=\"image\/jpeg\" \/>\n<meta name=\"twitter:card\" content=\"summary_large_image\" \/>\n<meta name=\"twitter:site\" content=\"@eToro\" \/>\n<script type=\"application\/ld+json\" class=\"yoast-schema-graph\">{\"@context\":\"https:\/\/schema.org\",\"@graph\":[{\"@type\":\"WebPage\",\"@id\":\"https:\/\/www.etoro.com\/nl\/about\/vision\/\",\"url\":\"https:\/\/www.etoro.com\/nl\/about\/vision\/\",\"name\":\"Visie & Missieverklaring | eToro\",\"isPartOf\":{\"@id\":\"https:\/\/www.etoro.com\/nl\/#website\"},\"primaryImageOfPage\":{\"@id\":\"https:\/\/www.etoro.com\/nl\/about\/vision\/#primaryimage\"},\"image\":{\"@id\":\"https:\/\/www.etoro.com\/nl\/about\/vision\/#primaryimage\"},\"thumbnailUrl\":\"https:\/\/www.etoro.com\/wp-content\/uploads\/2023\/06\/Our-vision-eToro.jpg\",\"datePublished\":\"2017-08-07T09:51:57+00:00\",\"dateModified\":\"2025-05-10T21:13:36+00:00\",\"description\":\"Word lid van eToro - al meer dan tien jaar pioniers van de online handelsrevolutie. Wij zien een wereld waarin iedereen eenvoudig en transparant kan beleggen.\",\"breadcrumb\":{\"@id\":\"https:\/\/www.etoro.com\/nl\/about\/vision\/#breadcrumb\"},\"inLanguage\":\"nl\",\"potentialAction\":[{\"@type\":\"ReadAction\",\"target\":[\"https:\/\/www.etoro.com\/nl\/about\/vision\/\"]}]},{\"@type\":\"ImageObject\",\"inLanguage\":\"nl\",\"@id\":\"https:\/\/www.etoro.com\/nl\/about\/vision\/#primaryimage\",\"url\":\"https:\/\/www.etoro.com\/wp-content\/uploads\/2023\/06\/Our-vision-eToro.jpg\",\"contentUrl\":\"https:\/\/www.etoro.com\/wp-content\/uploads\/2023\/06\/Our-vision-eToro.jpg\",\"width\":1200,\"height\":630,\"caption\":\"Our vision\"},{\"@type\":\"BreadcrumbList\",\"@id\":\"https:\/\/www.etoro.com\/nl\/about\/vision\/#breadcrumb\",\"itemListElement\":[{\"@type\":\"ListItem\",\"position\":1,\"name\":\"Thuispagina\",\"item\":\"https:\/\/www.etoro.com\/nl\/\"},{\"@type\":\"ListItem\",\"position\":2,\"name\":\"OVER\",\"item\":\"https:\/\/www.etoro.com\/nl\/about\/\"},{\"@type\":\"ListItem\",\"position\":3,\"name\":\"VISIE\"}]},{\"@type\":\"WebSite\",\"@id\":\"https:\/\/www.etoro.com\/nl\/#website\",\"url\":\"https:\/\/www.etoro.com\/nl\/\",\"name\":\"eToro\",\"description\":\"\",\"publisher\":{\"@id\":\"https:\/\/www.etoro.com\/nl\/#organization\"},\"potentialAction\":[{\"@type\":\"SearchAction\",\"target\":{\"@type\":\"EntryPoint\",\"urlTemplate\":\"https:\/\/www.etoro.com\/nl\/?s={search_term_string}\"},\"query-input\":{\"@type\":\"PropertyValueSpecification\",\"valueRequired\":true,\"valueName\":\"search_term_string\"}}],\"inLanguage\":\"nl\"},[]]}<\/script>","yoast_head_json":{"title":"Visie & Missieverklaring | eToro","description":"Word lid van eToro - al meer dan tien jaar pioniers van de online handelsrevolutie. Wij zien een wereld waarin iedereen eenvoudig en transparant kan beleggen.","robots":{"index":"index","follow":"follow","max-snippet":"max-snippet:-1","max-image-preview":"max-image-preview:large","max-video-preview":"max-video-preview:-1"},"canonical":"https:\/\/www.etoro.com\/nl\/wp-json\/wp\/v2\/pages\/17696","og_locale":"nl_NL","og_type":"article","og_title":"Visie & Missieverklaring | eToro","og_description":"Word lid van eToro - al meer dan tien jaar pioniers van de online handelsrevolutie. Wij zien een wereld waarin iedereen eenvoudig en transparant kan beleggen.","og_url":"https:\/\/www.etoro.com\/nl\/wp-json\/wp\/v2\/pages\/17696","og_site_name":"eToro","article_publisher":"https:\/\/www.facebook.com\/eToro\/","article_modified_time":"2025-05-10T21:13:36+00:00","og_image":[{"width":1200,"height":630,"url":"https:\/\/www.etoro.com\/wp-content\/uploads\/2023\/06\/Our-vision-eToro.jpg","type":"image\/jpeg"}],"twitter_card":"summary_large_image","twitter_site":"@eToro","schema":{"@context":"https:\/\/schema.org","@graph":[{"@type":"WebPage","@id":"https:\/\/www.etoro.com\/nl\/about\/vision\/","url":"https:\/\/www.etoro.com\/nl\/about\/vision\/","name":"Visie & Missieverklaring | eToro","isPartOf":{"@id":"https:\/\/www.etoro.com\/nl\/#website"},"primaryImageOfPage":{"@id":"https:\/\/www.etoro.com\/nl\/about\/vision\/#primaryimage"},"image":{"@id":"https:\/\/www.etoro.com\/nl\/about\/vision\/#primaryimage"},"thumbnailUrl":"https:\/\/www.etoro.com\/wp-content\/uploads\/2023\/06\/Our-vision-eToro.jpg","datePublished":"2017-08-07T09:51:57+00:00","dateModified":"2025-05-10T21:13:36+00:00","description":"Word lid van eToro - al meer dan tien jaar pioniers van de online handelsrevolutie. Wij zien een wereld waarin iedereen eenvoudig en transparant kan beleggen.","breadcrumb":{"@id":"https:\/\/www.etoro.com\/nl\/about\/vision\/#breadcrumb"},"inLanguage":"nl","potentialAction":[{"@type":"ReadAction","target":["https:\/\/www.etoro.com\/nl\/about\/vision\/"]}]},{"@type":"ImageObject","inLanguage":"nl","@id":"https:\/\/www.etoro.com\/nl\/about\/vision\/#primaryimage","url":"https:\/\/www.etoro.com\/wp-content\/uploads\/2023\/06\/Our-vision-eToro.jpg","contentUrl":"https:\/\/www.etoro.com\/wp-content\/uploads\/2023\/06\/Our-vision-eToro.jpg","width":1200,"height":630,"caption":"Our vision"},{"@type":"BreadcrumbList","@id":"https:\/\/www.etoro.com\/nl\/about\/vision\/#breadcrumb","itemListElement":[{"@type":"ListItem","position":1,"name":"Thuispagina","item":"https:\/\/www.etoro.com\/nl\/"},{"@type":"ListItem","position":2,"name":"OVER","item":"https:\/\/www.etoro.com\/nl\/about\/"},{"@type":"ListItem","position":3,"name":"VISIE"}]},{"@type":"WebSite","@id":"https:\/\/www.etoro.com\/nl\/#website","url":"https:\/\/www.etoro.com\/nl\/","name":"eToro","description":"","publisher":{"@id":"https:\/\/www.etoro.com\/nl\/#organization"},"potentialAction":[{"@type":"SearchAction","target":{"@type":"EntryPoint","urlTemplate":"https:\/\/www.etoro.com\/nl\/?s={search_term_string}"},"query-input":{"@type":"PropertyValueSpecification","valueRequired":true,"valueName":"search_term_string"}}],"inLanguage":"nl"},[]]}},"_links":{"self":[{"href":"https:\/\/www.etoro.com\/nl\/wp-json\/wp\/v2\/pages\/17696"}],"collection":[{"href":"https:\/\/www.etoro.com\/nl\/wp-json\/wp\/v2\/pages"}],"about":[{"href":"https:\/\/www.etoro.com\/nl\/wp-json\/wp\/v2\/types\/page"}],"author":[{"embeddable":true,"href":"https:\/\/www.etoro.com\/nl\/wp-json\/wp\/v2\/users\/1"}],"replies":[{"embeddable":true,"href":"https:\/\/www.etoro.com\/nl\/wp-json\/wp\/v2\/comments?post=17696"}],"version-history":[{"count":0,"href":"https:\/\/www.etoro.com\/nl\/wp-json\/wp\/v2\/pages\/17696\/revisions"}],"up":[{"embeddable":true,"href":"https:\/\/www.etoro.com\/nl\/wp-json\/wp\/v2\/pages\/10554"}],"wp:featuredmedia":[{"embeddable":true,"href":"https:\/\/www.etoro.com\/nl\/wp-json\/wp\/v2\/media\/617800"}],"wp:attachment":[{"href":"https:\/\/www.etoro.com\/nl\/wp-json\/wp\/v2\/media?parent=17696"}],"wp:term":[{"taxonomy":"asset_type","embeddable":true,"href":"https:\/\/www.etoro.com\/nl\/wp-json\/wp\/v2\/asset_type?post=17696"}],"curies":[{"name":"wp","href":"https:\/\/api.w.org\/{rel}","templated":true}]}}