{"id":850172,"date":"2023-06-13T09:50:21","date_gmt":"2023-06-13T06:50:21","guid":{"rendered":"https:\/\/www.etoro.com\/investing\/delta\/"},"modified":"2026-03-24T14:06:11","modified_gmt":"2026-03-24T12:06:11","slug":"delta","status":"publish","type":"page","link":"https:\/\/www.etoro.com\/nl\/investing\/delta\/","title":{"rendered":"DELTA van eToro"},"content":{"rendered":"\n<div class=\"wp-block-etoro-half-cover has-white-background-color\">\n<div class=\"wp-block-etoro-half-cover-left\"><p id=\"breadcrumbs\" class=\"gray-dark\"><span><span><a href=\"https:\/\/www.etoro.com\/nl\/\">Thuispagina<\/a><\/span><\/span><\/p>\n<h1 class=\"wp-block-heading is-style-banner-title\">DELTA: <b class=\"wp-etoro-format-colored-blue\"><b class=\"wp-etoro-format-colored-green\">de slimmere beleggingstracker<\/b><\/b><\/h1>\n\n\n\n<p class=\"is-style-subtitle\">Blijf op de hoogte van al je beleggingen met Delta, de beste app voor het bijhouden van beleggingen &amp; financi\u00eble superpower!<\/p>\n\n\n\n<div class=\"wp-block-buttons is-layout-flex wp-block-buttons-is-layout-flex\">\n<a class=\"e-cta e-cta-primary qr_delta-popup\" href=\"https:\/\/delta.onelink.me\/Bvvy\/innerpage\" target=\"_blank\" rel=\"noopener\">Nu downloaden<\/a>\n<\/div>\n<\/div>\n\n\n\n<div class=\"wp-block-etoro-half-cover-right\">\n<img decoding=\"async\" src=\"https:\/\/www.etoro.com\/wp-content\/uploads\/2026\/03\/Delta-Cover-1920.png\" alt=\"\" class=\"wp-block-etoro-half-cover-media\"\/><img decoding=\"async\" src=\"https:\/\/www.etoro.com\/wp-content\/uploads\/2026\/03\/Delta-Cover-1280.png\" alt=\"\" class=\"wp-block-etoro-half-cover-media-desktop\"\/><img decoding=\"async\" src=\"https:\/\/www.etoro.com\/wp-content\/uploads\/2026\/03\/Delta-Cover-Tablet.png\" alt=\"\" class=\"wp-block-etoro-half-cover-media-tablet\"\/><img decoding=\"async\" src=\"https:\/\/www.etoro.com\/wp-content\/uploads\/2026\/03\/Delta-Cover-Mobile.png\" alt=\"\" class=\"wp-block-etoro-half-cover-media-mobile\"\/>\n<\/div>\n<\/div>\n\n\n\n<section class=\"wp-block-group wp-block-group-boxed has-white-background-color has-background\"><div class=\"wp-block-group-inner is-layout-flow wp-block-group-is-layout-flow\">\n<div class=\"wp-block-columns are-vertically-aligned-top wp-block-columns-1 is-layout-flex wp-container-core-columns-is-layout-1 wp-block-columns-is-layout-flex\">\n<div class=\"wp-block-column wp-block-column-align-mobile-left is-layout-flow wp-block-column-is-layout-flow\">\n<h2 class=\"wp-block-heading has-text-align-center\"><strong><strong>Slimme opvolging <\/strong><\/strong>met Delta<\/h2>\n\n\n\n<p class=\"has-text-align-center\">Met de Delta-beleggingstracker krijg je een kristalhelder overzicht van al je beleggingen. Beheer meerdere portefeuilles en volg prestaties in realtime met krachtige tools. Krijg live toegang tot de koersbewegingen en grafieken voor alle topaandelen, crypto,  fondsen, valuta&#8217;s, indices en grondstoffen.<\/p>\n<\/div>\n<\/div>\n<\/div><\/section>\n\n\n\n<section class=\"wp-block-group wp-block-group-boxed has-dark-blue-background-color has-background\"><div class=\"wp-block-group-inner is-layout-flow wp-block-group-is-layout-flow\">\n<div class=\"wp-block-columns are-vertically-aligned-top wp-block-columns-2 is-swapped-on-mobile is-layout-flex wp-container-core-columns-is-layout-2 wp-block-columns-is-layout-flex\">\n<div class=\"wp-block-column is-layout-flow wp-block-column-is-layout-flow\">\n<h2 class=\"wp-block-heading\"><span>Duidelijkheid bij<\/span> <strong>elke zet in je portfolio<\/strong><\/h2>\n\n\n\n<p>Waarom beweegt het en wat is er aan de hand? Begrijp wat je portfolio beweegt met duidelijke uitleg, mogelijk gemaakt door de slimste inzichten van Delta.<\/p>\n\n\n\n<p class=\"is-style-disclaimer\">eToro is een beleggingsplatform voor meerdere activa. De waarde van je beleggingen kan zowel stijgen als dalen. Je vermogen loopt risico.<\/p>\n<\/div>\n\n\n\n<div class=\"wp-block-column is-layout-flow wp-block-column-is-layout-flow\">\n<figure class=\"wp-block-image size-large\"><img loading=\"lazy\" decoding=\"async\" width=\"1024\" height=\"700\" src=\"https:\/\/www.etoro.com\/wp-content\/uploads\/2026\/03\/Delta-Clarity-Illustration-1024x700.png\" alt=\"\" class=\"wp-image-1240545 wp-image-desktop\" srcset=\"https:\/\/www.etoro.com\/wp-content\/uploads\/2026\/03\/Delta-Clarity-Illustration-1024x700.png 1024w, https:\/\/www.etoro.com\/wp-content\/uploads\/2026\/03\/Delta-Clarity-Illustration-300x205.png 300w, https:\/\/www.etoro.com\/wp-content\/uploads\/2026\/03\/Delta-Clarity-Illustration-768x525.png 768w, https:\/\/www.etoro.com\/wp-content\/uploads\/2026\/03\/Delta-Clarity-Illustration.png 1152w\" sizes=\"(max-width: 1024px) 100vw, 1024px\" \/><\/figure>\n<\/div>\n<\/div>\n<\/div><\/section>\n\n\n\n<section class=\"wp-block-group wp-block-group-boxed\"><div class=\"wp-block-group-inner is-layout-flow wp-block-group-is-layout-flow\">\n<div class=\"wp-block-columns are-vertically-aligned-top wp-block-columns-1 is-layout-flex wp-container-core-columns-is-layout-3 wp-block-columns-is-layout-flex\">\n<div class=\"wp-block-column wp-block-column-align-mobile-left is-layout-flow wp-block-column-is-layout-flow\">\n<h2 class=\"wp-block-heading has-text-align-center\"><strong><strong>Krachtige functies <\/strong><\/strong>binnen handbereik<\/h2>\n<\/div>\n<\/div>\n\n\n\n<div id=\"swiper1553463033\" class=\"wp-block-etoro-cards wp-block-etoro-card-grid-columns-3\"><div class=\"swiper-wrapper\">\n<div class=\"wp-block-etoro-card wp-block-etoro-card-size-small wp-block-etoro-card-thumbnail-position-above wp-block-etoro-card-default wp-block-etoro-card-aligned-center\"><img decoding=\"async\" src=\"https:\/\/www.etoro.com\/wp-content\/uploads\/2023\/06\/Alert-1.png\" alt=\"Ontvang slimme meldingen en prijsalerts\" class=\"wp-block-etoro-card-thumbnail\"\/><div class=\"wp-block-etoro-card-body\"><div class=\"wp-block-etoro-card-title\"><strong><strong>Ontvang slimme meldingen en prijsalerts<\/strong><\/strong><\/div><div class=\"wp-block-etoro-card-content\">\n<p>Op zoek naar het beste moment om te kopen of verkopen? Stel eenvoudig aangepaste waarschuwingen en meldingen in zodat je niets mist.<\/p>\n<\/div><\/div><\/div>\n\n\n\n<div class=\"wp-block-etoro-card wp-block-etoro-card-size-small wp-block-etoro-card-thumbnail-position-above wp-block-etoro-card-default wp-block-etoro-card-aligned-center\"><img decoding=\"async\" src=\"https:\/\/www.etoro.com\/wp-content\/uploads\/2023\/06\/Column-1.png\" alt=\"Grondige activa-analyse\" class=\"wp-block-etoro-card-thumbnail\"\/><div class=\"wp-block-etoro-card-body\"><div class=\"wp-block-etoro-card-title\"><strong><strong>Grondige activa-analyse<\/strong><\/strong><\/div><div class=\"wp-block-etoro-card-content\">\n<p>Krijg geavanceerde statistieken op basis van jouw portefeuille. Bekijk de belangrijkste marktdata van elk activum met \u00e9\u00e9n klik.<\/p>\n<\/div><\/div><\/div>\n\n\n\n<div class=\"wp-block-etoro-card wp-block-etoro-card-size-small wp-block-etoro-card-thumbnail-position-above wp-block-etoro-card-default wp-block-etoro-card-aligned-center\"><img decoding=\"async\" src=\"https:\/\/www.etoro.com\/wp-content\/uploads\/2023\/06\/Globe-1.png\" alt=\"Verbind met je kapitaal, waar het ook is\" class=\"wp-block-etoro-card-thumbnail\"\/><div class=\"wp-block-etoro-card-body\"><div class=\"wp-block-etoro-card-title\"><strong><strong>Verbind met je kapitaal, waar het ook is<\/strong><\/strong><\/div><div class=\"wp-block-etoro-card-content\">\n<p>Zeg vaarwel tegen spreadsheets. Delta synchroniseert met meer dan 10.000 brokers, beurzen, banken en wallets, waaronder eToro.<\/p>\n<\/div><\/div><\/div>\n<\/div><\/div>\n<\/div><\/section>\n\n\n\n<section class=\"wp-block-group wp-block-group-boxed has-white-background-color has-background\"><div class=\"wp-block-group-inner is-layout-flow wp-block-group-is-layout-flow\">\n<div class=\"wp-block-columns are-vertically-aligned-top wp-block-columns-1 is-layout-flex wp-container-core-columns-is-layout-4 wp-block-columns-is-layout-flex\">\n<div class=\"wp-block-column wp-block-column-align-mobile-left is-layout-flow wp-block-column-is-layout-flow\">\n<h2 class=\"wp-block-heading has-text-align-center\"><span>E\u00e9n app,<strong> al je beleggingen<\/strong><\/span><\/h2>\n\n\n\n<p class=\"has-text-align-center\">Geen gedoe meer met jongleren tussen apps. Delta geeft je de meest nauwkeurige portfolio-analyse en tracking voor al je activa en synchroniseert perfect met je bestaande eToro-account.<\/p>\n<\/div>\n<\/div>\n\n\n\n<div class=\"wp-block-columns are-vertically-aligned-top wp-block-columns-3 wp-block-columns-1 is-layout-flex wp-container-core-columns-is-layout-5 wp-block-columns-is-layout-flex\">\n<div class=\"wp-block-column is-layout-flow wp-block-column-is-layout-flow\">\n<div class=\"wp-block-etoro-card wp-block-etoro-card-size-small wp-block-etoro-card-thumbnail-position-above wp-block-etoro-card-default\"><img decoding=\"async\" src=\"https:\/\/www.etoro.com\/wp-content\/uploads\/2023\/06\/Stocks.png\" alt=\"Aandelen\" class=\"wp-block-etoro-card-thumbnail\"\/><div class=\"wp-block-etoro-card-body\"><div class=\"wp-block-etoro-card-title\">Aandelen<\/div><div class=\"wp-block-etoro-card-content\">\n<p><\/p>\n<\/div><\/div><\/div>\n<\/div>\n\n\n\n<div class=\"wp-block-column is-layout-flow wp-block-column-is-layout-flow\">\n<div class=\"wp-block-etoro-card wp-block-etoro-card-size-small wp-block-etoro-card-thumbnail-position-above wp-block-etoro-card-default\"><img decoding=\"async\" src=\"https:\/\/www.etoro.com\/wp-content\/uploads\/2023\/06\/Crypto.png\" alt=\"Crypto\" class=\"wp-block-etoro-card-thumbnail\"\/><div class=\"wp-block-etoro-card-body\"><div class=\"wp-block-etoro-card-title\">Crypto<\/div><div class=\"wp-block-etoro-card-content\">\n<p><\/p>\n<\/div><\/div><\/div>\n<\/div>\n\n\n\n<div class=\"wp-block-column is-layout-flow wp-block-column-is-layout-flow\">\n<div class=\"wp-block-etoro-card wp-block-etoro-card-size-small wp-block-etoro-card-thumbnail-position-above wp-block-etoro-card-default\"><img decoding=\"async\" src=\"https:\/\/www.etoro.com\/wp-content\/uploads\/2023\/06\/Forex.png\" alt=\"Valuta's\" class=\"wp-block-etoro-card-thumbnail\"\/><div class=\"wp-block-etoro-card-body\"><div class=\"wp-block-etoro-card-title\">Valuta&#8217;s<\/div><div class=\"wp-block-etoro-card-content\">\n<p><\/p>\n<\/div><\/div><\/div>\n<\/div>\n<\/div>\n\n\n\n<div class=\"wp-block-columns are-vertically-aligned-top wp-block-columns-1 is-layout-flex wp-container-core-columns-is-layout-7 wp-block-columns-is-layout-flex\">\n<div class=\"wp-block-column is-layout-constrained wp-container-core-column-is-layout-11 wp-block-column-is-layout-constrained\">\n<div class=\"wp-block-columns are-vertically-aligned-top wp-block-columns-2 wp-block-columns-3 wp-block-columns-1 is-layout-flex wp-container-core-columns-is-layout-6 wp-block-columns-is-layout-flex\">\n<div class=\"wp-block-column is-layout-flow wp-block-column-is-layout-flow\">\n<div class=\"wp-block-etoro-card wp-block-etoro-card-size-small wp-block-etoro-card-thumbnail-position-above wp-block-etoro-card-default\"><img decoding=\"async\" src=\"https:\/\/www.etoro.com\/wp-content\/uploads\/2023\/06\/Coins.png\" alt=\"Fondsen\" class=\"wp-block-etoro-card-thumbnail\"\/><div class=\"wp-block-etoro-card-body\"><div class=\"wp-block-etoro-card-title\">Fondsen<\/div><div class=\"wp-block-etoro-card-content\">\n<p><\/p>\n<\/div><\/div><\/div>\n<\/div>\n\n\n\n<div class=\"wp-block-column is-layout-flow wp-block-column-is-layout-flow\">\n<div class=\"wp-block-etoro-card wp-block-etoro-card-size-small wp-block-etoro-card-thumbnail-position-above wp-block-etoro-card-default\"><img decoding=\"async\" src=\"https:\/\/www.etoro.com\/wp-content\/uploads\/2023\/06\/Commodities.png\" alt=\"Grondstoffen\" class=\"wp-block-etoro-card-thumbnail\"\/><div class=\"wp-block-etoro-card-body\"><div class=\"wp-block-etoro-card-title\">Grondstoffen<\/div><div class=\"wp-block-etoro-card-content\">\n<p><\/p>\n<\/div><\/div><\/div>\n<\/div>\n<\/div>\n<\/div>\n<\/div>\n\n\n\n<div class=\"wp-block-buttons is-content-justification-center is-layout-flex wp-container-core-buttons-is-layout-2 wp-block-buttons-is-layout-flex\">\n<a class=\"e-cta e-cta-primary\" href=\"https:\/\/delta.onelink.me\/Bvvy\/logindelta\" rel=\"nofollow noopener noreferrer\" >Log in met je eToro-account<\/a>\n<\/div>\n<\/div><\/section>\n\n\n\n<section class=\"wp-block-group wp-block-group-boxed has-grey-background-color has-background\"><div class=\"wp-block-group-inner is-layout-flow wp-block-group-is-layout-flow\">\n<div class=\"wp-block-columns are-vertically-aligned-top wp-block-columns-1 is-layout-flex wp-container-core-columns-is-layout-8 wp-block-columns-is-layout-flex\">\n<div class=\"wp-block-column wp-block-column-align-mobile-left is-layout-flow wp-block-column-is-layout-flow\">\n<h2 class=\"wp-block-heading has-text-align-center\"><span>Klaar voor <strong>PRO?<\/strong><\/span><\/h2>\n\n\n\n<p class=\"has-text-align-center\">Til je beleggingen naar een hoger niveau. Sluit je aan bij de beste beleggers met Delta PRO!<\/p>\n<\/div>\n<\/div>\n\n\n\n<div class=\"wp-block-etoro-slider-wrapper\" data-swiper=\"{&quot;enableBiggerSlides&quot;:true,&quot;enableArrows&quot;:true,&quot;arrowsDesktopPosition&quot;:&quot;side&quot;}\"><div class=\"wp-block-etoro-slider swiper wp-block-etoro-slider-bigger-slides\"><div class=\"swiper-wrapper\">\n<div class=\"swiper-slide\">\n<div class=\"wp-block-etoro-card wp-block-etoro-card-modern\"><img decoding=\"async\" src=\"https:\/\/www.etoro.com\/wp-content\/uploads\/2023\/06\/Portfolio-Insights.png\" alt=\"Portfolio-inzicht\" class=\"wp-block-etoro-card-thumbnail\"\/><div class=\"wp-block-etoro-card-body\"><div class=\"wp-block-etoro-card-title\"><strong><strong>Portfolio-inzicht<\/strong><\/strong><\/div><div class=\"wp-block-etoro-card-content\">\n<p>Krijg toegang tot alle analysemodules voor waardevolle inzichten in je beleggingen<\/p>\n<\/div><\/div><\/div>\n<\/div>\n\n\n\n<div class=\"swiper-slide\">\n<div class=\"wp-block-etoro-card wp-block-etoro-card-modern\"><img decoding=\"async\" src=\"https:\/\/www.etoro.com\/wp-content\/uploads\/2023\/06\/Advanced-Metrics.png\" alt=\"Geavanceerde data\" class=\"wp-block-etoro-card-thumbnail\"\/><div class=\"wp-block-etoro-card-body\"><div class=\"wp-block-etoro-card-title\"><strong><strong>Geavanceerde data<\/strong><\/strong><\/div><div class=\"wp-block-etoro-card-content\">\n<p>Krijg diepgaand inzicht in je portfolio, bekijk (on)gerealiseerde winsten en meer!<\/p>\n<\/div><\/div><\/div>\n<\/div>\n\n\n\n<div class=\"swiper-slide\">\n<div class=\"wp-block-etoro-card wp-block-etoro-card-modern\"><img decoding=\"async\" src=\"https:\/\/www.etoro.com\/wp-content\/uploads\/2023\/06\/Live-prices.png\" alt=\"Live prijzen\" class=\"wp-block-etoro-card-thumbnail\"\/><div class=\"wp-block-etoro-card-body\"><div class=\"wp-block-etoro-card-title\"><strong><strong>Live prijzen<\/strong><\/strong><\/div><div class=\"wp-block-etoro-card-content\">\n<p>Gedaan met opnieuw laden: prijzen worden automatisch en in realtime bijgewerkt<\/p>\n<\/div><\/div><\/div>\n<\/div>\n\n\n\n<div class=\"swiper-slide\">\n<div class=\"wp-block-etoro-card wp-block-etoro-card-modern\"><img decoding=\"async\" src=\"https:\/\/www.etoro.com\/wp-content\/uploads\/2023\/06\/Image-2-1.png\" alt=\"Onbeperkte connecties\" class=\"wp-block-etoro-card-thumbnail\"\/><div class=\"wp-block-etoro-card-body\"><div class=\"wp-block-etoro-card-title\"><strong><strong>Onbeperkte connecties<\/strong><\/strong><\/div><div class=\"wp-block-etoro-card-content\">\n<p>PRO-gebruikers hebben een onbeperkt aantal connecties met beurzen, wallets en brokers<\/p>\n<\/div><\/div><\/div>\n<\/div>\n\n\n\n<div class=\"swiper-slide\">\n<div class=\"wp-block-etoro-card wp-block-etoro-card-modern\"><img decoding=\"async\" src=\"https:\/\/www.etoro.com\/wp-content\/uploads\/2023\/06\/Why-is-it-moving.png\" alt=\"Waarom beweging?\" class=\"wp-block-etoro-card-thumbnail\"\/><div class=\"wp-block-etoro-card-body\"><div class=\"wp-block-etoro-card-title\"><strong><strong>Waarom beweging?<\/strong><\/strong><\/div><div class=\"wp-block-etoro-card-content\">\n<p>Krijg een melding met info over waarom een activum momenteel in beweging is<\/p>\n<\/div><\/div><\/div>\n<\/div>\n<\/div><\/div><div class=\"swiper-button-prev\"><\/div><div class=\"swiper-button-next\"><\/div><\/div>\n\n\n\n<div class=\"wp-block-columns are-vertically-aligned-top wp-block-columns-1 is-layout-flex wp-container-core-columns-is-layout-9 wp-block-columns-is-layout-flex\">\n<div class=\"wp-block-column wp-block-column-align-mobile-left is-layout-flow wp-block-column-is-layout-flow\">\n<div class=\"wp-block-buttons qr_delta-popup is-horizontal is-content-justification-center is-layout-flex wp-container-core-buttons-is-layout-3 wp-block-buttons-is-layout-flex\">\n<a class=\"e-cta e-cta-primary\" href=\"https:\/\/delta.onelink.me\/Bvvy\/innerpage\" rel=\"nofollow noopener noreferrer\" >Delta downloaden<\/a>\n<\/div>\n\n\n\n<p class=\"has-text-align-center is-style-disclaimer\">*Er zijn <a href=\"https:\/\/delta.app\/en\/terms\" target=\"_blank\" rel=\"noreferrer noopener\">algemene voorwaarden<\/a> van toepassing.<\/p>\n<\/div>\n<\/div>\n<\/div><\/section>\n","protected":false},"excerpt":{"rendered":"<p>Slimme opvolging met Delta Met de Delta-beleggingstracker krijg je een kristalhelder overzicht van al je beleggingen. Beheer meerdere portefeuilles en volg prestaties in realtime met krachtige tools. Krijg live toegang tot de koersbewegingen en grafieken voor alle topaandelen, crypto, fondsen, valuta&#8217;s, indices en grondstoffen. Duidelijkheid bij elke zet in je portfolio Waarom beweegt het en&hellip;<\/p>\n","protected":false},"author":75,"featured_media":1048668,"parent":19762,"menu_order":0,"comment_status":"closed","ping_status":"closed","template":"","meta":{"_acf_changed":false,"inline_featured_image":false,"sticky_cta_settings":"","footnotes":""},"asset_type":[],"class_list":["post-850172","page","type-page","status-publish","has-post-thumbnail","hentry"],"acf":[],"yoast_head":"<title>Delta van eToro, de beste beleggingstracker<\/title>\n<meta name=\"description\" content=\"Jouw Financi\u00eble Superpower: Volg al je beleggingen: aandelen, ETF&#039;s, grondstoffen, crypto en forex - op \u00e9\u00e9n plek\" \/>\n<meta name=\"robots\" content=\"index, follow, max-snippet:-1, max-image-preview:large, max-video-preview:-1\" \/>\n<link rel=\"canonical\" href=\"https:\/\/www.etoro.com\/nl\/wp-json\/wp\/v2\/pages\/850172\" \/>\n<meta property=\"og:locale\" content=\"nl_NL\" \/>\n<meta property=\"og:type\" content=\"article\" \/>\n<meta property=\"og:title\" content=\"Delta van eToro, de beste beleggingstracker\" \/>\n<meta property=\"og:description\" content=\"Jouw Financi\u00eble Superpower: Volg al je beleggingen: aandelen, ETF&#039;s, grondstoffen, crypto en forex - op \u00e9\u00e9n plek\" \/>\n<meta property=\"og:url\" content=\"https:\/\/www.etoro.com\/nl\/wp-json\/wp\/v2\/pages\/850172\" \/>\n<meta property=\"og:site_name\" content=\"eToro\" \/>\n<meta property=\"article:publisher\" content=\"https:\/\/www.facebook.com\/eToro\/\" \/>\n<meta property=\"article:modified_time\" content=\"2026-03-24T12:06:11+00:00\" \/>\n<meta property=\"og:image\" content=\"https:\/\/www.etoro.com\/wp-content\/uploads\/2025\/04\/Delta-Featured-image-1200x630-1.png\" \/>\n\t<meta property=\"og:image:width\" content=\"1200\" \/>\n\t<meta property=\"og:image:height\" content=\"630\" \/>\n\t<meta property=\"og:image:type\" content=\"image\/png\" \/>\n<meta name=\"twitter:card\" content=\"summary_large_image\" \/>\n<meta name=\"twitter:site\" content=\"@eToro\" \/>\n<meta name=\"twitter:label1\" content=\"Est. reading time\" \/>\n\t<meta name=\"twitter:data1\" content=\"2 minutes\" \/>\n<script type=\"application\/ld+json\" class=\"yoast-schema-graph\">{\"@context\":\"https:\/\/schema.org\",\"@graph\":[{\"@type\":\"WebPage\",\"@id\":\"https:\/\/www.etoro.com\/nl\/investing\/delta\/\",\"url\":\"https:\/\/www.etoro.com\/nl\/investing\/delta\/\",\"name\":\"Delta van eToro, de beste beleggingstracker\",\"isPartOf\":{\"@id\":\"https:\/\/www.etoro.com\/nl\/#website\"},\"primaryImageOfPage\":{\"@id\":\"https:\/\/www.etoro.com\/nl\/investing\/delta\/#primaryimage\"},\"image\":{\"@id\":\"https:\/\/www.etoro.com\/nl\/investing\/delta\/#primaryimage\"},\"thumbnailUrl\":\"https:\/\/www.etoro.com\/wp-content\/uploads\/2025\/04\/Delta-Featured-image-1200x630-1.png\",\"datePublished\":\"2023-06-13T06:50:21+00:00\",\"dateModified\":\"2026-03-24T12:06:11+00:00\",\"description\":\"Jouw Financi\u00eble Superpower: Volg al je beleggingen: aandelen, ETF's, grondstoffen, crypto en forex - op \u00e9\u00e9n plek\",\"breadcrumb\":{\"@id\":\"https:\/\/www.etoro.com\/nl\/investing\/delta\/#breadcrumb\"},\"inLanguage\":\"nl\",\"potentialAction\":[{\"@type\":\"ReadAction\",\"target\":[\"https:\/\/www.etoro.com\/nl\/investing\/delta\/\"]}]},{\"@type\":\"ImageObject\",\"inLanguage\":\"nl\",\"@id\":\"https:\/\/www.etoro.com\/nl\/investing\/delta\/#primaryimage\",\"url\":\"https:\/\/www.etoro.com\/wp-content\/uploads\/2025\/04\/Delta-Featured-image-1200x630-1.png\",\"contentUrl\":\"https:\/\/www.etoro.com\/wp-content\/uploads\/2025\/04\/Delta-Featured-image-1200x630-1.png\",\"width\":1200,\"height\":630},{\"@type\":\"BreadcrumbList\",\"@id\":\"https:\/\/www.etoro.com\/nl\/investing\/delta\/#breadcrumb\",\"itemListElement\":[{\"@type\":\"ListItem\",\"position\":1,\"name\":\"Thuispagina\",\"item\":\"https:\/\/www.etoro.com\/nl\/\"},{\"@type\":\"ListItem\",\"position\":2,\"name\":\"Investeren\",\"item\":\"https:\/\/www.etoro.com\/nl\/investing\/\"},{\"@type\":\"ListItem\",\"position\":3,\"name\":\"DELTA van eToro\"}]},{\"@type\":\"WebSite\",\"@id\":\"https:\/\/www.etoro.com\/nl\/#website\",\"url\":\"https:\/\/www.etoro.com\/nl\/\",\"name\":\"eToro\",\"description\":\"\",\"publisher\":{\"@id\":\"https:\/\/www.etoro.com\/nl\/#organization\"},\"potentialAction\":[{\"@type\":\"SearchAction\",\"target\":{\"@type\":\"EntryPoint\",\"urlTemplate\":\"https:\/\/www.etoro.com\/nl\/?s={search_term_string}\"},\"query-input\":{\"@type\":\"PropertyValueSpecification\",\"valueRequired\":true,\"valueName\":\"search_term_string\"}}],\"inLanguage\":\"nl\"},[]]}<\/script>","yoast_head_json":{"title":"Delta van eToro, de beste beleggingstracker","description":"Jouw Financi\u00eble Superpower: Volg al je beleggingen: aandelen, ETF's, grondstoffen, crypto en forex - op \u00e9\u00e9n plek","robots":{"index":"index","follow":"follow","max-snippet":"max-snippet:-1","max-image-preview":"max-image-preview:large","max-video-preview":"max-video-preview:-1"},"canonical":"https:\/\/www.etoro.com\/nl\/wp-json\/wp\/v2\/pages\/850172","og_locale":"nl_NL","og_type":"article","og_title":"Delta van eToro, de beste beleggingstracker","og_description":"Jouw Financi\u00eble Superpower: Volg al je beleggingen: aandelen, ETF's, grondstoffen, crypto en forex - op \u00e9\u00e9n plek","og_url":"https:\/\/www.etoro.com\/nl\/wp-json\/wp\/v2\/pages\/850172","og_site_name":"eToro","article_publisher":"https:\/\/www.facebook.com\/eToro\/","article_modified_time":"2026-03-24T12:06:11+00:00","og_image":[{"width":1200,"height":630,"url":"https:\/\/www.etoro.com\/wp-content\/uploads\/2025\/04\/Delta-Featured-image-1200x630-1.png","type":"image\/png"}],"twitter_card":"summary_large_image","twitter_site":"@eToro","twitter_misc":{"Est. reading time":"2 minutes"},"schema":{"@context":"https:\/\/schema.org","@graph":[{"@type":"WebPage","@id":"https:\/\/www.etoro.com\/nl\/investing\/delta\/","url":"https:\/\/www.etoro.com\/nl\/investing\/delta\/","name":"Delta van eToro, de beste beleggingstracker","isPartOf":{"@id":"https:\/\/www.etoro.com\/nl\/#website"},"primaryImageOfPage":{"@id":"https:\/\/www.etoro.com\/nl\/investing\/delta\/#primaryimage"},"image":{"@id":"https:\/\/www.etoro.com\/nl\/investing\/delta\/#primaryimage"},"thumbnailUrl":"https:\/\/www.etoro.com\/wp-content\/uploads\/2025\/04\/Delta-Featured-image-1200x630-1.png","datePublished":"2023-06-13T06:50:21+00:00","dateModified":"2026-03-24T12:06:11+00:00","description":"Jouw Financi\u00eble Superpower: Volg al je beleggingen: aandelen, ETF's, grondstoffen, crypto en forex - op \u00e9\u00e9n plek","breadcrumb":{"@id":"https:\/\/www.etoro.com\/nl\/investing\/delta\/#breadcrumb"},"inLanguage":"nl","potentialAction":[{"@type":"ReadAction","target":["https:\/\/www.etoro.com\/nl\/investing\/delta\/"]}]},{"@type":"ImageObject","inLanguage":"nl","@id":"https:\/\/www.etoro.com\/nl\/investing\/delta\/#primaryimage","url":"https:\/\/www.etoro.com\/wp-content\/uploads\/2025\/04\/Delta-Featured-image-1200x630-1.png","contentUrl":"https:\/\/www.etoro.com\/wp-content\/uploads\/2025\/04\/Delta-Featured-image-1200x630-1.png","width":1200,"height":630},{"@type":"BreadcrumbList","@id":"https:\/\/www.etoro.com\/nl\/investing\/delta\/#breadcrumb","itemListElement":[{"@type":"ListItem","position":1,"name":"Thuispagina","item":"https:\/\/www.etoro.com\/nl\/"},{"@type":"ListItem","position":2,"name":"Investeren","item":"https:\/\/www.etoro.com\/nl\/investing\/"},{"@type":"ListItem","position":3,"name":"DELTA van eToro"}]},{"@type":"WebSite","@id":"https:\/\/www.etoro.com\/nl\/#website","url":"https:\/\/www.etoro.com\/nl\/","name":"eToro","description":"","publisher":{"@id":"https:\/\/www.etoro.com\/nl\/#organization"},"potentialAction":[{"@type":"SearchAction","target":{"@type":"EntryPoint","urlTemplate":"https:\/\/www.etoro.com\/nl\/?s={search_term_string}"},"query-input":{"@type":"PropertyValueSpecification","valueRequired":true,"valueName":"search_term_string"}}],"inLanguage":"nl"},[]]}},"_links":{"self":[{"href":"https:\/\/www.etoro.com\/nl\/wp-json\/wp\/v2\/pages\/850172"}],"collection":[{"href":"https:\/\/www.etoro.com\/nl\/wp-json\/wp\/v2\/pages"}],"about":[{"href":"https:\/\/www.etoro.com\/nl\/wp-json\/wp\/v2\/types\/page"}],"author":[{"embeddable":true,"href":"https:\/\/www.etoro.com\/nl\/wp-json\/wp\/v2\/users\/75"}],"replies":[{"embeddable":true,"href":"https:\/\/www.etoro.com\/nl\/wp-json\/wp\/v2\/comments?post=850172"}],"version-history":[{"count":0,"href":"https:\/\/www.etoro.com\/nl\/wp-json\/wp\/v2\/pages\/850172\/revisions"}],"up":[{"embeddable":true,"href":"https:\/\/www.etoro.com\/nl\/wp-json\/wp\/v2\/pages\/19762"}],"wp:featuredmedia":[{"embeddable":true,"href":"https:\/\/www.etoro.com\/nl\/wp-json\/wp\/v2\/media\/1048668"}],"wp:attachment":[{"href":"https:\/\/www.etoro.com\/nl\/wp-json\/wp\/v2\/media?parent=850172"}],"wp:term":[{"taxonomy":"asset_type","embeddable":true,"href":"https:\/\/www.etoro.com\/nl\/wp-json\/wp\/v2\/asset_type?post=850172"}],"curies":[{"name":"wp","href":"https:\/\/api.w.org\/{rel}","templated":true}]}}