{"id":873941,"date":"2021-03-16T17:54:14","date_gmt":"2021-03-16T15:54:14","guid":{"rendered":"https:\/\/www.etoro.com\/investing\/how-to-build-a-diversified-portfolio\/"},"modified":"2026-03-18T09:43:46","modified_gmt":"2026-03-18T07:43:46","slug":"how-to-build-a-diversified-portfolio","status":"publish","type":"page","link":"https:\/\/www.etoro.com\/nl\/investing\/how-to-build-a-diversified-portfolio\/","title":{"rendered":"Wat is een gediversifieerd portfolio?"},"content":{"rendered":"\n<p class=\"is-style-summary\">Om je beleggingskapitaal om te zetten in rendement, heb je een goed samengesteld, gediversifieerd portfolio nodig, wat vaardigheid, onderzoek en analyses vereist. Het vinden van de juiste verhouding tussen verschillende activaklassen is essentieel.<\/p>\n\n\n\n\n\n\n<hr class=\"wp-block-separator wp-block-separator-color-dark-grey wp-block-separator-spaces-medium wp-block-separator-weight-1 has-alpha-channel-opacity\"\/>\n\n\n\n<p>Bij diversificatie van een beleggingsportfolio komt meer kijken dan alleen maar vele verschillende activa kopen. Je moet kijken naar hoe de activa elkaar aanvullen en of er een correlatie is tussen de prijsbewegingen van meerdere activa. <strong>Idealiter wordt het verlies van een activum gecompenseerd door de winst van een ander.<\/strong><\/p>\n\n\n\n<p>Bij het diversifi\u00ebren van je portfolio moet je rekening houden met twee belangrijke factoren: <strong>vermogensverdeling en portfoliostructuur<\/strong>. In de volgende hoofdstukken worden deze begrippen in detail behandeld.<\/p>\n\n\n\n<figure class=\"wp-block-image size-full\"><img loading=\"lazy\" decoding=\"async\" width=\"756\" height=\"400\" src=\"https:\/\/www.etoro.com\/wp-content\/uploads\/2023\/05\/How-to-Build-a-Diversified-Investment-Portfolio_Body-Image-1_-What-is-Asset-Allocation_.png\" alt=\"What is diversification?\" class=\"wp-image-590149 wp-image-desktop\" title=\"Diversified Portfolio?\" srcset=\"https:\/\/www.etoro.com\/wp-content\/uploads\/2023\/05\/How-to-Build-a-Diversified-Investment-Portfolio_Body-Image-1_-What-is-Asset-Allocation_.png 756w, https:\/\/www.etoro.com\/wp-content\/uploads\/2023\/05\/How-to-Build-a-Diversified-Investment-Portfolio_Body-Image-1_-What-is-Asset-Allocation_-300x159.png 300w\" sizes=\"(max-width: 756px) 100vw, 756px\" \/><\/figure>\n\n\n\n<h2 class=\"wp-block-heading\">Wat is vermogensverdeling?<\/h2>\n\n\n\n<p>Het begrip vermogensverdeling betreft <strong>de wijze waarop een belegger zijn <\/strong><strong>kapitaal <\/strong><strong>gebruikt om verschillende activa te kopen<\/strong>. Dit wordt vaak uitgedrukt als een percentage van de totale waarde van je beleggingsportfolio. De exacte verdeling hangt af van je persoonlijke omstandigheden en je beleggingsdoelen.<\/p>\n\n\n\n<p>Een vuistregel hierbij is dat je je leeftijd van 100 aftrekt en het resulterende getal als het percentage aandelen neemt. Naarmate je ouder wordt, hoor je meer te beleggen in activa met een lager risico. Traditioneel gezien wordt nieuwe beleggers aangeraden om <strong>70 procent in aandelen te stoppen en 30 procent in obligaties<\/strong>.<\/p>\n\n\n\n<div class=\"wp-block-etoro-tip wp-block-etoro-tip-border-yellow\"><span class=\"wp-block-etoro-tip-icon\"><\/span><div class=\"wp-block-etoro-tip-text\">\n<p><strong>Tip:<\/strong> Houd bij de vermogensverdeling rekening met verschillende variabelen, zoals je risicoprofiel, hoeveel ervaring je hebt als belegger, wat je doelen zijn en in welke tijdsperiode je ze wilt bereiken.<\/p>\n<\/div><\/div>\n\n\n\n<p>Het merendeel van je beleggingsportfolio zal bestaan uit activa met een gemiddeld tot hoog risico. De hogere prijsvolatiliteit van deze aandelenposities wordt vervolgens <strong>gecompenseerd door de vaste rendementen van obligaties<\/strong>, die een lager risico hebben.<\/p>\n\n\n\n<figure class=\"wp-block-image size-full\"><img loading=\"lazy\" decoding=\"async\" width=\"756\" height=\"400\" src=\"https:\/\/www.etoro.com\/wp-content\/uploads\/2023\/05\/How-to-Build-a-Diversified-Investment-Portfolio_Body-Image-2_-What-is-Diversification_.png\" alt=\"What is Diversification\" class=\"wp-image-590170 wp-image-desktop\" title=\"What is diversification?\" srcset=\"https:\/\/www.etoro.com\/wp-content\/uploads\/2023\/05\/How-to-Build-a-Diversified-Investment-Portfolio_Body-Image-2_-What-is-Diversification_.png 756w, https:\/\/www.etoro.com\/wp-content\/uploads\/2023\/05\/How-to-Build-a-Diversified-Investment-Portfolio_Body-Image-2_-What-is-Diversification_-300x159.png 300w\" sizes=\"(max-width: 756px) 100vw, 756px\" \/><\/figure>\n\n\n\n<h2 class=\"wp-block-heading\">Wat is diversificatie?<\/h2>\n\n\n\n<p><strong>Diversificatie is het beleggen in verschillende soorten activa met verschillende risico\u2019s.<\/strong> Je kunt bijvoorbeeld een mix van aandelen, ETF\u2019s, <a href=\"https:\/\/www.etoro.com\/nl\/discover\/markets\/indices\">indices<\/a>, valuta\u2019s, grondstoffen en crypto-activa in je portfolio opnemen.<\/p>\n\n\n\n<p>Naast een combinatie van <strong>activaklassen <\/strong>kun je je vermogen ook over verschillende geografische regio\u2019s of economische sectoren spreiden.<\/p>\n\n\n\n<div class=\"wp-block-etoro-tip wp-block-etoro-tip-border-yellow\"><span class=\"wp-block-etoro-tip-icon\"><\/span><div class=\"wp-block-etoro-tip-text\">\n<p><strong>Tip:<\/strong> Als je 2% van je kapitaal in crypto-activa belegt, krijg je blootstelling aan een activum met een zeer hoog <a href=\"https:\/\/www.consumentenbond.nl\/beleggen\/beginnen\/rendement-en-risico\" target=\"_blank\" rel=\"noreferrer noopener\">risico-rendement<\/a> zonder jezelf overmatig bloot te stellen.<\/p>\n<\/div><\/div>\n\n\n\n<p>Een voorbeeld: stel dat jouw portfolio uit slechts \u00e9\u00e9n instrument bestaat, namelijk aandelen van <a href=\"https:\/\/www.etoro.com\/nl\/markets\/aapl\">Apple<\/a>. Hoewel dit aandeel op de lange termijn flink in waarde is gestegen, is deze stijging niet in een rechte lijn verlopen. Zo daalde het in 2022 zelfs met meer dan 25%. <strong>Het in- of uitstapmoment kan dus een groot verschil maken.<\/strong><\/p>\n\n\n\n<p>In 2022 stegen de aandelen van <a href=\"https:\/\/www.etoro.com\/nl\/markets\/jnj\">Johnson &amp; Johnson<\/a> daarentegen met zo\u2019n 5%. Als je je kapitaal 50\/50 tussen Apple en Johnson &amp; Johnson had verdeeld, zouden de lagere volatiliteit en het gemiddelde jaarverlies niet zo hard aankomen. Het maakt emotionele beslissingen ook minder waarschijnlijk. Dit is hoe een gediversifieerd portfolio helpt om <strong>risico\u2019s te beheren en weloverwogen besluiten te nemen<\/strong>.<\/p>\n\n\n\n<figure class=\"wp-block-image size-large\"><a href=\"https:\/\/www.etoro.com\/nl\/markets\/aapl\/chart\"><img loading=\"lazy\" decoding=\"async\" width=\"1024\" height=\"564\" src=\"https:\/\/www.etoro.com\/wp-content\/uploads\/2025\/07\/CZ-Graph-1-10-1024x564.png\" alt=\"\" class=\"wp-image-1099554 wp-image-desktop\" srcset=\"https:\/\/www.etoro.com\/wp-content\/uploads\/2025\/07\/CZ-Graph-1-10-1024x564.png 1024w, https:\/\/www.etoro.com\/wp-content\/uploads\/2025\/07\/CZ-Graph-1-10-300x165.png 300w, https:\/\/www.etoro.com\/wp-content\/uploads\/2025\/07\/CZ-Graph-1-10-768x423.png 768w, https:\/\/www.etoro.com\/wp-content\/uploads\/2025\/07\/CZ-Graph-1-10-1536x846.png 1536w, https:\/\/www.etoro.com\/wp-content\/uploads\/2025\/07\/CZ-Graph-1-10-2048x1128.png 2048w\" sizes=\"(max-width: 1024px) 100vw, 1024px\" \/><\/a><\/figure>\n\n\n\n<p class=\"is-style-disclaimer\"><em>In het verleden behaalde resultaten bieden geen garantie voor de toekomst.<\/em><\/p>\n\n\n\n<p>Bron: <a href=\"https:\/\/www.etoro.com\/nl\/markets\/aapl\/chart\">eToro<\/a><\/p>\n\n\n\n<p>Het bovenstaande voorbeeld laat zien <strong>hoe diversificatie de prestaties kan afvlakken<\/strong>, zelfs tussen twee relatief vergelijkbare activa. Hetzelfde effect zou zichtbaar moeten zijn wanneer een portfolio uit meerdere soorten activa bestaat, maar dan in grotere mate. Het is daarbij belangrijk dat je goed het historische prijsverloop van je beleggingen onderzoekt. Sommige blijken tegen de verwachting in te correleren.<\/p>\n\n\n\n<h2 class=\"wp-block-heading\">Portfoliobeheer<\/h2>\n\n\n\n<p><strong>Met de tijd verandert je portfolio<\/strong> door factoren zoals onverwachte gebeurtenissen of veranderingen in de volatiliteit van bepaalde beleggingen.<\/p>\n\n\n\n<figure class=\"wp-block-image size-full\"><img loading=\"lazy\" decoding=\"async\" width=\"756\" height=\"400\" src=\"https:\/\/www.etoro.com\/wp-content\/uploads\/2023\/05\/How-to-Build-a-Diversified-Investment-Portfolio_Body-Image-3_-Managing-Your-Portfolio.png\" alt=\"How to Build a Diversified Investment Portfolio\" class=\"wp-image-590191 wp-image-desktop\" title=\"Managing your portfolio\" srcset=\"https:\/\/www.etoro.com\/wp-content\/uploads\/2023\/05\/How-to-Build-a-Diversified-Investment-Portfolio_Body-Image-3_-Managing-Your-Portfolio.png 756w, https:\/\/www.etoro.com\/wp-content\/uploads\/2023\/05\/How-to-Build-a-Diversified-Investment-Portfolio_Body-Image-3_-Managing-Your-Portfolio-300x159.png 300w\" sizes=\"(max-width: 756px) 100vw, 756px\" \/><\/figure>\n\n\n\n<p><strong>Zo heeft Amazon zijn bedrijfsmodel uitgebreid naar webhostingdiensten (AWS)<\/strong>. Dit heeft het aandeel van Amazon niet per se slechter gemaakt, maar wel de <a href=\"https:\/\/help.etoro.com\/s\/article\/How-does-eToro-calculate-and-present-risk?language=nl_NL\">risicoscore<\/a> van de specifieke positie heeft veranderd.<\/p>\n\n\n\n<p>Een cruciaal onderdeel van portfoliobeheer is <strong>het herbalanceren van je portfolio<\/strong>, waarbij activa opnieuw worden toegewezen om het portfolio aan te passen aan marktveranderingen. Het wordt echter aangeraden om niet te veel wijzigingen door te voeren.<\/p>\n\n\n\n<h2 class=\"wp-block-heading\">Conclusie<\/h2>\n\n\n\n<p>De manier waarop je je portefeuille opbouwt, is een belangrijk onderdeel van het beleggingsproces. <strong>Het bewustzijn dat je geen invloed hebt op sommige gebeurtenissen maakt deel uit van portefeuillebeheer,<\/strong> maar het is nog steeds de moeite waard om goed na te denken over de factoren die je w\u00e9l kunt be\u00efnvloeden.<\/p>\n\n\n\n<p>Bezoek de <a href=\"https:\/\/www.etoro.com\/nl\/academy\/\">eToro Academy<\/a> om te leren hoe je de beste portefeuille voor jou kunt samenstellen.<\/p>\n\n\n\n<h2 class=\"wp-block-heading\">Quiz<\/h2>\n\n\n\n<div class=\"wp-block-etoro-quizzes\">\n<div class=\"wp-block-etoro-quiz\" data-answer=\"3\"><div class=\"wp-block-etoro-quiz-body\"><div class=\"wp-block-etoro-quiz-question\">Wat is waar voor handelaren of beleggers met een conservatieve risicotolerantie?<\/div>\n<div class=\"wp-block-etoro-quiz-item\">Hun risicotolerantie is waarschijnlijk laag en hun tijdshorizon kort<\/div>\n\n\n\n<div class=\"wp-block-etoro-quiz-item\">Ze hebben waarschijnlijk meer beleggingen met een lager risico, zoals obligaties en cash, met minder blootstelling aan aandelen<\/div>\n\n\n\n<div class=\"wp-block-etoro-quiz-item\">Ze hebben waarschijnlijk een breed gediversifieerde portefeuille<\/div>\n\n\n\n<div class=\"wp-block-etoro-quiz-item\">Al het bovenstaande<\/div>\n<\/div><div class=\"wp-block-etoro-quiz-result\">\u00a0<\/div><\/div>\n<\/div>\n\n\n\n\n\n<h2 class=\"wp-block-heading\">Veelgestelde vragen<\/h2>\n\n\n\n<dl class=\"wp-block-etoro-faq\">\n<div class=\"wp-block-etoro-faq-item\"><dt class=\"wp-block-etoro-faq-item-question\">Welke activa moet ik kopen om mijn portfolio te diversifi\u00ebren?<\/dt><dd class=\"wp-block-etoro-faq-item-answer\">\n<p>Een portfolio diversifi\u00ebren draait vooral om getallen. Over het algemeen geldt: hoe meer verschillende activa waarin je belegt, hoe groter de kans dat je profiteert van een lager <a href=\"https:\/\/www.etoro.com\/nl\/investing\/risk-management\/\">risico<\/a> en een stabieler rendement.<\/p>\n<\/dd><\/div>\n\n\n\n<div class=\"wp-block-etoro-faq-item\"><dt class=\"wp-block-etoro-faq-item-question\">Is er een scenario denkbaar waarin diversificatie van mijn portfolio niet wordt aangeraden?<\/dt><dd class=\"wp-block-etoro-faq-item-answer\">\n<p>Een goed beleggingsplan heeft meestal een einddatum, waarop je je beleggingen wilt laten aflopen. Om te voorkomen dat een plotselinge marktschok je plan op het laatste moment ru\u00efneert, kun je al je risicovollere beleggingen omwisselen voor <a href=\"https:\/\/www.etoro.com\/nl\/investing\/fixed-income\/\">obligaties<\/a>.<\/p>\n<\/dd><\/div>\n\n\n\n<div class=\"wp-block-etoro-faq-item\"><dt class=\"wp-block-etoro-faq-item-question\">Zijn er makkelijke manieren om mijn portfolio te diversifi\u00ebren?<\/dt><dd class=\"wp-block-etoro-faq-item-answer\">\n<p>Sommige instrumenten, zoals indices, <a href=\"https:\/\/www.etoro.com\/nl\/investing\/portfolios\/\">smart portfolio\u2019s<\/a> en ETF\u2019s, zijn enkelvoudige producten die een combinatie van verschillende activa bevatten. Zo bestaat het ETF in S&amp;P 500 uit kleine posities in elk van de aandelen van de grootste in de VS genoteerde bedrijven. Hoewel zo\u2019n ETF een belegging in \u00e9\u00e9n activaklasse vertegenwoordigt, is het minder risicovol dan een belegging in \u00e9\u00e9n aandeel.<\/p>\n<\/dd><\/div>\n\n\n\n<div class=\"wp-block-etoro-faq-item\"><dt class=\"wp-block-etoro-faq-item-question\">Kun je ook t\u00e9 veel diversifi\u00ebren?<\/dt><dd class=\"wp-block-etoro-faq-item-answer\">\n<p>Ja, er bestaat een risico dat overmatige spreiding niet meer aansluit bij je doelen. Als je doel puur het genereren van inkomen is, passen dividend-aandelen en obligaties in je portefeuille, maar voegen grondstoffen (die geen inkomen uitkeren) op dat moment weinig toe.<\/p>\n<\/dd><\/div>\n\n\n\n<div class=\"wp-block-etoro-faq-item\"><dt class=\"wp-block-etoro-faq-item-question\">Hoe vaak moet ik mijn gediversifieerde portefeuille herbalanceren?<\/dt><dd class=\"wp-block-etoro-faq-item-answer\">\n<p>Onder normale omstandigheden kan het raadzaam zijn om je portefeuille \u00e9\u00e9n of twee keer per jaar te herbalanceren. Kijk tijdens deze evaluaties of de verhoudingen nog kloppen met je doelen. Verander ook je balans als je persoonlijke situatie of je beleggingsdoelstellingen wijzigen.<\/p>\n<\/dd><\/div>\n<\/dl>\n\n\n\n\t\t<style>\n\t\t\t.rtl .etoro-block-shortcode-disclaimer {\n\t\t\t\ttext-align:right;\n\t\t\t}\n\t\t\t.etoro-block-shortcode-disclaimer {\n\t\t\t\tmargin-bottom:18px;\n\t\t\t\ttext-align:left;\n\t\t\t}\n\t\t\t.etoro-block-shortcode-disclaimer p{\n\t\t\t\tfont-size: 12px;\n\t\t\t\tline-height: 18px;\n\t\t\t}\n\t\t\t@media (min-width: 768px) {\n\t\t\t\t.etoro-block-shortcode-disclaimer {\n\t\t\t\t\tmax-width:1176px;\n\t\t\t\t\ttext-align:center;\n\t\t\t\t}\n\t\t\t\t.etoro-block-shortcode-disclaimer p {\n\t\t\t\t\tfont-size: 14px;\n\t\t\t\t\tline-height: 20px;\n\t\t\t\t}\n\t\t\t}\n\t\t<\/style>\n\t\t<div class='etoro-block-shortcode-disclaimer'><p>Deze informatie is uitsluitend bedoeld voor educatieve doeleinden en mag niet worden beschouwd als beleggingsadvies, persoonlijke aanbeveling, of een aanbod van, of verzoek tot, het kopen of verkopen van financi\u00eble instrumenten.<\/p>\n<p>Dit materiaal is opgesteld zonder rekening te houden met specifieke beleggingsdoelstellingen of financi\u00eble situaties, en is niet opgesteld in overeenstemming met de wettelijke en reglementaire vereisten ter bevordering van onafhankelijk onderzoek.<\/p>\n<p><strong>Niet alle financi\u00eble instrumenten en diensten waarnaar wordt verwezen worden aangeboden door eToro<\/strong>, en verwijzingen naar in het verleden behaalde prestaties van een financieel instrument, index of verpakt beleggingsproduct zijn geen, en mogen niet worden beschouwd als een betrouwbare indicator voor toekomstige resultaten. <strong>De beschikbaarheid van alle bovengenoemde producten en diensten kan per jurisdictie en land verschillen.<\/strong><\/p>\n<p>eToro biedt geen garanties en aanvaardt geen aansprakelijkheid over de juistheid of volledigheid van de inhoud van deze gids. Zorg ervoor dat u de risico\u2019s van handelen begrijpt voordat u kapitaal inlegt. Riskeer nooit meer dan u bereid bent te verliezen.<\/p>\n<\/div>\n","protected":false},"excerpt":{"rendered":"<p>Om je beleggingskapitaal om te zetten in rendement, heb je een goed samengesteld, gediversifieerd portfolio nodig, wat vaardigheid, onderzoek en analyses vereist. Het vinden van de juiste verhouding tussen verschillende activaklassen is essentieel. Bij diversificatie van een beleggingsportfolio komt meer kijken dan alleen maar vele verschillende activa kopen. Je moet kijken naar hoe de activa&hellip;<\/p>\n","protected":false},"author":101,"featured_media":1112336,"parent":19762,"menu_order":333,"comment_status":"closed","ping_status":"closed","template":"","meta":{"_acf_changed":false,"inline_featured_image":false,"sticky_cta_settings":"","footnotes":""},"asset_type":[],"class_list":["post-873941","page","type-page","status-publish","has-post-thumbnail","hentry"],"acf":[],"yoast_head":"<title>Hoe cre\u00eber je een gediversifieerd portfolio? | Beginnersgids<\/title>\n<meta name=\"description\" content=\"Je kunt je beleggingsrisico\u2019s met een gediversifieerd portfolio beperken. In deze gids leggen we uit hoe je je portfolio kunt diversifi\u00ebren.\" \/>\n<meta name=\"robots\" content=\"index, follow, max-snippet:-1, max-image-preview:large, max-video-preview:-1\" \/>\n<link rel=\"canonical\" href=\"https:\/\/www.etoro.com\/nl\/wp-json\/wp\/v2\/pages\/873941\" \/>\n<meta property=\"og:locale\" content=\"nl_NL\" \/>\n<meta property=\"og:type\" content=\"article\" \/>\n<meta property=\"og:title\" content=\"Hoe cre\u00eber je een gediversifieerd portfolio? | Beginnersgids\" \/>\n<meta property=\"og:description\" content=\"Je kunt je beleggingsrisico\u2019s met een gediversifieerd portfolio beperken. In deze gids leggen we uit hoe je je portfolio kunt diversifi\u00ebren.\" \/>\n<meta property=\"og:url\" content=\"https:\/\/www.etoro.com\/nl\/wp-json\/wp\/v2\/pages\/873941\" \/>\n<meta property=\"og:site_name\" content=\"eToro\" \/>\n<meta property=\"article:publisher\" content=\"https:\/\/www.facebook.com\/eToro\/\" \/>\n<meta property=\"article:modified_time\" content=\"2026-03-18T07:43:46+00:00\" \/>\n<meta property=\"og:image\" content=\"https:\/\/www.etoro.com\/wp-content\/uploads\/2025\/08\/NL-How-to-Build-a-Diversified-Investment-Portfolio-1200x630-1.png\" \/>\n\t<meta property=\"og:image:width\" content=\"1200\" \/>\n\t<meta property=\"og:image:height\" content=\"630\" \/>\n\t<meta property=\"og:image:type\" content=\"image\/png\" \/>\n<meta name=\"twitter:card\" content=\"summary_large_image\" \/>\n<meta name=\"twitter:site\" content=\"@eToro\" \/>\n<meta name=\"twitter:label1\" content=\"Est. reading time\" \/>\n\t<meta name=\"twitter:data1\" content=\"8 minutes\" \/>\n<script type=\"application\/ld+json\" class=\"yoast-schema-graph\">{\"@context\":\"https:\/\/schema.org\",\"@graph\":[{\"@type\":\"WebPage\",\"@id\":\"https:\/\/www.etoro.com\/nl\/investing\/how-to-build-a-diversified-portfolio\/\",\"url\":\"https:\/\/www.etoro.com\/nl\/investing\/how-to-build-a-diversified-portfolio\/\",\"name\":\"Hoe cre\u00eber je een gediversifieerd portfolio? | Beginnersgids\",\"isPartOf\":{\"@id\":\"https:\/\/www.etoro.com\/nl\/#website\"},\"primaryImageOfPage\":{\"@id\":\"https:\/\/www.etoro.com\/nl\/investing\/how-to-build-a-diversified-portfolio\/#primaryimage\"},\"image\":{\"@id\":\"https:\/\/www.etoro.com\/nl\/investing\/how-to-build-a-diversified-portfolio\/#primaryimage\"},\"thumbnailUrl\":\"https:\/\/www.etoro.com\/wp-content\/uploads\/2025\/08\/NL-How-to-Build-a-Diversified-Investment-Portfolio-1200x630-1.png\",\"datePublished\":\"2021-03-16T15:54:14+00:00\",\"dateModified\":\"2026-03-18T07:43:46+00:00\",\"description\":\"Je kunt je beleggingsrisico\u2019s met een gediversifieerd portfolio beperken. In deze gids leggen we uit hoe je je portfolio kunt diversifi\u00ebren.\",\"breadcrumb\":{\"@id\":\"https:\/\/www.etoro.com\/nl\/investing\/how-to-build-a-diversified-portfolio\/#breadcrumb\"},\"inLanguage\":\"nl\",\"potentialAction\":[{\"@type\":\"ReadAction\",\"target\":[\"https:\/\/www.etoro.com\/nl\/investing\/how-to-build-a-diversified-portfolio\/\"]}]},{\"@type\":\"ImageObject\",\"inLanguage\":\"nl\",\"@id\":\"https:\/\/www.etoro.com\/nl\/investing\/how-to-build-a-diversified-portfolio\/#primaryimage\",\"url\":\"https:\/\/www.etoro.com\/wp-content\/uploads\/2025\/08\/NL-How-to-Build-a-Diversified-Investment-Portfolio-1200x630-1.png\",\"contentUrl\":\"https:\/\/www.etoro.com\/wp-content\/uploads\/2025\/08\/NL-How-to-Build-a-Diversified-Investment-Portfolio-1200x630-1.png\",\"width\":1200,\"height\":630},{\"@type\":\"BreadcrumbList\",\"@id\":\"https:\/\/www.etoro.com\/nl\/investing\/how-to-build-a-diversified-portfolio\/#breadcrumb\",\"itemListElement\":[{\"@type\":\"ListItem\",\"position\":1,\"name\":\"Thuispagina\",\"item\":\"https:\/\/www.etoro.com\/nl\/\"},{\"@type\":\"ListItem\",\"position\":2,\"name\":\"Investeren\",\"item\":\"https:\/\/www.etoro.com\/nl\/investing\/\"},{\"@type\":\"ListItem\",\"position\":3,\"name\":\"Wat is een gediversifieerd portfolio?\"}]},{\"@type\":\"WebSite\",\"@id\":\"https:\/\/www.etoro.com\/nl\/#website\",\"url\":\"https:\/\/www.etoro.com\/nl\/\",\"name\":\"eToro\",\"description\":\"\",\"publisher\":{\"@id\":\"https:\/\/www.etoro.com\/nl\/#organization\"},\"potentialAction\":[{\"@type\":\"SearchAction\",\"target\":{\"@type\":\"EntryPoint\",\"urlTemplate\":\"https:\/\/www.etoro.com\/nl\/?s={search_term_string}\"},\"query-input\":{\"@type\":\"PropertyValueSpecification\",\"valueRequired\":true,\"valueName\":\"search_term_string\"}}],\"inLanguage\":\"nl\"},[]]}<\/script>","yoast_head_json":{"title":"Hoe cre\u00eber je een gediversifieerd portfolio? | Beginnersgids","description":"Je kunt je beleggingsrisico\u2019s met een gediversifieerd portfolio beperken. In deze gids leggen we uit hoe je je portfolio kunt diversifi\u00ebren.","robots":{"index":"index","follow":"follow","max-snippet":"max-snippet:-1","max-image-preview":"max-image-preview:large","max-video-preview":"max-video-preview:-1"},"canonical":"https:\/\/www.etoro.com\/nl\/wp-json\/wp\/v2\/pages\/873941","og_locale":"nl_NL","og_type":"article","og_title":"Hoe cre\u00eber je een gediversifieerd portfolio? | Beginnersgids","og_description":"Je kunt je beleggingsrisico\u2019s met een gediversifieerd portfolio beperken. In deze gids leggen we uit hoe je je portfolio kunt diversifi\u00ebren.","og_url":"https:\/\/www.etoro.com\/nl\/wp-json\/wp\/v2\/pages\/873941","og_site_name":"eToro","article_publisher":"https:\/\/www.facebook.com\/eToro\/","article_modified_time":"2026-03-18T07:43:46+00:00","og_image":[{"width":1200,"height":630,"url":"https:\/\/www.etoro.com\/wp-content\/uploads\/2025\/08\/NL-How-to-Build-a-Diversified-Investment-Portfolio-1200x630-1.png","type":"image\/png"}],"twitter_card":"summary_large_image","twitter_site":"@eToro","twitter_misc":{"Est. reading time":"8 minutes"},"schema":{"@context":"https:\/\/schema.org","@graph":[{"@type":"WebPage","@id":"https:\/\/www.etoro.com\/nl\/investing\/how-to-build-a-diversified-portfolio\/","url":"https:\/\/www.etoro.com\/nl\/investing\/how-to-build-a-diversified-portfolio\/","name":"Hoe cre\u00eber je een gediversifieerd portfolio? | Beginnersgids","isPartOf":{"@id":"https:\/\/www.etoro.com\/nl\/#website"},"primaryImageOfPage":{"@id":"https:\/\/www.etoro.com\/nl\/investing\/how-to-build-a-diversified-portfolio\/#primaryimage"},"image":{"@id":"https:\/\/www.etoro.com\/nl\/investing\/how-to-build-a-diversified-portfolio\/#primaryimage"},"thumbnailUrl":"https:\/\/www.etoro.com\/wp-content\/uploads\/2025\/08\/NL-How-to-Build-a-Diversified-Investment-Portfolio-1200x630-1.png","datePublished":"2021-03-16T15:54:14+00:00","dateModified":"2026-03-18T07:43:46+00:00","description":"Je kunt je beleggingsrisico\u2019s met een gediversifieerd portfolio beperken. In deze gids leggen we uit hoe je je portfolio kunt diversifi\u00ebren.","breadcrumb":{"@id":"https:\/\/www.etoro.com\/nl\/investing\/how-to-build-a-diversified-portfolio\/#breadcrumb"},"inLanguage":"nl","potentialAction":[{"@type":"ReadAction","target":["https:\/\/www.etoro.com\/nl\/investing\/how-to-build-a-diversified-portfolio\/"]}]},{"@type":"ImageObject","inLanguage":"nl","@id":"https:\/\/www.etoro.com\/nl\/investing\/how-to-build-a-diversified-portfolio\/#primaryimage","url":"https:\/\/www.etoro.com\/wp-content\/uploads\/2025\/08\/NL-How-to-Build-a-Diversified-Investment-Portfolio-1200x630-1.png","contentUrl":"https:\/\/www.etoro.com\/wp-content\/uploads\/2025\/08\/NL-How-to-Build-a-Diversified-Investment-Portfolio-1200x630-1.png","width":1200,"height":630},{"@type":"BreadcrumbList","@id":"https:\/\/www.etoro.com\/nl\/investing\/how-to-build-a-diversified-portfolio\/#breadcrumb","itemListElement":[{"@type":"ListItem","position":1,"name":"Thuispagina","item":"https:\/\/www.etoro.com\/nl\/"},{"@type":"ListItem","position":2,"name":"Investeren","item":"https:\/\/www.etoro.com\/nl\/investing\/"},{"@type":"ListItem","position":3,"name":"Wat is een gediversifieerd portfolio?"}]},{"@type":"WebSite","@id":"https:\/\/www.etoro.com\/nl\/#website","url":"https:\/\/www.etoro.com\/nl\/","name":"eToro","description":"","publisher":{"@id":"https:\/\/www.etoro.com\/nl\/#organization"},"potentialAction":[{"@type":"SearchAction","target":{"@type":"EntryPoint","urlTemplate":"https:\/\/www.etoro.com\/nl\/?s={search_term_string}"},"query-input":{"@type":"PropertyValueSpecification","valueRequired":true,"valueName":"search_term_string"}}],"inLanguage":"nl"},[]]}},"_links":{"self":[{"href":"https:\/\/www.etoro.com\/nl\/wp-json\/wp\/v2\/pages\/873941"}],"collection":[{"href":"https:\/\/www.etoro.com\/nl\/wp-json\/wp\/v2\/pages"}],"about":[{"href":"https:\/\/www.etoro.com\/nl\/wp-json\/wp\/v2\/types\/page"}],"author":[{"embeddable":true,"href":"https:\/\/www.etoro.com\/nl\/wp-json\/wp\/v2\/users\/101"}],"replies":[{"embeddable":true,"href":"https:\/\/www.etoro.com\/nl\/wp-json\/wp\/v2\/comments?post=873941"}],"version-history":[{"count":0,"href":"https:\/\/www.etoro.com\/nl\/wp-json\/wp\/v2\/pages\/873941\/revisions"}],"up":[{"embeddable":true,"href":"https:\/\/www.etoro.com\/nl\/wp-json\/wp\/v2\/pages\/19762"}],"wp:featuredmedia":[{"embeddable":true,"href":"https:\/\/www.etoro.com\/nl\/wp-json\/wp\/v2\/media\/1112336"}],"wp:attachment":[{"href":"https:\/\/www.etoro.com\/nl\/wp-json\/wp\/v2\/media?parent=873941"}],"wp:term":[{"taxonomy":"asset_type","embeddable":true,"href":"https:\/\/www.etoro.com\/nl\/wp-json\/wp\/v2\/asset_type?post=873941"}],"curies":[{"name":"wp","href":"https:\/\/api.w.org\/{rel}","templated":true}]}}