{"id":874928,"date":"2023-05-05T17:36:13","date_gmt":"2023-05-05T14:36:13","guid":{"rendered":"https:\/\/www.etoro.com\/investing\/psychology-of-investing\/"},"modified":"2025-10-30T11:16:23","modified_gmt":"2025-10-30T09:16:23","slug":"psychology-of-investing","status":"publish","type":"page","link":"https:\/\/www.etoro.com\/nl\/investing\/psychology-of-investing\/","title":{"rendered":"Psychologie van beleggen"},"content":{"rendered":"\n<p class=\"is-style-summary\">Met de juiste mentaliteit kun je aanzienlijk betere resultaten behalen. Emoties hebben namelijk veel invloed op beslissingen. De psychologie leert ons dat ook vooroordelen een grote rol spelen. Het is dus essentieel dat je deze valkuilen herkent.<\/p>\n\n\n\n\n\n\n<hr class=\"wp-block-separator wp-block-separator-color-dark-grey wp-block-separator-spaces-medium wp-block-separator-weight-1\"\/>\n\n\n\n<p>Als je een solide basis voor je beleggingsplan wilt, moet je realistische doelen stellen, een duidelijke strategie ontwikkelen en de <a href=\"https:\/\/www.etoro.com\/nl\/investing\/investing-terms-you-need-to-know\/\"><strong>belangrijkste beleggingstermen<\/strong><\/a><strong> begrijpen<\/strong>. <\/p>\n\n\n\n<p>Houd er echter rekening mee dat aspecten van menselijk gedrag, zoals emoties en vooroordelen, <strong>onbedoeld je aanpak kunnen be\u00efnvloeden<\/strong>. Emotioneel beleggen leidt vaak tot slechte beslissingen, en er zijn diverse psychologische valkuilen waarvoor beleggers alert moeten blijven.<\/p>\n\n\n\n<div class=\"wp-block-etoro-tip wp-block-etoro-tip-border-yellow\"><span class=\"wp-block-etoro-tip-icon\"><\/span><div class=\"wp-block-etoro-tip-text\">\n<p><strong>Tip:<\/strong> Let op cognitieve vooringenomenheid. Emoties en persoonlijke voorkeuren kunnen je beslissingen vertekenen, waardoor je te voorzichtig of overmoedig wordt.<\/p>\n<\/div><\/div>\n\n\n\n<p><strong>Gedragsfinanciering bestudeert hoe psychologie het gedrag van beleggers en financi\u00eble analisten be\u00efnvloedt, en hoe dit de markten be\u00efnvloedt. <\/strong>Het benadrukt dat beleggers niet altijd rationeel handelen, vaak beperkte zelfcontrole hebben en vatbaar zijn voor persoonlijke vooroordelen. Deze inzichten helpen bij het begrijpen van irrationeel marktgedrag en kunnen beleggers helpen betere beslissingen te nemen.<\/p>\n\n\n\n<figure class=\"wp-block-image size-full\"><img decoding=\"async\" src=\"https:\/\/www.etoro.com\/wp-content\/uploads\/2023\/05\/Psychology-of-Investing_Body-Image-1-Planning-Stage.png\" alt=\"Waarop moet je letten tijdens de planningsfase?\" class=\"wp-image-desktop\"\/><\/figure>\n\n\n\n<h2 class=\"wp-block-heading\">Waarop moet je letten tijdens de planningsfase?<\/h2>\n\n\n\n<p>Tijdens de planningsfase moeten vooral <strong>beginnende beleggers<\/strong> alert zijn op vertrouwdheid, het referentie-effect, terughoudendheid en kuddementaliteit. Hieronder zie je een overzicht van deze cognitieve valkuilen.<\/p>\n\n\n\n<figure class=\"wp-block-table\"><div class=\"wp-block-table-content\"><div class=\"wp-block-table-content-nav wp-block-table-content-nav-left\"><div class=\"wp-block-table-content-nav-arrow wp-block-table-content-nav-arrow-left\"><\/div><\/div><div class=\"wp-block-table-content-nav wp-block-table-content-nav-right\"><div class=\"wp-block-table-content-nav-arrow wp-block-table-content-nav-arrow-right\"><\/div><\/div><div class=\"wp-block-table-content-table\"><table><thead><tr><th><strong>Valkuil<\/strong><\/th><th><strong>Valkuil<\/strong><\/th><\/tr><\/thead><tbody><tr><td><strong>Vertrouwdheid<\/strong><\/td><td>Beleggers hebben de neiging om zich te richten op beleggingen en markten waarmee ze bekend zijn, zonder nieuwe mogelijkheden te verkennen die beter aansluiten bij hun risicoprofiel.<\/td><\/tr><tr><td><strong>Referentie-effect<\/strong><\/td><td>De eerste stukjes informatie die beleggers ontvangen, kunnen onevenredig veel invloed hebben op hun beslissingen, waardoor andere relevante factoren worden genegeerd.<\/td><\/tr><tr><td><strong>Terughoudendheid<\/strong><\/td><td>Beleggers overschatten vaak hun vermogen om verleidingen te weerstaan, wat kan leiden tot een grotere blootstelling aan risico.<\/td><\/tr><tr><td><strong>Kuddementaliteit<\/strong><\/td><td>Beslissingen worden be\u00efnvloed door de acties van anderen, in plaats van op onafhankelijk onderzoek te baseren.<\/td><\/tr><\/tbody><\/table><\/div><\/div><\/figure>\n\n\n\n<div class=\"wp-block-etoro-tip wp-block-etoro-tip-border-yellow\"><span class=\"wp-block-etoro-tip-icon\"><\/span><div class=\"wp-block-etoro-tip-text\">\n<p><strong>Tip:<\/strong> Terughoudendheid speelt ook een rol bij het beheren van live handelsposities. Een goed voorbeeld is \u2018doubling down\u2019. Dit gedrag, vaak ingegeven door emoties, wordt doorgaans niet als een effectieve strategie beschouwd en kan tot grotere verliezen leiden.<\/p>\n<\/div><\/div>\n\n\n\n<h2 class=\"wp-block-heading\">Waarop moet je letten tijdens de beleggingsfase?<\/h2>\n\n\n\n<p>Zodra je een positie hebt ingenomen, kunnen de live marktprijzen en de waarde van je belegging een <strong>reeks nieuwe uitdagingen en valkuilen blootleggen<\/strong>, die niet altijd zichtbaar waren tijdens de planningsfase. <\/p>\n\n\n\n<p>In deze fase kunnen<strong> <\/strong>verliezen ervoor zorgen dat beleggers hun strategie in twijfel trekken of aannemen dat veranderende marktomstandigheden de strategie ineffici\u00ebnt hebben gemaakt.<\/p>\n\n\n\n<figure class=\"wp-block-table\"><div class=\"wp-block-table-content\"><div class=\"wp-block-table-content-nav wp-block-table-content-nav-left\"><div class=\"wp-block-table-content-nav-arrow wp-block-table-content-nav-arrow-left\"><\/div><\/div><div class=\"wp-block-table-content-nav wp-block-table-content-nav-right\"><div class=\"wp-block-table-content-nav-arrow wp-block-table-content-nav-arrow-right\"><\/div><\/div><div class=\"wp-block-table-content-table\"><table><thead><tr><th><strong>Valkuil<\/strong><\/th><th><strong>Definitie<\/strong><\/th><\/tr><\/thead><tbody><tr><td><strong>Bevestigingsbias<\/strong><\/td><td>Beleggers zoeken alleen <a href=\"https:\/\/www.etoro.com\/trading\/technical-fundamental-and-quantitative-analysis\/\">informatie<\/a> die hun oorspronkelijke idee bevestigt, in plaats van gegevens die een volledig beeld bieden. Hierdoor blijft de focus op de oorspronkelijke opvatting, zelfs als die mogelijk niet meer klopt.<\/td><\/tr><tr><td><strong>Verliesaversie<\/strong><\/td><td>Beleggers vermijden liever verlies dan dat ze winst maken, wat kan leiden tot een lagere risico-rendementsverhouding, die langetermijnbeloningen beperkt.<\/td><\/tr><tr><td><strong>Focus op winst<\/strong><\/td><td>Beleggers streven ernaar dat elke transactie succesvol is, waardoor ze slechte beslissingen blijven nemen in plaats van verliezen beperken.<\/td><\/tr><\/tbody><\/table><\/div><\/div><\/figure>\n\n\n\n<p>Een andere belangrijke valkuil in deze fase is <strong>uitstelgedrag<\/strong>. Welke emoties ook een rol spelen, de oorspronkelijke redenen om te beleggen blijven geldig. Het vermijden van actie kan beleggers ervan weerhouden om hun financi\u00eble doelen te bereiken, zoals het beschermen van vermogen tegen inflatie of het plannen van <a href=\"https:\/\/www.etoro.com\/nl\/investing\/financial-independence\/\">financi\u00eble onafhankelijkheid<\/a> en vervroegd pensioen.<\/p>\n\n\n\n<p><strong>Soms is het grootste risico helemaal geen risico nemen<\/strong>. Door de juiste stappen te zetten, kunnen beleggers hun doelen op de lange termijn realiseren en onzekerheden overwinnen.<\/p>\n\n\n\n<figure class=\"wp-block-image size-full\"><img decoding=\"async\" src=\"https:\/\/www.etoro.com\/wp-content\/uploads\/2023\/05\/Psychology-of-Investing_Body-Image-2-Investing-Stage.png\" alt=\"Waarop moet je letten tijdens de beleggingsfase?\" class=\"wp-image-desktop\"\/><\/figure>\n\n\n\n<h2 class=\"wp-block-heading\">Hoe vermijd je emotioneel beleggen?<\/h2>\n\n\n\n<p>Voor nieuwe beleggers is het cruciaal dat ze <strong>erkennen dat verliezen een onvermijdelijk onderdeel zijn van beleggen<\/strong>. Zelfs met een waterdichte strategie zullen er momenten zijn waarop je verliezen lijdt.<\/p>\n\n\n\n<p><mark>Ervaren beleggers blijven gefocust op hun langetermijndoelen en laten zich niet uit het veld slaan door <a href=\"https:\/\/www.etoro.com\/stocks\/handling-financial-loss-and-recovery-in-the-share-market\/\">kortetermijnverliezen<\/a>. Dit helpt emotioneel beleggen te voorkomen. Richt je niet op je winst-verliesverhouding, maar streef naar een duurzaam positief rendement.<\/mark><\/p>\n\n\n\n<figure class=\"wp-block-image size-full\"><img decoding=\"async\" src=\"https:\/\/www.etoro.com\/wp-content\/uploads\/2023\/05\/Psychology-of-Investing_Body-Image-3-How-to-Avoid-Emotional-Investing.png\" alt=\"Hoe vermijd je emotioneel beleggen?\" class=\"wp-image-desktop\"\/><\/figure>\n\n\n\n<p>Het aanpakken van psychologische factoren die emotioneel beleggen veroorzaken, begint met een <strong>goed doordacht plan.<\/strong><\/p>\n\n\n\n<ul class=\"wp-block-list wp-block-list wp-block-list-circle\">\n<li><strong>Doe grondig onderzoek<\/strong> en blijf op de hoogte van <a href=\"https:\/\/www.etoro.com\/nl\/news-and-analysis\/\">marktnieuws.<\/a><\/li>\n\n\n\n<li><strong>Stel realistische doelen<\/strong> en ken je persoonlijk risicoprofiel.<\/li>\n\n\n\n<li><a href=\"https:\/\/www.etoro.com\/nl\/investing\/how-to-build-a-diversified-portfolio\/\">Diversifieer je portfolio<\/a> om volatiliteit te verminderen.<\/li>\n\n\n\n<li><strong>Evalueer je strategie regelmatig<\/strong> om beginnersfouten te vermijden.<\/li>\n\n\n\n<li><strong>Pas je strategie aan<\/strong> waar nodig, of plan vooraf scenario\u2019s waarin aanpassingen noodzakelijk kunnen zijn.<\/li>\n<\/ul>\n\n\n\n<blockquote class=\"wp-block-quote wp-block-quote-scheme-green is-layout-flow wp-block-quote-is-layout-flow\">\n<p>&#8220;De belangrijkste kwaliteit voor een belegger is karakter, niet intellect.&#8221;<\/p>\n<cite>\u2013 <a href=\"https:\/\/www.beurs.nl\/artikel\/754785\/De-10-belangrijkste-lessen-van-Warren-Buffett.aspx\" rel=\"nofollow noopener noreferrer\" >Warren Buffett<\/a><\/cite><\/blockquote>\n\n\n\n<h2 class=\"wp-block-heading\">Conclusie<\/h2>\n\n\n\n<p>Of je portfolio nu in waarde stijgt of daalt, een sterke <strong>beleggingsmentaliteit kan je helpen om je rendement te optimaliseren.<\/strong><\/p>\n\n\n\n<p>Door te begrijpen hoe <strong>emoties zoals hebzucht en angst je beslissingen kunnen be\u00efnvloeden<\/strong>, kun je je concentreren op de aspecten van beleggen die je wel kunt controleren.<\/p>\n\n\n\n<p>Bezoek de <a href=\"https:\/\/www.etoro.com\/nl\/academy\/\">eToro Academy<\/a> om nieuwe technieken te leren en je kansen op succes in de markten te vergroten.<\/p>\n\n\n\n<h2 class=\"wp-block-heading\">Veelgestelde vragen<\/h2>\n\n\n\n<dl class=\"wp-block-etoro-faq\">\n<div class=\"wp-block-etoro-faq-item\"><dt class=\"wp-block-etoro-faq-item-question\">Is er een manier om de stemming van de markt te meten?<\/dt><dd class=\"wp-block-etoro-faq-item-answer\">\n<p>De CBOE Volatility VIX Index (<a href=\"https:\/\/www.etoro.com\/nl\/markets\/vix.fut\">VIX<\/a>) meet de handelsactiviteit op de optiemarkt. Dit soort instrumenten worden vaak gebruikt om risico&#8217;s te beheersen: hoe groter het verhandelde bedrag, hoe groter het aantal beleggers dat denkt dat de Amerikaanse markt in de nabije toekomst een plotselinge prijsbeweging kan doormaken. <\/p>\n<\/dd><\/div>\n\n\n\n<div class=\"wp-block-etoro-faq-item\"><dt class=\"wp-block-etoro-faq-item-question\">Welke technieken kan ik gebruiken om te voorkomen dat emoties mijn besluitvormingsproces be\u00efnvloeden bij het beleggen?<\/dt><dd class=\"wp-block-etoro-faq-item-answer\">\n<p>Het gevaar van emotioneel beleggen kan worden beperkt of omzeild met intelligente strategie\u00ebn. Zo kan portfoliodiversificatie, waarbij je verschillende soorten beleggingen koopt, gemiddelde rendementen verhogen en de emotionele reactie op verhoogde marktvolatiliteit verminderen. <\/p>\n<\/dd><\/div>\n\n\n\n<div class=\"wp-block-etoro-faq-item\"><dt class=\"wp-block-etoro-faq-item-question\">Kan ik, door het belegde bedrag te verlagen, ook de impact van emoties verlagen?<\/dt><dd class=\"wp-block-etoro-faq-item-answer\">\n<p>Een groot kapitaal beleggen zonder te weten hoe je het moet beheren, kan leiden tot mogelijk rampzalige emotionele beslissingen. Daarom is het cruciaal om alleen te beleggen met het geld dat je bereid bent te verliezen. <\/p>\n<\/dd><\/div>\n<\/dl>\n\n\n\n<h2 class=\"wp-block-heading\">Quiz<\/h2>\n\n\n\n<div class=\"wp-block-etoro-quizzes\">\n<div class=\"wp-block-etoro-quiz\" data-answer=\"0\"><div class=\"wp-block-etoro-quiz-body\"><div class=\"wp-block-etoro-quiz-question\">Wat bestudeert gedragsfinanciering?<\/div>\n<div class=\"wp-block-etoro-quiz-item\">De effecten van psychologie op beleggers en de financi\u00eble markten<\/div>\n\n\n\n<div class=\"wp-block-etoro-quiz-item\">De effecten van psychologie op banken<\/div>\n\n\n\n<div class=\"wp-block-etoro-quiz-item\">De effecten van psychologie op politiek<\/div>\n<\/div><div class=\"wp-block-etoro-quiz-result\">\u00a0<\/div><\/div>\n<\/div>\n\n\n\n\t\t<style>\n\t\t\t.rtl .etoro-block-shortcode-disclaimer {\n\t\t\t\ttext-align:right;\n\t\t\t}\n\t\t\t.etoro-block-shortcode-disclaimer {\n\t\t\t\tmargin-bottom:18px;\n\t\t\t\ttext-align:left;\n\t\t\t}\n\t\t\t.etoro-block-shortcode-disclaimer p{\n\t\t\t\tfont-size: 12px;\n\t\t\t\tline-height: 18px;\n\t\t\t}\n\t\t\t@media (min-width: 768px) {\n\t\t\t\t.etoro-block-shortcode-disclaimer {\n\t\t\t\t\tmax-width:1176px;\n\t\t\t\t\ttext-align:center;\n\t\t\t\t}\n\t\t\t\t.etoro-block-shortcode-disclaimer p {\n\t\t\t\t\tfont-size: 14px;\n\t\t\t\t\tline-height: 20px;\n\t\t\t\t}\n\t\t\t}\n\t\t<\/style>\n\t\t<div class='etoro-block-shortcode-disclaimer'><p>Deze informatie is uitsluitend bedoeld voor educatieve doeleinden en mag niet worden beschouwd als beleggingsadvies, persoonlijke aanbeveling, of een aanbod van, of verzoek tot, het kopen of verkopen van financi\u00eble instrumenten.<\/p>\n<p>Dit materiaal is opgesteld zonder rekening te houden met specifieke beleggingsdoelstellingen of financi\u00eble situaties, en is niet opgesteld in overeenstemming met de wettelijke en reglementaire vereisten ter bevordering van onafhankelijk onderzoek.<\/p>\n<p><strong>Niet alle financi\u00eble instrumenten en diensten waarnaar wordt verwezen worden aangeboden door eToro<\/strong>, en verwijzingen naar in het verleden behaalde prestaties van een financieel instrument, index of verpakt beleggingsproduct zijn geen, en mogen niet worden beschouwd als een betrouwbare indicator voor toekomstige resultaten. <strong>De beschikbaarheid van alle bovengenoemde producten en diensten kan per jurisdictie en land verschillen.<\/strong><\/p>\n<p>eToro biedt geen garanties en aanvaardt geen aansprakelijkheid over de juistheid of volledigheid van de inhoud van deze gids. Zorg ervoor dat u de risico\u2019s van handelen begrijpt voordat u kapitaal inlegt. Riskeer nooit meer dan u bereid bent te verliezen.<\/p>\n<\/div>\n","protected":false},"excerpt":{"rendered":"<p>Met de juiste mentaliteit kun je aanzienlijk betere resultaten behalen. Emoties hebben namelijk veel invloed op beslissingen. De psychologie leert ons dat ook vooroordelen een grote rol spelen. Het is dus essentieel dat je deze valkuilen herkent. Als je een solide basis voor je beleggingsplan wilt, moet je realistische doelen stellen, een duidelijke strategie ontwikkelen&hellip;<\/p>\n","protected":false},"author":101,"featured_media":1109138,"parent":19762,"menu_order":0,"comment_status":"closed","ping_status":"closed","template":"","meta":{"_acf_changed":true,"inline_featured_image":false,"sticky_cta_settings":"","footnotes":""},"asset_type":[],"class_list":["post-874928","page","type-page","status-publish","has-post-thumbnail","hentry"],"acf":[],"yoast_head":"<title>Begrijp de emoties bij beleggen en maak betere beslissingen<\/title>\n<meta name=\"description\" content=\"Leer hoe emoties je beleggingsbeslissingen be\u00efnvloeden en ontdek strategie\u00ebn om emotioneel beleggen te beheersen.\" \/>\n<meta name=\"robots\" content=\"index, follow, max-snippet:-1, max-image-preview:large, max-video-preview:-1\" \/>\n<link rel=\"canonical\" href=\"https:\/\/www.etoro.com\/nl\/wp-json\/wp\/v2\/pages\/874928\" \/>\n<meta property=\"og:locale\" content=\"nl_NL\" \/>\n<meta property=\"og:type\" content=\"article\" \/>\n<meta property=\"og:title\" content=\"Begrijp de emoties bij beleggen en maak betere beslissingen\" \/>\n<meta property=\"og:description\" content=\"Leer hoe emoties je beleggingsbeslissingen be\u00efnvloeden en ontdek strategie\u00ebn om emotioneel beleggen te beheersen.\" \/>\n<meta property=\"og:url\" content=\"https:\/\/www.etoro.com\/nl\/wp-json\/wp\/v2\/pages\/874928\" \/>\n<meta property=\"og:site_name\" content=\"eToro\" \/>\n<meta property=\"article:publisher\" content=\"https:\/\/www.facebook.com\/eToro\/\" \/>\n<meta property=\"article:modified_time\" content=\"2025-10-30T09:16:23+00:00\" \/>\n<meta property=\"og:image\" content=\"https:\/\/www.etoro.com\/wp-content\/uploads\/2025\/07\/NL-Psychology-of-Investing-1200x630-1.png\" \/>\n\t<meta property=\"og:image:width\" content=\"1200\" \/>\n\t<meta property=\"og:image:height\" content=\"630\" \/>\n\t<meta property=\"og:image:type\" content=\"image\/png\" \/>\n<meta name=\"twitter:card\" content=\"summary_large_image\" \/>\n<meta name=\"twitter:site\" content=\"@eToro\" \/>\n<meta name=\"twitter:label1\" content=\"Est. reading time\" \/>\n\t<meta name=\"twitter:data1\" content=\"5 minutes\" \/>\n<script type=\"application\/ld+json\" class=\"yoast-schema-graph\">{\"@context\":\"https:\/\/schema.org\",\"@graph\":[{\"@type\":\"WebPage\",\"@id\":\"https:\/\/www.etoro.com\/nl\/investing\/psychology-of-investing\/\",\"url\":\"https:\/\/www.etoro.com\/nl\/investing\/psychology-of-investing\/\",\"name\":\"Begrijp de emoties bij beleggen en maak betere beslissingen\",\"isPartOf\":{\"@id\":\"https:\/\/www.etoro.com\/nl\/#website\"},\"primaryImageOfPage\":{\"@id\":\"https:\/\/www.etoro.com\/nl\/investing\/psychology-of-investing\/#primaryimage\"},\"image\":{\"@id\":\"https:\/\/www.etoro.com\/nl\/investing\/psychology-of-investing\/#primaryimage\"},\"thumbnailUrl\":\"https:\/\/www.etoro.com\/wp-content\/uploads\/2025\/07\/NL-Psychology-of-Investing-1200x630-1.png\",\"datePublished\":\"2023-05-05T14:36:13+00:00\",\"dateModified\":\"2025-10-30T09:16:23+00:00\",\"description\":\"Leer hoe emoties je beleggingsbeslissingen be\u00efnvloeden en ontdek strategie\u00ebn om emotioneel beleggen te beheersen.\",\"breadcrumb\":{\"@id\":\"https:\/\/www.etoro.com\/nl\/investing\/psychology-of-investing\/#breadcrumb\"},\"inLanguage\":\"nl\",\"potentialAction\":[{\"@type\":\"ReadAction\",\"target\":[\"https:\/\/www.etoro.com\/nl\/investing\/psychology-of-investing\/\"]}]},{\"@type\":\"ImageObject\",\"inLanguage\":\"nl\",\"@id\":\"https:\/\/www.etoro.com\/nl\/investing\/psychology-of-investing\/#primaryimage\",\"url\":\"https:\/\/www.etoro.com\/wp-content\/uploads\/2025\/07\/NL-Psychology-of-Investing-1200x630-1.png\",\"contentUrl\":\"https:\/\/www.etoro.com\/wp-content\/uploads\/2025\/07\/NL-Psychology-of-Investing-1200x630-1.png\",\"width\":1200,\"height\":630},{\"@type\":\"BreadcrumbList\",\"@id\":\"https:\/\/www.etoro.com\/nl\/investing\/psychology-of-investing\/#breadcrumb\",\"itemListElement\":[{\"@type\":\"ListItem\",\"position\":1,\"name\":\"Thuispagina\",\"item\":\"https:\/\/www.etoro.com\/nl\/\"},{\"@type\":\"ListItem\",\"position\":2,\"name\":\"Investeren\",\"item\":\"https:\/\/www.etoro.com\/nl\/investing\/\"},{\"@type\":\"ListItem\",\"position\":3,\"name\":\"Psychologie van beleggen\"}]},{\"@type\":\"WebSite\",\"@id\":\"https:\/\/www.etoro.com\/nl\/#website\",\"url\":\"https:\/\/www.etoro.com\/nl\/\",\"name\":\"eToro\",\"description\":\"\",\"publisher\":{\"@id\":\"https:\/\/www.etoro.com\/nl\/#organization\"},\"potentialAction\":[{\"@type\":\"SearchAction\",\"target\":{\"@type\":\"EntryPoint\",\"urlTemplate\":\"https:\/\/www.etoro.com\/nl\/?s={search_term_string}\"},\"query-input\":{\"@type\":\"PropertyValueSpecification\",\"valueRequired\":true,\"valueName\":\"search_term_string\"}}],\"inLanguage\":\"nl\"},[]]}<\/script>","yoast_head_json":{"title":"Begrijp de emoties bij beleggen en maak betere beslissingen","description":"Leer hoe emoties je beleggingsbeslissingen be\u00efnvloeden en ontdek strategie\u00ebn om emotioneel beleggen te beheersen.","robots":{"index":"index","follow":"follow","max-snippet":"max-snippet:-1","max-image-preview":"max-image-preview:large","max-video-preview":"max-video-preview:-1"},"canonical":"https:\/\/www.etoro.com\/nl\/wp-json\/wp\/v2\/pages\/874928","og_locale":"nl_NL","og_type":"article","og_title":"Begrijp de emoties bij beleggen en maak betere beslissingen","og_description":"Leer hoe emoties je beleggingsbeslissingen be\u00efnvloeden en ontdek strategie\u00ebn om emotioneel beleggen te beheersen.","og_url":"https:\/\/www.etoro.com\/nl\/wp-json\/wp\/v2\/pages\/874928","og_site_name":"eToro","article_publisher":"https:\/\/www.facebook.com\/eToro\/","article_modified_time":"2025-10-30T09:16:23+00:00","og_image":[{"width":1200,"height":630,"url":"https:\/\/www.etoro.com\/wp-content\/uploads\/2025\/07\/NL-Psychology-of-Investing-1200x630-1.png","type":"image\/png"}],"twitter_card":"summary_large_image","twitter_site":"@eToro","twitter_misc":{"Est. reading time":"5 minutes"},"schema":{"@context":"https:\/\/schema.org","@graph":[{"@type":"WebPage","@id":"https:\/\/www.etoro.com\/nl\/investing\/psychology-of-investing\/","url":"https:\/\/www.etoro.com\/nl\/investing\/psychology-of-investing\/","name":"Begrijp de emoties bij beleggen en maak betere beslissingen","isPartOf":{"@id":"https:\/\/www.etoro.com\/nl\/#website"},"primaryImageOfPage":{"@id":"https:\/\/www.etoro.com\/nl\/investing\/psychology-of-investing\/#primaryimage"},"image":{"@id":"https:\/\/www.etoro.com\/nl\/investing\/psychology-of-investing\/#primaryimage"},"thumbnailUrl":"https:\/\/www.etoro.com\/wp-content\/uploads\/2025\/07\/NL-Psychology-of-Investing-1200x630-1.png","datePublished":"2023-05-05T14:36:13+00:00","dateModified":"2025-10-30T09:16:23+00:00","description":"Leer hoe emoties je beleggingsbeslissingen be\u00efnvloeden en ontdek strategie\u00ebn om emotioneel beleggen te beheersen.","breadcrumb":{"@id":"https:\/\/www.etoro.com\/nl\/investing\/psychology-of-investing\/#breadcrumb"},"inLanguage":"nl","potentialAction":[{"@type":"ReadAction","target":["https:\/\/www.etoro.com\/nl\/investing\/psychology-of-investing\/"]}]},{"@type":"ImageObject","inLanguage":"nl","@id":"https:\/\/www.etoro.com\/nl\/investing\/psychology-of-investing\/#primaryimage","url":"https:\/\/www.etoro.com\/wp-content\/uploads\/2025\/07\/NL-Psychology-of-Investing-1200x630-1.png","contentUrl":"https:\/\/www.etoro.com\/wp-content\/uploads\/2025\/07\/NL-Psychology-of-Investing-1200x630-1.png","width":1200,"height":630},{"@type":"BreadcrumbList","@id":"https:\/\/www.etoro.com\/nl\/investing\/psychology-of-investing\/#breadcrumb","itemListElement":[{"@type":"ListItem","position":1,"name":"Thuispagina","item":"https:\/\/www.etoro.com\/nl\/"},{"@type":"ListItem","position":2,"name":"Investeren","item":"https:\/\/www.etoro.com\/nl\/investing\/"},{"@type":"ListItem","position":3,"name":"Psychologie van beleggen"}]},{"@type":"WebSite","@id":"https:\/\/www.etoro.com\/nl\/#website","url":"https:\/\/www.etoro.com\/nl\/","name":"eToro","description":"","publisher":{"@id":"https:\/\/www.etoro.com\/nl\/#organization"},"potentialAction":[{"@type":"SearchAction","target":{"@type":"EntryPoint","urlTemplate":"https:\/\/www.etoro.com\/nl\/?s={search_term_string}"},"query-input":{"@type":"PropertyValueSpecification","valueRequired":true,"valueName":"search_term_string"}}],"inLanguage":"nl"},[]]}},"_links":{"self":[{"href":"https:\/\/www.etoro.com\/nl\/wp-json\/wp\/v2\/pages\/874928"}],"collection":[{"href":"https:\/\/www.etoro.com\/nl\/wp-json\/wp\/v2\/pages"}],"about":[{"href":"https:\/\/www.etoro.com\/nl\/wp-json\/wp\/v2\/types\/page"}],"author":[{"embeddable":true,"href":"https:\/\/www.etoro.com\/nl\/wp-json\/wp\/v2\/users\/101"}],"replies":[{"embeddable":true,"href":"https:\/\/www.etoro.com\/nl\/wp-json\/wp\/v2\/comments?post=874928"}],"version-history":[{"count":0,"href":"https:\/\/www.etoro.com\/nl\/wp-json\/wp\/v2\/pages\/874928\/revisions"}],"up":[{"embeddable":true,"href":"https:\/\/www.etoro.com\/nl\/wp-json\/wp\/v2\/pages\/19762"}],"wp:featuredmedia":[{"embeddable":true,"href":"https:\/\/www.etoro.com\/nl\/wp-json\/wp\/v2\/media\/1109138"}],"wp:attachment":[{"href":"https:\/\/www.etoro.com\/nl\/wp-json\/wp\/v2\/media?parent=874928"}],"wp:term":[{"taxonomy":"asset_type","embeddable":true,"href":"https:\/\/www.etoro.com\/nl\/wp-json\/wp\/v2\/asset_type?post=874928"}],"curies":[{"name":"wp","href":"https:\/\/api.w.org\/{rel}","templated":true}]}}