{"id":875749,"date":"2023-09-27T19:03:23","date_gmt":"2023-09-27T16:03:23","guid":{"rendered":"https:\/\/www.etoro.com\/investing\/what-is-macroeconomics\/"},"modified":"2026-03-18T09:04:14","modified_gmt":"2026-03-18T07:04:14","slug":"what-is-macroeconomics","status":"publish","type":"page","link":"https:\/\/www.etoro.com\/nl\/investing\/what-is-macroeconomics\/","title":{"rendered":"Wat is macro-economie?"},"content":{"rendered":"\n<p class=\"is-style-summary\">Macro-economie bestudeert factoren die de wereldeconomie be\u00efnvloeden, zoals groei, inflatie en werkloosheid. Dit helpt beleggers en handelaren om marktdynamiek beter te begrijpen en slimme financi\u00eble keuzes te maken.<\/p>\n\n\n\n\n\n\n<hr class=\"wp-block-separator wp-block-separator-color-dark-grey wp-block-separator-spaces-medium wp-block-separator-weight-1\"\/>\n\n\n\n<p>Macro-economie onderzoekt de <strong>essenti\u00eble componenten van de wereldwijde economie<\/strong>; de cruciale factoren die de vraag en het aanbod van goederen en diensten be\u00efnvloeden.<\/p>\n\n\n\n<p>Terwijl sommige aspecten van de macro-economie afzonderlijk kunnen worden geanalyseerd, kan het overwegen van <strong>bredere verbanden tussen de elementen van het economische systeem<\/strong> beleggers en <a href=\"https:\/\/www.etoro.com\/nl\/academy\/trading\/\">handelaren<\/a> helpen bij het nemen van weloverwogen beleggingsbeslissingen.<\/p>\n\n\n\n<p>Veranderingen in de macro-economie kunnen <strong>zowel positieve als negatieve gevolgen<\/strong> hebben voor verschillende beleggingen tegelijkertijd.<\/p>\n\n\n\n<figure class=\"wp-block-image size-full\"><img decoding=\"async\" src=\"https:\/\/www.etoro.com\/wp-content\/uploads\/2023\/09\/Body-Image-1_-Macroeconomics-definition.png\" alt=\"Wat is de definitie van macro-economie?\" class=\"wp-image-desktop\"\/><\/figure>\n\n\n\n<h2 class=\"wp-block-heading\">Wat is de definitie van macro-economie?<\/h2>\n\n\n\n<p>Macro-economie <strong>analyseert economische en politieke variabelen op nationaal en internationaal niveau<\/strong>, zoals rentes, werkloosheid en economische groei. Zo worden trends en oorzaken blootgelegd, en hun invloed op de <a href=\"https:\/\/www.etoro.com\/nl\/investing\/market-and-economic-cycles\/\">financi\u00eble markten<\/a> beter begrepen.<\/p>\n\n\n\n<p><mark>Deze benadering helpt beleggers om te begrijpen hoe <a href=\"https:\/\/www.etoro.com\/nl\/investing\/economic-factors\/\">economische factoren<\/a> zoals vraag en aanbod invloed hebben op prijzen, rentes en bedrijfswinsten. Zo kunnen ze beter inschatten welke beleggingen aantrekkelijk zijn en hoe markten waarschijnlijk zullen reageren.<\/mark><\/p>\n\n\n\n<h2 class=\"wp-block-heading\">Waar richt macro-economie zich op?<\/h2>\n\n\n\n<p>Hoewel de definities van macro-economie kunnen vari\u00ebren, is het algemeen aanvaard dat zowel bedrijven als politieke leiders streven naar <strong>economische groei, prijsstabiliteit en volledige werkgelegenheid<\/strong>.<\/p>\n\n\n\n<figure class=\"wp-block-image size-full\"><img decoding=\"async\" src=\"https:\/\/www.etoro.com\/wp-content\/uploads\/2023\/09\/Body-Image-2_-What-does-macroeconomics-focus-on_.png\" alt=\"Waar richt macro-economie zich op?\" class=\"wp-image-desktop\"\/><\/figure>\n\n\n\n<p>Deze macro-economische datapunten kunnen worden beoordeeld aan de hand van <strong>offici\u00eble rapporten<\/strong> die het bruno binnenlands product (bbp), de <a href=\"https:\/\/www.cbs.nl\/nl-nl\/reeksen\/tijd\/consumentenprijzen\" target=\"_blank\" rel=\"noopener noreferrer\">Consumentenprijsindex (CPI)<\/a> en werkgelegenheidsgegevens bijhouden.<\/p>\n\n\n\n<div class=\"wp-block-etoro-tip wp-block-etoro-tip-border-yellow\"><span class=\"wp-block-etoro-tip-icon\"><\/span><div class=\"wp-block-etoro-tip-text\">\n<p><strong>Tip:<\/strong> Houd er rekening mee dat <a href=\"https:\/\/www.etoro.com\/nl\/academy\/courses\/macroeconomics\/\">macro-economische analyses<\/a> uiteen kunnen lopen. Economen en beleggers leggen vaak andere accenten, afhankelijk van welke gegevens zij het belangrijkst vinden.<\/p>\n<\/div><\/div>\n\n\n\n<p><strong>Verschillende macro-economische factoren<\/strong> kunnen van invloed zijn op het bereiken van de bovengenoemde doelstellingen, waaronder:<\/p>\n\n\n\n<ul class=\"wp-block-list wp-block-list wp-block-list-circle\">\n<li><strong>fiscaal beleid<\/strong>: het gebruik van overheidsuitgaven en belastingbeleid om economische omstandigheden te sturen;<\/li>\n\n\n\n<li><strong>monetair beleid:<\/strong> een reeks maatregelen om de totale geldvoorraad van een land te beheren;<\/li>\n\n\n\n<li><strong>geopolitieke gebeurtenissen<\/strong>: politieke kwesties of gebeurtenissen waarbij minstens twee landen betrokken zijn.<\/li>\n<\/ul>\n\n\n\n<p>Door dieper in te gaan op macro-economische gegevens kunnen <strong>aanvullende factoren zoals aanbodzijde, arbeidsproductiviteit, consumentensentiment<\/strong> en maatschappelijke trends beter worden geanalyseerd. Bekijk <a href=\"https:\/\/www.etoro.com\/nl\/news-and-analysis\/investing\/\">meer inzichten voor beleggers<\/a> om deze verbanden beter te begrijpen.<\/p>\n\n\n\n<p>Deze factoren bieden <strong>waardevolle inzichten in het bredere economische landschap<\/strong>.<\/p>\n\n\n\n<h2 class=\"wp-block-heading\">Wat kunnen beleggers en handelaren leren van macro-economie?<\/h2>\n\n\n\n<p>Rapporten die updates bieden over macro-economische gegevens worden <strong>op<\/strong> <strong>specifieke momenten vrijgegeven<\/strong>, waarbij de aankondigingsdata doorgaans vooraf worden bekendgemaakt.<\/p>\n\n\n\n<figure class=\"wp-block-image size-full\"><img decoding=\"async\" src=\"https:\/\/www.etoro.com\/wp-content\/uploads\/2024\/04\/Body-Image-3_-What-can-investors-and-traders-learn-from-macroeconomics_.png\" alt=\"Wat kunnen beleggers en handelaren leren van macro-economie?\" class=\"wp-image-desktop\"\/><\/figure>\n\n\n\n<p>Hoe meer belang er wordt gehecht aan een bepaalde publicatie, hoe <strong>meer aandacht<\/strong> het zal krijgen van <a href=\"https:\/\/www.etoro.com\/nl\/investing\/investing-vs-trading\/\">beleggers en handelaren<\/a>.<\/p>\n\n\n\n<p>Hoewel macro-economische factoren tijd nodig hebben om de economie te be\u00efnvloeden, kan het moment van hun publicatie leiden tot <strong>verhoogde <\/strong><a href=\"https:\/\/www.etoro.com\/nl\/stocks\/market-volatility\/\"><strong>prijsvolatiliteit<\/strong><\/a><strong> <\/strong><strong>op de korte termijn<\/strong> binnen de financi\u00eble markten.<\/p>\n\n\n\n<p>Handelaren <strong>passen doorgaans snel hun standpunten aan<\/strong> over de re\u00eble waarde van een activum op basis van nieuwe informatie.<\/p>\n\n\n\n<p>Ze hanteren bovendien <strong>verschillende strategie\u00ebn rond de publicatie van macro-economische rapporten<\/strong>. Sommige handelaren proberen op deze momenten in te spelen, terwijl anderen ze bewust vermijden. Lees meer over <a href=\"https:\/\/www.etoro.com\/nl\/trading\/how-to-choose-a-trading-strategy\/\">het kiezen van een handelsstrategie<\/a>.<\/p>\n\n\n\n<blockquote class=\"wp-block-quote wp-block-quote-scheme-green is-layout-flow wp-block-quote-is-layout-flow\">\n<p>Het is beter om ongeveer gelijk te hebben dan precies ongelijk.<\/p>\n<cite><a href=\"https:\/\/www.oxfordreference.com\/display\/10.1093\/acref\/9780191866692.001.0001\/q-oro-ed6-00016758\" target=\"_blank\" rel=\"noopener noreferrer\">John Maynard Keynes<\/a><\/cite><\/blockquote>\n\n\n\n<p>Tijdelijke <strong>whipsaws of plotselinge prijsschommelingen<\/strong> kunnen ertoe leiden dat posities onvrijwillig worden gesloten.<\/p>\n\n\n\n<p>Dit kan gebeuren <strong>wanneer een <\/strong><a href=\"https:\/\/help.etoro.com\/s\/article\/how-do-i-set-the-stop-loss?language=nl_NL\"><strong>stop-lossorder<\/strong><\/a><strong> wordt geactiveerd door een plotselinge koersbeweging<\/strong> vlak na nieuwspublicatie, terwijl de prijs daarna weer terugkeert naar het niveau van v\u00f3\u00f3r het nieuws.<\/p>\n\n\n\n<h2 class=\"wp-block-heading\">Conclusie<\/h2>\n\n\n\n<p>Interpretatie is uiterst belangrijk bij het analyseren van macro-economische gegevens. De complexiteit en onderlinge afhankelijkheid van het mondiale systeem betekenen dat <strong>veranderingen onverwachte gevolgen kunnen hebben<\/strong>.<\/p>\n\n\n\n<p>Hoewel er geen definitieve regels zijn, blijft het <strong>opvolgen van <\/strong><a href=\"https:\/\/www.veb.net\/artikel\/09020\/deze-macrocijfers-zorgen-voor-de-grootste-koersuitschieters\" target=\"_blank\" rel=\"noopener noreferrer\"><strong>macro-economische rapporten<\/strong><\/a><strong> cruciaal<\/strong> voor beleggers op de financi\u00eble markten.<\/p>\n\n\n\n<p>Bezoek de <a href=\"https:\/\/www.etoro.com\/nl\/academy\/\">eToro Academy<\/a> voor meer informatie over het gebruik van macro-economische gegevens.<\/p>\n\n\n\n<h2 class=\"wp-block-heading\">Quiz<\/h2>\n\n\n\n<div class=\"wp-block-etoro-quizzes\">\n<div class=\"wp-block-etoro-quiz\" data-answer=\"2\"><div class=\"wp-block-etoro-quiz-body\"><div class=\"wp-block-etoro-quiz-question\">Wat is macro-economie?<\/div>\n<div class=\"wp-block-etoro-quiz-item\">De studie van de financi\u00eble overzichten van een bedrijf<\/div>\n\n\n\n<div class=\"wp-block-etoro-quiz-item\">De studie van beleggingen specifieke variabelen<\/div>\n\n\n\n<div class=\"wp-block-etoro-quiz-item\">De studie van economische en politieke variabelen op hoog niveau<\/div>\n<\/div><div class=\"wp-block-etoro-quiz-result\">\u00a0<\/div><\/div>\n<\/div>\n\n\n\n<h2 class=\"wp-block-heading\">Veelgestelde vragen<\/h2>\n\n\n\n<dl class=\"wp-block-etoro-faq\">\n<div class=\"wp-block-etoro-faq-item\"><dt class=\"wp-block-etoro-faq-item-question\">Welke beleggingscategorie\u00ebn wordt het meest be\u00efnvloed door macro-economische gebeurtenissen?<\/dt><dd class=\"wp-block-etoro-faq-item-answer\">\n<p>Sommige macro-economische rapporten kunnen naar verwachting invloed hebben op alle <a href=\"https:\/\/www.etoro.com\/nl\/investing\/how-to-choose-what-asset-class-to-invest-in\/\">beleggingscategorie\u00ebn<\/a>. Neem bijvoorbeeld het Amerikaanse werkloosheidsrapport Non-Farm Payrolls, dat elke eerste vrijdag van de maand wordt vrijgegeven.<\/p>\n\n\n\n<p>Dit rapport wordt zeer geanticipeerd en kan zowel de aandelen- als cryptomarkten aanzienlijk be\u00efnvloeden.<\/p>\n\n\n\n<p>Daarentegen hebben andere rapporten, zoals die het sentiment onder fabrikanten rapporteren, een meer sectorspecifieke impact.<\/p>\n<\/dd><\/div>\n\n\n\n<div class=\"wp-block-etoro-faq-item\"><dt class=\"wp-block-etoro-faq-item-question\">Hoe kan ik macro-economische gebeurtenissen volgen?<\/dt><dd class=\"wp-block-etoro-faq-item-answer\">\n<p>Een betrouwbare effectenmakelaar zal zijn klanten een <a href=\"https:\/\/www.etoro.com\/nl\/trading\/economic-calendar\/\">economische agenda<\/a> bieden. Dit is een intu\u00eftieve, kalendergebaseerde tool die aankomende gebeurtenissen overzichtelijk weergeeft en gebruikers in staat stelt om evenementen te filteren op basis van land, regio of verwacht effectniveau.<\/p>\n<\/dd><\/div>\n\n\n\n<div class=\"wp-block-etoro-faq-item\"><dt class=\"wp-block-etoro-faq-item-question\">Wat is het verschil tussen micro- en macro-economie?<\/dt><dd class=\"wp-block-etoro-faq-item-answer\">\n<p>Macro-economie verschilt van micro-economie doordat het zich richt op het gedrag van een bredere populatie om een \u200b\u200balgemener perspectief te bieden. Dit kan bijvoorbeeld de totale detailhandelsverkoop voor een hele economie omvatten.<\/p>\n\n\n\n<p>Anderzijds bestudeert micro-economie de besluitvormingsprocessen van individuen. Waarom besluit een <a href=\"https:\/\/www.etoro.com\/nl\/discover\/markets\/stocks\/industry\/consumergoods\">consument<\/a> bijvoorbeeld om een bepaald product te kopen in plaats van een ander?<\/p>\n<\/dd><\/div>\n\n\n\n<div class=\"wp-block-etoro-faq-item\"><dt class=\"wp-block-etoro-faq-item-question\">Wat zijn de belangrijkste indicatoren binnen de macro-economie?<\/dt><dd class=\"wp-block-etoro-faq-item-answer\">\n<p>Dit zijn datapunten die de gezondheid van de economie weerspiegelen, zoals het BBP (Bruto Binnenlands Product), werkloosheidscijfers, inflatie en rentetarieven.<\/p>\n<\/dd><\/div>\n\n\n\n<div class=\"wp-block-etoro-faq-item\"><dt class=\"wp-block-etoro-faq-item-question\">Kunnen macro-economische trends de beurskoersen voorspellen?<\/dt><dd class=\"wp-block-etoro-faq-item-answer\">\n<p>Ze hebben zeker invloed, maar geen enkele indicator is perfect. Bij <a href=\"https:\/\/www.etoro.com\/nl\/stocks\/trading-and-investing-in-stocks\/\">aandelen<\/a> kan het marktsentiment (hoe beleggers zich voelen) soms veel sterker wegen dan de feitelijke economische cijfers op dat moment.<\/p>\n<\/dd><\/div>\n<\/dl>\n\n\n\n\t\t<style>\n\t\t\t.rtl .etoro-block-shortcode-disclaimer {\n\t\t\t\ttext-align:right;\n\t\t\t}\n\t\t\t.etoro-block-shortcode-disclaimer {\n\t\t\t\tmargin-bottom:18px;\n\t\t\t\ttext-align:left;\n\t\t\t}\n\t\t\t.etoro-block-shortcode-disclaimer p{\n\t\t\t\tfont-size: 12px;\n\t\t\t\tline-height: 18px;\n\t\t\t}\n\t\t\t@media (min-width: 768px) {\n\t\t\t\t.etoro-block-shortcode-disclaimer {\n\t\t\t\t\tmax-width:1176px;\n\t\t\t\t\ttext-align:center;\n\t\t\t\t}\n\t\t\t\t.etoro-block-shortcode-disclaimer p {\n\t\t\t\t\tfont-size: 14px;\n\t\t\t\t\tline-height: 20px;\n\t\t\t\t}\n\t\t\t}\n\t\t<\/style>\n\t\t<div class='etoro-block-shortcode-disclaimer'><p>Deze informatie is uitsluitend bedoeld voor educatieve doeleinden en mag niet worden beschouwd als beleggingsadvies, persoonlijke aanbeveling, of een aanbod van, of verzoek tot, het kopen of verkopen van financi\u00eble instrumenten.<\/p>\n<p>Dit materiaal is opgesteld zonder rekening te houden met specifieke beleggingsdoelstellingen of financi\u00eble situaties, en is niet opgesteld in overeenstemming met de wettelijke en reglementaire vereisten ter bevordering van onafhankelijk onderzoek.<\/p>\n<p><strong>Niet alle financi\u00eble instrumenten en diensten waarnaar wordt verwezen worden aangeboden door eToro<\/strong>, en verwijzingen naar in het verleden behaalde prestaties van een financieel instrument, index of verpakt beleggingsproduct zijn geen, en mogen niet worden beschouwd als een betrouwbare indicator voor toekomstige resultaten. <strong>De beschikbaarheid van alle bovengenoemde producten en diensten kan per jurisdictie en land verschillen.<\/strong><\/p>\n<p>eToro biedt geen garanties en aanvaardt geen aansprakelijkheid over de juistheid of volledigheid van de inhoud van deze gids. Zorg ervoor dat u de risico\u2019s van handelen begrijpt voordat u kapitaal inlegt. Riskeer nooit meer dan u bereid bent te verliezen.<\/p>\n<\/div>\n","protected":false},"excerpt":{"rendered":"<p>Macro-economie bestudeert factoren die de wereldeconomie be\u00efnvloeden, zoals groei, inflatie en werkloosheid. Dit helpt beleggers en handelaren om marktdynamiek beter te begrijpen en slimme financi\u00eble keuzes te maken. Macro-economie onderzoekt de essenti\u00eble componenten van de wereldwijde economie; de cruciale factoren die de vraag en het aanbod van goederen en diensten be\u00efnvloeden. Terwijl sommige aspecten van&hellip;<\/p>\n","protected":false},"author":101,"featured_media":1097535,"parent":19762,"menu_order":0,"comment_status":"closed","ping_status":"closed","template":"","meta":{"_acf_changed":true,"inline_featured_image":false,"sticky_cta_settings":"","footnotes":""},"asset_type":[],"class_list":["post-875749","page","type-page","status-publish","has-post-thumbnail","hentry"],"acf":[],"yoast_head":"<title>Macro-economie: definitie, focus, gebruik &amp; meer | eToro<\/title>\n<meta name=\"description\" content=\"Wil je meer weten over macro-economie? Lees alles over macro-economie, inclusief belangrijke definities, kernpunten, wat het ons kan leren en meer.\" \/>\n<meta name=\"robots\" content=\"index, follow, max-snippet:-1, max-image-preview:large, max-video-preview:-1\" \/>\n<link rel=\"canonical\" href=\"https:\/\/www.etoro.com\/nl\/wp-json\/wp\/v2\/pages\/875749\" \/>\n<meta property=\"og:locale\" content=\"nl_NL\" \/>\n<meta property=\"og:type\" content=\"article\" \/>\n<meta property=\"og:title\" content=\"Macro-economie: definitie, focus, gebruik &amp; meer | eToro\" \/>\n<meta property=\"og:description\" content=\"Wil je meer weten over macro-economie? Lees alles over macro-economie, inclusief belangrijke definities, kernpunten, wat het ons kan leren en meer.\" \/>\n<meta property=\"og:url\" content=\"https:\/\/www.etoro.com\/nl\/wp-json\/wp\/v2\/pages\/875749\" \/>\n<meta property=\"og:site_name\" content=\"eToro\" \/>\n<meta property=\"article:publisher\" content=\"https:\/\/www.facebook.com\/eToro\/\" \/>\n<meta property=\"article:modified_time\" content=\"2026-03-18T07:04:14+00:00\" \/>\n<meta property=\"og:image\" content=\"https:\/\/www.etoro.com\/wp-content\/uploads\/2025\/07\/NL-What-is-Macroeconomics-1200x630-1.png\" \/>\n\t<meta property=\"og:image:width\" content=\"1200\" \/>\n\t<meta property=\"og:image:height\" content=\"630\" \/>\n\t<meta property=\"og:image:type\" content=\"image\/png\" \/>\n<meta name=\"twitter:card\" content=\"summary_large_image\" \/>\n<meta name=\"twitter:site\" content=\"@eToro\" \/>\n<meta name=\"twitter:label1\" content=\"Est. reading time\" \/>\n\t<meta name=\"twitter:data1\" content=\"4 minutes\" \/>\n<script type=\"application\/ld+json\" class=\"yoast-schema-graph\">{\"@context\":\"https:\/\/schema.org\",\"@graph\":[{\"@type\":\"WebPage\",\"@id\":\"https:\/\/www.etoro.com\/nl\/investing\/what-is-macroeconomics\/\",\"url\":\"https:\/\/www.etoro.com\/nl\/investing\/what-is-macroeconomics\/\",\"name\":\"Macro-economie: definitie, focus, gebruik & meer | eToro\",\"isPartOf\":{\"@id\":\"https:\/\/www.etoro.com\/nl\/#website\"},\"primaryImageOfPage\":{\"@id\":\"https:\/\/www.etoro.com\/nl\/investing\/what-is-macroeconomics\/#primaryimage\"},\"image\":{\"@id\":\"https:\/\/www.etoro.com\/nl\/investing\/what-is-macroeconomics\/#primaryimage\"},\"thumbnailUrl\":\"https:\/\/www.etoro.com\/wp-content\/uploads\/2025\/07\/NL-What-is-Macroeconomics-1200x630-1.png\",\"datePublished\":\"2023-09-27T16:03:23+00:00\",\"dateModified\":\"2026-03-18T07:04:14+00:00\",\"description\":\"Wil je meer weten over macro-economie? Lees alles over macro-economie, inclusief belangrijke definities, kernpunten, wat het ons kan leren en meer.\",\"breadcrumb\":{\"@id\":\"https:\/\/www.etoro.com\/nl\/investing\/what-is-macroeconomics\/#breadcrumb\"},\"inLanguage\":\"nl\",\"potentialAction\":[{\"@type\":\"ReadAction\",\"target\":[\"https:\/\/www.etoro.com\/nl\/investing\/what-is-macroeconomics\/\"]}]},{\"@type\":\"ImageObject\",\"inLanguage\":\"nl\",\"@id\":\"https:\/\/www.etoro.com\/nl\/investing\/what-is-macroeconomics\/#primaryimage\",\"url\":\"https:\/\/www.etoro.com\/wp-content\/uploads\/2025\/07\/NL-What-is-Macroeconomics-1200x630-1.png\",\"contentUrl\":\"https:\/\/www.etoro.com\/wp-content\/uploads\/2025\/07\/NL-What-is-Macroeconomics-1200x630-1.png\",\"width\":1200,\"height\":630},{\"@type\":\"BreadcrumbList\",\"@id\":\"https:\/\/www.etoro.com\/nl\/investing\/what-is-macroeconomics\/#breadcrumb\",\"itemListElement\":[{\"@type\":\"ListItem\",\"position\":1,\"name\":\"Thuispagina\",\"item\":\"https:\/\/www.etoro.com\/nl\/\"},{\"@type\":\"ListItem\",\"position\":2,\"name\":\"Investeren\",\"item\":\"https:\/\/www.etoro.com\/nl\/investing\/\"},{\"@type\":\"ListItem\",\"position\":3,\"name\":\"Wat is macro-economie?\"}]},{\"@type\":\"WebSite\",\"@id\":\"https:\/\/www.etoro.com\/nl\/#website\",\"url\":\"https:\/\/www.etoro.com\/nl\/\",\"name\":\"eToro\",\"description\":\"\",\"publisher\":{\"@id\":\"https:\/\/www.etoro.com\/nl\/#organization\"},\"potentialAction\":[{\"@type\":\"SearchAction\",\"target\":{\"@type\":\"EntryPoint\",\"urlTemplate\":\"https:\/\/www.etoro.com\/nl\/?s={search_term_string}\"},\"query-input\":{\"@type\":\"PropertyValueSpecification\",\"valueRequired\":true,\"valueName\":\"search_term_string\"}}],\"inLanguage\":\"nl\"},[]]}<\/script>","yoast_head_json":{"title":"Macro-economie: definitie, focus, gebruik & meer | eToro","description":"Wil je meer weten over macro-economie? Lees alles over macro-economie, inclusief belangrijke definities, kernpunten, wat het ons kan leren en meer.","robots":{"index":"index","follow":"follow","max-snippet":"max-snippet:-1","max-image-preview":"max-image-preview:large","max-video-preview":"max-video-preview:-1"},"canonical":"https:\/\/www.etoro.com\/nl\/wp-json\/wp\/v2\/pages\/875749","og_locale":"nl_NL","og_type":"article","og_title":"Macro-economie: definitie, focus, gebruik & meer | eToro","og_description":"Wil je meer weten over macro-economie? Lees alles over macro-economie, inclusief belangrijke definities, kernpunten, wat het ons kan leren en meer.","og_url":"https:\/\/www.etoro.com\/nl\/wp-json\/wp\/v2\/pages\/875749","og_site_name":"eToro","article_publisher":"https:\/\/www.facebook.com\/eToro\/","article_modified_time":"2026-03-18T07:04:14+00:00","og_image":[{"width":1200,"height":630,"url":"https:\/\/www.etoro.com\/wp-content\/uploads\/2025\/07\/NL-What-is-Macroeconomics-1200x630-1.png","type":"image\/png"}],"twitter_card":"summary_large_image","twitter_site":"@eToro","twitter_misc":{"Est. reading time":"4 minutes"},"schema":{"@context":"https:\/\/schema.org","@graph":[{"@type":"WebPage","@id":"https:\/\/www.etoro.com\/nl\/investing\/what-is-macroeconomics\/","url":"https:\/\/www.etoro.com\/nl\/investing\/what-is-macroeconomics\/","name":"Macro-economie: definitie, focus, gebruik & meer | eToro","isPartOf":{"@id":"https:\/\/www.etoro.com\/nl\/#website"},"primaryImageOfPage":{"@id":"https:\/\/www.etoro.com\/nl\/investing\/what-is-macroeconomics\/#primaryimage"},"image":{"@id":"https:\/\/www.etoro.com\/nl\/investing\/what-is-macroeconomics\/#primaryimage"},"thumbnailUrl":"https:\/\/www.etoro.com\/wp-content\/uploads\/2025\/07\/NL-What-is-Macroeconomics-1200x630-1.png","datePublished":"2023-09-27T16:03:23+00:00","dateModified":"2026-03-18T07:04:14+00:00","description":"Wil je meer weten over macro-economie? Lees alles over macro-economie, inclusief belangrijke definities, kernpunten, wat het ons kan leren en meer.","breadcrumb":{"@id":"https:\/\/www.etoro.com\/nl\/investing\/what-is-macroeconomics\/#breadcrumb"},"inLanguage":"nl","potentialAction":[{"@type":"ReadAction","target":["https:\/\/www.etoro.com\/nl\/investing\/what-is-macroeconomics\/"]}]},{"@type":"ImageObject","inLanguage":"nl","@id":"https:\/\/www.etoro.com\/nl\/investing\/what-is-macroeconomics\/#primaryimage","url":"https:\/\/www.etoro.com\/wp-content\/uploads\/2025\/07\/NL-What-is-Macroeconomics-1200x630-1.png","contentUrl":"https:\/\/www.etoro.com\/wp-content\/uploads\/2025\/07\/NL-What-is-Macroeconomics-1200x630-1.png","width":1200,"height":630},{"@type":"BreadcrumbList","@id":"https:\/\/www.etoro.com\/nl\/investing\/what-is-macroeconomics\/#breadcrumb","itemListElement":[{"@type":"ListItem","position":1,"name":"Thuispagina","item":"https:\/\/www.etoro.com\/nl\/"},{"@type":"ListItem","position":2,"name":"Investeren","item":"https:\/\/www.etoro.com\/nl\/investing\/"},{"@type":"ListItem","position":3,"name":"Wat is macro-economie?"}]},{"@type":"WebSite","@id":"https:\/\/www.etoro.com\/nl\/#website","url":"https:\/\/www.etoro.com\/nl\/","name":"eToro","description":"","publisher":{"@id":"https:\/\/www.etoro.com\/nl\/#organization"},"potentialAction":[{"@type":"SearchAction","target":{"@type":"EntryPoint","urlTemplate":"https:\/\/www.etoro.com\/nl\/?s={search_term_string}"},"query-input":{"@type":"PropertyValueSpecification","valueRequired":true,"valueName":"search_term_string"}}],"inLanguage":"nl"},[]]}},"_links":{"self":[{"href":"https:\/\/www.etoro.com\/nl\/wp-json\/wp\/v2\/pages\/875749"}],"collection":[{"href":"https:\/\/www.etoro.com\/nl\/wp-json\/wp\/v2\/pages"}],"about":[{"href":"https:\/\/www.etoro.com\/nl\/wp-json\/wp\/v2\/types\/page"}],"author":[{"embeddable":true,"href":"https:\/\/www.etoro.com\/nl\/wp-json\/wp\/v2\/users\/101"}],"replies":[{"embeddable":true,"href":"https:\/\/www.etoro.com\/nl\/wp-json\/wp\/v2\/comments?post=875749"}],"version-history":[{"count":0,"href":"https:\/\/www.etoro.com\/nl\/wp-json\/wp\/v2\/pages\/875749\/revisions"}],"up":[{"embeddable":true,"href":"https:\/\/www.etoro.com\/nl\/wp-json\/wp\/v2\/pages\/19762"}],"wp:featuredmedia":[{"embeddable":true,"href":"https:\/\/www.etoro.com\/nl\/wp-json\/wp\/v2\/media\/1097535"}],"wp:attachment":[{"href":"https:\/\/www.etoro.com\/nl\/wp-json\/wp\/v2\/media?parent=875749"}],"wp:term":[{"taxonomy":"asset_type","embeddable":true,"href":"https:\/\/www.etoro.com\/nl\/wp-json\/wp\/v2\/asset_type?post=875749"}],"curies":[{"name":"wp","href":"https:\/\/api.w.org\/{rel}","templated":true}]}}