{"id":876424,"date":"2023-12-01T13:21:19","date_gmt":"2023-12-01T11:21:19","guid":{"rendered":"https:\/\/www.etoro.com\/investing\/investing-in-gold\/"},"modified":"2026-03-12T11:38:15","modified_gmt":"2026-03-12T09:38:15","slug":"investing-in-gold","status":"publish","type":"page","link":"https:\/\/www.etoro.com\/nl\/investing\/investing-in-gold\/","title":{"rendered":"Een beginnersgids voor beleggen in goud"},"content":{"rendered":"\n<p class=\"is-style-summary\">De goudmarkt heeft unieke kenmerken die je moet kennen voordat je begint met beleggen. Ontdek hoe je in goud kunt beleggen en krijg antwoord op de ultieme vraag: is goud een goede belegging?<\/p>\n\n\n\n\n\n\n<hr class=\"wp-block-separator wp-block-separator-color-dark-grey wp-block-separator-spaces-medium wp-block-separator-weight-1 has-alpha-channel-opacity\"\/>\n\n\n\n<p>Goud kan worden <strong>verhandeld op een vergelijkbare manier als andere beleggingen<\/strong>, zoals <a href=\"https:\/\/www.etoro.com\/nl\/discover\/markets\/stocks\">aandelen<\/a>, forex en crypto.<\/p>\n\n\n\n<p>Beleggersaccounts die meerdere beleggingen aanbieden, stellen beleggers in staat om posities in goud in te nemen, vaak als <strong>hedge<\/strong> <strong>tegen<\/strong> <strong>inflatie<\/strong> en <strong>geopolitieke risico&#8217;s<\/strong>, terwijl ze tegelijkertijd de portfoliodiversificatie verbeteren.<\/p>\n\n\n\n<p>Of je nu een ervaren belegger bent die goud wil gebruiken om je portfolio in evenwicht te brengen, of aangetrokken wordt door de intrinsieke eigenschappen van goud als belegging, <strong>er zijn verschillende opties voor <\/strong><a href=\"https:\/\/www.etoro.com\/nl\/investing\/investing-vs-trading\/\"><strong>handelen en beleggen<\/strong><\/a><strong> in goud beschikbaar<\/strong>.<\/p>\n\n\n\n<figure class=\"wp-block-image size-full\"><img loading=\"lazy\" decoding=\"async\" width=\"756\" height=\"400\" src=\"https:\/\/www.etoro.com\/wp-content\/uploads\/2023\/11\/Body-Image-1-How-to-invest-in-gold.png\" alt=\"\" class=\"wp-image-776843 wp-image-desktop\" srcset=\"https:\/\/www.etoro.com\/wp-content\/uploads\/2023\/11\/Body-Image-1-How-to-invest-in-gold.png 756w, https:\/\/www.etoro.com\/wp-content\/uploads\/2023\/11\/Body-Image-1-How-to-invest-in-gold-300x159.png 300w\" sizes=\"(max-width: 756px) 100vw, 756px\" \/><\/figure>\n\n\n\n<h2 class=\"wp-block-heading\">Hoe beleg je in goud?<\/h2>\n\n\n\n<p><strong>Goud is een van de meest actief verhandelde <\/strong><a href=\"https:\/\/www.etoro.com\/nl\/discover\/markets\/commodities\"><strong>grondstoffen<\/strong><\/a><strong> ter wereld<\/strong>, en het kan worden gekocht en verkocht via verschillende financi\u00eble instrumenten, zoals aandelen, ETF\u2019s en futures. Maar wat is de beste manier om te beleggen in goud?<\/p>\n\n\n\n<ul class=\"wp-block-list wp-block-list wp-block-list-circle\">\n<li><strong>Goudaandelen:<\/strong> aandelen van bedrijven die betrokken zijn bij de extractie van <a href=\"https:\/\/www.etoro.com\/nl\/investing\/investing-in-metals\/\">goud<\/a>. De aandelenkoersen van deze bedrijven zijn vaak gecorreleerd met de goudprijs.<\/li>\n\n\n\n<li><a href=\"https:\/\/www.etoro.com\/nl\/investing\/what-are-commodity-etfs\/\"><strong>Goud-ETF\u2019s<\/strong><\/a><strong>:<\/strong> fondsen die een verzameling goudbeleggingen bevatten.<\/li>\n\n\n\n<li><a href=\"https:\/\/www.etoro.com\/nl\/trading\/futures-vs-commodities\/\"><strong>Goudfutures<\/strong><\/a><strong>:<\/strong> <e-tip data-tooltip=\"Een contract tussen twee of meer partijen waarvan de waarde is gebaseerd op een overeengekomen onderliggende financi\u00eble waarde.\">derivaten<\/e-tip> die verhandeld worden op grondstoffenbeurzen.<\/li>\n\n\n\n<li><a href=\"https:\/\/www.etoro.com\/nl\/smartportfolios\/goldworldwide\/stats\"><strong>Smart portfolio\u2019s<\/strong><\/a><strong> in goud<\/strong><strong>:<\/strong> fondsen die beleggen in bedrijven die actief zijn in de exploratie, mijnbouw en verwerking van goud.<\/li>\n\n\n\n<li><strong>Fysiek goud:<\/strong> goud in de vorm van staven of sieraden.<\/li>\n<\/ul>\n\n\n\n<p><strong>Er bestaat geen \u2018juiste\u2019 manier om te beleggen in goud.<\/strong> De keuze hangt af van persoonlijke omstandigheden, beleggingsdoelen, risicotolerantie, voorkeursstrategie en <strong><e-tip data-tooltip=\"De periode waarin een belegger verwacht een positie in een activum aan te houden.\">beleggingshorizon<\/e-tip><\/strong>.<\/p>\n\n\n\n<div class=\"wp-block-etoro-tip wp-block-etoro-tip-border-yellow\"><span class=\"wp-block-etoro-tip-icon\"><\/span><div class=\"wp-block-etoro-tip-text\">\n<p><strong>Tip:<\/strong> Beleggers met een buy-and-holdbenadering moeten rekening houden met de lopende kosten die gepaard gaan met het aanhouden van goud.<\/p>\n<\/div><\/div>\n\n\n\n<h2 class=\"wp-block-heading\">Is goud een goede belegging?<\/h2>\n\n\n\n<p>Goud is een goed beleggingsinstrument voor beleggers die hun portfolio willen diversifi\u00ebren, bijvoorbeeld wanneer vele andere beleggingen in prijs dalen.<\/p>\n\n\n\n<p>De goudmarkt is over het algemeen redelijk eenvoudig te begrijpen. Omdat een belegging in goud geen <a href=\"https:\/\/www.etoro.com\/investing\/what-are-dividends\/\">dividenden<\/a> of coupons genereert, is <strong>passief inkomen geen factor om te overwegen<\/strong>.<\/p>\n\n\n\n<p>Het rendement van elke transactie wordt bepaald door <strong>marktbewegingen en de kosten voor het openen en aanhouden van posities<\/strong>. De winst of het verlies op een goudpositie hangt volledig af van de ontwikkeling van de goudprijs op de wereldmarkt.<\/p>\n\n\n\n<p><mark>Hoewel niemand de goudprijzen met zekerheid kan voorspellen, is de handel in goud relatief gebruiksvriendelijk. De goudmarkt is goed bekend, zeer liquide en gaat doorgaans gepaard met lage handelskosten.<\/mark><\/p>\n\n\n\n<figure class=\"wp-block-image size-full\"><img loading=\"lazy\" decoding=\"async\" width=\"756\" height=\"400\" src=\"https:\/\/www.etoro.com\/wp-content\/uploads\/2023\/11\/Body-Image-2-Is-gold-a-good-investment_.png\" alt=\"\" class=\"wp-image-776822 wp-image-desktop\" srcset=\"https:\/\/www.etoro.com\/wp-content\/uploads\/2023\/11\/Body-Image-2-Is-gold-a-good-investment_.png 756w, https:\/\/www.etoro.com\/wp-content\/uploads\/2023\/11\/Body-Image-2-Is-gold-a-good-investment_-300x159.png 300w\" sizes=\"(max-width: 756px) 100vw, 756px\" \/><\/figure>\n\n\n\n<h2 class=\"wp-block-heading\">Hoe kun je handelen in goud?<\/h2>\n\n\n\n<p><mark>De goudhandel gebeurt vaak via <a href=\"https:\/\/www.etoro.com\/nl\/trading\/cfd\/what-is-cfd\/\">CFD\u2019s<\/a>, die de prijs van goudfutures of goudaandelen volgen.<\/mark><\/p>\n\n\n\n<p>Beleggers die actievere strategie\u00ebn hanteren, richten zich vaak op <strong>prijsbewegingen op de korte- en middellange termijn<\/strong> op de goudmarkt. <a href=\"https:\/\/www.etoro.com\/nl\/trading\/day-trading\/\">Daghandelaren<\/a> houden bijvoorbeeld posities alleen binnen \u00e9\u00e9n handelsdag aan en maken gebruik van effectenrekeningen die toegang bieden tot financi\u00eble instrumenten die de goudprijs in realtime volgen.<\/p>\n\n\n\n<p>Omdat een CFD een juridische overeenkomst is tussen een effectenmakelaar en een klant, kunnen CFD\u2019s <strong>extra functionaliteiten<\/strong> bieden, zoals short gaan of gebruikmaken van <strong><e-tip data-tooltip=\"Kapitaal dat door een effectenmakelaar aan een handelaar wordt geleend om een grotere positie te openen.\">hefboomwerking<\/e-tip><\/strong> voor een hoger <strong><e-tip data-tooltip=\"Het idee dat hoe groter het risico, hoe groter het potenti\u00eble rendement.\">risico-rendement<\/e-tip><\/strong>.<\/p>\n\n\n\n<p>Het <a href=\"https:\/\/www.etoro.com\/nl\/trading\/leverage-margin\/\"><strong>gebruik van hefboomwerking<\/strong><\/a><strong> bij CFD\u2019s is echter risicovol<\/strong> en niet geschikt voor beginners of buy-and-holdbeleggers.<\/p>\n\n\n\n<figure class=\"wp-block-image size-full\"><img loading=\"lazy\" decoding=\"async\" width=\"756\" height=\"400\" src=\"https:\/\/www.etoro.com\/wp-content\/uploads\/2023\/11\/Body-Image-3-Risks-of-investing-in-gold.png\" alt=\"\" class=\"wp-image-776801 wp-image-desktop\" srcset=\"https:\/\/www.etoro.com\/wp-content\/uploads\/2023\/11\/Body-Image-3-Risks-of-investing-in-gold.png 756w, https:\/\/www.etoro.com\/wp-content\/uploads\/2023\/11\/Body-Image-3-Risks-of-investing-in-gold-300x159.png 300w\" sizes=\"(max-width: 756px) 100vw, 756px\" \/><\/figure>\n\n\n\n<h2 class=\"wp-block-heading\">Wat be\u00efnvloedt de prijs van goud?<\/h2>\n\n\n\n<p><strong>De prijs van goud wordt be\u00efnvloed door verschillende factoren.<\/strong> Inzicht in prijsschommelingen vereist een analyse van zowel de vraag- als aanbodzijde. Goud fungeert als een veilige haven, waarvan de vraag stijgt tijdens financi\u00eble onrust. Verhoogd geopolitiek risico kan ook leiden tot pieken in de vraag naar goud, en het wordt vaak beschouwd als een <e-tip data-tooltip=\"Het nemen van specifieke maatregelen om je belegging te beschermen.\">hedge<\/e-tip> tegen <e-tip data-tooltip=\"Het percentage waarmee prijzen in een bepaalde periode stijgen.\">inflatie<\/e-tip>.<\/p>\n\n\n\n<p>Daarnaast vertoont goud vaak een <strong>omgekeerde correlatie met de <\/strong><a href=\"https:\/\/www.etoro.com\/nl\/markets\/usdollar\"><strong>Amerikaanse dollar<\/strong><\/a>: een sterke USD kan de goudprijs drukken, en andersom.<\/p>\n\n\n\n<p><strong>Op korte termijn is het aanbod van goud relatief <e-tip data-tooltip=\"Goederen en markten waarbij vraag en aanbod nauwelijks veranderen bij prijsschommelingen.\">inelastisch<\/e-tip><\/strong>, omdat het lang duurt voordat nieuwe goudmijnen worden ontdekt en ontwikkeld.<\/p>\n\n\n\n<h2 class=\"wp-block-heading\">Wat zijn de voordelen en risico\u2019s van beleggen in goud?<\/h2>\n\n\n\n<p>Goud fungeert vaak als vermogensreserve dankzij zijn <strong>stabiele karakter<\/strong> en zijn daardoor een goede aanvulling op elk portfolio. Er bestaat echter altijd het risico dat de marktprijs daalt, vooral als het zijn reputatie als veilige haven kwijt zou raken.<\/p>\n\n\n\n<div class=\"wp-block-columns are-vertically-aligned-top wp-block-columns-2 is-layout-flex wp-container-core-columns-is-layout-1 wp-block-columns-is-layout-flex\">\n<div class=\"wp-block-column is-layout-flow wp-block-column-is-layout-flow\">\n<div class=\"wp-block-etoro-pros-cons wp-block-etoro-pros\"><div class=\"wp-block-etoro-pros-cons-title\">Voordelen<\/div><div class=\"wp-block-etoro-pros-cons-content\">\n<ul class=\"wp-block-list wp-block-list wp-block-list-check\">\n<li>Goud onderscheidt zich van veel andere <a href=\"https:\/\/www.etoro.com\/nl\/trading\/asset-class-characteristics\/\">beleggingen<\/a> door zijn rol als <strong>vermogensreserve <\/strong>die kan worden aangesproken in geval van nood.<\/li>\n\n\n\n<li>Goud wordt over het algemeen als <strong>relatief stabiel<\/strong> beschouwd. Beleggers investeren vaak in goud in periodes waarin andere beleggingen in waarde dalen.<\/li>\n\n\n\n<li>Veel ervaren beleggers raden aan om <a href=\"https:\/\/regioinbedrijf.nl\/waar-moet-je-op-letten-bij-het-kopen-van-goud\/\" rel=\"nofollow noopener noreferrer\" >goud te gebruiken<\/a> om <strong>de algehele prestaties van een portfolio in balans te brengen<\/strong>.<\/li>\n<\/ul>\n<\/div><\/div>\n<\/div>\n\n\n\n<div class=\"wp-block-column is-layout-flow wp-block-column-is-layout-flow\">\n<div class=\"wp-block-etoro-pros-cons wp-block-etoro-cons\"><div class=\"wp-block-etoro-pros-cons-title\">Risico\u2019s<\/div><div class=\"wp-block-etoro-pros-cons-content\">\n<ul class=\"wp-block-list wp-block-list wp-block-list-cross\">\n<li>Het grootste <a href=\"https:\/\/www.etoro.com\/nl\/investing\/risk-management\/\">risico<\/a> van beleggen in goud is hetzelfde als bij andere beleggingen: <strong>de mogelijkheid dat de marktprijs daalt<\/strong>.<\/li>\n\n\n\n<li>Daarnaast<strong> berust een groot deel van de waarde van goud op zijn reputatie als erkende vermogensreserve<\/strong>, en minder op het gebruik als grondstof.<\/li>\n\n\n\n<li>Als het beleggerssentiment zou veranderen en goud zijn status als <strong>veilige haven<\/strong> zou verliezen, zou de prijs aanzienlijk kunnen dalen. Dit scenario is echter al eeuwenlang besproken zonder dat het ooit daadwerkelijk is gebeurd.<\/li>\n<\/ul>\n<\/div><\/div>\n<\/div>\n<\/div>\n\n\n\n<h2 class=\"wp-block-heading\">Conclusie<\/h2>\n\n\n\n<p><strong>Weinig beleggers kiezen ervoor om uitsluitend in goud te beleggen<\/strong>, omdat het doorgaans geen marktoverstijgende rendementen oplevert onder normale marktomstandigheden. Net als bij elke andere belegging is er echter altijd een groep speculanten die goud verhandelt op basis van prijsbewegingen op de korte termijn.<\/p>\n\n\n\n<p>Vanuit een beleggingsperspectief fungeert goud meestal als een <strong>verzekeringspolis in tijden van marktonrust<\/strong>, wanneer de prijzen van andere beleggingen dalen. Het biedt beleggers de mogelijkheid om hun portfolio te beschermen tegen risico\u2019s zoals inflatie en geopolitieke instabiliteit.<\/p>\n\n\n\n<p>Daarom kiezen veel beleggers ervoor om <strong>een deel van hun beleggingskapitaal in goud te investeren als strategische diversificatie<\/strong>, wat kan bijdragen aan een meer gebalanceerd en risicovrij portfolio op de lange termijn.<\/p>\n\n\n\n<p>Bezoek de <a href=\"https:\/\/www.etoro.com\/nl\/academy\/\">eToro Academy<\/a> om meer te leren over goud en andere edele metalen.<\/p>\n\n\n\n<h2 class=\"wp-block-heading\">Quiz<\/h2>\n\n\n\n<div class=\"wp-block-etoro-quizzes\">\n<div class=\"wp-block-etoro-quiz\" data-answer=\"1\"><div class=\"wp-block-etoro-quiz-body\"><div class=\"wp-block-etoro-quiz-question\">Goud is de meest actief verhandelde grondstof ter wereld, waar of niet waar?<\/div>\n<div class=\"wp-block-etoro-quiz-item\">Waar<\/div>\n\n\n\n<div class=\"wp-block-etoro-quiz-item\">Niet waar<\/div>\n<\/div><div class=\"wp-block-etoro-quiz-result\">\u00a0<\/div><\/div>\n<\/div>\n\n\n\n\n\n<h2 class=\"wp-block-heading\">Veelgestelde vragen<\/h2>\n\n\n\n<dl class=\"wp-block-etoro-faq\">\n<div class=\"wp-block-etoro-faq-item\"><dt class=\"wp-block-etoro-faq-item-question\">Wat is de goud-zilverratio?<\/dt><dd class=\"wp-block-etoro-faq-item-answer\">\n<p>Analisten volgen nauwlettend de verhouding tussen de waarden van goud en <a href=\"https:\/\/www.etoro.com\/nl\/markets\/silver\">zilver<\/a>, zoals aangegeven door de goud-zilverratio, om handelsmogelijkheden te identificeren.<\/p>\n<\/dd><\/div>\n\n\n\n<div class=\"wp-block-etoro-faq-item\"><dt class=\"wp-block-etoro-faq-item-question\">Wat is het verschil tussen beleggen in goud en handelen in goud?<\/dt><dd class=\"wp-block-etoro-faq-item-answer\">\n<p>Het belangrijkste verschil tussen beleggen en handelen in goud is de levensduur van de transactie. Beleggers en handelaren kunnen dezelfde <a href=\"https:\/\/www.etoro.com\/nl\/trading\/commodities-trading-strategy\/\">strategie\u00ebn<\/a> toepassen op dezelfde markten, maar handel vereist een grotere toewijding, omdat handelaren de markt voortdurend moeten volgen.<\/p>\n<\/dd><\/div>\n\n\n\n<div class=\"wp-block-etoro-faq-item\"><dt class=\"wp-block-etoro-faq-item-question\">Wat zijn de kosten voor het aanhouden van fysieke goudposities?<\/dt><dd class=\"wp-block-etoro-faq-item-answer\">\n<p>De kosten voor het aanhouden van fysieke goudposities vari\u00ebren afhankelijk van de gekozen methode. Als je ervoor kiest om goud fysiek thuis te bewaren, zijn de opslagkosten in feite nul, maar veiligheidskwesties kunnen een zorg zijn.<\/p>\n\n\n\n<p>Opslagkosten in speciale bullionkluizen zijn meestal gerelateerd aan de omvang van het bezit, hoewel deze kunnen oplopen voor langdurige posities. De uitdagingen en kosten van het opslaan van fysiek goud verklaren het bestaan van <a href=\"https:\/\/www.etoro.com\/trading\/underlying-asset-definition\/\">andere financi\u00eble instrumenten<\/a>, die blootstelling aan de sector mogelijk maken. <\/p>\n<\/dd><\/div>\n<\/dl>\n\n\n\n\t\t<style>\n\t\t\t.rtl .etoro-block-shortcode-disclaimer {\n\t\t\t\ttext-align:right;\n\t\t\t}\n\t\t\t.etoro-block-shortcode-disclaimer {\n\t\t\t\tmargin-bottom:18px;\n\t\t\t\ttext-align:left;\n\t\t\t}\n\t\t\t.etoro-block-shortcode-disclaimer p{\n\t\t\t\tfont-size: 12px;\n\t\t\t\tline-height: 18px;\n\t\t\t}\n\t\t\t@media (min-width: 768px) {\n\t\t\t\t.etoro-block-shortcode-disclaimer {\n\t\t\t\t\tmax-width:1176px;\n\t\t\t\t\ttext-align:center;\n\t\t\t\t}\n\t\t\t\t.etoro-block-shortcode-disclaimer p {\n\t\t\t\t\tfont-size: 14px;\n\t\t\t\t\tline-height: 20px;\n\t\t\t\t}\n\t\t\t}\n\t\t<\/style>\n\t\t<div class='etoro-block-shortcode-disclaimer'><p>Deze informatie is uitsluitend bedoeld voor educatieve doeleinden en mag niet worden beschouwd als beleggingsadvies, persoonlijke aanbeveling, of een aanbod van, of verzoek tot, het kopen of verkopen van financi\u00eble instrumenten.<\/p>\n<p>Dit materiaal is opgesteld zonder rekening te houden met specifieke beleggingsdoelstellingen of financi\u00eble situaties, en is niet opgesteld in overeenstemming met de wettelijke en reglementaire vereisten ter bevordering van onafhankelijk onderzoek.<\/p>\n<p><strong>Niet alle financi\u00eble instrumenten en diensten waarnaar wordt verwezen worden aangeboden door eToro<\/strong>, en verwijzingen naar in het verleden behaalde prestaties van een financieel instrument, index of verpakt beleggingsproduct zijn geen, en mogen niet worden beschouwd als een betrouwbare indicator voor toekomstige resultaten. <strong>De beschikbaarheid van alle bovengenoemde producten en diensten kan per jurisdictie en land verschillen.<\/strong><\/p>\n<p>eToro biedt geen garanties en aanvaardt geen aansprakelijkheid over de juistheid of volledigheid van de inhoud van deze gids. Zorg ervoor dat u de risico\u2019s van handelen begrijpt voordat u kapitaal inlegt. Riskeer nooit meer dan u bereid bent te verliezen.<\/p>\n<\/div>\n","protected":false},"excerpt":{"rendered":"<p>De goudmarkt heeft unieke kenmerken die je moet kennen voordat je begint met beleggen. Ontdek hoe je in goud kunt beleggen en krijg antwoord op de ultieme vraag: is goud een goede belegging? Goud kan worden verhandeld op een vergelijkbare manier als andere beleggingen, zoals aandelen, forex en crypto. Beleggersaccounts die meerdere beleggingen aanbieden, stellen&hellip;<\/p>\n","protected":false},"author":101,"featured_media":1104721,"parent":19762,"menu_order":0,"comment_status":"closed","ping_status":"closed","template":"","meta":{"_acf_changed":true,"inline_featured_image":false,"sticky_cta_settings":"","footnotes":""},"asset_type":[6601],"class_list":["post-876424","page","type-page","status-publish","has-post-thumbnail","hentry","asset_type-is-cfd"],"acf":[],"yoast_head":"<title>Hoe beleg je in goud? | Een beginnersgids<\/title>\n<meta name=\"description\" content=\"Hoe begin je met beleggen in goud? Ontdek waarom mensen kiezen voor goud, wat de voordelen en risico&#039;s zijn, en hoe je zelf eenvoudig kunt starten.\" \/>\n<meta name=\"robots\" content=\"index, follow, max-snippet:-1, max-image-preview:large, max-video-preview:-1\" \/>\n<link rel=\"canonical\" href=\"https:\/\/www.etoro.com\/nl\/wp-json\/wp\/v2\/pages\/876424\" \/>\n<meta property=\"og:locale\" content=\"nl_NL\" \/>\n<meta property=\"og:type\" content=\"article\" \/>\n<meta property=\"og:title\" content=\"Hoe beleg je in goud? | Een beginnersgids\" \/>\n<meta property=\"og:description\" content=\"Hoe begin je met beleggen in goud? Ontdek waarom mensen kiezen voor goud, wat de voordelen en risico&#039;s zijn, en hoe je zelf eenvoudig kunt starten.\" \/>\n<meta property=\"og:url\" content=\"https:\/\/www.etoro.com\/nl\/wp-json\/wp\/v2\/pages\/876424\" \/>\n<meta property=\"og:site_name\" content=\"eToro\" \/>\n<meta property=\"article:publisher\" content=\"https:\/\/www.facebook.com\/eToro\/\" \/>\n<meta property=\"article:modified_time\" content=\"2026-03-12T09:38:15+00:00\" \/>\n<meta property=\"og:image\" content=\"https:\/\/www.etoro.com\/wp-content\/uploads\/2025\/07\/NL-How-to-Invest-in-Gold-1200x630-1.png\" \/>\n\t<meta property=\"og:image:width\" content=\"1200\" \/>\n\t<meta property=\"og:image:height\" content=\"630\" \/>\n\t<meta property=\"og:image:type\" content=\"image\/png\" \/>\n<meta name=\"twitter:card\" content=\"summary_large_image\" \/>\n<meta name=\"twitter:site\" content=\"@eToro\" \/>\n<meta name=\"twitter:label1\" content=\"Est. reading time\" \/>\n\t<meta name=\"twitter:data1\" content=\"6 minutes\" \/>\n<script type=\"application\/ld+json\" class=\"yoast-schema-graph\">{\"@context\":\"https:\/\/schema.org\",\"@graph\":[{\"@type\":\"WebPage\",\"@id\":\"https:\/\/www.etoro.com\/nl\/investing\/investing-in-gold\/\",\"url\":\"https:\/\/www.etoro.com\/nl\/investing\/investing-in-gold\/\",\"name\":\"Hoe beleg je in goud? | Een beginnersgids\",\"isPartOf\":{\"@id\":\"https:\/\/www.etoro.com\/nl\/#website\"},\"primaryImageOfPage\":{\"@id\":\"https:\/\/www.etoro.com\/nl\/investing\/investing-in-gold\/#primaryimage\"},\"image\":{\"@id\":\"https:\/\/www.etoro.com\/nl\/investing\/investing-in-gold\/#primaryimage\"},\"thumbnailUrl\":\"https:\/\/www.etoro.com\/wp-content\/uploads\/2025\/07\/NL-How-to-Invest-in-Gold-1200x630-1.png\",\"datePublished\":\"2023-12-01T11:21:19+00:00\",\"dateModified\":\"2026-03-12T09:38:15+00:00\",\"description\":\"Hoe begin je met beleggen in goud? Ontdek waarom mensen kiezen voor goud, wat de voordelen en risico's zijn, en hoe je zelf eenvoudig kunt starten.\",\"breadcrumb\":{\"@id\":\"https:\/\/www.etoro.com\/nl\/investing\/investing-in-gold\/#breadcrumb\"},\"inLanguage\":\"nl\",\"potentialAction\":[{\"@type\":\"ReadAction\",\"target\":[\"https:\/\/www.etoro.com\/nl\/investing\/investing-in-gold\/\"]}]},{\"@type\":\"ImageObject\",\"inLanguage\":\"nl\",\"@id\":\"https:\/\/www.etoro.com\/nl\/investing\/investing-in-gold\/#primaryimage\",\"url\":\"https:\/\/www.etoro.com\/wp-content\/uploads\/2025\/07\/NL-How-to-Invest-in-Gold-1200x630-1.png\",\"contentUrl\":\"https:\/\/www.etoro.com\/wp-content\/uploads\/2025\/07\/NL-How-to-Invest-in-Gold-1200x630-1.png\",\"width\":1200,\"height\":630},{\"@type\":\"BreadcrumbList\",\"@id\":\"https:\/\/www.etoro.com\/nl\/investing\/investing-in-gold\/#breadcrumb\",\"itemListElement\":[{\"@type\":\"ListItem\",\"position\":1,\"name\":\"Thuispagina\",\"item\":\"https:\/\/www.etoro.com\/nl\/\"},{\"@type\":\"ListItem\",\"position\":2,\"name\":\"Investeren\",\"item\":\"https:\/\/www.etoro.com\/nl\/investing\/\"},{\"@type\":\"ListItem\",\"position\":3,\"name\":\"Een beginnersgids voor beleggen in goud\"}]},{\"@type\":\"WebSite\",\"@id\":\"https:\/\/www.etoro.com\/nl\/#website\",\"url\":\"https:\/\/www.etoro.com\/nl\/\",\"name\":\"eToro\",\"description\":\"\",\"publisher\":{\"@id\":\"https:\/\/www.etoro.com\/nl\/#organization\"},\"potentialAction\":[{\"@type\":\"SearchAction\",\"target\":{\"@type\":\"EntryPoint\",\"urlTemplate\":\"https:\/\/www.etoro.com\/nl\/?s={search_term_string}\"},\"query-input\":{\"@type\":\"PropertyValueSpecification\",\"valueRequired\":true,\"valueName\":\"search_term_string\"}}],\"inLanguage\":\"nl\"},[]]}<\/script>","yoast_head_json":{"title":"Hoe beleg je in goud? | Een beginnersgids","description":"Hoe begin je met beleggen in goud? Ontdek waarom mensen kiezen voor goud, wat de voordelen en risico's zijn, en hoe je zelf eenvoudig kunt starten.","robots":{"index":"index","follow":"follow","max-snippet":"max-snippet:-1","max-image-preview":"max-image-preview:large","max-video-preview":"max-video-preview:-1"},"canonical":"https:\/\/www.etoro.com\/nl\/wp-json\/wp\/v2\/pages\/876424","og_locale":"nl_NL","og_type":"article","og_title":"Hoe beleg je in goud? | Een beginnersgids","og_description":"Hoe begin je met beleggen in goud? Ontdek waarom mensen kiezen voor goud, wat de voordelen en risico's zijn, en hoe je zelf eenvoudig kunt starten.","og_url":"https:\/\/www.etoro.com\/nl\/wp-json\/wp\/v2\/pages\/876424","og_site_name":"eToro","article_publisher":"https:\/\/www.facebook.com\/eToro\/","article_modified_time":"2026-03-12T09:38:15+00:00","og_image":[{"width":1200,"height":630,"url":"https:\/\/www.etoro.com\/wp-content\/uploads\/2025\/07\/NL-How-to-Invest-in-Gold-1200x630-1.png","type":"image\/png"}],"twitter_card":"summary_large_image","twitter_site":"@eToro","twitter_misc":{"Est. reading time":"6 minutes"},"schema":{"@context":"https:\/\/schema.org","@graph":[{"@type":"WebPage","@id":"https:\/\/www.etoro.com\/nl\/investing\/investing-in-gold\/","url":"https:\/\/www.etoro.com\/nl\/investing\/investing-in-gold\/","name":"Hoe beleg je in goud? | Een beginnersgids","isPartOf":{"@id":"https:\/\/www.etoro.com\/nl\/#website"},"primaryImageOfPage":{"@id":"https:\/\/www.etoro.com\/nl\/investing\/investing-in-gold\/#primaryimage"},"image":{"@id":"https:\/\/www.etoro.com\/nl\/investing\/investing-in-gold\/#primaryimage"},"thumbnailUrl":"https:\/\/www.etoro.com\/wp-content\/uploads\/2025\/07\/NL-How-to-Invest-in-Gold-1200x630-1.png","datePublished":"2023-12-01T11:21:19+00:00","dateModified":"2026-03-12T09:38:15+00:00","description":"Hoe begin je met beleggen in goud? Ontdek waarom mensen kiezen voor goud, wat de voordelen en risico's zijn, en hoe je zelf eenvoudig kunt starten.","breadcrumb":{"@id":"https:\/\/www.etoro.com\/nl\/investing\/investing-in-gold\/#breadcrumb"},"inLanguage":"nl","potentialAction":[{"@type":"ReadAction","target":["https:\/\/www.etoro.com\/nl\/investing\/investing-in-gold\/"]}]},{"@type":"ImageObject","inLanguage":"nl","@id":"https:\/\/www.etoro.com\/nl\/investing\/investing-in-gold\/#primaryimage","url":"https:\/\/www.etoro.com\/wp-content\/uploads\/2025\/07\/NL-How-to-Invest-in-Gold-1200x630-1.png","contentUrl":"https:\/\/www.etoro.com\/wp-content\/uploads\/2025\/07\/NL-How-to-Invest-in-Gold-1200x630-1.png","width":1200,"height":630},{"@type":"BreadcrumbList","@id":"https:\/\/www.etoro.com\/nl\/investing\/investing-in-gold\/#breadcrumb","itemListElement":[{"@type":"ListItem","position":1,"name":"Thuispagina","item":"https:\/\/www.etoro.com\/nl\/"},{"@type":"ListItem","position":2,"name":"Investeren","item":"https:\/\/www.etoro.com\/nl\/investing\/"},{"@type":"ListItem","position":3,"name":"Een beginnersgids voor beleggen in goud"}]},{"@type":"WebSite","@id":"https:\/\/www.etoro.com\/nl\/#website","url":"https:\/\/www.etoro.com\/nl\/","name":"eToro","description":"","publisher":{"@id":"https:\/\/www.etoro.com\/nl\/#organization"},"potentialAction":[{"@type":"SearchAction","target":{"@type":"EntryPoint","urlTemplate":"https:\/\/www.etoro.com\/nl\/?s={search_term_string}"},"query-input":{"@type":"PropertyValueSpecification","valueRequired":true,"valueName":"search_term_string"}}],"inLanguage":"nl"},[]]}},"_links":{"self":[{"href":"https:\/\/www.etoro.com\/nl\/wp-json\/wp\/v2\/pages\/876424"}],"collection":[{"href":"https:\/\/www.etoro.com\/nl\/wp-json\/wp\/v2\/pages"}],"about":[{"href":"https:\/\/www.etoro.com\/nl\/wp-json\/wp\/v2\/types\/page"}],"author":[{"embeddable":true,"href":"https:\/\/www.etoro.com\/nl\/wp-json\/wp\/v2\/users\/101"}],"replies":[{"embeddable":true,"href":"https:\/\/www.etoro.com\/nl\/wp-json\/wp\/v2\/comments?post=876424"}],"version-history":[{"count":0,"href":"https:\/\/www.etoro.com\/nl\/wp-json\/wp\/v2\/pages\/876424\/revisions"}],"up":[{"embeddable":true,"href":"https:\/\/www.etoro.com\/nl\/wp-json\/wp\/v2\/pages\/19762"}],"wp:featuredmedia":[{"embeddable":true,"href":"https:\/\/www.etoro.com\/nl\/wp-json\/wp\/v2\/media\/1104721"}],"wp:attachment":[{"href":"https:\/\/www.etoro.com\/nl\/wp-json\/wp\/v2\/media?parent=876424"}],"wp:term":[{"taxonomy":"asset_type","embeddable":true,"href":"https:\/\/www.etoro.com\/nl\/wp-json\/wp\/v2\/asset_type?post=876424"}],"curies":[{"name":"wp","href":"https:\/\/api.w.org\/{rel}","templated":true}]}}