{"id":877666,"date":"2023-11-15T12:21:35","date_gmt":"2023-11-15T10:21:35","guid":{"rendered":"https:\/\/www.etoro.com\/trading\/most-traded-commodities\/"},"modified":"2025-11-03T12:55:25","modified_gmt":"2025-11-03T10:55:25","slug":"most-traded-commodities","status":"publish","type":"page","link":"https:\/\/www.etoro.com\/nl\/trading\/most-traded-commodities\/","title":{"rendered":"Meest verhandelde grondstoffen ter wereld"},"content":{"rendered":"\n<p class=\"is-style-summary\">Grondstoffen zijn essentieel voor de wereldeconomie en vallen in drie groepen: metaalgrondstoffen (zoals koper en ijzer) voor productie en waardeopslag, landbouwproducten voor voedselvoorziening en energiebronnen (zoals olie en gas) voor energie en groei. Samen bevorderen ze innovatie en welvaart.<\/p>\n\n\n\n\n\n\n<hr class=\"wp-block-separator wp-block-separator-color-dark-grey wp-block-separator-spaces-medium wp-block-separator-weight-1\"\/>\n\n\n\n<p><strong>Grondstoffen zijn essentieel voor de wereldeconomie<\/strong> en ondersteunen productieprocessen, energievoorziening en strategische reserves. Ze dienen ook als betrouwbare indicatoren van de economische gezondheid en marktdynamiek, waardoor beleidsmakers kunnen anticiperen op toekomstige ontwikkelingen.<\/p>\n\n\n\n<p>Voor beleggers bieden <a href=\"https:\/\/www.etoro.com\/nl\/discover\/markets\/commodities\">grondstoffen<\/a> <strong>unieke kansen om de blootstelling te diversifi\u00ebren,<\/strong> waarbij prijsbewegingen nauwlettend in de gaten worden gehouden. Daarbij is het essentieel om altijd een gedegen risicomanagement toe te passen om de impact van marktvolatiliteit te beheersen.<\/p>\n\n\n\n<figure class=\"wp-block-table\"><div class=\"wp-block-table-content\"><div class=\"wp-block-table-content-nav wp-block-table-content-nav-left\"><div class=\"wp-block-table-content-nav-arrow wp-block-table-content-nav-arrow-left\"><\/div><\/div><div class=\"wp-block-table-content-nav wp-block-table-content-nav-right\"><div class=\"wp-block-table-content-nav-arrow wp-block-table-content-nav-arrow-right\"><\/div><\/div><div class=\"wp-block-table-content-table\"><table><thead><tr><th class=\"has-text-align-center\" data-align=\"center\"><strong>Grondstofgroep<\/strong><\/th><th><strong>Grondstof(en)<\/strong><\/th><\/tr><\/thead><tbody><tr><td class=\"has-text-align-center\" data-align=\"center\"><strong>Energiegrondstoffen<\/strong><\/td><td>Ruwe olie: WTI, aardgas. Ruwe olie: Brent-olie, diesel, benzine, stookolie<\/td><\/tr><tr><td class=\"has-text-align-center\" data-align=\"center\"><strong>Granen<\/strong><\/td><td>Sojabonen, ma\u00efs, sojameel, sojaolie, tarwe<\/td><\/tr><tr><td class=\"has-text-align-center\" data-align=\"center\"><strong>Zachte grondstoffen<\/strong><\/td><td>Suiker, koffie, katoen<\/td><\/tr><tr><td class=\"has-text-align-center\" data-align=\"center\"><strong>Edelmetalen<\/strong><\/td><td>Goud en zilver<\/td><\/tr><tr><td class=\"has-text-align-center\" data-align=\"center\"><strong>Industri\u00eble metalen<\/strong><\/td><td>Koper, aluminium, zink, nikkel<\/td><\/tr><tr><td class=\"has-text-align-center\" data-align=\"center\"><strong>Vee<\/strong><\/td><td>Rundvee, vleesvarkens<\/td><\/tr><\/tbody><\/table><\/div><\/div><\/figure>\n\n\n\n<h2 class=\"wp-block-heading\">Soorten grondstoffen<\/h2>\n\n\n\n<p>Grondstoffen zijn <strong>basisproducten die wereldwijd worden verhandeld<\/strong> en weinig verschillen tussen leveranciers. Ze vallen uiteen in drie categorie\u00ebn: metaal (goud, koper), landbouw (tarwe, koffie) en energie (olie, aardgas).<\/p>\n\n\n\n<p><strong>Deze indeling helpt beleggers<\/strong> <strong>en handelaren om de markt beter te begrijpen<\/strong> en zo gerichte keuzes te maken. Binnen de categorie metaalgrondstoffen wordt een onderscheid gemaakt tussen edelmetalen, zoals goud en zilver, en basismetalen, zoals aluminium en lithium.<\/p>\n\n\n\n<figure class=\"wp-block-image size-full\"><img loading=\"lazy\" decoding=\"async\" width=\"756\" height=\"400\" src=\"https:\/\/www.etoro.com\/wp-content\/uploads\/2023\/11\/Body-Image-1_-Energy-commodities.png\" alt=\"\" class=\"wp-image-767512 wp-image-desktop\" srcset=\"https:\/\/www.etoro.com\/wp-content\/uploads\/2023\/11\/Body-Image-1_-Energy-commodities.png 756w, https:\/\/www.etoro.com\/wp-content\/uploads\/2023\/11\/Body-Image-1_-Energy-commodities-300x159.png 300w\" sizes=\"(max-width: 756px) 100vw, 756px\" \/><\/figure>\n\n\n\n<h3 class=\"wp-block-heading\">Energiegrondstoffen<\/h3>\n\n\n\n<p>Energiegrondstoffen zoals olie en gas vormen de <strong>basis voor industri\u00eble productie en transport<\/strong>. Bovendien be\u00efnvloeden deze energiegrondstoffen actief de wereldhandel en geopolitieke dynamiek, bijvoorbeeld via prijsbeheersing en het opleggen van sancties.<\/p>\n\n\n\n<p><mark>Deze grondstoffen behoren tot de meest verhandelde beleggingen wereldwijd en vertegenwoordigen ongeveer een derde van alle transacties op de grondstoffenmarkt. Aardolie is hierbij het meest prominent en is goed voor 15% van het totale handelsvolume.<\/mark><\/p>\n\n\n\n<p>Twee belangrijke soorten ruwe olie zijn <strong>West Texas Intermediate (WTI)<\/strong> <strong>en<\/strong> <strong>Brent Crude<\/strong>, die beide een hoge liquiditeit hebben. Deze markten bieden handelaren mogelijk relatief eenvoudige in- en uitstappunten, waardoor ze aantrekkelijk zijn voor beleggers die op zoek zijn naar flexibiliteit en effici\u00ebntie in hun transacties.<\/p>\n\n\n\n<div class=\"wp-block-etoro-tip wp-block-etoro-tip-border-yellow\"><span class=\"wp-block-etoro-tip-icon\"><\/span><div class=\"wp-block-etoro-tip-text\">\n<p><strong>Tip:<\/strong> Wereldwijde <a href=\"https:\/\/www.etoro.com\/nl\/trading\/economic-calendar\/\">economische activiteit<\/a> heeft een grote invloed op de prijzen van energiegrondstoffen.<\/p>\n<\/div><\/div>\n\n\n\n<h3 class=\"wp-block-heading\">Agrarische grondstoffen<\/h3>\n\n\n\n<p><a href=\"https:\/\/www.etoro.com\/nl\/investing\/agricultural-commodities\/\">Agrarische grondstoffen<\/a>, vaak <strong>zachte grondstoffen<\/strong> genoemd, worden wereldwijd verhandeld en maken ongeveer een derde van de <a href=\"https:\/\/www.etoro.com\/nl\/trading\/a-beginners-guide-to-commodity-trading\/\">grondstoffenhandel<\/a> uit. Ze omvatten producten als koffie, suiker, ma\u00efs en slachtvarkens, die cruciaal zijn voor voedselproductie en industri\u00eble toepassingen.<\/p>\n\n\n\n<figure class=\"wp-block-image size-full\"><img loading=\"lazy\" decoding=\"async\" width=\"756\" height=\"400\" src=\"https:\/\/www.etoro.com\/wp-content\/uploads\/2023\/11\/Body-Image-2_-Agricultural-or-soft-commodities.png\" alt=\"\" class=\"wp-image-767533 wp-image-desktop\" srcset=\"https:\/\/www.etoro.com\/wp-content\/uploads\/2023\/11\/Body-Image-2_-Agricultural-or-soft-commodities.png 756w, https:\/\/www.etoro.com\/wp-content\/uploads\/2023\/11\/Body-Image-2_-Agricultural-or-soft-commodities-300x159.png 300w\" sizes=\"(max-width: 756px) 100vw, 756px\" \/><\/figure>\n\n\n\n<p><strong>Om internationale handel soepel te laten verlopen, standaardiseer je agrarische grondstoffen<\/strong>. Dat betekent dat eenheden zoals tarwe in bushels uit Australi\u00eb of Canada, vergelijkbaar moeten zijn om als \u00e9\u00e9n activum verhandeld te worden. Hierdoor wordt grensoverschrijdende handel eenvoudiger en effici\u00ebnter.<\/p>\n\n\n\n<div class=\"wp-block-etoro-tip wp-block-etoro-tip-border-yellow\"><span class=\"wp-block-etoro-tip-icon\"><\/span><div class=\"wp-block-etoro-tip-text\">\n<p><strong>Tip:<\/strong> Grondstoffenmarkten vertonen vaak langdurige prijstrends, wat gunstig is voor beleggers die <a href=\"https:\/\/www.etoro.com\/nl\/trading\/trend-trading\/\">trendtrading<\/a>-strategie\u00ebn gebruiken.<\/p>\n<\/div><\/div>\n\n\n\n<h3 class=\"wp-block-heading\">Metaalgrondstoffen<\/h3>\n\n\n\n<p>Metaalgrondstoffen deel je op in twee categorie\u00ebn: <strong>basismetalen en edelmetalen<\/strong>. Basismetalen zoals koper en aluminium vinden brede toepassingen in de industrie, terwijl edelmetalen als goud en zilver vaak als waardeopslag worden ingezet.<\/p>\n\n\n\n<figure class=\"wp-block-image size-full\"><img loading=\"lazy\" decoding=\"async\" width=\"756\" height=\"400\" src=\"https:\/\/www.etoro.com\/wp-content\/uploads\/2023\/11\/Body-Image-3_-Final-Thoughts-8.png\" alt=\"\" class=\"wp-image-767555 wp-image-desktop\" srcset=\"https:\/\/www.etoro.com\/wp-content\/uploads\/2023\/11\/Body-Image-3_-Final-Thoughts-8.png 756w, https:\/\/www.etoro.com\/wp-content\/uploads\/2023\/11\/Body-Image-3_-Final-Thoughts-8-300x159.png 300w\" sizes=\"(max-width: 756px) 100vw, 756px\" \/><\/figure>\n\n\n\n<p>Basismetalen, zoals <a href=\"https:\/\/www.etoro.com\/markets\/nickel\/\">nikkel<\/a>, zink, aluminium en koper, zijn <strong>onmisbaar voor industri\u00eble productie en infrastructuur<\/strong>. Deze metalen worden veelvuldig gebruikt in de bouw, elektronica en de transportsector.<\/p>\n\n\n\n<p>Edelmetalen, waaronder goud, platina en zilver, hebben naast industri\u00eble toepassingen doorgaans een <strong>sterke reputatie als waardevaste beleggingen<\/strong>. Ze kunnen vaak worden gezien als mogelijke veilige havens; beleggingen die hun waarde behouden of zelfs in waarde stijgen tijdens perioden van economische onzekerheid.<\/p>\n\n\n\n<p>Edelmetalen nemen <strong>ongeveer 20% van de wereldwijde grondstoffenmarkt<\/strong> voor hun rekening en blijven aantrekkelijk voor zowel beleggers als industri\u00eble kopers.<\/p>\n\n\n\n<h2 class=\"wp-block-heading\">Welke factoren be\u00efnvloeden grondstofprijzen?<\/h2>\n\n\n\n<p>Net als andere beleggingen <strong>worden <a href=\"https:\/\/www.etoro.com\/nl\/investing\/what-affects-commodity-prices\/\">grondstofprijzen<\/a> bepaald door vraag en aanbod.<\/strong> Deze factoren, zoals <strong>economische groei<\/strong>, valutaschommelingen, weersomstandigheden, technologische ontwikkelingen, <strong>inflatie<\/strong> en geopolitieke gebeurtenissen, be\u00efnvloeden direct of indirect de beschikbaarheid en prijs.<\/p>\n\n\n\n<figure class=\"wp-block-table\"><div class=\"wp-block-table-content\"><div class=\"wp-block-table-content-nav wp-block-table-content-nav-left\"><div class=\"wp-block-table-content-nav-arrow wp-block-table-content-nav-arrow-left\"><\/div><\/div><div class=\"wp-block-table-content-nav wp-block-table-content-nav-right\"><div class=\"wp-block-table-content-nav-arrow wp-block-table-content-nav-arrow-right\"><\/div><\/div><div class=\"wp-block-table-content-table\"><table><thead><tr><th><strong>Factor<\/strong><\/th><th><strong>Hoe be\u00efnvloedt deze de grondstofprijzen?<\/strong><\/th><\/tr><\/thead><tbody><tr><td>Actuele gebeurtenissen en <a href=\"https:\/\/www.etoro.com\/nl\/trading\/macro-effects-on-commodities\/\">geopolitieke invloeden<\/a><\/td><td>Conflicten in olieproducerende regio&#8217;s <strong>verstoren de aanvoer en verhogen de olie- en gasprijzen<\/strong>. Natuurrampen en pandemie\u00ebn beperken de productie en distributie, waardoor schaarste en prijsstijgingen ontstaan.<\/td><\/tr><tr><td>Weersomstandigheden en klimaatverandering<\/td><td>De agrarische sector <strong>reageert heftig op klimaatveranderingen<\/strong>. Onvoorspelbaar weer zoals droogte of zware regenval beschadigt de oogst op korte termijn. Op langere termijn leidt klimaatverandering tot <strong>structurele verschuivingen en hogere prijzen<\/strong> van zachte grondstoffen.<\/td><\/tr><tr><td>Bevolkingsgroei en voedselzekerheid<\/td><td>De groeiende wereldbevolking <strong>stimuleert de vraag naar landbouwproducten<\/strong> zoals suiker, tarwe en koffie, terwijl de beschikbaarheid van landbouwgrond beperkt blijft. Overheidsreserves spelen ook een rol op de markt.<\/td><\/tr><tr><td><a href=\"https:\/\/www.etoro.com\/nl\/investing\/economic-cycle\/\">Economische cycli<\/a> en industri\u00eble vraag<\/td><td><a href=\"https:\/\/www.etoro.com\/nl\/investing\/economic-cycle\/\">Economische cycli<\/a> bepalen actief de vraag naar basismetalen. Tijdens perioden van groei stijgt de vraag naar koper en aluminium terwijl <strong>recessies tot lagere prijzen leiden<\/strong>. Edelmetalen zoals goud en zilver bieden veiligheid in tijden van onzekerheid.<\/td><\/tr><tr><td>Aanbodreacties en productievertragingen<\/td><td><strong>Het aanbod van grondstoffen reageert vaak trager op prijswijzigingen dan de vraag.<\/strong> Boerden kunnen pas na een teeltseizoen reageren op prijsstijgingen, terwijl nieuwe mijnen voor metalen zoals koper of goud meerdere jaren nodig hebben voordat ze operationeel zijn, wat het aanbod beperkt.<\/td><\/tr><\/tbody><\/table><\/div><\/div><\/figure>\n\n\n\n<h2 class=\"wp-block-heading\">Conclusie<\/h2>\n\n\n\n<p>Grondstoffen <a href=\"https:\/\/www.etoro.com\/nl\/investing\/how-to-build-a-diversified-portfolio\/\"><strong>diversifi\u00ebren je portfolio<\/strong><\/a><strong> en helpen risico\u2019s te beheersen<\/strong>. Energiegrondstoffen zoals olie en gas compenseren stijgende productiekosten, terwijl edelmetalen bescherming bieden in tijden van geopolitieke onzekerheid en economische instabiliteit.<\/p>\n\n\n\n<p><strong>Beleggingen in grondstoffen brengen echter ook risico\u2019s met zich mee<\/strong>, zoals prijsschommelingen door marktvolatiliteit, geopolitieke spanningen en veranderende regelgeving.<\/p>\n\n\n\n<p>Bezoek de <a href=\"https:\/\/www.etoro.com\/nl\/academy\/\">eToro Academy<\/a> om meer te leren over beleggen in grondstoffen.<\/p>\n\n\n\n<h2 class=\"wp-block-heading\">Veelgestelde vragen<\/h2>\n\n\n\n<dl class=\"wp-block-etoro-faq\">\n<div class=\"wp-block-etoro-faq-item\"><dt class=\"wp-block-etoro-faq-item-question\">Is het mogelijk om uranium te verhandelen als grondstof?<\/dt><dd class=\"wp-block-etoro-faq-item-answer\">\n<p>Vanwege de radioactieve eigenschappen van uranium is het onderworpen aan strenge regelgeving, waardoor directe handel of beleggingen in fysiek uranium niet mogelijk zijn. Een alternatieve manier om blootstelling te krijgen aan de nucleaire energiesector is door uraniumaandelen te kopen, zoals die van <a href=\"https:\/\/www.etoro.com\/nl\/markets\/ccj\">Cameco Corp<\/a>, of door te beleggen in een ETF zoals Global X Uranium.<\/p>\n<\/dd><\/div>\n\n\n\n<div class=\"wp-block-etoro-faq-item\"><dt class=\"wp-block-etoro-faq-item-question\">Krijg ik een fysieke levering van de grondstoffen die ik koop?<\/dt><dd class=\"wp-block-etoro-faq-item-answer\">\n<p>Als je grondstoffen verhandelt via <a href=\"https:\/\/www.etoro.com\/nl\/trading\/cfd\/what-is-cfd\/\">CFD&#8217;s<\/a>, ontvang je geen fysieke levering van het gekochte activum. Je handelsovereenkomst is met je effectenmakelaar, niet met de beurs. Eventuele winsten of verliezen zijn gebaseerd op prijsbewegingen in de onderliggende markt.<\/p>\n<\/dd><\/div>\n\n\n\n<div class=\"wp-block-etoro-faq-item\"><dt class=\"wp-block-etoro-faq-item-question\">Wat is een eenvoudige manier om blootstelling aan de grondstoffensector te krijgen?<\/dt><dd class=\"wp-block-etoro-faq-item-answer\">\n<p>Als je overweegt je portfolio te diversifi\u00ebren of te <a href=\"https:\/\/www.etoro.com\/nl\/investing\/hedging-guide\/\">hedgen<\/a> door middel van grondstoffenhandel, zijn ETF&#8217;s een kosteneffectieve methode om blootstelling te krijgen aan een mandje van verschillende beleggingen via slechts \u00e9\u00e9n transactie. Deze aanpak is doorgaans geschikt voor beleggers die grondstoffen in hun portfolio willen opnemen zonder dat ze zich specifiek hoeven te specialiseren in individuele grondstoffen.<\/p>\n<\/dd><\/div>\n<\/dl>\n\n\n\n\t\t<style>\n\t\t\t.rtl .etoro-block-shortcode-disclaimer {\n\t\t\t\ttext-align:right;\n\t\t\t}\n\t\t\t.etoro-block-shortcode-disclaimer {\n\t\t\t\tmargin-bottom:18px;\n\t\t\t\ttext-align:left;\n\t\t\t}\n\t\t\t.etoro-block-shortcode-disclaimer p{\n\t\t\t\tfont-size: 12px;\n\t\t\t\tline-height: 18px;\n\t\t\t}\n\t\t\t@media (min-width: 768px) {\n\t\t\t\t.etoro-block-shortcode-disclaimer {\n\t\t\t\t\tmax-width:1176px;\n\t\t\t\t\ttext-align:center;\n\t\t\t\t}\n\t\t\t\t.etoro-block-shortcode-disclaimer p {\n\t\t\t\t\tfont-size: 14px;\n\t\t\t\t\tline-height: 20px;\n\t\t\t\t}\n\t\t\t}\n\t\t<\/style>\n\t\t<div class='etoro-block-shortcode-disclaimer'><p>Deze informatie is uitsluitend bedoeld voor educatieve doeleinden en mag niet worden beschouwd als beleggingsadvies, persoonlijke aanbeveling, of een aanbod van, of verzoek tot, het kopen of verkopen van financi\u00eble instrumenten.<\/p>\n<p>Dit materiaal is opgesteld zonder rekening te houden met specifieke beleggingsdoelstellingen of financi\u00eble situaties, en is niet opgesteld in overeenstemming met de wettelijke en reglementaire vereisten ter bevordering van onafhankelijk onderzoek.<\/p>\n<p><strong>Niet alle financi\u00eble instrumenten en diensten waarnaar wordt verwezen worden aangeboden door eToro<\/strong>, en verwijzingen naar in het verleden behaalde prestaties van een financieel instrument, index of verpakt beleggingsproduct zijn geen, en mogen niet worden beschouwd als een betrouwbare indicator voor toekomstige resultaten. <strong>De beschikbaarheid van alle bovengenoemde producten en diensten kan per jurisdictie en land verschillen.<\/strong><\/p>\n<p>eToro biedt geen garanties en aanvaardt geen aansprakelijkheid over de juistheid of volledigheid van de inhoud van deze gids. Zorg ervoor dat u de risico\u2019s van handelen begrijpt voordat u kapitaal inlegt. Riskeer nooit meer dan u bereid bent te verliezen.<\/p>\n<\/div>\n","protected":false},"excerpt":{"rendered":"<p>Grondstoffen zijn essentieel voor de wereldeconomie en vallen in drie groepen: metaalgrondstoffen (zoals koper en ijzer) voor productie en waardeopslag, landbouwproducten voor voedselvoorziening en energiebronnen (zoals olie en gas) voor energie en groei. Samen bevorderen ze innovatie en welvaart. Grondstoffen zijn essentieel voor de wereldeconomie en ondersteunen productieprocessen, energievoorziening en strategische reserves. Ze dienen ook&hellip;<\/p>\n","protected":false},"author":96,"featured_media":1108918,"parent":18384,"menu_order":0,"comment_status":"closed","ping_status":"closed","template":"","meta":{"_acf_changed":false,"inline_featured_image":false,"sticky_cta_settings":"","footnotes":""},"asset_type":[6601],"class_list":["post-877666","page","type-page","status-publish","has-post-thumbnail","hentry","asset_type-is-cfd"],"acf":[],"yoast_head":"<title>Meest verhandelde grondstoffen | Grondstoffenhandel<\/title>\n<meta name=\"description\" content=\"Wat zijn wereldwijd de meest verhandelde grondstoffen? Leer over de verschillende soorten grondstoffen en de factoren die hun prijzen be\u00efnvloeden.\" \/>\n<meta name=\"robots\" content=\"index, follow, max-snippet:-1, max-image-preview:large, max-video-preview:-1\" \/>\n<link rel=\"canonical\" href=\"https:\/\/www.etoro.com\/nl\/wp-json\/wp\/v2\/pages\/877666\" \/>\n<meta property=\"og:locale\" content=\"nl_NL\" \/>\n<meta property=\"og:type\" content=\"article\" \/>\n<meta property=\"og:title\" content=\"Meest verhandelde grondstoffen | Grondstoffenhandel\" \/>\n<meta property=\"og:description\" content=\"Wat zijn wereldwijd de meest verhandelde grondstoffen? Leer over de verschillende soorten grondstoffen en de factoren die hun prijzen be\u00efnvloeden.\" \/>\n<meta property=\"og:url\" content=\"https:\/\/www.etoro.com\/nl\/wp-json\/wp\/v2\/pages\/877666\" \/>\n<meta property=\"og:site_name\" content=\"eToro\" \/>\n<meta property=\"article:publisher\" content=\"https:\/\/www.facebook.com\/eToro\/\" \/>\n<meta property=\"article:modified_time\" content=\"2025-11-03T10:55:25+00:00\" \/>\n<meta property=\"og:image\" content=\"https:\/\/www.etoro.com\/wp-content\/uploads\/2025\/07\/NL-Most-Traded-Commodities-in-the-World-1200x630-1.png\" \/>\n\t<meta property=\"og:image:width\" content=\"1200\" \/>\n\t<meta property=\"og:image:height\" content=\"630\" \/>\n\t<meta property=\"og:image:type\" content=\"image\/png\" \/>\n<meta name=\"twitter:card\" content=\"summary_large_image\" \/>\n<meta name=\"twitter:site\" content=\"@eToro\" \/>\n<meta name=\"twitter:label1\" content=\"Est. reading time\" \/>\n\t<meta name=\"twitter:data1\" content=\"5 minutes\" \/>\n<script type=\"application\/ld+json\" class=\"yoast-schema-graph\">{\"@context\":\"https:\/\/schema.org\",\"@graph\":[{\"@type\":\"WebPage\",\"@id\":\"https:\/\/www.etoro.com\/nl\/trading\/most-traded-commodities\/\",\"url\":\"https:\/\/www.etoro.com\/nl\/trading\/most-traded-commodities\/\",\"name\":\"Meest verhandelde grondstoffen | Grondstoffenhandel\",\"isPartOf\":{\"@id\":\"https:\/\/www.etoro.com\/nl\/#website\"},\"primaryImageOfPage\":{\"@id\":\"https:\/\/www.etoro.com\/nl\/trading\/most-traded-commodities\/#primaryimage\"},\"image\":{\"@id\":\"https:\/\/www.etoro.com\/nl\/trading\/most-traded-commodities\/#primaryimage\"},\"thumbnailUrl\":\"https:\/\/www.etoro.com\/wp-content\/uploads\/2025\/07\/NL-Most-Traded-Commodities-in-the-World-1200x630-1.png\",\"datePublished\":\"2023-11-15T10:21:35+00:00\",\"dateModified\":\"2025-11-03T10:55:25+00:00\",\"description\":\"Wat zijn wereldwijd de meest verhandelde grondstoffen? Leer over de verschillende soorten grondstoffen en de factoren die hun prijzen be\u00efnvloeden.\",\"breadcrumb\":{\"@id\":\"https:\/\/www.etoro.com\/nl\/trading\/most-traded-commodities\/#breadcrumb\"},\"inLanguage\":\"nl\",\"potentialAction\":[{\"@type\":\"ReadAction\",\"target\":[\"https:\/\/www.etoro.com\/nl\/trading\/most-traded-commodities\/\"]}]},{\"@type\":\"ImageObject\",\"inLanguage\":\"nl\",\"@id\":\"https:\/\/www.etoro.com\/nl\/trading\/most-traded-commodities\/#primaryimage\",\"url\":\"https:\/\/www.etoro.com\/wp-content\/uploads\/2025\/07\/NL-Most-Traded-Commodities-in-the-World-1200x630-1.png\",\"contentUrl\":\"https:\/\/www.etoro.com\/wp-content\/uploads\/2025\/07\/NL-Most-Traded-Commodities-in-the-World-1200x630-1.png\",\"width\":1200,\"height\":630},{\"@type\":\"BreadcrumbList\",\"@id\":\"https:\/\/www.etoro.com\/nl\/trading\/most-traded-commodities\/#breadcrumb\",\"itemListElement\":[{\"@type\":\"ListItem\",\"position\":1,\"name\":\"Thuispagina\",\"item\":\"https:\/\/www.etoro.com\/nl\/\"},{\"@type\":\"ListItem\",\"position\":2,\"name\":\"HANDELEN\",\"item\":\"https:\/\/www.etoro.com\/nl\/trading\/\"},{\"@type\":\"ListItem\",\"position\":3,\"name\":\"Meest verhandelde grondstoffen ter wereld\"}]},{\"@type\":\"WebSite\",\"@id\":\"https:\/\/www.etoro.com\/nl\/#website\",\"url\":\"https:\/\/www.etoro.com\/nl\/\",\"name\":\"eToro\",\"description\":\"\",\"publisher\":{\"@id\":\"https:\/\/www.etoro.com\/nl\/#organization\"},\"potentialAction\":[{\"@type\":\"SearchAction\",\"target\":{\"@type\":\"EntryPoint\",\"urlTemplate\":\"https:\/\/www.etoro.com\/nl\/?s={search_term_string}\"},\"query-input\":{\"@type\":\"PropertyValueSpecification\",\"valueRequired\":true,\"valueName\":\"search_term_string\"}}],\"inLanguage\":\"nl\"},[]]}<\/script>","yoast_head_json":{"title":"Meest verhandelde grondstoffen | Grondstoffenhandel","description":"Wat zijn wereldwijd de meest verhandelde grondstoffen? Leer over de verschillende soorten grondstoffen en de factoren die hun prijzen be\u00efnvloeden.","robots":{"index":"index","follow":"follow","max-snippet":"max-snippet:-1","max-image-preview":"max-image-preview:large","max-video-preview":"max-video-preview:-1"},"canonical":"https:\/\/www.etoro.com\/nl\/wp-json\/wp\/v2\/pages\/877666","og_locale":"nl_NL","og_type":"article","og_title":"Meest verhandelde grondstoffen | Grondstoffenhandel","og_description":"Wat zijn wereldwijd de meest verhandelde grondstoffen? Leer over de verschillende soorten grondstoffen en de factoren die hun prijzen be\u00efnvloeden.","og_url":"https:\/\/www.etoro.com\/nl\/wp-json\/wp\/v2\/pages\/877666","og_site_name":"eToro","article_publisher":"https:\/\/www.facebook.com\/eToro\/","article_modified_time":"2025-11-03T10:55:25+00:00","og_image":[{"width":1200,"height":630,"url":"https:\/\/www.etoro.com\/wp-content\/uploads\/2025\/07\/NL-Most-Traded-Commodities-in-the-World-1200x630-1.png","type":"image\/png"}],"twitter_card":"summary_large_image","twitter_site":"@eToro","twitter_misc":{"Est. reading time":"5 minutes"},"schema":{"@context":"https:\/\/schema.org","@graph":[{"@type":"WebPage","@id":"https:\/\/www.etoro.com\/nl\/trading\/most-traded-commodities\/","url":"https:\/\/www.etoro.com\/nl\/trading\/most-traded-commodities\/","name":"Meest verhandelde grondstoffen | Grondstoffenhandel","isPartOf":{"@id":"https:\/\/www.etoro.com\/nl\/#website"},"primaryImageOfPage":{"@id":"https:\/\/www.etoro.com\/nl\/trading\/most-traded-commodities\/#primaryimage"},"image":{"@id":"https:\/\/www.etoro.com\/nl\/trading\/most-traded-commodities\/#primaryimage"},"thumbnailUrl":"https:\/\/www.etoro.com\/wp-content\/uploads\/2025\/07\/NL-Most-Traded-Commodities-in-the-World-1200x630-1.png","datePublished":"2023-11-15T10:21:35+00:00","dateModified":"2025-11-03T10:55:25+00:00","description":"Wat zijn wereldwijd de meest verhandelde grondstoffen? Leer over de verschillende soorten grondstoffen en de factoren die hun prijzen be\u00efnvloeden.","breadcrumb":{"@id":"https:\/\/www.etoro.com\/nl\/trading\/most-traded-commodities\/#breadcrumb"},"inLanguage":"nl","potentialAction":[{"@type":"ReadAction","target":["https:\/\/www.etoro.com\/nl\/trading\/most-traded-commodities\/"]}]},{"@type":"ImageObject","inLanguage":"nl","@id":"https:\/\/www.etoro.com\/nl\/trading\/most-traded-commodities\/#primaryimage","url":"https:\/\/www.etoro.com\/wp-content\/uploads\/2025\/07\/NL-Most-Traded-Commodities-in-the-World-1200x630-1.png","contentUrl":"https:\/\/www.etoro.com\/wp-content\/uploads\/2025\/07\/NL-Most-Traded-Commodities-in-the-World-1200x630-1.png","width":1200,"height":630},{"@type":"BreadcrumbList","@id":"https:\/\/www.etoro.com\/nl\/trading\/most-traded-commodities\/#breadcrumb","itemListElement":[{"@type":"ListItem","position":1,"name":"Thuispagina","item":"https:\/\/www.etoro.com\/nl\/"},{"@type":"ListItem","position":2,"name":"HANDELEN","item":"https:\/\/www.etoro.com\/nl\/trading\/"},{"@type":"ListItem","position":3,"name":"Meest verhandelde grondstoffen ter wereld"}]},{"@type":"WebSite","@id":"https:\/\/www.etoro.com\/nl\/#website","url":"https:\/\/www.etoro.com\/nl\/","name":"eToro","description":"","publisher":{"@id":"https:\/\/www.etoro.com\/nl\/#organization"},"potentialAction":[{"@type":"SearchAction","target":{"@type":"EntryPoint","urlTemplate":"https:\/\/www.etoro.com\/nl\/?s={search_term_string}"},"query-input":{"@type":"PropertyValueSpecification","valueRequired":true,"valueName":"search_term_string"}}],"inLanguage":"nl"},[]]}},"_links":{"self":[{"href":"https:\/\/www.etoro.com\/nl\/wp-json\/wp\/v2\/pages\/877666"}],"collection":[{"href":"https:\/\/www.etoro.com\/nl\/wp-json\/wp\/v2\/pages"}],"about":[{"href":"https:\/\/www.etoro.com\/nl\/wp-json\/wp\/v2\/types\/page"}],"author":[{"embeddable":true,"href":"https:\/\/www.etoro.com\/nl\/wp-json\/wp\/v2\/users\/96"}],"replies":[{"embeddable":true,"href":"https:\/\/www.etoro.com\/nl\/wp-json\/wp\/v2\/comments?post=877666"}],"version-history":[{"count":0,"href":"https:\/\/www.etoro.com\/nl\/wp-json\/wp\/v2\/pages\/877666\/revisions"}],"up":[{"embeddable":true,"href":"https:\/\/www.etoro.com\/nl\/wp-json\/wp\/v2\/pages\/18384"}],"wp:featuredmedia":[{"embeddable":true,"href":"https:\/\/www.etoro.com\/nl\/wp-json\/wp\/v2\/media\/1108918"}],"wp:attachment":[{"href":"https:\/\/www.etoro.com\/nl\/wp-json\/wp\/v2\/media?parent=877666"}],"wp:term":[{"taxonomy":"asset_type","embeddable":true,"href":"https:\/\/www.etoro.com\/nl\/wp-json\/wp\/v2\/asset_type?post=877666"}],"curies":[{"name":"wp","href":"https:\/\/api.w.org\/{rel}","templated":true}]}}