{"id":10577,"date":"2017-10-24T08:45:44","date_gmt":"2017-10-24T05:45:44","guid":{"rendered":"\/etoro\/community-guidelines\/"},"modified":"2025-07-10T16:01:39","modified_gmt":"2025-07-10T13:01:39","slug":"community-guidelines","status":"publish","type":"page","link":"https:\/\/www.etoro.com\/pl\/customer-service\/community-guidelines\/","title":{"rendered":"Zasady dla spo\u0142eczno\u015bci eToro"},"content":{"rendered":"\n<section class=\"wp-block-group wp-block-group-boxed\"><div class=\"wp-block-group-inner is-layout-flow wp-block-group-is-layout-flow\">\n<div class=\"wp-block-columns are-vertically-aligned-top wp-block-columns-1 is-layout-flex wp-container-core-columns-is-layout-1 wp-block-columns-is-layout-flex\">\n<div class=\"wp-block-column is-layout-flow wp-block-column-is-layout-flow\">\n<h2 class=\"wp-block-heading\">Do czego s\u0142u\u017cy eToro?<\/h2>\n\n\n\n<p>eToro to platforma handlowa online. Jest domem dla milion\u00f3w u\u017cytkownik\u00f3w z ca\u0142ego \u015bwiata, kt\u00f3rzy u\u017cywaj\u0105 jej do zarz\u0105dzania swoimi finansami i przeprowadzania transakcji. Jednak eToro to tak\u017ce sie\u0107 spo\u0142eczno\u015bciowa, na kt\u00f3rej u\u017cytkownicy mog\u0105 wymienia\u0107 si\u0119 my\u015blami, pomys\u0142ami, strategiami i nie tylko. Podobnie jak wiele innych sieci spo\u0142eczno\u015bciowych, eToro jest cz\u0119sto platform\u0105 do dyskusji, kt\u00f3ra w wi\u0119kszo\u015bci przypadk\u00f3w odbywa si\u0119 w spos\u00f3b spokojny i uprzejmy.<\/p>\n\n\n\n<p>Poni\u017csze zasady pomog\u0105 Ci zrozumie\u0107, jaki rodzaj dzielenia si\u0119 informacjami jest dopuszczalny na eToro i jakie tre\u015bci mog\u0105 zosta\u0107 oznaczone, usuni\u0119te lub skutkowa\u0107 ograniczeniem dost\u0119pu.<\/p>\n\n\n\n<h2 class=\"wp-block-heading\">Dlaczego nale\u017cy kierowa\u0107 si\u0119 zasadami w spo\u0142eczno\u015bci<\/h2>\n\n\n\n<p>eToro to przede wszystkim spo\u0142eczno\u015b\u0107 entuzjast\u00f3w finans\u00f3w. Obejmuj\u0105c dziesi\u0105tki kraj\u00f3w na ca\u0142ym \u015bwiecie i pos\u0142uguj\u0105c si\u0119 ponad 20 j\u0119zykami, spo\u0142eczno\u015b\u0107 eToro jest naprawd\u0119 zr\u00f3\u017cnicowana. Naturalnie, niekt\u00f3rzy u\u017cytkownicy od czasu do czasu nadu\u017cywaj\u0105 spo\u0142ecznych aspekt\u00f3w platformy. Niekt\u00f3rzy robi\u0105 to ze z\u0142ych intencji, ale cz\u0119\u015bciej robi\u0105 to, poniewa\u017c nie s\u0105 \u015bwiadomi, \u017ce spo\u0142eczno\u015b\u0107 kieruje si\u0119 pewnymi zasadami. Z tego powodu stworzyli\u015bmy ten szczeg\u00f3\u0142owy przewodnik, aby umo\u017cliwi\u0107 u\u017cytkownikom eToro utrzymanie zdrowej i korzystnej spo\u0142eczno\u015bci.<\/p>\n\n\n\n<h2 class=\"wp-block-heading\">Cel zasad kt\u00f3rymi si\u0119 kierujemy<\/h2>\n\n\n\n<ul class=\"wp-block-list wp-block-list wp-block-list-circle\">\n<li><b>Bezpiecze\u0144stwo:<\/b> D\u0105\u017cymy do zapewnienia bezpiecze\u0144stwa i dobrego samopoczucia wszystkich u\u017cytkownik\u00f3w eToro. Przestrzeganie tych zasad zapewni to.<\/li>\n\n\n\n<li><b>Godno\u015b\u0107:<\/b> eToro to miejsce dla ludzi, a wszyscy ludzie zas\u0142uguj\u0105 na to, aby zachowa\u0107 swoj\u0105 godno\u015b\u0107. Przestrzeganie tych wytycznych pozwoli nam upewni\u0107 si\u0119, \u017ce godno\u015b\u0107 naszych u\u017cytkownik\u00f3w nie zostanie naruszona.<\/li>\n<\/ul>\n\n\n\n<p><b><i>Zrzeczenie si\u0119 odpowiedzialno\u015bci:<\/i><\/b><i> Nale\u017cy pami\u0119ta\u0107, \u017ce angielska wersja Standard\u00f3w Spo\u0142eczno\u015bciowych odzwierciedla najbardziej aktualny zbi\u00f3r zasad i powinna by\u0107 u\u017cywana jako dokument nadrz\u0119dny.<\/i><\/p>\n\n\n\n<h2 class=\"wp-block-heading\">Przemoc i pod\u017ceganie<\/h2>\n\n\n\n<p>U\u017cytkownicy eToro nigdy nie powinni zachowywa\u0107 si\u0119 w spos\u00f3b agresywny ani zach\u0119ca\u0107 do zachowa\u0144 agresywnych, bezpo\u015brednio lub po\u015brednio. Dotyczy to mi\u0119dzy innymi: u\u017cywania wulgaryzm\u00f3w, blu\u017anierstw, trollingu, nadu\u017cy\u0107, oszustw lub nagabywania.<\/p>\n\n\n\n<h2 class=\"wp-block-heading\">Trollowanie<\/h2>\n\n\n\n<p>U\u017cytkownicy eToro nigdy nie powinni celowo wznieca\u0107 konflikt\u00f3w, prowokowa\u0107 lub celowo denerwowa\u0107 innych u\u017cytkownik\u00f3w. Wszystkie dyskusje powinny by\u0107 uprzejme i rzeczowe.<\/p>\n\n\n\n<h2 class=\"wp-block-heading\">Oszustwa i podszywanie si\u0119<\/h2>\n\n\n\n<p>Nigdy nie nale\u017cy przedstawia\u0107 si\u0119 fa\u0142szywie, u\u017cywaj\u0105c logo eToro lub innych marek w swoim awatarze lub postach.<\/p>\n\n\n\n<h2 class=\"wp-block-heading\">Nagabywanie<\/h2>\n\n\n\n<p>Nale\u017cy pami\u0119ta\u0107, \u017ce u\u017cytkownicy s\u0105 odpowiedzialni za wszelkie reklamy stron trzecich w udost\u0119pnianych przez siebie tre\u015bciach. Na przyk\u0142ad, u\u017cytkownik nie mo\u017ce publikowa\u0107, udost\u0119pnia\u0107 ani wy\u015bwietla\u0107 na naszej platformie \u017cadnych tre\u015bci wideo zawieraj\u0105cych reklamy stron trzecich, takie jak reklamy typu pre-roll lub grafiki sponsorskie, bez naszej uprzedniej zgody.<\/p>\n\n\n\n<h2 class=\"wp-block-heading\">Taktyka manipulacji rynkiem<\/h2>\n\n\n\n<ul class=\"wp-block-list wp-block-list wp-block-list-circle\">\n<li>Fa\u0142szywe informacje: Nigdy nie nale\u017cy publikowa\u0107 wprowadzaj\u0105cych w b\u0142\u0105d informacji na temat swojego konta i\/lub swoich umiej\u0119tno\u015bci handlowych.<\/li>\n\n\n\n<li>Doradztwo inwestycyjne: Nigdy nie oferuj \u017cadnych bezpo\u015brednich porad inwestycyjnych, ani niczego, co mo\u017ce by\u0107 interpretowane jako porady inwestycyjne. Nie wzywaj do bezpo\u015bredniego dzia\u0142ania (np. \u201ezainwestuj w\u201d).<\/li>\n\n\n\n<li>Manipulacje rynkowe: Nie sk\u0142adaj fa\u0142szywych obietnic ani nie nak\u0142aniaj innych do handlu\/inwestowania, ani nie pr\u00f3buj tworzy\u0107 niestabilnych sytuacji rynkowych.<\/li>\n\n\n\n<li>Nie nale\u017cy &nbsp;organizowa\u0107 ani realizowa\u0107 skoordynowanych strategii handlu lub sk\u0142adania zlece\u0144 w okre\u015blonych warunkach i czasie w celu zmiany ceny akcji, poniewa\u017c stanowi to manipulacj\u0119 rynkow\u0105.<\/li>\n\n\n\n<li>Manipulacj\u0119 u\u017cytkownika: Nie nale\u017cy dostarcza\u0107 instrukcji dotycz\u0105cych konkretnych transakcji lub sposobu handlowania.<\/li>\n\n\n\n<li>Fa\u0142szywe wiadomo\u015bci: Nie nale\u017cy udost\u0119pnia\u0107\/rozpowszechnia\u0107 dezinformacji, informacji, kt\u00f3rych nie mo\u017cna sprawdzi\u0107 i plotek.<\/li>\n\n\n\n<li>Spamowanie: Nie stosuj praktyk zmowy i manipulacji oraz unikaj przekazywania b\u0142\u0119dnych informacji w celu zniekszta\u0142cenia rynk\u00f3w finansowych, a tak\u017ce wielokrotnego umieszczania tych samych informacji w r\u00f3\u017cnych postach.<\/li>\n<\/ul>\n\n\n\n<h2 class=\"wp-block-heading\">Kontaktowanie si\u0119 z Dzia\u0142em Obs\u0142ugi Klienta eToro<\/h2>\n\n\n\n<p>Nie nale\u017cy umieszcza\u0107 na kanale na \u017cywo pyta\u0144 lub informacji technicznych lub dotycz\u0105cych konta. U\u017cytkownik mo\u017ce w ka\u017cdej chwili skontaktowa\u0107 si\u0119 z Dzia\u0142em Obs\u0142ugi Klienta, je\u015bli ma jakiekolwiek pytania lub potrzebuje pomocy, za po\u015brednictwem czatu lub <a href=\"https:\/\/www.etoro.com\/pl\/customer-service\/\">otwieraj\u0105c zg\u0142oszenie<\/a>. U\u017cytkownik mo\u017ce r\u00f3wnie\u017c skorzysta\u0107 z <a href=\"https:\/\/help.etoro.com\/s\/?language=pl\">Centrum Pomocy eToro<\/a>.<\/p>\n\n\n\n<h2 class=\"wp-block-heading\">Prywatne dane<\/h2>\n\n\n\n<p>Nigdy nie udost\u0119pniaj swoich prywatnych informacji w kanale informacyjnym eToro i nie zach\u0119caj do tego innych.<\/p>\n\n\n\n<h2 class=\"wp-block-heading\">Tematy, kt\u00f3rych nale\u017cy unika\u0107<\/h2>\n\n\n\n<p>Nigdy nie omawiaj, nie wspominaj ani nie udost\u0119pniaj \u017cadnych tre\u015bci zwi\u0105zanych z nast\u0119puj\u0105cymi tematami:<\/p>\n\n\n\n<ul class=\"wp-block-list wp-block-list wp-block-list-circle\">\n<li>Samob\u00f3jstwo i samookaleczenia<\/li>\n\n\n\n<li>Wykorzystywanie seksualne dzieci, nadu\u017cycia i nago\u015b\u0107<\/li>\n\n\n\n<li>Zastraszanie i prze\u015bladowanie<\/li>\n\n\n\n<li>Manipulacja platform\u0105 (wykorzystywanie platformy eToro w spos\u00f3b maj\u0105cy na celu sztuczne wzmacnianie lub t\u0142umienie informacji)<\/li>\n\n\n\n<li>Syntetyczne i zmanipulowane media (zwodnicze udost\u0119pnianie syntetycznych lub zmanipulowanych medi\u00f3w, kt\u00f3re mog\u0105 wyrz\u0105dzi\u0107 szkod\u0119)<\/li>\n<\/ul>\n\n\n\n<h2 class=\"wp-block-heading\">Nieprzestrzeganie Zasad Spo\u0142eczno\u015bciowych<\/h2>\n\n\n\n<p>Posty, komentarze, awatary i biogramy, kt\u00f3re nie s\u0105 zgodne z powy\u017cszymi wytycznymi, mog\u0105 zosta\u0107 edytowane lub usuni\u0119te przez eToro. Sta\u0142e naruszanie tych zasad doprowadzi do ograniczenia lub zablokowania dost\u0119pu u\u017cytkownika. Je\u015bli cz\u0142onek zespo\u0142u eToro lub spo\u0142eczno\u015bci zg\u0142osi kt\u00f3rykolwiek z powy\u017cszych problem\u00f3w dotycz\u0105cych konkretnego u\u017cytkownika, a my stwierdzimy, \u017ce zachowanie to jest kontynuowane, b\u0119dzie to r\u00f3wnie\u017c podstaw\u0105 do usuni\u0119cia tre\u015bci lub ograniczenia dost\u0119pu dla tego u\u017cytkownika. Je\u015bli Tw\u00f3j dost\u0119p zosta\u0142 ograniczony i nie masz pewno\u015bci, dlaczego tak si\u0119 sta\u0142o, skontaktuj si\u0119 z naszym zespo\u0142em <a href=\"https:\/\/www.etoro.com\/pl\/customer-service\/\">Obs\u0142ugi Klienta<\/a>.<\/p>\n\n\n\n<h2 class=\"wp-block-heading\">Co mo\u017cesz zrobi\u0107:<\/h2>\n\n\n\n<h3 class=\"wp-block-heading\">B\u0105d\u017a konstruktywny<\/h3>\n\n\n\n<p>Jest tu wielu trader\u00f3w z r\u00f3\u017cnych grup wiekowych, kultur, styl\u00f3w \u017cycia i o r\u00f3\u017cnych pogl\u0105dach, ale wszystkich nas \u0142\u0105czy wsp\u00f3lne zainteresowanie handlem na rynkach. Prosimy o uprzejmo\u015b\u0107 i szacunek dla pomys\u0142\u00f3w, komentarzy i dzia\u0142a\u0144 handlowych innych os\u00f3b \u2013 nawet je\u015bli nie pokrywaj\u0105 si\u0119 one z twoj\u0105 opini\u0105. Zach\u0119camy do dzielenia si\u0119 swoimi przemy\u015bleniami i opiniami, ale prosimy, by by\u0142y one pe\u0142ne szacunku i nie n\u0119ka\u0142y nikogo.<\/p>\n\n\n\n<h3 class=\"wp-block-heading\">Zach\u0119canie do dyskusji<\/h3>\n\n\n\n<p>Zach\u0119camy do dyskusji i kwestionowania pomys\u0142\u00f3w, strategii i wydarze\u0144 rynkowych w miar\u0119 ich pojawiania si\u0119.<\/p>\n\n\n\n<h3 class=\"wp-block-heading\">B\u0105d\u017a na bie\u017c\u0105co<\/h3>\n\n\n\n<p>Zadawaj pytania, je\u015bli nie jeste\u015b pewien czego\u015b, ale utrzymuj dyskusje na w\u0142a\u015bciwym torze i upewnij si\u0119, \u017ce umieszczasz informacje we w\u0142a\u015bciwym miejscu. Prosimy nie zak\u0142\u00f3ca\u0107 rozm\u00f3w innych os\u00f3b ani nie wykorzystywa\u0107 kana\u0142\u00f3w rynkowych do umieszczania osobistych lub nieistotnych post\u00f3w. Obejmuje to tagowanie kana\u0142\u00f3w rynkowych w swoich historiach handlowych, wykorzystywanie ich do promowania w\u0142asnych wynik\u00f3w (patrz Spamowanie) lub zadawanie og\u00f3lnych pyta\u0144 w dyskusjach na inne tematy.<\/p>\n\n\n\n<h3 class=\"wp-block-heading\">Nie wstyd\u017a si\u0119, je\u015bli dopiero zaczynasz<\/h3>\n\n\n\n<p>Zadawaj pytania i pytaj o wydarzenia, je\u015bli nie masz pewno\u015bci, co one oznaczaj\u0105 lub jaki oczekiwany wynik wszyscy prognozuj\u0105 i dlaczego.<\/p>\n\n\n\n<h3 class=\"wp-block-heading\">Zwi\u0119ksz ekspozycj\u0119 swojego portfolio w spo\u0142eczno\u015bci<\/h3>\n\n\n\n<p>Aby mie\u0107 obserwuj\u0105cych na eToro, skorzystaj z poni\u017cszych wskaz\u00f3wek:<\/p>\n\n\n\n<ul class=\"wp-block-list wp-block-list wp-block-list-circle\">\n<li>Wgraj swoje zdj\u0119cie i uwidocznij swoje imi\u0119 i nazwisko.<\/li>\n\n\n\n<li>eToro zach\u0119ca do odpowiedzialnego handlu. Zaprezentuj si\u0119 jako odpowiedzialny inwestor tym, kt\u00f3rzy odwiedzaj\u0105 Tw\u00f3j profil. Podziel si\u0119 swoimi przemy\u015bleniami i wyja\u015bnieniami dotycz\u0105cymi twojego handlu na swoim kanale informacyjnym. To zbuduje Twoj\u0105 reputacj\u0119 i zapewni wgl\u0105d potencjalnym na\u015bladowcom.<\/li>\n\n\n\n<li>Bierz udzia\u0142 w rozmowach i odpowiadaj na pytania innych.<\/li>\n\n\n\n<li>Udost\u0119pniaj swoje dzia\u0142ania i posty na Facebooku i Twitterze, aby przyci\u0105gn\u0105\u0107 nowe osoby do kopiowania. Sprawd\u017a, kt\u00f3re promocje s\u0105 dost\u0119pne dla wszystkich region\u00f3w i podziel si\u0119 nimi z przyjaci\u00f3\u0142mi.<\/li>\n<\/ul>\n<\/div>\n<\/div>\n<\/div><\/section>\n","protected":false},"excerpt":{"rendered":"<p>Do czego s\u0142u\u017cy eToro? eToro to platforma handlowa online. Jest domem dla milion\u00f3w u\u017cytkownik\u00f3w z ca\u0142ego \u015bwiata, kt\u00f3rzy u\u017cywaj\u0105 jej do zarz\u0105dzania swoimi finansami i przeprowadzania transakcji. Jednak eToro to tak\u017ce sie\u0107 spo\u0142eczno\u015bciowa, na kt\u00f3rej u\u017cytkownicy mog\u0105 wymienia\u0107 si\u0119 my\u015blami, pomys\u0142ami, strategiami i nie tylko. Podobnie jak wiele innych sieci spo\u0142eczno\u015bciowych, eToro jest cz\u0119sto platform\u0105&hellip;<\/p>\n","protected":false},"author":1,"featured_media":813239,"parent":10605,"menu_order":1545,"comment_status":"closed","ping_status":"closed","template":"","meta":{"_acf_changed":false,"inline_featured_image":false,"sticky_cta_settings":"","footnotes":""},"asset_type":[],"class_list":["post-10577","page","type-page","status-publish","has-post-thumbnail","hentry"],"acf":[],"yoast_head":"<title>Wytyczne dotycz\u0105ce inwestowania spo\u0142eczno\u015bciowego | eToro<\/title>\n<meta name=\"description\" content=\"eToro opiera si\u0119 na sieci ponad 6 milion\u00f3w u\u017cytkownik\u00f3w. Celem tych wytycznych jest zapewnienie przyjaznej atmosfery w naszej spo\u0142eczno\u015bci inwestycyjnej.\" \/>\n<meta name=\"robots\" content=\"index, follow, max-snippet:-1, max-image-preview:large, max-video-preview:-1\" \/>\n<link rel=\"canonical\" href=\"https:\/\/www.etoro.com\/pl\/wp-json\/wp\/v2\/pages\/10577\" \/>\n<meta property=\"og:locale\" content=\"pl_PL\" \/>\n<meta property=\"og:type\" content=\"article\" \/>\n<meta property=\"og:title\" content=\"Wytyczne dotycz\u0105ce inwestowania spo\u0142eczno\u015bciowego | eToro\" \/>\n<meta property=\"og:description\" content=\"eToro opiera si\u0119 na sieci ponad 6 milion\u00f3w u\u017cytkownik\u00f3w. Celem tych wytycznych jest zapewnienie przyjaznej atmosfery w naszej spo\u0142eczno\u015bci inwestycyjnej.\" \/>\n<meta property=\"og:url\" content=\"https:\/\/www.etoro.com\/pl\/wp-json\/wp\/v2\/pages\/10577\" \/>\n<meta property=\"og:site_name\" content=\"eToro\" \/>\n<meta property=\"article:publisher\" content=\"https:\/\/www.facebook.com\/eToro\/\" \/>\n<meta property=\"article:modified_time\" content=\"2025-07-10T13:01:39+00:00\" \/>\n<meta property=\"og:image\" content=\"https:\/\/www.etoro.com\/wp-content\/uploads\/2023\/12\/eToro-Community-Guidelines_Featured-image-1200x630_PL.png\" \/>\n\t<meta property=\"og:image:width\" content=\"1200\" \/>\n\t<meta property=\"og:image:height\" content=\"630\" \/>\n\t<meta property=\"og:image:type\" content=\"image\/png\" \/>\n<meta name=\"twitter:card\" content=\"summary_large_image\" \/>\n<meta name=\"twitter:site\" content=\"@eToro\" \/>\n<meta name=\"twitter:label1\" content=\"Est. reading time\" \/>\n\t<meta name=\"twitter:data1\" content=\"5 minutes\" \/>\n<script type=\"application\/ld+json\" class=\"yoast-schema-graph\">{\"@context\":\"https:\/\/schema.org\",\"@graph\":[{\"@type\":\"WebPage\",\"@id\":\"https:\/\/www.etoro.com\/pl\/customer-service\/community-guidelines\/\",\"url\":\"https:\/\/www.etoro.com\/pl\/customer-service\/community-guidelines\/\",\"name\":\"Wytyczne dotycz\u0105ce inwestowania spo\u0142eczno\u015bciowego | eToro\",\"isPartOf\":{\"@id\":\"https:\/\/www.etoro.com\/pl\/#website\"},\"primaryImageOfPage\":{\"@id\":\"https:\/\/www.etoro.com\/pl\/customer-service\/community-guidelines\/#primaryimage\"},\"image\":{\"@id\":\"https:\/\/www.etoro.com\/pl\/customer-service\/community-guidelines\/#primaryimage\"},\"thumbnailUrl\":\"https:\/\/www.etoro.com\/wp-content\/uploads\/2023\/12\/eToro-Community-Guidelines_Featured-image-1200x630_PL.png\",\"datePublished\":\"2017-10-24T05:45:44+00:00\",\"dateModified\":\"2025-07-10T13:01:39+00:00\",\"description\":\"eToro opiera si\u0119 na sieci ponad 6 milion\u00f3w u\u017cytkownik\u00f3w. Celem tych wytycznych jest zapewnienie przyjaznej atmosfery w naszej spo\u0142eczno\u015bci inwestycyjnej.\",\"breadcrumb\":{\"@id\":\"https:\/\/www.etoro.com\/pl\/customer-service\/community-guidelines\/#breadcrumb\"},\"inLanguage\":\"pl\",\"potentialAction\":[{\"@type\":\"ReadAction\",\"target\":[\"https:\/\/www.etoro.com\/pl\/customer-service\/community-guidelines\/\"]}]},{\"@type\":\"ImageObject\",\"inLanguage\":\"pl\",\"@id\":\"https:\/\/www.etoro.com\/pl\/customer-service\/community-guidelines\/#primaryimage\",\"url\":\"https:\/\/www.etoro.com\/wp-content\/uploads\/2023\/12\/eToro-Community-Guidelines_Featured-image-1200x630_PL.png\",\"contentUrl\":\"https:\/\/www.etoro.com\/wp-content\/uploads\/2023\/12\/eToro-Community-Guidelines_Featured-image-1200x630_PL.png\",\"width\":1200,\"height\":630,\"caption\":\"eToro Community Guidelines\"},{\"@type\":\"BreadcrumbList\",\"@id\":\"https:\/\/www.etoro.com\/pl\/customer-service\/community-guidelines\/#breadcrumb\",\"itemListElement\":[{\"@type\":\"ListItem\",\"position\":1,\"name\":\"Strona g\u0142\u00f3wna\",\"item\":\"https:\/\/www.etoro.com\/pl\/\"},{\"@type\":\"ListItem\",\"position\":2,\"name\":\"OBS\u0141UGI KLIENTA\",\"item\":\"https:\/\/www.etoro.com\/pl\/customer-service\/\"},{\"@type\":\"ListItem\",\"position\":3,\"name\":\"WYTYCZNE DLA SPO\u0141ECZNO\u015aCI\"}]},{\"@type\":\"WebSite\",\"@id\":\"https:\/\/www.etoro.com\/pl\/#website\",\"url\":\"https:\/\/www.etoro.com\/pl\/\",\"name\":\"eToro\",\"description\":\"\",\"publisher\":{\"@id\":\"https:\/\/www.etoro.com\/pl\/#organization\"},\"potentialAction\":[{\"@type\":\"SearchAction\",\"target\":{\"@type\":\"EntryPoint\",\"urlTemplate\":\"https:\/\/www.etoro.com\/pl\/?s={search_term_string}\"},\"query-input\":{\"@type\":\"PropertyValueSpecification\",\"valueRequired\":true,\"valueName\":\"search_term_string\"}}],\"inLanguage\":\"pl\"},[]]}<\/script>","yoast_head_json":{"title":"Wytyczne dotycz\u0105ce inwestowania spo\u0142eczno\u015bciowego | eToro","description":"eToro opiera si\u0119 na sieci ponad 6 milion\u00f3w u\u017cytkownik\u00f3w. Celem tych wytycznych jest zapewnienie przyjaznej atmosfery w naszej spo\u0142eczno\u015bci inwestycyjnej.","robots":{"index":"index","follow":"follow","max-snippet":"max-snippet:-1","max-image-preview":"max-image-preview:large","max-video-preview":"max-video-preview:-1"},"canonical":"https:\/\/www.etoro.com\/pl\/wp-json\/wp\/v2\/pages\/10577","og_locale":"pl_PL","og_type":"article","og_title":"Wytyczne dotycz\u0105ce inwestowania spo\u0142eczno\u015bciowego | eToro","og_description":"eToro opiera si\u0119 na sieci ponad 6 milion\u00f3w u\u017cytkownik\u00f3w. Celem tych wytycznych jest zapewnienie przyjaznej atmosfery w naszej spo\u0142eczno\u015bci inwestycyjnej.","og_url":"https:\/\/www.etoro.com\/pl\/wp-json\/wp\/v2\/pages\/10577","og_site_name":"eToro","article_publisher":"https:\/\/www.facebook.com\/eToro\/","article_modified_time":"2025-07-10T13:01:39+00:00","og_image":[{"width":1200,"height":630,"url":"https:\/\/www.etoro.com\/wp-content\/uploads\/2023\/12\/eToro-Community-Guidelines_Featured-image-1200x630_PL.png","type":"image\/png"}],"twitter_card":"summary_large_image","twitter_site":"@eToro","twitter_misc":{"Est. reading time":"5 minutes"},"schema":{"@context":"https:\/\/schema.org","@graph":[{"@type":"WebPage","@id":"https:\/\/www.etoro.com\/pl\/customer-service\/community-guidelines\/","url":"https:\/\/www.etoro.com\/pl\/customer-service\/community-guidelines\/","name":"Wytyczne dotycz\u0105ce inwestowania spo\u0142eczno\u015bciowego | eToro","isPartOf":{"@id":"https:\/\/www.etoro.com\/pl\/#website"},"primaryImageOfPage":{"@id":"https:\/\/www.etoro.com\/pl\/customer-service\/community-guidelines\/#primaryimage"},"image":{"@id":"https:\/\/www.etoro.com\/pl\/customer-service\/community-guidelines\/#primaryimage"},"thumbnailUrl":"https:\/\/www.etoro.com\/wp-content\/uploads\/2023\/12\/eToro-Community-Guidelines_Featured-image-1200x630_PL.png","datePublished":"2017-10-24T05:45:44+00:00","dateModified":"2025-07-10T13:01:39+00:00","description":"eToro opiera si\u0119 na sieci ponad 6 milion\u00f3w u\u017cytkownik\u00f3w. Celem tych wytycznych jest zapewnienie przyjaznej atmosfery w naszej spo\u0142eczno\u015bci inwestycyjnej.","breadcrumb":{"@id":"https:\/\/www.etoro.com\/pl\/customer-service\/community-guidelines\/#breadcrumb"},"inLanguage":"pl","potentialAction":[{"@type":"ReadAction","target":["https:\/\/www.etoro.com\/pl\/customer-service\/community-guidelines\/"]}]},{"@type":"ImageObject","inLanguage":"pl","@id":"https:\/\/www.etoro.com\/pl\/customer-service\/community-guidelines\/#primaryimage","url":"https:\/\/www.etoro.com\/wp-content\/uploads\/2023\/12\/eToro-Community-Guidelines_Featured-image-1200x630_PL.png","contentUrl":"https:\/\/www.etoro.com\/wp-content\/uploads\/2023\/12\/eToro-Community-Guidelines_Featured-image-1200x630_PL.png","width":1200,"height":630,"caption":"eToro Community Guidelines"},{"@type":"BreadcrumbList","@id":"https:\/\/www.etoro.com\/pl\/customer-service\/community-guidelines\/#breadcrumb","itemListElement":[{"@type":"ListItem","position":1,"name":"Strona g\u0142\u00f3wna","item":"https:\/\/www.etoro.com\/pl\/"},{"@type":"ListItem","position":2,"name":"OBS\u0141UGI KLIENTA","item":"https:\/\/www.etoro.com\/pl\/customer-service\/"},{"@type":"ListItem","position":3,"name":"WYTYCZNE DLA SPO\u0141ECZNO\u015aCI"}]},{"@type":"WebSite","@id":"https:\/\/www.etoro.com\/pl\/#website","url":"https:\/\/www.etoro.com\/pl\/","name":"eToro","description":"","publisher":{"@id":"https:\/\/www.etoro.com\/pl\/#organization"},"potentialAction":[{"@type":"SearchAction","target":{"@type":"EntryPoint","urlTemplate":"https:\/\/www.etoro.com\/pl\/?s={search_term_string}"},"query-input":{"@type":"PropertyValueSpecification","valueRequired":true,"valueName":"search_term_string"}}],"inLanguage":"pl"},[]]}},"_links":{"self":[{"href":"https:\/\/www.etoro.com\/pl\/wp-json\/wp\/v2\/pages\/10577"}],"collection":[{"href":"https:\/\/www.etoro.com\/pl\/wp-json\/wp\/v2\/pages"}],"about":[{"href":"https:\/\/www.etoro.com\/pl\/wp-json\/wp\/v2\/types\/page"}],"author":[{"embeddable":true,"href":"https:\/\/www.etoro.com\/pl\/wp-json\/wp\/v2\/users\/1"}],"replies":[{"embeddable":true,"href":"https:\/\/www.etoro.com\/pl\/wp-json\/wp\/v2\/comments?post=10577"}],"version-history":[{"count":0,"href":"https:\/\/www.etoro.com\/pl\/wp-json\/wp\/v2\/pages\/10577\/revisions"}],"up":[{"embeddable":true,"href":"https:\/\/www.etoro.com\/pl\/wp-json\/wp\/v2\/pages\/10605"}],"wp:featuredmedia":[{"embeddable":true,"href":"https:\/\/www.etoro.com\/pl\/wp-json\/wp\/v2\/media\/813239"}],"wp:attachment":[{"href":"https:\/\/www.etoro.com\/pl\/wp-json\/wp\/v2\/media?parent=10577"}],"wp:term":[{"taxonomy":"asset_type","embeddable":true,"href":"https:\/\/www.etoro.com\/pl\/wp-json\/wp\/v2\/asset_type?post=10577"}],"curies":[{"name":"wp","href":"https:\/\/api.w.org\/{rel}","templated":true}]}}