{"id":10597,"date":"2017-10-02T16:44:09","date_gmt":"2017-10-02T13:44:09","guid":{"rendered":"\/etoro\/copy-mirror\/"},"modified":"2021-10-04T11:22:28","modified_gmt":"2021-10-04T08:22:28","slug":"copy-vs-mirror","status":"publish","type":"page","link":"https:\/\/www.etoro.com\/pl\/copytrader\/copy-vs-mirror\/","title":{"rendered":"Copy Trading rewolucjonizuje koncepcj\u0119 mirror tradingu"},"content":{"rendered":"<p>Chcesz rozpocz\u0105\u0107 inwestowanie online. Wiesz ju\u017c o kilku platformach oferuj\u0105cych tzw. mirror trading. Ale czy wiesz, co mo\u017ce zaoferowa\u0107 Ci Copy Trading \u2013 jedna z najprostszych metod inwestowania online? Czy masz ochot\u0119 j\u0105 wypr\u00f3bowa\u0107?<\/p>\n<p>Na tej stronie przedstawimy r\u00f3\u017cnice pomi\u0119dzy dwiema koncepcjami: mirror tradingiem i oferowanym przez eToro Copy Tradingiem.<\/p>\n<h2>Czym jest mirror trading?<\/h2>\n<p>Mirror trading wykorzystywany jest na rynku walutowym od pocz\u0105tk\u00f3w XXI wieku. Ta opieraj\u0105ca si\u0119 zasadniczo na kopiowaniu inwestycji innych inwestor\u00f3w koncepcja zdobywa stale rosn\u0105c\u0105 popularno\u015b\u0107 w\u015br\u00f3d ma\u0142ych firm dzia\u0142aj\u0105cym na rynku inwestycji walutowych. Co mog\u0142oby by\u0107 prostsze od powierzenia pieni\u0119dzy najlepszym inwestorom na \u015bwiecie w ramach ca\u0142kowicie zautomatyzowanego procesu inwestycyjnego? Nie s\u0105 wymagane \u017cadne interwencje klienta, poniewa\u017c platforma kontroluje wszelk\u0105 aktywno\u015b\u0107 na rachunku. Wszystko, co trzeba zrobi\u0107, to zalogowa\u0107 si\u0119 raz w tygodniu i sprawdzi\u0107 saldo rachunku.<\/p>\n<p>Niekt\u00f3re z platform oferuj\u0105cych mirror trading mog\u0105 to robi\u0107 dzi\u0119ki temu, \u017ce gromadz\u0105 do\u015bwiadczonych inwestor\u00f3w z r\u00f3\u017cnych cz\u0119\u015bci \u015bwiata. Otrzymuj\u0105 oni bezp\u0142atne rachunki inwestycyjne, dzi\u0119ki czemu platformy te w przypadku audyt\u00f3w lub test\u00f3w s\u0105 w stanie chwali\u0107 si\u0119 imponuj\u0105cymi historiami inwestycyjnymi. Firmy takie nieustannie publikuj\u0105 te\u017c rekordowe wyniki tych inwestor\u00f3w i regularnie aktualizuj\u0105 je na swoich witrynach internetowych.<\/p>\n<p>Przedsi\u0119biorstwa te posiadaj\u0105 tak\u017ce wbudowane w proponowane aplikacje umowy z kilkoma domami maklerskimi. W ramach takich porozumie\u0144 wiele rachunk\u00f3w maklerskich konsolidowanych jest w jeden \u201erachunek g\u0142\u00f3wny\u201d kontrolowany przez dostawc\u0119 platformy. Rachunki indywidualne prowadzone s\u0105 przez domy maklerskie, a \u201erachunek g\u0142\u00f3wny\u201d przez firm\u0119 oferuj\u0105c\u0105 platform\u0119. Firma ta przydziela taki rachunek g\u0142\u00f3wny najlepszym inwestorom, a pozostali u\u017cytkownicy mog\u0105 go kopiowa\u0107 w ramach mirror tradingu, \u0142\u0105cz\u0105c z nim swoje konta.<\/p>\n<p>Gdy klient wybierze inwestora prowadz\u0105cego rachunek, jest informowany o potrzebie otwarcia rachunku w rekomendowanym dla danego rachunku g\u0142\u00f3wnego domu maklerskim. Po otwarciu takiego rachunku jest on automatycznie konfigurowany pod k\u0105tem rachunku g\u0142\u00f3wnego wybranego inwestora. Od tego momentu wszystkie dzia\u0142ania podejmowane przez takiego wybranego inwestora na jego w\u0142asnym rachunku s\u0105 automatycznie kopiowane na rachunku klienta. Klient ma swobod\u0119 okre\u015blania w\u0142asnych parametr\u00f3w z zakresu zarz\u0105dzania ryzykiem, dzi\u0119ki czemu okazjonalne agresywne zagrania lub pora\u017cki inwestycyjne nie zawsze s\u0105 odzwierciedlane na jego rachunku.<\/p>\n<p>W tym kontek\u015bcie warto przyjrze\u0107 si\u0119, w jaki spos\u00f3b firma eToro zrewolucjonizowa\u0142a koncepcj\u0119 mirror tradingu, nadaj\u0105c jej wi\u0119cej cech spo\u0142eczno\u015bciowych, a tym samym znacznie upraszczaj\u0105c.<\/p>\n<h2>Czym jest Copy Trading?<\/h2>\n<p>Firma eToro zosta\u0142a pionierem koncepcji zwanej Copy Trading, umo\u017cliwiaj\u0105cej klientom automatyczne kopiowanie wybranych inwestor\u00f3w poprzez replikowanie podejmowanych przez nich dzia\u0142a\u0144 inwestycyjnych. Najpro\u015bciej rzecz ujmuj\u0105c, polega to na inwestowaniu na rynkach finansowych poprzez powierzanie innym inwestorom z ca\u0142ego \u015bwiata podejmowania decyzji inwestycyjnych.<\/p>\n<p>Sp\u00f3jrzmy teraz, w jaki spos\u00f3b funkcje spo\u0142eczno\u015bciowe platformy eToro zrewolucjonizowa\u0142y inwestowanie online. Za po\u015brednictwem kana\u0142u informacyjnego <a href=\"https:\/\/www.etoro.com\/pl\/trading\/platforms\/\" target=\"_blank\" rel=\"noopener noreferrer\">platformy inwestycyjnej<\/a> eToro mo\u017cna korzysta\u0107 z podstawowych komponent\u00f3w sk\u0142adaj\u0105cych si\u0119 na inwestowanie spo\u0142eczno\u015bciowe, w tym zapoznawa\u0107 si\u0119 z publikowanymi w czasie rzeczywistym decyzjami innych inwestor\u00f3w, \u015bledzi\u0107 najskuteczniejszych u\u017cytkownik\u00f3w oraz kopiowa\u0107 wybranych inwestor\u00f3w.<\/p>\n<p>Po zalogowaniu si\u0119 do eToro mo\u017cna natychmiast zauwa\u017cy\u0107, \u017ce platforma ta wygl\u0105da zupe\u0142nie inaczej ni\u017c pozosta\u0142e dost\u0119pne dzi\u015b na rynku witryny inwestycyjne. Z\u0142o\u017cone wykresy prezentowane s\u0105 w spos\u00f3b przyjazny dla u\u017cytkownika, a niekt\u00f3re cz\u0119\u015bci platformy przypominaj\u0105 raczej serwis spo\u0142eczno\u015bciowy ni\u017c typowy portal inwestycyjny. Tylko na eToro mo\u017cna \u015bledzi\u0107 innych inwestor\u00f3w i zapoznawa\u0107 si\u0119 z ich ostatnimi dzia\u0142aniami za po\u015brednictwem \u201elisty obserwowanych\u201d \u2014 aktualizowanego na bie\u017c\u0105co kana\u0142u obejmuj\u0105cego obserwowanych inwestor\u00f3w i wybrane instrumenty.<\/p>\n<p>Kolejnym pomocnym rozwi\u0105zaniem jest Copy Trading (oparty na opatentowanej przez eToro technologii CopyTrader\u2122). Narz\u0119dzie to umo\u017cliwia automatyczne kopiowanie odnosz\u0105cych sukcesy inwestor\u00f3w poprzez otwieranie takich samych pozycji, jak oni. W rezultacie mo\u017cliwe jest budowanie w\u0142asnego portfela opartego na ludziach. Funkcja ta jest wspania\u0142ym rozwi\u0105zaniem dla os\u00f3b pragn\u0105cych zarabia\u0107 na inwestowaniu online, ale niedysponuj\u0105cych czasem na zajmowanie si\u0119 inwestycjami b\u0105d\u017a zdobywanie wiedzy finansowej. Wystarczy zacz\u0105\u0107 kopiowa\u0107 ulubionych inwestor\u00f3w, by korzysta\u0107 z ich wiedzy i do\u015bwiadczenia.<\/p>\n<h2>Copy Trading \u2014 jak zacz\u0105\u0107?<\/h2>\n<p>Przede wszystkim polecamy zapoznanie si\u0119 z profilami uczestnik\u00f3w programu Popular Investor na stronie Editor\u2019s Choice. Wymienieni tam inwestorzy mog\u0105 pochwali\u0107 si\u0119 osi\u0105gni\u0119ciem w ostatnich miesi\u0105cach ponadprzeci\u0119tnych wynik\u00f3w przy niskim wsp\u00f3\u0142czynniku ryzyka. W celu znalezienia wartych kopiowania inwestor\u00f3w mo\u017cna r\u00f3wnie\u017c pos\u0142u\u017cy\u0107 si\u0119 funkcj\u0105 wyszukiwania ludzi.<\/p>\n<p>Wyniki wyszukiwania mo\u017cna filtrowa\u0107 wed\u0142ug poziomu zysku, wsp\u00f3\u0142czynnika ryzyka, kraju pochodzenia oraz innych czynnik\u00f3w. U\u017cytkownicy, kt\u00f3rzy znajd\u0105 godnych uwagi inwestor\u00f3w, mog\u0105 klikn\u0105\u0107 ich profil, aby natychmiast wy\u015bwietli\u0107 ich u\u0142atwiaj\u0105ce podj\u0119cie decyzji o kopiowaniu najnowsze statystki, biogramy, informacje o strategii inwestycyjnej oraz wiele innych pomocnych parametr\u00f3w. W przypadku podj\u0119cia decyzji o kopiowaniu inwestora wystarczy klikn\u0105\u0107 opcj\u0119 \u201eKopiuj\u201d i okre\u015bli\u0107 kwot\u0119, jaka ma zosta\u0107 przeznaczona na replikowanie jego inwestycji. Wszystkie inwestycje kopiowane s\u0105 na zasadzie proporcjonalno\u015bci, co oznacza, \u017ce w przypadku przeznaczenia 1000 dolar\u00f3w na kopiowanie inwestora z rachunkiem o warto\u015bci 10\u00a0000 dolar\u00f3w otwarcie przez niego pozycji o warto\u015bci 1000 dolar\u00f3w b\u0119dzie skutkowa\u0107 skopiowaniem jej poprzez otwarcie pozycji o warto\u015bci 100 dolar\u00f3w. Dzi\u0119ki temu mo\u017cna kopiowa\u0107 nie tylko kierunek pozycji, lecz r\u00f3wnie\u017c zastosowan\u0105 przez inwestora strategi\u0119 inwestycyjn\u0105. Nale\u017cy jednak pami\u0119ta\u0107, \u017ce jedn\u0105 z najwa\u017cniejszych zasad inwestowania jest rozs\u0105dna dywersyfikacja inwestycji poprzez dob\u00f3r zr\u00f3\u017cnicowanych instrument\u00f3w. W modelu Copy Trading dywersyfikacja inwestycji klienta jest automatycznie uwzgl\u0119dniana, o ile kieruj\u0105 si\u0119 ni\u0105 r\u00f3wnie\u017c kopiowani inwestorzy. W\u00a0ramach naszej polityki <a href=\"https:\/\/www.etoro.com\/pl\/customer-service\/responsible-trading\/\">\u201eOdpowiedzialne inwestowanie\u201d<\/a> zach\u0119camy naszych klient\u00f3w do zarz\u0105dzania ekspozycj\u0105 na ryzyko.<\/p>\n<p>Wieloletnie do\u015bwiadczenie pokazuje, \u017ce modele CopyTrader i Copy Trading zrewolucjonizowa\u0142y podej\u015bcie do inwestycji kr\u00f3tko- i d\u0142ugoterminowych. Osoby nieposiadaj\u0105ce jeszcze rachunku eToro zach\u0119camy do wypr\u00f3bowania Copy Tradingu w oparciu o wirtualny rachunek inwestycyjny o warto\u015bci 100\u00a0000 dolar\u00f3w.<\/p>\n","protected":false},"excerpt":{"rendered":"<p>Chcesz rozpocz\u0105\u0107 inwestowanie online. Wiesz ju\u017c o kilku platformach oferuj\u0105cych tzw. mirror trading. Ale czy wiesz, co mo\u017ce zaoferowa\u0107 Ci Copy Trading \u2013 jedna z najprostszych metod inwestowania online? Czy masz ochot\u0119 j\u0105 wypr\u00f3bowa\u0107? Na tej stronie przedstawimy r\u00f3\u017cnice pomi\u0119dzy dwiema koncepcjami: mirror tradingiem i oferowanym przez eToro Copy Tradingiem. Czym jest mirror trading? Mirror&hellip;<\/p>\n","protected":false},"author":1,"featured_media":0,"parent":34707,"menu_order":1624,"comment_status":"closed","ping_status":"closed","template":"","meta":{"_acf_changed":false,"inline_featured_image":false,"sticky_cta_settings":"","footnotes":""},"asset_type":[],"class_list":["post-10597","page","type-page","status-publish","hentry"],"acf":[],"yoast_head":"<title>eToro wymy\u015bla mirror trading na nowo w modelu CopyTrading<\/title>\n<meta name=\"description\" content=\"CopyTrading stanowi udoskonalenie koncepcji mirror tradingu i umo\u017cliwia kopiowanie niemal wszystkich u\u017cytkownik\u00f3w platformy.\" \/>\n<meta name=\"robots\" content=\"index, follow, max-snippet:-1, max-image-preview:large, max-video-preview:-1\" \/>\n<link rel=\"canonical\" href=\"https:\/\/www.etoro.com\/pl\/wp-json\/wp\/v2\/pages\/10597\" \/>\n<meta property=\"og:locale\" content=\"pl_PL\" \/>\n<meta property=\"og:type\" content=\"article\" \/>\n<meta property=\"og:title\" content=\"eToro wymy\u015bla mirror trading na nowo w modelu CopyTrading\" \/>\n<meta property=\"og:description\" content=\"CopyTrading stanowi udoskonalenie koncepcji mirror tradingu i umo\u017cliwia kopiowanie niemal wszystkich u\u017cytkownik\u00f3w platformy.\" \/>\n<meta property=\"og:url\" content=\"https:\/\/www.etoro.com\/pl\/wp-json\/wp\/v2\/pages\/10597\" \/>\n<meta property=\"og:site_name\" content=\"eToro\" \/>\n<meta property=\"article:publisher\" content=\"https:\/\/www.facebook.com\/eToro\/\" \/>\n<meta property=\"article:modified_time\" content=\"2021-10-04T08:22:28+00:00\" \/>\n<meta property=\"og:image\" content=\"https:\/\/www.etoro.com\/wp-content\/uploads\/2019\/12\/etoro_logo_social_share1.png\" \/>\n\t<meta property=\"og:image:width\" content=\"240\" \/>\n\t<meta property=\"og:image:height\" content=\"240\" \/>\n\t<meta property=\"og:image:type\" content=\"image\/png\" \/>\n<meta name=\"twitter:card\" content=\"summary_large_image\" \/>\n<meta name=\"twitter:site\" content=\"@eToro\" \/>\n<meta name=\"twitter:label1\" content=\"Est. reading time\" \/>\n\t<meta name=\"twitter:data1\" content=\"5 minutes\" \/>\n<script type=\"application\/ld+json\" class=\"yoast-schema-graph\">{\"@context\":\"https:\/\/schema.org\",\"@graph\":[{\"@type\":\"WebPage\",\"@id\":\"https:\/\/www.etoro.com\/pl\/copytrader\/copy-vs-mirror\/\",\"url\":\"https:\/\/www.etoro.com\/pl\/copytrader\/copy-vs-mirror\/\",\"name\":\"eToro wymy\u015bla mirror trading na nowo w modelu CopyTrading\",\"isPartOf\":{\"@id\":\"https:\/\/www.etoro.com\/pl\/#website\"},\"datePublished\":\"2017-10-02T13:44:09+00:00\",\"dateModified\":\"2021-10-04T08:22:28+00:00\",\"description\":\"CopyTrading stanowi udoskonalenie koncepcji mirror tradingu i umo\u017cliwia kopiowanie niemal wszystkich u\u017cytkownik\u00f3w platformy.\",\"breadcrumb\":{\"@id\":\"https:\/\/www.etoro.com\/pl\/copytrader\/copy-vs-mirror\/#breadcrumb\"},\"inLanguage\":\"pl\",\"potentialAction\":[{\"@type\":\"ReadAction\",\"target\":[\"https:\/\/www.etoro.com\/pl\/copytrader\/copy-vs-mirror\/\"]}]},{\"@type\":\"BreadcrumbList\",\"@id\":\"https:\/\/www.etoro.com\/pl\/copytrader\/copy-vs-mirror\/#breadcrumb\",\"itemListElement\":[{\"@type\":\"ListItem\",\"position\":1,\"name\":\"Strona g\u0142\u00f3wna\",\"item\":\"https:\/\/www.etoro.com\/pl\/\"},{\"@type\":\"ListItem\",\"position\":2,\"name\":\"CopyTrader\",\"item\":\"https:\/\/www.etoro.com\/pl\/copytrader\/\"},{\"@type\":\"ListItem\",\"position\":3,\"name\":\"COPY TRADING A MIRROR TRADING\"}]},{\"@type\":\"WebSite\",\"@id\":\"https:\/\/www.etoro.com\/pl\/#website\",\"url\":\"https:\/\/www.etoro.com\/pl\/\",\"name\":\"eToro\",\"description\":\"\",\"publisher\":{\"@id\":\"https:\/\/www.etoro.com\/pl\/#organization\"},\"potentialAction\":[{\"@type\":\"SearchAction\",\"target\":{\"@type\":\"EntryPoint\",\"urlTemplate\":\"https:\/\/www.etoro.com\/pl\/?s={search_term_string}\"},\"query-input\":{\"@type\":\"PropertyValueSpecification\",\"valueRequired\":true,\"valueName\":\"search_term_string\"}}],\"inLanguage\":\"pl\"},[]]}<\/script>","yoast_head_json":{"title":"eToro wymy\u015bla mirror trading na nowo w modelu CopyTrading","description":"CopyTrading stanowi udoskonalenie koncepcji mirror tradingu i umo\u017cliwia kopiowanie niemal wszystkich u\u017cytkownik\u00f3w platformy.","robots":{"index":"index","follow":"follow","max-snippet":"max-snippet:-1","max-image-preview":"max-image-preview:large","max-video-preview":"max-video-preview:-1"},"canonical":"https:\/\/www.etoro.com\/pl\/wp-json\/wp\/v2\/pages\/10597","og_locale":"pl_PL","og_type":"article","og_title":"eToro wymy\u015bla mirror trading na nowo w modelu CopyTrading","og_description":"CopyTrading stanowi udoskonalenie koncepcji mirror tradingu i umo\u017cliwia kopiowanie niemal wszystkich u\u017cytkownik\u00f3w platformy.","og_url":"https:\/\/www.etoro.com\/pl\/wp-json\/wp\/v2\/pages\/10597","og_site_name":"eToro","article_publisher":"https:\/\/www.facebook.com\/eToro\/","article_modified_time":"2021-10-04T08:22:28+00:00","og_image":[{"width":240,"height":240,"url":"https:\/\/www.etoro.com\/wp-content\/uploads\/2019\/12\/etoro_logo_social_share1.png","type":"image\/png"}],"twitter_card":"summary_large_image","twitter_site":"@eToro","twitter_misc":{"Est. reading time":"5 minutes"},"schema":{"@context":"https:\/\/schema.org","@graph":[{"@type":"WebPage","@id":"https:\/\/www.etoro.com\/pl\/copytrader\/copy-vs-mirror\/","url":"https:\/\/www.etoro.com\/pl\/copytrader\/copy-vs-mirror\/","name":"eToro wymy\u015bla mirror trading na nowo w modelu CopyTrading","isPartOf":{"@id":"https:\/\/www.etoro.com\/pl\/#website"},"datePublished":"2017-10-02T13:44:09+00:00","dateModified":"2021-10-04T08:22:28+00:00","description":"CopyTrading stanowi udoskonalenie koncepcji mirror tradingu i umo\u017cliwia kopiowanie niemal wszystkich u\u017cytkownik\u00f3w platformy.","breadcrumb":{"@id":"https:\/\/www.etoro.com\/pl\/copytrader\/copy-vs-mirror\/#breadcrumb"},"inLanguage":"pl","potentialAction":[{"@type":"ReadAction","target":["https:\/\/www.etoro.com\/pl\/copytrader\/copy-vs-mirror\/"]}]},{"@type":"BreadcrumbList","@id":"https:\/\/www.etoro.com\/pl\/copytrader\/copy-vs-mirror\/#breadcrumb","itemListElement":[{"@type":"ListItem","position":1,"name":"Strona g\u0142\u00f3wna","item":"https:\/\/www.etoro.com\/pl\/"},{"@type":"ListItem","position":2,"name":"CopyTrader","item":"https:\/\/www.etoro.com\/pl\/copytrader\/"},{"@type":"ListItem","position":3,"name":"COPY TRADING A MIRROR TRADING"}]},{"@type":"WebSite","@id":"https:\/\/www.etoro.com\/pl\/#website","url":"https:\/\/www.etoro.com\/pl\/","name":"eToro","description":"","publisher":{"@id":"https:\/\/www.etoro.com\/pl\/#organization"},"potentialAction":[{"@type":"SearchAction","target":{"@type":"EntryPoint","urlTemplate":"https:\/\/www.etoro.com\/pl\/?s={search_term_string}"},"query-input":{"@type":"PropertyValueSpecification","valueRequired":true,"valueName":"search_term_string"}}],"inLanguage":"pl"},[]]}},"_links":{"self":[{"href":"https:\/\/www.etoro.com\/pl\/wp-json\/wp\/v2\/pages\/10597"}],"collection":[{"href":"https:\/\/www.etoro.com\/pl\/wp-json\/wp\/v2\/pages"}],"about":[{"href":"https:\/\/www.etoro.com\/pl\/wp-json\/wp\/v2\/types\/page"}],"author":[{"embeddable":true,"href":"https:\/\/www.etoro.com\/pl\/wp-json\/wp\/v2\/users\/1"}],"replies":[{"embeddable":true,"href":"https:\/\/www.etoro.com\/pl\/wp-json\/wp\/v2\/comments?post=10597"}],"version-history":[{"count":0,"href":"https:\/\/www.etoro.com\/pl\/wp-json\/wp\/v2\/pages\/10597\/revisions"}],"up":[{"embeddable":true,"href":"https:\/\/www.etoro.com\/pl\/wp-json\/wp\/v2\/pages\/34707"}],"wp:attachment":[{"href":"https:\/\/www.etoro.com\/pl\/wp-json\/wp\/v2\/media?parent=10597"}],"wp:term":[{"taxonomy":"asset_type","embeddable":true,"href":"https:\/\/www.etoro.com\/pl\/wp-json\/wp\/v2\/asset_type?post=10597"}],"curies":[{"name":"wp","href":"https:\/\/api.w.org\/{rel}","templated":true}]}}