{"id":10624,"date":"2017-11-14T09:35:22","date_gmt":"2017-11-14T07:35:22","guid":{"rendered":"\/etoro\/how-it-works\/"},"modified":"2025-12-01T15:38:28","modified_gmt":"2025-12-01T13:38:28","slug":"how-it-works","status":"publish","type":"page","link":"https:\/\/www.etoro.com\/pl\/copytrader\/how-it-works\/","title":{"rendered":"O co chodzi w systemach kopiowania eToro?"},"content":{"rendered":"\n<section class=\"wp-block-group wp-block-group-boxed has-white-background-color has-background\"><div class=\"wp-block-group-inner is-layout-flow wp-block-group-is-layout-flow\">\n<div class=\"wp-block-columns are-vertically-aligned-top wp-block-columns-1 is-layout-flex wp-container-core-columns-is-layout-2 wp-block-columns-is-layout-flex\">\n<div class=\"wp-block-column is-layout-flow wp-block-column-is-layout-flow\">\n<p>Platforma eToro wyr\u00f3\u017cnia si\u0119 funkcjami handlu spo\u0142eczno\u015bciowego, oferuj\u0105c nowe, inspiruj\u0105ce sposoby inwestowania dzi\u0119ki nauce od innych. Sprawd\u017a, jak <strong>CopyTrader\u2122<\/strong> mo\u017ce pom\u00f3c Ci odkrywa\u0107 nowe strategie i rozwija\u0107 potencja\u0142 inwestycyjny.<\/p>\n\n\n\n<h2 class=\"wp-block-heading\">Podstawy Copy Trading<\/h2>\n\n\n\n<p>Koncepcja jest prosta: wybierz inwestora, kwot\u0119 inwestycji i naci\u015bnij \u201eKopiuj\u201d. Ta strona wyja\u015bni jednak ca\u0142y system bardziej szczeg\u00f3\u0142owo.&nbsp;<\/p>\n\n\n\n<p><strong>Kluczowe poj\u0119cia:<\/strong><\/p>\n\n\n\n<ul class=\"wp-block-list wp-block-list wp-block-list-circle\">\n<li><strong>Kopiowanie<\/strong>: dzia\u0142anie polegaj\u0105ce na powielaniu ruch\u00f3w innego inwestora na eToro<\/li>\n\n\n\n<li><strong>Kopiuj\u0105cy<\/strong>: u\u017cytkownik, kt\u00f3ry kopiuje innych<\/li>\n\n\n\n<li><strong>Trader kopiowany<\/strong>: u\u017cytkownik, kt\u00f3rego ruchy s\u0105 kopiowane, czyli cz\u0142onek programu Popular Investor.<strong>Kopiowa\u0107 mo\u017cna wy\u0142\u0105cznie cz\u0142onk\u00f3w programu Popular Investor.<\/strong><\/li>\n<\/ul>\n\n\n\n<div class=\"wp-block-columns are-vertically-aligned-top wp-block-columns-4 is-layout-flex wp-container-core-columns-is-layout-1 wp-block-columns-is-layout-flex\">\n<div class=\"wp-block-column wp-block-column-align-desktop-center wp-block-column-align-mobile-center is-layout-flow wp-block-column-is-layout-flow\">\n<p><strong>200 USD<\/strong><\/p>\n\n\n\n<p>Minimalna kwota inwestycji na jednego tradera<\/p>\n<\/div>\n\n\n\n<div class=\"wp-block-column wp-block-column-align-desktop-center wp-block-column-align-mobile-center is-layout-flow wp-block-column-is-layout-flow\">\n<p><strong>1 USD<\/strong><\/p>\n\n\n\n<p>Minimalna kwota na pojedyncz\u0105 pozycj\u0119 kopiowania<\/p>\n<\/div>\n\n\n\n<div class=\"wp-block-column wp-block-column-align-desktop-center wp-block-column-align-mobile-center is-layout-flow wp-block-column-is-layout-flow\">\n<p><strong>2 000 000 USD<\/strong><\/p>\n\n\n\n<p>Maksymalna kwota inwestycji na jednego tradera<\/p>\n<\/div>\n\n\n\n<div class=\"wp-block-column wp-block-column-align-desktop-center wp-block-column-align-mobile-center is-layout-flow wp-block-column-is-layout-flow\">\n<p><strong>100<\/strong><\/p>\n\n\n\n<p>Maksymalna liczba trader\u00f3w, kt\u00f3rych mo\u017cesz kopiowa\u0107<\/p>\n<\/div>\n<\/div>\n\n\n\n<h2 class=\"wp-block-heading\">Rozpocznij nowe kopiowanie<\/h2>\n\n\n\n<p>Rozpoczynaj\u0105c nowe kopiowanie, Twoja pozycja zostanie dostosowana do aktualnego sk\u0142adu portfela tradera kopiowanego, dzi\u0119ki czemu oba pozostan\u0105 ze sob\u0105 w pe\u0142ni zsynchronizowane. Kopiowany portfel odzwierciedla dok\u0142adne proporcje ca\u0142kowitego kapita\u0142u inwestora kopiowanego \u2014 obejmuje to posiadane aktywa, niewykorzystan\u0105 got\u00f3wk\u0119 oraz niezrealizowane zyski i straty.<\/p>\n\n\n\n<ul class=\"wp-block-list wp-block-list wp-block-list-circle\">\n<li>Od momentu uruchomienia kopiowania Twoja inwestycja b\u0119dzie odwzorowywa\u0107 bie\u017c\u0105ce pozycje i kolejne dzia\u0142ania tradera kopiowanego \u2013 w tym zmiany Stop Loss (SL), Take Profit (TP) oraz zamykanie transakcji. Je\u015bli trader kopiowany obni\u017cy poziom SL, dok\u0142adaj\u0105c \u015brodki do pozycji, Tw\u00f3j SL r\u00f3wnie\u017c zostanie zaktualizowany, ale zainwestowana kwota pozostanie bez zmian.<\/li>\n\n\n\n<li>Aby zobaczy\u0107 wszystkie transakcje skopiowane od konkretnego tradera, przejd\u017a do portfela i kliknij jego nazw\u0119.\u00a0<\/li>\n\n\n\n<li>Mo\u017cesz zamkn\u0105\u0107 pojedyncz\u0105 skopiowan\u0105 transakcj\u0119 bez zamykania ca\u0142ej pozycji kopiowania.<\/li>\n\n\n\n<li>Je\u015bli trader kopiowany otworzy pozycj\u0119, gdy rynek jest zamkni\u0119ty (na przyk\u0142ad w przerwie), w Twoim imieniu zostanie z\u0142o\u017cone zlecenie rynkowe, kt\u00f3re wykona si\u0119 po pierwszej dost\u0119pnej cenie po otwarciu rynku.<\/li>\n\n\n\n<li>Mo\u017cesz w ka\u017cdej chwili zako\u0144czy\u0107 kopiowanie.<\/li>\n<\/ul>\n\n\n\n<p>Pami\u0119taj: wszystkie transakcje wchodz\u0105ce w sk\u0142ad kopiowania otwieraj\u0105 si\u0119 na Twoim koncie jednocze\u015bnie. Na pocz\u0105tku mo\u017cesz zobaczy\u0107 niewielk\u0105 strat\u0119 \u2014 to r\u00f3\u017cnica mi\u0119dzy cenami kupna i sprzeda\u017cy. Pokazuje ona w czasie rzeczywistym, ile otrzyma\u0142by\u015b, gdyby\u015b zamkn\u0105\u0142 pozycj\u0119 natychmiast.&nbsp;<\/p>\n\n\n\n<p>Nowe transakcje s\u0105 otwierane na podstawie zrealizowanego kapita\u0142u (Twojego salda plus zainwestowane \u015brodki). Na przyk\u0142ad, je\u015bli trader kopiowany otwiera transakcj\u0119 wykorzystuj\u0105c 10% swojego zrealizowanego kapita\u0142u, w Twoim kopiowaniu ta sama transakcja zostanie otwarta z u\u017cyciem 10% Twojego zrealizowanego kapita\u0142u.<\/p>\n\n\n\n<h2 class=\"wp-block-heading\">Pozosta\u0144 w pe\u0142ni zsynchronizowany<\/h2>\n\n\n\n<p>Automatyczna realokacja pomaga utrzyma\u0107 Twoj\u0105 inwestycj\u0119 w zgodzie z portfelem tradera, kt\u00f3rego kopiujesz. Gdy cz\u0142onek programu Popular Investor, kt\u00f3rego kopiujesz, wprowadza zmiany, Twoja pozycja kopiowania jest aktualizowana, aby Tw\u00f3j portfel odzwierciedla\u0142 jego bie\u017c\u0105ce decyzje i strategi\u0119.<\/p>\n\n\n\n<p>Realokacja uruchamia si\u0119 w nast\u0119puj\u0105cych sytuacjach:<\/p>\n\n\n\n<ul class=\"wp-block-list wp-block-list wp-block-list-circle\">\n<li><strong>Dodanie \u015brodk\u00f3w\u2029<\/strong><\/li>\n\n\n\n<li><strong>Usuni\u0119cie \u015brodk\u00f3w<\/strong><\/li>\n\n\n\n<li><strong>Wznawianie wstrzymanej kopii<\/strong><\/li>\n\n\n\n<li><strong>Wyp\u0142aty dokonane przez tradera kopiowanego<\/strong><\/li>\n\n\n\n<li><strong>Wp\u0142aty dokonane przez tradera kopiowanego.<\/strong> Pami\u0119taj, \u017ce taka realokacja nast\u0119puje z\u00a048\u2011godzinnym op\u00f3\u017anieniem, co daje Ci czas na ewentualne dodanie w\u0142asnych \u015brodk\u00f3w.<\/li>\n\n\n\n<li><strong>Ruchy rynkowe<\/strong> wp\u0142ywaj\u0105ce na struktur\u0119 portfela tradera kopiowanego b\u0119d\u0105 odzwierciedlone tak\u017ce w Twoim kopiowaniu.<\/li>\n<\/ul>\n\n\n\n<p>Pami\u0119taj, \u017ce istniej\u0105ce pozycje mog\u0105 zosta\u0107 automatycznie otwarte lub zamkni\u0119te, aby zachowa\u0107 w\u0142a\u015bciwe proporcje aktyw\u00f3w, a w&nbsp;wyniku tych automatycznych dostosowa\u0144 mog\u0105 zosta\u0107 zrealizowane zyski lub straty.&nbsp;<\/p>\n\n\n\n<p>Podczas trwaj\u0105cej realokacji nie mo\u017cesz dodawa\u0107 ani wyp\u0142aca\u0107 \u015brodk\u00f3w, zamyka\u0107 pojedynczych pozycji ani wstrzymywa\u0107 kopiowania. To umo\u017cliwia systemowi pe\u0142ne odwzorowanie zaktualizowanego portfela tradera kopiowanego.<\/p>\n\n\n\n<p>Po zako\u0144czeniu realokacji otrzymasz powiadomienie w aplikacji. Proces trwa <strong>do 7 dni roboczych<\/strong>, po czym mo\u017cesz zn\u00f3w normalnie zarz\u0105dza\u0107 kopiowaniem.<\/p>\n\n\n\n<h2 class=\"wp-block-heading\">Kontroluj ryzyko za pomoc\u0105 Copy Stop\u2011Loss<\/h2>\n\n\n\n<p>Copy Stop\u2011Loss (CSL) to wbudowane narz\u0119dzie do zarz\u0105dzania ryzykiem, kt\u00f3re pozwala ustawi\u0107 poziom stop\u2011loss dla ca\u0142ego kopiowania, chroni\u0105c inwestycj\u0119 na podstawie bie\u017c\u0105cego wyniku. Je\u015bli warto\u015b\u0107 kopiowania spadnie poni\u017cej ustalonego progu, system automatycznie zamknie kopiowanie i zwr\u00f3ci pozosta\u0142e \u015brodki na saldo.<\/p>\n\n\n\n<ul class=\"wp-block-list wp-block-list wp-block-list-circle\">\n<li>Domy\u015blnie CSL jest ustawiony na 40% zainwestowanej kwoty.\u00a0<\/li>\n\n\n\n<li>Mo\u017cesz r\u0119cznie ustawi\u0107 CSL na dowolnym poziomie mi\u0119dzy 5% a 95% zainwestowanej kwoty.<\/li>\n<\/ul>\n\n\n\n<p>Przyk\u0142ad: kopiujesz Tradera A, inwestuj\u0105c 1\u202f000 USD. Ustawiasz CSL na 60%, czyli 600 USD. Je\u015bli \u0142\u0105czna warto\u015b\u0107 (z&nbsp;niezrealizowanym zyskiem\/strat\u0105) spadnie do 600 USD, wszystkie pozycje zostan\u0105 automatycznie zamkni\u0119te, a 600 USD wr\u00f3ci na Twoje saldo.<\/p>\n\n\n\n<p>Pami\u0119taj, \u017ce system nie pozwoli obni\u017cy\u0107 CSL do poziomu tak niskiego, by mog\u0142o to spowodowa\u0107 natychmiastowe zamkni\u0119cie kopiowania. Dodanie lub usuni\u0119cie \u015brodk\u00f3w przez tradera kopiowanego spowoduje ponowne przeliczenie warto\u015bci CSL jako procentu od nowej kwoty kopiowania.<\/p>\n\n\n\n<p><strong>Co si\u0119 dzieje po uruchomieniu CSL?<\/strong><\/p>\n\n\n\n<p>Gdy warto\u015b\u0107 kopiowania osi\u0105gnie pr\u00f3g CSL wskutek niezrealizowanych strat, wszystkie pozycje w tej relacji kopiowania zostan\u0105 zamkni\u0119te. W zak\u0142adce Historia zamkni\u0119te transakcje b\u0119d\u0105 oznaczone jako \u201eCSL\u201d w kolumnie \u201eZamkni\u0119te przez\u201d.<\/p>\n\n\n\n<figure class=\"wp-block-image aligncenter\"><img loading=\"lazy\" decoding=\"async\" width=\"1057\" height=\"321\" src=\"\/wp-content\/uploads\/2017\/12\/copysystemexplain-image1.png\" alt=\"\" class=\"wp-image-19348 wp-image-desktop\" srcset=\"https:\/\/www.etoro.com\/wp-content\/uploads\/2017\/12\/copysystemexplain-image1.png 1057w, https:\/\/www.etoro.com\/wp-content\/uploads\/2017\/12\/copysystemexplain-image1-300x91.png 300w, https:\/\/www.etoro.com\/wp-content\/uploads\/2017\/12\/copysystemexplain-image1-768x233.png 768w, https:\/\/www.etoro.com\/wp-content\/uploads\/2017\/12\/copysystemexplain-image1-1024x311.png 1024w\" sizes=\"(max-width: 1057px) 100vw, 1057px\" \/><\/figure>\n\n\n\n<p><br><strong>Czym wyr\u00f3\u017cnia si\u0119 Copy Stop\u2011Loss<\/strong><\/p>\n\n\n\n<p>CSL ma ogranicza\u0107 Twoj\u0105 ekspozycj\u0119 na jednego tradera. Poniewa\u017c skopiowane transakcje s\u0105 chronione przez CSL, mo\u017cemy pozwoli\u0107 na wi\u0119ksz\u0105 elastyczno\u015b\u0107 w ustawianiu ich Stop Loss\u00f3w (SL).<\/p>\n\n\n\n<p>W zwyk\u0142ych transakcjach podniesienie SL powy\u017cej wymaganego minimum oznacza, \u017ce z&nbsp;Twojego salda pobierane s\u0105 dodatkowe \u015brodki na utrzymanie pozycji. W transakcjach kopiowanych, gdy trader kopiowany podnosi sw\u00f3j SL, z Twojej kwoty kopiowania nie jest pobierana \u017cadna dodatkowa suma. To oznacza, \u017ce:<\/p>\n\n\n\n<ul class=\"wp-block-list wp-block-list wp-block-list-circle\">\n<li>Pojedyncza transakcja mo\u017ce zej\u015b\u0107 nawet 200% czy 300% poni\u017cej punktu wej\u015bcia bez zatrzymania, co daje jej wi\u0119ksz\u0105 szans\u0119 na odrobienie strat.<\/li>\n\n\n\n<li>Tw\u00f3j kapita\u0142 w kopiowaniu zachowuje wystarczaj\u0105c\u0105 rezerw\u0119, by obs\u0142u\u017cy\u0107 kolejne transakcje.\u2029<\/li>\n<\/ul>\n\n\n\n<p>Jednak je\u015bli \u0142\u0105czna niezrealizowana strata w kopiowaniu osi\u0105gnie ustawiony poziom CSL, wszystkie pozycje zostan\u0105 zamkni\u0119te, a kopiowanie zako\u0144czy si\u0119. Zysk\/strata z kopiowanej transakcji jest obliczana na podstawie pierwotnie zainwestowanej kwoty.<\/p>\n\n\n\n<h2 class=\"wp-block-heading\">Dostosuj inwestycj\u0119 w dowolnym momencie<\/h2>\n\n\n\n<p>Mo\u017cesz w ka\u017cdej chwili zwi\u0119kszy\u0107 kwot\u0119 kopiowania, <strong>dodaj\u0105c \u015brodki<\/strong> \u2014 zostan\u0105 one proporcjonalnie roz\u0142o\u017cone w Twoim portfelu. Podobnie mo\u017cesz <strong>usun\u0105\u0107 \u015brodki <\/strong>z kopiowania (z zachowaniem minimalnej kwoty), a trafi\u0105 one z powrotem na Twoje dost\u0119pne saldo. Jak wspomniano wy\u017cej, dodanie lub usuni\u0119cie \u015brodk\u00f3w z pozycji kopiowania uruchamia automatyczn\u0105 realokacj\u0119.<\/p>\n\n\n\n<h2 class=\"wp-block-heading\">Zatrzymaj kopiowanie \u2014 albo po prostu wstrzymaj<\/h2>\n\n\n\n<p>Masz pe\u0142n\u0105 kontrol\u0119 nad swoimi inwestycjami i mo\u017cesz zako\u0144czy\u0107 kopiowanie w dowolnym momencie.&nbsp;<\/p>\n\n\n\n<p>Pami\u0119taj, \u017ce mo\u017cesz te\u017c <strong>zamyka\u0107 pojedyncze transakcje w ramach kopiowania<\/strong> bez zamykania ca\u0142ej relacji. \u015arodki z tej transakcji wr\u00f3c\u0105 na saldo kopiowania.<\/p>\n\n\n\n<p>Je\u015bli chcesz <strong>ca\u0142kowicie zako\u0144czy\u0107 kopiowanie tradera<\/strong>, wybierz \u201eZatrzymaj kopiowanie\u201d w ustawieniach kopiowania. Nast\u0119pnie zobaczysz dwie opcje:<\/p>\n\n\n\n<ul class=\"wp-block-list wp-block-list wp-block-list-circle\">\n<li><strong>Sprzedaj wszystko<\/strong> ca\u0142kowicie zamyka kopiowanie.<\/li>\n\n\n\n<li><strong>Zachowaj wszystko<\/strong> przenosi wszystkie skopiowane pozycje do Twojego portfela, gdzie mo\u017cesz zarz\u0105dza\u0107 nimi samodzielnie.<\/li>\n<\/ul>\n\n\n\n<p><strong>Wstrzymaj kopiowanie<\/strong> pozwala zatrzyma\u0107 kopiowanie tradera bez zamykania obecnie otwartych pozycji.<\/p>\n\n\n\n<p>Gdy kopiowanie jest wstrzymane, nie b\u0119d\u0105 otwierane nowe transakcje, ale wszystkie ju\u017c otwarte pozycje nadal b\u0119d\u0105 odwzorowywa\u0107 zmiany SL\/TP oraz dzia\u0142ania zamkni\u0119cia tradera kopiowanego. Wstrzymanie kopiowania mo\u017cesz w\u0142\u0105czy\u0107 na stronie portfela na eToro, klikaj\u0105c przycisk ustawie\u0144 i wybieraj\u0105c \u201eWstrzymaj kopiowanie\u201d.<\/p>\n\n\n\n<p>Mo\u017cesz <strong>wznowi\u0107 kopiowanie<\/strong> w dowolnym momencie, przechodz\u0105c do strony portfela i klikaj\u0105c \u201eWzn\u00f3w kopiowanie\u201d.<\/p>\n\n\n\n<h2 class=\"wp-block-heading\">Kopiuj m\u0105drzej dzi\u0119ki profesjonalnie dobranym portfelom<\/h2>\n\n\n\n<p><a href=\"https:\/\/www.etoro.com\/investing\/portfolios\/\"><strong>Smart Portfolios<\/strong><\/a> to innowacyjne, d\u0142ugoterminowe portfele inwestycyjne oparte na technologii CopyTrader, dzi\u0119ki czemu Twoja inwestycja automatycznie odzwierciedla ich sk\u0142ad i strategi\u0119. Ka\u017cdy z nich realizuje w\u0142asny motyw przewodni, oferuj\u0105c wygodny i zdywersyfikowany spos\u00f3b inwestowania w kluczowe trendy rynkowe kszta\u0142tuj\u0105ce dzisiejszy \u015bwiat \u2014 i to bez typowych op\u0142at za zarz\u0105dzanie.<\/p>\n\n\n\n<ul class=\"wp-block-list wp-block-list wp-block-list-circle\">\n<li>Minimalna kwota inwestycji to zaledwie 500 USD.<\/li>\n\n\n\n<li>Domy\u015blny Stop Loss dla Smart Portfolios jest ustawiony na 10%.<\/li>\n\n\n\n<li>Alokacja wag w ka\u017cdym portfelu Smart Portfolio mo\u017ce zmienia\u0107 si\u0119 w\u00a0czasie, poniewa\u017c s\u0105 one regularnie r\u00f3wnowa\u017cone.<\/li>\n<\/ul>\n\n\n\n<p>Istnieje kilka rodzaj\u00f3w portfeli Smart Portfolio:<\/p>\n\n\n\n<p><strong>Market Smart Portfolios<\/strong> \u0142\u0105cz\u0105 wiele aktyw\u00f3w w jeden produkt inwestycyjny, z&nbsp;ka\u017cdym opartym na okre\u015blonej strategii rynkowej lub skierowanym na konkretny sektor. Na przyk\u0142ad <a href=\"https:\/\/www.etoro.com\/smartportfolios\/bigtech\">BigTech Smart Portfolio<\/a> obejmuje czo\u0142owe sp\u00f3\u0142ki technologiczne, oferuj\u0105c wygodny, a jednocze\u015bnie zdywersyfikowany spos\u00f3b inwestowania w ca\u0142y sektor za pomoc\u0105 jednego instrumentu.<\/p>\n\n\n\n<p><strong>Top Trader Smart Portfolios<\/strong> \u0142\u0105cz\u0105 w jednym produkcie inwestycyjnym najlepszych trader\u00f3w wybranych przez komitet inwestycyjny eToro za pomoc\u0105 zaawansowanego algorytmu. Na przyk\u0142ad <a href=\"https:\/\/www.etoro.com\/smartportfolios\/gainersqtr\">GainersQtr Smart Portfolio<\/a> obejmuje trader\u00f3w o stabilnych wynikach i du\u017cym kr\u00f3tkoterminowym potencjale, regularnie aktualizowane w celu zarz\u0105dzania ryzykiem i optymalizacji rezultat\u00f3w.<\/p>\n\n\n\n<p><strong>Partner Smart Portfolios<\/strong> powstaj\u0105 we wsp\u00f3\u0142pracy z jednymi z najbardziej innowacyjnych start\u2011up\u00f3w inwestycyjnych, zarz\u0105dzaj\u0105cych aktywami oraz firm analitycznych na \u015bwiecie. Na przyk\u0142ad <a href=\"https:\/\/www.etoro.com\/news-and-analysis\/copytrader\/time-you-invest-in-your-future\/\">Target Model Smart Portfolios<\/a> zosta\u0142y stworzone we wsp\u00f3\u0142pracy z Franklin Templeton i wykorzystuj\u0105 strategie inwestycyjne oparte na docelowym roku, kt\u00f3re automatycznie dostosowuj\u0105 si\u0119 z czasem.<\/p>\n\n\n\n<p>*Wszystkie warunki korzystania z CopyTradera mog\u0105 ulec zmianie w&nbsp;dowolnym momencie, wed\u0142ug uznania eToro.<\/p>\n<\/div>\n<\/div>\n<\/div><\/section>\n","protected":false},"excerpt":{"rendered":"<p>Platforma eToro wyr\u00f3\u017cnia si\u0119 funkcjami handlu spo\u0142eczno\u015bciowego, oferuj\u0105c nowe, inspiruj\u0105ce sposoby inwestowania dzi\u0119ki nauce od innych. Sprawd\u017a, jak CopyTrader\u2122 mo\u017ce pom\u00f3c Ci odkrywa\u0107 nowe strategie i rozwija\u0107 potencja\u0142 inwestycyjny. Podstawy Copy Trading Koncepcja jest prosta: wybierz inwestora, kwot\u0119 inwestycji i naci\u015bnij \u201eKopiuj\u201d. Ta strona wyja\u015bni jednak ca\u0142y system bardziej szczeg\u00f3\u0142owo.&nbsp; Kluczowe poj\u0119cia: 200 USD Minimalna&hellip;<\/p>\n","protected":false},"author":45,"featured_media":519184,"parent":34707,"menu_order":1352,"comment_status":"closed","ping_status":"closed","template":"","meta":{"_acf_changed":false,"inline_featured_image":false,"sticky_cta_settings":"","footnotes":""},"asset_type":[],"class_list":["post-10624","page","type-page","status-publish","has-post-thumbnail","hentry"],"acf":[],"yoast_head":"<title>O co chodzi w systemach kopiowania | eToro<\/title>\n<meta name=\"description\" content=\"Wyja\u015bnienie systemu kopiowania skutecznych inwestor\u00f3w eToro w modelu CopyTrader\u2122 oraz w ramach funduszy inwestycji tematycznych CopyFunds\u2122.\" \/>\n<meta name=\"robots\" content=\"index, follow, max-snippet:-1, max-image-preview:large, max-video-preview:-1\" \/>\n<link rel=\"canonical\" href=\"https:\/\/www.etoro.com\/pl\/wp-json\/wp\/v2\/pages\/10624\" \/>\n<meta property=\"og:locale\" content=\"pl_PL\" \/>\n<meta property=\"og:type\" content=\"article\" \/>\n<meta property=\"og:title\" content=\"O co chodzi w systemach kopiowania | eToro\" \/>\n<meta property=\"og:description\" content=\"Wyja\u015bnienie systemu kopiowania skutecznych inwestor\u00f3w eToro w modelu CopyTrader\u2122 oraz w ramach funduszy inwestycji tematycznych CopyFunds\u2122.\" \/>\n<meta property=\"og:url\" content=\"https:\/\/www.etoro.com\/pl\/wp-json\/wp\/v2\/pages\/10624\" \/>\n<meta property=\"og:site_name\" content=\"eToro\" \/>\n<meta property=\"article:publisher\" content=\"https:\/\/www.facebook.com\/eToro\/\" \/>\n<meta property=\"article:modified_time\" content=\"2025-12-01T13:38:28+00:00\" \/>\n<meta property=\"og:image\" content=\"https:\/\/www.etoro.com\/wp-content\/uploads\/2022\/11\/Social_systems-explained_-PL.jpg\" \/>\n\t<meta property=\"og:image:width\" content=\"1200\" \/>\n\t<meta property=\"og:image:height\" content=\"630\" \/>\n\t<meta property=\"og:image:type\" content=\"image\/jpeg\" \/>\n<meta name=\"twitter:card\" content=\"summary_large_image\" \/>\n<meta name=\"twitter:site\" content=\"@eToro\" \/>\n<meta name=\"twitter:label1\" content=\"Est. reading time\" \/>\n\t<meta name=\"twitter:data1\" content=\"10 minutes\" \/>\n<script type=\"application\/ld+json\" class=\"yoast-schema-graph\">{\"@context\":\"https:\/\/schema.org\",\"@graph\":[{\"@type\":\"WebPage\",\"@id\":\"https:\/\/www.etoro.com\/pl\/copytrader\/how-it-works\/\",\"url\":\"https:\/\/www.etoro.com\/pl\/copytrader\/how-it-works\/\",\"name\":\"O co chodzi w systemach kopiowania | eToro\",\"isPartOf\":{\"@id\":\"https:\/\/www.etoro.com\/pl\/#website\"},\"primaryImageOfPage\":{\"@id\":\"https:\/\/www.etoro.com\/pl\/copytrader\/how-it-works\/#primaryimage\"},\"image\":{\"@id\":\"https:\/\/www.etoro.com\/pl\/copytrader\/how-it-works\/#primaryimage\"},\"thumbnailUrl\":\"https:\/\/www.etoro.com\/wp-content\/uploads\/2022\/11\/Social_systems-explained_-PL.jpg\",\"datePublished\":\"2017-11-14T07:35:22+00:00\",\"dateModified\":\"2025-12-01T13:38:28+00:00\",\"description\":\"Wyja\u015bnienie systemu kopiowania skutecznych inwestor\u00f3w eToro w modelu CopyTrader\u2122 oraz w ramach funduszy inwestycji tematycznych CopyFunds\u2122.\",\"breadcrumb\":{\"@id\":\"https:\/\/www.etoro.com\/pl\/copytrader\/how-it-works\/#breadcrumb\"},\"inLanguage\":\"pl\",\"potentialAction\":[{\"@type\":\"ReadAction\",\"target\":[\"https:\/\/www.etoro.com\/pl\/copytrader\/how-it-works\/\"]}]},{\"@type\":\"ImageObject\",\"inLanguage\":\"pl\",\"@id\":\"https:\/\/www.etoro.com\/pl\/copytrader\/how-it-works\/#primaryimage\",\"url\":\"https:\/\/www.etoro.com\/wp-content\/uploads\/2022\/11\/Social_systems-explained_-PL.jpg\",\"contentUrl\":\"https:\/\/www.etoro.com\/wp-content\/uploads\/2022\/11\/Social_systems-explained_-PL.jpg\",\"width\":1200,\"height\":630,\"caption\":\"COPYTRADER WYJA\u015aNIONY\"},{\"@type\":\"BreadcrumbList\",\"@id\":\"https:\/\/www.etoro.com\/pl\/copytrader\/how-it-works\/#breadcrumb\",\"itemListElement\":[{\"@type\":\"ListItem\",\"position\":1,\"name\":\"Strona g\u0142\u00f3wna\",\"item\":\"https:\/\/www.etoro.com\/pl\/\"},{\"@type\":\"ListItem\",\"position\":2,\"name\":\"CopyTrader\",\"item\":\"https:\/\/www.etoro.com\/pl\/copytrader\/\"},{\"@type\":\"ListItem\",\"position\":3,\"name\":\"JAK TO DZIA\u0141A\"}]},{\"@type\":\"WebSite\",\"@id\":\"https:\/\/www.etoro.com\/pl\/#website\",\"url\":\"https:\/\/www.etoro.com\/pl\/\",\"name\":\"eToro\",\"description\":\"\",\"publisher\":{\"@id\":\"https:\/\/www.etoro.com\/pl\/#organization\"},\"potentialAction\":[{\"@type\":\"SearchAction\",\"target\":{\"@type\":\"EntryPoint\",\"urlTemplate\":\"https:\/\/www.etoro.com\/pl\/?s={search_term_string}\"},\"query-input\":{\"@type\":\"PropertyValueSpecification\",\"valueRequired\":true,\"valueName\":\"search_term_string\"}}],\"inLanguage\":\"pl\"},[]]}<\/script>","yoast_head_json":{"title":"O co chodzi w systemach kopiowania | eToro","description":"Wyja\u015bnienie systemu kopiowania skutecznych inwestor\u00f3w eToro w modelu CopyTrader\u2122 oraz w ramach funduszy inwestycji tematycznych CopyFunds\u2122.","robots":{"index":"index","follow":"follow","max-snippet":"max-snippet:-1","max-image-preview":"max-image-preview:large","max-video-preview":"max-video-preview:-1"},"canonical":"https:\/\/www.etoro.com\/pl\/wp-json\/wp\/v2\/pages\/10624","og_locale":"pl_PL","og_type":"article","og_title":"O co chodzi w systemach kopiowania | eToro","og_description":"Wyja\u015bnienie systemu kopiowania skutecznych inwestor\u00f3w eToro w modelu CopyTrader\u2122 oraz w ramach funduszy inwestycji tematycznych CopyFunds\u2122.","og_url":"https:\/\/www.etoro.com\/pl\/wp-json\/wp\/v2\/pages\/10624","og_site_name":"eToro","article_publisher":"https:\/\/www.facebook.com\/eToro\/","article_modified_time":"2025-12-01T13:38:28+00:00","og_image":[{"width":1200,"height":630,"url":"https:\/\/www.etoro.com\/wp-content\/uploads\/2022\/11\/Social_systems-explained_-PL.jpg","type":"image\/jpeg"}],"twitter_card":"summary_large_image","twitter_site":"@eToro","twitter_misc":{"Est. reading time":"10 minutes"},"schema":{"@context":"https:\/\/schema.org","@graph":[{"@type":"WebPage","@id":"https:\/\/www.etoro.com\/pl\/copytrader\/how-it-works\/","url":"https:\/\/www.etoro.com\/pl\/copytrader\/how-it-works\/","name":"O co chodzi w systemach kopiowania | eToro","isPartOf":{"@id":"https:\/\/www.etoro.com\/pl\/#website"},"primaryImageOfPage":{"@id":"https:\/\/www.etoro.com\/pl\/copytrader\/how-it-works\/#primaryimage"},"image":{"@id":"https:\/\/www.etoro.com\/pl\/copytrader\/how-it-works\/#primaryimage"},"thumbnailUrl":"https:\/\/www.etoro.com\/wp-content\/uploads\/2022\/11\/Social_systems-explained_-PL.jpg","datePublished":"2017-11-14T07:35:22+00:00","dateModified":"2025-12-01T13:38:28+00:00","description":"Wyja\u015bnienie systemu kopiowania skutecznych inwestor\u00f3w eToro w modelu CopyTrader\u2122 oraz w ramach funduszy inwestycji tematycznych CopyFunds\u2122.","breadcrumb":{"@id":"https:\/\/www.etoro.com\/pl\/copytrader\/how-it-works\/#breadcrumb"},"inLanguage":"pl","potentialAction":[{"@type":"ReadAction","target":["https:\/\/www.etoro.com\/pl\/copytrader\/how-it-works\/"]}]},{"@type":"ImageObject","inLanguage":"pl","@id":"https:\/\/www.etoro.com\/pl\/copytrader\/how-it-works\/#primaryimage","url":"https:\/\/www.etoro.com\/wp-content\/uploads\/2022\/11\/Social_systems-explained_-PL.jpg","contentUrl":"https:\/\/www.etoro.com\/wp-content\/uploads\/2022\/11\/Social_systems-explained_-PL.jpg","width":1200,"height":630,"caption":"COPYTRADER WYJA\u015aNIONY"},{"@type":"BreadcrumbList","@id":"https:\/\/www.etoro.com\/pl\/copytrader\/how-it-works\/#breadcrumb","itemListElement":[{"@type":"ListItem","position":1,"name":"Strona g\u0142\u00f3wna","item":"https:\/\/www.etoro.com\/pl\/"},{"@type":"ListItem","position":2,"name":"CopyTrader","item":"https:\/\/www.etoro.com\/pl\/copytrader\/"},{"@type":"ListItem","position":3,"name":"JAK TO DZIA\u0141A"}]},{"@type":"WebSite","@id":"https:\/\/www.etoro.com\/pl\/#website","url":"https:\/\/www.etoro.com\/pl\/","name":"eToro","description":"","publisher":{"@id":"https:\/\/www.etoro.com\/pl\/#organization"},"potentialAction":[{"@type":"SearchAction","target":{"@type":"EntryPoint","urlTemplate":"https:\/\/www.etoro.com\/pl\/?s={search_term_string}"},"query-input":{"@type":"PropertyValueSpecification","valueRequired":true,"valueName":"search_term_string"}}],"inLanguage":"pl"},[]]}},"_links":{"self":[{"href":"https:\/\/www.etoro.com\/pl\/wp-json\/wp\/v2\/pages\/10624"}],"collection":[{"href":"https:\/\/www.etoro.com\/pl\/wp-json\/wp\/v2\/pages"}],"about":[{"href":"https:\/\/www.etoro.com\/pl\/wp-json\/wp\/v2\/types\/page"}],"author":[{"embeddable":true,"href":"https:\/\/www.etoro.com\/pl\/wp-json\/wp\/v2\/users\/45"}],"replies":[{"embeddable":true,"href":"https:\/\/www.etoro.com\/pl\/wp-json\/wp\/v2\/comments?post=10624"}],"version-history":[{"count":0,"href":"https:\/\/www.etoro.com\/pl\/wp-json\/wp\/v2\/pages\/10624\/revisions"}],"up":[{"embeddable":true,"href":"https:\/\/www.etoro.com\/pl\/wp-json\/wp\/v2\/pages\/34707"}],"wp:featuredmedia":[{"embeddable":true,"href":"https:\/\/www.etoro.com\/pl\/wp-json\/wp\/v2\/media\/519184"}],"wp:attachment":[{"href":"https:\/\/www.etoro.com\/pl\/wp-json\/wp\/v2\/media?parent=10624"}],"wp:term":[{"taxonomy":"asset_type","embeddable":true,"href":"https:\/\/www.etoro.com\/pl\/wp-json\/wp\/v2\/asset_type?post=10624"}],"curies":[{"name":"wp","href":"https:\/\/api.w.org\/{rel}","templated":true}]}}