{"id":1073066,"date":"2025-05-01T17:37:08","date_gmt":"2025-05-01T14:37:08","guid":{"rendered":"https:\/\/www.etoro.com\/investing\/saving-to-invest\/"},"modified":"2025-06-03T18:54:44","modified_gmt":"2025-06-03T15:54:44","slug":"saving-to-invest","status":"publish","type":"page","link":"https:\/\/www.etoro.com\/pl\/investing\/saving-to-invest\/","title":{"rendered":"Oszcz\u0119dzaj i Inwestuj Wzrost Finansowy"},"content":{"rendered":"\n<p class=\"is-style-summary\">Istniej\u0105 r\u00f3\u017cne sposoby oszcz\u0119dzania i inwestowania \u2013 niezale\u017cnie od tego, czy dopiero rozpoczynasz sw\u00f3j wzrost finansowy, czy chcesz budowa\u0107 portfel finansowy na przysz\u0142o\u015b\u0107.<\/p>\n\n\n\n<hr class=\"wp-block-separator wp-block-separator-color-dark-grey wp-block-separator-spaces-medium wp-block-separator-weight-1\"\/>\n\n\n\n<p><strong>Oszcz\u0119dzanie i inwestowanie s\u0105 cz\u0119sto stosowane zamiennie<\/strong>, poniewa\u017c id\u0105 w parze, je\u015bli chodzi o potencjalne pomna\u017canie maj\u0105tku. Jednak oszcz\u0119dno\u015bci zwykle poprzedzaj\u0105 inwestycje pod wzgl\u0119dem faktycznego wykonania. Zazwyczaj bez uprzedniego zaoszcz\u0119dzenia \u015brodk\u00f3w brakuje potrzebnego kapita\u0142u inwestycyjnego.<\/p>\n\n\n\n<figure class=\"wp-block-image\"><img decoding=\"async\" src=\"https:\/\/www.etoro.com\/wp-content\/uploads\/2025\/04\/Body-Image-1-Setting-Financial-Goals-for-Investment-Success.png\" alt=\"Image related to Setting Financial Goals for Investment Success\" class=\"wp-image-desktop\"\/><\/figure>\n\n\n\n<h2 class=\"wp-block-heading\">Ustalenie dochod\u00f3w i wydatk\u00f3w<\/h2>\n\n\n\n<p>Zanim zainwestujesz, najpierw zacznij oszcz\u0119dza\u0107. <strong>Nawyki te buduje si\u0119 stopniowo \u2013 z\u0142ot\u00f3wka do z\u0142ot\u00f3wki. <\/strong>Skuteczne strategie to m.in.: \u201ep\u0142a\u0107 najpierw sobie\u201d, traktuj\u0105c oszcz\u0119dzanie jak sta\u0142y wydatek, oraz planowanie zakup\u00f3w i unikanie impulsywnych wydatk\u00f3w.<\/p>\n\n\n\n<p>Zanim zdecydujesz si\u0119 na oszcz\u0119dzanie, musisz <strong>najpierw zbudowa\u0107<\/strong> <strong>solidne podstawy finansowe<\/strong>, na kt\u00f3rych rozwiniesz inne dzia\u0142ania. Najpierw zidentyfikuj \u017ar\u00f3d\u0142a dochodu i sumiennie \u015bled\u017a swoje wydatki. Zrozumienie przep\u0142ywu pieni\u0119dzy da Ci jasno\u015b\u0107 i pomo\u017ce stworzy\u0107 realistyczny bud\u017cet i plan oszcz\u0119dno\u015bciowy.<\/p>\n\n\n\n<p><strong>\u015aledzenie wydatk\u00f3w pomo\u017ce Ci za\u0142ata\u0107 dziury<\/strong> i zapobiec nadmiernym wydatkom na zb\u0119dne rzeczy, kt\u00f3re poch\u0142aniaj\u0105 pieni\u0105dze i wp\u0142ywaj\u0105c na oszcz\u0119dno\u015bci. B\u0119dziesz rozwa\u017cniej podchodzi\u0107 do zakup\u00f3w\u00a0 zamiast szale\u0107 wydaj\u0105c krocie na drog\u0105 bi\u017cuteri\u0119 lub kosztowny posi\u0142ek w restauracji, zaczniesz ci\u0105\u0107 koszty.<\/p>\n\n\n\n<h2 class=\"wp-block-heading\">Ustalanie cel\u00f3w finansowych aby odnie\u015b\u0107 sukces inwestycyjny<\/h2>\n\n\n\n<p>Po ustaleniu podstaw, mo\u017cesz zabra\u0107 si\u0119 za ustalenie swoich cel\u00f3w oszcz\u0119dno\u015bciowych i <a href=\"https:\/\/www.etoro.com\/pl\/investing\/why-should-i-start-investing\/\">inwestycyjnych<\/a>. Zwykle <strong>wi\u0105\u017ce si\u0119 to z okre\u015bleniem kr\u00f3tkoterminowych\u00a0i d\u0142ugoterminowych\u00a0cel\u00f3w inwestycyjnych<\/strong> oraz stworzeniem planu ich osi\u0105gni\u0119cia.<\/p>\n\n\n\n<figure class=\"wp-block-image\"><img decoding=\"async\" src=\"https:\/\/www.etoro.com\/wp-content\/uploads\/2025\/04\/Body-Image-2-The-Power-of-Long-Term-Consistent-Investing.png\" alt=\"Image related to The Power of Long Term Consistent Investing\" class=\"wp-image-desktop\"\/><\/figure>\n\n\n\n<p><mark>Plany te musz\u0105 wpisywa\u0107 si\u0119 w <strong>Twoje strategie oszcz\u0119dno\u015bciowe i og\u00f3lne cele inwestycyjne<\/strong>. Ramy czasowe r\u00f3wnie\u017c musz\u0105 by\u0107 realistyczne, zwykle podzielone na mniejsze kamienie milowe inwestycji, kt\u00f3re powinny by\u0107 \u0142atwe do \u015bledzenia.<\/mark><\/p>\n\n\n\n<p>Na przyk\u0142ad, wyobra\u017amy sobie, \u017ce oszcz\u0119dzasz na cele kr\u00f3tkoterminowe, takie jak fundusz awaryjny lub udzia\u0142 w nowym kursie. Musisz ustali\u0107, ile i jak d\u0142ugo nale\u017cy oszcz\u0119dza\u0107. <strong>Informacje te pomog\u0105 Ci stworzy\u0107 bud\u017cet<\/strong> i stale \u015bledzi\u0107 swoje wydatki, aby upewni\u0107 si\u0119, \u017ce dedykowana kwota trafia do Twoich oszcz\u0119dno\u015bci.<\/p>\n\n\n\n<p>Przyk\u0142adem d\u0142ugoterminowego celu inwestycyjnego mo\u017ce by\u0107 zabezpieczenie emerytury jako potrzebnego dodatku do pa\u0144stwowych \u015bwiadcze\u0144 od ZUSu. Ten dodatkowy bud\u017cet pozwoli na utrzymanie godnego komfortu \u017cycia.<strong> Narz\u0119dziami inwestycyjnymi do osi\u0105gniecia takiego celu mog\u0105<\/strong> by\u0107 fundusze inwestycyjne lub akcje dywidendowe.<\/p>\n\n\n\n<h2 class=\"wp-block-heading\">Automatyzacja Twoich oszcz\u0119dno\u015bci i inwestycji<\/h2>\n\n\n\n<p>Po ustaleniu, ile musisz okresowo odk\u0142ada\u0107 na sw\u00f3j cel oszcz\u0119dno\u015bciowy, <strong>trzymaj si\u0119 \u015bci\u015ble planu<\/strong>. Dobrym podej\u015bciem jest <strong>zautomatyzowanie przelew\u00f3w<\/strong> na Twoje konta oszcz\u0119dno\u015bciowe lub inwestycyjne co miesi\u0105c (lub w jakimkolwiek innym okresie, kt\u00f3ry Ci odpowiada).<\/p>\n\n\n\n<div class=\"wp-block-etoro-tip wp-block-etoro-tip-border-yellow\"><span class=\"wp-block-etoro-tip-icon\"><\/span><div class=\"wp-block-etoro-tip-text\">\n<p><strong>Wskaz\u00f3wka:<\/strong>\u00a0Upewnij si\u0119, \u017ce ka\u017cde konto oszcz\u0119dno\u015bciowe, kt\u00f3re zak\u0142adasz, oferuje wy\u017csze ni\u017c \u015brednie oprocentowanie.<\/p>\n<\/div><\/div>\n\n\n\n<p>Na przyk\u0142ad mo\u017cesz <strong>utworzy\u0107 zlecenie sta\u0142e <\/strong>na swoim koncie, na kt\u00f3re otrzymujesz wynagrodzenie za prac\u0119 w celu automatycznego potr\u0105cania \u015brodk\u00f3w z wyp\u0142aty na wolne od podatku konta oszcz\u0119dno\u015bciowe (w Wielkiej Brytanii to\u00a0<a href=\"https:\/\/www.mamona.co.uk\/blog\/individual-saving-account-isa\" rel=\"nofollow noopener noreferrer\" >I<\/a>SA).<\/p>\n\n\n\n<p>Mo\u017cesz te\u017c <strong>korzysta\u0107 z narz\u0119dzi finansowych<\/strong>, takich jak aplikacje oszcz\u0119dno\u015bciowe z automatycznymi planami oszcz\u0119dno\u015bciowymi, kt\u00f3re pomog\u0105 Ci zachowa\u0107 dyscyplin\u0119 i ograniczy\u0107 wydatki pod wp\u0142ywem emocji.<\/p>\n\n\n\n<h2 class=\"wp-block-heading\">Si\u0142a d\u0142ugoterminowego, konsekwentnego inwestowania<\/h2>\n\n\n\n<p><strong>D\u0142ugoterminowe inwestowanie sprzyja wzrostowi kapita\u0142u<\/strong> dzi\u0119ki procentowi sk\u0142adanemu, ogranicza ryzyko kr\u00f3tkoterminowych strat i pozwala korzysta\u0107 z ni\u017cszych koszt\u00f3w. To skuteczna droga do zabezpieczenia przysz\u0142o\u015bci i osi\u0105gni\u0119cia cel\u00f3w finansowych.<\/p>\n\n\n\n<figure class=\"wp-block-image\"><img decoding=\"async\" src=\"https:\/\/www.etoro.com\/wp-content\/uploads\/2025\/04\/Body-Image-3-Final-thoughts-1.png\" alt=\"Image related to Final thoughts\" class=\"wp-image-desktop\"\/><\/figure>\n\n\n\n<p><strong>Rynek inwestycyjny jest pe\u0142en r\u00f3\u017cnorodnych mo\u017cliwo\u015bci i opcji inwestycyjnych<\/strong>. Jednak w przeciwie\u0144stwie do oszcz\u0119dno\u015bci, kt\u00f3re okresowo oferuj\u0105 sta\u0142y zwrot z inwestycji (ROI), inwestowanie nie daje \u017cadnych gwarancji i zawsze mo\u017cna straci\u0107 pieni\u0105dze.<\/p>\n\n\n\n<p>Na przyk\u0142ad, je\u015bli kupisz akcje, a sp\u00f3\u0142ka, kt\u00f3ra je wystawi\u0142a, zbankrutuje, Tw\u00f3j kapita\u0142 mo\u017ce spa\u015b\u0107 do zera. Dlatego wielu do\u015bwiadczonych inwestor\u00f3w zaleca <strong>budowanie\u00a0<\/strong><a href=\"https:\/\/www.etoro.com\/pl\/investing\/how-to-build-a-diversified-portfolio\/\"><strong>zdywersyfikowanego portfela<\/strong><\/a>\u00a0z akcji, obligacji i innych instrument\u00f3w finansowych.<\/p>\n\n\n\n<p>Zazwyczaj zaleca si\u0119, aby pocz\u0105tkuj\u0105cy trzymali si\u0119 inwestycji o niskim ryzyku i <strong>przetestowali sytuacj\u0119 przed zainwestowaniem wi\u0119kszej ilo\u015bci pieni\u0119dzy<\/strong>. Jednym z podej\u015b\u0107 jest inwestowanie w\u00a0<a href=\"https:\/\/www.etoro.com\/pl\/investing\/what-is-etf\/\">fundusze ETF<\/a>, \u0142\u0105cz\u0105ce akcje i inne aktywa z r\u00f3\u017cnych podmiot\u00f3w, przechowywane w jednym koszyku inwestycyjnym.<\/p>\n\n\n\n<div class=\"wp-block-etoro-tip wp-block-etoro-tip-border-yellow\"><span class=\"wp-block-etoro-tip-icon\"><\/span><div class=\"wp-block-etoro-tip-text\">\n<p><strong>Wskaz\u00f3wka:<\/strong>\u00a0Programy oparte na zasadach <a href=\"https:\/\/www.etoro.com\/pl\/news-and-analysis\/etoro-updates\/recurring-investments-simpler-way-grow-your-portfolio\/\">inwestycji cyklicznych<\/a>\u00a0mog\u0105 pom\u00f3c Ci \u015bledzi\u0107 og\u00f3ln\u0105 kondycj\u0119 rynku.<\/p>\n<\/div><\/div>\n\n\n\n<p><strong>Nie musisz r\u00f3wnie\u017c inwestowa\u0107 wszystkich swoich oszcz\u0119dno\u015bci naraz<\/strong>. Pr\u00f3buj\u0105c kupowa\u0107 podczas spadk\u00f3w, ryzykujesz, \u017ce trafisz na szczyt rynku. Alternatywne podej\u015bcie <a href=\"https:\/\/www.etoro.com\/pl\/investing\/risk-management\/\">u\u015bredniania koszt\u00f3w dolara<\/a>\u00a0<strong>stopniowo wprowadza kapita\u0142 na rynki finansowe<\/strong> i mo\u017ce by\u0107 stosowane niezale\u017cnie od tego, w jakie instrumenty inwestujesz. Jest to jeden ze sposob\u00f3w, kt\u00f3ry pomaga Ci \u015bledzi\u0107, a nie pr\u00f3bowa\u0107 pokona\u0107 rynek.<\/p>\n\n\n\n<h2 class=\"wp-block-heading\">Podsumowanie<\/h2>\n\n\n\n<p>Oszcz\u0119dzanie na inwestycje to solidny spos\u00f3b na potencjalne osi\u0105gni\u0119cie <a href=\"https:\/\/www.etoro.com\/pl\/investing\/financial-independence\/\">wolno\u015bci finansowej<\/a>\u00a0i stabilno\u015bci. Jednak ta droga <strong>wymaga sta\u0142ego wzrostu finansowego<\/strong>, po\u015bwi\u0119cenia i dyscypliny.<\/p>\n\n\n\n<p>Na pocz\u0105tku ustal jasne cele finansowe, zbuduj sp\u00f3jne nawyki oszcz\u0119dzania, trzymaj si\u0119 planu\u00a0i wybierz wiarygodn\u0105 platform\u0119 inwestycyjn\u0105, <strong>aby Twoje pieni\u0105dze pracowa\u0142y i przynosi\u0142y zyski<\/strong>.<\/p>\n\n\n\n<p>Nale\u017cy jednak zawsze pami\u0119ta\u0107, \u017ce <strong>inwestowanie wi\u0105\u017ce si\u0119 z ryzykiem na ka\u017cdym poziomie<\/strong>. Dlatego te\u017c, przeprowad\u017a w\u0142asne badania i znajd\u017a mo\u017cliwo\u015bci inwestycyjne, kt\u00f3re s\u0105 dla Ciebie odpowiednie.<\/p>\n\n\n\n<p>Aby dowiedzie\u0107 si\u0119 wi\u0119cej o rynkach finansowych dla pocz\u0105tkuj\u0105cych, odwied\u017a <a href=\"https:\/\/www.etoro.com\/pl\/academy\/\">Akademi\u0119 eToro<\/a>.<\/p>\n\n\n\n<h2 class=\"wp-block-heading\">Najcz\u0119\u015bciej zadawane pytania<\/h2>\n\n\n\n<dl class=\"wp-block-etoro-faq\">\n<div class=\"wp-block-etoro-faq-item\"><dt class=\"wp-block-etoro-faq-item-question\">Czym r\u00f3\u017cni si\u0119 oszcz\u0119dzanie od inwestowania?<\/dt><dd class=\"wp-block-etoro-faq-item-answer\">\n<p><a href=\"https:\/\/www.bankier.pl\/smart\/poradniki\/wygodne-oszczedzanie\" target=\"_blank\" rel=\"noreferrer noopener\">Oszcz\u0119dzanie<\/a> zwykle wi\u0105\u017ce si\u0119 z odk\u0142adaniem <strong>pieni\u0119dzy na kr\u00f3tkoterminowe wydatki<\/strong>, takie jak rachunki i wakacje, podczas gdy inwestowanie s\u0142u\u017cy osi\u0105gni\u0119ciu cel\u00f3w d\u0142ugoterminowych, takich jak emerytura i sp\u0142ata kredytu hipotecznego.<\/p>\n<\/dd><\/div>\n\n\n\n<div class=\"wp-block-etoro-faq-item\"><dt class=\"wp-block-etoro-faq-item-question\">Jak zacz\u0105\u0107 oszcz\u0119dza\u0107 i inwestowa\u0107?<\/dt><dd class=\"wp-block-etoro-faq-item-answer\">\n<p>Zale\u017cy to od Twoich <a href=\"https:\/\/www.etoro.com\/pl\/investing\/how-to-build-an-investment-portfolio\/\">cel\u00f3w finansowych<\/a>\u00a0i zarobk\u00f3w. Jednak odk\u0142adanie 20% swojego dochodu przez kilka miesi\u0119cy mo\u017ce by\u0107 dobrym punktem wyj\u015bcia. Zbuduj solidny nawyk oszcz\u0119dzania i umie\u015b\u0107 swoje pieni\u0105dze na wysoko oprocentowanym koncie oszcz\u0119dno\u015bciowym, zgromad\u017a wystarczaj\u0105co du\u017co oszcz\u0119dno\u015bci awaryjnych i zainwestujcie w dowolny instrument finansowy\u00a0wed\u0142ug Twojego wyboru.<\/p>\n<\/dd><\/div>\n\n\n\n<div class=\"wp-block-etoro-faq-item\"><dt class=\"wp-block-etoro-faq-item-question\">Co to jest \u201eefekt sk\u0142adany\u201d?<\/dt><dd class=\"wp-block-etoro-faq-item-answer\">\n<p>Reinwestowanie wszelkich bie\u017c\u0105cych zwrot\u00f3w, kt\u00f3re uzyskujesz, zwi\u0119kszy wielko\u015b\u0107 Twojego og\u00f3lnego portfela inwestycyjnego. Powoduje to <a href=\"https:\/\/investors.pl\/wszystko-o-inwestowaniu\/oszczedzanie-na-emeryture\/dlaczego-warto-wczesnie-rozpoczac-inwestowanie\" target=\"_blank\" rel=\"noreferrer noopener\">efekt sk\u0142adany<\/a>\u00a0i wzrost wyk\u0142adniczy. Rozwija si\u0119 cykl dodatni, w kt\u00f3rym im wi\u0119cej reinwestujesz, tym wi\u0119ksza jest wielko\u015b\u0107 zwrot\u00f3w okresowych, takich jak dywidendy, co zwi\u0119ksza wielko\u015b\u0107 Twojego portfela inwestycyjnego i tak dalej.<\/p>\n<\/dd><\/div>\n<\/dl>\n\n\n\n\t\t<style>\n\t\t\t.rtl .etoro-block-shortcode-disclaimer {\n\t\t\t\ttext-align:right;\n\t\t\t}\n\t\t\t.etoro-block-shortcode-disclaimer {\n\t\t\t\tmargin-bottom:18px;\n\t\t\t\ttext-align:left;\n\t\t\t}\n\t\t\t.etoro-block-shortcode-disclaimer p{\n\t\t\t\tfont-size: 12px;\n\t\t\t\tline-height: 18px;\n\t\t\t}\n\t\t\t@media (min-width: 768px) {\n\t\t\t\t.etoro-block-shortcode-disclaimer {\n\t\t\t\t\tmax-width:1176px;\n\t\t\t\t\ttext-align:center;\n\t\t\t\t}\n\t\t\t\t.etoro-block-shortcode-disclaimer p {\n\t\t\t\t\tfont-size: 14px;\n\t\t\t\t\tline-height: 20px;\n\t\t\t\t}\n\t\t\t}\n\t\t<\/style>\n\t\t<div class='etoro-block-shortcode-disclaimer'><p>Niniejsze tre\u015bci maj\u0105 charakter wy\u0142\u0105cznie edukacyjny i nie powinny by\u0107 traktowane jako porada inwestycyjna, osobista rekomendacja, oferta lub zach\u0119ta do kupna b\u0105d\u017a sprzeda\u017cy jakichkolwiek instrument\u00f3w finansowych.<\/p>\n<p>Podczas przygotowywania niniejszego materia\u0142u nie uwzgl\u0119dniano konkretnych cel\u00f3w inwestycyjnych ani sytuacji finansowej. Nie zosta\u0142 on sporz\u0105dzony zgodnie z wymogami prawnymi i regulacyjnymi dotycz\u0105cymi promowania niezale\u017cnych bada\u0144.<\/p>\n<p><strong>Nie wszystkie instrumenty finansowe i us\u0142ugi, o kt\u00f3rych mowa, s\u0105 oferowane przez eToro<\/strong>, a wszelkie odniesienia do historycznych wynik\u00f3w instrument\u00f3w finansowych, indeks\u00f3w lub konfekcjonowanych produkt\u00f3w inwestycyjnych nie stanowi\u0105 gwarancji przysz\u0142ych wynik\u00f3w i nie nale\u017cy ich w ten spos\u00f3b interpretowa\u0107. <strong>Dost\u0119pno\u015b\u0107 wszystkich wy\u017cej wymienionych produkt\u00f3w i us\u0142ug mo\u017ce r\u00f3\u017cni\u0107 si\u0119 w zale\u017cno\u015bci od jurysdykcji i kraju.<\/strong><\/p>\n<p>eToro nie gwarantuje oraz nie ponosi odpowiedzialno\u015bci wzgl\u0119dem dok\u0142adno\u015bci lub kompletno\u015bci tre\u015bci niniejszego przewodnika. Zanim zainwestujesz jakikolwiek kapita\u0142, upewnij si\u0119, \u017ce rozumiesz ryzyko zwi\u0105zane z jego obrotem. Nigdy nie ryzykuj wi\u0119cej ni\u017c jeste\u015b got\u00f3w straci\u0107.<\/p>\n<\/div>\n","protected":false},"excerpt":{"rendered":"<p>Istniej\u0105 r\u00f3\u017cne sposoby oszcz\u0119dzania i inwestowania \u2013 niezale\u017cnie od tego, czy dopiero rozpoczynasz sw\u00f3j wzrost finansowy, czy chcesz budowa\u0107 portfel finansowy na przysz\u0142o\u015b\u0107. Oszcz\u0119dzanie i inwestowanie s\u0105 cz\u0119sto stosowane zamiennie, poniewa\u017c id\u0105 w parze, je\u015bli chodzi o potencjalne pomna\u017canie maj\u0105tku. Jednak oszcz\u0119dno\u015bci zwykle poprzedzaj\u0105 inwestycje pod wzgl\u0119dem faktycznego wykonania. Zazwyczaj bez uprzedniego zaoszcz\u0119dzenia \u015brodk\u00f3w brakuje&hellip;<\/p>\n","protected":false},"author":96,"featured_media":1073098,"parent":19767,"menu_order":0,"comment_status":"closed","ping_status":"closed","template":"","meta":{"_acf_changed":false,"inline_featured_image":false,"sticky_cta_settings":"","footnotes":""},"asset_type":[],"class_list":["post-1073066","page","type-page","status-publish","has-post-thumbnail","hentry"],"acf":[],"yoast_head":"<title>Jak oszcz\u0119dza\u0107 aby inwestowa\u0107: Przewodnik krok po kroku<\/title>\n<meta name=\"description\" content=\"Dowiedz si\u0119 jak skutecznie oszcz\u0119dza\u0107 pieni\u0105dze, aby inwestowa\u0107. Odkryj strategie zarz\u0105dzania bud\u017cetem, automatyzacji i zr\u00f3wnowa\u017conego wzrostu inwestycji\" \/>\n<meta name=\"robots\" content=\"index, follow, max-snippet:-1, max-image-preview:large, max-video-preview:-1\" \/>\n<link rel=\"canonical\" href=\"https:\/\/www.etoro.com\/pl\/wp-json\/wp\/v2\/pages\/1073066\" \/>\n<meta property=\"og:locale\" content=\"pl_PL\" \/>\n<meta property=\"og:type\" content=\"article\" \/>\n<meta property=\"og:title\" content=\"Jak oszcz\u0119dza\u0107 aby inwestowa\u0107: Przewodnik krok po kroku\" \/>\n<meta property=\"og:description\" content=\"Dowiedz si\u0119 jak skutecznie oszcz\u0119dza\u0107 pieni\u0105dze, aby inwestowa\u0107. Odkryj strategie zarz\u0105dzania bud\u017cetem, automatyzacji i zr\u00f3wnowa\u017conego wzrostu inwestycji\" \/>\n<meta property=\"og:url\" content=\"https:\/\/www.etoro.com\/pl\/wp-json\/wp\/v2\/pages\/1073066\" \/>\n<meta property=\"og:site_name\" content=\"eToro\" \/>\n<meta property=\"article:publisher\" content=\"https:\/\/www.facebook.com\/eToro\/\" \/>\n<meta property=\"article:modified_time\" content=\"2025-06-03T15:54:44+00:00\" \/>\n<meta property=\"og:image\" content=\"https:\/\/www.etoro.com\/wp-content\/uploads\/2025\/06\/PL-Saving-to-Invest_1200x630.png\" \/>\n\t<meta property=\"og:image:width\" content=\"1200\" \/>\n\t<meta property=\"og:image:height\" content=\"630\" \/>\n\t<meta property=\"og:image:type\" content=\"image\/png\" \/>\n<meta name=\"twitter:card\" content=\"summary_large_image\" \/>\n<meta name=\"twitter:site\" content=\"@eToro\" \/>\n<meta name=\"twitter:label1\" content=\"Est. reading time\" \/>\n\t<meta name=\"twitter:data1\" content=\"6 minutes\" \/>\n<script type=\"application\/ld+json\" class=\"yoast-schema-graph\">{\"@context\":\"https:\/\/schema.org\",\"@graph\":[{\"@type\":\"WebPage\",\"@id\":\"https:\/\/www.etoro.com\/pl\/investing\/saving-to-invest\/\",\"url\":\"https:\/\/www.etoro.com\/pl\/investing\/saving-to-invest\/\",\"name\":\"Jak oszcz\u0119dza\u0107 aby inwestowa\u0107: Przewodnik krok po kroku\",\"isPartOf\":{\"@id\":\"https:\/\/www.etoro.com\/pl\/#website\"},\"primaryImageOfPage\":{\"@id\":\"https:\/\/www.etoro.com\/pl\/investing\/saving-to-invest\/#primaryimage\"},\"image\":{\"@id\":\"https:\/\/www.etoro.com\/pl\/investing\/saving-to-invest\/#primaryimage\"},\"thumbnailUrl\":\"https:\/\/www.etoro.com\/wp-content\/uploads\/2025\/06\/PL-Saving-to-Invest_1200x630.png\",\"datePublished\":\"2025-05-01T14:37:08+00:00\",\"dateModified\":\"2025-06-03T15:54:44+00:00\",\"description\":\"Dowiedz si\u0119 jak skutecznie oszcz\u0119dza\u0107 pieni\u0105dze, aby inwestowa\u0107. Odkryj strategie zarz\u0105dzania bud\u017cetem, automatyzacji i zr\u00f3wnowa\u017conego wzrostu inwestycji\",\"breadcrumb\":{\"@id\":\"https:\/\/www.etoro.com\/pl\/investing\/saving-to-invest\/#breadcrumb\"},\"inLanguage\":\"pl\",\"potentialAction\":[{\"@type\":\"ReadAction\",\"target\":[\"https:\/\/www.etoro.com\/pl\/investing\/saving-to-invest\/\"]}]},{\"@type\":\"ImageObject\",\"inLanguage\":\"pl\",\"@id\":\"https:\/\/www.etoro.com\/pl\/investing\/saving-to-invest\/#primaryimage\",\"url\":\"https:\/\/www.etoro.com\/wp-content\/uploads\/2025\/06\/PL-Saving-to-Invest_1200x630.png\",\"contentUrl\":\"https:\/\/www.etoro.com\/wp-content\/uploads\/2025\/06\/PL-Saving-to-Invest_1200x630.png\",\"width\":1200,\"height\":630},{\"@type\":\"BreadcrumbList\",\"@id\":\"https:\/\/www.etoro.com\/pl\/investing\/saving-to-invest\/#breadcrumb\",\"itemListElement\":[{\"@type\":\"ListItem\",\"position\":1,\"name\":\"Strona g\u0142\u00f3wna\",\"item\":\"https:\/\/www.etoro.com\/pl\/\"},{\"@type\":\"ListItem\",\"position\":2,\"name\":\"Inwestycje d\u0142ugoterminowe\",\"item\":\"https:\/\/www.etoro.com\/pl\/investing\/\"},{\"@type\":\"ListItem\",\"position\":3,\"name\":\"Oszcz\u0119dzaj i Inwestuj Wzrost Finansowy\"}]},{\"@type\":\"WebSite\",\"@id\":\"https:\/\/www.etoro.com\/pl\/#website\",\"url\":\"https:\/\/www.etoro.com\/pl\/\",\"name\":\"eToro\",\"description\":\"\",\"publisher\":{\"@id\":\"https:\/\/www.etoro.com\/pl\/#organization\"},\"potentialAction\":[{\"@type\":\"SearchAction\",\"target\":{\"@type\":\"EntryPoint\",\"urlTemplate\":\"https:\/\/www.etoro.com\/pl\/?s={search_term_string}\"},\"query-input\":{\"@type\":\"PropertyValueSpecification\",\"valueRequired\":true,\"valueName\":\"search_term_string\"}}],\"inLanguage\":\"pl\"},[]]}<\/script>","yoast_head_json":{"title":"Jak oszcz\u0119dza\u0107 aby inwestowa\u0107: Przewodnik krok po kroku","description":"Dowiedz si\u0119 jak skutecznie oszcz\u0119dza\u0107 pieni\u0105dze, aby inwestowa\u0107. Odkryj strategie zarz\u0105dzania bud\u017cetem, automatyzacji i zr\u00f3wnowa\u017conego wzrostu inwestycji","robots":{"index":"index","follow":"follow","max-snippet":"max-snippet:-1","max-image-preview":"max-image-preview:large","max-video-preview":"max-video-preview:-1"},"canonical":"https:\/\/www.etoro.com\/pl\/wp-json\/wp\/v2\/pages\/1073066","og_locale":"pl_PL","og_type":"article","og_title":"Jak oszcz\u0119dza\u0107 aby inwestowa\u0107: Przewodnik krok po kroku","og_description":"Dowiedz si\u0119 jak skutecznie oszcz\u0119dza\u0107 pieni\u0105dze, aby inwestowa\u0107. Odkryj strategie zarz\u0105dzania bud\u017cetem, automatyzacji i zr\u00f3wnowa\u017conego wzrostu inwestycji","og_url":"https:\/\/www.etoro.com\/pl\/wp-json\/wp\/v2\/pages\/1073066","og_site_name":"eToro","article_publisher":"https:\/\/www.facebook.com\/eToro\/","article_modified_time":"2025-06-03T15:54:44+00:00","og_image":[{"width":1200,"height":630,"url":"https:\/\/www.etoro.com\/wp-content\/uploads\/2025\/06\/PL-Saving-to-Invest_1200x630.png","type":"image\/png"}],"twitter_card":"summary_large_image","twitter_site":"@eToro","twitter_misc":{"Est. reading time":"6 minutes"},"schema":{"@context":"https:\/\/schema.org","@graph":[{"@type":"WebPage","@id":"https:\/\/www.etoro.com\/pl\/investing\/saving-to-invest\/","url":"https:\/\/www.etoro.com\/pl\/investing\/saving-to-invest\/","name":"Jak oszcz\u0119dza\u0107 aby inwestowa\u0107: Przewodnik krok po kroku","isPartOf":{"@id":"https:\/\/www.etoro.com\/pl\/#website"},"primaryImageOfPage":{"@id":"https:\/\/www.etoro.com\/pl\/investing\/saving-to-invest\/#primaryimage"},"image":{"@id":"https:\/\/www.etoro.com\/pl\/investing\/saving-to-invest\/#primaryimage"},"thumbnailUrl":"https:\/\/www.etoro.com\/wp-content\/uploads\/2025\/06\/PL-Saving-to-Invest_1200x630.png","datePublished":"2025-05-01T14:37:08+00:00","dateModified":"2025-06-03T15:54:44+00:00","description":"Dowiedz si\u0119 jak skutecznie oszcz\u0119dza\u0107 pieni\u0105dze, aby inwestowa\u0107. Odkryj strategie zarz\u0105dzania bud\u017cetem, automatyzacji i zr\u00f3wnowa\u017conego wzrostu inwestycji","breadcrumb":{"@id":"https:\/\/www.etoro.com\/pl\/investing\/saving-to-invest\/#breadcrumb"},"inLanguage":"pl","potentialAction":[{"@type":"ReadAction","target":["https:\/\/www.etoro.com\/pl\/investing\/saving-to-invest\/"]}]},{"@type":"ImageObject","inLanguage":"pl","@id":"https:\/\/www.etoro.com\/pl\/investing\/saving-to-invest\/#primaryimage","url":"https:\/\/www.etoro.com\/wp-content\/uploads\/2025\/06\/PL-Saving-to-Invest_1200x630.png","contentUrl":"https:\/\/www.etoro.com\/wp-content\/uploads\/2025\/06\/PL-Saving-to-Invest_1200x630.png","width":1200,"height":630},{"@type":"BreadcrumbList","@id":"https:\/\/www.etoro.com\/pl\/investing\/saving-to-invest\/#breadcrumb","itemListElement":[{"@type":"ListItem","position":1,"name":"Strona g\u0142\u00f3wna","item":"https:\/\/www.etoro.com\/pl\/"},{"@type":"ListItem","position":2,"name":"Inwestycje d\u0142ugoterminowe","item":"https:\/\/www.etoro.com\/pl\/investing\/"},{"@type":"ListItem","position":3,"name":"Oszcz\u0119dzaj i Inwestuj Wzrost Finansowy"}]},{"@type":"WebSite","@id":"https:\/\/www.etoro.com\/pl\/#website","url":"https:\/\/www.etoro.com\/pl\/","name":"eToro","description":"","publisher":{"@id":"https:\/\/www.etoro.com\/pl\/#organization"},"potentialAction":[{"@type":"SearchAction","target":{"@type":"EntryPoint","urlTemplate":"https:\/\/www.etoro.com\/pl\/?s={search_term_string}"},"query-input":{"@type":"PropertyValueSpecification","valueRequired":true,"valueName":"search_term_string"}}],"inLanguage":"pl"},[]]}},"_links":{"self":[{"href":"https:\/\/www.etoro.com\/pl\/wp-json\/wp\/v2\/pages\/1073066"}],"collection":[{"href":"https:\/\/www.etoro.com\/pl\/wp-json\/wp\/v2\/pages"}],"about":[{"href":"https:\/\/www.etoro.com\/pl\/wp-json\/wp\/v2\/types\/page"}],"author":[{"embeddable":true,"href":"https:\/\/www.etoro.com\/pl\/wp-json\/wp\/v2\/users\/96"}],"replies":[{"embeddable":true,"href":"https:\/\/www.etoro.com\/pl\/wp-json\/wp\/v2\/comments?post=1073066"}],"version-history":[{"count":0,"href":"https:\/\/www.etoro.com\/pl\/wp-json\/wp\/v2\/pages\/1073066\/revisions"}],"up":[{"embeddable":true,"href":"https:\/\/www.etoro.com\/pl\/wp-json\/wp\/v2\/pages\/19767"}],"wp:featuredmedia":[{"embeddable":true,"href":"https:\/\/www.etoro.com\/pl\/wp-json\/wp\/v2\/media\/1073098"}],"wp:attachment":[{"href":"https:\/\/www.etoro.com\/pl\/wp-json\/wp\/v2\/media?parent=1073066"}],"wp:term":[{"taxonomy":"asset_type","embeddable":true,"href":"https:\/\/www.etoro.com\/pl\/wp-json\/wp\/v2\/asset_type?post=1073066"}],"curies":[{"name":"wp","href":"https:\/\/api.w.org\/{rel}","templated":true}]}}