{"id":10742,"date":"2017-11-20T08:43:33","date_gmt":"2017-11-20T06:43:33","guid":{"rendered":"\/etoro\/customer-service\/risks-associated-with-social-trading\/"},"modified":"2019-01-23T16:54:37","modified_gmt":"2019-01-23T14:54:37","slug":"copytrading-risks","status":"publish","type":"page","link":"https:\/\/www.etoro.com\/pl\/customer-service\/copytrading-risks\/","title":{"rendered":"Ryzyko zwi\u0105zane z inwestowaniem spo\u0142eczno\u015bciowym"},"content":{"rendered":"<p><strong>Sp\u00f3\u0142ka eToro (Europe) Ltd. i jej jednostki stowarzyszone z dum\u0105 zapewniaj\u0105 mo\u017cliwo\u015b\u0107 kontaktu z innymi inwestorami, obserwowania ich i kopiowania dzi\u0119ki wykorzystywaniu informacji oraz rozwi\u0105za\u0144 z zakresu inwestowania spo\u0142eczno\u015bciowego udost\u0119pnianych w naszych witrynach internetowych i platformach inwestycyjnych. Takie rozwi\u0105zania z zakresu inwestowania spo\u0142eczno\u015bciowego obejmuj\u0105 mi\u0119dzy innymi nasz\u0105 spo\u0142eczno\u015b\u0107, rankingi inwestor\u00f3w \u201eobserwowanych\u201d i \u201ekopiowanych\u201d, w tym w ramach modelu \u201eCopyTrader\u201d, \u201eu\u017cytkownik\u00f3w wyr\u00f3\u017cnionych\u201d oraz wszelkie zaawansowane opcje wyszukiwania itp. (zwane dalej \u0142\u0105cznie \u201eRozwi\u0105zaniami z Zakresu Inwestowania Spo\u0142eczno\u015bciowego\u201d). Chcemy jednak zauwa\u017cy\u0107, \u017ce Rozwi\u0105zania z Zakresu Inwestowania Spo\u0142eczno\u015bciowego wi\u0105\u017c\u0105 si\u0119 ze zr\u00f3\u017cnicowanymi czynnikami ryzyka, jak r\u00f3wnie\u017c zdecydowanie zach\u0119ci\u0107 do zapoznania si\u0119 z poni\u017cszym opisem czynnik\u00f3w ryzyka i uwzgl\u0119dnienia go przed rozpocz\u0119ciem korzystania z naszych Rozwi\u0105za\u0144 z Zakresu Inwestowania Spo\u0142eczno\u015bciowego:<\/strong><\/p>\n<ul>\n<li><span>Automatyczna realizacja inwestycji, w ramach kt\u00f3rej pozycje otwierane s\u0105 i zamykane na rachunku bez konieczno\u015bci manualnej interwencji.<\/span><\/li>\n<li><span>\u015awiadczenie przez eToro us\u0142ug z zarz\u0105dzania inwestycjami wymaga wcze\u015bniejszego podj\u0119cia przez Klienta decyzji o Kopiowaniu okre\u015blonych inwestor\u00f3w oraz kierowania si\u0119 okre\u015blon\u0105 strategi\u0105. Podejmowanie takich decyzji oznacza uwzgl\u0119dnienie swojej og\u00f3lnej sytuacji finansowej, w tym zobowi\u0105za\u0144 finansowych, a tak\u017ce zrozumienie, \u017ce Rozwi\u0105zania z Zakresu Inwestowania Spo\u0142eczno\u015bciowego maj\u0105 charakter wysoce spekulacyjny, co mo\u017ce skutkowa\u0107 poniesieniem znacznych strat przekraczaj\u0105cych kwoty przeznaczone na kopiowanie innych inwestor\u00f3w.<\/span><\/li>\n<li><span>Rozwi\u0105zania z Zakresu Inwestowania Spo\u0142eczno\u015bciowego zapewniane s\u0105 przez nas wy\u0142\u0105cznie dla cel\u00f3w informacyjnych. Sp\u00f3\u0142ka Etoro (Europe) Ltd. i jej jednostki stowarzyszone oraz pracownicy i przedstawiciele nie s\u0105 doradcami inwestycyjnymi ani doradcami finansowymi. PODEJMOWANIE DECYZJI NA PODSTAWIE INFORMACJI UDOST\u0118PNIANYCH W NASZYCH WITRYNACH INTERNETOWYCH LUB W REZULTACIE KORZYSTANIA Z ROZWI\u0104ZA\u0143 Z ZAKRESU INWESTOWANIA SPO\u0141ECZNO\u015aCIOWEGO ODBYWA SI\u0118 WY\u0141\u0104CZNIE NA W\u0141ASN\u0104 ODPOWIEDZIALNO\u015a\u0106 PODEJMUJ\u0104CYCH DECYZJE, A ETORO GROUP LTD. I JEJ JEDNOSTKI STOWARZYSZONE, PRACOWNICY I PRZEDSTAWICIELE NIE PONOSZ\u0104 ODPOWIEDZIALNO\u015aCI ZA JAKIEKOLWIEK STRATY PONIESIONE PRZEZ U\u017bYTKOWNIK\u00d3W.<\/span><\/li>\n<li><span>NIE NALE\u017bY PODEJMOWA\u0106 \u017bADNYCH DECYZJI INWESTYCYJNYCH BEZ WCZE\u015aNIEJSZEGO PRZEPROWADZENIA W\u0141ASNYCH ANALIZ. U\u017bYTKOWNICY PONOSZ\u0104 WY\u0141\u0104CZN\u0104 ODPOWIEDZIALNO\u015a\u0106 ZA STWIERDZENIE, CZY OKRE\u015aLONE INWESTYCJE LUB STRATEGIE B\u0104D\u0179 JAKIEKOLWIEK INNE PRODUKTY LUB US\u0141UGI S\u0104 DLA NICH W\u0141A\u015aCIWE LUB ODPOWIEDNIE, NA PODSTAWIE W\u0141ASNYCH CEL\u00d3W INWESTYCYJNYCH I SYTUACJI OSOBISTEJ ORAZ FINANSOWEJ.<\/span><\/li>\n<li><span>Pozycje kopiowanych inwestor\u00f3w (na kt\u00f3rychkolwiek spo\u015br\u00f3d oferowanych przez nas instrument\u00f3w) b\u0119d\u0105 kopiowane w kwocie r\u00f3wnej z ni\u017cszej z takich kwot, jak minimalna kwota pozycji lub kwota wynikaj\u0105ca z proporcjonalnego stosunku kwoty kopiowanej pozycji do zrealizowanego kapita\u0142u kopiowanego inwestora, stanowi\u0105cego podstaw\u0119 do obliczania proporcji kopiowanych pozycji. Pozycje takie b\u0119d\u0105 w maksymalnym mo\u017cliwym zakresie charakteryzowa\u0107 si\u0119 tak\u0105 sam\u0105 d\u017awigni\u0105, poziomem zatrzymania strat stop loss i poziomem realizacji zysk\u00f3w take profit. Pozycje o wielko\u015bci nieprzekraczaj\u0105cej kwoty minimalnej nie b\u0119d\u0105 otwierane. Wszelkie takie pozycje zostan\u0105 zmodyfikowane i\/lub automatycznie zamkni\u0119te, je\u015bli z jakiegokolwiek powodu zmodyfikuje lub zamknie je kopiowany inwestor, bez przekazywania dodatkowego powiadomienia i bez konieczno\u015bci podejmowania jakichkolwiek dzia\u0142a\u0144 przez kopiuj\u0105cego u\u017cytkownika. Nale\u017cy posiada\u0107 i uwzgl\u0119dnia\u0107 zdolno\u015b\u0107 finansow\u0105 do poniesienia utraty ca\u0142ej kwoty inwestycji w takiego kopiowanego inwestora. Klienci ponosz\u0105 pe\u0142n\u0105 odpowiedzialno\u015b\u0107 za straty ponoszone w rezultacie automatycznego wykonywania instrukcji generowanych w rezultacie korzystania z kt\u00f3regokolwiek z Rozwi\u0105za\u0144 z Zakresu Inwestowania Spo\u0142eczno\u015bciowego.<\/span><\/li>\n<li><span>W przypadku zaj\u0119cia dodatkowych pozycji na swoim rachunku b\u0105d\u017a modyfikacji lub anulowania zlecenia wygenerowanego przez Rozwi\u0105zanie z Zakresu Inwestowania Spo\u0142eczno\u015bciowego klient mo\u017ce uzyska\u0107 wynik odmienny od wyniku uzyskanego przez kopiowanego u\u017cytkownika. Realizacja zysk\u00f3w i wyp\u0142ata \u015brodk\u00f3w przez kopiowanego inwestora r\u00f3wnie\u017c mog\u0105 skutkowa\u0107 osi\u0105gni\u0119ciem wyniku istotnie r\u00f3\u017cni\u0105cego si\u0119 od wyniku osi\u0105gni\u0119tego przez kopiowanego u\u017cytkownika, poniewa\u017c mog\u0105 one mie\u0107 wp\u0142yw na proporcje wykorzystywane w modelu Copy Trading.<\/span><\/li>\n<li><span>Dotychczasowe wyniki naszych u\u017cytkownik\u00f3w, wsp\u00f3\u0142czynnik ryzyka, statystyki oraz inne informacje dotycz\u0105ce u\u017cytkownik\u00f3w podawane w naszych witrynach internetowych nie stanowi\u0105 prognoz przysz\u0142ych wynik\u00f3w i powinny by\u0107 traktowane jako hipotetyczne, zgodnie z zamieszczonym poni\u017cej bardziej szczeg\u00f3\u0142owym opisem. Istotne jest, by rozumie\u0107, \u017ce wsp\u00f3\u0142czynniki ryzyka, informacje statystyczne oraz wyniki historyczne nie stanowi\u0105 gwarancji przysz\u0142ych wynik\u00f3w. NIE SK\u0141ADAMY \u017bADNYCH O\u015aWIADCZE\u0143 ANI NIE UDZIELAMY \u017bADNYCH GWARANCJI DOTYCZ\u0104CYCH TEGO, \u017bE KT\u00d3RYKOLWIEK Z KLIENT\u00d3W OSI\u0104GNIE ZYSKI LUB STRATY PODOBNE DO WYKAZANYCH, B\u0104D\u0179 TEGO, \u017bE FAKTYCZNY WSP\u00d3\u0141CZYNNIK RYZYKA KOPIOWANEGO U\u017bYTKOWNIKA NIE OKA\u017bE SI\u0118 WY\u017bSZY. Zapoznaj\u0105c si\u0119 z Tre\u015bciami, portfelem, informacjami o wynikach finansowych, opiniami lub poradami innego zarejestrowanego u\u017cytkownika, nie nale\u017cy zak\u0142ada\u0107, \u017ce nie ulega on wp\u0142ywom, jest niezale\u017cny lub posiada kwalifikacje do przekazywania informacji lub opinii finansowych. eToro nie gwarantuje jakichkolwiek zlece\u0144, w tym zlece\u0144 z limitami, takich jak zlecenie zatrzymania strat w kopiowaniu Copy Stop Loss. Podobnie, niezale\u017cnie od podanych informacji dotycz\u0105cych z\u0142o\u017cenia lub zamkni\u0119cia zlecenia, eToro nie gwarantuje, \u017ce zlecenie zostanie zrealizowane po ustalonej cenie lub po osi\u0105gni\u0119ciu ustalonego za po\u015brednictwem poziomu stop loss odsetka strat, co oznacza, \u017ce mo\u017cliwa jest utrata \u015brodk\u00f3w w wysoko\u015bci przekraczaj\u0105cej kwot\u0119 przeznaczon\u0105 na kopiowanie w\u0142a\u015bciwego inwestora.<\/span><\/li>\n<li><span>WYNIKI HISTORYCZNE I\/LUB WSP\u00d3\u0141CZYNNIKI RYZYKA NALE\u017bY TRAKTOWA\u0106 JAKO HIPOTETYCZNE WYNIKI INWESTYCJI. HIPOTETYCZNE WYNIKI INWESTYCJI NIEOD\u0141\u0104CZNIE WI\u0104\u017b\u0104 SI\u0118 Z WIELOMA OGRANICZENIAMI. NIE SK\u0141ADAMY \u017bADNYCH O\u015aWIADCZE\u0143 ANI NIE UDZIELAMY \u017bADNYCH GWARANCJI DOTYCZ\u0104CYCH TEGO, \u017bE KT\u00d3RYKOLWIEK Z KLIENT\u00d3W OSI\u0104GNIE ZYSKI LUB STRATY PODOBNE DO WYKAZANYCH WYNIK\u00d3W HISTORYCZNYCH ANI \u017bE OSI\u0104GNIE WYKAZANY WSP\u00d3\u0141CZYNNIK RYZYKA. RZECZYWISTY ODSETEK ZYSK\u00d3W LUB STRAT INWESTOR\u00d3W B\u0118DZIE R\u00d3\u017bNI\u0106 SI\u0118 W ZALE\u017bNO\u015aCI OD WIELU CZYNNIK\u00d3W, W TYM TAKICH JAK POCZ\u0104TKOWE SALDA RACHUNK\u00d3W (WP\u0141AT I WYP\u0141AT), ZACHOWANIA RYNKOWE, USTAWIENIA RACHUNKU INWESTORA ORAZ FAKTYCZNE WYNIKI KOPIOWANEGO U\u017bYTKOWNIKA.<\/span><\/li>\n<li><span>PODOBNIE, NALE\u017bY UWZGL\u0118DNI\u0106, \u017bE HIPOTETYCZNE I HISTORYCZNE WYNIKI INWESTYCJI CZ\u0118STO ISTOTNIE R\u00d3\u017bNI\u0104 SI\u0118 OD WYNIK\u00d3W FAKTYCZNIE UZYSKIWANYCH W PRZYSZ\u0141O\u015aCI W RAMACH KT\u00d3REGKOLWIEK Z WYBRANYCH PROGRAM\u00d3W INWESTYCYJNYCH. JEDNO Z OGRANICZE\u0143 HIPOTETYCZNYCH WYNIK\u00d3W INWESTYCJI WI\u0104\u017bE SI\u0118 Z TYM, \u017bE ZASADNICZO OPIERAJ\u0104 SI\u0118 ONE NA JU\u017b DOST\u0118PNYCH DANYCH. PONADTO INWESTYCJE HIPOTETYCZNE NIE WI\u0104\u017b\u0104 SI\u0118 Z RYZYKIEM FINANSOWYM, A ICH HISTORIA W \u017bADNYM WYPADKU NIE MO\u017bE W PE\u0141NI UWZGL\u0118DNIA\u0106 WP\u0141YWU RYZYKA FINANSOWEGO W INWESTYCJACH RZECZYWISTYCH. ISTOTNYMI KWESTIAMI, KT\u00d3RE R\u00d3WNIE\u017b MOG\u0104 NIEKORZYSTNIE WP\u0141YN\u0104\u0106 NA FAKTYCZNE WYNIKI INWESTYCJI, S\u0104 NA PRZYK\u0141AD ZDOLNO\u015a\u0106 DO POKRYCIA STRAT LUB PRZESTRZEGANIA WARUNK\u00d3W WYBRANEGO PROGRAMU INWESTYCYJNEGO POMIMO PONOSZONYCH STRAT. ISTNIEJE WIELE INNYCH CZYNNIK\u00d3W, ZWI\u0104ZANYCH OG\u00d3LNIE Z RYNKAMI ORAZ Z REALIZACJ\u0104 OKRE\u015aLONYCH PROGRAM\u00d3W INWESTYCYJNYCH, KT\u00d3RYCH NIE MO\u017bNA W PE\u0141NI UWZGL\u0118DNI\u0106 NA ETAPIE OKRE\u015aLANIA HIPOTETYCZNYCH WYNIK\u00d3W INWESTYCJI, POMIMO \u017bE WSZYSTKIE ONE MOG\u0104 NIEKORZYSTNIE WP\u0141YN\u0104\u0106 NA RZECZYWISTE WYNIKI INWESTYCJI.<br \/>\n<\/span><\/li>\n<li><span>\u017bADEN Z ASPEKT\u00d3W INFORMACJI LUB ROZWI\u0104ZA\u0143 Z ZAKRESU INWESTOWANIA SPO\u0141ECZNO\u015aCIOWEGO UDOST\u0118PNIANYCH W NASZYCH WITRYNACH INTERNETOWYCH NIE MA NA CELU PRZEKAZANIA JAKICHKOLWIEK PORAD DOTYCZ\u0104CYCH INWESTYCJI, PODATK\u00d3W LUB INNYCH KWESTII ZWI\u0104ZANYCH Z FINANSAMI ANI NIE POWINIEN BY\u0106 INTERPRETOWANY JAKO TAKIE PORADY. TAKICH TRE\u015aCI I ROZWI\u0104ZA\u0143 NIE NALE\u017bY TRAKTOWA\u0106 JAKO ZAST\u0118PUJ\u0104CYCH PROFESJONALNE PORADY FINANSOWE LUB INWESTYCYJNE. U\u017bYTKOWNICY DECYDUJ\u0104CY SI\u0118 NA ZAWARCIE TRANSAKCJI NA PODSTAWIE TRE\u015aCI DOST\u0118PNYCH W WITRYNIE INTERNETOWEJ LUB DECYDUJ\u0104CY SI\u0118 NA KOPIOWANIE OKRE\u015aLONYCH INWESTOR\u00d3W LUB TRANSAKCJI PONOSZ\u0104 WY\u0141\u0104CZN\u0104 ODPOWIEDZIALNO\u015a\u0106 ZA KONSEKWENCJE TAKICH DECYZJI I TRANSAKCJI. MIMO I\u017b POSZCZEG\u00d3LNI U\u017bYTKOWNICY MOG\u0104 OFEROWA\u0106 PORADY LUB OPINIE INWESTYCYJNE I\/LUB ZAWIERA\u0106 TRANSAKCJE, KT\u00d3RE MOG\u0104 BY\u0106 NAST\u0118PNIE KOPIOWANE PRZEZ INNYCH INWESTOR\u00d3W, TAKIE PORADY, OPINIE LUB TRANSAKCJE STANOWI\u0104 WY\u0141\u0104CZNIE WYMIAN\u0118 POGL\u0104D\u00d3W MI\u0118DZY OSOBAMI, KT\u00d3RE MOG\u0104 BY\u0106 ANONIMOWE LUB NIEMO\u017bLIWE DO ZIDENTYFIKOWANIA, B\u0104D\u0179 TE\u017b PO PROSTU REALIZACJ\u0118 TRANSAKCJI PRZEZ TAKICH INWESTOR\u00d3W. UDOST\u0118PNIAJ\u0104C TAKIE INFORMACJE I\/LUB FUNKCJE, ETORO GROUP LTD. I JEJ JEDNOSTKI STOWARZYSZONE NIE \u015aWIADCZ\u0104 US\u0141UG DORADZTWA INWESTYCYJNEGO BEZPO\u015aREDNIO, PO\u015aREDNIO, W SPOS\u00d3B DOROZUMIANY ANI W JAKIKOLWIEK INNY SPOS\u00d3B. WSZELKIE UZYSKANE ST\u0104D INFORMACJE ORAZ ROZWI\u0104ZANIA Z ZAKRESU INWESTOWANIA SPO\u0141ECZNO\u015aCIOWEGO NALE\u017bY TRAKTOWA\u0106 WY\u0141\u0104CZNIE JAKO PUNKT WYJ\u015aCIA DLA PROWADZENIA W\u0141ASNYCH, NIEZALE\u017bNYCH ANALIZ ORAZ PODEJMOWANIA DECYZJI INWESTYCYJNYCH.<\/span><\/li>\n<\/ul>\n","protected":false},"excerpt":{"rendered":"<p>Sp\u00f3\u0142ka eToro (Europe) Ltd. i jej jednostki stowarzyszone z dum\u0105 zapewniaj\u0105 mo\u017cliwo\u015b\u0107 kontaktu z innymi inwestorami, obserwowania ich i kopiowania dzi\u0119ki wykorzystywaniu informacji oraz rozwi\u0105za\u0144 z zakresu inwestowania spo\u0142eczno\u015bciowego udost\u0119pnianych w naszych witrynach internetowych i platformach inwestycyjnych. Takie rozwi\u0105zania z zakresu inwestowania spo\u0142eczno\u015bciowego obejmuj\u0105 mi\u0119dzy innymi nasz\u0105 spo\u0142eczno\u015b\u0107, rankingi inwestor\u00f3w \u201eobserwowanych\u201d i \u201ekopiowanych\u201d, w tym&hellip;<\/p>\n","protected":false},"author":45,"featured_media":0,"parent":10605,"menu_order":1308,"comment_status":"closed","ping_status":"closed","template":"","meta":{"_acf_changed":false,"inline_featured_image":false,"sticky_cta_settings":"","footnotes":""},"asset_type":[],"class_list":["post-10742","page","type-page","status-publish","hentry"],"acf":[],"yoast_head":"<title>Ryzyko zwi\u0105zane z CopyTradingiem | eToro<\/title>\n<meta name=\"description\" content=\"Jako regulowana, bezpieczna platforma, musimy informowa\u0107 u\u017cytkownik\u00f3w o ryzyku zwi\u0105zanym z inwestowaniem online. Oto, co trzeba wiedzie\u0107.\" \/>\n<meta name=\"robots\" content=\"index, follow, max-snippet:-1, max-image-preview:large, max-video-preview:-1\" \/>\n<link rel=\"canonical\" href=\"https:\/\/www.etoro.com\/pl\/wp-json\/wp\/v2\/pages\/10742\" \/>\n<meta property=\"og:locale\" content=\"pl_PL\" \/>\n<meta property=\"og:type\" content=\"article\" \/>\n<meta property=\"og:title\" content=\"Ryzyko zwi\u0105zane z CopyTradingiem | eToro\" \/>\n<meta property=\"og:description\" content=\"Jako regulowana, bezpieczna platforma, musimy informowa\u0107 u\u017cytkownik\u00f3w o ryzyku zwi\u0105zanym z inwestowaniem online. Oto, co trzeba wiedzie\u0107.\" \/>\n<meta property=\"og:url\" content=\"https:\/\/www.etoro.com\/pl\/wp-json\/wp\/v2\/pages\/10742\" \/>\n<meta property=\"og:site_name\" content=\"eToro\" \/>\n<meta property=\"article:publisher\" content=\"https:\/\/www.facebook.com\/eToro\/\" \/>\n<meta property=\"article:modified_time\" content=\"2019-01-23T14:54:37+00:00\" \/>\n<meta property=\"og:image\" content=\"https:\/\/www.etoro.com\/wp-content\/uploads\/2019\/12\/etoro_logo_social_share1.png\" \/>\n\t<meta property=\"og:image:width\" content=\"240\" \/>\n\t<meta property=\"og:image:height\" content=\"240\" \/>\n\t<meta property=\"og:image:type\" content=\"image\/png\" \/>\n<meta name=\"twitter:card\" content=\"summary_large_image\" \/>\n<meta name=\"twitter:site\" content=\"@eToro\" \/>\n<meta name=\"twitter:label1\" content=\"Est. reading time\" \/>\n\t<meta name=\"twitter:data1\" content=\"7 minutes\" \/>\n<script type=\"application\/ld+json\" class=\"yoast-schema-graph\">{\"@context\":\"https:\/\/schema.org\",\"@graph\":[{\"@type\":\"WebPage\",\"@id\":\"https:\/\/www.etoro.com\/pl\/customer-service\/copytrading-risks\/\",\"url\":\"https:\/\/www.etoro.com\/pl\/customer-service\/copytrading-risks\/\",\"name\":\"Ryzyko zwi\u0105zane z CopyTradingiem | eToro\",\"isPartOf\":{\"@id\":\"https:\/\/www.etoro.com\/pl\/#website\"},\"datePublished\":\"2017-11-20T06:43:33+00:00\",\"dateModified\":\"2019-01-23T14:54:37+00:00\",\"description\":\"Jako regulowana, bezpieczna platforma, musimy informowa\u0107 u\u017cytkownik\u00f3w o ryzyku zwi\u0105zanym z inwestowaniem online. Oto, co trzeba wiedzie\u0107.\",\"breadcrumb\":{\"@id\":\"https:\/\/www.etoro.com\/pl\/customer-service\/copytrading-risks\/#breadcrumb\"},\"inLanguage\":\"pl\",\"potentialAction\":[{\"@type\":\"ReadAction\",\"target\":[\"https:\/\/www.etoro.com\/pl\/customer-service\/copytrading-risks\/\"]}]},{\"@type\":\"BreadcrumbList\",\"@id\":\"https:\/\/www.etoro.com\/pl\/customer-service\/copytrading-risks\/#breadcrumb\",\"itemListElement\":[{\"@type\":\"ListItem\",\"position\":1,\"name\":\"Strona g\u0142\u00f3wna\",\"item\":\"https:\/\/www.etoro.com\/pl\/\"},{\"@type\":\"ListItem\",\"position\":2,\"name\":\"OBS\u0141UGI KLIENTA\",\"item\":\"https:\/\/www.etoro.com\/pl\/customer-service\/\"},{\"@type\":\"ListItem\",\"position\":3,\"name\":\"RYZYKO ZWI\u0104ZANE Z COPYTRADINGIEM\"}]},{\"@type\":\"WebSite\",\"@id\":\"https:\/\/www.etoro.com\/pl\/#website\",\"url\":\"https:\/\/www.etoro.com\/pl\/\",\"name\":\"eToro\",\"description\":\"\",\"publisher\":{\"@id\":\"https:\/\/www.etoro.com\/pl\/#organization\"},\"potentialAction\":[{\"@type\":\"SearchAction\",\"target\":{\"@type\":\"EntryPoint\",\"urlTemplate\":\"https:\/\/www.etoro.com\/pl\/?s={search_term_string}\"},\"query-input\":{\"@type\":\"PropertyValueSpecification\",\"valueRequired\":true,\"valueName\":\"search_term_string\"}}],\"inLanguage\":\"pl\"},[]]}<\/script>","yoast_head_json":{"title":"Ryzyko zwi\u0105zane z CopyTradingiem | eToro","description":"Jako regulowana, bezpieczna platforma, musimy informowa\u0107 u\u017cytkownik\u00f3w o ryzyku zwi\u0105zanym z inwestowaniem online. Oto, co trzeba wiedzie\u0107.","robots":{"index":"index","follow":"follow","max-snippet":"max-snippet:-1","max-image-preview":"max-image-preview:large","max-video-preview":"max-video-preview:-1"},"canonical":"https:\/\/www.etoro.com\/pl\/wp-json\/wp\/v2\/pages\/10742","og_locale":"pl_PL","og_type":"article","og_title":"Ryzyko zwi\u0105zane z CopyTradingiem | eToro","og_description":"Jako regulowana, bezpieczna platforma, musimy informowa\u0107 u\u017cytkownik\u00f3w o ryzyku zwi\u0105zanym z inwestowaniem online. Oto, co trzeba wiedzie\u0107.","og_url":"https:\/\/www.etoro.com\/pl\/wp-json\/wp\/v2\/pages\/10742","og_site_name":"eToro","article_publisher":"https:\/\/www.facebook.com\/eToro\/","article_modified_time":"2019-01-23T14:54:37+00:00","og_image":[{"width":240,"height":240,"url":"https:\/\/www.etoro.com\/wp-content\/uploads\/2019\/12\/etoro_logo_social_share1.png","type":"image\/png"}],"twitter_card":"summary_large_image","twitter_site":"@eToro","twitter_misc":{"Est. reading time":"7 minutes"},"schema":{"@context":"https:\/\/schema.org","@graph":[{"@type":"WebPage","@id":"https:\/\/www.etoro.com\/pl\/customer-service\/copytrading-risks\/","url":"https:\/\/www.etoro.com\/pl\/customer-service\/copytrading-risks\/","name":"Ryzyko zwi\u0105zane z CopyTradingiem | eToro","isPartOf":{"@id":"https:\/\/www.etoro.com\/pl\/#website"},"datePublished":"2017-11-20T06:43:33+00:00","dateModified":"2019-01-23T14:54:37+00:00","description":"Jako regulowana, bezpieczna platforma, musimy informowa\u0107 u\u017cytkownik\u00f3w o ryzyku zwi\u0105zanym z inwestowaniem online. Oto, co trzeba wiedzie\u0107.","breadcrumb":{"@id":"https:\/\/www.etoro.com\/pl\/customer-service\/copytrading-risks\/#breadcrumb"},"inLanguage":"pl","potentialAction":[{"@type":"ReadAction","target":["https:\/\/www.etoro.com\/pl\/customer-service\/copytrading-risks\/"]}]},{"@type":"BreadcrumbList","@id":"https:\/\/www.etoro.com\/pl\/customer-service\/copytrading-risks\/#breadcrumb","itemListElement":[{"@type":"ListItem","position":1,"name":"Strona g\u0142\u00f3wna","item":"https:\/\/www.etoro.com\/pl\/"},{"@type":"ListItem","position":2,"name":"OBS\u0141UGI KLIENTA","item":"https:\/\/www.etoro.com\/pl\/customer-service\/"},{"@type":"ListItem","position":3,"name":"RYZYKO ZWI\u0104ZANE Z COPYTRADINGIEM"}]},{"@type":"WebSite","@id":"https:\/\/www.etoro.com\/pl\/#website","url":"https:\/\/www.etoro.com\/pl\/","name":"eToro","description":"","publisher":{"@id":"https:\/\/www.etoro.com\/pl\/#organization"},"potentialAction":[{"@type":"SearchAction","target":{"@type":"EntryPoint","urlTemplate":"https:\/\/www.etoro.com\/pl\/?s={search_term_string}"},"query-input":{"@type":"PropertyValueSpecification","valueRequired":true,"valueName":"search_term_string"}}],"inLanguage":"pl"},[]]}},"_links":{"self":[{"href":"https:\/\/www.etoro.com\/pl\/wp-json\/wp\/v2\/pages\/10742"}],"collection":[{"href":"https:\/\/www.etoro.com\/pl\/wp-json\/wp\/v2\/pages"}],"about":[{"href":"https:\/\/www.etoro.com\/pl\/wp-json\/wp\/v2\/types\/page"}],"author":[{"embeddable":true,"href":"https:\/\/www.etoro.com\/pl\/wp-json\/wp\/v2\/users\/45"}],"replies":[{"embeddable":true,"href":"https:\/\/www.etoro.com\/pl\/wp-json\/wp\/v2\/comments?post=10742"}],"version-history":[{"count":0,"href":"https:\/\/www.etoro.com\/pl\/wp-json\/wp\/v2\/pages\/10742\/revisions"}],"up":[{"embeddable":true,"href":"https:\/\/www.etoro.com\/pl\/wp-json\/wp\/v2\/pages\/10605"}],"wp:attachment":[{"href":"https:\/\/www.etoro.com\/pl\/wp-json\/wp\/v2\/media?parent=10742"}],"wp:term":[{"taxonomy":"asset_type","embeddable":true,"href":"https:\/\/www.etoro.com\/pl\/wp-json\/wp\/v2\/asset_type?post=10742"}],"curies":[{"name":"wp","href":"https:\/\/api.w.org\/{rel}","templated":true}]}}