{"id":10778,"date":"2017-09-11T09:47:51","date_gmt":"2017-09-11T06:47:51","guid":{"rendered":"\/etoro\/about\/economic-calendar\/"},"modified":"2024-01-10T15:10:03","modified_gmt":"2024-01-10T13:10:03","slug":"economic-calendar","status":"publish","type":"page","link":"https:\/\/www.etoro.com\/pl\/trading\/economic-calendar\/","title":{"rendered":"Kalendarz ekonomiczny eToro"},"content":{"rendered":"<p>Kursy wielu instrument\u00f3w staj\u0105 si\u0119 wysoce zmienne, gdy na rynku maj\u0105 miejsce pewne wydarzenia finansowe. Na przyk\u0142ad comiesi\u0119czne sprawozdanie o poziomie wynagrodze\u0144 w sektorze pozarolniczym w Stanach Zjednoczonych cz\u0119sto wp\u0142ywa na kurs dolara ameryka\u0144skiego. Aby wykorzystywa\u0107 nadarzaj\u0105ce si\u0119 okazje zwi\u0105zane z wahaniami kurs\u00f3w rynkowych, trzeba by\u0107 na bie\u017c\u0105co z najnowszymi wydarzeniami na globalnych rynkach. W kalendarzu ekonomicznym eToro znajdziesz wszystkie istotne wydarzenia oraz informacje dotycz\u0105ce tego, na kt\u00f3re waluty wp\u0142ywaj\u0105, wraz z poziomem istotno\u015bci.<\/p>\n<h2>Jak korzysta\u0107 z kalendarza ekonomicznego:<\/h2>\n<ol>\n<li>Wybierz stref\u0119 czasow\u0105 i daty istotne dla Twoich inwestycji (domy\u015blnie: Twoja strefa czasowa i bie\u017c\u0105cy tydzie\u0144)<\/li>\n<li>Sprawd\u017a, kt\u00f3re wydarzenia maj\u0105 wp\u0142yw na instrumenty, w kt\u00f3re inwestujesz<\/li>\n<li>Sprawd\u017a wp\u0142yw ka\u017cdego z wydarze\u0144<\/li>\n<li>Odpowiednio zaplanuj swoj\u0105 strategi\u0119<\/li>\n<\/ol>\n<p><iframe loading=\"lazy\" src=\"https:\/\/sslecal2.forexprostools.com?columns=exc_flags,exc_currency,exc_importance,exc_actual,exc_forecast,exc_previous&amp;category=_employment,_economicActivity,_inflation,_credit,_centralBanks,_confidenceIndex,_balance,_Bonds&amp;importance=1,2,3&amp;features=datepicker,timezone&amp;countries=25,32,6,37,72,22,17,39,14,48,10,35,7,43,60,36,110,11,26,12,4,5&amp;calType=week&amp;lang=15\" width=\"100%\" height=\"950px\"><\/iframe><\/p>\n","protected":false},"excerpt":{"rendered":"<p>Kursy wielu instrument\u00f3w staj\u0105 si\u0119 wysoce zmienne, gdy na rynku maj\u0105 miejsce pewne wydarzenia finansowe. Na przyk\u0142ad comiesi\u0119czne sprawozdanie o poziomie wynagrodze\u0144 w sektorze pozarolniczym w Stanach Zjednoczonych cz\u0119sto wp\u0142ywa na kurs dolara ameryka\u0144skiego. Aby wykorzystywa\u0107 nadarzaj\u0105ce si\u0119 okazje zwi\u0105zane z wahaniami kurs\u00f3w rynkowych, trzeba by\u0107 na bie\u017c\u0105co z najnowszymi wydarzeniami na globalnych rynkach. W&hellip;<\/p>\n","protected":false},"author":45,"featured_media":0,"parent":18389,"menu_order":1687,"comment_status":"closed","ping_status":"closed","template":"","meta":{"_acf_changed":false,"inline_featured_image":false,"sticky_cta_settings":"","footnotes":""},"asset_type":[],"class_list":["post-10778","page","type-page","status-publish","hentry"],"acf":[],"yoast_head":"<title>Kalendarz ekonomiczny: wiadomo\u015bci i wydarzenia finansowe na \u017cywo | eToro<\/title>\n<meta name=\"description\" content=\"Wszystkie istotne wydarzenia finansowe, aktualizowane w czasie rzeczywistym, a tak\u017ce informacje dotycz\u0105ce walut, na kt\u00f3re maj\u0105 one wp\u0142yw.\" \/>\n<meta name=\"robots\" content=\"index, follow, max-snippet:-1, max-image-preview:large, max-video-preview:-1\" \/>\n<link rel=\"canonical\" href=\"https:\/\/www.etoro.com\/pl\/wp-json\/wp\/v2\/pages\/10778\" \/>\n<meta property=\"og:locale\" content=\"pl_PL\" \/>\n<meta property=\"og:type\" content=\"article\" \/>\n<meta property=\"og:title\" content=\"Kalendarz ekonomiczny: wiadomo\u015bci i wydarzenia finansowe na \u017cywo | eToro\" \/>\n<meta property=\"og:description\" content=\"Wszystkie istotne wydarzenia finansowe, aktualizowane w czasie rzeczywistym, a tak\u017ce informacje dotycz\u0105ce walut, na kt\u00f3re maj\u0105 one wp\u0142yw.\" \/>\n<meta property=\"og:url\" content=\"https:\/\/www.etoro.com\/pl\/wp-json\/wp\/v2\/pages\/10778\" \/>\n<meta property=\"og:site_name\" content=\"eToro\" \/>\n<meta property=\"article:publisher\" content=\"https:\/\/www.facebook.com\/eToro\/\" \/>\n<meta property=\"article:modified_time\" content=\"2024-01-10T13:10:03+00:00\" \/>\n<meta property=\"og:image\" content=\"https:\/\/www.etoro.com\/wp-content\/uploads\/2019\/12\/etoro_logo_social_share1.png\" \/>\n\t<meta property=\"og:image:width\" content=\"240\" \/>\n\t<meta property=\"og:image:height\" content=\"240\" \/>\n\t<meta property=\"og:image:type\" content=\"image\/png\" \/>\n<meta name=\"twitter:card\" content=\"summary_large_image\" \/>\n<meta name=\"twitter:site\" content=\"@eToro\" \/>\n<meta name=\"twitter:label1\" content=\"Est. reading time\" \/>\n\t<meta name=\"twitter:data1\" content=\"1 minute\" \/>\n<script type=\"application\/ld+json\" class=\"yoast-schema-graph\">{\"@context\":\"https:\/\/schema.org\",\"@graph\":[{\"@type\":\"WebPage\",\"@id\":\"https:\/\/www.etoro.com\/pl\/trading\/economic-calendar\/\",\"url\":\"https:\/\/www.etoro.com\/pl\/trading\/economic-calendar\/\",\"name\":\"Kalendarz ekonomiczny: wiadomo\u015bci i wydarzenia finansowe na \u017cywo | eToro\",\"isPartOf\":{\"@id\":\"https:\/\/www.etoro.com\/pl\/#website\"},\"datePublished\":\"2017-09-11T06:47:51+00:00\",\"dateModified\":\"2024-01-10T13:10:03+00:00\",\"description\":\"Wszystkie istotne wydarzenia finansowe, aktualizowane w czasie rzeczywistym, a tak\u017ce informacje dotycz\u0105ce walut, na kt\u00f3re maj\u0105 one wp\u0142yw.\",\"breadcrumb\":{\"@id\":\"https:\/\/www.etoro.com\/pl\/trading\/economic-calendar\/#breadcrumb\"},\"inLanguage\":\"pl\",\"potentialAction\":[{\"@type\":\"ReadAction\",\"target\":[\"https:\/\/www.etoro.com\/pl\/trading\/economic-calendar\/\"]}]},{\"@type\":\"BreadcrumbList\",\"@id\":\"https:\/\/www.etoro.com\/pl\/trading\/economic-calendar\/#breadcrumb\",\"itemListElement\":[{\"@type\":\"ListItem\",\"position\":1,\"name\":\"Strona g\u0142\u00f3wna\",\"item\":\"https:\/\/www.etoro.com\/pl\/\"},{\"@type\":\"ListItem\",\"position\":2,\"name\":\"Inwestycje kr\u00f3tkoterminowe\",\"item\":\"https:\/\/www.etoro.com\/pl\/trading\/\"},{\"@type\":\"ListItem\",\"position\":3,\"name\":\"KALENDARZ EKONOMICZNY\"}]},{\"@type\":\"WebSite\",\"@id\":\"https:\/\/www.etoro.com\/pl\/#website\",\"url\":\"https:\/\/www.etoro.com\/pl\/\",\"name\":\"eToro\",\"description\":\"\",\"publisher\":{\"@id\":\"https:\/\/www.etoro.com\/pl\/#organization\"},\"potentialAction\":[{\"@type\":\"SearchAction\",\"target\":{\"@type\":\"EntryPoint\",\"urlTemplate\":\"https:\/\/www.etoro.com\/pl\/?s={search_term_string}\"},\"query-input\":{\"@type\":\"PropertyValueSpecification\",\"valueRequired\":true,\"valueName\":\"search_term_string\"}}],\"inLanguage\":\"pl\"},[]]}<\/script>","yoast_head_json":{"title":"Kalendarz ekonomiczny: wiadomo\u015bci i wydarzenia finansowe na \u017cywo | eToro","description":"Wszystkie istotne wydarzenia finansowe, aktualizowane w czasie rzeczywistym, a tak\u017ce informacje dotycz\u0105ce walut, na kt\u00f3re maj\u0105 one wp\u0142yw.","robots":{"index":"index","follow":"follow","max-snippet":"max-snippet:-1","max-image-preview":"max-image-preview:large","max-video-preview":"max-video-preview:-1"},"canonical":"https:\/\/www.etoro.com\/pl\/wp-json\/wp\/v2\/pages\/10778","og_locale":"pl_PL","og_type":"article","og_title":"Kalendarz ekonomiczny: wiadomo\u015bci i wydarzenia finansowe na \u017cywo | eToro","og_description":"Wszystkie istotne wydarzenia finansowe, aktualizowane w czasie rzeczywistym, a tak\u017ce informacje dotycz\u0105ce walut, na kt\u00f3re maj\u0105 one wp\u0142yw.","og_url":"https:\/\/www.etoro.com\/pl\/wp-json\/wp\/v2\/pages\/10778","og_site_name":"eToro","article_publisher":"https:\/\/www.facebook.com\/eToro\/","article_modified_time":"2024-01-10T13:10:03+00:00","og_image":[{"width":240,"height":240,"url":"https:\/\/www.etoro.com\/wp-content\/uploads\/2019\/12\/etoro_logo_social_share1.png","type":"image\/png"}],"twitter_card":"summary_large_image","twitter_site":"@eToro","twitter_misc":{"Est. reading time":"1 minute"},"schema":{"@context":"https:\/\/schema.org","@graph":[{"@type":"WebPage","@id":"https:\/\/www.etoro.com\/pl\/trading\/economic-calendar\/","url":"https:\/\/www.etoro.com\/pl\/trading\/economic-calendar\/","name":"Kalendarz ekonomiczny: wiadomo\u015bci i wydarzenia finansowe na \u017cywo | eToro","isPartOf":{"@id":"https:\/\/www.etoro.com\/pl\/#website"},"datePublished":"2017-09-11T06:47:51+00:00","dateModified":"2024-01-10T13:10:03+00:00","description":"Wszystkie istotne wydarzenia finansowe, aktualizowane w czasie rzeczywistym, a tak\u017ce informacje dotycz\u0105ce walut, na kt\u00f3re maj\u0105 one wp\u0142yw.","breadcrumb":{"@id":"https:\/\/www.etoro.com\/pl\/trading\/economic-calendar\/#breadcrumb"},"inLanguage":"pl","potentialAction":[{"@type":"ReadAction","target":["https:\/\/www.etoro.com\/pl\/trading\/economic-calendar\/"]}]},{"@type":"BreadcrumbList","@id":"https:\/\/www.etoro.com\/pl\/trading\/economic-calendar\/#breadcrumb","itemListElement":[{"@type":"ListItem","position":1,"name":"Strona g\u0142\u00f3wna","item":"https:\/\/www.etoro.com\/pl\/"},{"@type":"ListItem","position":2,"name":"Inwestycje kr\u00f3tkoterminowe","item":"https:\/\/www.etoro.com\/pl\/trading\/"},{"@type":"ListItem","position":3,"name":"KALENDARZ EKONOMICZNY"}]},{"@type":"WebSite","@id":"https:\/\/www.etoro.com\/pl\/#website","url":"https:\/\/www.etoro.com\/pl\/","name":"eToro","description":"","publisher":{"@id":"https:\/\/www.etoro.com\/pl\/#organization"},"potentialAction":[{"@type":"SearchAction","target":{"@type":"EntryPoint","urlTemplate":"https:\/\/www.etoro.com\/pl\/?s={search_term_string}"},"query-input":{"@type":"PropertyValueSpecification","valueRequired":true,"valueName":"search_term_string"}}],"inLanguage":"pl"},[]]}},"_links":{"self":[{"href":"https:\/\/www.etoro.com\/pl\/wp-json\/wp\/v2\/pages\/10778"}],"collection":[{"href":"https:\/\/www.etoro.com\/pl\/wp-json\/wp\/v2\/pages"}],"about":[{"href":"https:\/\/www.etoro.com\/pl\/wp-json\/wp\/v2\/types\/page"}],"author":[{"embeddable":true,"href":"https:\/\/www.etoro.com\/pl\/wp-json\/wp\/v2\/users\/45"}],"replies":[{"embeddable":true,"href":"https:\/\/www.etoro.com\/pl\/wp-json\/wp\/v2\/comments?post=10778"}],"version-history":[{"count":0,"href":"https:\/\/www.etoro.com\/pl\/wp-json\/wp\/v2\/pages\/10778\/revisions"}],"up":[{"embeddable":true,"href":"https:\/\/www.etoro.com\/pl\/wp-json\/wp\/v2\/pages\/18389"}],"wp:attachment":[{"href":"https:\/\/www.etoro.com\/pl\/wp-json\/wp\/v2\/media?parent=10778"}],"wp:term":[{"taxonomy":"asset_type","embeddable":true,"href":"https:\/\/www.etoro.com\/pl\/wp-json\/wp\/v2\/asset_type?post=10778"}],"curies":[{"name":"wp","href":"https:\/\/api.w.org\/{rel}","templated":true}]}}