{"id":1116314,"date":"2025-08-06T16:55:05","date_gmt":"2025-08-06T13:55:05","guid":{"rendered":"https:\/\/www.etoro.com\/trading\/platforms\/tori\/"},"modified":"2025-08-06T18:23:22","modified_gmt":"2025-08-06T15:23:22","slug":"tori","status":"publish","type":"page","link":"https:\/\/www.etoro.com\/pl\/trading\/platforms\/tori\/","title":{"rendered":"Tori"},"content":{"rendered":"\n<div class=\"wp-block-etoro-half-cover has-white-background-color\">\n<div class=\"wp-block-etoro-half-cover-left\"><p id=\"breadcrumbs\" class=\"gray-dark\"><span><span><a href=\"https:\/\/www.etoro.com\/pl\/\">Strona g\u0142\u00f3wna<\/a><\/span><\/span><\/p>\n<h1 class=\"wp-block-heading is-style-banner-title\"><strong>TORI<\/strong>Tw\u00f3j inwestycyjny towarzysz AI<\/h1>\n\n\n\n<p>M\u0105drzejsze decyzje. Szybsze odpowiedzi. Spersonalizowane analizy.<\/p>\n\n\n\n<div class=\"wp-block-buttons is-layout-flex wp-block-buttons-is-layout-flex\">\n<a class=\"e-cta e-cta-primary\" href=\"http:\/\/etoro.com\/home?bscarousel=tori_intro_carousel\">Wypr\u00f3buj Tori<\/a>\n<\/div>\n<\/div>\n\n\n\n<div class=\"wp-block-etoro-half-cover-right\">\n<img decoding=\"async\" src=\"https:\/\/www.etoro.com\/wp-content\/uploads\/2025\/08\/Tori_main_desktop.png\" alt=\"\" class=\"wp-block-etoro-half-cover-media\"\/><img decoding=\"async\" src=\"https:\/\/www.etoro.com\/wp-content\/uploads\/2025\/08\/Tori_Desktop-1.png\" alt=\"\" class=\"wp-block-etoro-half-cover-media-desktop\"\/><img decoding=\"async\" src=\"https:\/\/www.etoro.com\/wp-content\/uploads\/2025\/08\/Tori_tablet.png\" alt=\"\" class=\"wp-block-etoro-half-cover-media-tablet\"\/><img decoding=\"async\" src=\"https:\/\/www.etoro.com\/wp-content\/uploads\/2025\/08\/Tori_mobile.png\" alt=\"\" class=\"wp-block-etoro-half-cover-media-mobile\"\/>\n<\/div>\n<\/div>\n\n\n\n<section class=\"wp-block-group wp-block-group-boxed\"><div class=\"wp-block-group-inner is-layout-flow wp-block-group-is-layout-flow\">\n<h2 class=\"wp-block-heading has-text-align-center\"><b class=\"wp-etoro-format-colored-green\">Odkrywaj,<\/b> <strong>ucz si\u0119<\/strong>, <b class=\"wp-etoro-format-colored-green\">analizuj<\/b><\/h2>\n\n\n\n<p class=\"has-text-align-center\">Tori dostarcza dane, dog\u0142\u0119bne spostrze\u017cenia i analizy za po\u015brednictwem jednego prostego i interaktywnego czatu.<\/p>\n<\/div><\/section>\n\n\n\n<section class=\"wp-block-group wp-block-group-boxed has-white-background-color has-background\"><div class=\"wp-block-group-inner is-layout-flow wp-block-group-is-layout-flow\">\n<div class=\"wp-block-columns are-vertically-aligned-center wp-block-columns-2 is-layout-flex wp-container-core-columns-is-layout-1 wp-block-columns-is-layout-flex\">\n<div class=\"wp-block-column is-layout-flow wp-block-column-is-layout-flow\">\n<figure class=\"wp-block-image size-full wp-block-image-has-mobile\"><img loading=\"lazy\" decoding=\"async\" width=\"1152\" height=\"800\" src=\"https:\/\/www.etoro.com\/wp-content\/uploads\/2025\/08\/Cube-desktop-X2-3-3.gif\" alt=\"\" class=\"wp-image-1116232 wp-image-desktop\"\/><img loading=\"lazy\" decoding=\"async\" width=\"1152\" height=\"800\" src=\"https:\/\/www.etoro.com\/wp-content\/uploads\/2025\/08\/Cube-mobile-X23-1.gif\" alt=\"\" class=\"wp-image-1116200 wp-image-mobile\"\/><\/figure>\n\n\n\n<p class=\"is-style-disclaimer\">*Wy\u0142\u0105cznie do cel\u00f3w ilustracyjnych<\/p>\n<\/div>\n\n\n\n<div class=\"wp-block-column is-text-column is-layout-flow wp-block-column-is-layout-flow\">\n<p class=\"is-style-heading-2\"><strong>Odkryj <b class=\"wp-etoro-format-colored-green\">nowe mo\u017cliwo\u015bci inwestycyjne<\/b><\/strong><\/p>\n\n\n\n<p>Gdy zadajesz pytanie, Tori dostarcza Ci przejrzyste dane i informacje w czasie rzeczywistym, aby odkry\u0107 nowe mo\u017cliwo\u015bci inwestycyjne.<\/p>\n\n\n\n<div class=\"wp-block-buttons is-layout-flex wp-block-buttons-is-layout-flex\">\n<a class=\"e-cta e-cta-primary\" href=\"http:\/\/etoro.com\/home?bscarousel=tori_intro_carousel\">Zapytaj Tori<\/a>\n<\/div>\n<\/div>\n<\/div>\n<\/div><\/section>\n\n\n\n<section class=\"wp-block-group wp-block-group-boxed has-dark-blue-background-color has-background\"><div class=\"wp-block-group-inner is-layout-flow wp-block-group-is-layout-flow\">\n<div class=\"wp-block-columns are-vertically-aligned-center wp-block-columns-2 is-layout-flex wp-container-core-columns-is-layout-2 wp-block-columns-is-layout-flex\">\n<div class=\"wp-block-column is-text-column is-layout-flow wp-block-column-is-layout-flow\">\n<h2 class=\"wp-block-heading\"><strong><b class=\"wp-etoro-format-colored-green\">Uzyskaj dog\u0142\u0119bne informacje o rynku <\/b>dostosowane do swoich zainteresowa\u0144<\/strong><\/h2>\n\n\n\n<p>Tori zamienia Twoje pytania w praktyczne informacje. Uzyskaj analiz\u0119 na \u017c\u0105danie, aby by\u0107 na bie\u017c\u0105co, zachowa\u0107 r\u00f3wnowag\u0119 i kontrol\u0119.<\/p>\n\n\n\n<div class=\"wp-block-buttons is-layout-flex wp-block-buttons-is-layout-flex\">\n<a class=\"e-cta e-cta-primary\" href=\"http:\/\/etoro.com\/home?bscarousel=tori_intro_carousel\">Analizuj z Tori<\/a>\n<\/div>\n<\/div>\n\n\n\n<div class=\"wp-block-column is-layout-flow wp-block-column-is-layout-flow\">\n<p class=\"is-style-disclaimer\"><\/p>\n\n\n\n<figure class=\"wp-block-video\"><video autoplay loop muted src=\"https:\/\/www.etoro.com\/wp-content\/uploads\/2025\/08\/Question-desktop-option-3-X2-1-1.mp4\" playsinline><\/video><\/figure>\n\n\n\n<p class=\"is-style-disclaimer\">*Wy\u0142\u0105cznie do cel\u00f3w ilustracyjnych<\/p>\n<\/div>\n<\/div>\n<\/div><\/section>\n\n\n\n<section class=\"wp-block-group wp-block-group-boxed has-white-background-color has-background\"><div class=\"wp-block-group-inner is-layout-flow wp-block-group-is-layout-flow\">\n<div class=\"wp-block-columns are-vertically-aligned-center wp-block-columns-2 is-layout-flex wp-container-core-columns-is-layout-3 wp-block-columns-is-layout-flex\">\n<div class=\"wp-block-column is-layout-flow wp-block-column-is-layout-flow\">\n<figure class=\"wp-block-image size-full\"><img loading=\"lazy\" decoding=\"async\" width=\"576\" height=\"400\" src=\"https:\/\/www.etoro.com\/wp-content\/uploads\/2025\/08\/Level-up-your-investing-knowledge.png\" alt=\"\" class=\"wp-image-1112883 wp-image-desktop\" srcset=\"https:\/\/www.etoro.com\/wp-content\/uploads\/2025\/08\/Level-up-your-investing-knowledge.png 576w, https:\/\/www.etoro.com\/wp-content\/uploads\/2025\/08\/Level-up-your-investing-knowledge-300x208.png 300w\" sizes=\"(max-width: 576px) 100vw, 576px\" \/><\/figure>\n<\/div>\n\n\n\n<div class=\"wp-block-column is-text-column is-layout-flow wp-block-column-is-layout-flow\">\n<h2 class=\"wp-block-heading\"><strong>Podnie\u015b poziom <b class=\"wp-etoro-format-colored-green\">swojej wiedzy inwestycyjnej<\/b><\/strong><\/h2>\n\n\n\n<p>Po prostu zapytaj, a Tori dostarczy Ci dostosowane do Twoich potrzeb lekcje, wskaz\u00f3wki i przewodniki z <a href=\"https:\/\/www.etoro.com\/academy\/\">Akademii eToro<\/a>, kt\u00f3re pomog\u0105 Ci na bie\u017c\u0105co zdobywa\u0107 wiedz\u0119 o inwestowaniu.<\/p>\n\n\n\n<div class=\"wp-block-buttons is-layout-flex wp-block-buttons-is-layout-flex\">\n<a class=\"e-cta e-cta-primary\" href=\"http:\/\/etoro.com\/home?bscarousel=tori_intro_carousel\">Ucz si\u0119 z Tori<\/a>\n<\/div>\n<\/div>\n<\/div>\n<\/div><\/section>\n\n\n\n<section class=\"wp-block-group wp-block-group-boxed has-dark-blue-background-color has-background\"><div class=\"wp-block-group-inner is-layout-flow wp-block-group-is-layout-flow\">\n<h2 class=\"wp-block-heading has-text-align-center\"><strong>Coraz m\u0105drzejszy, <b class=\"wp-etoro-format-colored-green\">w g\u0142\u0119bi duszy wci\u0105\u017c ludzki<\/b><\/strong><\/h2>\n\n\n\n<p class=\"has-text-align-center\">Tori jest tutaj nie po to, aby zast\u0105pi\u0107 ludzki wymiar inwestowania, ale by sprawi\u0107, \u017ce Twoje do\u015bwiadczenia inwestycyjne b\u0119d\u0105 jeszcze lepsze. Zawsze gdy potrzebujesz indywidualnego wsparcia lub pomocy eksperta, mo\u017cesz skontaktowa\u0107 si\u0119 z naszym zespo\u0142em obs\u0142ugi klienta.<\/p>\n\n\n\n<p class=\"has-text-align-center\">Podobnie jak w przypadku ka\u017cdego produktu opartego na sztucznej inteligencji Tori nieustannie si\u0119 uczy i ulepsza. Z ka\u017cd\u0105 interakcj\u0105 i aktualizacj\u0105 staramy si\u0119, aby Tori by\u0142 m\u0105drzejszy, dok\u0142adniejszy i bardziej pomocny \u2013 tak aby z czasem Twoje do\u015bwiadczenia inwestycyjne by\u0142y coraz lepsze.<\/p>\n\n\n\n<div class=\"wp-block-buttons is-content-justification-center is-layout-flex wp-container-core-buttons-is-layout-5 wp-block-buttons-is-layout-flex\">\n<a class=\"e-cta e-cta-primary\" href=\"http:\/\/etoro.com\/home?bscarousel=tori_intro_carousel\">Zapytaj Tori<\/a>\n<\/div>\n\n\n\n<p class=\"has-text-align-center is-style-disclaimer\">*Wdra\u017cane stopniowo. Obecnie dost\u0119pne dla wybranych u\u017cytkownik\u00f3w w wybranych regionach.<\/p>\n<\/div><\/section>\n\n\n\n<section class=\"wp-block-group wp-block-group-boxed has-white-background-color has-background\"><div class=\"wp-block-group-inner is-layout-flow wp-block-group-is-layout-flow\">\n<h2 class=\"wp-block-heading has-text-align-center\">FAQ<\/h2>\n\n\n\n<dl class=\"wp-block-etoro-faq\">\n<div class=\"wp-block-etoro-faq-item\"><dt class=\"wp-block-etoro-faq-item-question\">Czym jest Tori?<\/dt><dd class=\"wp-block-etoro-faq-item-answer\">\n<p>Tori jest opartym na sztucznej inteligencji towarzyszem inwestycyjnym eToro. Pomaga poznawa\u0107 rynki, analizowa\u0107 Tw\u00f3j portfel, zdobywa\u0107 wiedz\u0119 na temat inwestowania i porusza\u0107 si\u0119 po platformie \u2013 a wszystko to za po\u015brednictwem prostego, naturalnego czatu.<\/p>\n<\/dd><\/div>\n\n\n\n<div class=\"wp-block-etoro-faq-item\"><dt class=\"wp-block-etoro-faq-item-question\">Jak uzyska\u0107 dost\u0119p do Tori?<\/dt><dd class=\"wp-block-etoro-faq-item-answer\">\n<p>Ikon\u0119 Tori znajdziesz w prawym g\u00f3rnym rogu kluczowych ekran\u00f3w platformy eToro \u2014 takich jak strony Odkryj, Portfel i Aktywa. Aby otworzy\u0107 czat, wystarczy klikn\u0105\u0107 ikon\u0119. Pytania sugerowane przez Tori zale\u017c\u0105 od tego, gdzie jeste\u015b na platformie, ale mo\u017cesz zada\u0107 jakiekolwiek pytanie w dowolnej chwili.<\/p>\n<\/dd><\/div>\n\n\n\n<div class=\"wp-block-etoro-faq-item\"><dt class=\"wp-block-etoro-faq-item-question\">O co mog\u0119 zapyta\u0107 Tori?<\/dt><dd class=\"wp-block-etoro-faq-item-answer\">\n<p>O prawie wszystko, co ma zwi\u0105zek z inwestowaniem! Na przyk\u0142ad:<\/p>\n\n\n\n<p>\u201ePor\u00f3wnaj Tesl\u0119 i Nvidi\u0119\u201d<\/p>\n\n\n\n<p>\u201eCo to jest analiza techniczna?\u201d<\/p>\n\n\n\n<p>\u201eJakie akcje ciesz\u0105 si\u0119 najwi\u0119ksz\u0105 popularno\u015bci\u0105?\u201d<\/p>\n\n\n\n<p>\u201eGdzie znajd\u0119 m\u00f3j kalendarz wynik\u00f3w finansowych?\u201d<\/p>\n\n\n\n<p>Tori udzieli, w czasie rzeczywistym, jasnych odpowiedzi precyzyjnie odpowiadaj\u0105cych na Twoje zapytanie<\/p>\n<\/dd><\/div>\n\n\n\n<div class=\"wp-block-etoro-faq-item\"><dt class=\"wp-block-etoro-faq-item-question\">Czy Tori mo\u017ce przeanalizowa\u0107 m\u00f3j portfel?<\/dt><dd class=\"wp-block-etoro-faq-item-answer\">\n<p>Tak \u2013 je\u015bli Tw\u00f3j portfel jest publiczny. Tori mo\u017ce przekaza\u0107 Ci og\u00f3lne spostrze\u017cenia dotycz\u0105ce sk\u0142adu portfela, np. koncentracji aktyw\u00f3w i ekspozycji sektorowej. Je\u015bli Tw\u00f3j portfel jest prywatny, Tori nie b\u0119dzie mie\u0107 do niego dost\u0119pu.<\/p>\n<\/dd><\/div>\n\n\n\n<div class=\"wp-block-etoro-faq-item\"><dt class=\"wp-block-etoro-faq-item-question\">Czy Tori naprawd\u0119 jest sztuczn\u0105 inteligencj\u0105?<\/dt><dd class=\"wp-block-etoro-faq-item-answer\">\n<p>Tak. Tori wykorzystuje zaawansowan\u0105 technologi\u0119 sztucznej inteligencji opracowan\u0105 przez eToro. W niekt\u00f3rych przypadkach wykorzystuje r\u00f3wnie\u017c uprzednio zdefiniowane sekwencje czynno\u015bci lub logik\u0119 chatbota, aby poprawi\u0107 niezawodno\u015b\u0107.<\/p>\n<\/dd><\/div>\n\n\n\n<div class=\"wp-block-etoro-faq-item\"><dt class=\"wp-block-etoro-faq-item-question\">Czy Tori mo\u017ce udziela\u0107 porad inwestycyjnych?<\/dt><dd class=\"wp-block-etoro-faq-item-answer\">\n<p>Nie. Tori nie udziela porad finansowych ani inwestycyjnych. Udziela informacji, uczy i daje wskaz\u00f3wki, kt\u00f3re pozwol\u0105 Ci podejmowa\u0107 bardziej \u015bwiadome decyzje \u2013 ale ostateczna decyzja zawsze nale\u017cy do Ciebie.<\/p>\n<\/dd><\/div>\n\n\n\n<div class=\"wp-block-etoro-faq-item\"><dt class=\"wp-block-etoro-faq-item-question\">Czy Tori zast\u0105pi obs\u0142ug\u0119 klienta?<\/dt><dd class=\"wp-block-etoro-faq-item-answer\">\n<p>Nie. Tori jedynie uzupe\u0142nia nasz zesp\u00f3\u0142 obs\u0142ugi klienta. Je\u015bli Twoje zapytanie wymaga indywidualnej pomocy, Tori po\u0142\u0105czy Ci\u0119 bezpo\u015brednio z dzia\u0142em obs\u0142ugi klienta.<\/p>\n<\/dd><\/div>\n\n\n\n<div class=\"wp-block-etoro-faq-item\"><dt class=\"wp-block-etoro-faq-item-question\">Czy Tori mo\u017ce zobaczy\u0107 moje listy obserwowanych?<\/dt><dd class=\"wp-block-etoro-faq-item-answer\">\n<p>Jeszcze nie &#8211; ale mamy to w planach na przysz\u0142o\u015b\u0107<\/p>\n<\/dd><\/div>\n\n\n\n<div class=\"wp-block-etoro-faq-item\"><dt class=\"wp-block-etoro-faq-item-question\">Czy Tori ma dost\u0119p do moich danych osobowych?<\/dt><dd class=\"wp-block-etoro-faq-item-answer\">\n<p>Nie \u2013 chyba \u017ce u\u017cywasz wersji przeznaczonej do obs\u0142ugi klienta. W przeciwnym razie Tori wykorzystuje wy\u0142\u0105cznie dane publiczne dost\u0119pne na platformie (np. dane rynkowe, profile aktyw\u00f3w i portfele publiczne)<\/p>\n<\/dd><\/div>\n\n\n\n<div class=\"wp-block-etoro-faq-item\"><dt class=\"wp-block-etoro-faq-item-question\">Czy mog\u0119 zobaczy\u0107 poprzednie rozmowy z Tori?<\/dt><dd class=\"wp-block-etoro-faq-item-answer\">\n<p>Tak. Mo\u017cesz uzyska\u0107 dost\u0119p do swoich poprzednich rozm\u00f3w z Tori w menu \u2630 w oknie czatu. Historia rozm\u00f3w jest przechowywana przez 30 dni i resetuje si\u0119, je\u015bli odpowiesz na starsz\u0105 wiadomo\u015b\u0107.<\/p>\n<\/dd><\/div>\n<\/dl>\n<\/div><\/section>\n\n\n\n<section class=\"wp-block-group wp-block-group-boxed\"><div class=\"wp-block-group-inner is-layout-flow wp-block-group-is-layout-flow\">\n<p class=\"is-style-disclaimer\">Niniejsza wiadomo\u015b\u0107 s\u0142u\u017cy wy\u0142\u0105cznie celom informacyjnym i edukacyjnym i nie nale\u017cy jej traktowa\u0107 jako porady inwestycyjnej, osobistej rekomendacji, oferty lub zach\u0119ty do kupna lub sprzeda\u017cy jakichkolwiek instrument\u00f3w finansowych. Niniejszy materia\u0142 zosta\u0142 przygotowany bez uwzgl\u0119dnienia cel\u00f3w inwestycyjnych lub sytuacji finansowej \u017cadnego konkretnego odbiorcy i nie zosta\u0142 przygotowany zgodnie z wymogami prawnymi i regulacyjnymi dotycz\u0105cymi promowania niezale\u017cnych bada\u0144. Wszelkie odniesienia do przesz\u0142ych lub przysz\u0142ych wynik\u00f3w instrumentu finansowego, indeksu lub produktu inwestycyjnego w pakietach nie s\u0105 i nie powinny by\u0107 traktowane jako wiarygodny wska\u017anik przysz\u0142ych wynik\u00f3w. eToro nie sk\u0142ada \u017cadnych o\u015bwiadcze\u0144 ani nie ponosi odpowiedzialno\u015bci w zakresie dok\u0142adno\u015bci lub kompletno\u015bci tre\u015bci tej publikacji.<\/p>\n\n\n\n<p class=\"is-style-disclaimer\">Ta reklama nie zosta\u0142a zweryfikowana przez Monetary Authority of Singapore.<\/p>\n\n\n\n<p class=\"is-style-disclaimer\">Tori nie udziela porad inwestycyjnych.<\/p>\n\n\n\n<p class=\"is-style-disclaimer\">Tori jest narz\u0119dziem opartym na sztucznej inteligencji, stworzonym do przekazywania tre\u015bci edukacyjnych, danych i og\u00f3lnych informacji o rynku. Nie bierze pod uwag\u0119 Twoich okoliczno\u015bci osobistych i nie nale\u017cy na nim polega\u0107 przy podejmowaniu decyzji inwestycyjnych. Tw\u00f3j kapita\u0142 jest nara\u017cony na ryzyko. Wyniki osi\u0105gni\u0119te w przesz\u0142o\u015bci nie s\u0105 wyznacznikiem przysz\u0142ych wynik\u00f3w.<\/p>\n\n\n\n<p class=\"is-style-disclaimer\">eToro nie sk\u0142ada \u017cadnych deklaracji i nie ponosi odpowiedzialno\u015bci za dok\u0142adno\u015b\u0107 ani kompletno\u015b\u0107 wygenerowanych odpowiedzi.<\/p>\n<\/div><\/section>\n","protected":false},"excerpt":{"rendered":"<p>Odkrywaj, ucz si\u0119, analizuj Tori dostarcza dane, dog\u0142\u0119bne spostrze\u017cenia i analizy za po\u015brednictwem jednego prostego i interaktywnego czatu. *Wy\u0142\u0105cznie do cel\u00f3w ilustracyjnych Odkryj nowe mo\u017cliwo\u015bci inwestycyjne Gdy zadajesz pytanie, Tori dostarcza Ci przejrzyste dane i informacje w czasie rzeczywistym, aby odkry\u0107 nowe mo\u017cliwo\u015bci inwestycyjne. Uzyskaj dog\u0142\u0119bne informacje o rynku dostosowane do swoich zainteresowa\u0144 Tori zamienia&hellip;<\/p>\n","protected":false},"author":75,"featured_media":1112849,"parent":10694,"menu_order":0,"comment_status":"closed","ping_status":"closed","template":"","meta":{"_acf_changed":false,"inline_featured_image":false,"sticky_cta_settings":"","footnotes":""},"asset_type":[],"class_list":["post-1116314","page","type-page","status-publish","has-post-thumbnail","hentry"],"acf":[],"yoast_head":"<title>Tori \u2013 Tw\u00f3j inwestycyjny towarzysz AI od eToro<\/title>\n<meta name=\"description\" content=\"Dowiedz si\u0119, w jaki spos\u00f3b Tori wykorzystuje sztuczn\u0105 inteligencj\u0119, aby u\u0142atwi\u0107 Ci inwestowanie \u2013 otrzymuj dog\u0142\u0119bne spostrze\u017cenia, analizy portfela i inteligentne wskaz\u00f3wki \u2013 a wszystko to na platformie eToro.\" \/>\n<meta name=\"robots\" content=\"index, follow, max-snippet:-1, max-image-preview:large, max-video-preview:-1\" \/>\n<link rel=\"canonical\" href=\"https:\/\/www.etoro.com\/pl\/wp-json\/wp\/v2\/pages\/1116314\" \/>\n<meta property=\"og:locale\" content=\"pl_PL\" \/>\n<meta property=\"og:type\" content=\"article\" \/>\n<meta property=\"og:title\" content=\"Tori \u2013 Tw\u00f3j inwestycyjny towarzysz AI od eToro\" \/>\n<meta property=\"og:description\" content=\"Dowiedz si\u0119, w jaki spos\u00f3b Tori wykorzystuje sztuczn\u0105 inteligencj\u0119, aby u\u0142atwi\u0107 Ci inwestowanie \u2013 otrzymuj dog\u0142\u0119bne spostrze\u017cenia, analizy portfela i inteligentne wskaz\u00f3wki \u2013 a wszystko to na platformie eToro.\" \/>\n<meta property=\"og:url\" content=\"https:\/\/www.etoro.com\/pl\/wp-json\/wp\/v2\/pages\/1116314\" \/>\n<meta property=\"og:site_name\" content=\"eToro\" \/>\n<meta property=\"article:publisher\" content=\"https:\/\/www.facebook.com\/eToro\/\" \/>\n<meta property=\"article:modified_time\" content=\"2025-08-06T15:23:22+00:00\" \/>\n<meta property=\"og:image\" content=\"https:\/\/www.etoro.com\/wp-content\/uploads\/2025\/08\/Tori_Featured-image-1200x630-1.png\" \/>\n\t<meta property=\"og:image:width\" content=\"1200\" \/>\n\t<meta property=\"og:image:height\" content=\"630\" \/>\n\t<meta property=\"og:image:type\" content=\"image\/png\" \/>\n<meta name=\"twitter:card\" content=\"summary_large_image\" \/>\n<meta name=\"twitter:site\" content=\"@eToro\" \/>\n<meta name=\"twitter:label1\" content=\"Est. reading time\" \/>\n\t<meta name=\"twitter:data1\" content=\"4 minutes\" \/>\n<script type=\"application\/ld+json\" class=\"yoast-schema-graph\">{\"@context\":\"https:\/\/schema.org\",\"@graph\":[{\"@type\":\"WebPage\",\"@id\":\"https:\/\/www.etoro.com\/pl\/trading\/platforms\/tori\/\",\"url\":\"https:\/\/www.etoro.com\/pl\/trading\/platforms\/tori\/\",\"name\":\"Tori \u2013 Tw\u00f3j inwestycyjny towarzysz AI od eToro\",\"isPartOf\":{\"@id\":\"https:\/\/www.etoro.com\/pl\/#website\"},\"primaryImageOfPage\":{\"@id\":\"https:\/\/www.etoro.com\/pl\/trading\/platforms\/tori\/#primaryimage\"},\"image\":{\"@id\":\"https:\/\/www.etoro.com\/pl\/trading\/platforms\/tori\/#primaryimage\"},\"thumbnailUrl\":\"https:\/\/www.etoro.com\/wp-content\/uploads\/2025\/08\/Tori_Featured-image-1200x630-1.png\",\"datePublished\":\"2025-08-06T13:55:05+00:00\",\"dateModified\":\"2025-08-06T15:23:22+00:00\",\"description\":\"Dowiedz si\u0119, w jaki spos\u00f3b Tori wykorzystuje sztuczn\u0105 inteligencj\u0119, aby u\u0142atwi\u0107 Ci inwestowanie \u2013 otrzymuj dog\u0142\u0119bne spostrze\u017cenia, analizy portfela i inteligentne wskaz\u00f3wki \u2013 a wszystko to na platformie eToro.\",\"breadcrumb\":{\"@id\":\"https:\/\/www.etoro.com\/pl\/trading\/platforms\/tori\/#breadcrumb\"},\"inLanguage\":\"pl\",\"potentialAction\":[{\"@type\":\"ReadAction\",\"target\":[\"https:\/\/www.etoro.com\/pl\/trading\/platforms\/tori\/\"]}]},{\"@type\":\"ImageObject\",\"inLanguage\":\"pl\",\"@id\":\"https:\/\/www.etoro.com\/pl\/trading\/platforms\/tori\/#primaryimage\",\"url\":\"https:\/\/www.etoro.com\/wp-content\/uploads\/2025\/08\/Tori_Featured-image-1200x630-1.png\",\"contentUrl\":\"https:\/\/www.etoro.com\/wp-content\/uploads\/2025\/08\/Tori_Featured-image-1200x630-1.png\",\"width\":1200,\"height\":630},{\"@type\":\"BreadcrumbList\",\"@id\":\"https:\/\/www.etoro.com\/pl\/trading\/platforms\/tori\/#breadcrumb\",\"itemListElement\":[{\"@type\":\"ListItem\",\"position\":1,\"name\":\"Strona g\u0142\u00f3wna\",\"item\":\"https:\/\/www.etoro.com\/pl\/\"},{\"@type\":\"ListItem\",\"position\":2,\"name\":\"Inwestycje kr\u00f3tkoterminowe\",\"item\":\"https:\/\/www.etoro.com\/pl\/trading\/\"},{\"@type\":\"ListItem\",\"position\":3,\"name\":\"PLATFORMY - Historia\",\"item\":\"https:\/\/www.etoro.com\/pl\/trading\/platforms\/\"},{\"@type\":\"ListItem\",\"position\":4,\"name\":\"Tori\"}]},{\"@type\":\"WebSite\",\"@id\":\"https:\/\/www.etoro.com\/pl\/#website\",\"url\":\"https:\/\/www.etoro.com\/pl\/\",\"name\":\"eToro\",\"description\":\"\",\"publisher\":{\"@id\":\"https:\/\/www.etoro.com\/pl\/#organization\"},\"potentialAction\":[{\"@type\":\"SearchAction\",\"target\":{\"@type\":\"EntryPoint\",\"urlTemplate\":\"https:\/\/www.etoro.com\/pl\/?s={search_term_string}\"},\"query-input\":{\"@type\":\"PropertyValueSpecification\",\"valueRequired\":true,\"valueName\":\"search_term_string\"}}],\"inLanguage\":\"pl\"},[]]}<\/script>","yoast_head_json":{"title":"Tori \u2013 Tw\u00f3j inwestycyjny towarzysz AI od eToro","description":"Dowiedz si\u0119, w jaki spos\u00f3b Tori wykorzystuje sztuczn\u0105 inteligencj\u0119, aby u\u0142atwi\u0107 Ci inwestowanie \u2013 otrzymuj dog\u0142\u0119bne spostrze\u017cenia, analizy portfela i inteligentne wskaz\u00f3wki \u2013 a wszystko to na platformie eToro.","robots":{"index":"index","follow":"follow","max-snippet":"max-snippet:-1","max-image-preview":"max-image-preview:large","max-video-preview":"max-video-preview:-1"},"canonical":"https:\/\/www.etoro.com\/pl\/wp-json\/wp\/v2\/pages\/1116314","og_locale":"pl_PL","og_type":"article","og_title":"Tori \u2013 Tw\u00f3j inwestycyjny towarzysz AI od eToro","og_description":"Dowiedz si\u0119, w jaki spos\u00f3b Tori wykorzystuje sztuczn\u0105 inteligencj\u0119, aby u\u0142atwi\u0107 Ci inwestowanie \u2013 otrzymuj dog\u0142\u0119bne spostrze\u017cenia, analizy portfela i inteligentne wskaz\u00f3wki \u2013 a wszystko to na platformie eToro.","og_url":"https:\/\/www.etoro.com\/pl\/wp-json\/wp\/v2\/pages\/1116314","og_site_name":"eToro","article_publisher":"https:\/\/www.facebook.com\/eToro\/","article_modified_time":"2025-08-06T15:23:22+00:00","og_image":[{"width":1200,"height":630,"url":"https:\/\/www.etoro.com\/wp-content\/uploads\/2025\/08\/Tori_Featured-image-1200x630-1.png","type":"image\/png"}],"twitter_card":"summary_large_image","twitter_site":"@eToro","twitter_misc":{"Est. reading time":"4 minutes"},"schema":{"@context":"https:\/\/schema.org","@graph":[{"@type":"WebPage","@id":"https:\/\/www.etoro.com\/pl\/trading\/platforms\/tori\/","url":"https:\/\/www.etoro.com\/pl\/trading\/platforms\/tori\/","name":"Tori \u2013 Tw\u00f3j inwestycyjny towarzysz AI od eToro","isPartOf":{"@id":"https:\/\/www.etoro.com\/pl\/#website"},"primaryImageOfPage":{"@id":"https:\/\/www.etoro.com\/pl\/trading\/platforms\/tori\/#primaryimage"},"image":{"@id":"https:\/\/www.etoro.com\/pl\/trading\/platforms\/tori\/#primaryimage"},"thumbnailUrl":"https:\/\/www.etoro.com\/wp-content\/uploads\/2025\/08\/Tori_Featured-image-1200x630-1.png","datePublished":"2025-08-06T13:55:05+00:00","dateModified":"2025-08-06T15:23:22+00:00","description":"Dowiedz si\u0119, w jaki spos\u00f3b Tori wykorzystuje sztuczn\u0105 inteligencj\u0119, aby u\u0142atwi\u0107 Ci inwestowanie \u2013 otrzymuj dog\u0142\u0119bne spostrze\u017cenia, analizy portfela i inteligentne wskaz\u00f3wki \u2013 a wszystko to na platformie eToro.","breadcrumb":{"@id":"https:\/\/www.etoro.com\/pl\/trading\/platforms\/tori\/#breadcrumb"},"inLanguage":"pl","potentialAction":[{"@type":"ReadAction","target":["https:\/\/www.etoro.com\/pl\/trading\/platforms\/tori\/"]}]},{"@type":"ImageObject","inLanguage":"pl","@id":"https:\/\/www.etoro.com\/pl\/trading\/platforms\/tori\/#primaryimage","url":"https:\/\/www.etoro.com\/wp-content\/uploads\/2025\/08\/Tori_Featured-image-1200x630-1.png","contentUrl":"https:\/\/www.etoro.com\/wp-content\/uploads\/2025\/08\/Tori_Featured-image-1200x630-1.png","width":1200,"height":630},{"@type":"BreadcrumbList","@id":"https:\/\/www.etoro.com\/pl\/trading\/platforms\/tori\/#breadcrumb","itemListElement":[{"@type":"ListItem","position":1,"name":"Strona g\u0142\u00f3wna","item":"https:\/\/www.etoro.com\/pl\/"},{"@type":"ListItem","position":2,"name":"Inwestycje kr\u00f3tkoterminowe","item":"https:\/\/www.etoro.com\/pl\/trading\/"},{"@type":"ListItem","position":3,"name":"PLATFORMY - Historia","item":"https:\/\/www.etoro.com\/pl\/trading\/platforms\/"},{"@type":"ListItem","position":4,"name":"Tori"}]},{"@type":"WebSite","@id":"https:\/\/www.etoro.com\/pl\/#website","url":"https:\/\/www.etoro.com\/pl\/","name":"eToro","description":"","publisher":{"@id":"https:\/\/www.etoro.com\/pl\/#organization"},"potentialAction":[{"@type":"SearchAction","target":{"@type":"EntryPoint","urlTemplate":"https:\/\/www.etoro.com\/pl\/?s={search_term_string}"},"query-input":{"@type":"PropertyValueSpecification","valueRequired":true,"valueName":"search_term_string"}}],"inLanguage":"pl"},[]]}},"_links":{"self":[{"href":"https:\/\/www.etoro.com\/pl\/wp-json\/wp\/v2\/pages\/1116314"}],"collection":[{"href":"https:\/\/www.etoro.com\/pl\/wp-json\/wp\/v2\/pages"}],"about":[{"href":"https:\/\/www.etoro.com\/pl\/wp-json\/wp\/v2\/types\/page"}],"author":[{"embeddable":true,"href":"https:\/\/www.etoro.com\/pl\/wp-json\/wp\/v2\/users\/75"}],"replies":[{"embeddable":true,"href":"https:\/\/www.etoro.com\/pl\/wp-json\/wp\/v2\/comments?post=1116314"}],"version-history":[{"count":0,"href":"https:\/\/www.etoro.com\/pl\/wp-json\/wp\/v2\/pages\/1116314\/revisions"}],"up":[{"embeddable":true,"href":"https:\/\/www.etoro.com\/pl\/wp-json\/wp\/v2\/pages\/10694"}],"wp:featuredmedia":[{"embeddable":true,"href":"https:\/\/www.etoro.com\/pl\/wp-json\/wp\/v2\/media\/1112849"}],"wp:attachment":[{"href":"https:\/\/www.etoro.com\/pl\/wp-json\/wp\/v2\/media?parent=1116314"}],"wp:term":[{"taxonomy":"asset_type","embeddable":true,"href":"https:\/\/www.etoro.com\/pl\/wp-json\/wp\/v2\/asset_type?post=1116314"}],"curies":[{"name":"wp","href":"https:\/\/api.w.org\/{rel}","templated":true}]}}