{"id":1259335,"date":"2026-04-20T10:10:55","date_gmt":"2026-04-20T07:10:55","guid":{"rendered":"https:\/\/www.etoro.com\/copytrader\/risk-warnings\/"},"modified":"2026-04-30T09:07:54","modified_gmt":"2026-04-30T06:07:54","slug":"risk-warnings","status":"publish","type":"page","link":"https:\/\/www.etoro.com\/pl\/copytrader\/risk-warnings\/","title":{"rendered":"Risks Associated with Social Trading (Copy Trading)"},"content":{"rendered":"\n<section class=\"wp-block-group wp-block-group-boxed wp-block-group-small-bottom-padding\"><div class=\"wp-block-group-inner is-layout-flow wp-block-group-is-layout-flow\">\n<div class=\"wp-block-columns are-vertically-aligned-top wp-block-columns-1 is-layout-flex wp-container-core-columns-is-layout-1 wp-block-columns-is-layout-flex\">\n<div class=\"wp-block-column is-layout-flow wp-block-column-is-layout-flow\">\n<p>eToro Group Ltd. i jej podmioty powi\u0105zane udost\u0119pniaj\u0105 funkcje social tradingu, kt\u00f3re pozwalaj\u0105 Ci wchodzi\u0107 w interakcje z innymi inwestorami, obserwowa\u0107 ich oraz kopiowa\u0107 (\u201eFunkcje Social Trading\u201d), w tym Copy Trader\u2122, portfele Smart Portfolio, rankingi i narz\u0119dzia spo\u0142eczno\u015bciowe.<\/p>\n\n\n\n<p>Cho\u0107 mog\u0105 one pom\u00f3c w odkrywaniu strategii inwestycyjnych, wi\u0105\u017c\u0105 si\u0119 r\u00f3wnie\u017c z ryzykiem. Przed ich u\u017cyciem powiniene\u015b wzi\u0105\u0107 pod uwag\u0119 nast\u0119puj\u0105ce kwestie:<\/p>\n<\/div>\n<\/div>\n\n\n\n<div class=\"wp-block-columns are-vertically-aligned-top wp-block-columns-1 is-layout-flex wp-container-core-columns-is-layout-2 wp-block-columns-is-layout-flex\">\n<div class=\"wp-block-column is-layout-flow wp-block-column-is-layout-flow\">\n<div class=\"wp-block-etoro-simple-collapsable-item-list\">\n<div class=\"wp-block-etoro-simple-collapsable-item\"><div class=\"wp-block-etoro-simple-collapsable-item-heading\">1. Ponosisz pe\u0142n\u0105 odpowiedzialno\u015b\u0107 za swoje decyzje<\/div><div class=\"wp-block-etoro-simple-collapsable-item-content-wrapper\"><div class=\"wp-block-etoro-simple-collapsable-item-content\">\n<p>Copy Trading opiera si\u0119 na Twojej decyzji o obserwowaniu lub kopiowaniu innych inwestor\u00f3w.<\/p>\n\n\n\n<ul class=\"wp-block-list wp-block-list wp-block-list-circle\">\n<li>Musisz uwzgl\u0119dni\u0107 swoj\u0105 sytuacj\u0119 finansow\u0105, cele inwestycyjne i tolerancj\u0119 ryzyka.<\/li>\n\n\n\n<li>eToro nie \u015bwiadczy doradztwa inwestycyjnego.<\/li>\n\n\n\n<li>Wszelkie decyzje podejmowane na podstawie informacji z platformy podejmujesz na w\u0142asne ryzyko.<\/li>\n<\/ul>\n\n\n\n<p>Zawsze powiniene\u015b przeprowadzi\u0107 w\u0142asn\u0105 analiz\u0119 przed dokonaniem inwestycji.<\/p>\n<\/div><\/div><\/div>\n\n\n\n<div class=\"wp-block-etoro-simple-collapsable-item\"><div class=\"wp-block-etoro-simple-collapsable-item-heading\">2. Ryzyko automatycznego handlu<\/div><div class=\"wp-block-etoro-simple-collapsable-item-content-wrapper\"><div class=\"wp-block-etoro-simple-collapsable-item-content\">\n<p>Gdy kopiujesz inwestora lub portfel Smart Portfolio:<\/p>\n\n\n\n<ul class=\"wp-block-list wp-block-list wp-block-list-circle\">\n<li>Transakcje s\u0105 wykonywane automatycznie na Twoim koncie, bez Twojej ingerencji.<\/li>\n\n\n\n<li>Pozycje s\u0105 otwierane, modyfikowane i zamykane w czasie rzeczywistym na podstawie dzia\u0142a\u0144 kopiowanego inwestora.<\/li>\n<\/ul>\n\n\n\n<p>To oznacza, \u017ce:<\/p>\n\n\n\n<ul class=\"wp-block-list wp-block-list wp-block-list-circle\">\n<li>Mo\u017cesz nie mie\u0107 wp\u0142ywu na moment ani cen\u0119 transakcji.<\/li>\n\n\n\n<li>Warunki rynkowe (np. zmienno\u015b\u0107, po\u015blizgi cenowe, p\u0142ynno\u015b\u0107) mog\u0105 sprawi\u0107, \u017ce Twoje wyniki b\u0119d\u0105 inne ni\u017c wyniki inwestora lub portfela Smart Portfolio, kt\u00f3rego kopiujesz.<\/li>\n\n\n\n<li>Mo\u017cesz straci\u0107 \u015brodki przeznaczone na kopiowanie.<\/li>\n<\/ul>\n<\/div><\/div><\/div>\n\n\n\n<div class=\"wp-block-etoro-simple-collapsable-item\"><div class=\"wp-block-etoro-simple-collapsable-item-heading\">3. Ekspozycja na CFD i kryptowaluty<\/div><div class=\"wp-block-etoro-simple-collapsable-item-content-wrapper\"><div class=\"wp-block-etoro-simple-collapsable-item-content\">\n<p>Kopiuj\u0105c inwestora lub portfel Smart Portfolio, mo\u017cesz uzyska\u0107 ekspozycj\u0119 na z\u0142o\u017cone i wysokoryzykowne instrumenty, takie jak:<\/p>\n\n\n\n<ul class=\"wp-block-list wp-block-list wp-block-list-circle\">\n<li><strong>CFD (kontrakty na r\u00f3\u017cnic\u0119)<\/strong>\n<ul class=\"wp-block-list wp-block-list wp-block-list-circle\">\n<li>Cz\u0119sto wykorzystuj\u0105 d\u017awigni\u0119, kt\u00f3ra mo\u017ce zwi\u0119ksza\u0107 zar\u00f3wno zyski, jak i straty.<\/li>\n\n\n\n<li>Ceny mog\u0105 zmienia\u0107 si\u0119 bardzo szybko, co podnosi ryzyko dotkliwych strat.<\/li>\n\n\n\n<li>Nie jeste\u015b w\u0142a\u015bcicielem aktywa bazowego.<\/li>\n<\/ul>\n<\/li>\n\n\n\n<li><strong>Kryptowaluty:<\/strong>\n<ul class=\"wp-block-list wp-block-list wp-block-list-circle\">\n<li>S\u0105 bardzo zmienne i podatne na gwa\u0142towne wahania cen.<\/li>\n\n\n\n<li>Mog\u0105 charakteryzowa\u0107 si\u0119 nisk\u0105 p\u0142ynno\u015bci\u0105, podatno\u015bci\u0105 na manipulacje rynkowe lub niepewno\u015bci\u0105 regulacyjn\u0105.<\/li>\n<\/ul>\n<\/li>\n<\/ul>\n\n\n\n<p>Nawet je\u015bli sam nie wybierasz tych instrument\u00f3w, kopiowanie inwestora lub portfela Smart Portfolio automatycznie nara\u017ca Ci\u0119 na aktywa, kt\u00f3rymi oni handluj\u0105.<\/p>\n<\/div><\/div><\/div>\n\n\n\n<div class=\"wp-block-etoro-simple-collapsable-item\"><div class=\"wp-block-etoro-simple-collapsable-item-heading\">4. R\u00f3\u017cnice w wynikach<\/div><div class=\"wp-block-etoro-simple-collapsable-item-content-wrapper\"><div class=\"wp-block-etoro-simple-collapsable-item-content\">\n<p>Twoje rezultaty mog\u0105 odbiega\u0107 od wynik\u00f3w inwestora lub portfela Smart Portfolio, kt\u00f3rego kopiujesz, z powodu takich czynnik\u00f3w jak:<\/p>\n\n\n\n<ul class=\"wp-block-list wp-block-list wp-block-list-circle\">\n<li>Wp\u0142aty lub wyp\u0142aty \u015brodk\u00f3w w ramach kopiowanej pozycji.<\/li>\n\n\n\n<li>Warunki rynkowe i r\u00f3\u017cnice w realizacji zlece\u0144.<\/li>\n<\/ul>\n<\/div><\/div><\/div>\n\n\n\n<div class=\"wp-block-etoro-simple-collapsable-item\"><div class=\"wp-block-etoro-simple-collapsable-item-heading\">5. Wyniki historyczne nie gwarantuj\u0105 przysz\u0142ych<\/div><div class=\"wp-block-etoro-simple-collapsable-item-content-wrapper\"><div class=\"wp-block-etoro-simple-collapsable-item-content\">\n<p>Statystyki takie jak:<\/p>\n\n\n\n<ul class=\"wp-block-list wp-block-list wp-block-list-circle\">\n<li>Ocena ryzyka.<\/li>\n\n\n\n<li>Wyniki z przesz\u0142o\u015bci.<\/li>\n\n\n\n<li>Dane dotycz\u0105ce portfela nie stanowi\u0105 gwarancji przysz\u0142ych wynik\u00f3w.<\/li>\n<\/ul>\n\n\n\n<p>Rzeczywiste wyniki mog\u0105 znacz\u0105co odbiega\u0107 ze wzgl\u0119du na zmieniaj\u0105ce si\u0119 warunki rynkowe i zachowania inwestor\u00f3w.<\/p>\n<\/div><\/div><\/div>\n\n\n\n<div class=\"wp-block-etoro-simple-collapsable-item\"><div class=\"wp-block-etoro-simple-collapsable-item-heading\">6. Brak gwarancji realizacji zlece\u0144 ani kontroli ryzyka<\/div><div class=\"wp-block-etoro-simple-collapsable-item-content-wrapper\"><div class=\"wp-block-etoro-simple-collapsable-item-content\">\n<ul class=\"wp-block-list wp-block-list wp-block-list-circle\">\n<li>Mechanizmy Stop Loss (w tym Copy Stop Loss) nie daj\u0105 pe\u0142nej gwarancji dzia\u0142ania.<\/li>\n\n\n\n<li>Zlecenia mog\u0105 nie zosta\u0107 zrealizowane po oczekiwanej cenie.<\/li>\n\n\n\n<li>Straty mog\u0105 by\u0107 wy\u017csze, ni\u017c zak\u0142ada\u0142e\u015b, z powodu luk cenowych lub du\u017cej zmienno\u015bci.<\/li>\n<\/ul>\n<\/div><\/div><\/div>\n\n\n\n<div class=\"wp-block-etoro-simple-collapsable-item\"><div class=\"wp-block-etoro-simple-collapsable-item-heading\">7. Osoby, kt\u00f3re kopiujesz, nie s\u0105 doradcami<\/div><div class=\"wp-block-etoro-simple-collapsable-item-content-wrapper\"><div class=\"wp-block-etoro-simple-collapsable-item-content\">\n<ul class=\"wp-block-list wp-block-list wp-block-list-circle\">\n<li>Inni u\u017cytkownicy mog\u0105 dzieli\u0107 si\u0119 opiniami lub strategiami, ale nie musz\u0105 by\u0107 do tego kwalifikowani ani bezstronni.<\/li>\n\n\n\n<li>Informacje udost\u0119pniane na platformie nie stanowi\u0105 profesjonalnej porady finansowej.<\/li>\n<\/ul>\n\n\n\n<p>Traktuj tre\u015bci zwi\u0105zane z social tradingiem jedynie jako punkt wyj\u015bcia \u2014 nie jako rekomendacj\u0119.<\/p>\n<\/div><\/div><\/div>\n\n\n\n<div class=\"wp-block-etoro-simple-collapsable-item\"><div class=\"wp-block-etoro-simple-collapsable-item-heading\">8. Ryzyko strategii i zachowa\u0144<\/div><div class=\"wp-block-etoro-simple-collapsable-item-content-wrapper\"><div class=\"wp-block-etoro-simple-collapsable-item-content\">\n<p>Copy Trading w pe\u0142ni zale\u017cy od inwestora lub portfela Smart Portfolio, kt\u00f3rego obserwujesz:<\/p>\n\n\n\n<ul class=\"wp-block-list wp-block-list wp-block-list-circle\">\n<li>Ich strategia mo\u017ce zmieni\u0107 si\u0119 bez zapowiedzi.<\/li>\n\n\n\n<li>Mog\u0105 podejmowa\u0107 wi\u0119ksze ryzyko, ni\u017c zak\u0142adasz.<\/li>\n\n\n\n<li>Emocjonalne lub niesp\u00f3jne decyzje mog\u0105 wp\u0142ywa\u0107 na wyniki.<\/li>\n<\/ul>\n\n\n\n<p>Dodatkowo:<\/p>\n\n\n\n<ul class=\"wp-block-list wp-block-list wp-block-list-circle\">\n<li>Koncentracja \u015brodk\u00f3w u jednego inwestora zwi\u0119ksza ryzyko.<\/li>\n\n\n\n<li>Dywersyfikacja nie eliminuje strat.<\/li>\n<\/ul>\n<\/div><\/div><\/div>\n\n\n\n<div class=\"wp-block-etoro-simple-collapsable-item\"><div class=\"wp-block-etoro-simple-collapsable-item-heading\">9. Copy Trading nie jest bezpieczniejsz\u0105 form\u0105 inwestowania<\/div><div class=\"wp-block-etoro-simple-collapsable-item-content-wrapper\"><div class=\"wp-block-etoro-simple-collapsable-item-content\">\n<p>Copy Trading mo\u017ce pom\u00f3c w dywersyfikacji i ograniczy\u0107 potrzeb\u0119 samodzielnego podejmowania decyzji inwestycyjnych, jednak:<\/p>\n\n\n\n<ul class=\"wp-block-list wp-block-list wp-block-list-circle\">\n<li>Twoje wyniki zale\u017c\u0105 od inwestor\u00f3w lub portfela Smart Portfolio, kt\u00f3rych kopiujesz.<\/li>\n\n\n\n<li>Ponosisz pe\u0142n\u0105 odpowiedzialno\u015b\u0107 za wszelkie straty.<\/li>\n<\/ul>\n<\/div><\/div><\/div>\n\n\n\n<div class=\"wp-block-etoro-simple-collapsable-item\"><div class=\"wp-block-etoro-simple-collapsable-item-heading\">10. Zawsze przeprowadzaj w\u0142asn\u0105 analiz\u0119<\/div><div class=\"wp-block-etoro-simple-collapsable-item-content-wrapper\"><div class=\"wp-block-etoro-simple-collapsable-item-content\">\n<p>Zanim zaczniesz kopiowa\u0107 inwestora lub portfel Smart Portfolio, sprawd\u017a:<\/p>\n\n\n\n<ul class=\"wp-block-list wp-block-list wp-block-list-circle\">\n<li>Jego ocen\u0119 ryzyka.<\/li>\n\n\n\n<li>Histori\u0119 transakcji i stosowan\u0105 strategi\u0119.<\/li>\n\n\n\n<li>Sk\u0142ad portfela.<\/li>\n\n\n\n<li>Aktywno\u015b\u0107 i komunikacj\u0119 (np. posty, aktualizacje).<\/li>\n<\/ul>\n\n\n\n<p>Nawet przy dost\u0119pie do tych informacji nie ma \u017cadnej gwarancji sukcesu.<\/p>\n<\/div><\/div><\/div>\n<\/div>\n\n\n\n<hr class=\"wp-block-separator wp-block-separator-color-dark-grey wp-block-separator-spaces-medium wp-block-separator-weight-1\"\/>\n<\/div>\n<\/div>\n<\/div><\/section>\n","protected":false},"excerpt":{"rendered":"<p>eToro Group Ltd. i jej podmioty powi\u0105zane udost\u0119pniaj\u0105 funkcje social tradingu, kt\u00f3re pozwalaj\u0105 Ci wchodzi\u0107 w interakcje z innymi inwestorami, obserwowa\u0107 ich oraz kopiowa\u0107 (\u201eFunkcje Social Trading\u201d), w tym Copy Trader\u2122, portfele Smart Portfolio, rankingi i narz\u0119dzia spo\u0142eczno\u015bciowe. Cho\u0107 mog\u0105 one pom\u00f3c w odkrywaniu strategii inwestycyjnych, wi\u0105\u017c\u0105 si\u0119 r\u00f3wnie\u017c z ryzykiem. Przed ich u\u017cyciem powiniene\u015b&hellip;<\/p>\n","protected":false},"author":158,"featured_media":0,"parent":34707,"menu_order":0,"comment_status":"closed","ping_status":"closed","template":"","meta":{"_acf_changed":true,"inline_featured_image":false,"sticky_cta_settings":"","footnotes":""},"asset_type":[],"class_list":["post-1259335","page","type-page","status-publish","hentry"],"acf":[],"yoast_head":"<title>Ryzyka zwi\u0105zane z social tradingiem (Copy Trading)<\/title>\n<meta name=\"description\" content=\"Poznaj ryzyka zwi\u0105zane z social tradingiem i copy tradingiem, w tym dotycz\u0105ce CFD, kryptowalut, r\u00f3\u017cnic w wynikach oraz konieczno\u015bci dok\u0142adnej analizy.\" \/>\n<meta name=\"robots\" content=\"index, follow, max-snippet:-1, max-image-preview:large, max-video-preview:-1\" \/>\n<link rel=\"canonical\" href=\"https:\/\/www.etoro.com\/pl\/wp-json\/wp\/v2\/pages\/1259335\" \/>\n<meta property=\"og:locale\" content=\"pl_PL\" \/>\n<meta property=\"og:type\" content=\"article\" \/>\n<meta property=\"og:title\" content=\"Ryzyka zwi\u0105zane z social tradingiem (Copy Trading)\" \/>\n<meta property=\"og:description\" content=\"Poznaj ryzyka zwi\u0105zane z social tradingiem i copy tradingiem, w tym dotycz\u0105ce CFD, kryptowalut, r\u00f3\u017cnic w wynikach oraz konieczno\u015bci dok\u0142adnej analizy.\" \/>\n<meta property=\"og:url\" content=\"https:\/\/www.etoro.com\/pl\/wp-json\/wp\/v2\/pages\/1259335\" \/>\n<meta property=\"og:site_name\" content=\"eToro\" \/>\n<meta property=\"article:publisher\" content=\"https:\/\/www.facebook.com\/eToro\/\" \/>\n<meta property=\"article:modified_time\" content=\"2026-04-30T06:07:54+00:00\" \/>\n<meta property=\"og:image\" content=\"https:\/\/www.etoro.com\/wp-content\/uploads\/2019\/12\/etoro_logo_social_share1.png\" \/>\n\t<meta property=\"og:image:width\" content=\"240\" \/>\n\t<meta property=\"og:image:height\" content=\"240\" \/>\n\t<meta property=\"og:image:type\" content=\"image\/png\" \/>\n<meta name=\"twitter:card\" content=\"summary_large_image\" \/>\n<meta name=\"twitter:site\" content=\"@eToro\" \/>\n<meta name=\"twitter:label1\" content=\"Est. reading time\" \/>\n\t<meta name=\"twitter:data1\" content=\"3 minutes\" \/>\n<script type=\"application\/ld+json\" class=\"yoast-schema-graph\">{\"@context\":\"https:\/\/schema.org\",\"@graph\":[{\"@type\":\"WebPage\",\"@id\":\"https:\/\/www.etoro.com\/pl\/copytrader\/risk-warnings\/\",\"url\":\"https:\/\/www.etoro.com\/pl\/copytrader\/risk-warnings\/\",\"name\":\"Ryzyka zwi\u0105zane z social tradingiem (Copy Trading)\",\"isPartOf\":{\"@id\":\"https:\/\/www.etoro.com\/pl\/#website\"},\"datePublished\":\"2026-04-20T07:10:55+00:00\",\"dateModified\":\"2026-04-30T06:07:54+00:00\",\"description\":\"Poznaj ryzyka zwi\u0105zane z social tradingiem i copy tradingiem, w tym dotycz\u0105ce CFD, kryptowalut, r\u00f3\u017cnic w wynikach oraz konieczno\u015bci dok\u0142adnej analizy.\",\"breadcrumb\":{\"@id\":\"https:\/\/www.etoro.com\/pl\/copytrader\/risk-warnings\/#breadcrumb\"},\"inLanguage\":\"pl\",\"potentialAction\":[{\"@type\":\"ReadAction\",\"target\":[\"https:\/\/www.etoro.com\/pl\/copytrader\/risk-warnings\/\"]}]},{\"@type\":\"BreadcrumbList\",\"@id\":\"https:\/\/www.etoro.com\/pl\/copytrader\/risk-warnings\/#breadcrumb\",\"itemListElement\":[{\"@type\":\"ListItem\",\"position\":1,\"name\":\"Strona g\u0142\u00f3wna\",\"item\":\"https:\/\/www.etoro.com\/pl\/\"},{\"@type\":\"ListItem\",\"position\":2,\"name\":\"CopyTrader\",\"item\":\"https:\/\/www.etoro.com\/pl\/copytrader\/\"},{\"@type\":\"ListItem\",\"position\":3,\"name\":\"Risks Associated with Social Trading (Copy Trading)\"}]},{\"@type\":\"WebSite\",\"@id\":\"https:\/\/www.etoro.com\/pl\/#website\",\"url\":\"https:\/\/www.etoro.com\/pl\/\",\"name\":\"eToro\",\"description\":\"\",\"publisher\":{\"@id\":\"https:\/\/www.etoro.com\/pl\/#organization\"},\"potentialAction\":[{\"@type\":\"SearchAction\",\"target\":{\"@type\":\"EntryPoint\",\"urlTemplate\":\"https:\/\/www.etoro.com\/pl\/?s={search_term_string}\"},\"query-input\":{\"@type\":\"PropertyValueSpecification\",\"valueRequired\":true,\"valueName\":\"search_term_string\"}}],\"inLanguage\":\"pl\"},[]]}<\/script>","yoast_head_json":{"title":"Ryzyka zwi\u0105zane z social tradingiem (Copy Trading)","description":"Poznaj ryzyka zwi\u0105zane z social tradingiem i copy tradingiem, w tym dotycz\u0105ce CFD, kryptowalut, r\u00f3\u017cnic w wynikach oraz konieczno\u015bci dok\u0142adnej analizy.","robots":{"index":"index","follow":"follow","max-snippet":"max-snippet:-1","max-image-preview":"max-image-preview:large","max-video-preview":"max-video-preview:-1"},"canonical":"https:\/\/www.etoro.com\/pl\/wp-json\/wp\/v2\/pages\/1259335","og_locale":"pl_PL","og_type":"article","og_title":"Ryzyka zwi\u0105zane z social tradingiem (Copy Trading)","og_description":"Poznaj ryzyka zwi\u0105zane z social tradingiem i copy tradingiem, w tym dotycz\u0105ce CFD, kryptowalut, r\u00f3\u017cnic w wynikach oraz konieczno\u015bci dok\u0142adnej analizy.","og_url":"https:\/\/www.etoro.com\/pl\/wp-json\/wp\/v2\/pages\/1259335","og_site_name":"eToro","article_publisher":"https:\/\/www.facebook.com\/eToro\/","article_modified_time":"2026-04-30T06:07:54+00:00","og_image":[{"width":240,"height":240,"url":"https:\/\/www.etoro.com\/wp-content\/uploads\/2019\/12\/etoro_logo_social_share1.png","type":"image\/png"}],"twitter_card":"summary_large_image","twitter_site":"@eToro","twitter_misc":{"Est. reading time":"3 minutes"},"schema":{"@context":"https:\/\/schema.org","@graph":[{"@type":"WebPage","@id":"https:\/\/www.etoro.com\/pl\/copytrader\/risk-warnings\/","url":"https:\/\/www.etoro.com\/pl\/copytrader\/risk-warnings\/","name":"Ryzyka zwi\u0105zane z social tradingiem (Copy Trading)","isPartOf":{"@id":"https:\/\/www.etoro.com\/pl\/#website"},"datePublished":"2026-04-20T07:10:55+00:00","dateModified":"2026-04-30T06:07:54+00:00","description":"Poznaj ryzyka zwi\u0105zane z social tradingiem i copy tradingiem, w tym dotycz\u0105ce CFD, kryptowalut, r\u00f3\u017cnic w wynikach oraz konieczno\u015bci dok\u0142adnej analizy.","breadcrumb":{"@id":"https:\/\/www.etoro.com\/pl\/copytrader\/risk-warnings\/#breadcrumb"},"inLanguage":"pl","potentialAction":[{"@type":"ReadAction","target":["https:\/\/www.etoro.com\/pl\/copytrader\/risk-warnings\/"]}]},{"@type":"BreadcrumbList","@id":"https:\/\/www.etoro.com\/pl\/copytrader\/risk-warnings\/#breadcrumb","itemListElement":[{"@type":"ListItem","position":1,"name":"Strona g\u0142\u00f3wna","item":"https:\/\/www.etoro.com\/pl\/"},{"@type":"ListItem","position":2,"name":"CopyTrader","item":"https:\/\/www.etoro.com\/pl\/copytrader\/"},{"@type":"ListItem","position":3,"name":"Risks Associated with Social Trading (Copy Trading)"}]},{"@type":"WebSite","@id":"https:\/\/www.etoro.com\/pl\/#website","url":"https:\/\/www.etoro.com\/pl\/","name":"eToro","description":"","publisher":{"@id":"https:\/\/www.etoro.com\/pl\/#organization"},"potentialAction":[{"@type":"SearchAction","target":{"@type":"EntryPoint","urlTemplate":"https:\/\/www.etoro.com\/pl\/?s={search_term_string}"},"query-input":{"@type":"PropertyValueSpecification","valueRequired":true,"valueName":"search_term_string"}}],"inLanguage":"pl"},[]]}},"_links":{"self":[{"href":"https:\/\/www.etoro.com\/pl\/wp-json\/wp\/v2\/pages\/1259335"}],"collection":[{"href":"https:\/\/www.etoro.com\/pl\/wp-json\/wp\/v2\/pages"}],"about":[{"href":"https:\/\/www.etoro.com\/pl\/wp-json\/wp\/v2\/types\/page"}],"author":[{"embeddable":true,"href":"https:\/\/www.etoro.com\/pl\/wp-json\/wp\/v2\/users\/158"}],"replies":[{"embeddable":true,"href":"https:\/\/www.etoro.com\/pl\/wp-json\/wp\/v2\/comments?post=1259335"}],"version-history":[{"count":0,"href":"https:\/\/www.etoro.com\/pl\/wp-json\/wp\/v2\/pages\/1259335\/revisions"}],"up":[{"embeddable":true,"href":"https:\/\/www.etoro.com\/pl\/wp-json\/wp\/v2\/pages\/34707"}],"wp:attachment":[{"href":"https:\/\/www.etoro.com\/pl\/wp-json\/wp\/v2\/media?parent=1259335"}],"wp:term":[{"taxonomy":"asset_type","embeddable":true,"href":"https:\/\/www.etoro.com\/pl\/wp-json\/wp\/v2\/asset_type?post=1259335"}],"curies":[{"name":"wp","href":"https:\/\/api.w.org\/{rel}","templated":true}]}}