{"id":151920,"date":"2020-08-30T17:19:38","date_gmt":"2020-08-30T14:19:38","guid":{"rendered":"http:\/\/www.etoro.com\/stocks\/stock-split\/"},"modified":"2024-08-09T17:47:00","modified_gmt":"2024-08-09T14:47:00","slug":"stock-split","status":"publish","type":"page","link":"https:\/\/www.etoro.com\/pl\/stocks\/stock-split\/","title":{"rendered":"Podzia\u0142 akcji \u2013 Co to jest i jak dzia\u0142a na eToro"},"content":{"rendered":"<p>&nbsp;<\/p>\n<p>Podzia\u0142 akcji jest do\u015b\u0107 powszechnym zjawiskiem na <a href=\"https:\/\/www.etoro.com\/pl\/discover\/markets\">rynkach<\/a> i ma miejsce na wielu gie\u0142dach na ca\u0142ym \u015bwiecie i w rozmaitym czasie. Ten przewodnik pomo\u017ce Ci zrozumie\u0107, czym jest podzia\u0142 <a href=\"https:\/\/www.etoro.com\/pl\/discover\/markets\/stocks\">akcji<\/a>, jak wp\u0142ywa na Twoje pozycje zaj\u0119te na akcjach i jak eToro obs\u0142uguje taki proces na swojej <a href=\"https:\/\/www.etoro.com\/pl\/trading\/platforms\/\">platformie<\/a>.<\/p>\n<h2>Czym jest podzia\u0142 akcji?<\/h2>\n<p>Podzia\u0142 akcji (stock split) to termin, kt\u00f3ry sam w sobie zawiera wyja\u015bnienie. Sp\u00f3\u0142ka dzieli swoje poszczeg\u00f3lne akcje na mniejsze cz\u0119\u015bci w okre\u015blonej proporcji. Je\u015bli na przyk\u0142ad firma og\u0142asza podzia\u0142 akcji w stosunku pi\u0119\u0107 do jednego, przy czym obecnie akcje tej firmy s\u0105 wyceniane na 400 USD, cena pojedynczej akcji spadnie do jednej pi\u0105tej tej kwoty, czyli po podziale wyniesie 80 USD. Podczas takiego wydarzenia bie\u017c\u0105ca liczba akcji ka\u017cdego akcjonariusza jest przemna\u017cana w oparciu o ustalon\u0105 proporcj\u0119.<\/p>\n<h2>Czemu s\u0142u\u017cy podzia\u0142 akcji?<\/h2>\n<p>Istnieje kilka powod\u00f3w, dla kt\u00f3rych firma decyduje si\u0119 na podzia\u0142 akcji. Oto kilka punkt\u00f3w, kt\u00f3re pozwol\u0105 pozna\u0107 powody stoj\u0105ce za podzia\u0142em akcji:<\/p>\n<p>&nbsp;<\/p>\n<ul>\n<li><b>Zach\u0119cenie inwestor\u00f3w detalicznych: Niekt\u00f3rzy inwestorzy wol\u0105 unika\u0107 inwestowania w okre\u015blone akcje przy zbyt wysokim kursie jednostkowym. Wykorzystanie mechanizmu podzia\u0142u obni\u017ca cen\u0119 akcji znajduj\u0105cych si\u0119 w obiegu, a tym samym umo\u017cliwia zakup akcji wi\u0119kszej liczbie inwestor\u00f3w. Mimo i\u017c inwestorzy instytucjonalni nadal kupuj\u0105 wy\u0142\u0105cznie ca\u0142e akcje, wielu inwestor\u00f3w detalicznych decyduje si\u0119 na <a href=\"https:\/\/www.etoro.com\/pl\/stocks\/\">zakup akcji u\u0142amkowych<\/a> za po\u015brednictwem innowacyjnych platform inwestycyjnych, takich jak eToro.\u00a0<\/b><\/li>\n<\/ul>\n<p>&nbsp;<\/p>\n<ul>\n<li><b>Wi\u0119ksza p\u0142ynno\u015b\u0107: Im wi\u0119ksza liczba akcji funkcjonuje na rynku, tym wi\u0119ksza potencjalna p\u0142ynno\u015b\u0107. Wi\u0119cej akcji mo\u017ce oznacza\u0107 wzrost liczby transakcji i pieni\u0119dzy przechodz\u0105cych z r\u0105k do r\u0105k.<\/b><\/li>\n<\/ul>\n<ul>\n<li>Psychologiczny aspekt wyceny: Analitycy cz\u0119sto twierdz\u0105, \u017ce warto\u015b\u0107 danej akcji jest \u201ezawy\u017cona\u201d, co oznacza, \u017ce jej aktualny kurs odzwierciedla nastroje na rynku, a nie faktyczn\u0105 warto\u015b\u0107. Podzia\u0142 akcji znacznie obni\u017ca kurs jednostkowy akcji, powoduj\u0105c tym samym efekt psychologiczny, w kt\u00f3rym wycena akcji staje si\u0119 bardziej realna.<\/li>\n<\/ul>\n<ul>\n<li>Kiedy przeprowadza si\u0119 podzia\u0142 akcji? Nie ma na to ustalonego wzorca. Niekt\u00f3re firmy co kilka lat dziel\u0105 swoje akcje, co zapewnia im sta\u0142e wzrosty, podczas gdy inne odmawiaj\u0105 dzielenia swoich akcji, bez wzgl\u0119du na wysoko\u015b\u0107 jednostkowej ceny akcji. Je\u015bli chodzi o przedzia\u0142y czasowe, zazwyczaj firmy dopuszczaj\u0105 co najmniej kilka tygodni pomi\u0119dzy og\u0142oszeniem podzia\u0142u a jego faktycznym przeprowadzeniem.<\/li>\n<\/ul>\n<p>&nbsp;<\/p>\n<p>&nbsp;<\/p>\n<p><img loading=\"lazy\" decoding=\"async\" class=\"alignnone size-full wp-image-151271\" style=\"color: inherit; font-family: inherit; font-size: 24px;\" src=\"\/wp-content\/uploads\/2020\/08\/IMG1.jpg\" alt=\"Why do Stocks Split?\" width=\"1920\" height=\"827\" srcset=\"https:\/\/www.etoro.com\/wp-content\/uploads\/2020\/08\/IMG1.jpg 1920w, https:\/\/www.etoro.com\/wp-content\/uploads\/2020\/08\/IMG1-300x129.jpg 300w, https:\/\/www.etoro.com\/wp-content\/uploads\/2020\/08\/IMG1-1024x441.jpg 1024w, https:\/\/www.etoro.com\/wp-content\/uploads\/2020\/08\/IMG1-768x331.jpg 768w, https:\/\/www.etoro.com\/wp-content\/uploads\/2020\/08\/IMG1-1536x662.jpg 1536w\" sizes=\"(max-width: 1920px) 100vw, 1920px\" \/><\/p>\n<h3>Ile razy mo\u017cna przeprowadza\u0107 podzia\u0142 akcji?<\/h3>\n<p>Teoretycznie mo\u017cna je dzieli\u0107 w niesko\u0144czono\u015b\u0107. Sp\u00f3\u0142ki mog\u0105 dzieli\u0107 swoje akcje tyle razy, ile chc\u0105. Na przyk\u0142ad, w latach 1987\u20132003 technologiczny gigant Microsoft podzieli\u0142 swoje akcje dziewi\u0119ciokrotnie. Poniewa\u017c jednak wymaga to wype\u0142nienia wielu formalno\u015bci i jest sporym obci\u0105\u017ceniem biurokratycznym, firmy najch\u0119tniej dokonuj\u0105 podzia\u0142u akcji, gdy uznaj\u0105, \u017ce jest to dobra decyzja dla ich dzia\u0142alno\u015bci i ma miejsce we w\u0142a\u015bciwym momencie.<\/p>\n<h3><img loading=\"lazy\" decoding=\"async\" class=\"alignnone size-full wp-image-151294\" style=\"font-size: 14px;\" src=\"\/wp-content\/uploads\/2020\/08\/IMG2.jpg\" alt=\"How many Times can a Stock Split? \" width=\"1920\" height=\"585\" srcset=\"https:\/\/www.etoro.com\/wp-content\/uploads\/2020\/08\/IMG2.jpg 1920w, https:\/\/www.etoro.com\/wp-content\/uploads\/2020\/08\/IMG2-300x91.jpg 300w, https:\/\/www.etoro.com\/wp-content\/uploads\/2020\/08\/IMG2-1024x312.jpg 1024w, https:\/\/www.etoro.com\/wp-content\/uploads\/2020\/08\/IMG2-768x234.jpg 768w, https:\/\/www.etoro.com\/wp-content\/uploads\/2020\/08\/IMG2-1536x468.jpg 1536w\" sizes=\"(max-width: 1920px) 100vw, 1920px\" \/><\/h3>\n<h3>Ceny akcji i indeksy<\/h3>\n<p>Czasami podzia\u0142 akcji mo\u017ce wp\u0142yn\u0105\u0107 na ca\u0142y indeks. Na przyk\u0142ad, wsp\u00f3\u0142czynniki wag w ramach indeksu <a href=\"https:\/\/www.etoro.com\/pl\/markets\/dj30\">DJ30 <\/a>\u00a0s\u0105 obliczane na podstawie kursu akcji. Oznacza to, \u017ce po przeprowadzeniu podzia\u0142u akcji ich proporcjonalny udzia\u0142 w indeksie ulegnie znacznemu zmniejszeniu. Na przyk\u0142ad, podzia\u0142 akcji Apple w 2020 roku, w ramach indeksu DJ30 zmieni\u0142 ich pozycj\u0119 z \u201enajci\u0119\u017cszych\u201d akcji a\u017c na pozycj\u0119 16.<\/p>\n<h3><img loading=\"lazy\" decoding=\"async\" class=\"alignnone size-full wp-image-151317\" style=\"font-size: 14px;\" src=\"\/wp-content\/uploads\/2020\/08\/IMG3.jpg\" alt=\"Apple stock split\" width=\"1920\" height=\"585\" srcset=\"https:\/\/www.etoro.com\/wp-content\/uploads\/2020\/08\/IMG3.jpg 1920w, https:\/\/www.etoro.com\/wp-content\/uploads\/2020\/08\/IMG3-300x91.jpg 300w, https:\/\/www.etoro.com\/wp-content\/uploads\/2020\/08\/IMG3-1024x312.jpg 1024w, https:\/\/www.etoro.com\/wp-content\/uploads\/2020\/08\/IMG3-768x234.jpg 768w, https:\/\/www.etoro.com\/wp-content\/uploads\/2020\/08\/IMG3-1536x468.jpg 1536w\" sizes=\"(max-width: 1920px) 100vw, 1920px\" \/><\/h3>\n<h2>W jaki spos\u00f3b podzia\u0142 akcji wp\u0142ywa na ich wycen\u0119?<\/h2>\n<p>Nie ma rzecz jasna \u017cadnych gwarancji co do rezultatu podzia\u0142u akcji. Warto\u015b\u0107 ka\u017cdej akcji ulega podzia\u0142owi, ale kapitalizacja rynkowa sp\u00f3\u0142ki pozostaje bez zmian. Na przestrzeni lat podzia\u0142 akcji dla sp\u00f3\u0142ki decyduj\u0105cej si\u0119 na ten krok z regu\u0142y okazywa\u0142 si\u0119 korzystny, przynajmniej w perspektywie kr\u00f3tkoterminowej.<\/p>\n<p>Wed\u0142ug Bespoke Investment Group w latach 2015\u20132020 \u015brednia zmiana kursu akcji sp\u00f3\u0142ki, kt\u00f3ra og\u0142osi\u0142a podzia\u0142, wykazywa\u0142a wzrost o 2,3% od momentu og\u0142oszenia podzia\u0142u do czasu jego dokonania. Ponadto prawie 70% tych akcji przekroczy\u0142o w tym czasie poziom indeksu <a href=\"https:\/\/www.etoro.com\/pl\/stocks\/\">S&amp;P 500<\/a>. Wprawdzie bezpo\u015brednio po podziale \u015bredni kurs akcji zmniejszy\u0142 si\u0119 o 0,3%, ale w ci\u0105gu kolejnego roku sp\u00f3\u0142ki te zyskiwa\u0142y \u015brednio 9,8%.<\/p>\n<p>Niezale\u017cnie od tego nale\u017cy pami\u0119ta\u0107, \u017ce na kurs mo\u017ce wp\u0142ywa\u0107 wiele r\u00f3\u017cnych czynnik\u00f3w, a decyzja o podziale akcji mo\u017ce by\u0107 zbie\u017cna z innymi czynnikami, kt\u00f3re potencjalnie mog\u0105 przyczyni\u0107 si\u0119 do wzrostu wyceny akcji. W zwi\u0105zku z tym, cho\u0107 wyniki osi\u0105gni\u0119te w przesz\u0142o\u015bci s\u0105 optymistyczne, wcale nie musz\u0105 by\u0107 wiarygodnym wyznacznikiem.<\/p>\n<h2>Czym jest scalenie akcji?<\/h2>\n<p>Scalenie akcji jest procesem odwrotnym do podzia\u0142u akcji. W ramach scalenia akcji sp\u00f3\u0142ka konsoliduje akcje, zmniejszaj\u0105c tym samym ich og\u00f3ln\u0105 liczb\u0119. Na przyk\u0142ad, je\u015bli dana sp\u00f3\u0142ka og\u0142asza scalenie akcji w stosunku cztery do jednego, a ka\u017cda akcja jest obecnie warta 50 dolar\u00f3w, nowa wycena akcji wynosi\u0142aby 200 dolar\u00f3w, a akcjonariusz posiadaj\u0105cy osiem akcji mia\u0142by ich teraz dwie.<\/p>\n<p><img loading=\"lazy\" decoding=\"async\" class=\"wp-image-151340 aligncenter\" src=\"\/wp-content\/uploads\/2020\/08\/Split.gif\" alt=\"What is a Reverse Stock Split?\" width=\"641\" height=\"639\" \/><\/p>\n<h3>W jaki spos\u00f3b mechanizm scalenia akcji wp\u0142ywa na inwestor\u00f3w kr\u00f3tko- i d\u0142ugoterminowych?<\/h3>\n<p>W przeciwie\u0144stwie do standardowego podzia\u0142u akcji, w kt\u00f3rym liczba akcji jest po prostu mno\u017cona przez wsp\u00f3\u0142czynnik podzia\u0142u, konsolidacja akcji mo\u017ce skutkowa\u0107 tym, \u017ce akcjonariusz b\u0119dzie posiada\u0142 akcje u\u0142amkowe. Na przyk\u0142ad, je\u015bli udzia\u0142owiec ma pi\u0119\u0107 akcji, a proces scalania akcji przeprowadzany jest w proporcji cztery do jednego, na koniec zostanie mu 1,25 akcji. W tym przypadku wi\u0119kszo\u015b\u0107 przedsi\u0119biorstw po prostu zlikwidowa\u0142aby cz\u0119\u015b\u0107 u\u0142amkow\u0105 i wyp\u0142aci\u0142a udzia\u0142owcom r\u00f3\u017cnic\u0119 w got\u00f3wce. Jednak\u017ce w przypadku eToro, je\u015bli takie zdarzenie mia\u0142oby miejsce, nie mia\u0142oby to wp\u0142ywu na pozycje, poniewa\u017c eToro dopuszcza u\u0142amkow\u0105 w\u0142asno\u015b\u0107 akcji.<\/p>\n<h2>W jaki spos\u00f3b na platformie eToro obywa si\u0119 podzia\u0142 akcji?<\/h2>\n<p>eToro jest ulubion\u0105 platform\u0105 wielu inwestor\u00f3w kr\u00f3tko- i d\u0142ugoterminowych, kt\u00f3rzy korzystaj\u0105 z niej, aby <a href=\"https:\/\/www.etoro.com\/stocks\/\">inwestowa\u0107 w akcje z 0% prowizji<\/a>. Platforma eToro dysponuje obszern\u0105 ofert\u0105 akcji, w zwi\u0105zku z czym nie raz dochodzi\u0142o do podzia\u0142u akcji i proces ten by\u0142 z powodzeniem przeprowadzany.<\/p>\n<p>Kiedy takie zdarzenie rynkowe ma miejsce, eToro automatycznie wprowadza procedur\u0119 podzielenia wed\u0142ug proporcji wszystkich powi\u0105zanych element\u00f3w. Zmiana zostanie zastosowana do sumarycznej liczby jednostek oraz \u015bredniego lub aktualnego kursu. Natomiast warto\u015b\u0107 poszczeg\u00f3lnych pozycji nie zmieni si\u0119.<\/p>\n<p>Je\u015bli dojdzie do scalenia akcji, oznacza to, \u017ce pozycja, kt\u00f3ra wcze\u015bniej sk\u0142ada\u0142a si\u0119 z ca\u0142ych akcji, mo\u017ce obecnie zawiera\u0107 udzia\u0142y u\u0142amkowe. Podzia\u0142 nie spowoduje jednak zmiany og\u00f3lnej warto\u015bci pozycji.<\/p>\n<p>Platforma eToro mo\u017ce informowa\u0107 swoich u\u017cytkownik\u00f3w z wyprzedzeniem o zbli\u017caj\u0105cym si\u0119 podziale akcji i ewentualnej konieczno\u015bci podj\u0119cia dzia\u0142a\u0144 z ich strony, lecz jest to raczej ma\u0142o prawdopodobne.<\/p>\n<p style=\"text-align: center;\"><a class=\"e-cta\" href=\"https:\/\/www.etoro.com\/pl\/accounts\/sign-up?funnelFromId=51\" target=\"_blank\" rel=\"noopener noreferrer\">Zacznij inwestowanie<\/a><\/p>\n<hr \/>\n<p><em>Zerowa prowizja dost\u0119pna jest dla klient\u00f3w eToro (Europe) Ltd., eToro (UK) Ltd. oraz eToro AUS Capital Limited (AFSL 491139).<\/em><\/p>\n<p><em>Dla klient\u00f3w eToro AUS jako aktywa bazowe bez prowizji dost\u0119pne s\u0105 wy\u0142\u0105cznie akcje b\u0119d\u0105ce w obrocie na gie\u0142dach w Stanach Zjednoczonych. Akcje te oferowane s\u0105 za po\u015brednictwem schematu inwestycyjnego eToro Service (ARSN 637 489 466), kt\u00f3rego operatorem jest eToro Asset Management Limited ABN 51 122 005 396 AFSL 319 738, a promotorem eToro AUS Capital Limited CAR 001281634. Przed rozpocz\u0119ciem inwestowania na naszej platformie nale\u017cy zapozna\u0107 si\u0119 z dokumentami zatytu\u0142owanymi \u201ePrzewodnik po us\u0142ugach finansowych\u201d (<a href=\"https:\/\/www.etoro.com\/customer-service\/terms-conditions\/\">FSG<\/a>) i \u201eO\u015bwiadczenie w sprawie cech produktu\u201d (<a href=\"https:\/\/www.etoro.com\/customer-service\/terms-conditions\/\">PDS<\/a>). Wszystkie pozosta\u0142e akcje oferowane s\u0105 w postaci instrument\u00f3w pochodnych i obci\u0105\u017cone prowizj\u0105.<\/em><\/p>\n<p><em>Zerowa prowizja nie dotyczy pozycji kr\u00f3tkich i lewarowanych. Zerowa prowizja oznacza, \u017ce przy otwieraniu lub zamykaniu pozycji nie b\u0119dzie pobierana \u017cadna op\u0142ata maklerska. Mog\u0105 obowi\u0105zywa\u0107 inne op\u0142aty. Aby uzyska\u0107 wi\u0119cej informacji o op\u0142atach,\u00a0<a href=\"https:\/\/www.etoro.com\/trading\/market-hours-fees\/?category=stocks\/\">kliknij tutaj<\/a>. Tw\u00f3j kapita\u0142 jest nara\u017cony na ryzyko.<\/em><\/p>\n","protected":false},"excerpt":{"rendered":"<p>&nbsp; Podzia\u0142 akcji jest do\u015b\u0107 powszechnym zjawiskiem na rynkach i ma miejsce na wielu gie\u0142dach na ca\u0142ym \u015bwiecie i w rozmaitym czasie. Ten przewodnik pomo\u017ce Ci zrozumie\u0107, czym jest podzia\u0142 akcji, jak wp\u0142ywa na Twoje pozycje zaj\u0119te na akcjach i jak eToro obs\u0142uguje taki proces na swojej platformie. Czym jest podzia\u0142 akcji? Podzia\u0142 akcji (stock&hellip;<\/p>\n","protected":false},"author":32,"featured_media":220217,"parent":58734,"menu_order":576,"comment_status":"closed","ping_status":"closed","template":"","meta":{"_acf_changed":false,"inline_featured_image":false,"sticky_cta_settings":"","footnotes":""},"asset_type":[],"class_list":["post-151920","page","type-page","status-publish","has-post-thumbnail","hentry"],"acf":[],"yoast_head":"<title>Podzia\u0142 akcji \u2013 Wszystko, co musisz wiedzie\u0107 | eToro<\/title>\n<meta name=\"description\" content=\"Podzia\u0142 akcji (stock split) to zdarzenie rynkowe, w kt\u00f3rym sp\u00f3\u0142ka dzieli poszczeg\u00f3lne akcje na mniejsze cz\u0119\u015bci. Dowiedz si\u0119, dlaczego si\u0119 to robi i jak to si\u0119 odbywa na eToro.\" \/>\n<meta name=\"robots\" content=\"index, follow, max-snippet:-1, max-image-preview:large, max-video-preview:-1\" \/>\n<link rel=\"canonical\" href=\"https:\/\/www.etoro.com\/pl\/wp-json\/wp\/v2\/pages\/151920\" \/>\n<meta property=\"og:locale\" content=\"pl_PL\" \/>\n<meta property=\"og:type\" content=\"article\" \/>\n<meta property=\"og:title\" content=\"Podzia\u0142 akcji \u2013 Wszystko, co musisz wiedzie\u0107 | eToro\" \/>\n<meta property=\"og:description\" content=\"Podzia\u0142 akcji (stock split) to zdarzenie rynkowe, w kt\u00f3rym sp\u00f3\u0142ka dzieli poszczeg\u00f3lne akcje na mniejsze cz\u0119\u015bci. Dowiedz si\u0119, dlaczego si\u0119 to robi i jak to si\u0119 odbywa na eToro.\" \/>\n<meta property=\"og:url\" content=\"https:\/\/www.etoro.com\/pl\/wp-json\/wp\/v2\/pages\/151920\" \/>\n<meta property=\"og:site_name\" content=\"eToro\" \/>\n<meta property=\"article:publisher\" content=\"https:\/\/www.facebook.com\/eToro\/\" \/>\n<meta property=\"article:modified_time\" content=\"2024-08-09T14:47:00+00:00\" \/>\n<meta property=\"og:image\" content=\"https:\/\/www.etoro.com\/wp-content\/uploads\/2021\/05\/1200x630_3182.jpg\" \/>\n\t<meta property=\"og:image:width\" content=\"1200\" \/>\n\t<meta property=\"og:image:height\" content=\"630\" \/>\n\t<meta property=\"og:image:type\" content=\"image\/jpeg\" \/>\n<meta name=\"twitter:card\" content=\"summary_large_image\" \/>\n<meta name=\"twitter:site\" content=\"@eToro\" \/>\n<meta name=\"twitter:label1\" content=\"Est. reading time\" \/>\n\t<meta name=\"twitter:data1\" content=\"7 minutes\" \/>\n<script type=\"application\/ld+json\" class=\"yoast-schema-graph\">{\"@context\":\"https:\/\/schema.org\",\"@graph\":[{\"@type\":\"WebPage\",\"@id\":\"https:\/\/www.etoro.com\/pl\/stocks\/stock-split\/\",\"url\":\"https:\/\/www.etoro.com\/pl\/stocks\/stock-split\/\",\"name\":\"Podzia\u0142 akcji \u2013 Wszystko, co musisz wiedzie\u0107 | eToro\",\"isPartOf\":{\"@id\":\"https:\/\/www.etoro.com\/pl\/#website\"},\"primaryImageOfPage\":{\"@id\":\"https:\/\/www.etoro.com\/pl\/stocks\/stock-split\/#primaryimage\"},\"image\":{\"@id\":\"https:\/\/www.etoro.com\/pl\/stocks\/stock-split\/#primaryimage\"},\"thumbnailUrl\":\"https:\/\/www.etoro.com\/wp-content\/uploads\/2021\/05\/1200x630_3182.jpg\",\"datePublished\":\"2020-08-30T14:19:38+00:00\",\"dateModified\":\"2024-08-09T14:47:00+00:00\",\"description\":\"Podzia\u0142 akcji (stock split) to zdarzenie rynkowe, w kt\u00f3rym sp\u00f3\u0142ka dzieli poszczeg\u00f3lne akcje na mniejsze cz\u0119\u015bci. Dowiedz si\u0119, dlaczego si\u0119 to robi i jak to si\u0119 odbywa na eToro.\",\"breadcrumb\":{\"@id\":\"https:\/\/www.etoro.com\/pl\/stocks\/stock-split\/#breadcrumb\"},\"inLanguage\":\"pl\",\"potentialAction\":[{\"@type\":\"ReadAction\",\"target\":[\"https:\/\/www.etoro.com\/pl\/stocks\/stock-split\/\"]}]},{\"@type\":\"ImageObject\",\"inLanguage\":\"pl\",\"@id\":\"https:\/\/www.etoro.com\/pl\/stocks\/stock-split\/#primaryimage\",\"url\":\"https:\/\/www.etoro.com\/wp-content\/uploads\/2021\/05\/1200x630_3182.jpg\",\"contentUrl\":\"https:\/\/www.etoro.com\/wp-content\/uploads\/2021\/05\/1200x630_3182.jpg\",\"width\":1200,\"height\":630},{\"@type\":\"BreadcrumbList\",\"@id\":\"https:\/\/www.etoro.com\/pl\/stocks\/stock-split\/#breadcrumb\",\"itemListElement\":[{\"@type\":\"ListItem\",\"position\":1,\"name\":\"Strona g\u0142\u00f3wna\",\"item\":\"https:\/\/www.etoro.com\/pl\/\"},{\"@type\":\"ListItem\",\"position\":2,\"name\":\"Akcje\",\"item\":\"https:\/\/www.etoro.com\/pl\/stocks\/\"},{\"@type\":\"ListItem\",\"position\":3,\"name\":\"Podzia\u0142 akcji \u2013 Co to jest i jak dzia\u0142a na eToro\"}]},{\"@type\":\"WebSite\",\"@id\":\"https:\/\/www.etoro.com\/pl\/#website\",\"url\":\"https:\/\/www.etoro.com\/pl\/\",\"name\":\"eToro\",\"description\":\"\",\"publisher\":{\"@id\":\"https:\/\/www.etoro.com\/pl\/#organization\"},\"potentialAction\":[{\"@type\":\"SearchAction\",\"target\":{\"@type\":\"EntryPoint\",\"urlTemplate\":\"https:\/\/www.etoro.com\/pl\/?s={search_term_string}\"},\"query-input\":{\"@type\":\"PropertyValueSpecification\",\"valueRequired\":true,\"valueName\":\"search_term_string\"}}],\"inLanguage\":\"pl\"},[]]}<\/script>","yoast_head_json":{"title":"Podzia\u0142 akcji \u2013 Wszystko, co musisz wiedzie\u0107 | eToro","description":"Podzia\u0142 akcji (stock split) to zdarzenie rynkowe, w kt\u00f3rym sp\u00f3\u0142ka dzieli poszczeg\u00f3lne akcje na mniejsze cz\u0119\u015bci. Dowiedz si\u0119, dlaczego si\u0119 to robi i jak to si\u0119 odbywa na eToro.","robots":{"index":"index","follow":"follow","max-snippet":"max-snippet:-1","max-image-preview":"max-image-preview:large","max-video-preview":"max-video-preview:-1"},"canonical":"https:\/\/www.etoro.com\/pl\/wp-json\/wp\/v2\/pages\/151920","og_locale":"pl_PL","og_type":"article","og_title":"Podzia\u0142 akcji \u2013 Wszystko, co musisz wiedzie\u0107 | eToro","og_description":"Podzia\u0142 akcji (stock split) to zdarzenie rynkowe, w kt\u00f3rym sp\u00f3\u0142ka dzieli poszczeg\u00f3lne akcje na mniejsze cz\u0119\u015bci. Dowiedz si\u0119, dlaczego si\u0119 to robi i jak to si\u0119 odbywa na eToro.","og_url":"https:\/\/www.etoro.com\/pl\/wp-json\/wp\/v2\/pages\/151920","og_site_name":"eToro","article_publisher":"https:\/\/www.facebook.com\/eToro\/","article_modified_time":"2024-08-09T14:47:00+00:00","og_image":[{"width":1200,"height":630,"url":"https:\/\/www.etoro.com\/wp-content\/uploads\/2021\/05\/1200x630_3182.jpg","type":"image\/jpeg"}],"twitter_card":"summary_large_image","twitter_site":"@eToro","twitter_misc":{"Est. reading time":"7 minutes"},"schema":{"@context":"https:\/\/schema.org","@graph":[{"@type":"WebPage","@id":"https:\/\/www.etoro.com\/pl\/stocks\/stock-split\/","url":"https:\/\/www.etoro.com\/pl\/stocks\/stock-split\/","name":"Podzia\u0142 akcji \u2013 Wszystko, co musisz wiedzie\u0107 | eToro","isPartOf":{"@id":"https:\/\/www.etoro.com\/pl\/#website"},"primaryImageOfPage":{"@id":"https:\/\/www.etoro.com\/pl\/stocks\/stock-split\/#primaryimage"},"image":{"@id":"https:\/\/www.etoro.com\/pl\/stocks\/stock-split\/#primaryimage"},"thumbnailUrl":"https:\/\/www.etoro.com\/wp-content\/uploads\/2021\/05\/1200x630_3182.jpg","datePublished":"2020-08-30T14:19:38+00:00","dateModified":"2024-08-09T14:47:00+00:00","description":"Podzia\u0142 akcji (stock split) to zdarzenie rynkowe, w kt\u00f3rym sp\u00f3\u0142ka dzieli poszczeg\u00f3lne akcje na mniejsze cz\u0119\u015bci. Dowiedz si\u0119, dlaczego si\u0119 to robi i jak to si\u0119 odbywa na eToro.","breadcrumb":{"@id":"https:\/\/www.etoro.com\/pl\/stocks\/stock-split\/#breadcrumb"},"inLanguage":"pl","potentialAction":[{"@type":"ReadAction","target":["https:\/\/www.etoro.com\/pl\/stocks\/stock-split\/"]}]},{"@type":"ImageObject","inLanguage":"pl","@id":"https:\/\/www.etoro.com\/pl\/stocks\/stock-split\/#primaryimage","url":"https:\/\/www.etoro.com\/wp-content\/uploads\/2021\/05\/1200x630_3182.jpg","contentUrl":"https:\/\/www.etoro.com\/wp-content\/uploads\/2021\/05\/1200x630_3182.jpg","width":1200,"height":630},{"@type":"BreadcrumbList","@id":"https:\/\/www.etoro.com\/pl\/stocks\/stock-split\/#breadcrumb","itemListElement":[{"@type":"ListItem","position":1,"name":"Strona g\u0142\u00f3wna","item":"https:\/\/www.etoro.com\/pl\/"},{"@type":"ListItem","position":2,"name":"Akcje","item":"https:\/\/www.etoro.com\/pl\/stocks\/"},{"@type":"ListItem","position":3,"name":"Podzia\u0142 akcji \u2013 Co to jest i jak dzia\u0142a na eToro"}]},{"@type":"WebSite","@id":"https:\/\/www.etoro.com\/pl\/#website","url":"https:\/\/www.etoro.com\/pl\/","name":"eToro","description":"","publisher":{"@id":"https:\/\/www.etoro.com\/pl\/#organization"},"potentialAction":[{"@type":"SearchAction","target":{"@type":"EntryPoint","urlTemplate":"https:\/\/www.etoro.com\/pl\/?s={search_term_string}"},"query-input":{"@type":"PropertyValueSpecification","valueRequired":true,"valueName":"search_term_string"}}],"inLanguage":"pl"},[]]}},"_links":{"self":[{"href":"https:\/\/www.etoro.com\/pl\/wp-json\/wp\/v2\/pages\/151920"}],"collection":[{"href":"https:\/\/www.etoro.com\/pl\/wp-json\/wp\/v2\/pages"}],"about":[{"href":"https:\/\/www.etoro.com\/pl\/wp-json\/wp\/v2\/types\/page"}],"author":[{"embeddable":true,"href":"https:\/\/www.etoro.com\/pl\/wp-json\/wp\/v2\/users\/32"}],"replies":[{"embeddable":true,"href":"https:\/\/www.etoro.com\/pl\/wp-json\/wp\/v2\/comments?post=151920"}],"version-history":[{"count":0,"href":"https:\/\/www.etoro.com\/pl\/wp-json\/wp\/v2\/pages\/151920\/revisions"}],"up":[{"embeddable":true,"href":"https:\/\/www.etoro.com\/pl\/wp-json\/wp\/v2\/pages\/58734"}],"wp:featuredmedia":[{"embeddable":true,"href":"https:\/\/www.etoro.com\/pl\/wp-json\/wp\/v2\/media\/220217"}],"wp:attachment":[{"href":"https:\/\/www.etoro.com\/pl\/wp-json\/wp\/v2\/media?parent=151920"}],"wp:term":[{"taxonomy":"asset_type","embeddable":true,"href":"https:\/\/www.etoro.com\/pl\/wp-json\/wp\/v2\/asset_type?post=151920"}],"curies":[{"name":"wp","href":"https:\/\/api.w.org\/{rel}","templated":true}]}}