{"id":167837,"date":"2020-10-15T10:30:40","date_gmt":"2020-10-15T07:30:40","guid":{"rendered":"http:\/\/www.etoro.com\/investing\/insurance\/"},"modified":"2025-04-23T02:14:37","modified_gmt":"2025-04-22T23:14:37","slug":"insurance","status":"publish","type":"page","link":"https:\/\/www.etoro.com\/pl\/investing\/insurance\/","title":{"rendered":"Ubezpieczenie"},"content":{"rendered":"\n<section class=\"wp-block-group wp-block-group-boxed has-white-background-color has-background\"><div class=\"wp-block-group-inner is-layout-flow wp-block-group-is-layout-flow\">\n<div class=\"wp-block-columns are-vertically-aligned-top wp-block-columns-1 is-layout-flex wp-container-core-columns-is-layout-1 wp-block-columns-is-layout-flex\">\n<div class=\"wp-block-column is-layout-flow wp-block-column-is-layout-flow\">\n<h2 class=\"wp-block-heading\">Ubezpieczenie<\/h2>\n\n\n\n<p>Niekt\u00f3re podmioty eToro zapewniaj\u0105 uprawnionym klientom bezp\u0142atne ubezpieczenie wykupione w Lloyd&#8217;s of London, jednym z wiod\u0105cych na \u015bwiecie dostawc\u00f3w ubezpiecze\u0144 specjalistycznych, zapewniaj\u0105ce ochron\u0119 do 1 miliona EUR, AUD lub USD (w zale\u017cno\u015bci od regionu).<\/p>\n\n\n\n<p><strong>Bezp\u0142atne ubezpieczenie dost\u0119pne jest tylko dla cz\u0142onk\u00f3w klubu Platinum, Platinum+ i Diamond, b\u0119d\u0105cych <a href=\"https:\/\/www.etoro.com\/pl\/about\/clubs\/\">klientami<\/a> eToro (Europe) Ltd., eToro AUS Capital Ltd., eToro (ME) Ltd. oraz eToro (Seychelles) Ltd.<\/strong><\/p>\n\n\n\n<ul class=\"wp-block-list wp-block-list wp-block-list-circle\">\n<li>Ubezpieczenie obejmuje roszczenia uprawnionych klient\u00f3w, kt\u00f3rzy ponie\u015bli straty w wyniku ma\u0142o prawdopodobnego przypadku niewyp\u0142acalno\u015bci eToro oraz w przypadku wyst\u0105pienia przypadku nadu\u017cycia (zgodnie z definicj\u0105 zawart\u0105 w&nbsp;<a href=\"https:\/\/www.etoro.com\/wp-content\/uploads\/2022\/11\/Insurance-Disclosure-to-Clients-2022-.docx.pdf\">odpowiedniej polisie<\/a>).<\/li>\n\n\n\n<li>Ubezpieczenie obejmuje: (i) do 1 miliona EUR, AUD lub USD (w zale\u017cno\u015bci od podmiotu regulowanego); (ii) do \u0142\u0105cznego limitu wykupionego przez eToro; oraz (iii) z zastrze\u017ceniem kwoty nadwy\u017cki (zgodnie z definicj\u0105 w odpowiedniej <a href=\"https:\/\/etoro.com\/wp-content\/uploads\/2023\/01\/Insurance-Disclosure-to-Clients-2022-.docx.pdf\" rel=\"nofollow noopener noreferrer\"  rel=\"nofollow noopener noreferrer\" >polisie<\/a>).<\/li>\n\n\n\n<li>Musi przekracza\u0107 pocz\u0105tkow\u0105 kwot\u0119 20 000 EUR, AUD lub USD.<\/li>\n\n\n\n<li>Ubezpieczenie obejmuje got\u00f3wk\u0119, wszystkie pozycje CFD i papiery warto\u015bciowe. Nale\u017cy pami\u0119ta\u0107, \u017ce pozycje w PRAWDZIWEJ kryptowalucie nie s\u0105 obj\u0119te ubezpieczeniem, zgodnie z obowi\u0105zuj\u0105cymi&nbsp;<a href=\"https:\/\/etoro.com\/wp-content\/uploads\/2023\/01\/Insurance-Disclosure-to-Clients-2022-.docx.pdf\" rel=\"nofollow noopener noreferrer\"  rel=\"nofollow noopener noreferrer\" >zasadami<\/a>.<\/li>\n<\/ul>\n<\/div>\n<\/div>\n<\/div><\/section>\n\n\n\n<section class=\"wp-block-group wp-block-group-boxed has-dark-blue-background-color has-background\"><div class=\"wp-block-group-inner is-layout-flow wp-block-group-is-layout-flow\">\n<div class=\"wp-block-columns are-vertically-aligned-center wp-block-columns-2 is-layout-flex wp-container-core-columns-is-layout-2 wp-block-columns-is-layout-flex\">\n<div class=\"wp-block-column is-layout-flow wp-block-column-is-layout-flow\">\n<figure class=\"wp-block-image size-full\"><img loading=\"lazy\" decoding=\"async\" width=\"577\" height=\"375\" src=\"https:\/\/www.etoro.com\/wp-content\/uploads\/2025\/04\/Three-layer-protection.png\" alt=\"\" class=\"wp-image-1048942 wp-image-desktop\" srcset=\"https:\/\/www.etoro.com\/wp-content\/uploads\/2025\/04\/Three-layer-protection.png 577w, https:\/\/www.etoro.com\/wp-content\/uploads\/2025\/04\/Three-layer-protection-300x195.png 300w\" sizes=\"(max-width: 577px) 100vw, 577px\" \/><\/figure>\n<\/div>\n\n\n\n<div class=\"wp-block-column is-text-column is-layout-flow wp-block-column-is-layout-flow\">\n<h2 class=\"wp-block-heading\"><strong>Trzy poziomy ochrony<\/strong><\/h2>\n\n\n\n<p>W ma\u0142o prawdopodobnym przypadku niewyp\u0142acalno\u015bci eToro, uprawnieni klienci* eToro (Europe) Ltd., eToro AUS Capital Ltd., eToro (ME) Ltd. oraz eToro (Seychelles) Ltd. maj\u0105 trzy warstwy ochrony.<\/p>\n\n\n\n<ul class=\"wp-block-list wp-block-list wp-block-list-circle\">\n<li>W przypadku niewyp\u0142acalno\u015bci wyznaczony likwidator b\u0119dzie zarz\u0105dza\u0142 aktywami eToro i rozdziela\u0142 pieni\u0105dze mi\u0119dzy klient\u00f3w, je\u015bli zajdzie taka potrzeba.<\/li>\n\n\n\n<li>Ochrona regulacyjna: Dla klient\u00f3w eToro (Europe) Ltd. (regulowanej przez CySEC) obowi\u0105zuj\u0105 pewne programy regulacyjne (ICF), kt\u00f3re zapewniaj\u0105 klientom rekompensat\u0119 w przypadku niewyp\u0142acalno\u015bci i niedoboru \u015brodk\u00f3w klienta w wysoko\u015bci do 20 tys. dolar\u00f3w.<\/li>\n\n\n\n<li>Prywatne ubezpieczenie: Zapewniane przez Lloyd&#8217;s of London, ta polisa ubezpieczenia inwestycyjnego pokrywa straty poniesione z powodu niewyp\u0142acalno\u015bci, z zastrze\u017ceniem kwoty nadwy\u017cki i do 1 miliona EUR\/AUD\/USD na klienta*, jak opisano powy\u017cej.<\/li>\n<\/ul>\n\n\n\n<p class=\"is-style-disclaimer\">*Bezp\u0142atne ubezpieczenie dost\u0119pne jest tylko dla cz\u0142onk\u00f3w klubu Platinum, Platinum+ i Diamond, b\u0119d\u0105cych <a href=\"https:\/\/www.etoro.com\/pl\/about\/clubs\/\">klientami<\/a> eToro (Europe) Ltd., eToro AUS Capital Ltd., eToro (ME) Ltd. oraz eToro (Seychelles) Ltd.<\/p>\n<\/div>\n<\/div>\n<\/div><\/section>\n\n\n\n<section class=\"wp-block-group wp-block-group-boxed\"><div class=\"wp-block-group-inner is-layout-flow wp-block-group-is-layout-flow\">\n<div class=\"wp-block-columns are-vertically-aligned-top wp-block-columns-1 is-layout-flex wp-container-core-columns-is-layout-3 wp-block-columns-is-layout-flex\">\n<div class=\"wp-block-column is-layout-flow wp-block-column-is-layout-flow\">\n<h2 class=\"wp-block-heading has-text-align-center\"><strong>eToro oferuje te\u017c us\u0142ugi dodatkowe, takie jak:<\/strong><\/h2>\n<\/div>\n<\/div>\n<\/div><\/section>\n\n\n\n<section class=\"wp-block-group wp-block-group-boxed has-white-background-color has-background\"><div class=\"wp-block-group-inner is-layout-flow wp-block-group-is-layout-flow\">\n<div class=\"wp-block-columns are-vertically-aligned-center wp-block-columns-2 is-swapped-on-mobile is-layout-flex wp-container-core-columns-is-layout-4 wp-block-columns-is-layout-flex\">\n<div class=\"wp-block-column is-layout-flow wp-block-column-is-layout-flow\">\n<h2 class=\"wp-block-heading\">Twoje \u015brodki utrzymywane s\u0105 na wydzielonym rachunku<\/h2>\n\n\n\n<p>Najwy\u017cszym priorytetem eToro jest troska o bezpiecze\u0144stwo klient\u00f3w i ich \u015brodk\u00f3w. Z tego powodu absolutnie wszystkie \u015brodki wp\u0142acane przez klient\u00f3w s\u0105 utrzymywane na osobnym, wydzielonym rachunku. Oznacza to, \u017ce nawet w przypadku (ma\u0142o prawdopodobnej) niewyp\u0142acalno\u015bci firmy eToro Twoje \u015brodki b\u0119d\u0105 bezpieczne.<\/p>\n<\/div>\n\n\n\n<div class=\"wp-block-column is-layout-flow wp-block-column-is-layout-flow\">\n<figure class=\"wp-block-image size-full\"><img loading=\"lazy\" decoding=\"async\" width=\"578\" height=\"375\" src=\"https:\/\/www.etoro.com\/wp-content\/uploads\/2025\/04\/Segregated-Account.png\" alt=\"\" class=\"wp-image-1048971 wp-image-desktop\" srcset=\"https:\/\/www.etoro.com\/wp-content\/uploads\/2025\/04\/Segregated-Account.png 578w, https:\/\/www.etoro.com\/wp-content\/uploads\/2025\/04\/Segregated-Account-300x195.png 300w\" sizes=\"(max-width: 578px) 100vw, 578px\" \/><\/figure>\n<\/div>\n<\/div>\n<\/div><\/section>\n\n\n\n<section class=\"wp-block-group wp-block-group-boxed has-white-background-color has-background\"><div class=\"wp-block-group-inner is-layout-flow wp-block-group-is-layout-flow\">\n<div class=\"wp-block-columns are-vertically-aligned-center wp-block-columns-2 is-layout-flex wp-container-core-columns-is-layout-5 wp-block-columns-is-layout-flex\">\n<div class=\"wp-block-column is-layout-flow wp-block-column-is-layout-flow\">\n<figure class=\"wp-block-image size-full\"><img loading=\"lazy\" decoding=\"async\" width=\"576\" height=\"394\" src=\"https:\/\/www.etoro.com\/wp-content\/uploads\/2025\/04\/100-K-Demo-account.png\" alt=\"\" class=\"wp-image-1049040 wp-image-desktop\" srcset=\"https:\/\/www.etoro.com\/wp-content\/uploads\/2025\/04\/100-K-Demo-account.png 576w, https:\/\/www.etoro.com\/wp-content\/uploads\/2025\/04\/100-K-Demo-account-300x205.png 300w\" sizes=\"(max-width: 576px) 100vw, 576px\" \/><\/figure>\n<\/div>\n\n\n\n<div class=\"wp-block-column is-layout-flow wp-block-column-is-layout-flow\">\n<h2 class=\"wp-block-heading\">BEZP\u0141ATNY rachunek demonstracyjny z 100 000 USD<\/h2>\n\n\n\n<p>Odkryj prostot\u0119 i \u0142atwo\u015b\u0107 obs\u0142ugi platformy eToro dzi\u0119ki BEZP\u0141ATNEMU rachunkowi demonstracyjnemu na kwot\u0119 100&nbsp;000&nbsp;USD. Otwieraj i zamykaj pozycje, buduj wirtualny portfel dzi\u0119ki&nbsp;<a href=\"https:\/\/etoro.com\/pl\/stocks\/\" rel=\"nofollow noopener noreferrer\" >akcjom<\/a>,&nbsp;<a href=\"https:\/\/www.etoro.com\/pl\/crypto\/\">kryptowalutom<\/a>&nbsp;oraz innym klasom aktyw\u00f3w, a tak\u017ce doskonal swoje umiej\u0119tno\u015bci w zakresie inwestowania kr\u00f3tko- i d\u0142ugoterminowego.<\/p>\n<\/div>\n<\/div>\n<\/div><\/section>\n\n\n\n<section class=\"wp-block-group wp-block-group-boxed has-white-background-color has-background\"><div class=\"wp-block-group-inner is-layout-flow wp-block-group-is-layout-flow\">\n<div class=\"wp-block-columns are-vertically-aligned-top wp-block-columns-1 is-layout-flex wp-container-core-columns-is-layout-6 wp-block-columns-is-layout-flex\">\n<div class=\"wp-block-column is-layout-flow wp-block-column-is-layout-flow\">\n<p class=\"has-text-align-center\">Obowi\u0105zuje Regulamin. Wi\u0119cej informacji mo\u017cna znale\u017a\u0107 w\u00a0<a href=\"https:\/\/www.etoro.com\/wp-content\/uploads\/2025\/02\/Insurance-Disclosure-to-Clients-2025.pdf\" target=\"_blank\" rel=\"noreferrer noopener\">Regulaminie<\/a>\u00a0ubezpiecze\u0144 eToro.<\/p>\n\n\n\n<div class=\"wp-block-buttons is-content-justification-center is-layout-flex wp-container-core-buttons-is-layout-1 wp-block-buttons-is-layout-flex\">\n<a class=\"e-cta e-cta-primary\" href=\"https:\/\/www.etoro.com\/pl\/accounts\/sign-up\">Zacznij teraz<\/a>\n<\/div>\n<\/div>\n<\/div>\n<\/div><\/section>\n\n\n\n<section class=\"wp-block-group wp-block-group-boxed has-white-background-color has-background\"><div class=\"wp-block-group-inner is-layout-flow wp-block-group-is-layout-flow\">\n<div class=\"wp-block-columns are-vertically-aligned-top wp-block-columns-1 is-layout-flex wp-container-core-columns-is-layout-7 wp-block-columns-is-layout-flex\">\n<div class=\"wp-block-column is-layout-flow wp-block-column-is-layout-flow\">\n<h2 class=\"wp-block-heading has-text-align-center\">Ubezpieczenie eToro \u2014 cz\u0119sto zadawane pytania<\/h2>\n\n\n\n<dl class=\"wp-block-etoro-faq\">\n<div class=\"wp-block-etoro-faq-item\"><dt class=\"wp-block-etoro-faq-item-question\">Jakie produkty s\u0105 obj\u0119te polis\u0105 ubezpieczeniow\u0105?<\/dt><dd class=\"wp-block-etoro-faq-item-answer\">\n<p>Ubezpieczenie obejmuje got\u00f3wk\u0119, wszystkie pozycje CFD oraz papiery warto\u015bciowe. Zwr\u00f3\u0107 uwag\u0119, \u017ce pozycje w PRAWDZIWEJ kryptowalucie (non-CFD) nie s\u0105 obj\u0119te ubezpieczeniem inwestycyjnym.<\/p>\n<\/dd><\/div>\n\n\n\n<div class=\"wp-block-etoro-faq-item\"><dt class=\"wp-block-etoro-faq-item-question\">Kto jest obj\u0119ty ubezpieczeniem?<\/dt><dd class=\"wp-block-etoro-faq-item-answer\">\n<p>Ubezpieczenie dost\u0119pne jest tylko dla cz\u0142onk\u00f3w klubu Platinum, Platinum+ i Diamond, b\u0119d\u0105cych <a href=\"https:\/\/etoro.com\/pl\/about\/club\/\" rel=\"nofollow noopener noreferrer\" >klientami<\/a> eToro (Europe) Ltd., eToro AUS Capital Ltd., eToro (ME) Ltd. oraz eToro (Seychelles) Ltd.<\/p>\n<\/dd><\/div>\n\n\n\n<div class=\"wp-block-etoro-faq-item\"><dt class=\"wp-block-etoro-faq-item-question\">Czy ma dat\u0119 wa\u017cno\u015bci?<\/dt><dd class=\"wp-block-etoro-faq-item-answer\">\n<p>Nie. Jednak ubezpieczenie mo\u017ce zosta\u0107 wycofane wedle uznania eToro w dowolnym momencie w przysz\u0142o\u015bci. Wcze\u015bniejsze powiadomienie nie jest wymagane.<\/p>\n<\/dd><\/div>\n\n\n\n<div class=\"wp-block-etoro-faq-item\"><dt class=\"wp-block-etoro-faq-item-question\">Kiedy nast\u0105pi uruchomienie ubezpieczenia?<\/dt><dd class=\"wp-block-etoro-faq-item-answer\">\n<p>Ubezpieczenie mo\u017ce zosta\u0107 uruchomione w ma\u0142o prawdopodobnym przypadku niewyp\u0142acalno\u015bci eToro.<\/p>\n<\/dd><\/div>\n\n\n\n<div class=\"wp-block-etoro-faq-item\"><dt class=\"wp-block-etoro-faq-item-question\">Jak eToro przechowuje moje pieni\u0105dze?<\/dt><dd class=\"wp-block-etoro-faq-item-answer\">\n<p>Aby chroni\u0107 Twoje \u015brodki, eToro przechowuje je na ca\u0142kowicie oddzielnym rachunku w najlepszym banku lub kwalifikuj\u0105cym si\u0119 funduszu rynku pieni\u0119\u017cnego.<\/p>\n<\/dd><\/div>\n<\/dl>\n<\/div>\n<\/div>\n<\/div><\/section>\n","protected":false},"excerpt":{"rendered":"<p>Ubezpieczenie Niekt\u00f3re podmioty eToro zapewniaj\u0105 uprawnionym klientom bezp\u0142atne ubezpieczenie wykupione w Lloyd&#8217;s of London, jednym z wiod\u0105cych na \u015bwiecie dostawc\u00f3w ubezpiecze\u0144 specjalistycznych, zapewniaj\u0105ce ochron\u0119 do 1 miliona EUR, AUD lub USD (w zale\u017cno\u015bci od regionu). Bezp\u0142atne ubezpieczenie dost\u0119pne jest tylko dla cz\u0142onk\u00f3w klubu Platinum, Platinum+ i Diamond, b\u0119d\u0105cych klientami eToro (Europe) Ltd., eToro AUS Capital&hellip;<\/p>\n","protected":false},"author":39,"featured_media":0,"parent":19767,"menu_order":497,"comment_status":"closed","ping_status":"closed","template":"","meta":{"_acf_changed":true,"inline_featured_image":false,"sticky_cta_settings":"","footnotes":""},"asset_type":[],"class_list":["post-167837","page","type-page","status-publish","hentry"],"acf":[],"yoast_head":"<title>BEZP\u0141ATNE ubezpieczenie inwestycji dla klient\u00f3w eToro<\/title>\n<meta name=\"description\" content=\"Skorzystaj z dodatkowej warstwy ochrony: eToro oferuje BEZP\u0141ATNE ubezpieczenie na kwot\u0119 do 1 miliona EUR, GBP lub AUD (w zale\u017cno\u015bci od przepis\u00f3w).\" \/>\n<meta name=\"robots\" content=\"noindex, follow\" \/>\n<meta property=\"og:locale\" content=\"pl_PL\" \/>\n<meta property=\"og:type\" content=\"article\" \/>\n<meta property=\"og:title\" content=\"BEZP\u0141ATNE ubezpieczenie inwestycji dla klient\u00f3w eToro\" \/>\n<meta property=\"og:description\" content=\"Skorzystaj z dodatkowej warstwy ochrony: eToro oferuje BEZP\u0141ATNE ubezpieczenie na kwot\u0119 do 1 miliona EUR, GBP lub AUD (w zale\u017cno\u015bci od przepis\u00f3w).\" \/>\n<meta property=\"og:url\" content=\"https:\/\/www.etoro.com\/pl\/wp-json\/wp\/v2\/pages\/167837\" \/>\n<meta property=\"og:site_name\" content=\"eToro\" \/>\n<meta property=\"article:publisher\" content=\"https:\/\/www.facebook.com\/eToro\/\" \/>\n<meta property=\"article:modified_time\" content=\"2025-04-22T23:14:37+00:00\" \/>\n<meta property=\"og:image\" content=\"https:\/\/www.etoro.com\/wp-content\/uploads\/2025\/04\/Three-layer-protection.png\" \/>\n\t<meta property=\"og:image:width\" content=\"577\" \/>\n\t<meta property=\"og:image:height\" content=\"375\" \/>\n\t<meta property=\"og:image:type\" content=\"image\/png\" \/>\n<meta name=\"twitter:card\" content=\"summary_large_image\" \/>\n<meta name=\"twitter:site\" content=\"@eToro\" \/>\n<meta name=\"twitter:label1\" content=\"Est. reading time\" \/>\n\t<meta name=\"twitter:data1\" content=\"3 minutes\" \/>\n<script type=\"application\/ld+json\" class=\"yoast-schema-graph\">{\"@context\":\"https:\/\/schema.org\",\"@graph\":[{\"@type\":\"WebPage\",\"@id\":\"https:\/\/www.etoro.com\/pl\/investing\/insurance\/\",\"url\":\"https:\/\/www.etoro.com\/pl\/investing\/insurance\/\",\"name\":\"BEZP\u0141ATNE ubezpieczenie inwestycji dla klient\u00f3w eToro\",\"isPartOf\":{\"@id\":\"https:\/\/www.etoro.com\/pl\/#website\"},\"primaryImageOfPage\":{\"@id\":\"https:\/\/www.etoro.com\/pl\/investing\/insurance\/#primaryimage\"},\"image\":{\"@id\":\"https:\/\/www.etoro.com\/pl\/investing\/insurance\/#primaryimage\"},\"thumbnailUrl\":\"https:\/\/www.etoro.com\/wp-content\/uploads\/2025\/04\/Three-layer-protection.png\",\"datePublished\":\"2020-10-15T07:30:40+00:00\",\"dateModified\":\"2025-04-22T23:14:37+00:00\",\"description\":\"Skorzystaj z dodatkowej warstwy ochrony: eToro oferuje BEZP\u0141ATNE ubezpieczenie na kwot\u0119 do 1 miliona EUR, GBP lub AUD (w zale\u017cno\u015bci od przepis\u00f3w).\",\"breadcrumb\":{\"@id\":\"https:\/\/www.etoro.com\/pl\/investing\/insurance\/#breadcrumb\"},\"inLanguage\":\"pl\",\"potentialAction\":[{\"@type\":\"ReadAction\",\"target\":[\"https:\/\/www.etoro.com\/pl\/investing\/insurance\/\"]}]},{\"@type\":\"ImageObject\",\"inLanguage\":\"pl\",\"@id\":\"https:\/\/www.etoro.com\/pl\/investing\/insurance\/#primaryimage\",\"url\":\"https:\/\/www.etoro.com\/wp-content\/uploads\/2025\/04\/Three-layer-protection.png\",\"contentUrl\":\"https:\/\/www.etoro.com\/wp-content\/uploads\/2025\/04\/Three-layer-protection.png\"},{\"@type\":\"BreadcrumbList\",\"@id\":\"https:\/\/www.etoro.com\/pl\/investing\/insurance\/#breadcrumb\",\"itemListElement\":[{\"@type\":\"ListItem\",\"position\":1,\"name\":\"Strona g\u0142\u00f3wna\",\"item\":\"https:\/\/www.etoro.com\/pl\/\"},{\"@type\":\"ListItem\",\"position\":2,\"name\":\"Inwestycje d\u0142ugoterminowe\",\"item\":\"https:\/\/www.etoro.com\/pl\/investing\/\"},{\"@type\":\"ListItem\",\"position\":3,\"name\":\"Ubezpieczenie\"}]},{\"@type\":\"WebSite\",\"@id\":\"https:\/\/www.etoro.com\/pl\/#website\",\"url\":\"https:\/\/www.etoro.com\/pl\/\",\"name\":\"eToro\",\"description\":\"\",\"publisher\":{\"@id\":\"https:\/\/www.etoro.com\/pl\/#organization\"},\"potentialAction\":[{\"@type\":\"SearchAction\",\"target\":{\"@type\":\"EntryPoint\",\"urlTemplate\":\"https:\/\/www.etoro.com\/pl\/?s={search_term_string}\"},\"query-input\":{\"@type\":\"PropertyValueSpecification\",\"valueRequired\":true,\"valueName\":\"search_term_string\"}}],\"inLanguage\":\"pl\"},[]]}<\/script>","yoast_head_json":{"title":"BEZP\u0141ATNE ubezpieczenie inwestycji dla klient\u00f3w eToro","description":"Skorzystaj z dodatkowej warstwy ochrony: eToro oferuje BEZP\u0141ATNE ubezpieczenie na kwot\u0119 do 1 miliona EUR, GBP lub AUD (w zale\u017cno\u015bci od przepis\u00f3w).","robots":{"index":"noindex","follow":"follow"},"og_locale":"pl_PL","og_type":"article","og_title":"BEZP\u0141ATNE ubezpieczenie inwestycji dla klient\u00f3w eToro","og_description":"Skorzystaj z dodatkowej warstwy ochrony: eToro oferuje BEZP\u0141ATNE ubezpieczenie na kwot\u0119 do 1 miliona EUR, GBP lub AUD (w zale\u017cno\u015bci od przepis\u00f3w).","og_url":"https:\/\/www.etoro.com\/pl\/wp-json\/wp\/v2\/pages\/167837","og_site_name":"eToro","article_publisher":"https:\/\/www.facebook.com\/eToro\/","article_modified_time":"2025-04-22T23:14:37+00:00","og_image":[{"width":577,"height":375,"url":"https:\/\/www.etoro.com\/wp-content\/uploads\/2025\/04\/Three-layer-protection.png","type":"image\/png"}],"twitter_card":"summary_large_image","twitter_site":"@eToro","twitter_misc":{"Est. reading time":"3 minutes"},"schema":{"@context":"https:\/\/schema.org","@graph":[{"@type":"WebPage","@id":"https:\/\/www.etoro.com\/pl\/investing\/insurance\/","url":"https:\/\/www.etoro.com\/pl\/investing\/insurance\/","name":"BEZP\u0141ATNE ubezpieczenie inwestycji dla klient\u00f3w eToro","isPartOf":{"@id":"https:\/\/www.etoro.com\/pl\/#website"},"primaryImageOfPage":{"@id":"https:\/\/www.etoro.com\/pl\/investing\/insurance\/#primaryimage"},"image":{"@id":"https:\/\/www.etoro.com\/pl\/investing\/insurance\/#primaryimage"},"thumbnailUrl":"https:\/\/www.etoro.com\/wp-content\/uploads\/2025\/04\/Three-layer-protection.png","datePublished":"2020-10-15T07:30:40+00:00","dateModified":"2025-04-22T23:14:37+00:00","description":"Skorzystaj z dodatkowej warstwy ochrony: eToro oferuje BEZP\u0141ATNE ubezpieczenie na kwot\u0119 do 1 miliona EUR, GBP lub AUD (w zale\u017cno\u015bci od przepis\u00f3w).","breadcrumb":{"@id":"https:\/\/www.etoro.com\/pl\/investing\/insurance\/#breadcrumb"},"inLanguage":"pl","potentialAction":[{"@type":"ReadAction","target":["https:\/\/www.etoro.com\/pl\/investing\/insurance\/"]}]},{"@type":"ImageObject","inLanguage":"pl","@id":"https:\/\/www.etoro.com\/pl\/investing\/insurance\/#primaryimage","url":"https:\/\/www.etoro.com\/wp-content\/uploads\/2025\/04\/Three-layer-protection.png","contentUrl":"https:\/\/www.etoro.com\/wp-content\/uploads\/2025\/04\/Three-layer-protection.png"},{"@type":"BreadcrumbList","@id":"https:\/\/www.etoro.com\/pl\/investing\/insurance\/#breadcrumb","itemListElement":[{"@type":"ListItem","position":1,"name":"Strona g\u0142\u00f3wna","item":"https:\/\/www.etoro.com\/pl\/"},{"@type":"ListItem","position":2,"name":"Inwestycje d\u0142ugoterminowe","item":"https:\/\/www.etoro.com\/pl\/investing\/"},{"@type":"ListItem","position":3,"name":"Ubezpieczenie"}]},{"@type":"WebSite","@id":"https:\/\/www.etoro.com\/pl\/#website","url":"https:\/\/www.etoro.com\/pl\/","name":"eToro","description":"","publisher":{"@id":"https:\/\/www.etoro.com\/pl\/#organization"},"potentialAction":[{"@type":"SearchAction","target":{"@type":"EntryPoint","urlTemplate":"https:\/\/www.etoro.com\/pl\/?s={search_term_string}"},"query-input":{"@type":"PropertyValueSpecification","valueRequired":true,"valueName":"search_term_string"}}],"inLanguage":"pl"},[]]}},"_links":{"self":[{"href":"https:\/\/www.etoro.com\/pl\/wp-json\/wp\/v2\/pages\/167837"}],"collection":[{"href":"https:\/\/www.etoro.com\/pl\/wp-json\/wp\/v2\/pages"}],"about":[{"href":"https:\/\/www.etoro.com\/pl\/wp-json\/wp\/v2\/types\/page"}],"author":[{"embeddable":true,"href":"https:\/\/www.etoro.com\/pl\/wp-json\/wp\/v2\/users\/39"}],"replies":[{"embeddable":true,"href":"https:\/\/www.etoro.com\/pl\/wp-json\/wp\/v2\/comments?post=167837"}],"version-history":[{"count":0,"href":"https:\/\/www.etoro.com\/pl\/wp-json\/wp\/v2\/pages\/167837\/revisions"}],"up":[{"embeddable":true,"href":"https:\/\/www.etoro.com\/pl\/wp-json\/wp\/v2\/pages\/19767"}],"wp:attachment":[{"href":"https:\/\/www.etoro.com\/pl\/wp-json\/wp\/v2\/media?parent=167837"}],"wp:term":[{"taxonomy":"asset_type","embeddable":true,"href":"https:\/\/www.etoro.com\/pl\/wp-json\/wp\/v2\/asset_type?post=167837"}],"curies":[{"name":"wp","href":"https:\/\/api.w.org\/{rel}","templated":true}]}}