{"id":244568,"date":"2021-06-17T10:17:11","date_gmt":"2021-06-17T07:17:11","guid":{"rendered":"https:\/\/www.etoro.com\/about\/imprint\/"},"modified":"2024-06-19T17:13:15","modified_gmt":"2024-06-19T14:13:15","slug":"imprint","status":"publish","type":"page","link":"https:\/\/www.etoro.com\/pl\/about\/imprint\/","title":{"rendered":"Znak"},"content":{"rendered":"\n<section class=\"wp-block-group wp-block-group-boxed has-white-background-color has-background\"><div class=\"wp-block-group-inner is-layout-flow wp-block-group-is-layout-flow\">\n<div class=\"wp-block-columns are-vertically-aligned-top wp-block-columns-1 is-layout-flex wp-container-core-columns-is-layout-1 wp-block-columns-is-layout-flex\">\n<div class=\"wp-block-column is-layout-flow wp-block-column-is-layout-flow\">\n<h2 class=\"wp-block-heading\">Znak<\/h2>\n\n\n\n<p>Us\u0142ugodawca w rozumieniu art. 5 dyrektywy 2000\/31\/WE (dyrektywa o handlu elektronicznym):<\/p>\n\n\n\n<figure class=\"wp-block-image\"><img loading=\"lazy\" decoding=\"async\" width=\"512\" height=\"266\" src=\"https:\/\/www.etoro.com\/wp-content\/uploads\/2021\/06\/unnamed-1.jpg\" alt=\"\" class=\"wp-image-240873 wp-image-desktop\" srcset=\"https:\/\/www.etoro.com\/wp-content\/uploads\/2021\/06\/unnamed-1.jpg 512w, https:\/\/www.etoro.com\/wp-content\/uploads\/2021\/06\/unnamed-1-300x156.jpg 300w\" sizes=\"(max-width: 512px) 100vw, 512px\" \/><\/figure>\n\n\n\n<p>Cypryjska firma inwestycyjna (CIF)<\/p>\n\n\n\n<p>Numer rejestracyjny: HE200585<\/p>\n\n\n\n<p>Numer identyfikacyjny VAT: 10200585J<\/p>\n\n\n\n<p>Autoryzowany przedstawiciel: Avi Sela<\/p>\n\n\n\n<p>Adres e-mail:&nbsp;<a href=\"mailto:customerservice@etoro.com\" target=\"_blank\" rel=\"noreferrer noopener\">customerservice@etoro.com<\/a><\/p>\n\n\n\n<p><a href=\"http:\/\/etoro.com\/pl\/customer-service\/\" target=\"_blank\" rel=\"noreferrer noopener\">Obs\u0142uga klienta<\/a><\/p>\n\n\n\n<p>Organ nadzorczy:<\/p>\n\n\n\n<p>Cypryjska Komisja Gie\u0142dy Papier\u00f3w Warto\u015bciowych (CySEC)<\/p>\n\n\n\n<p>Numer licencji: 109\/10<\/p>\n\n\n\n<p>19 Diagorou Str.<\/p>\n\n\n\n<p>CY-1097 Nikozja<\/p>\n\n\n\n<p>Adres e-mail: info@cysec.gov.cy<\/p>\n\n\n\n<p>Strona internetowa: www.cysec.gov.cy<\/p>\n<\/div>\n<\/div>\n<\/div><\/section>\n","protected":false},"excerpt":{"rendered":"<p>Znak Us\u0142ugodawca w rozumieniu art. 5 dyrektywy 2000\/31\/WE (dyrektywa o handlu elektronicznym): Cypryjska firma inwestycyjna (CIF) Numer rejestracyjny: HE200585 Numer identyfikacyjny VAT: 10200585J Autoryzowany przedstawiciel: Avi Sela Adres e-mail:&nbsp;customerservice@etoro.com Obs\u0142uga klienta Organ nadzorczy: Cypryjska Komisja Gie\u0142dy Papier\u00f3w Warto\u015bciowych (CySEC) Numer licencji: 109\/10 19 Diagorou Str. CY-1097 Nikozja Adres e-mail: info@cysec.gov.cy Strona internetowa: www.cysec.gov.cy<\/p>\n","protected":false},"author":75,"featured_media":0,"parent":10556,"menu_order":127,"comment_status":"closed","ping_status":"closed","template":"","meta":{"_acf_changed":false,"inline_featured_image":false,"sticky_cta_settings":"","footnotes":""},"asset_type":[],"class_list":["post-244568","page","type-page","status-publish","hentry"],"acf":[],"yoast_head":"<title>Znak - eToro<\/title>\n<meta name=\"robots\" content=\"index, follow, max-snippet:-1, max-image-preview:large, max-video-preview:-1\" \/>\n<link rel=\"canonical\" href=\"https:\/\/www.etoro.com\/pl\/wp-json\/wp\/v2\/pages\/244568\" \/>\n<meta property=\"og:locale\" content=\"pl_PL\" \/>\n<meta property=\"og:type\" content=\"article\" \/>\n<meta property=\"og:title\" content=\"Znak - eToro\" \/>\n<meta property=\"og:description\" content=\"Znak Us\u0142ugodawca w rozumieniu art. 5 dyrektywy 2000\/31\/WE (dyrektywa o handlu elektronicznym): Cypryjska firma inwestycyjna (CIF) Numer rejestracyjny: HE200585 Numer identyfikacyjny VAT: 10200585J Autoryzowany przedstawiciel: Avi Sela Adres e-mail:&nbsp;customerservice@etoro.com Obs\u0142uga klienta Organ nadzorczy: Cypryjska Komisja Gie\u0142dy Papier\u00f3w Warto\u015bciowych (CySEC) Numer licencji: 109\/10 19 Diagorou Str. CY-1097 Nikozja Adres e-mail: info@cysec.gov.cy Strona internetowa: www.cysec.gov.cy\" \/>\n<meta property=\"og:url\" content=\"https:\/\/www.etoro.com\/pl\/wp-json\/wp\/v2\/pages\/244568\" \/>\n<meta property=\"og:site_name\" content=\"eToro\" \/>\n<meta property=\"article:publisher\" content=\"https:\/\/www.facebook.com\/eToro\/\" \/>\n<meta property=\"article:modified_time\" content=\"2024-06-19T14:13:15+00:00\" \/>\n<meta property=\"og:image\" content=\"https:\/\/www.etoro.com\/wp-content\/uploads\/2021\/06\/unnamed-1.jpg\" \/>\n<meta name=\"twitter:card\" content=\"summary_large_image\" \/>\n<meta name=\"twitter:site\" content=\"@eToro\" \/>\n<meta name=\"twitter:label1\" content=\"Est. reading time\" \/>\n\t<meta name=\"twitter:data1\" content=\"1 minute\" \/>\n<script type=\"application\/ld+json\" class=\"yoast-schema-graph\">{\"@context\":\"https:\/\/schema.org\",\"@graph\":[{\"@type\":\"WebPage\",\"@id\":\"https:\/\/www.etoro.com\/pl\/about\/imprint\/\",\"url\":\"https:\/\/www.etoro.com\/pl\/about\/imprint\/\",\"name\":\"Znak - eToro\",\"isPartOf\":{\"@id\":\"https:\/\/www.etoro.com\/pl\/#website\"},\"primaryImageOfPage\":{\"@id\":\"https:\/\/www.etoro.com\/pl\/about\/imprint\/#primaryimage\"},\"image\":{\"@id\":\"https:\/\/www.etoro.com\/pl\/about\/imprint\/#primaryimage\"},\"thumbnailUrl\":\"https:\/\/www.etoro.com\/wp-content\/uploads\/2021\/06\/unnamed-1.jpg\",\"datePublished\":\"2021-06-17T07:17:11+00:00\",\"dateModified\":\"2024-06-19T14:13:15+00:00\",\"breadcrumb\":{\"@id\":\"https:\/\/www.etoro.com\/pl\/about\/imprint\/#breadcrumb\"},\"inLanguage\":\"pl\",\"potentialAction\":[{\"@type\":\"ReadAction\",\"target\":[\"https:\/\/www.etoro.com\/pl\/about\/imprint\/\"]}]},{\"@type\":\"ImageObject\",\"inLanguage\":\"pl\",\"@id\":\"https:\/\/www.etoro.com\/pl\/about\/imprint\/#primaryimage\",\"url\":\"https:\/\/www.etoro.com\/wp-content\/uploads\/2021\/06\/unnamed-1.jpg\",\"contentUrl\":\"https:\/\/www.etoro.com\/wp-content\/uploads\/2021\/06\/unnamed-1.jpg\"},{\"@type\":\"BreadcrumbList\",\"@id\":\"https:\/\/www.etoro.com\/pl\/about\/imprint\/#breadcrumb\",\"itemListElement\":[{\"@type\":\"ListItem\",\"position\":1,\"name\":\"Strona g\u0142\u00f3wna\",\"item\":\"https:\/\/www.etoro.com\/pl\/\"},{\"@type\":\"ListItem\",\"position\":2,\"name\":\"O NAS\",\"item\":\"https:\/\/www.etoro.com\/pl\/about\/\"},{\"@type\":\"ListItem\",\"position\":3,\"name\":\"Znak\"}]},{\"@type\":\"WebSite\",\"@id\":\"https:\/\/www.etoro.com\/pl\/#website\",\"url\":\"https:\/\/www.etoro.com\/pl\/\",\"name\":\"eToro\",\"description\":\"\",\"publisher\":{\"@id\":\"https:\/\/www.etoro.com\/pl\/#organization\"},\"potentialAction\":[{\"@type\":\"SearchAction\",\"target\":{\"@type\":\"EntryPoint\",\"urlTemplate\":\"https:\/\/www.etoro.com\/pl\/?s={search_term_string}\"},\"query-input\":{\"@type\":\"PropertyValueSpecification\",\"valueRequired\":true,\"valueName\":\"search_term_string\"}}],\"inLanguage\":\"pl\"},[]]}<\/script>","yoast_head_json":{"title":"Znak - eToro","robots":{"index":"index","follow":"follow","max-snippet":"max-snippet:-1","max-image-preview":"max-image-preview:large","max-video-preview":"max-video-preview:-1"},"canonical":"https:\/\/www.etoro.com\/pl\/wp-json\/wp\/v2\/pages\/244568","og_locale":"pl_PL","og_type":"article","og_title":"Znak - eToro","og_description":"Znak Us\u0142ugodawca w rozumieniu art. 5 dyrektywy 2000\/31\/WE (dyrektywa o handlu elektronicznym): Cypryjska firma inwestycyjna (CIF) Numer rejestracyjny: HE200585 Numer identyfikacyjny VAT: 10200585J Autoryzowany przedstawiciel: Avi Sela Adres e-mail:&nbsp;customerservice@etoro.com Obs\u0142uga klienta Organ nadzorczy: Cypryjska Komisja Gie\u0142dy Papier\u00f3w Warto\u015bciowych (CySEC) Numer licencji: 109\/10 19 Diagorou Str. CY-1097 Nikozja Adres e-mail: info@cysec.gov.cy Strona internetowa: www.cysec.gov.cy","og_url":"https:\/\/www.etoro.com\/pl\/wp-json\/wp\/v2\/pages\/244568","og_site_name":"eToro","article_publisher":"https:\/\/www.facebook.com\/eToro\/","article_modified_time":"2024-06-19T14:13:15+00:00","og_image":[{"url":"https:\/\/www.etoro.com\/wp-content\/uploads\/2021\/06\/unnamed-1.jpg","type":"","width":"","height":""}],"twitter_card":"summary_large_image","twitter_site":"@eToro","twitter_misc":{"Est. reading time":"1 minute"},"schema":{"@context":"https:\/\/schema.org","@graph":[{"@type":"WebPage","@id":"https:\/\/www.etoro.com\/pl\/about\/imprint\/","url":"https:\/\/www.etoro.com\/pl\/about\/imprint\/","name":"Znak - eToro","isPartOf":{"@id":"https:\/\/www.etoro.com\/pl\/#website"},"primaryImageOfPage":{"@id":"https:\/\/www.etoro.com\/pl\/about\/imprint\/#primaryimage"},"image":{"@id":"https:\/\/www.etoro.com\/pl\/about\/imprint\/#primaryimage"},"thumbnailUrl":"https:\/\/www.etoro.com\/wp-content\/uploads\/2021\/06\/unnamed-1.jpg","datePublished":"2021-06-17T07:17:11+00:00","dateModified":"2024-06-19T14:13:15+00:00","breadcrumb":{"@id":"https:\/\/www.etoro.com\/pl\/about\/imprint\/#breadcrumb"},"inLanguage":"pl","potentialAction":[{"@type":"ReadAction","target":["https:\/\/www.etoro.com\/pl\/about\/imprint\/"]}]},{"@type":"ImageObject","inLanguage":"pl","@id":"https:\/\/www.etoro.com\/pl\/about\/imprint\/#primaryimage","url":"https:\/\/www.etoro.com\/wp-content\/uploads\/2021\/06\/unnamed-1.jpg","contentUrl":"https:\/\/www.etoro.com\/wp-content\/uploads\/2021\/06\/unnamed-1.jpg"},{"@type":"BreadcrumbList","@id":"https:\/\/www.etoro.com\/pl\/about\/imprint\/#breadcrumb","itemListElement":[{"@type":"ListItem","position":1,"name":"Strona g\u0142\u00f3wna","item":"https:\/\/www.etoro.com\/pl\/"},{"@type":"ListItem","position":2,"name":"O NAS","item":"https:\/\/www.etoro.com\/pl\/about\/"},{"@type":"ListItem","position":3,"name":"Znak"}]},{"@type":"WebSite","@id":"https:\/\/www.etoro.com\/pl\/#website","url":"https:\/\/www.etoro.com\/pl\/","name":"eToro","description":"","publisher":{"@id":"https:\/\/www.etoro.com\/pl\/#organization"},"potentialAction":[{"@type":"SearchAction","target":{"@type":"EntryPoint","urlTemplate":"https:\/\/www.etoro.com\/pl\/?s={search_term_string}"},"query-input":{"@type":"PropertyValueSpecification","valueRequired":true,"valueName":"search_term_string"}}],"inLanguage":"pl"},[]]}},"_links":{"self":[{"href":"https:\/\/www.etoro.com\/pl\/wp-json\/wp\/v2\/pages\/244568"}],"collection":[{"href":"https:\/\/www.etoro.com\/pl\/wp-json\/wp\/v2\/pages"}],"about":[{"href":"https:\/\/www.etoro.com\/pl\/wp-json\/wp\/v2\/types\/page"}],"author":[{"embeddable":true,"href":"https:\/\/www.etoro.com\/pl\/wp-json\/wp\/v2\/users\/75"}],"replies":[{"embeddable":true,"href":"https:\/\/www.etoro.com\/pl\/wp-json\/wp\/v2\/comments?post=244568"}],"version-history":[{"count":0,"href":"https:\/\/www.etoro.com\/pl\/wp-json\/wp\/v2\/pages\/244568\/revisions"}],"up":[{"embeddable":true,"href":"https:\/\/www.etoro.com\/pl\/wp-json\/wp\/v2\/pages\/10556"}],"wp:attachment":[{"href":"https:\/\/www.etoro.com\/pl\/wp-json\/wp\/v2\/media?parent=244568"}],"wp:term":[{"taxonomy":"asset_type","embeddable":true,"href":"https:\/\/www.etoro.com\/pl\/wp-json\/wp\/v2\/asset_type?post=244568"}],"curies":[{"name":"wp","href":"https:\/\/api.w.org\/{rel}","templated":true}]}}