{"id":251863,"date":"2021-06-06T15:06:14","date_gmt":"2021-06-06T12:06:14","guid":{"rendered":"https:\/\/www.etoro.com\/customer-service\/accessibility\/"},"modified":"2024-12-19T17:28:27","modified_gmt":"2024-12-19T15:28:27","slug":"accessibility","status":"publish","type":"page","link":"https:\/\/www.etoro.com\/pl\/customer-service\/accessibility\/","title":{"rendered":"Powa\u017cnie podchodzimy do kwestii u\u0142atwie\u0144 dost\u0119pu"},"content":{"rendered":"\n<section class=\"wp-block-group wp-block-group-boxed has-white-background-color has-background\"><div class=\"wp-block-group-inner is-layout-flow wp-block-group-is-layout-flow\">\n<div class=\"wp-block-columns are-vertically-aligned-top wp-block-columns-1 is-layout-flex wp-container-core-columns-is-layout-1 wp-block-columns-is-layout-flex\">\n<div class=\"wp-block-column is-layout-flow wp-block-column-is-layout-flow\">\n<p class=\"has-text-align-center\">W eToro dok\u0142adamy wszelkich stara\u0144, aby u\u0142atwi\u0107 dost\u0119p do naszej strony i aplikacji.<\/p>\n\n\n\n<p class=\"has-text-align-center\">Oto gar\u015b\u0107 wskaz\u00f3wek dotycz\u0105cych w\u0142\u0105czania funkcji u\u0142atwie\u0144 dost\u0119pu do naszych us\u0142ug.<\/p>\n<\/div>\n<\/div>\n<\/div><\/section>\n\n\n\n<section class=\"wp-block-group wp-block-group-boxed\"><div class=\"wp-block-group-inner is-layout-flow wp-block-group-is-layout-flow\">\n<div class=\"wp-block-columns are-vertically-aligned-center wp-block-columns-2 is-layout-flex wp-container-core-columns-is-layout-2 wp-block-columns-is-layout-flex\">\n<div class=\"wp-block-column is-layout-flow wp-block-column-is-layout-flow\">\n<h2 class=\"wp-block-heading\"><span>Witryna eToro<\/span><\/h2>\n\n\n\n<p>Aby poprawi\u0107 czytelno\u015b\u0107 naszej witryny, stuknij wid\u017cet u\u0142atwie\u0144 dost\u0119pu znajduj\u0105cy si\u0119 w prawym dolnym rogu strony. Oferujemy szereg funkcji umo\u017cliwiaj\u0105cych dostosowanie tekstu i grafiki do indywidualnych potrzeb.<\/p>\n\n\n\n<p>Wid\u017cet umo\u017cliwia ustawienie nast\u0119puj\u0105cych profili, dzi\u0119ki kt\u00f3rym spersonalizujesz wy\u015bwietlanie witryny:<\/p>\n\n\n\n<ul class=\"wp-block-list wp-block-list wp-block-list-circle\">\n<li>Profil bezpieczny dla epileptyk\u00f3w: eliminuje migotanie ekranu i ogranicza wykorzystanie kolor\u00f3w<\/li>\n\n\n\n<li>Profil dla os\u00f3b z dysfunkcj\u0105 wzroku: poprawia czytelno\u015b\u0107 zasob\u00f3w na naszej stronie<\/li>\n\n\n\n<li>Profil dla os\u00f3b z niepe\u0142nosprawno\u015bci\u0105 poznawcz\u0105: u\u0142atwia czytanie i utrzymanie koncentracji<\/li>\n\n\n\n<li>Profil przyjazny osobom z ADHD: u\u0142atwia skupienie i ogranicza wykorzystanie element\u00f3w rozpraszaj\u0105cych<\/li>\n\n\n\n<li>U\u017cytkownicy niewidomi (czytnik ekranowy): umo\u017cliwia czytanie naszej witryny za pomoc\u0105 wybranego czytnika ekranowego<\/li>\n\n\n\n<li>Nawigacja za pomoc\u0105 klawiatury (dla os\u00f3b z niepe\u0142nosprawno\u015bci\u0105 ruchow\u0105): umo\u017cliwia obs\u0142ug\u0119 naszej strony internetowej za pomoc\u0105 klawiatury<\/li>\n<\/ul>\n<\/div>\n\n\n\n<div class=\"wp-block-column is-layout-flow wp-block-column-is-layout-flow\">\n<figure class=\"wp-block-image size-full\"><img loading=\"lazy\" decoding=\"async\" width=\"374\" height=\"419\" src=\"https:\/\/www.etoro.com\/wp-content\/uploads\/2024\/12\/The-eToro-website.png\" alt=\"\" class=\"wp-image-973444 wp-image-desktop\" srcset=\"https:\/\/www.etoro.com\/wp-content\/uploads\/2024\/12\/The-eToro-website.png 374w, https:\/\/www.etoro.com\/wp-content\/uploads\/2024\/12\/The-eToro-website-268x300.png 268w\" sizes=\"(max-width: 374px) 100vw, 374px\" \/><\/figure>\n<\/div>\n<\/div>\n<\/div><\/section>\n\n\n\n<section class=\"wp-block-group wp-block-group-boxed has-white-background-color has-background\"><div class=\"wp-block-group-inner is-layout-flow wp-block-group-is-layout-flow\">\n<div class=\"wp-block-columns are-vertically-aligned-top wp-block-columns-1 is-layout-flex wp-container-core-columns-is-layout-3 wp-block-columns-is-layout-flex\">\n<div class=\"wp-block-column is-layout-flow wp-block-column-is-layout-flow\">\n<h2 class=\"wp-block-heading\"><span>Platforma inwestycyjna eToro<\/span><\/h2>\n<\/div>\n<\/div>\n\n\n\n<hr class=\"wp-block-separator wp-block-separator-color-dark-grey wp-block-separator-spaces-small wp-block-separator-weight-1\"\/>\n\n\n\n<p>Po zalogowaniu mo\u017cesz poprawi\u0107 dost\u0119pno\u015b\u0107 eToro, korzystaj\u0105c z ustawie\u0144 swojego urz\u0105dzenia. Dost\u0119pne mo\u017cliwo\u015bci konfiguracji zale\u017c\u0105 od tego, czy korzystasz z naszej aplikacji mobilnej, czy te\u017c z przegl\u0105darki internetowej, a tak\u017ce od u\u017cywanego urz\u0105dzenia.<\/p>\n<\/div><\/section>\n\n\n\n<section class=\"wp-block-group wp-block-group-boxed has-dark-blue-background-color has-background\"><div class=\"wp-block-group-inner is-layout-flow wp-block-group-is-layout-flow\">\n<div class=\"wp-block-columns are-vertically-aligned-top wp-block-columns-1 is-layout-flex wp-container-core-columns-is-layout-4 wp-block-columns-is-layout-flex\">\n<div class=\"wp-block-column is-layout-flow wp-block-column-is-layout-flow\">\n<h2 class=\"wp-block-heading\"><span>Ustawienia aplikacji mobilnej<\/span><\/h2>\n<\/div>\n<\/div>\n\n\n\n<hr class=\"wp-block-separator wp-block-separator-color-dark-grey wp-block-separator-spaces-small wp-block-separator-weight-1\"\/>\n\n\n\n<p>eToro oferuje kilka funkcji, kt\u00f3re mog\u0105 poprawi\u0107 komfort korzystania z aplikacji:<\/p>\n\n\n\n<ul class=\"wp-block-list wp-block-list wp-block-list-circle\">\n<li>Face ID dla bezpiecznego i \u0142atwego logowania<\/li>\n\n\n\n<li>Inwestowanie jednym klikni\u0119ciem dla szybszej realizacji zlece\u0144<\/li>\n\n\n\n<li>Wyb\u00f3r domy\u015blnego ekranu po zalogowaniu dla \u0142atwiejszego dost\u0119pu<\/li>\n<\/ul>\n\n\n\n<p>Aby uzyska\u0107 dost\u0119p do wszystkich tych opcji, przejd\u017a do ekranu&nbsp;<a href=\"https:\/\/www.etoro.com\/settings\/\">ustawie\u0144<\/a>&nbsp;w aplikacji eToro.<\/p>\n<\/div><\/section>\n\n\n\n<section class=\"wp-block-group wp-block-group-boxed\"><div class=\"wp-block-group-inner is-layout-flow wp-block-group-is-layout-flow\">\n<div class=\"wp-block-columns are-vertically-aligned-top wp-block-columns-1 is-layout-flex wp-container-core-columns-is-layout-5 wp-block-columns-is-layout-flex\">\n<div class=\"wp-block-column is-layout-flow wp-block-column-is-layout-flow\">\n<h2 class=\"wp-block-heading\"><span>iOS<\/span><\/h2>\n<\/div>\n<\/div>\n\n\n\n<hr class=\"wp-block-separator wp-block-separator-color-dark-grey wp-block-separator-spaces-small wp-block-separator-weight-1\"\/>\n\n\n\n<p>Apple oferuje szereg funkcji u\u0142atwie\u0144 dost\u0119pu dla u\u017cytkownik\u00f3w mobilnego systemu operacyjnego iOS, w tym:<\/p>\n\n\n\n<ul class=\"wp-block-list wp-block-list wp-block-list-circle\">\n<li>VoiceOver (Sterowanie g\u0142osowe): dowiedz si\u0119, jak korzysta\u0107 z funkcji w\u00a0<a href=\"https:\/\/support.apple.com\/en-us\/HT210417\" target=\"_blank\" rel=\"noreferrer noopener\">tym<\/a>\u00a0i\u00a0<a href=\"https:\/\/support.apple.com\/guide\/iphone\/turn-on-and-practice-voiceover-iph3e2e415f\/ios\" target=\"_blank\" rel=\"noreferrer noopener\">tym<\/a>\u00a0miejscu<\/li>\n\n\n\n<li>Klawiatury dost\u0119pno\u015bci: dowiedz si\u0119 wi\u0119cej\u00a0<a href=\"https:\/\/www.apple.com\/accessibility\/mobility\/\" target=\"_blank\" rel=\"noreferrer noopener\">tutaj<\/a><\/li>\n\n\n\n<li>Ustawienia wy\u015bwietlania: dowiedz si\u0119 wi\u0119cej\u00a0<a href=\"https:\/\/www.apple.com\/accessibility\/vision\/\" target=\"_blank\" rel=\"noreferrer noopener\">tutaj<\/a>\u00a0i\u00a0<a href=\"https:\/\/support.apple.com\/guide\/iphone\/display-text-size-iph3e2e1fb0\/ios\" target=\"_blank\" rel=\"noreferrer noopener\">tutaj<\/a><\/li>\n<\/ul>\n\n\n\n<p>Opcje te mo\u017cna zazwyczaj skonfigurowa\u0107 w sekcji u\u0142atwie\u0144 dost\u0119pu w&nbsp;<strong>ustawieniach<\/strong>&nbsp;telefonu. Wi\u0119cej informacji og\u00f3lnych znajdziesz&nbsp;<a href=\"https:\/\/www.apple.com\/accessibility\/mobility\/\" target=\"_blank\" rel=\"noreferrer noopener\">tutaj<\/a>.<\/p>\n<\/div><\/section>\n\n\n\n<section class=\"wp-block-group wp-block-group-boxed has-white-background-color has-background\"><div class=\"wp-block-group-inner is-layout-flow wp-block-group-is-layout-flow\">\n<div class=\"wp-block-columns are-vertically-aligned-top wp-block-columns-1 is-layout-flex wp-container-core-columns-is-layout-6 wp-block-columns-is-layout-flex\">\n<div class=\"wp-block-column is-layout-flow wp-block-column-is-layout-flow\">\n<h2 class=\"wp-block-heading\"><span>Android<\/span><\/h2>\n<\/div>\n<\/div>\n\n\n\n<hr class=\"wp-block-separator wp-block-separator-color-dark-grey wp-block-separator-spaces-small wp-block-separator-weight-1\"\/>\n\n\n\n<p>Google oferuje u\u017cytkownikom systemu operacyjnego Android szereg funkcji u\u0142atwie\u0144 dost\u0119pu. S\u0105 to m.in.:<\/p>\n\n\n\n<ul class=\"wp-block-list wp-block-list wp-block-list-circle\">\n<li>Zamiana tekstu na mow\u0119<\/li>\n\n\n\n<li>Ustawienia wy\u015bwietlania<\/li>\n\n\n\n<li>Opcje sterowania (np. za pomoc\u0105 polece\u0144 g\u0142osowych)<\/li>\n\n\n\n<li>Parowanie aparatu s\u0142uchowego<\/li>\n<\/ul>\n\n\n\n<p>Opcje te mo\u017cna zazwyczaj skonfigurowa\u0107 w sekcji u\u0142atwie\u0144 dost\u0119pu w&nbsp;<strong>ustawieniach<\/strong>&nbsp;telefonu. Dowiedz si\u0119 wi\u0119cej&nbsp;<a href=\"https:\/\/support.google.com\/accessibility\/android#topic=6007234\" target=\"_blank\" rel=\"noreferrer noopener\">tutaj<\/a>.<\/p>\n<\/div><\/section>\n\n\n\n<section class=\"wp-block-group wp-block-group-boxed\"><div class=\"wp-block-group-inner is-layout-flow wp-block-group-is-layout-flow\">\n<div class=\"wp-block-columns are-vertically-aligned-top wp-block-columns-1 is-layout-flex wp-container-core-columns-is-layout-7 wp-block-columns-is-layout-flex\">\n<div class=\"wp-block-column is-layout-flow wp-block-column-is-layout-flow\">\n<h2 class=\"wp-block-heading\"><span>Safari \u2013 MacOS<\/span><\/h2>\n<\/div>\n<\/div>\n\n\n\n<hr class=\"wp-block-separator wp-block-separator-color-dark-grey wp-block-separator-spaces-small wp-block-separator-weight-1\"\/>\n\n\n\n<p>Je\u015bli u\u017cywasz komputera marki Apple, mo\u017cesz skorzysta\u0107 z okre\u015blonych u\u0142atwie\u0144 dost\u0119pu. Dowiedz si\u0119 wi\u0119cej\u00a0<a href=\"https:\/\/support.apple.com\/accessibility\/mac'\" target=\"_blank\" rel=\"noreferrer noopener\">tutaj<\/a>.<\/p>\n<\/div><\/section>\n\n\n\n<section class=\"wp-block-group wp-block-group-boxed has-white-background-color has-background\"><div class=\"wp-block-group-inner is-layout-flow wp-block-group-is-layout-flow\">\n<div class=\"wp-block-columns are-vertically-aligned-top wp-block-columns-1 is-layout-flex wp-container-core-columns-is-layout-8 wp-block-columns-is-layout-flex\">\n<div class=\"wp-block-column is-layout-flow wp-block-column-is-layout-flow\">\n<h2 class=\"wp-block-heading\"><span>Rozszerzenia przegl\u0105darki internetowej Chrome<\/span><\/h2>\n<\/div>\n<\/div>\n\n\n\n<hr class=\"wp-block-separator wp-block-separator-color-dark-grey wp-block-separator-spaces-small wp-block-separator-weight-1\"\/>\n\n\n\n<p>Do przegl\u0105darki Chrome mo\u017cesz doda\u0107 rozszerzenia oferuj\u0105ce wiele przydatnych funkcji u\u0142atwie\u0144 dost\u0119pu. Ich lista znajduje si\u0119\u00a0<a href=\"https:\/\/chrome.google.com\/webstore\/category\/ext\/22-accessibility\" target=\"_blank\" rel=\"noreferrer noopener\">tutaj<\/a>.<\/p>\n<\/div><\/section>\n\n\n\n<section class=\"wp-block-group wp-block-group-boxed\"><div class=\"wp-block-group-inner is-layout-flow wp-block-group-is-layout-flow\">\n<div class=\"wp-block-columns are-vertically-aligned-top wp-block-columns-1 is-layout-flex wp-container-core-columns-is-layout-9 wp-block-columns-is-layout-flex\">\n<div class=\"wp-block-column is-layout-flow wp-block-column-is-layout-flow\">\n<h2 class=\"wp-block-heading\"><span>Dalsza pomoc<\/span><\/h2>\n<\/div>\n<\/div>\n\n\n\n<hr class=\"wp-block-separator wp-block-separator-color-dark-grey wp-block-separator-spaces-small wp-block-separator-weight-1\"\/>\n\n\n\n<p>Je\u015bli masz dodatkowe pytania, skontaktuj si\u0119 z naszym\u00a0<a href=\"https:\/\/www.etoro.com\/customer-service\/\">zespo\u0142em pomocy technicznej<\/a><\/p>\n<\/div><\/section>\n\n\n\n<p><\/p>\n","protected":false},"excerpt":{"rendered":"<p>W eToro dok\u0142adamy wszelkich stara\u0144, aby u\u0142atwi\u0107 dost\u0119p do naszej strony i aplikacji. Oto gar\u015b\u0107 wskaz\u00f3wek dotycz\u0105cych w\u0142\u0105czania funkcji u\u0142atwie\u0144 dost\u0119pu do naszych us\u0142ug. Witryna eToro Aby poprawi\u0107 czytelno\u015b\u0107 naszej witryny, stuknij wid\u017cet u\u0142atwie\u0144 dost\u0119pu znajduj\u0105cy si\u0119 w prawym dolnym rogu strony. Oferujemy szereg funkcji umo\u017cliwiaj\u0105cych dostosowanie tekstu i grafiki do indywidualnych potrzeb. Wid\u017cet umo\u017cliwia&hellip;<\/p>\n","protected":false},"author":75,"featured_media":793466,"parent":10605,"menu_order":142,"comment_status":"closed","ping_status":"closed","template":"","meta":{"_acf_changed":true,"inline_featured_image":false,"sticky_cta_settings":"","footnotes":""},"asset_type":[],"class_list":["post-251863","page","type-page","status-publish","has-post-thumbnail","hentry"],"acf":[],"yoast_head":"<title>funkcje u\u0142atwie\u0144 dost\u0119pu na stronie internetowej i w aplikacji inwestycyjnej eToro<\/title>\n<meta name=\"description\" content=\"Inwestowanie na \u015bwiatowych rynkach powinno by\u0107 dost\u0119pne dla ka\u017cdego. Znajdziesz tu wskaz\u00f3wki, dzi\u0119ki kt\u00f3rym dowiesz si\u0119, jak sprawi\u0107, by dost\u0119p do eToro by\u0142 jeszcze \u0142atwiejszy.\" \/>\n<meta name=\"robots\" content=\"index, follow, max-snippet:-1, max-image-preview:large, max-video-preview:-1\" \/>\n<link rel=\"canonical\" href=\"https:\/\/www.etoro.com\/pl\/wp-json\/wp\/v2\/pages\/251863\" \/>\n<meta property=\"og:locale\" content=\"pl_PL\" \/>\n<meta property=\"og:type\" content=\"article\" \/>\n<meta property=\"og:title\" content=\"funkcje u\u0142atwie\u0144 dost\u0119pu na stronie internetowej i w aplikacji inwestycyjnej eToro\" \/>\n<meta property=\"og:description\" content=\"Inwestowanie na \u015bwiatowych rynkach powinno by\u0107 dost\u0119pne dla ka\u017cdego. Znajdziesz tu wskaz\u00f3wki, dzi\u0119ki kt\u00f3rym dowiesz si\u0119, jak sprawi\u0107, by dost\u0119p do eToro by\u0142 jeszcze \u0142atwiejszy.\" \/>\n<meta property=\"og:url\" content=\"https:\/\/www.etoro.com\/pl\/wp-json\/wp\/v2\/pages\/251863\" \/>\n<meta property=\"og:site_name\" content=\"eToro\" \/>\n<meta property=\"article:publisher\" content=\"https:\/\/www.facebook.com\/eToro\/\" \/>\n<meta property=\"article:modified_time\" content=\"2024-12-19T15:28:27+00:00\" \/>\n<meta property=\"og:image\" content=\"https:\/\/www.etoro.com\/wp-content\/uploads\/2023\/12\/Accessibility_Featured-image-1200x630_PL.png\" \/>\n\t<meta property=\"og:image:width\" content=\"1200\" \/>\n\t<meta property=\"og:image:height\" content=\"630\" \/>\n\t<meta property=\"og:image:type\" content=\"image\/png\" \/>\n<meta name=\"twitter:card\" content=\"summary_large_image\" \/>\n<meta name=\"twitter:site\" content=\"@eToro\" \/>\n<meta name=\"twitter:label1\" content=\"Est. reading time\" \/>\n\t<meta name=\"twitter:data1\" content=\"2 minutes\" \/>\n<script type=\"application\/ld+json\" class=\"yoast-schema-graph\">{\"@context\":\"https:\/\/schema.org\",\"@graph\":[{\"@type\":\"WebPage\",\"@id\":\"https:\/\/www.etoro.com\/pl\/customer-service\/accessibility\/\",\"url\":\"https:\/\/www.etoro.com\/pl\/customer-service\/accessibility\/\",\"name\":\"funkcje u\u0142atwie\u0144 dost\u0119pu na stronie internetowej i w aplikacji inwestycyjnej eToro\",\"isPartOf\":{\"@id\":\"https:\/\/www.etoro.com\/pl\/#website\"},\"primaryImageOfPage\":{\"@id\":\"https:\/\/www.etoro.com\/pl\/customer-service\/accessibility\/#primaryimage\"},\"image\":{\"@id\":\"https:\/\/www.etoro.com\/pl\/customer-service\/accessibility\/#primaryimage\"},\"thumbnailUrl\":\"https:\/\/www.etoro.com\/wp-content\/uploads\/2023\/12\/Accessibility_Featured-image-1200x630_PL.png\",\"datePublished\":\"2021-06-06T12:06:14+00:00\",\"dateModified\":\"2024-12-19T15:28:27+00:00\",\"description\":\"Inwestowanie na \u015bwiatowych rynkach powinno by\u0107 dost\u0119pne dla ka\u017cdego. Znajdziesz tu wskaz\u00f3wki, dzi\u0119ki kt\u00f3rym dowiesz si\u0119, jak sprawi\u0107, by dost\u0119p do eToro by\u0142 jeszcze \u0142atwiejszy.\",\"breadcrumb\":{\"@id\":\"https:\/\/www.etoro.com\/pl\/customer-service\/accessibility\/#breadcrumb\"},\"inLanguage\":\"pl\",\"potentialAction\":[{\"@type\":\"ReadAction\",\"target\":[\"https:\/\/www.etoro.com\/pl\/customer-service\/accessibility\/\"]}]},{\"@type\":\"ImageObject\",\"inLanguage\":\"pl\",\"@id\":\"https:\/\/www.etoro.com\/pl\/customer-service\/accessibility\/#primaryimage\",\"url\":\"https:\/\/www.etoro.com\/wp-content\/uploads\/2023\/12\/Accessibility_Featured-image-1200x630_PL.png\",\"contentUrl\":\"https:\/\/www.etoro.com\/wp-content\/uploads\/2023\/12\/Accessibility_Featured-image-1200x630_PL.png\",\"width\":1200,\"height\":630,\"caption\":\"Accessibility\"},{\"@type\":\"BreadcrumbList\",\"@id\":\"https:\/\/www.etoro.com\/pl\/customer-service\/accessibility\/#breadcrumb\",\"itemListElement\":[{\"@type\":\"ListItem\",\"position\":1,\"name\":\"Strona g\u0142\u00f3wna\",\"item\":\"https:\/\/www.etoro.com\/pl\/\"},{\"@type\":\"ListItem\",\"position\":2,\"name\":\"OBS\u0141UGI KLIENTA\",\"item\":\"https:\/\/www.etoro.com\/pl\/customer-service\/\"},{\"@type\":\"ListItem\",\"position\":3,\"name\":\"accessibility\"}]},{\"@type\":\"WebSite\",\"@id\":\"https:\/\/www.etoro.com\/pl\/#website\",\"url\":\"https:\/\/www.etoro.com\/pl\/\",\"name\":\"eToro\",\"description\":\"\",\"publisher\":{\"@id\":\"https:\/\/www.etoro.com\/pl\/#organization\"},\"potentialAction\":[{\"@type\":\"SearchAction\",\"target\":{\"@type\":\"EntryPoint\",\"urlTemplate\":\"https:\/\/www.etoro.com\/pl\/?s={search_term_string}\"},\"query-input\":{\"@type\":\"PropertyValueSpecification\",\"valueRequired\":true,\"valueName\":\"search_term_string\"}}],\"inLanguage\":\"pl\"},[]]}<\/script>","yoast_head_json":{"title":"funkcje u\u0142atwie\u0144 dost\u0119pu na stronie internetowej i w aplikacji inwestycyjnej eToro","description":"Inwestowanie na \u015bwiatowych rynkach powinno by\u0107 dost\u0119pne dla ka\u017cdego. Znajdziesz tu wskaz\u00f3wki, dzi\u0119ki kt\u00f3rym dowiesz si\u0119, jak sprawi\u0107, by dost\u0119p do eToro by\u0142 jeszcze \u0142atwiejszy.","robots":{"index":"index","follow":"follow","max-snippet":"max-snippet:-1","max-image-preview":"max-image-preview:large","max-video-preview":"max-video-preview:-1"},"canonical":"https:\/\/www.etoro.com\/pl\/wp-json\/wp\/v2\/pages\/251863","og_locale":"pl_PL","og_type":"article","og_title":"funkcje u\u0142atwie\u0144 dost\u0119pu na stronie internetowej i w aplikacji inwestycyjnej eToro","og_description":"Inwestowanie na \u015bwiatowych rynkach powinno by\u0107 dost\u0119pne dla ka\u017cdego. Znajdziesz tu wskaz\u00f3wki, dzi\u0119ki kt\u00f3rym dowiesz si\u0119, jak sprawi\u0107, by dost\u0119p do eToro by\u0142 jeszcze \u0142atwiejszy.","og_url":"https:\/\/www.etoro.com\/pl\/wp-json\/wp\/v2\/pages\/251863","og_site_name":"eToro","article_publisher":"https:\/\/www.facebook.com\/eToro\/","article_modified_time":"2024-12-19T15:28:27+00:00","og_image":[{"width":1200,"height":630,"url":"https:\/\/www.etoro.com\/wp-content\/uploads\/2023\/12\/Accessibility_Featured-image-1200x630_PL.png","type":"image\/png"}],"twitter_card":"summary_large_image","twitter_site":"@eToro","twitter_misc":{"Est. reading time":"2 minutes"},"schema":{"@context":"https:\/\/schema.org","@graph":[{"@type":"WebPage","@id":"https:\/\/www.etoro.com\/pl\/customer-service\/accessibility\/","url":"https:\/\/www.etoro.com\/pl\/customer-service\/accessibility\/","name":"funkcje u\u0142atwie\u0144 dost\u0119pu na stronie internetowej i w aplikacji inwestycyjnej eToro","isPartOf":{"@id":"https:\/\/www.etoro.com\/pl\/#website"},"primaryImageOfPage":{"@id":"https:\/\/www.etoro.com\/pl\/customer-service\/accessibility\/#primaryimage"},"image":{"@id":"https:\/\/www.etoro.com\/pl\/customer-service\/accessibility\/#primaryimage"},"thumbnailUrl":"https:\/\/www.etoro.com\/wp-content\/uploads\/2023\/12\/Accessibility_Featured-image-1200x630_PL.png","datePublished":"2021-06-06T12:06:14+00:00","dateModified":"2024-12-19T15:28:27+00:00","description":"Inwestowanie na \u015bwiatowych rynkach powinno by\u0107 dost\u0119pne dla ka\u017cdego. Znajdziesz tu wskaz\u00f3wki, dzi\u0119ki kt\u00f3rym dowiesz si\u0119, jak sprawi\u0107, by dost\u0119p do eToro by\u0142 jeszcze \u0142atwiejszy.","breadcrumb":{"@id":"https:\/\/www.etoro.com\/pl\/customer-service\/accessibility\/#breadcrumb"},"inLanguage":"pl","potentialAction":[{"@type":"ReadAction","target":["https:\/\/www.etoro.com\/pl\/customer-service\/accessibility\/"]}]},{"@type":"ImageObject","inLanguage":"pl","@id":"https:\/\/www.etoro.com\/pl\/customer-service\/accessibility\/#primaryimage","url":"https:\/\/www.etoro.com\/wp-content\/uploads\/2023\/12\/Accessibility_Featured-image-1200x630_PL.png","contentUrl":"https:\/\/www.etoro.com\/wp-content\/uploads\/2023\/12\/Accessibility_Featured-image-1200x630_PL.png","width":1200,"height":630,"caption":"Accessibility"},{"@type":"BreadcrumbList","@id":"https:\/\/www.etoro.com\/pl\/customer-service\/accessibility\/#breadcrumb","itemListElement":[{"@type":"ListItem","position":1,"name":"Strona g\u0142\u00f3wna","item":"https:\/\/www.etoro.com\/pl\/"},{"@type":"ListItem","position":2,"name":"OBS\u0141UGI KLIENTA","item":"https:\/\/www.etoro.com\/pl\/customer-service\/"},{"@type":"ListItem","position":3,"name":"accessibility"}]},{"@type":"WebSite","@id":"https:\/\/www.etoro.com\/pl\/#website","url":"https:\/\/www.etoro.com\/pl\/","name":"eToro","description":"","publisher":{"@id":"https:\/\/www.etoro.com\/pl\/#organization"},"potentialAction":[{"@type":"SearchAction","target":{"@type":"EntryPoint","urlTemplate":"https:\/\/www.etoro.com\/pl\/?s={search_term_string}"},"query-input":{"@type":"PropertyValueSpecification","valueRequired":true,"valueName":"search_term_string"}}],"inLanguage":"pl"},[]]}},"_links":{"self":[{"href":"https:\/\/www.etoro.com\/pl\/wp-json\/wp\/v2\/pages\/251863"}],"collection":[{"href":"https:\/\/www.etoro.com\/pl\/wp-json\/wp\/v2\/pages"}],"about":[{"href":"https:\/\/www.etoro.com\/pl\/wp-json\/wp\/v2\/types\/page"}],"author":[{"embeddable":true,"href":"https:\/\/www.etoro.com\/pl\/wp-json\/wp\/v2\/users\/75"}],"replies":[{"embeddable":true,"href":"https:\/\/www.etoro.com\/pl\/wp-json\/wp\/v2\/comments?post=251863"}],"version-history":[{"count":0,"href":"https:\/\/www.etoro.com\/pl\/wp-json\/wp\/v2\/pages\/251863\/revisions"}],"up":[{"embeddable":true,"href":"https:\/\/www.etoro.com\/pl\/wp-json\/wp\/v2\/pages\/10605"}],"wp:featuredmedia":[{"embeddable":true,"href":"https:\/\/www.etoro.com\/pl\/wp-json\/wp\/v2\/media\/793466"}],"wp:attachment":[{"href":"https:\/\/www.etoro.com\/pl\/wp-json\/wp\/v2\/media?parent=251863"}],"wp:term":[{"taxonomy":"asset_type","embeddable":true,"href":"https:\/\/www.etoro.com\/pl\/wp-json\/wp\/v2\/asset_type?post=251863"}],"curies":[{"name":"wp","href":"https:\/\/api.w.org\/{rel}","templated":true}]}}