{"id":261171,"date":"2021-07-22T23:30:48","date_gmt":"2021-07-22T20:30:48","guid":{"rendered":"https:\/\/www.etoro.com\/stocks\/earnings-reports\/"},"modified":"2025-02-11T12:29:36","modified_gmt":"2025-02-11T10:29:36","slug":"earnings-reports","status":"publish","type":"page","link":"https:\/\/www.etoro.com\/pl\/investing\/earnings-reports\/","title":{"rendered":"eToro Earnings Reports Calendar"},"content":{"rendered":"","protected":false},"excerpt":{"rendered":"","protected":false},"author":45,"featured_media":489580,"parent":19767,"menu_order":59,"comment_status":"closed","ping_status":"closed","template":"earnings-reports.php","meta":{"_acf_changed":false,"inline_featured_image":false,"sticky_cta_settings":"","footnotes":""},"asset_type":[],"class_list":["post-261171","page","type-page","status-publish","has-post-thumbnail","hentry"],"acf":[],"yoast_head":"<title>Kalendarz sprawozda\u0144 finansowych, dywidend i IPO w eToro<\/title>\n<meta name=\"description\" content=\"Lista nadchodz\u0105cych publikacji sprawozda\u0144 finansowych sp\u00f3\u0142ek gie\u0142dowych, kalendarz dywidend i IPO. Sortuj wed\u0142ug kapitalizacji rynkowej i daty publikacji.\" \/>\n<meta name=\"robots\" content=\"index, follow, max-snippet:-1, max-image-preview:large, max-video-preview:-1\" \/>\n<link rel=\"canonical\" href=\"https:\/\/www.etoro.com\/pl\/wp-json\/wp\/v2\/pages\/261171\" \/>\n<meta property=\"og:locale\" content=\"pl_PL\" \/>\n<meta property=\"og:type\" content=\"article\" \/>\n<meta property=\"og:title\" content=\"Kalendarz sprawozda\u0144 finansowych, dywidend i IPO w eToro\" \/>\n<meta property=\"og:description\" content=\"Lista nadchodz\u0105cych publikacji sprawozda\u0144 finansowych sp\u00f3\u0142ek gie\u0142dowych, kalendarz dywidend i IPO. Sortuj wed\u0142ug kapitalizacji rynkowej i daty publikacji.\" \/>\n<meta property=\"og:url\" content=\"https:\/\/www.etoro.com\/pl\/wp-json\/wp\/v2\/pages\/261171\" \/>\n<meta property=\"og:site_name\" content=\"eToro\" \/>\n<meta property=\"article:publisher\" content=\"https:\/\/www.facebook.com\/eToro\/\" \/>\n<meta property=\"article:modified_time\" content=\"2025-02-11T10:29:36+00:00\" \/>\n<meta property=\"og:image\" content=\"https:\/\/www.etoro.com\/wp-content\/uploads\/2022\/08\/1200X630_V4.jpg\" \/>\n\t<meta property=\"og:image:width\" content=\"1200\" \/>\n\t<meta property=\"og:image:height\" content=\"630\" \/>\n\t<meta property=\"og:image:type\" content=\"image\/jpeg\" \/>\n<meta name=\"twitter:card\" content=\"summary_large_image\" \/>\n<meta name=\"twitter:image\" content=\"https:\/\/www.etoro.com\/wp-content\/uploads\/2022\/08\/1200X630_V4.jpg\" \/>\n<meta name=\"twitter:site\" content=\"@eToro\" \/>\n<script type=\"application\/ld+json\" class=\"yoast-schema-graph\">{\"@context\":\"https:\/\/schema.org\",\"@graph\":[{\"@type\":\"WebPage\",\"@id\":\"https:\/\/www.etoro.com\/pl\/investing\/earnings-reports\/\",\"url\":\"https:\/\/www.etoro.com\/pl\/investing\/earnings-reports\/\",\"name\":\"Kalendarz sprawozda\u0144 finansowych, dywidend i IPO w eToro\",\"isPartOf\":{\"@id\":\"https:\/\/www.etoro.com\/pl\/#website\"},\"primaryImageOfPage\":{\"@id\":\"https:\/\/www.etoro.com\/pl\/investing\/earnings-reports\/#primaryimage\"},\"image\":{\"@id\":\"https:\/\/www.etoro.com\/pl\/investing\/earnings-reports\/#primaryimage\"},\"thumbnailUrl\":\"https:\/\/www.etoro.com\/wp-content\/uploads\/2022\/09\/Earnings-calendar_Conversion-page_PL_Social.png\",\"datePublished\":\"2021-07-22T20:30:48+00:00\",\"dateModified\":\"2025-02-11T10:29:36+00:00\",\"description\":\"Lista nadchodz\u0105cych publikacji sprawozda\u0144 finansowych sp\u00f3\u0142ek gie\u0142dowych, kalendarz dywidend i IPO. Sortuj wed\u0142ug kapitalizacji rynkowej i daty publikacji.\",\"breadcrumb\":{\"@id\":\"https:\/\/www.etoro.com\/pl\/investing\/earnings-reports\/#breadcrumb\"},\"inLanguage\":\"pl\",\"potentialAction\":[{\"@type\":\"ReadAction\",\"target\":[\"https:\/\/www.etoro.com\/pl\/investing\/earnings-reports\/\"]}]},{\"@type\":\"ImageObject\",\"inLanguage\":\"pl\",\"@id\":\"https:\/\/www.etoro.com\/pl\/investing\/earnings-reports\/#primaryimage\",\"url\":\"https:\/\/www.etoro.com\/wp-content\/uploads\/2022\/09\/Earnings-calendar_Conversion-page_PL_Social.png\",\"contentUrl\":\"https:\/\/www.etoro.com\/wp-content\/uploads\/2022\/09\/Earnings-calendar_Conversion-page_PL_Social.png\",\"width\":1200,\"height\":630},{\"@type\":\"BreadcrumbList\",\"@id\":\"https:\/\/www.etoro.com\/pl\/investing\/earnings-reports\/#breadcrumb\",\"itemListElement\":[{\"@type\":\"ListItem\",\"position\":1,\"name\":\"Strona g\u0142\u00f3wna\",\"item\":\"https:\/\/www.etoro.com\/pl\/\"},{\"@type\":\"ListItem\",\"position\":2,\"name\":\"Inwestycje d\u0142ugoterminowe\",\"item\":\"https:\/\/www.etoro.com\/pl\/investing\/\"},{\"@type\":\"ListItem\",\"position\":3,\"name\":\"Sprawozdania finansowe\"}]},{\"@type\":\"WebSite\",\"@id\":\"https:\/\/www.etoro.com\/pl\/#website\",\"url\":\"https:\/\/www.etoro.com\/pl\/\",\"name\":\"eToro\",\"description\":\"\",\"publisher\":{\"@id\":\"https:\/\/www.etoro.com\/pl\/#organization\"},\"potentialAction\":[{\"@type\":\"SearchAction\",\"target\":{\"@type\":\"EntryPoint\",\"urlTemplate\":\"https:\/\/www.etoro.com\/pl\/?s={search_term_string}\"},\"query-input\":{\"@type\":\"PropertyValueSpecification\",\"valueRequired\":true,\"valueName\":\"search_term_string\"}}],\"inLanguage\":\"pl\"},[]]}<\/script>","yoast_head_json":{"title":"Kalendarz sprawozda\u0144 finansowych, dywidend i IPO w eToro","description":"Lista nadchodz\u0105cych publikacji sprawozda\u0144 finansowych sp\u00f3\u0142ek gie\u0142dowych, kalendarz dywidend i IPO. Sortuj wed\u0142ug kapitalizacji rynkowej i daty publikacji.","robots":{"index":"index","follow":"follow","max-snippet":"max-snippet:-1","max-image-preview":"max-image-preview:large","max-video-preview":"max-video-preview:-1"},"canonical":"https:\/\/www.etoro.com\/pl\/wp-json\/wp\/v2\/pages\/261171","og_locale":"pl_PL","og_type":"article","og_title":"Kalendarz sprawozda\u0144 finansowych, dywidend i IPO w eToro","og_description":"Lista nadchodz\u0105cych publikacji sprawozda\u0144 finansowych sp\u00f3\u0142ek gie\u0142dowych, kalendarz dywidend i IPO. Sortuj wed\u0142ug kapitalizacji rynkowej i daty publikacji.","og_url":"https:\/\/www.etoro.com\/pl\/wp-json\/wp\/v2\/pages\/261171","og_site_name":"eToro","article_publisher":"https:\/\/www.facebook.com\/eToro\/","article_modified_time":"2025-02-11T10:29:36+00:00","og_image":[{"width":1200,"height":630,"url":"https:\/\/www.etoro.com\/wp-content\/uploads\/2022\/08\/1200X630_V4.jpg","type":"image\/jpeg"}],"twitter_card":"summary_large_image","twitter_image":"https:\/\/www.etoro.com\/wp-content\/uploads\/2022\/08\/1200X630_V4.jpg","twitter_site":"@eToro","schema":{"@context":"https:\/\/schema.org","@graph":[{"@type":"WebPage","@id":"https:\/\/www.etoro.com\/pl\/investing\/earnings-reports\/","url":"https:\/\/www.etoro.com\/pl\/investing\/earnings-reports\/","name":"Kalendarz sprawozda\u0144 finansowych, dywidend i IPO w eToro","isPartOf":{"@id":"https:\/\/www.etoro.com\/pl\/#website"},"primaryImageOfPage":{"@id":"https:\/\/www.etoro.com\/pl\/investing\/earnings-reports\/#primaryimage"},"image":{"@id":"https:\/\/www.etoro.com\/pl\/investing\/earnings-reports\/#primaryimage"},"thumbnailUrl":"https:\/\/www.etoro.com\/wp-content\/uploads\/2022\/09\/Earnings-calendar_Conversion-page_PL_Social.png","datePublished":"2021-07-22T20:30:48+00:00","dateModified":"2025-02-11T10:29:36+00:00","description":"Lista nadchodz\u0105cych publikacji sprawozda\u0144 finansowych sp\u00f3\u0142ek gie\u0142dowych, kalendarz dywidend i IPO. Sortuj wed\u0142ug kapitalizacji rynkowej i daty publikacji.","breadcrumb":{"@id":"https:\/\/www.etoro.com\/pl\/investing\/earnings-reports\/#breadcrumb"},"inLanguage":"pl","potentialAction":[{"@type":"ReadAction","target":["https:\/\/www.etoro.com\/pl\/investing\/earnings-reports\/"]}]},{"@type":"ImageObject","inLanguage":"pl","@id":"https:\/\/www.etoro.com\/pl\/investing\/earnings-reports\/#primaryimage","url":"https:\/\/www.etoro.com\/wp-content\/uploads\/2022\/09\/Earnings-calendar_Conversion-page_PL_Social.png","contentUrl":"https:\/\/www.etoro.com\/wp-content\/uploads\/2022\/09\/Earnings-calendar_Conversion-page_PL_Social.png","width":1200,"height":630},{"@type":"BreadcrumbList","@id":"https:\/\/www.etoro.com\/pl\/investing\/earnings-reports\/#breadcrumb","itemListElement":[{"@type":"ListItem","position":1,"name":"Strona g\u0142\u00f3wna","item":"https:\/\/www.etoro.com\/pl\/"},{"@type":"ListItem","position":2,"name":"Inwestycje d\u0142ugoterminowe","item":"https:\/\/www.etoro.com\/pl\/investing\/"},{"@type":"ListItem","position":3,"name":"Sprawozdania finansowe"}]},{"@type":"WebSite","@id":"https:\/\/www.etoro.com\/pl\/#website","url":"https:\/\/www.etoro.com\/pl\/","name":"eToro","description":"","publisher":{"@id":"https:\/\/www.etoro.com\/pl\/#organization"},"potentialAction":[{"@type":"SearchAction","target":{"@type":"EntryPoint","urlTemplate":"https:\/\/www.etoro.com\/pl\/?s={search_term_string}"},"query-input":{"@type":"PropertyValueSpecification","valueRequired":true,"valueName":"search_term_string"}}],"inLanguage":"pl"},[]]}},"_links":{"self":[{"href":"https:\/\/www.etoro.com\/pl\/wp-json\/wp\/v2\/pages\/261171"}],"collection":[{"href":"https:\/\/www.etoro.com\/pl\/wp-json\/wp\/v2\/pages"}],"about":[{"href":"https:\/\/www.etoro.com\/pl\/wp-json\/wp\/v2\/types\/page"}],"author":[{"embeddable":true,"href":"https:\/\/www.etoro.com\/pl\/wp-json\/wp\/v2\/users\/45"}],"replies":[{"embeddable":true,"href":"https:\/\/www.etoro.com\/pl\/wp-json\/wp\/v2\/comments?post=261171"}],"version-history":[{"count":0,"href":"https:\/\/www.etoro.com\/pl\/wp-json\/wp\/v2\/pages\/261171\/revisions"}],"up":[{"embeddable":true,"href":"https:\/\/www.etoro.com\/pl\/wp-json\/wp\/v2\/pages\/19767"}],"wp:featuredmedia":[{"embeddable":true,"href":"https:\/\/www.etoro.com\/pl\/wp-json\/wp\/v2\/media\/489580"}],"wp:attachment":[{"href":"https:\/\/www.etoro.com\/pl\/wp-json\/wp\/v2\/media?parent=261171"}],"wp:term":[{"taxonomy":"asset_type","embeddable":true,"href":"https:\/\/www.etoro.com\/pl\/wp-json\/wp\/v2\/asset_type?post=261171"}],"curies":[{"name":"wp","href":"https:\/\/api.w.org\/{rel}","templated":true}]}}