{"id":29710,"date":"2018-02-28T17:53:19","date_gmt":"2018-02-28T15:53:19","guid":{"rendered":"http:\/\/www.etoro.com\/?page_id=29710"},"modified":"2025-05-12T15:01:24","modified_gmt":"2025-05-12T12:01:24","slug":"account-verification","status":"publish","type":"page","link":"https:\/\/www.etoro.com\/pl\/customer-service\/account-verification\/","title":{"rendered":"Jak zweryfikowa\u0107 rachunek eToro"},"content":{"rendered":"\n<section class=\"wp-block-group wp-block-group-boxed\"><div class=\"wp-block-group-inner is-layout-flow wp-block-group-is-layout-flow\">\n<div class=\"wp-block-columns are-vertically-aligned-top wp-block-columns-1 is-layout-flex wp-container-core-columns-is-layout-1 wp-block-columns-is-layout-flex\">\n<div class=\"wp-block-column is-layout-flow wp-block-column-is-layout-flow\"><\/div>\n<\/div>\n\n\n\n<p><strong>Weryfikacja jest obowi\u0105zkow\u0105 cz\u0119\u015bci\u0105 procesu rejestracji na platformie eToro. Regulacje prawne zobowi\u0105zuj\u0105 nas do weryfikacji ka\u017cdego nowego rachunku na eToro. Dzi\u0119ki temu nasza platforma jest bezpieczna oraz chroniona przed przypadkami nadu\u017cy\u0107.<\/strong><\/p>\n\n\n\n<p>Natychmiast po uko\u0144czeniu procesu weryfikacji mo\u017cna w pe\u0142ni korzysta\u0107 z wszystkich funkcji oferowanych przez platform\u0119 eToro. W ramach procesu weryfikacji nale\u017cy przes\u0142a\u0107 dokumenty potwierdzaj\u0105ce to\u017csamo\u015b\u0107 oraz adres. Proces weryfikacji rozpocznie si\u0119 wy\u0142\u0105cznie wtedy, gdy otrzymamy oba dokumenty. Do bezpo\u015bredniego zeskanowania dokument\u00f3w na platform\u0119 mo\u017cna wykorzysta\u0107 aplikacj\u0119 eToro.<\/p>\n\n\n<figure class=\"wp-block-embed is-type-video is-provider-youtube wp-block-embed-youtube wp-embed-aspect-16-9 wp-has-aspect-ratio\"><a href=\"https:\/\/www.youtube.com\/watch?v=aMbvkxcpjTw\" data-fancybox class=\"wp-block-embed-link\" rel=\"nofollow noopener noreferrer\" >\n\t\t\t\t<img decoding=\"async\" src=\"https:\/\/img.youtube.com\/vi\/aMbvkxcpjTw\/maxresdefault.jpg\" alt=\"\" class=\"wp-block-embed-preview\">\n\t\t\t<\/a><\/figure><\/div><\/section>\n\n\n\n<section class=\"wp-block-group wp-block-group-boxed wp-block-group-medium-top-padding has-white-background-color has-background\"><div class=\"wp-block-group-inner is-layout-flow wp-block-group-is-layout-flow\">\n<div class=\"wp-block-columns are-vertically-aligned-top wp-block-columns-1 is-layout-flex wp-container-core-columns-is-layout-2 wp-block-columns-is-layout-flex\">\n<div class=\"wp-block-column is-layout-flow wp-block-column-is-layout-flow\">\n<h2 class=\"wp-block-heading\"><span>Potwierdzenie to\u017csamo\u015bci<\/span><\/h2>\n<\/div>\n<\/div>\n\n\n\n<hr class=\"wp-block-separator wp-block-separator-color-dark-grey wp-block-separator-spaces-small wp-block-separator-weight-1\"\/>\n\n\n\n<p>Dokument potwierdzaj\u0105cy Twoj\u0105 to\u017csamo\u015b\u0107 powinien zawiera\u0107 imi\u0119 i nazwisko, dat\u0119 urodzenia, wyra\u017an\u0105 fotografi\u0119, dat\u0119 wydania i dat\u0119 wa\u017cno\u015bci (je\u015bli tak\u0105 posiada), kt\u00f3re r\u00f3wnie\u017c powinny by\u0107 czytelne. Preferowanym dokumentem potwierdzaj\u0105cym to\u017csamo\u015b\u0107 jest paszport, kt\u00f3ry zesp\u00f3\u0142 eToro jest w stanie najszybciej sprawdzi\u0107. Mo\u017ce to by\u0107 r\u00f3wnie\u017c prawo jazdy lub inny dokument to\u017csamo\u015bci wydany przez administracj\u0119 pa\u0144stwow\u0105. Je\u017celi dany dokument jest dwustronny i zawiera na odwrocie istotne informacje, prosimy o ich przes\u0142anie.<\/p>\n\n\n\n<p><strong>Wszystkie informacje znajduj\u0105ce si\u0119 na potwierdzeniu to\u017csamo\u015bci powinny by\u0107 czytelne.<\/strong><\/p>\n\n\n\n<hr class=\"wp-block-separator wp-block-separator-color-dark-grey wp-block-separator-spaces-small wp-block-separator-weight-1\"\/>\n\n\n\n<figure class=\"wp-block-image size-large wp-block-image-has-mobile\"><img loading=\"lazy\" decoding=\"async\" width=\"1024\" height=\"247\" src=\"https:\/\/www.etoro.com\/wp-content\/uploads\/2025\/01\/image-1-2-1024x247.png\" alt=\"\" class=\"wp-image-979317 wp-image-desktop\" srcset=\"https:\/\/www.etoro.com\/wp-content\/uploads\/2025\/01\/image-1-2-1024x247.png 1024w, https:\/\/www.etoro.com\/wp-content\/uploads\/2025\/01\/image-1-2-300x72.png 300w, https:\/\/www.etoro.com\/wp-content\/uploads\/2025\/01\/image-1-2-768x185.png 768w, https:\/\/www.etoro.com\/wp-content\/uploads\/2025\/01\/image-1-2.png 1060w\" sizes=\"(max-width: 1024px) 100vw, 1024px\" \/><img loading=\"lazy\" decoding=\"async\" width=\"343\" height=\"103\" src=\"https:\/\/www.etoro.com\/wp-content\/uploads\/2025\/01\/Frame-20413297-1.png\" alt=\"\" class=\"wp-image-979367 wp-image-mobile\" srcset=\"https:\/\/www.etoro.com\/wp-content\/uploads\/2025\/01\/Frame-20413297-1.png 343w, https:\/\/www.etoro.com\/wp-content\/uploads\/2025\/01\/Frame-20413297-1-300x90.png 300w\" sizes=\"(max-width: 343px) 100vw, 343px\" \/><\/figure>\n\n\n\n<p><strong>Prosimy przes\u0142a\u0107 dokument w ca\u0142o\u015bci, unikaj\u0105c przycinania lub powi\u0119kszania wybranych cz\u0119\u015bci.<\/strong><\/p>\n\n\n\n<hr class=\"wp-block-separator wp-block-separator-color-dark-grey wp-block-separator-spaces-small wp-block-separator-weight-1\"\/>\n\n\n\n<figure class=\"wp-block-image size-large wp-block-image-has-mobile\"><img loading=\"lazy\" decoding=\"async\" width=\"1024\" height=\"286\" src=\"https:\/\/www.etoro.com\/wp-content\/uploads\/2025\/01\/Frame-20413298-1-1024x286.png\" alt=\"\" class=\"wp-image-979341 wp-image-desktop\" srcset=\"https:\/\/www.etoro.com\/wp-content\/uploads\/2025\/01\/Frame-20413298-1-1024x286.png 1024w, https:\/\/www.etoro.com\/wp-content\/uploads\/2025\/01\/Frame-20413298-1-300x84.png 300w, https:\/\/www.etoro.com\/wp-content\/uploads\/2025\/01\/Frame-20413298-1-768x214.png 768w, https:\/\/www.etoro.com\/wp-content\/uploads\/2025\/01\/Frame-20413298-1.png 1060w\" sizes=\"(max-width: 1024px) 100vw, 1024px\" \/><img loading=\"lazy\" decoding=\"async\" width=\"343\" height=\"84\" src=\"https:\/\/www.etoro.com\/wp-content\/uploads\/2025\/01\/image-2-1.png\" alt=\"\" class=\"wp-image-979391 wp-image-mobile\" srcset=\"https:\/\/www.etoro.com\/wp-content\/uploads\/2025\/01\/image-2-1.png 343w, https:\/\/www.etoro.com\/wp-content\/uploads\/2025\/01\/image-2-1-300x73.png 300w\" sizes=\"(max-width: 343px) 100vw, 343px\" \/><\/figure>\n\n\n\n<p><strong>Prze\u015blij potwierdzenie to\u017csamo\u015bci teraz,&nbsp;<a href=\"https:\/\/www.etoro.com\/settings\/account?action=autokyc&amp;deepLink=uploadID\">klikaj\u0105c tutaj<\/a>.<\/strong><\/p>\n<\/div><\/section>\n\n\n\n<section class=\"wp-block-group wp-block-group-boxed\"><div class=\"wp-block-group-inner is-layout-flow wp-block-group-is-layout-flow\">\n<div class=\"wp-block-columns are-vertically-aligned-top wp-block-columns-1 is-layout-flex wp-container-core-columns-is-layout-3 wp-block-columns-is-layout-flex\">\n<div class=\"wp-block-column is-layout-flow wp-block-column-is-layout-flow\">\n<h2 class=\"wp-block-heading\"><span>Potwierdzenie adresu<\/span><\/h2>\n<\/div>\n<\/div>\n\n\n\n<hr class=\"wp-block-separator wp-block-separator-color-dark-grey wp-block-separator-spaces-small wp-block-separator-weight-1\"\/>\n\n\n\n<p>Dokument potwierdzaj\u0105cy Tw\u00f3j adres nie mo\u017ce by\u0107 starszy ni\u017c 3 miesi\u0119cy i powinien zawiera\u0107 imi\u0119 i nazwisko, adres oraz dat\u0119 wydania. Na dokumencie powinna si\u0119 znajdowa\u0107 czytelna nazwa lub logotyp podmiotu wydaj\u0105cego. Dokument nale\u017cy skanowa\u0107, umieszczaj\u0105c go na tle o innym kolorze, aby wszystkie cztery rogi dokumentu by\u0142y widoczne.<\/p>\n\n\n\n<p class=\"is-style-heading-4\">Jako potwierdzenie adresu mo\u017cna przedstawi\u0107 jeden z poni\u017cszych dokument\u00f3w:<\/p>\n\n\n\n<div class=\"wp-block-columns are-vertically-aligned-top wp-block-columns-3 is-layout-flex wp-container-core-columns-is-layout-4 wp-block-columns-is-layout-flex\">\n<div class=\"wp-block-column is-layout-flow wp-block-column-is-layout-flow\">\n<ul class=\"wp-block-list wp-block-list wp-block-list-circle\">\n<li>Wyci\u0105g bankowy<\/li>\n\n\n\n<li>Wyci\u0105g karty kredytowej<\/li>\n\n\n\n<li>Faktura za pr\u0105d, wod\u0119 lub gaz<\/li>\n<\/ul>\n<\/div>\n\n\n\n<div class=\"wp-block-column is-layout-flow wp-block-column-is-layout-flow\">\n<ul class=\"wp-block-list wp-block-list wp-block-list-circle\">\n<li>Rozliczenie podatku od nieruchomo\u015bci<\/li>\n\n\n\n<li>Rozliczenie podatku dochodowego<\/li>\n\n\n\n<li>Oficjalna umowa wynajmu nieruchomo\u015bci \u2013 wydana przez organy rz\u0105dowe<\/li>\n<\/ul>\n<\/div>\n\n\n\n<div class=\"wp-block-column is-layout-flow wp-block-column-is-layout-flow\">\n<ul class=\"wp-block-list wp-block-list wp-block-list-circle\">\n<li>Pismo z Twojej gminy<\/li>\n\n\n\n<li>Rachunek za Internet<\/li>\n<\/ul>\n<\/div>\n<\/div>\n<\/div><\/section>\n\n\n\n<section class=\"wp-block-group wp-block-group-boxed has-white-background-color has-background\"><div class=\"wp-block-group-inner is-layout-flow wp-block-group-is-layout-flow\">\n<div class=\"wp-block-columns are-vertically-aligned-top wp-block-columns-1 is-layout-flex wp-container-core-columns-is-layout-5 wp-block-columns-is-layout-flex\">\n<div class=\"wp-block-column is-layout-flow wp-block-column-is-layout-flow\">\n<p><strong>Dokument powinien by\u0107 r\u00f3wno zeskanowany<\/strong><\/p>\n<\/div>\n<\/div>\n\n\n\n<hr class=\"wp-block-separator wp-block-separator-color-dark-grey wp-block-separator-spaces-small wp-block-separator-weight-1\"\/>\n\n\n\n<figure class=\"wp-block-image size-large wp-block-image-has-mobile\"><img loading=\"lazy\" decoding=\"async\" width=\"1024\" height=\"247\" src=\"https:\/\/www.etoro.com\/wp-content\/uploads\/2025\/01\/image-1-1-1024x247.png\" alt=\"\" class=\"wp-image-979254 wp-image-desktop\" srcset=\"https:\/\/www.etoro.com\/wp-content\/uploads\/2025\/01\/image-1-1-1024x247.png 1024w, https:\/\/www.etoro.com\/wp-content\/uploads\/2025\/01\/image-1-1-300x72.png 300w, https:\/\/www.etoro.com\/wp-content\/uploads\/2025\/01\/image-1-1-768x185.png 768w, https:\/\/www.etoro.com\/wp-content\/uploads\/2025\/01\/image-1-1.png 1060w\" sizes=\"(max-width: 1024px) 100vw, 1024px\" \/><img loading=\"lazy\" decoding=\"async\" width=\"343\" height=\"84\" src=\"https:\/\/www.etoro.com\/wp-content\/uploads\/2025\/01\/image-2-2.png\" alt=\"\" class=\"wp-image-979416 wp-image-mobile\" srcset=\"https:\/\/www.etoro.com\/wp-content\/uploads\/2025\/01\/image-2-2.png 343w, https:\/\/www.etoro.com\/wp-content\/uploads\/2025\/01\/image-2-2-300x73.png 300w\" sizes=\"(max-width: 343px) 100vw, 343px\" \/><\/figure>\n\n\n\n<p><strong>Nie powinien by\u0107 przycinany, a jego wszystkie cztery rogi powinny by\u0107 widoczne<\/strong><\/p>\n\n\n\n<hr class=\"wp-block-separator wp-block-separator-color-dark-grey wp-block-separator-spaces-small wp-block-separator-weight-1\"\/>\n\n\n\n<figure class=\"wp-block-image size-large wp-block-image-has-mobile\"><img loading=\"lazy\" decoding=\"async\" width=\"1024\" height=\"247\" src=\"https:\/\/www.etoro.com\/wp-content\/uploads\/2025\/01\/image-2-1024x247.png\" alt=\"\" class=\"wp-image-979279 wp-image-desktop\" srcset=\"https:\/\/www.etoro.com\/wp-content\/uploads\/2025\/01\/image-2-1024x247.png 1024w, https:\/\/www.etoro.com\/wp-content\/uploads\/2025\/01\/image-2-300x72.png 300w, https:\/\/www.etoro.com\/wp-content\/uploads\/2025\/01\/image-2-768x185.png 768w, https:\/\/www.etoro.com\/wp-content\/uploads\/2025\/01\/image-2.png 1060w\" sizes=\"(max-width: 1024px) 100vw, 1024px\" \/><img loading=\"lazy\" decoding=\"async\" width=\"343\" height=\"84\" src=\"https:\/\/www.etoro.com\/wp-content\/uploads\/2025\/01\/image-2-3.png\" alt=\"\" class=\"wp-image-979440 wp-image-mobile\" srcset=\"https:\/\/www.etoro.com\/wp-content\/uploads\/2025\/01\/image-2-3.png 343w, https:\/\/www.etoro.com\/wp-content\/uploads\/2025\/01\/image-2-3-300x73.png 300w\" sizes=\"(max-width: 343px) 100vw, 343px\" \/><\/figure>\n\n\n\n<p><strong>*Akceptujemy r\u00f3wnie\u017c zrzuty ekranu, je\u015bli Twoje potwierdzenie adresu ma form\u0119 dokumentu elektronicznego.<\/strong><\/p>\n\n\n\n<p><strong>Prze\u015blij potwierdzenie adresu teraz,&nbsp;<a href=\"https:\/\/www.etoro.com\/settings\/account?action=autokyc&amp;deepLink=uploadutilitybill\">klikaj\u0105c tutaj<\/a>.<\/strong><\/p>\n\n\n\n<p>Proces weryfikacji mo\u017ce potrwa\u0107 kilka dni, a gdy rachunek zostanie zweryfikowany, powiadomimy Ci\u0119 o tym. Mo\u017cesz r\u00f3wnie\u017c \u015bledzi\u0107 status procesu weryfikacji na platformie eToro. Rachunki zweryfikowane w profilu u\u017cytkownika s\u0105 oznaczane za pomoc\u0105 zielonego \u201eptaszka\u201d umieszczonego obok nazwy u\u017cytkownika.<\/p>\n\n\n\n<p>Nasz zesp\u00f3\u0142 zapozna si\u0119 z dokumentami i zaktualizuje status Twojej weryfikacji \u2014&nbsp;<strong>tym samym nie ma potrzeby otwierania zg\u0142oszenia dotycz\u0105cego Twojego procesu weryfikacji w biurze obs\u0142ugi klienta.<\/strong>&nbsp;W przypadku odrzucenia Twoich dokument\u00f3w wy\u015blemy do Ciebie e-mail z wyja\u015bnieniem, co nale\u017cy nam dostarczy\u0107. Aby unikn\u0105\u0107 przypadk\u00f3w zagini\u0119cia e-maila, dodaj eToro do listy \u201ezaufanych nadawc\u00f3w\u201d w ustawieniach poczty e-mail.<\/p>\n<\/div><\/section>\n\n\n\n<p><\/p>\n","protected":false},"excerpt":{"rendered":"<p>Weryfikacja jest obowi\u0105zkow\u0105 cz\u0119\u015bci\u0105 procesu rejestracji na platformie eToro. Regulacje prawne zobowi\u0105zuj\u0105 nas do weryfikacji ka\u017cdego nowego rachunku na eToro. Dzi\u0119ki temu nasza platforma jest bezpieczna oraz chroniona przed przypadkami nadu\u017cy\u0107. Natychmiast po uko\u0144czeniu procesu weryfikacji mo\u017cna w pe\u0142ni korzysta\u0107 z wszystkich funkcji oferowanych przez platform\u0119 eToro. W ramach procesu weryfikacji nale\u017cy przes\u0142a\u0107 dokumenty potwierdzaj\u0105ce&hellip;<\/p>\n","protected":false},"author":45,"featured_media":819211,"parent":10605,"menu_order":1063,"comment_status":"closed","ping_status":"closed","template":"","meta":{"_acf_changed":true,"inline_featured_image":false,"sticky_cta_settings":"","footnotes":""},"asset_type":[],"class_list":["post-29710","page","type-page","status-publish","has-post-thumbnail","hentry"],"acf":[],"yoast_head":"<title>Jak zweryfikowa\u0107 rachunek eToro - eToro<\/title>\n<meta name=\"description\" content=\"Sprawd\u017a sw\u00f3j rachunek eToro w kilku krokach. Weryfikacja jest obowi\u0105zkowym elementem rejestracji, niezb\u0119dna w celu usuni\u0119cia ogranicze\u0144 dotycz\u0105cych depozyt\u00f3w.\" \/>\n<meta name=\"robots\" content=\"index, follow, max-snippet:-1, max-image-preview:large, max-video-preview:-1\" \/>\n<link rel=\"canonical\" href=\"https:\/\/www.etoro.com\/pl\/wp-json\/wp\/v2\/pages\/29710\" \/>\n<meta property=\"og:locale\" content=\"pl_PL\" \/>\n<meta property=\"og:type\" content=\"article\" \/>\n<meta property=\"og:title\" content=\"Jak zweryfikowa\u0107 rachunek eToro - eToro\" \/>\n<meta property=\"og:description\" content=\"Sprawd\u017a sw\u00f3j rachunek eToro w kilku krokach. Weryfikacja jest obowi\u0105zkowym elementem rejestracji, niezb\u0119dna w celu usuni\u0119cia ogranicze\u0144 dotycz\u0105cych depozyt\u00f3w.\" \/>\n<meta property=\"og:url\" content=\"https:\/\/www.etoro.com\/pl\/wp-json\/wp\/v2\/pages\/29710\" \/>\n<meta property=\"og:site_name\" content=\"eToro\" \/>\n<meta property=\"article:publisher\" content=\"https:\/\/www.facebook.com\/eToro\/\" \/>\n<meta property=\"article:modified_time\" content=\"2025-05-12T12:01:24+00:00\" \/>\n<meta property=\"og:image\" content=\"https:\/\/www.etoro.com\/wp-content\/uploads\/2024\/01\/How-to-verify-your-eToro-account_Featured-image-1200x630_PL.png\" \/>\n\t<meta property=\"og:image:width\" content=\"1200\" \/>\n\t<meta property=\"og:image:height\" content=\"630\" \/>\n\t<meta property=\"og:image:type\" content=\"image\/png\" \/>\n<meta name=\"twitter:card\" content=\"summary_large_image\" \/>\n<meta name=\"twitter:site\" content=\"@eToro\" \/>\n<meta name=\"twitter:label1\" content=\"Est. reading time\" \/>\n\t<meta name=\"twitter:data1\" content=\"3 minutes\" \/>\n<script type=\"application\/ld+json\" class=\"yoast-schema-graph\">{\"@context\":\"https:\/\/schema.org\",\"@graph\":[{\"@type\":\"WebPage\",\"@id\":\"https:\/\/www.etoro.com\/pl\/customer-service\/account-verification\/\",\"url\":\"https:\/\/www.etoro.com\/pl\/customer-service\/account-verification\/\",\"name\":\"Jak zweryfikowa\u0107 rachunek eToro - eToro\",\"isPartOf\":{\"@id\":\"https:\/\/www.etoro.com\/pl\/#website\"},\"primaryImageOfPage\":{\"@id\":\"https:\/\/www.etoro.com\/pl\/customer-service\/account-verification\/#primaryimage\"},\"image\":{\"@id\":\"https:\/\/www.etoro.com\/pl\/customer-service\/account-verification\/#primaryimage\"},\"thumbnailUrl\":\"https:\/\/www.etoro.com\/wp-content\/uploads\/2024\/01\/How-to-verify-your-eToro-account_Featured-image-1200x630_PL.png\",\"datePublished\":\"2018-02-28T15:53:19+00:00\",\"dateModified\":\"2025-05-12T12:01:24+00:00\",\"description\":\"Sprawd\u017a sw\u00f3j rachunek eToro w kilku krokach. Weryfikacja jest obowi\u0105zkowym elementem rejestracji, niezb\u0119dna w celu usuni\u0119cia ogranicze\u0144 dotycz\u0105cych depozyt\u00f3w.\",\"breadcrumb\":{\"@id\":\"https:\/\/www.etoro.com\/pl\/customer-service\/account-verification\/#breadcrumb\"},\"inLanguage\":\"pl\",\"potentialAction\":[{\"@type\":\"ReadAction\",\"target\":[\"https:\/\/www.etoro.com\/pl\/customer-service\/account-verification\/\"]}]},{\"@type\":\"ImageObject\",\"inLanguage\":\"pl\",\"@id\":\"https:\/\/www.etoro.com\/pl\/customer-service\/account-verification\/#primaryimage\",\"url\":\"https:\/\/www.etoro.com\/wp-content\/uploads\/2024\/01\/How-to-verify-your-eToro-account_Featured-image-1200x630_PL.png\",\"contentUrl\":\"https:\/\/www.etoro.com\/wp-content\/uploads\/2024\/01\/How-to-verify-your-eToro-account_Featured-image-1200x630_PL.png\",\"width\":1200,\"height\":630},{\"@type\":\"BreadcrumbList\",\"@id\":\"https:\/\/www.etoro.com\/pl\/customer-service\/account-verification\/#breadcrumb\",\"itemListElement\":[{\"@type\":\"ListItem\",\"position\":1,\"name\":\"Strona g\u0142\u00f3wna\",\"item\":\"https:\/\/www.etoro.com\/pl\/\"},{\"@type\":\"ListItem\",\"position\":2,\"name\":\"OBS\u0141UGI KLIENTA\",\"item\":\"https:\/\/www.etoro.com\/pl\/customer-service\/\"},{\"@type\":\"ListItem\",\"position\":3,\"name\":\"WERYFIKACJA RACHUNKU\"}]},{\"@type\":\"WebSite\",\"@id\":\"https:\/\/www.etoro.com\/pl\/#website\",\"url\":\"https:\/\/www.etoro.com\/pl\/\",\"name\":\"eToro\",\"description\":\"\",\"publisher\":{\"@id\":\"https:\/\/www.etoro.com\/pl\/#organization\"},\"potentialAction\":[{\"@type\":\"SearchAction\",\"target\":{\"@type\":\"EntryPoint\",\"urlTemplate\":\"https:\/\/www.etoro.com\/pl\/?s={search_term_string}\"},\"query-input\":{\"@type\":\"PropertyValueSpecification\",\"valueRequired\":true,\"valueName\":\"search_term_string\"}}],\"inLanguage\":\"pl\"},[]]}<\/script>","yoast_head_json":{"title":"Jak zweryfikowa\u0107 rachunek eToro - eToro","description":"Sprawd\u017a sw\u00f3j rachunek eToro w kilku krokach. Weryfikacja jest obowi\u0105zkowym elementem rejestracji, niezb\u0119dna w celu usuni\u0119cia ogranicze\u0144 dotycz\u0105cych depozyt\u00f3w.","robots":{"index":"index","follow":"follow","max-snippet":"max-snippet:-1","max-image-preview":"max-image-preview:large","max-video-preview":"max-video-preview:-1"},"canonical":"https:\/\/www.etoro.com\/pl\/wp-json\/wp\/v2\/pages\/29710","og_locale":"pl_PL","og_type":"article","og_title":"Jak zweryfikowa\u0107 rachunek eToro - eToro","og_description":"Sprawd\u017a sw\u00f3j rachunek eToro w kilku krokach. Weryfikacja jest obowi\u0105zkowym elementem rejestracji, niezb\u0119dna w celu usuni\u0119cia ogranicze\u0144 dotycz\u0105cych depozyt\u00f3w.","og_url":"https:\/\/www.etoro.com\/pl\/wp-json\/wp\/v2\/pages\/29710","og_site_name":"eToro","article_publisher":"https:\/\/www.facebook.com\/eToro\/","article_modified_time":"2025-05-12T12:01:24+00:00","og_image":[{"width":1200,"height":630,"url":"https:\/\/www.etoro.com\/wp-content\/uploads\/2024\/01\/How-to-verify-your-eToro-account_Featured-image-1200x630_PL.png","type":"image\/png"}],"twitter_card":"summary_large_image","twitter_site":"@eToro","twitter_misc":{"Est. reading time":"3 minutes"},"schema":{"@context":"https:\/\/schema.org","@graph":[{"@type":"WebPage","@id":"https:\/\/www.etoro.com\/pl\/customer-service\/account-verification\/","url":"https:\/\/www.etoro.com\/pl\/customer-service\/account-verification\/","name":"Jak zweryfikowa\u0107 rachunek eToro - eToro","isPartOf":{"@id":"https:\/\/www.etoro.com\/pl\/#website"},"primaryImageOfPage":{"@id":"https:\/\/www.etoro.com\/pl\/customer-service\/account-verification\/#primaryimage"},"image":{"@id":"https:\/\/www.etoro.com\/pl\/customer-service\/account-verification\/#primaryimage"},"thumbnailUrl":"https:\/\/www.etoro.com\/wp-content\/uploads\/2024\/01\/How-to-verify-your-eToro-account_Featured-image-1200x630_PL.png","datePublished":"2018-02-28T15:53:19+00:00","dateModified":"2025-05-12T12:01:24+00:00","description":"Sprawd\u017a sw\u00f3j rachunek eToro w kilku krokach. Weryfikacja jest obowi\u0105zkowym elementem rejestracji, niezb\u0119dna w celu usuni\u0119cia ogranicze\u0144 dotycz\u0105cych depozyt\u00f3w.","breadcrumb":{"@id":"https:\/\/www.etoro.com\/pl\/customer-service\/account-verification\/#breadcrumb"},"inLanguage":"pl","potentialAction":[{"@type":"ReadAction","target":["https:\/\/www.etoro.com\/pl\/customer-service\/account-verification\/"]}]},{"@type":"ImageObject","inLanguage":"pl","@id":"https:\/\/www.etoro.com\/pl\/customer-service\/account-verification\/#primaryimage","url":"https:\/\/www.etoro.com\/wp-content\/uploads\/2024\/01\/How-to-verify-your-eToro-account_Featured-image-1200x630_PL.png","contentUrl":"https:\/\/www.etoro.com\/wp-content\/uploads\/2024\/01\/How-to-verify-your-eToro-account_Featured-image-1200x630_PL.png","width":1200,"height":630},{"@type":"BreadcrumbList","@id":"https:\/\/www.etoro.com\/pl\/customer-service\/account-verification\/#breadcrumb","itemListElement":[{"@type":"ListItem","position":1,"name":"Strona g\u0142\u00f3wna","item":"https:\/\/www.etoro.com\/pl\/"},{"@type":"ListItem","position":2,"name":"OBS\u0141UGI KLIENTA","item":"https:\/\/www.etoro.com\/pl\/customer-service\/"},{"@type":"ListItem","position":3,"name":"WERYFIKACJA RACHUNKU"}]},{"@type":"WebSite","@id":"https:\/\/www.etoro.com\/pl\/#website","url":"https:\/\/www.etoro.com\/pl\/","name":"eToro","description":"","publisher":{"@id":"https:\/\/www.etoro.com\/pl\/#organization"},"potentialAction":[{"@type":"SearchAction","target":{"@type":"EntryPoint","urlTemplate":"https:\/\/www.etoro.com\/pl\/?s={search_term_string}"},"query-input":{"@type":"PropertyValueSpecification","valueRequired":true,"valueName":"search_term_string"}}],"inLanguage":"pl"},[]]}},"_links":{"self":[{"href":"https:\/\/www.etoro.com\/pl\/wp-json\/wp\/v2\/pages\/29710"}],"collection":[{"href":"https:\/\/www.etoro.com\/pl\/wp-json\/wp\/v2\/pages"}],"about":[{"href":"https:\/\/www.etoro.com\/pl\/wp-json\/wp\/v2\/types\/page"}],"author":[{"embeddable":true,"href":"https:\/\/www.etoro.com\/pl\/wp-json\/wp\/v2\/users\/45"}],"replies":[{"embeddable":true,"href":"https:\/\/www.etoro.com\/pl\/wp-json\/wp\/v2\/comments?post=29710"}],"version-history":[{"count":0,"href":"https:\/\/www.etoro.com\/pl\/wp-json\/wp\/v2\/pages\/29710\/revisions"}],"up":[{"embeddable":true,"href":"https:\/\/www.etoro.com\/pl\/wp-json\/wp\/v2\/pages\/10605"}],"wp:featuredmedia":[{"embeddable":true,"href":"https:\/\/www.etoro.com\/pl\/wp-json\/wp\/v2\/media\/819211"}],"wp:attachment":[{"href":"https:\/\/www.etoro.com\/pl\/wp-json\/wp\/v2\/media?parent=29710"}],"wp:term":[{"taxonomy":"asset_type","embeddable":true,"href":"https:\/\/www.etoro.com\/pl\/wp-json\/wp\/v2\/asset_type?post=29710"}],"curies":[{"name":"wp","href":"https:\/\/api.w.org\/{rel}","templated":true}]}}