{"id":331950,"date":"2021-05-24T17:11:46","date_gmt":"2021-05-24T14:11:46","guid":{"rendered":"https:\/\/www.etoro.com\/academy\/investing\/"},"modified":"2025-09-26T18:07:40","modified_gmt":"2025-09-26T15:07:40","slug":"investing","status":"publish","type":"page","link":"https:\/\/www.etoro.com\/pl\/academy\/investing\/","title":{"rendered":"Inwestowanie"},"content":{"rendered":"\n<section class=\"wp-block-group wp-block-group-boxed has-white-background-color has-background\"><div class=\"wp-block-group-inner is-layout-flow wp-block-group-is-layout-flow\">\n<div class=\"wp-block-columns are-vertically-aligned-center wp-block-columns-1 is-layout-flex wp-container-core-columns-is-layout-1 wp-block-columns-is-layout-flex\">\n<div class=\"wp-block-column is-layout-flow wp-block-column-is-layout-flow\">\n<h2 class=\"wp-block-heading wp-block-heading\"><strong>Gotowy, by zacz\u0105\u0107?<\/strong><\/h2>\n\n\n\n<p>Otw\u00f3rz sw\u00f3j rachunek inwestycyjny ju\u017c dzi\u015b i wykorzystaj nowo zdobyt\u0105 wiedz\u0119. Rejestracja jest bezp\u0142atna!<\/p>\n\n\n\n<div class=\"wp-block-buttons is-layout-flex wp-block-buttons-is-layout-flex\">\n<a class=\"e-cta e-cta-primary\" href=\"\/pl\/accounts\/sign-up\">Do\u0142\u0105cz do eToro<\/a>\n<\/div>\n<\/div>\n\n\n\n<div class=\"wp-block-column is-layout-flow wp-block-column-is-layout-flow\">\n<figure class=\"wp-block-image size-full\"><img loading=\"lazy\" decoding=\"async\" width=\"576\" height=\"555\" src=\"https:\/\/www.etoro.com\/wp-content\/uploads\/2023\/05\/Image-29.png\" alt=\"\" class=\"wp-image-602016 wp-image-desktop\" srcset=\"https:\/\/www.etoro.com\/wp-content\/uploads\/2023\/05\/Image-29.png 576w, https:\/\/www.etoro.com\/wp-content\/uploads\/2023\/05\/Image-29-300x289.png 300w\" sizes=\"(max-width: 576px) 100vw, 576px\" \/><\/figure>\n<\/div>\n<\/div>\n<\/div><\/section>\n","protected":false},"excerpt":{"rendered":"<p>Gotowy, by zacz\u0105\u0107? Otw\u00f3rz sw\u00f3j rachunek inwestycyjny ju\u017c dzi\u015b i wykorzystaj nowo zdobyt\u0105 wiedz\u0119. Rejestracja jest bezp\u0142atna!<\/p>\n","protected":false},"author":45,"featured_media":605343,"parent":331558,"menu_order":231,"comment_status":"closed","ping_status":"closed","template":"templates\/academy-taxonomy-page.php","meta":{"_acf_changed":true,"inline_featured_image":false,"sticky_cta_settings":"","footnotes":""},"asset_type":[],"class_list":["post-331950","page","type-page","status-publish","has-post-thumbnail","hentry"],"acf":[],"yoast_head":"<title>Naucz si\u0119 inwestowa\u0107<\/title>\n<meta name=\"description\" content=\"Niezale\u017cnie od tego, czy dopiero zaczynasz, czy jeste\u015b ju\u017c do\u015bwiadczonym inwestorem, pog\u0142\u0119biaj swoj\u0105 wiedz\u0119 i zdobywaj nowe umiej\u0119tno\u015bci\" \/>\n<meta name=\"robots\" content=\"index, follow, max-snippet:-1, max-image-preview:large, max-video-preview:-1\" \/>\n<link rel=\"canonical\" href=\"https:\/\/www.etoro.com\/pl\/wp-json\/wp\/v2\/pages\/331950\" \/>\n<meta property=\"og:locale\" content=\"pl_PL\" \/>\n<meta property=\"og:type\" content=\"article\" \/>\n<meta property=\"og:title\" content=\"Naucz si\u0119 inwestowa\u0107\" \/>\n<meta property=\"og:description\" content=\"Niezale\u017cnie od tego, czy dopiero zaczynasz, czy jeste\u015b ju\u017c do\u015bwiadczonym inwestorem, pog\u0142\u0119biaj swoj\u0105 wiedz\u0119 i zdobywaj nowe umiej\u0119tno\u015bci\" \/>\n<meta property=\"og:url\" content=\"https:\/\/www.etoro.com\/pl\/wp-json\/wp\/v2\/pages\/331950\" \/>\n<meta property=\"og:site_name\" content=\"eToro\" \/>\n<meta property=\"article:publisher\" content=\"https:\/\/www.facebook.com\/eToro\/\" \/>\n<meta property=\"article:modified_time\" content=\"2025-09-26T15:07:40+00:00\" \/>\n<meta property=\"og:image\" content=\"https:\/\/www.etoro.com\/wp-content\/uploads\/2023\/05\/PL_Investing_Featured-image-1200x630-1.jpg\" \/>\n\t<meta property=\"og:image:width\" content=\"1200\" \/>\n\t<meta property=\"og:image:height\" content=\"630\" \/>\n\t<meta property=\"og:image:type\" content=\"image\/jpeg\" \/>\n<meta name=\"twitter:card\" content=\"summary_large_image\" \/>\n<meta name=\"twitter:site\" content=\"@eToro\" \/>\n<script type=\"application\/ld+json\" class=\"yoast-schema-graph\">{\"@context\":\"https:\/\/schema.org\",\"@graph\":[{\"@type\":\"WebPage\",\"@id\":\"https:\/\/www.etoro.com\/pl\/academy\/investing\/\",\"url\":\"https:\/\/www.etoro.com\/pl\/academy\/investing\/\",\"name\":\"Naucz si\u0119 inwestowa\u0107\",\"isPartOf\":{\"@id\":\"https:\/\/www.etoro.com\/pl\/#website\"},\"primaryImageOfPage\":{\"@id\":\"https:\/\/www.etoro.com\/pl\/academy\/investing\/#primaryimage\"},\"image\":{\"@id\":\"https:\/\/www.etoro.com\/pl\/academy\/investing\/#primaryimage\"},\"thumbnailUrl\":\"https:\/\/www.etoro.com\/wp-content\/uploads\/2023\/05\/PL_Investing_Featured-image-1200x630-1.jpg\",\"datePublished\":\"2021-05-24T14:11:46+00:00\",\"dateModified\":\"2025-09-26T15:07:40+00:00\",\"description\":\"Niezale\u017cnie od tego, czy dopiero zaczynasz, czy jeste\u015b ju\u017c do\u015bwiadczonym inwestorem, pog\u0142\u0119biaj swoj\u0105 wiedz\u0119 i zdobywaj nowe umiej\u0119tno\u015bci\",\"breadcrumb\":{\"@id\":\"https:\/\/www.etoro.com\/pl\/academy\/investing\/#breadcrumb\"},\"inLanguage\":\"pl\",\"potentialAction\":[{\"@type\":\"ReadAction\",\"target\":[\"https:\/\/www.etoro.com\/pl\/academy\/investing\/\"]}]},{\"@type\":\"ImageObject\",\"inLanguage\":\"pl\",\"@id\":\"https:\/\/www.etoro.com\/pl\/academy\/investing\/#primaryimage\",\"url\":\"https:\/\/www.etoro.com\/wp-content\/uploads\/2023\/05\/PL_Investing_Featured-image-1200x630-1.jpg\",\"contentUrl\":\"https:\/\/www.etoro.com\/wp-content\/uploads\/2023\/05\/PL_Investing_Featured-image-1200x630-1.jpg\",\"width\":1200,\"height\":630},{\"@type\":\"BreadcrumbList\",\"@id\":\"https:\/\/www.etoro.com\/pl\/academy\/investing\/#breadcrumb\",\"itemListElement\":[{\"@type\":\"ListItem\",\"position\":1,\"name\":\"Strona g\u0142\u00f3wna\",\"item\":\"https:\/\/www.etoro.com\/pl\/\"},{\"@type\":\"ListItem\",\"position\":2,\"name\":\"eToro Academy\",\"item\":\"https:\/\/www.etoro.com\/pl\/academy\/\"},{\"@type\":\"ListItem\",\"position\":3,\"name\":\"Inwestowanie\"}]},{\"@type\":\"WebSite\",\"@id\":\"https:\/\/www.etoro.com\/pl\/#website\",\"url\":\"https:\/\/www.etoro.com\/pl\/\",\"name\":\"eToro\",\"description\":\"\",\"publisher\":{\"@id\":\"https:\/\/www.etoro.com\/pl\/#organization\"},\"potentialAction\":[{\"@type\":\"SearchAction\",\"target\":{\"@type\":\"EntryPoint\",\"urlTemplate\":\"https:\/\/www.etoro.com\/pl\/?s={search_term_string}\"},\"query-input\":{\"@type\":\"PropertyValueSpecification\",\"valueRequired\":true,\"valueName\":\"search_term_string\"}}],\"inLanguage\":\"pl\"},[]]}<\/script>","yoast_head_json":{"title":"Naucz si\u0119 inwestowa\u0107","description":"Niezale\u017cnie od tego, czy dopiero zaczynasz, czy jeste\u015b ju\u017c do\u015bwiadczonym inwestorem, pog\u0142\u0119biaj swoj\u0105 wiedz\u0119 i zdobywaj nowe umiej\u0119tno\u015bci","robots":{"index":"index","follow":"follow","max-snippet":"max-snippet:-1","max-image-preview":"max-image-preview:large","max-video-preview":"max-video-preview:-1"},"canonical":"https:\/\/www.etoro.com\/pl\/wp-json\/wp\/v2\/pages\/331950","og_locale":"pl_PL","og_type":"article","og_title":"Naucz si\u0119 inwestowa\u0107","og_description":"Niezale\u017cnie od tego, czy dopiero zaczynasz, czy jeste\u015b ju\u017c do\u015bwiadczonym inwestorem, pog\u0142\u0119biaj swoj\u0105 wiedz\u0119 i zdobywaj nowe umiej\u0119tno\u015bci","og_url":"https:\/\/www.etoro.com\/pl\/wp-json\/wp\/v2\/pages\/331950","og_site_name":"eToro","article_publisher":"https:\/\/www.facebook.com\/eToro\/","article_modified_time":"2025-09-26T15:07:40+00:00","og_image":[{"width":1200,"height":630,"url":"https:\/\/www.etoro.com\/wp-content\/uploads\/2023\/05\/PL_Investing_Featured-image-1200x630-1.jpg","type":"image\/jpeg"}],"twitter_card":"summary_large_image","twitter_site":"@eToro","schema":{"@context":"https:\/\/schema.org","@graph":[{"@type":"WebPage","@id":"https:\/\/www.etoro.com\/pl\/academy\/investing\/","url":"https:\/\/www.etoro.com\/pl\/academy\/investing\/","name":"Naucz si\u0119 inwestowa\u0107","isPartOf":{"@id":"https:\/\/www.etoro.com\/pl\/#website"},"primaryImageOfPage":{"@id":"https:\/\/www.etoro.com\/pl\/academy\/investing\/#primaryimage"},"image":{"@id":"https:\/\/www.etoro.com\/pl\/academy\/investing\/#primaryimage"},"thumbnailUrl":"https:\/\/www.etoro.com\/wp-content\/uploads\/2023\/05\/PL_Investing_Featured-image-1200x630-1.jpg","datePublished":"2021-05-24T14:11:46+00:00","dateModified":"2025-09-26T15:07:40+00:00","description":"Niezale\u017cnie od tego, czy dopiero zaczynasz, czy jeste\u015b ju\u017c do\u015bwiadczonym inwestorem, pog\u0142\u0119biaj swoj\u0105 wiedz\u0119 i zdobywaj nowe umiej\u0119tno\u015bci","breadcrumb":{"@id":"https:\/\/www.etoro.com\/pl\/academy\/investing\/#breadcrumb"},"inLanguage":"pl","potentialAction":[{"@type":"ReadAction","target":["https:\/\/www.etoro.com\/pl\/academy\/investing\/"]}]},{"@type":"ImageObject","inLanguage":"pl","@id":"https:\/\/www.etoro.com\/pl\/academy\/investing\/#primaryimage","url":"https:\/\/www.etoro.com\/wp-content\/uploads\/2023\/05\/PL_Investing_Featured-image-1200x630-1.jpg","contentUrl":"https:\/\/www.etoro.com\/wp-content\/uploads\/2023\/05\/PL_Investing_Featured-image-1200x630-1.jpg","width":1200,"height":630},{"@type":"BreadcrumbList","@id":"https:\/\/www.etoro.com\/pl\/academy\/investing\/#breadcrumb","itemListElement":[{"@type":"ListItem","position":1,"name":"Strona g\u0142\u00f3wna","item":"https:\/\/www.etoro.com\/pl\/"},{"@type":"ListItem","position":2,"name":"eToro Academy","item":"https:\/\/www.etoro.com\/pl\/academy\/"},{"@type":"ListItem","position":3,"name":"Inwestowanie"}]},{"@type":"WebSite","@id":"https:\/\/www.etoro.com\/pl\/#website","url":"https:\/\/www.etoro.com\/pl\/","name":"eToro","description":"","publisher":{"@id":"https:\/\/www.etoro.com\/pl\/#organization"},"potentialAction":[{"@type":"SearchAction","target":{"@type":"EntryPoint","urlTemplate":"https:\/\/www.etoro.com\/pl\/?s={search_term_string}"},"query-input":{"@type":"PropertyValueSpecification","valueRequired":true,"valueName":"search_term_string"}}],"inLanguage":"pl"},[]]}},"_links":{"self":[{"href":"https:\/\/www.etoro.com\/pl\/wp-json\/wp\/v2\/pages\/331950"}],"collection":[{"href":"https:\/\/www.etoro.com\/pl\/wp-json\/wp\/v2\/pages"}],"about":[{"href":"https:\/\/www.etoro.com\/pl\/wp-json\/wp\/v2\/types\/page"}],"author":[{"embeddable":true,"href":"https:\/\/www.etoro.com\/pl\/wp-json\/wp\/v2\/users\/45"}],"replies":[{"embeddable":true,"href":"https:\/\/www.etoro.com\/pl\/wp-json\/wp\/v2\/comments?post=331950"}],"version-history":[{"count":0,"href":"https:\/\/www.etoro.com\/pl\/wp-json\/wp\/v2\/pages\/331950\/revisions"}],"up":[{"embeddable":true,"href":"https:\/\/www.etoro.com\/pl\/wp-json\/wp\/v2\/pages\/331558"}],"wp:featuredmedia":[{"embeddable":true,"href":"https:\/\/www.etoro.com\/pl\/wp-json\/wp\/v2\/media\/605343"}],"wp:attachment":[{"href":"https:\/\/www.etoro.com\/pl\/wp-json\/wp\/v2\/media?parent=331950"}],"wp:term":[{"taxonomy":"asset_type","embeddable":true,"href":"https:\/\/www.etoro.com\/pl\/wp-json\/wp\/v2\/asset_type?post=331950"}],"curies":[{"name":"wp","href":"https:\/\/api.w.org\/{rel}","templated":true}]}}