{"id":334406,"date":"2021-08-18T09:54:03","date_gmt":"2021-08-18T06:54:03","guid":{"rendered":"https:\/\/www.etoro.com\/customer-service\/regulation-license\/aus-risk-warning\/"},"modified":"2022-02-28T10:22:11","modified_gmt":"2022-02-28T08:22:11","slug":"aus-risk-warning","status":"publish","type":"page","link":"https:\/\/www.etoro.com\/pl\/customer-service\/regulation-license\/aus-risk-warning\/","title":{"rendered":"Rozporz\u0105dzenie AUS \u2013 Zastrze\u017cenia prawne i ostrze\u017cenia przed ryzykiem"},"content":{"rendered":"<h2><b>Pe\u0142ne wy\u0142\u0105czenie odpowiedzialno\u015bci CFD<\/b><\/h2>\n<p>eToro AUS Capital Ltd ACN 612 791 803 AFSL 491139. Instrumenty pochodne OTC to produkty finansowe oparte na wykorzystaniu efektu d\u017awigni finansowej. Obr\u00f3t instrumentami pochodnymi OTC nie powoduje posiadania aktyw\u00f3w bazowych. Handel instrumentami pochodnymi OTC wi\u0105\u017ce si\u0119 z wysokim poziomem ryzyka i mo\u017ce skutkowa\u0107 utrat\u0105 ca\u0142ej inwestycji. W zwi\u0105zku z powy\u017cszym, instrumenty pochodne OTC mog\u0105 nie by\u0107 odpowiednie dla wszystkich inwestor\u00f3w. Nie powiniene\u015b\/nie powinna\u015b inwestowa\u0107 pieni\u0119dzy, na kt\u00f3rych utrat\u0119 nie mo\u017cesz sobie pozwoli\u0107. Zanim zdecydujesz si\u0119 na handel, powiniene\u015b\/powinna\u015b zasi\u0119gn\u0105\u0107 porady niezale\u017cnego i odpowiednio licencjonowanego doradcy finansowego oraz upewni\u0107 si\u0119, \u017ce jeste\u015b przygotowany\/-a na ryzyko i posiadasz odpowiednie do\u015bwiadczenie oraz wiedz\u0119. Informacje te maj\u0105 wy\u0142\u0105cznie charakter og\u00f3lny i zosta\u0142y przygotowane bez uwzgl\u0119dnienia Twoich cel\u00f3w, sytuacji finansowej lub potrzeb. Przed podj\u0119ciem decyzji o handlu z nami nale\u017cy zasi\u0119gn\u0105\u0107 niezale\u017cnej porady i wzi\u0105\u0107 pod uwag\u0119 nasze O\u015bwiadczenie o ujawnieniu produktu (<a href=\"https:\/\/www.etoro.com\/pl\/customer-service\/terms-conditions\/\">PDS<\/a>) oraz Okre\u015blenie rynku docelowego (<a href=\"https:\/\/www.etoro.com\/pl\/customer-service\/regulation-license\/aus-risk-warning\/\">TMD<\/a>).<\/p>\n<h2><b>Pe\u0142ne wy\u0142\u0105czenie odpowiedzialno\u015bci &#8211; Akcje\u00a0<\/b><\/h2>\n<p>Serwis eToro ARSN 637 489 466 obs\u0142ugiwany jest przez eToro Asset Management Limited ABN 51 122 005 396 AFSL 319 738 i promowany przez eToro AUS Capital Limited ACN 612 791 803 AFSL 491139.\u00a0 Inwestowanie w akcje za po\u015brednictwem zarz\u0105dzanego programu inwestycyjnego nie skutkuje bezpo\u015brednim posiadaniem aktyw\u00f3w bazowych. Program posiada w\u0142asno\u015b\u0107 prawn\u0105; inwestor posiada w\u0142asno\u015b\u0107 faktyczn\u0105 (beneficial ownership), tzn. akcje przechowywane s\u0105 w Twoim imieniu.\u00a0 Poniewa\u017c program posiada w\u0142asno\u015b\u0107 prawn\u0105, nie posiadasz \u017cadnych praw do papier\u00f3w warto\u015bciowych, w tym prawa g\u0142osu. Akcje s\u0105 niezbywalne. Tw\u00f3j kapita\u0142 jest nara\u017cony na ryzyko. Przed dokonaniem transakcji nale\u017cy zapozna\u0107 si\u0119 z O\u015bwiadczeniem o ujawnieniu produktu (<a href=\"https:\/\/www.etoro.com\/pl\/customer-service\/terms-conditions\/\">PDS<\/a>) oraz z Okre\u015bleniem rynku docelowego (<a href=\"https:\/\/www.etoro.com\/pl\/customer-service\/regulation-license\/aus-risk-warning\/\">TMD<\/a>).<\/p>\n<h2><b>Pe\u0142ne wy\u0142\u0105czenie odpowiedzialno\u015bci krypto\u00a0<\/b><\/h2>\n<p>eToro AUS Capital Limited ACN 612 791 803 AFSL 491139. Handel kryptoaktywami jest nieuregulowany i wysoce spekulacyjny. Brak ochrony konsumenta.\u00a0 Ryzykujesz utrat\u0119 ca\u0142ego swojego kapita\u0142u. Zapoznaj si\u0119 z naszym <a href=\"https:\/\/www.etoro.com\/pl\/customer-service\/terms-conditions\/\">Regulaminem<\/a>.<\/p>\n<h2><b>Pe\u0142ne wy\u0142\u0105czenie odpowiedzialno\u015bci CopyTrade\u00a0<\/b><\/h2>\n<p>eToro AUS Capital Ltd. ACN 612 791 803 AFSL 491139. Inwestowanie spo\u0142eczno\u015bciowe. Handel z eToro poprzez \u015bledzenie i\/lub kopiowanie lub replikowanie transakcji innych inwestor\u00f3w wi\u0105\u017ce si\u0119 z wysokim poziomem ryzyka, nawet w przypadku \u015bledzenia i\/lub kopiowania, lub replikowania najlepszych inwestor\u00f3w. Takie ryzyko oznacza, i\u017c mo\u017cesz \u015bledzi\u0107\/kopiowa\u0107 decyzje handlowe mo\u017cliwie niedo\u015bwiadczonych lub nieprofesjonalnych inwestor\u00f3w lub inwestor\u00f3w, kt\u00f3rych ostateczny cel, zamiary lub status finansowy mog\u0105 r\u00f3\u017cni\u0107 si\u0119 od Twojego. eToro nie zatwierdza ani nie popiera \u017cadnego z kont transakcyjnych, kt\u00f3re klienci zdecyduj\u0105 si\u0119 kopiowa\u0107. Wszelkie instrukcje i dzia\u0142ania zwi\u0105zane z kopiowanymi transakcjami zostan\u0105 automatycznie zreplikowane na Twoim koncie, w tym zam\u00f3wienia stop loss, take profit oraz zamykanie transakcji. W przypadku, gdy zdecydujesz si\u0119 kopiowa\u0107 okre\u015blone konto handlowe, b\u0119dziesz kopiowa\u0107 wszystkie jego przysz\u0142e transakcje; mo\u017cesz r\u00f3wnie\u017c wybra\u0107 \u015bledzenie istniej\u0105cych transakcji. eToro nie ponosi odpowiedzialno\u015bci za decyzje lub dzia\u0142ania podj\u0119te przez jakiegokolwiek inwestora, kt\u00f3rego zdecydujesz si\u0119 kopiowa\u0107. eToro mo\u017ce wynagradza\u0107 popularnych handlowc\u00f3w eToro, kt\u00f3rych Ty lub inne osoby zdecydujecie si\u0119 kopiowa\u0107. Wyniki osi\u0105gni\u0119te przez cz\u0142onka spo\u0142eczno\u015bci eToro w przesz\u0142o\u015bci nie s\u0105 wiarygodnym wska\u017anikiem jego przysz\u0142ych wynik\u00f3w.\u00a0 Przed dokonaniem transakcji nale\u017cy zapozna\u0107 si\u0119 z O\u015bwiadczeniem o ujawnieniu produktu (<a href=\"https:\/\/www.etoro.com\/pl\/customer-service\/terms-conditions\/\">PDS<\/a>) oraz z Okre\u015bleniem rynku docelowego (<a href=\"https:\/\/www.etoro.com\/pl\/customer-service\/regulation-license\/aus-risk-warning\/\">TMD<\/a>).<\/p>\n<h2><b>Pe\u0142ne wy\u0142\u0105czenie odpowiedzialno\u015bci &#8211; Inteligentne portfele<\/b><\/h2>\n<p>eToro AUS Capital Limited ACN 612 791 803 AFSL 491139. Inteligentne portfele eToro grupuj\u0105 aktywa lub inwestor\u00f3w w oparciu o z g\u00f3ry okre\u015blony temat lub strategi\u0119 za pomoc\u0105 zautomatyzowanych, opartych na algorytmach lub uczeniu maszynowym narz\u0119dziach z ograniczon\u0105 lub \u017cadn\u0105 interakcj\u0105 ludzk\u0105. eToro dzia\u0142a jako u\u017cytkownik nadrz\u0119dny, inwestuj\u0105c prawdziwe \u015brodki w celu stworzenia portfela do skopiowania przez klient\u00f3w eToro. Inteligentne portfele nie s\u0105 funduszami inwestycyjnymi typu ETF ani funduszami hedgingowymi i nie s\u0105 dostosowane do Twoich konkretnych cel\u00f3w, sytuacji finansowej lub potrzeb.<\/p>\n<p>Inteligentne portfele mog\u0105 zawiera\u0107 instrumenty pochodne OTC. Instrumenty pochodne OTC to produkty finansowe oparte na wykorzystaniu efektu d\u017awigni finansowej i uwa\u017cane s\u0105 one za spekulacyjne. Instrumenty pochodne OTC mog\u0105 nie by\u0107 odpowiednie dla wszystkich inwestor\u00f3w.<\/p>\n<p>Przed dokonaniem transakcji zaleca si\u0119 uzyskanie niezale\u017cnej porady i zapoznanie si\u0119 z O\u015bwiadczeniem o ujawnieniu produktu oraz Okre\u015bleniem rynku docelowego (<a href=\"https:\/\/www.etoro.com\/pl\/customer-service\/terms-conditions\/\">PDS<\/a> i <a href=\"https:\/\/www.etoro.com\/pl\/customer-service\/regulation-license\/aus-risk-warning\/\">TMD<\/a>).<\/p>\n","protected":false},"excerpt":{"rendered":"<p>Pe\u0142ne wy\u0142\u0105czenie odpowiedzialno\u015bci CFD eToro AUS Capital Ltd ACN 612 791 803 AFSL 491139. Instrumenty pochodne OTC to produkty finansowe oparte na wykorzystaniu efektu d\u017awigni finansowej. Obr\u00f3t instrumentami pochodnymi OTC nie powoduje posiadania aktyw\u00f3w bazowych. Handel instrumentami pochodnymi OTC wi\u0105\u017ce si\u0119 z wysokim poziomem ryzyka i mo\u017ce skutkowa\u0107 utrat\u0105 ca\u0142ej inwestycji. W zwi\u0105zku z powy\u017cszym,&hellip;<\/p>\n","protected":false},"author":75,"featured_media":0,"parent":10721,"menu_order":0,"comment_status":"closed","ping_status":"closed","template":"","meta":{"_acf_changed":false,"inline_featured_image":false,"sticky_cta_settings":"","footnotes":""},"asset_type":[],"class_list":["post-334406","page","type-page","status-publish","hentry"],"acf":[],"yoast_head":"<title>Przepisy AUS - Ostrze\u017cenia o ryzyku i Zrzeczenie si\u0119 odpowiedzialno\u015bci | eToro<\/title>\n<meta name=\"description\" content=\"eToro oferuje r\u00f3\u017cne us\u0142ugi finansowe podlegaj\u0105ce przepisom AUS. Przeczytaj ostrze\u017cenia o ryzyku i zrzeczenie si\u0119 odpowiedzialno\u015bci odpowiadaj\u0105ce ka\u017cdej oferowanej us\u0142udze.\" \/>\n<meta name=\"robots\" content=\"index, follow, max-snippet:-1, max-image-preview:large, max-video-preview:-1\" \/>\n<link rel=\"canonical\" href=\"https:\/\/www.etoro.com\/pl\/wp-json\/wp\/v2\/pages\/334406\" \/>\n<meta property=\"og:locale\" content=\"pl_PL\" \/>\n<meta property=\"og:type\" content=\"article\" \/>\n<meta property=\"og:title\" content=\"Przepisy AUS - Ostrze\u017cenia o ryzyku i Zrzeczenie si\u0119 odpowiedzialno\u015bci | eToro\" \/>\n<meta property=\"og:description\" content=\"eToro oferuje r\u00f3\u017cne us\u0142ugi finansowe podlegaj\u0105ce przepisom AUS. Przeczytaj ostrze\u017cenia o ryzyku i zrzeczenie si\u0119 odpowiedzialno\u015bci odpowiadaj\u0105ce ka\u017cdej oferowanej us\u0142udze.\" \/>\n<meta property=\"og:url\" content=\"https:\/\/www.etoro.com\/pl\/wp-json\/wp\/v2\/pages\/334406\" \/>\n<meta property=\"og:site_name\" content=\"eToro\" \/>\n<meta property=\"article:publisher\" content=\"https:\/\/www.facebook.com\/eToro\/\" \/>\n<meta property=\"article:modified_time\" content=\"2022-02-28T08:22:11+00:00\" \/>\n<meta property=\"og:image\" content=\"https:\/\/www.etoro.com\/wp-content\/uploads\/2019\/12\/etoro_logo_social_share1.png\" \/>\n\t<meta property=\"og:image:width\" content=\"240\" \/>\n\t<meta property=\"og:image:height\" content=\"240\" \/>\n\t<meta property=\"og:image:type\" content=\"image\/png\" \/>\n<meta name=\"twitter:card\" content=\"summary_large_image\" \/>\n<meta name=\"twitter:site\" content=\"@eToro\" \/>\n<meta name=\"twitter:label1\" content=\"Est. reading time\" \/>\n\t<meta name=\"twitter:data1\" content=\"3 minutes\" \/>\n<script type=\"application\/ld+json\" class=\"yoast-schema-graph\">{\"@context\":\"https:\/\/schema.org\",\"@graph\":[{\"@type\":\"WebPage\",\"@id\":\"https:\/\/www.etoro.com\/pl\/customer-service\/regulation-license\/aus-risk-warning\/\",\"url\":\"https:\/\/www.etoro.com\/pl\/customer-service\/regulation-license\/aus-risk-warning\/\",\"name\":\"Przepisy AUS - Ostrze\u017cenia o ryzyku i Zrzeczenie si\u0119 odpowiedzialno\u015bci | eToro\",\"isPartOf\":{\"@id\":\"https:\/\/www.etoro.com\/pl\/#website\"},\"datePublished\":\"2021-08-18T06:54:03+00:00\",\"dateModified\":\"2022-02-28T08:22:11+00:00\",\"description\":\"eToro oferuje r\u00f3\u017cne us\u0142ugi finansowe podlegaj\u0105ce przepisom AUS. Przeczytaj ostrze\u017cenia o ryzyku i zrzeczenie si\u0119 odpowiedzialno\u015bci odpowiadaj\u0105ce ka\u017cdej oferowanej us\u0142udze.\",\"breadcrumb\":{\"@id\":\"https:\/\/www.etoro.com\/pl\/customer-service\/regulation-license\/aus-risk-warning\/#breadcrumb\"},\"inLanguage\":\"pl\",\"potentialAction\":[{\"@type\":\"ReadAction\",\"target\":[\"https:\/\/www.etoro.com\/pl\/customer-service\/regulation-license\/aus-risk-warning\/\"]}]},{\"@type\":\"BreadcrumbList\",\"@id\":\"https:\/\/www.etoro.com\/pl\/customer-service\/regulation-license\/aus-risk-warning\/#breadcrumb\",\"itemListElement\":[{\"@type\":\"ListItem\",\"position\":1,\"name\":\"Strona g\u0142\u00f3wna\",\"item\":\"https:\/\/www.etoro.com\/pl\/\"},{\"@type\":\"ListItem\",\"position\":2,\"name\":\"OBS\u0141UGI KLIENTA\",\"item\":\"https:\/\/www.etoro.com\/pl\/customer-service\/\"},{\"@type\":\"ListItem\",\"position\":3,\"name\":\"NADZ\u00d3R I LICENCJA\",\"item\":\"https:\/\/www.etoro.com\/pl\/customer-service\/regulation-license\/\"},{\"@type\":\"ListItem\",\"position\":4,\"name\":\"Rozporz\u0105dzenie AUS \u2013 Zastrze\u017cenia prawne i ostrze\u017cenia przed ryzykiem\"}]},{\"@type\":\"WebSite\",\"@id\":\"https:\/\/www.etoro.com\/pl\/#website\",\"url\":\"https:\/\/www.etoro.com\/pl\/\",\"name\":\"eToro\",\"description\":\"\",\"publisher\":{\"@id\":\"https:\/\/www.etoro.com\/pl\/#organization\"},\"potentialAction\":[{\"@type\":\"SearchAction\",\"target\":{\"@type\":\"EntryPoint\",\"urlTemplate\":\"https:\/\/www.etoro.com\/pl\/?s={search_term_string}\"},\"query-input\":{\"@type\":\"PropertyValueSpecification\",\"valueRequired\":true,\"valueName\":\"search_term_string\"}}],\"inLanguage\":\"pl\"},[]]}<\/script>","yoast_head_json":{"title":"Przepisy AUS - Ostrze\u017cenia o ryzyku i Zrzeczenie si\u0119 odpowiedzialno\u015bci | eToro","description":"eToro oferuje r\u00f3\u017cne us\u0142ugi finansowe podlegaj\u0105ce przepisom AUS. Przeczytaj ostrze\u017cenia o ryzyku i zrzeczenie si\u0119 odpowiedzialno\u015bci odpowiadaj\u0105ce ka\u017cdej oferowanej us\u0142udze.","robots":{"index":"index","follow":"follow","max-snippet":"max-snippet:-1","max-image-preview":"max-image-preview:large","max-video-preview":"max-video-preview:-1"},"canonical":"https:\/\/www.etoro.com\/pl\/wp-json\/wp\/v2\/pages\/334406","og_locale":"pl_PL","og_type":"article","og_title":"Przepisy AUS - Ostrze\u017cenia o ryzyku i Zrzeczenie si\u0119 odpowiedzialno\u015bci | eToro","og_description":"eToro oferuje r\u00f3\u017cne us\u0142ugi finansowe podlegaj\u0105ce przepisom AUS. Przeczytaj ostrze\u017cenia o ryzyku i zrzeczenie si\u0119 odpowiedzialno\u015bci odpowiadaj\u0105ce ka\u017cdej oferowanej us\u0142udze.","og_url":"https:\/\/www.etoro.com\/pl\/wp-json\/wp\/v2\/pages\/334406","og_site_name":"eToro","article_publisher":"https:\/\/www.facebook.com\/eToro\/","article_modified_time":"2022-02-28T08:22:11+00:00","og_image":[{"width":240,"height":240,"url":"https:\/\/www.etoro.com\/wp-content\/uploads\/2019\/12\/etoro_logo_social_share1.png","type":"image\/png"}],"twitter_card":"summary_large_image","twitter_site":"@eToro","twitter_misc":{"Est. reading time":"3 minutes"},"schema":{"@context":"https:\/\/schema.org","@graph":[{"@type":"WebPage","@id":"https:\/\/www.etoro.com\/pl\/customer-service\/regulation-license\/aus-risk-warning\/","url":"https:\/\/www.etoro.com\/pl\/customer-service\/regulation-license\/aus-risk-warning\/","name":"Przepisy AUS - Ostrze\u017cenia o ryzyku i Zrzeczenie si\u0119 odpowiedzialno\u015bci | eToro","isPartOf":{"@id":"https:\/\/www.etoro.com\/pl\/#website"},"datePublished":"2021-08-18T06:54:03+00:00","dateModified":"2022-02-28T08:22:11+00:00","description":"eToro oferuje r\u00f3\u017cne us\u0142ugi finansowe podlegaj\u0105ce przepisom AUS. Przeczytaj ostrze\u017cenia o ryzyku i zrzeczenie si\u0119 odpowiedzialno\u015bci odpowiadaj\u0105ce ka\u017cdej oferowanej us\u0142udze.","breadcrumb":{"@id":"https:\/\/www.etoro.com\/pl\/customer-service\/regulation-license\/aus-risk-warning\/#breadcrumb"},"inLanguage":"pl","potentialAction":[{"@type":"ReadAction","target":["https:\/\/www.etoro.com\/pl\/customer-service\/regulation-license\/aus-risk-warning\/"]}]},{"@type":"BreadcrumbList","@id":"https:\/\/www.etoro.com\/pl\/customer-service\/regulation-license\/aus-risk-warning\/#breadcrumb","itemListElement":[{"@type":"ListItem","position":1,"name":"Strona g\u0142\u00f3wna","item":"https:\/\/www.etoro.com\/pl\/"},{"@type":"ListItem","position":2,"name":"OBS\u0141UGI KLIENTA","item":"https:\/\/www.etoro.com\/pl\/customer-service\/"},{"@type":"ListItem","position":3,"name":"NADZ\u00d3R I LICENCJA","item":"https:\/\/www.etoro.com\/pl\/customer-service\/regulation-license\/"},{"@type":"ListItem","position":4,"name":"Rozporz\u0105dzenie AUS \u2013 Zastrze\u017cenia prawne i ostrze\u017cenia przed ryzykiem"}]},{"@type":"WebSite","@id":"https:\/\/www.etoro.com\/pl\/#website","url":"https:\/\/www.etoro.com\/pl\/","name":"eToro","description":"","publisher":{"@id":"https:\/\/www.etoro.com\/pl\/#organization"},"potentialAction":[{"@type":"SearchAction","target":{"@type":"EntryPoint","urlTemplate":"https:\/\/www.etoro.com\/pl\/?s={search_term_string}"},"query-input":{"@type":"PropertyValueSpecification","valueRequired":true,"valueName":"search_term_string"}}],"inLanguage":"pl"},[]]}},"_links":{"self":[{"href":"https:\/\/www.etoro.com\/pl\/wp-json\/wp\/v2\/pages\/334406"}],"collection":[{"href":"https:\/\/www.etoro.com\/pl\/wp-json\/wp\/v2\/pages"}],"about":[{"href":"https:\/\/www.etoro.com\/pl\/wp-json\/wp\/v2\/types\/page"}],"author":[{"embeddable":true,"href":"https:\/\/www.etoro.com\/pl\/wp-json\/wp\/v2\/users\/75"}],"replies":[{"embeddable":true,"href":"https:\/\/www.etoro.com\/pl\/wp-json\/wp\/v2\/comments?post=334406"}],"version-history":[{"count":0,"href":"https:\/\/www.etoro.com\/pl\/wp-json\/wp\/v2\/pages\/334406\/revisions"}],"up":[{"embeddable":true,"href":"https:\/\/www.etoro.com\/pl\/wp-json\/wp\/v2\/pages\/10721"}],"wp:attachment":[{"href":"https:\/\/www.etoro.com\/pl\/wp-json\/wp\/v2\/media?parent=334406"}],"wp:term":[{"taxonomy":"asset_type","embeddable":true,"href":"https:\/\/www.etoro.com\/pl\/wp-json\/wp\/v2\/asset_type?post=334406"}],"curies":[{"name":"wp","href":"https:\/\/api.w.org\/{rel}","templated":true}]}}