{"id":352255,"date":"2022-03-27T13:52:22","date_gmt":"2022-03-27T10:52:22","guid":{"rendered":"https:\/\/www.etoro.com\/trading\/disruptions\/"},"modified":"2024-08-12T16:34:02","modified_gmt":"2024-08-12T13:34:02","slug":"disruptions","status":"publish","type":"page","link":"https:\/\/www.etoro.com\/pl\/trading\/disruptions\/","title":{"rendered":"Zak\u0142\u00f3cenia w handlu"},"content":{"rendered":"<p>eToro znajduje si\u0119 w centrum rewolucji fintech od ponad dziesi\u0119ciu lat. Z ponad 25 milionami zarejestrowanych u\u017cytkownik\u00f3w, eToro jest przoduj\u0105c\u0105 na \u015bwiecie sieci\u0105 inwestycji spo\u0142eczno\u015bciowych. Na eToro oferujemy u\u017cytkownikom szerok\u0105 gam\u0119 aktyw\u00f3w, kt\u00f3rymi mog\u0105 handlowa\u0107 i w kt\u00f3re mog\u0105 inwestowa\u0107.<\/p>\n<p>Pomimo tego, \u017ce inwestowanie jest obecnie \u0142atwiejsze ni\u017c kiedykolwiek wcze\u015bniej, czasami nie wszystko idzie zgodnie z planem. Na eToro podejmujemy odpowiednie dzia\u0142ania maj\u0105ce na celu zapewnienie naszym u\u017cytkownikom mo\u017cliwie najbezpieczniejszego \u015brodowiska. W zwi\u0105zku z tym, \u017ce zak\u0142\u00f3cenia w handlu czasem si\u0119 zdarzaj\u0105, wyja\u015bniamy na czym one polegaj\u0105 i co mo\u017cna, a czego nie mo\u017cna robi\u0107 w takich sytuacjach.<\/p>\n<h2>Czym s\u0105 zak\u0142\u00f3cenia w handlu?<\/h2>\n<p>Zak\u0142\u00f3cenia w handlu to sytuacje, w kt\u00f3rych rynki przestaj\u0105 funkcjonowa\u0107 w spos\u00f3b regularny. Zwykle charakteryzuje si\u0119 to si\u0119 szybkimi i rozleg\u0142ymi ruchami na rynku. Nie ma jednej, konkretnej przyczyny zak\u0142\u00f3ce\u0144 w handlu. Mog\u0105 one wynika\u0107 z nietypowych transakcji (takich jak krach lub pompa) lub fizycznych zagro\u017ce\u0144 dla gie\u0142d papier\u00f3w warto\u015bciowych, takich jak np. wojna. Bez wzgl\u0119du na przyczyn\u0119, zak\u0142\u00f3cenia w handlu s\u0105 wynikiem nietypowych warunk\u00f3w na rynku, mog\u0105cych powodowa\u0107 panik\u0119 i zak\u0142\u00f3cenia w przeprowadzaniu transakcji.<\/p>\n<p>Po krachu na rynku w 1987 roku zainstalowano przerywacze obwodu (z ang. circuit breakers), limity cenowe oraz inne systemy maj\u0105ce na celu zminimalizowanie ryzyka zwi\u0105zanego z zak\u0142\u00f3ceniami w handlu. Systemy te maj\u0105 na celu wstrzymanie obrotu w przypadku gwa\u0142townych spadk\u00f3w na rynkach.<\/p>\n<h2>Przyk\u0142ady zak\u0142\u00f3ce\u0144 w handlu<\/h2>\n<p>Zak\u0142\u00f3cenia w handlu mog\u0105 zdarzy\u0107 si\u0119, gdy na rynkach wyst\u0105pi drastyczny ruch wywo\u0142any obawami inwestor\u00f3w, \u017ce r\u00f3\u017cne czynniki mog\u0105 spowodowa\u0107 rozleg\u0142e problemy i potencjalnie spowolni\u0107 rynki. Zatrzymania i zak\u0142\u00f3cenia na rynku zdarzaj\u0105 si\u0119 z wielu powod\u00f3w, co wida\u0107 w najnowszej historii.<\/p>\n<p><img loading=\"lazy\" decoding=\"async\" class=\"size-full wp-image-349135 aligncenter\" src=\"https:\/\/www.etoro.com\/wp-content\/uploads\/2022\/03\/22.09.2021_Trading_Disruptions_inability_to_close_positions_during_volatile_market_conditions_1024X342.jpg\" alt=\"\" width=\"1024\" height=\"342\" srcset=\"https:\/\/www.etoro.com\/wp-content\/uploads\/2022\/03\/22.09.2021_Trading_Disruptions_inability_to_close_positions_during_volatile_market_conditions_1024X342.jpg 1024w, https:\/\/www.etoro.com\/wp-content\/uploads\/2022\/03\/22.09.2021_Trading_Disruptions_inability_to_close_positions_during_volatile_market_conditions_1024X342-300x100.jpg 300w, https:\/\/www.etoro.com\/wp-content\/uploads\/2022\/03\/22.09.2021_Trading_Disruptions_inability_to_close_positions_during_volatile_market_conditions_1024X342-768x257.jpg 768w\" sizes=\"(max-width: 1024px) 100vw, 1024px\" \/><\/p>\n<p>Rok 2020 by\u0142 szalonym rokiem dla rynku akcji ze wzgl\u0119du na pojawienie si\u0119 COVID-19 i ogromnego wp\u0142ywu, jaki wywar\u0142 on na ca\u0142y \u015bwiat. W marcu tego roku, po raz pierwszy od 2008 r., Wall Street prze\u017cy\u0142a co\u015b, co mo\u017cna nazwa\u0107 krachem, a trzy g\u0142\u00f3wne indeksy odnotowa\u0142y du\u017ce straty procentowe. 16 marca bie\u017c\u0105cego roku, kr\u00f3tko po otwarciu gie\u0142dy, indeks SPX500 zanotowa\u0142 7% spadek. Zadzia\u0142a\u0142 system przerywaczy obwodu i transakcje zosta\u0142y wstrzymane na 15 minut. By\u0142o to trzecie zatrzymanie w tym tygodniu, po wstrzymaniu w dniach 9 i 12 marca.<\/p>\n<p>Zatrzymania rynku mog\u0105 r\u00f3wnie\u017c by\u0107 spowodowane przez problemy techniczne, np. awaria techniczna z 8 lipca 2015 r., kt\u00f3ra spowodowa\u0142a wstrzymanie transakcji na nowojorskiej gie\u0142dzie na kilka godzin. Tragiczne zdarzenia z 11 wrze\u015bnia 2001 r. r\u00f3wnie\u017c doprowadzi\u0142y do wstrzymania handlu, a rynki pozosta\u0142y zamkni\u0119te do 17 wrze\u015bnia.<\/p>\n<h2>Dlaczego nie mo\u017cna otworzy\u0107 lub zamkn\u0105\u0107 pozycji?<\/h2>\n<h3>Brak p\u0142ynno\u015bci lub niemo\u017cno\u015b\u0107 uzyskania wyceny od naszych dostawc\u00f3w p\u0142ynno\u015bci<\/h3>\n<p>W ka\u017cdym przypadku, gdy u\u017cytkownik chce otworzy\u0107 lub zamkn\u0105\u0107 transakcj\u0119, musi najpierw znale\u017a\u0107 kontrahenta. Oznacza to, \u017ce kto\u015b inny musi chcie\u0107 kupi\u0107 to, co sprzedajesz, i na odwr\u00f3t. Je\u015bli nie mo\u017cna znale\u017a\u0107 kontrahenta, lub w przypadku niewystarczaj\u0105cej liczby kupuj\u0105cych lub sprzedaj\u0105cych na rynku, nie mo\u017cna otworzy\u0107 lub zamkn\u0105\u0107 transakcji. Tak\u0105 sytuacj\u0119 okre\u015blamy mianem \u201ebraku p\u0142ynno\u015bci\u201d.<\/p>\n<h3>Gie\u0142da mo\u017ce wstrzyma\u0107 obr\u00f3t akcjami<\/h3>\n<p>Gie\u0142dy maj\u0105 szerokie uprawnienia w zakresie wstrzymywania obrotu. Mog\u0105 one wstrzyma\u0107 obr\u00f3t okre\u015blonymi akcjami, zazwyczaj z powodu jednego lub kilku z poni\u017cszych przypadk\u00f3w:<\/p>\n<ul>\n<li aria-level=\"1\">Ekstremalna zmienno\u015b\u0107: obr\u00f3t akcjami mo\u017ce zosta\u0107 wstrzymany z powodu nieregularnych transakcji, kt\u00f3re gie\u0142da chce zbada\u0107.<\/li>\n<li aria-level=\"1\">Niska p\u0142ynno\u015b\u0107: obr\u00f3t akcjami mo\u017ce zosta\u0107 wstrzymany z powodu braku lub niskiej p\u0142ynno\u015bci.<\/li>\n<li aria-level=\"1\">Wydarzenia informacyjne: obr\u00f3t akcjami mo\u017ce zosta\u0107 wstrzymany z powodu oczekiwania na wiadomo\u015bci. Na przyk\u0142ad, w przypadku pojawienia si\u0119 informacji na temat danej akcji, gie\u0142da mo\u017ce wstrzyma\u0107 jej notowania na kilka minut, aby da\u0107 inwestorom czas na nadrobienie zaleg\u0142o\u015bci.<\/li>\n<\/ul>\n<h3>Brak mo\u017cliwo\u015bci otwarcia pozycji SPRZEDA\u017bY z powodu braku mo\u017cliwo\u015bci po\u017cyczenia aktyw\u00f3w<\/h3>\n<p><a href=\"https:\/\/www.etoro.com\/pl\/trading\/buy-sell-and-close-position\/\">Short selling (kr\u00f3tka sprzeda\u017c)<\/a> to sytuacja, w kt\u00f3rej inwestor po\u017cycza akcje i sprzedaje je, planuj\u0105c odkupi\u0107 je p\u00f3\u017aniej po ni\u017cszej cenie. Akcje bez mo\u017cliwo\u015bci po\u017cyczenia to akcje, kt\u00f3re nie zostan\u0105 po\u017cyczone osobom zajmuj\u0105cym si\u0119 kr\u00f3tk\u0105 sprzeda\u017c\u0105. Mo\u017ce si\u0119 to zdarzy\u0107, gdy nie ma ch\u0119tnych do ich po\u017cyczenia. Strona sprzeda\u017cy aktywa nie jest dost\u0119pna na platformie eToro, gdy nie mo\u017cna go po\u017cyczy\u0107.<\/p>\n<h3>Skrajna zmienno\u015b\u0107 w r\u00f3\u017cnych klasach aktyw\u00f3w<\/h3>\n<p>Akcje i indeksy to nie jedyne klasy aktyw\u00f3w dost\u0119pne na eToro \u2014 oferujemy r\u00f3wnie\u017c kryptowaluty, pary walutowe, towary oraz fundusze ETF. Platforma eToro ma w\u0142asne przerywacze obwodu (z ang. circuit breakers), aktywne we wszystkich klasach aktyw\u00f3w. Gdy zidentyfikujemy ekstremaln\u0105 zmienno\u015b\u0107 na danym aktywie, mog\u0105 zadzia\u0142a\u0107 przerywacze obwodu i tymczasowo zablokowa\u0107 mo\u017cliwo\u015b\u0107 otwierania \/ zamykania pozycji.<\/p>\n<h3>Przerywacze obwodu (z ang. circuit breakers) na eToro<\/h3>\n<p>Platforma eToro wyposa\u017cona jest w mechanizmy bezpiecze\u0144stwa. Nazywa si\u0119 je przerywaczami obwodu (z ang. circuit breakers), poniewa\u017c s\u0105 \u015brodkami awaryjnymi stosowanymi w celu wstrzymania transakcji w nietypowych przypadkach. S\u0105 one uruchamiane na eToro w nast\u0119puj\u0105cych przypadkach:<\/p>\n<ul>\n<li aria-level=\"1\">Za ka\u017cdym razem, gdy spread jest nadmiernie rozszerzony, uruchamiany jest przerywacz obwodu.\u00a0Oznacza to, \u017ce gdy r\u00f3\u017cnica mi\u0119dzy cen\u0105 kupna a sprzeda\u017cy instrumentu jest zbyt du\u017ca lub nadmiernie rozszerzona, nast\u0119puje wstrzymanie handlu.<\/li>\n<li aria-level=\"1\">Problemy techniczne mog\u0105 r\u00f3wnie\u017c powodowa\u0107 aktywowanie przerywaczy obwodu<\/li>\n<\/ul>\n<h2>Chcesz dowiedzie\u0107 si\u0119 wi\u0119cej?<\/h2>\n<p>Je\u015bli nadal nie masz pewno\u015bci, co robi\u0107 podczas takich przypadk\u00f3w, lub masz pytania dotycz\u0105ce okre\u015blonych wstrzyma\u0144 handlu w czasie rzeczywistym, <a href=\"https:\/\/www.etoro.com\/pl\/customer-service\/\">skontaktuj si\u0119 z nami<\/a>.<\/p>\n\n\t\t<style>\n\t\t\t.rtl .etoro-block-shortcode-disclaimer {\n\t\t\t\ttext-align:right;\n\t\t\t}\n\t\t\t.etoro-block-shortcode-disclaimer {\n\t\t\t\tmargin-bottom:18px;\n\t\t\t\ttext-align:left;\n\t\t\t}\n\t\t\t.etoro-block-shortcode-disclaimer p{\n\t\t\t\tfont-size: 12px;\n\t\t\t\tline-height: 18px;\n\t\t\t}\n\t\t\t@media (min-width: 768px) {\n\t\t\t\t.etoro-block-shortcode-disclaimer {\n\t\t\t\t\tmax-width:1176px;\n\t\t\t\t\ttext-align:center;\n\t\t\t\t}\n\t\t\t\t.etoro-block-shortcode-disclaimer p {\n\t\t\t\t\tfont-size: 14px;\n\t\t\t\t\tline-height: 20px;\n\t\t\t\t}\n\t\t\t}\n\t\t<\/style>\n\t\t<div class='etoro-block-shortcode-disclaimer'><p>Niniejsze tre\u015bci maj\u0105 charakter wy\u0142\u0105cznie edukacyjny i nie powinny by\u0107 traktowane jako porada inwestycyjna, osobista rekomendacja, oferta lub zach\u0119ta do kupna b\u0105d\u017a sprzeda\u017cy jakichkolwiek instrument\u00f3w finansowych.<\/p>\n<p>Podczas przygotowywania niniejszego materia\u0142u nie uwzgl\u0119dniano konkretnych cel\u00f3w inwestycyjnych ani sytuacji finansowej. Nie zosta\u0142 on sporz\u0105dzony zgodnie z wymogami prawnymi i regulacyjnymi dotycz\u0105cymi promowania niezale\u017cnych bada\u0144.<\/p>\n<p><strong>Nie wszystkie instrumenty finansowe i us\u0142ugi, o kt\u00f3rych mowa, s\u0105 oferowane przez eToro<\/strong>, a wszelkie odniesienia do historycznych wynik\u00f3w instrument\u00f3w finansowych, indeks\u00f3w lub konfekcjonowanych produkt\u00f3w inwestycyjnych nie stanowi\u0105 gwarancji przysz\u0142ych wynik\u00f3w i nie nale\u017cy ich w ten spos\u00f3b interpretowa\u0107. <strong>Dost\u0119pno\u015b\u0107 wszystkich wy\u017cej wymienionych produkt\u00f3w i us\u0142ug mo\u017ce r\u00f3\u017cni\u0107 si\u0119 w zale\u017cno\u015bci od jurysdykcji i kraju.<\/strong><\/p>\n<p>eToro nie gwarantuje oraz nie ponosi odpowiedzialno\u015bci wzgl\u0119dem dok\u0142adno\u015bci lub kompletno\u015bci tre\u015bci niniejszego przewodnika. Zanim zainwestujesz jakikolwiek kapita\u0142, upewnij si\u0119, \u017ce rozumiesz ryzyko zwi\u0105zane z jego obrotem. Nigdy nie ryzykuj wi\u0119cej ni\u017c jeste\u015b got\u00f3w straci\u0107.<\/p>\n<\/div>\n","protected":false},"excerpt":{"rendered":"<p>eToro znajduje si\u0119 w centrum rewolucji fintech od ponad dziesi\u0119ciu lat. Z ponad 25 milionami zarejestrowanych u\u017cytkownik\u00f3w, eToro jest przoduj\u0105c\u0105 na \u015bwiecie sieci\u0105 inwestycji spo\u0142eczno\u015bciowych. Na eToro oferujemy u\u017cytkownikom szerok\u0105 gam\u0119 aktyw\u00f3w, kt\u00f3rymi mog\u0105 handlowa\u0107 i w kt\u00f3re mog\u0105 inwestowa\u0107. Pomimo tego, \u017ce inwestowanie jest obecnie \u0142atwiejsze ni\u017c kiedykolwiek wcze\u015bniej, czasami nie wszystko idzie zgodnie&hellip;<\/p>\n","protected":false},"author":39,"featured_media":592293,"parent":18389,"menu_order":0,"comment_status":"closed","ping_status":"closed","template":"","meta":{"_acf_changed":false,"inline_featured_image":false,"sticky_cta_settings":"","footnotes":""},"asset_type":[],"class_list":["post-352255","page","type-page","status-publish","has-post-thumbnail","hentry"],"acf":[],"yoast_head":"<title>Czym s\u0105 zak\u0142\u00f3cenia w handlu? | eToro<\/title>\n<meta name=\"description\" content=\"Istnieje kilka przyczyn zak\u0142\u00f3ce\u0144 w handlu. Tu przeczytasz o zak\u0142\u00f3ceniach, czym s\u0105 one spowodowane, jaki maj\u0105 na nas wp\u0142yw oraz jak sobie z nimi radzimy.\" \/>\n<meta name=\"robots\" content=\"index, follow, max-snippet:-1, max-image-preview:large, max-video-preview:-1\" \/>\n<link rel=\"canonical\" href=\"https:\/\/www.etoro.com\/pl\/wp-json\/wp\/v2\/pages\/352255\" \/>\n<meta property=\"og:locale\" content=\"pl_PL\" \/>\n<meta property=\"og:type\" content=\"article\" \/>\n<meta property=\"og:title\" content=\"Czym s\u0105 zak\u0142\u00f3cenia w handlu? | eToro\" \/>\n<meta property=\"og:description\" content=\"Istnieje kilka przyczyn zak\u0142\u00f3ce\u0144 w handlu. Tu przeczytasz o zak\u0142\u00f3ceniach, czym s\u0105 one spowodowane, jaki maj\u0105 na nas wp\u0142yw oraz jak sobie z nimi radzimy.\" \/>\n<meta property=\"og:url\" content=\"https:\/\/www.etoro.com\/pl\/wp-json\/wp\/v2\/pages\/352255\" \/>\n<meta property=\"og:site_name\" content=\"eToro\" \/>\n<meta property=\"article:publisher\" content=\"https:\/\/www.facebook.com\/eToro\/\" \/>\n<meta property=\"article:modified_time\" content=\"2024-08-12T13:34:02+00:00\" \/>\n<meta property=\"og:image\" content=\"https:\/\/www.etoro.com\/wp-content\/uploads\/2022\/03\/22.09.2021_Trading_Disruptions_inability_to_close_positions_during_volatile_market_conditions_750x600_v1.jpg\" \/>\n\t<meta property=\"og:image:width\" content=\"750\" \/>\n\t<meta property=\"og:image:height\" content=\"600\" \/>\n\t<meta property=\"og:image:type\" content=\"image\/jpeg\" \/>\n<meta name=\"twitter:card\" content=\"summary_large_image\" \/>\n<meta name=\"twitter:image\" content=\"https:\/\/www.etoro.com\/wp-content\/uploads\/2022\/03\/22.09.2021_Trading_Disruptions_inability_to_close_positions_during_volatile_market_conditions_750x600_v1.jpg\" \/>\n<meta name=\"twitter:site\" content=\"@eToro\" \/>\n<meta name=\"twitter:label1\" content=\"Est. reading time\" \/>\n\t<meta name=\"twitter:data1\" content=\"4 minutes\" \/>\n<script type=\"application\/ld+json\" class=\"yoast-schema-graph\">{\"@context\":\"https:\/\/schema.org\",\"@graph\":[{\"@type\":\"WebPage\",\"@id\":\"https:\/\/www.etoro.com\/pl\/trading\/disruptions\/\",\"url\":\"https:\/\/www.etoro.com\/pl\/trading\/disruptions\/\",\"name\":\"Czym s\u0105 zak\u0142\u00f3cenia w handlu? | eToro\",\"isPartOf\":{\"@id\":\"https:\/\/www.etoro.com\/pl\/#website\"},\"primaryImageOfPage\":{\"@id\":\"https:\/\/www.etoro.com\/pl\/trading\/disruptions\/#primaryimage\"},\"image\":{\"@id\":\"https:\/\/www.etoro.com\/pl\/trading\/disruptions\/#primaryimage\"},\"thumbnailUrl\":\"https:\/\/www.etoro.com\/wp-content\/uploads\/2023\/05\/Social-Guide-Trading.png\",\"datePublished\":\"2022-03-27T10:52:22+00:00\",\"dateModified\":\"2024-08-12T13:34:02+00:00\",\"description\":\"Istnieje kilka przyczyn zak\u0142\u00f3ce\u0144 w handlu. Tu przeczytasz o zak\u0142\u00f3ceniach, czym s\u0105 one spowodowane, jaki maj\u0105 na nas wp\u0142yw oraz jak sobie z nimi radzimy.\",\"breadcrumb\":{\"@id\":\"https:\/\/www.etoro.com\/pl\/trading\/disruptions\/#breadcrumb\"},\"inLanguage\":\"pl\",\"potentialAction\":[{\"@type\":\"ReadAction\",\"target\":[\"https:\/\/www.etoro.com\/pl\/trading\/disruptions\/\"]}]},{\"@type\":\"ImageObject\",\"inLanguage\":\"pl\",\"@id\":\"https:\/\/www.etoro.com\/pl\/trading\/disruptions\/#primaryimage\",\"url\":\"https:\/\/www.etoro.com\/wp-content\/uploads\/2023\/05\/Social-Guide-Trading.png\",\"contentUrl\":\"https:\/\/www.etoro.com\/wp-content\/uploads\/2023\/05\/Social-Guide-Trading.png\",\"width\":1200,\"height\":630,\"caption\":\"Social Guide\"},{\"@type\":\"BreadcrumbList\",\"@id\":\"https:\/\/www.etoro.com\/pl\/trading\/disruptions\/#breadcrumb\",\"itemListElement\":[{\"@type\":\"ListItem\",\"position\":1,\"name\":\"Strona g\u0142\u00f3wna\",\"item\":\"https:\/\/www.etoro.com\/pl\/\"},{\"@type\":\"ListItem\",\"position\":2,\"name\":\"Inwestycje kr\u00f3tkoterminowe\",\"item\":\"https:\/\/www.etoro.com\/pl\/trading\/\"},{\"@type\":\"ListItem\",\"position\":3,\"name\":\"Zak\u0142\u00f3cenia w handlu\"}]},{\"@type\":\"WebSite\",\"@id\":\"https:\/\/www.etoro.com\/pl\/#website\",\"url\":\"https:\/\/www.etoro.com\/pl\/\",\"name\":\"eToro\",\"description\":\"\",\"publisher\":{\"@id\":\"https:\/\/www.etoro.com\/pl\/#organization\"},\"potentialAction\":[{\"@type\":\"SearchAction\",\"target\":{\"@type\":\"EntryPoint\",\"urlTemplate\":\"https:\/\/www.etoro.com\/pl\/?s={search_term_string}\"},\"query-input\":{\"@type\":\"PropertyValueSpecification\",\"valueRequired\":true,\"valueName\":\"search_term_string\"}}],\"inLanguage\":\"pl\"},[]]}<\/script>","yoast_head_json":{"title":"Czym s\u0105 zak\u0142\u00f3cenia w handlu? | eToro","description":"Istnieje kilka przyczyn zak\u0142\u00f3ce\u0144 w handlu. Tu przeczytasz o zak\u0142\u00f3ceniach, czym s\u0105 one spowodowane, jaki maj\u0105 na nas wp\u0142yw oraz jak sobie z nimi radzimy.","robots":{"index":"index","follow":"follow","max-snippet":"max-snippet:-1","max-image-preview":"max-image-preview:large","max-video-preview":"max-video-preview:-1"},"canonical":"https:\/\/www.etoro.com\/pl\/wp-json\/wp\/v2\/pages\/352255","og_locale":"pl_PL","og_type":"article","og_title":"Czym s\u0105 zak\u0142\u00f3cenia w handlu? | eToro","og_description":"Istnieje kilka przyczyn zak\u0142\u00f3ce\u0144 w handlu. Tu przeczytasz o zak\u0142\u00f3ceniach, czym s\u0105 one spowodowane, jaki maj\u0105 na nas wp\u0142yw oraz jak sobie z nimi radzimy.","og_url":"https:\/\/www.etoro.com\/pl\/wp-json\/wp\/v2\/pages\/352255","og_site_name":"eToro","article_publisher":"https:\/\/www.facebook.com\/eToro\/","article_modified_time":"2024-08-12T13:34:02+00:00","og_image":[{"width":750,"height":600,"url":"https:\/\/www.etoro.com\/wp-content\/uploads\/2022\/03\/22.09.2021_Trading_Disruptions_inability_to_close_positions_during_volatile_market_conditions_750x600_v1.jpg","type":"image\/jpeg"}],"twitter_card":"summary_large_image","twitter_image":"https:\/\/www.etoro.com\/wp-content\/uploads\/2022\/03\/22.09.2021_Trading_Disruptions_inability_to_close_positions_during_volatile_market_conditions_750x600_v1.jpg","twitter_site":"@eToro","twitter_misc":{"Est. reading time":"4 minutes"},"schema":{"@context":"https:\/\/schema.org","@graph":[{"@type":"WebPage","@id":"https:\/\/www.etoro.com\/pl\/trading\/disruptions\/","url":"https:\/\/www.etoro.com\/pl\/trading\/disruptions\/","name":"Czym s\u0105 zak\u0142\u00f3cenia w handlu? | eToro","isPartOf":{"@id":"https:\/\/www.etoro.com\/pl\/#website"},"primaryImageOfPage":{"@id":"https:\/\/www.etoro.com\/pl\/trading\/disruptions\/#primaryimage"},"image":{"@id":"https:\/\/www.etoro.com\/pl\/trading\/disruptions\/#primaryimage"},"thumbnailUrl":"https:\/\/www.etoro.com\/wp-content\/uploads\/2023\/05\/Social-Guide-Trading.png","datePublished":"2022-03-27T10:52:22+00:00","dateModified":"2024-08-12T13:34:02+00:00","description":"Istnieje kilka przyczyn zak\u0142\u00f3ce\u0144 w handlu. Tu przeczytasz o zak\u0142\u00f3ceniach, czym s\u0105 one spowodowane, jaki maj\u0105 na nas wp\u0142yw oraz jak sobie z nimi radzimy.","breadcrumb":{"@id":"https:\/\/www.etoro.com\/pl\/trading\/disruptions\/#breadcrumb"},"inLanguage":"pl","potentialAction":[{"@type":"ReadAction","target":["https:\/\/www.etoro.com\/pl\/trading\/disruptions\/"]}]},{"@type":"ImageObject","inLanguage":"pl","@id":"https:\/\/www.etoro.com\/pl\/trading\/disruptions\/#primaryimage","url":"https:\/\/www.etoro.com\/wp-content\/uploads\/2023\/05\/Social-Guide-Trading.png","contentUrl":"https:\/\/www.etoro.com\/wp-content\/uploads\/2023\/05\/Social-Guide-Trading.png","width":1200,"height":630,"caption":"Social Guide"},{"@type":"BreadcrumbList","@id":"https:\/\/www.etoro.com\/pl\/trading\/disruptions\/#breadcrumb","itemListElement":[{"@type":"ListItem","position":1,"name":"Strona g\u0142\u00f3wna","item":"https:\/\/www.etoro.com\/pl\/"},{"@type":"ListItem","position":2,"name":"Inwestycje kr\u00f3tkoterminowe","item":"https:\/\/www.etoro.com\/pl\/trading\/"},{"@type":"ListItem","position":3,"name":"Zak\u0142\u00f3cenia w handlu"}]},{"@type":"WebSite","@id":"https:\/\/www.etoro.com\/pl\/#website","url":"https:\/\/www.etoro.com\/pl\/","name":"eToro","description":"","publisher":{"@id":"https:\/\/www.etoro.com\/pl\/#organization"},"potentialAction":[{"@type":"SearchAction","target":{"@type":"EntryPoint","urlTemplate":"https:\/\/www.etoro.com\/pl\/?s={search_term_string}"},"query-input":{"@type":"PropertyValueSpecification","valueRequired":true,"valueName":"search_term_string"}}],"inLanguage":"pl"},[]]}},"_links":{"self":[{"href":"https:\/\/www.etoro.com\/pl\/wp-json\/wp\/v2\/pages\/352255"}],"collection":[{"href":"https:\/\/www.etoro.com\/pl\/wp-json\/wp\/v2\/pages"}],"about":[{"href":"https:\/\/www.etoro.com\/pl\/wp-json\/wp\/v2\/types\/page"}],"author":[{"embeddable":true,"href":"https:\/\/www.etoro.com\/pl\/wp-json\/wp\/v2\/users\/39"}],"replies":[{"embeddable":true,"href":"https:\/\/www.etoro.com\/pl\/wp-json\/wp\/v2\/comments?post=352255"}],"version-history":[{"count":0,"href":"https:\/\/www.etoro.com\/pl\/wp-json\/wp\/v2\/pages\/352255\/revisions"}],"up":[{"embeddable":true,"href":"https:\/\/www.etoro.com\/pl\/wp-json\/wp\/v2\/pages\/18389"}],"wp:featuredmedia":[{"embeddable":true,"href":"https:\/\/www.etoro.com\/pl\/wp-json\/wp\/v2\/media\/592293"}],"wp:attachment":[{"href":"https:\/\/www.etoro.com\/pl\/wp-json\/wp\/v2\/media?parent=352255"}],"wp:term":[{"taxonomy":"asset_type","embeddable":true,"href":"https:\/\/www.etoro.com\/pl\/wp-json\/wp\/v2\/asset_type?post=352255"}],"curies":[{"name":"wp","href":"https:\/\/api.w.org\/{rel}","templated":true}]}}