{"id":554825,"date":"2023-01-22T12:25:55","date_gmt":"2023-01-22T10:25:55","guid":{"rendered":"https:\/\/www.etoro.com\/investing\/portfolios\/partners\/"},"modified":"2025-07-31T11:46:23","modified_gmt":"2025-07-31T08:46:23","slug":"partners","status":"publish","type":"page","link":"https:\/\/www.etoro.com\/pl\/investing\/portfolios\/partners\/","title":{"rendered":"Partner Smart Portfolios"},"content":{"rendered":"","protected":false},"excerpt":{"rendered":"","protected":false},"author":95,"featured_media":544662,"parent":216321,"menu_order":0,"comment_status":"closed","ping_status":"closed","template":"flexible-template.php","meta":{"_acf_changed":false,"inline_featured_image":false,"sticky_cta_settings":"","footnotes":""},"asset_type":[],"class_list":["post-554825","page","type-page","status-publish","has-post-thumbnail","hentry"],"acf":[],"yoast_head":"<title>Partner Smart Portfolios<\/title>\n<meta name=\"description\" content=\"Wsp\u00f3\u0142pracuj z wiod\u0105c\u0105 na \u015bwiecie sieci\u0105 inwestycji spo\u0142ecznych, aby stworzy\u0107 w\u0142asn\u0105, jedyn\u0105 w swoim rodzaju ofert\u0119 inwestycyjn\u0105\" \/>\n<meta name=\"robots\" content=\"index, follow, max-snippet:-1, max-image-preview:large, max-video-preview:-1\" \/>\n<link rel=\"canonical\" href=\"https:\/\/www.etoro.com\/pl\/wp-json\/wp\/v2\/pages\/554825\" \/>\n<meta property=\"og:locale\" content=\"pl_PL\" \/>\n<meta property=\"og:type\" content=\"article\" \/>\n<meta property=\"og:title\" content=\"Partner Smart Portfolios\" \/>\n<meta property=\"og:description\" content=\"Wsp\u00f3\u0142pracuj z wiod\u0105c\u0105 na \u015bwiecie sieci\u0105 inwestycji spo\u0142ecznych, aby stworzy\u0107 w\u0142asn\u0105, jedyn\u0105 w swoim rodzaju ofert\u0119 inwestycyjn\u0105\" \/>\n<meta property=\"og:url\" content=\"https:\/\/www.etoro.com\/pl\/wp-json\/wp\/v2\/pages\/554825\" \/>\n<meta property=\"og:site_name\" content=\"eToro\" \/>\n<meta property=\"article:publisher\" content=\"https:\/\/www.facebook.com\/eToro\/\" \/>\n<meta property=\"article:modified_time\" content=\"2025-07-31T08:46:23+00:00\" \/>\n<meta property=\"og:image\" content=\"https:\/\/www.etoro.com\/wp-content\/uploads\/2023\/01\/Featured-image-1200x630-2.jpg\" \/>\n\t<meta property=\"og:image:width\" content=\"1200\" \/>\n\t<meta property=\"og:image:height\" content=\"630\" \/>\n\t<meta property=\"og:image:type\" content=\"image\/jpeg\" \/>\n<meta name=\"twitter:card\" content=\"summary_large_image\" \/>\n<meta name=\"twitter:site\" content=\"@eToro\" \/>\n<script type=\"application\/ld+json\" class=\"yoast-schema-graph\">{\"@context\":\"https:\/\/schema.org\",\"@graph\":[{\"@type\":\"WebPage\",\"@id\":\"https:\/\/www.etoro.com\/pl\/investing\/portfolios\/partners\/\",\"url\":\"https:\/\/www.etoro.com\/pl\/investing\/portfolios\/partners\/\",\"name\":\"Partner Smart Portfolios\",\"isPartOf\":{\"@id\":\"https:\/\/www.etoro.com\/pl\/#website\"},\"primaryImageOfPage\":{\"@id\":\"https:\/\/www.etoro.com\/pl\/investing\/portfolios\/partners\/#primaryimage\"},\"image\":{\"@id\":\"https:\/\/www.etoro.com\/pl\/investing\/portfolios\/partners\/#primaryimage\"},\"thumbnailUrl\":\"https:\/\/www.etoro.com\/wp-content\/uploads\/2023\/01\/Featured-image-1200x630-2.jpg\",\"datePublished\":\"2023-01-22T10:25:55+00:00\",\"dateModified\":\"2025-07-31T08:46:23+00:00\",\"description\":\"Wsp\u00f3\u0142pracuj z wiod\u0105c\u0105 na \u015bwiecie sieci\u0105 inwestycji spo\u0142ecznych, aby stworzy\u0107 w\u0142asn\u0105, jedyn\u0105 w swoim rodzaju ofert\u0119 inwestycyjn\u0105\",\"breadcrumb\":{\"@id\":\"https:\/\/www.etoro.com\/pl\/investing\/portfolios\/partners\/#breadcrumb\"},\"inLanguage\":\"pl\",\"potentialAction\":[{\"@type\":\"ReadAction\",\"target\":[\"https:\/\/www.etoro.com\/pl\/investing\/portfolios\/partners\/\"]}]},{\"@type\":\"ImageObject\",\"inLanguage\":\"pl\",\"@id\":\"https:\/\/www.etoro.com\/pl\/investing\/portfolios\/partners\/#primaryimage\",\"url\":\"https:\/\/www.etoro.com\/wp-content\/uploads\/2023\/01\/Featured-image-1200x630-2.jpg\",\"contentUrl\":\"https:\/\/www.etoro.com\/wp-content\/uploads\/2023\/01\/Featured-image-1200x630-2.jpg\",\"width\":1200,\"height\":630},{\"@type\":\"BreadcrumbList\",\"@id\":\"https:\/\/www.etoro.com\/pl\/investing\/portfolios\/partners\/#breadcrumb\",\"itemListElement\":[{\"@type\":\"ListItem\",\"position\":1,\"name\":\"Strona g\u0142\u00f3wna\",\"item\":\"https:\/\/www.etoro.com\/pl\/\"},{\"@type\":\"ListItem\",\"position\":2,\"name\":\"Inwestycje d\u0142ugoterminowe\",\"item\":\"https:\/\/www.etoro.com\/pl\/investing\/\"},{\"@type\":\"ListItem\",\"position\":3,\"name\":\"Portfolios\",\"item\":\"https:\/\/www.etoro.com\/pl\/investing\/portfolios\/\"},{\"@type\":\"ListItem\",\"position\":4,\"name\":\"Partners\"}]},{\"@type\":\"WebSite\",\"@id\":\"https:\/\/www.etoro.com\/pl\/#website\",\"url\":\"https:\/\/www.etoro.com\/pl\/\",\"name\":\"eToro\",\"description\":\"\",\"publisher\":{\"@id\":\"https:\/\/www.etoro.com\/pl\/#organization\"},\"potentialAction\":[{\"@type\":\"SearchAction\",\"target\":{\"@type\":\"EntryPoint\",\"urlTemplate\":\"https:\/\/www.etoro.com\/pl\/?s={search_term_string}\"},\"query-input\":{\"@type\":\"PropertyValueSpecification\",\"valueRequired\":true,\"valueName\":\"search_term_string\"}}],\"inLanguage\":\"pl\"},[]]}<\/script>","yoast_head_json":{"title":"Partner Smart Portfolios","description":"Wsp\u00f3\u0142pracuj z wiod\u0105c\u0105 na \u015bwiecie sieci\u0105 inwestycji spo\u0142ecznych, aby stworzy\u0107 w\u0142asn\u0105, jedyn\u0105 w swoim rodzaju ofert\u0119 inwestycyjn\u0105","robots":{"index":"index","follow":"follow","max-snippet":"max-snippet:-1","max-image-preview":"max-image-preview:large","max-video-preview":"max-video-preview:-1"},"canonical":"https:\/\/www.etoro.com\/pl\/wp-json\/wp\/v2\/pages\/554825","og_locale":"pl_PL","og_type":"article","og_title":"Partner Smart Portfolios","og_description":"Wsp\u00f3\u0142pracuj z wiod\u0105c\u0105 na \u015bwiecie sieci\u0105 inwestycji spo\u0142ecznych, aby stworzy\u0107 w\u0142asn\u0105, jedyn\u0105 w swoim rodzaju ofert\u0119 inwestycyjn\u0105","og_url":"https:\/\/www.etoro.com\/pl\/wp-json\/wp\/v2\/pages\/554825","og_site_name":"eToro","article_publisher":"https:\/\/www.facebook.com\/eToro\/","article_modified_time":"2025-07-31T08:46:23+00:00","og_image":[{"width":1200,"height":630,"url":"https:\/\/www.etoro.com\/wp-content\/uploads\/2023\/01\/Featured-image-1200x630-2.jpg","type":"image\/jpeg"}],"twitter_card":"summary_large_image","twitter_site":"@eToro","schema":{"@context":"https:\/\/schema.org","@graph":[{"@type":"WebPage","@id":"https:\/\/www.etoro.com\/pl\/investing\/portfolios\/partners\/","url":"https:\/\/www.etoro.com\/pl\/investing\/portfolios\/partners\/","name":"Partner Smart Portfolios","isPartOf":{"@id":"https:\/\/www.etoro.com\/pl\/#website"},"primaryImageOfPage":{"@id":"https:\/\/www.etoro.com\/pl\/investing\/portfolios\/partners\/#primaryimage"},"image":{"@id":"https:\/\/www.etoro.com\/pl\/investing\/portfolios\/partners\/#primaryimage"},"thumbnailUrl":"https:\/\/www.etoro.com\/wp-content\/uploads\/2023\/01\/Featured-image-1200x630-2.jpg","datePublished":"2023-01-22T10:25:55+00:00","dateModified":"2025-07-31T08:46:23+00:00","description":"Wsp\u00f3\u0142pracuj z wiod\u0105c\u0105 na \u015bwiecie sieci\u0105 inwestycji spo\u0142ecznych, aby stworzy\u0107 w\u0142asn\u0105, jedyn\u0105 w swoim rodzaju ofert\u0119 inwestycyjn\u0105","breadcrumb":{"@id":"https:\/\/www.etoro.com\/pl\/investing\/portfolios\/partners\/#breadcrumb"},"inLanguage":"pl","potentialAction":[{"@type":"ReadAction","target":["https:\/\/www.etoro.com\/pl\/investing\/portfolios\/partners\/"]}]},{"@type":"ImageObject","inLanguage":"pl","@id":"https:\/\/www.etoro.com\/pl\/investing\/portfolios\/partners\/#primaryimage","url":"https:\/\/www.etoro.com\/wp-content\/uploads\/2023\/01\/Featured-image-1200x630-2.jpg","contentUrl":"https:\/\/www.etoro.com\/wp-content\/uploads\/2023\/01\/Featured-image-1200x630-2.jpg","width":1200,"height":630},{"@type":"BreadcrumbList","@id":"https:\/\/www.etoro.com\/pl\/investing\/portfolios\/partners\/#breadcrumb","itemListElement":[{"@type":"ListItem","position":1,"name":"Strona g\u0142\u00f3wna","item":"https:\/\/www.etoro.com\/pl\/"},{"@type":"ListItem","position":2,"name":"Inwestycje d\u0142ugoterminowe","item":"https:\/\/www.etoro.com\/pl\/investing\/"},{"@type":"ListItem","position":3,"name":"Portfolios","item":"https:\/\/www.etoro.com\/pl\/investing\/portfolios\/"},{"@type":"ListItem","position":4,"name":"Partners"}]},{"@type":"WebSite","@id":"https:\/\/www.etoro.com\/pl\/#website","url":"https:\/\/www.etoro.com\/pl\/","name":"eToro","description":"","publisher":{"@id":"https:\/\/www.etoro.com\/pl\/#organization"},"potentialAction":[{"@type":"SearchAction","target":{"@type":"EntryPoint","urlTemplate":"https:\/\/www.etoro.com\/pl\/?s={search_term_string}"},"query-input":{"@type":"PropertyValueSpecification","valueRequired":true,"valueName":"search_term_string"}}],"inLanguage":"pl"},[]]}},"_links":{"self":[{"href":"https:\/\/www.etoro.com\/pl\/wp-json\/wp\/v2\/pages\/554825"}],"collection":[{"href":"https:\/\/www.etoro.com\/pl\/wp-json\/wp\/v2\/pages"}],"about":[{"href":"https:\/\/www.etoro.com\/pl\/wp-json\/wp\/v2\/types\/page"}],"author":[{"embeddable":true,"href":"https:\/\/www.etoro.com\/pl\/wp-json\/wp\/v2\/users\/95"}],"replies":[{"embeddable":true,"href":"https:\/\/www.etoro.com\/pl\/wp-json\/wp\/v2\/comments?post=554825"}],"version-history":[{"count":0,"href":"https:\/\/www.etoro.com\/pl\/wp-json\/wp\/v2\/pages\/554825\/revisions"}],"up":[{"embeddable":true,"href":"https:\/\/www.etoro.com\/pl\/wp-json\/wp\/v2\/pages\/216321"}],"wp:featuredmedia":[{"embeddable":true,"href":"https:\/\/www.etoro.com\/pl\/wp-json\/wp\/v2\/media\/544662"}],"wp:attachment":[{"href":"https:\/\/www.etoro.com\/pl\/wp-json\/wp\/v2\/media?parent=554825"}],"wp:term":[{"taxonomy":"asset_type","embeddable":true,"href":"https:\/\/www.etoro.com\/pl\/wp-json\/wp\/v2\/asset_type?post=554825"}],"curies":[{"name":"wp","href":"https:\/\/api.w.org\/{rel}","templated":true}]}}