{"id":648968,"date":"2023-06-14T10:45:54","date_gmt":"2023-06-14T07:45:54","guid":{"rendered":"https:\/\/www.etoro.com\/crypto\/wallet-fees\/"},"modified":"2026-04-06T11:40:34","modified_gmt":"2026-04-06T08:40:34","slug":"fees","status":"publish","type":"page","link":"https:\/\/www.etoro.com\/pl\/crypto\/wallet\/fees\/","title":{"rendered":"Wallet fees"},"content":{"rendered":"\n<section class=\"wp-block-group wp-block-group-boxed\"><div class=\"wp-block-group-inner is-layout-flow wp-block-group-is-layout-flow\">\n<div class=\"wp-block-columns are-vertically-aligned-top wp-block-columns-1 is-layout-flex wp-container-core-columns-is-layout-1 wp-block-columns-is-layout-flex\">\n<div class=\"wp-block-column is-layout-flow wp-block-column-is-layout-flow\">\n<h3 class=\"wp-block-heading\"><strong>Op\u0142aty za transakcje wysy\u0142ane\/odbierane<\/strong><\/h3>\n\n\n\n<p>Op\u0142ata jest naliczana podczas transferu kryptoaktyw\u00f3w do portfela kryptowalutowego eToro.<\/p>\n\n\n\n<ul class=\"wp-block-list wp-block-list wp-block-list-circle\">\n<li>W przypadku transferu kryptoaktyw\u00f3w z platformy eToro naliczana jest op\u0142ata w wysoko\u015bci 2%.<\/li>\n\n\n\n<li>W przypadku transferu kryptoaktyw\u00f3w z lub do zewn\u0119trznego \u017ar\u00f3d\u0142a, eToro nie pobiera od Ciebie op\u0142aty. Jedyn\u0105 naliczan\u0105 op\u0142at\u0105 jest op\u0142ata za transakcj\u0119 w sieci blockchain. <\/li>\n<\/ul>\n\n\n\n<p>Uwaga: Op\u0142ata ma dolny\/g\u00f3rny limit, szczeg\u00f3\u0142y <a href=\"https:\/\/www.etoro.com\/pl\/crypto\/coin-transfer\/\">tutaj<\/a>.<\/p>\n\n\n\n<h3 class=\"wp-block-heading\"><strong>Limity transakcji wysy\u0142anych<\/strong><\/h3>\n\n\n\n<p>Transakcje dla wszystkich obs\u0142ugiwanych kryptowalut maj\u0105 dopuszczalny maksymalny limit<br>50 000 dolar\u00f3w na jedn\u0105 transakcj\u0119 i ca\u0142kowity limit dzienny 200 000 dolar\u00f3w.<\/p>\n\n\n\n<h3 class=\"wp-block-heading\"><strong>Sprzeda\u017c kryptowalut za GBP\/EUR\/AUD<\/strong><\/h3>\n\n\n\n<p>Op\u0142ata jest pobierana przy sprzeda\u017cy kryptowalut za GBP, EUR, AUD lub USD w Portfelu kryptowalutowym eToro.<\/p>\n\n\n\n<p>Szacowana op\u0142ata zostanie wy\u015bwietlona przed finalizacj\u0105 sprzeda\u017cy.<\/p>\n\n\n\n<p>Zni\u017cka klubowa:<\/p>\n\n\n\n<figure class=\"wp-block-table\"><div class=\"wp-block-table-content\"><div class=\"wp-block-table-content-nav wp-block-table-content-nav-left\"><div class=\"wp-block-table-content-nav-arrow wp-block-table-content-nav-arrow-left\"><\/div><\/div><div class=\"wp-block-table-content-nav wp-block-table-content-nav-right\"><div class=\"wp-block-table-content-nav-arrow wp-block-table-content-nav-arrow-right\"><\/div><\/div><div class=\"wp-block-table-content-table\"><table class=\"has-fixed-layout\"><thead><tr><th class=\"has-text-align-center\" data-align=\"center\"><strong>Silver<\/strong><\/th><th class=\"has-text-align-center\" data-align=\"center\"><strong>Gold &amp; Platinum<\/strong><\/th><th class=\"has-text-align-center\" data-align=\"center\"><strong>Platinum+ &amp; Diamond<\/strong><\/th><\/tr><\/thead><tbody><tr><td class=\"has-text-align-center\" data-align=\"center\">1%<\/td><td class=\"has-text-align-center\" data-align=\"center\">zni\u017cka 20% (0.8%)<\/td><td class=\"has-text-align-center\" data-align=\"center\">zni\u017cka 40% (0.6%)<\/td><\/tr><\/tbody><\/table><\/div><\/div><\/figure>\n\n\n\n<p><a href=\"https:\/\/www.etoro.com\/pl\/trading\/fees\/\">Strona op\u0142at eToro<\/a><\/p>\n\n\n\n<h3 class=\"wp-block-heading\"><strong>Transakcje Ethereum i ERC20<\/strong><\/h3>\n\n\n\n<p>Aby zapewni\u0107 bezpiecze\u0144stwo Twoich aktyw\u00f3w, portfel eToro kryptowalutowego wykorzystuje rozwi\u0105zanie multi-sig umo\u017cliwiaj\u0105ce zawieranie inteligentnych kontrakt\u00f3w w celu u\u0142atwienia transakcji w sieci ethereum. Niestety, nie wszyscy dostawcy portfeli i gie\u0142dy umo\u017cliwiaj\u0105 wysy\u0142anie i odbieranie \u015brodk\u00f3w za po\u015brednictwem inteligentnych kontrakt\u00f3w. Upewnij si\u0119, \u017ce dostawca adresu po stronie odbiorczej obs\u0142uguje transakcje ETH i ERC20 wysy\u0142ane z adres\u00f3w z wieloma podpisami. W przypadku napotkania problem\u00f3w nale\u017cy skontaktowa\u0107 si\u0119 z us\u0142ugodawc\u0105 strony odbieraj\u0105cej.<\/p>\n\n\n\n<h3 class=\"wp-block-heading\"><strong>Otwarcie portfela XRP<\/strong><\/h3>\n\n\n\n<p>Obecnie otwieranie portfela XRP jest elementem procesu transferu monet i jest wolne od op\u0142at.<\/p>\n\n\n\n<h3 class=\"wp-block-heading\"><strong>Otwarcie portfela XLM<\/strong><\/h3>\n\n\n\n<p>Blockchain Stellar wymaga minimalnego nieu\u017cytkowego depozytu w wysoko\u015bci 2,5 XLM w celu aktywacji portfela XLM. Po wp\u0142aceniu depozytu portfel jest aktywowany i mo\u017cna go zobaczy\u0107 na blockchainie Stellar.<\/p>\n\n\n\n<h3 class=\"wp-block-heading\"><strong>Otwarcie portfela ETH<\/strong><\/h3>\n\n\n\n<p>Obecnie otwarcie portfela ETH jest mo\u017cliwe w ramach procesu transferu monet i jest wolne od op\u0142at. Tokeny ERC20 s\u0105 obs\u0142ugiwane przez u\u017cytkownik\u00f3w, kt\u00f3rzy ju\u017c posiadaj\u0105 takie portfele. Nowe portfele ERC20 nie s\u0105 obecnie dost\u0119pne.<\/p>\n\n\n\n<p>Zapoznaj si\u0119 z regulaminem portfela <a class=\"link\" href=\"https:\/\/www.etoro.com\/customer-service\/terms-conditions\/#etoro-money:~:text=eToro%20Money%20crypto%20wallet\" target=\"{{target}}\" rel=\"noopener\">tutaj<\/a>.<\/p>\n\n\n\n<p>Portfel jest dostarczany przez eToroX Limited (&#8220;eToroX&#8221;), sp\u00f3\u0142k\u0119 z ograniczon\u0105 odpowiedzialno\u015bci\u0105 zarejestrowan\u0105 w Gibraltarze pod numerem 116348, z siedzib\u0105 pod adresem 57\/63 Line Wall Road, Gibraltar. eToroX jest regulowanym dostawc\u0105 technologii rozproszonego rejestru (DLT), posiadaj\u0105cym licencj\u0119 wydan\u0105 przez Komisj\u0119 Us\u0142ug Finansowych Gibraltaru (Gibraltar Financial Services Commission) na podstawie ustawy o us\u0142ugach inwestycyjnych i finansowych us\u0142ugach powierniczych (Investments and Financial Fiduciary Services Act), z numerem licencji FSC1333B.<\/p>\n<\/div>\n<\/div>\n<\/div><\/section>\n","protected":false},"excerpt":{"rendered":"<p>Op\u0142aty za transakcje wysy\u0142ane\/odbierane Op\u0142ata jest naliczana podczas transferu kryptoaktyw\u00f3w do portfela kryptowalutowego eToro. Uwaga: Op\u0142ata ma dolny\/g\u00f3rny limit, szczeg\u00f3\u0142y tutaj. Limity transakcji wysy\u0142anych Transakcje dla wszystkich obs\u0142ugiwanych kryptowalut maj\u0105 dopuszczalny maksymalny limit50 000 dolar\u00f3w na jedn\u0105 transakcj\u0119 i ca\u0142kowity limit dzienny 200 000 dolar\u00f3w. Sprzeda\u017c kryptowalut za GBP\/EUR\/AUD Op\u0142ata jest pobierana przy sprzeda\u017cy kryptowalut&hellip;<\/p>\n","protected":false},"author":75,"featured_media":623885,"parent":128499,"menu_order":0,"comment_status":"closed","ping_status":"closed","template":"","meta":{"_acf_changed":false,"inline_featured_image":false,"sticky_cta_settings":"","footnotes":""},"asset_type":[],"class_list":["post-648968","page","type-page","status-publish","has-post-thumbnail","hentry"],"acf":[],"yoast_head":"<title>Op\u0142aty za portfel kryptowalutowy eToro<\/title>\n<meta name=\"description\" content=\"Wyczerpuj\u0105ce wyja\u015bnienie op\u0142at za korzystanie z portfela kryptowalutowego eToro, w tym konwersji, limit\u00f3w wysy\u0142anych transakcji oraz og\u00f3lnego\/specyficznego tworzenia portfela.\" \/>\n<meta name=\"robots\" content=\"index, follow, max-snippet:-1, max-image-preview:large, max-video-preview:-1\" \/>\n<link rel=\"canonical\" href=\"https:\/\/www.etoro.com\/pl\/wp-json\/wp\/v2\/pages\/648968\" \/>\n<meta property=\"og:locale\" content=\"pl_PL\" \/>\n<meta property=\"og:type\" content=\"article\" \/>\n<meta property=\"og:title\" content=\"Op\u0142aty za portfel kryptowalutowy eToro\" \/>\n<meta property=\"og:description\" content=\"Wyczerpuj\u0105ce wyja\u015bnienie op\u0142at za korzystanie z portfela kryptowalutowego eToro, w tym konwersji, limit\u00f3w wysy\u0142anych transakcji oraz og\u00f3lnego\/specyficznego tworzenia portfela.\" \/>\n<meta property=\"og:url\" content=\"https:\/\/www.etoro.com\/pl\/wp-json\/wp\/v2\/pages\/648968\" \/>\n<meta property=\"og:site_name\" content=\"eToro\" \/>\n<meta property=\"article:publisher\" content=\"https:\/\/www.facebook.com\/eToro\/\" \/>\n<meta property=\"article:modified_time\" content=\"2026-04-06T08:40:34+00:00\" \/>\n<meta property=\"og:image\" content=\"https:\/\/www.etoro.com\/wp-content\/uploads\/2023\/06\/Wallet-fees.jpg\" \/>\n\t<meta property=\"og:image:width\" content=\"1200\" \/>\n\t<meta property=\"og:image:height\" content=\"630\" \/>\n\t<meta property=\"og:image:type\" content=\"image\/jpeg\" \/>\n<meta name=\"twitter:card\" content=\"summary_large_image\" \/>\n<meta name=\"twitter:site\" content=\"@eToro\" \/>\n<meta name=\"twitter:label1\" content=\"Est. reading time\" \/>\n\t<meta name=\"twitter:data1\" content=\"2 minutes\" \/>\n<script type=\"application\/ld+json\" class=\"yoast-schema-graph\">{\"@context\":\"https:\/\/schema.org\",\"@graph\":[{\"@type\":\"WebPage\",\"@id\":\"https:\/\/www.etoro.com\/pl\/crypto\/wallet\/fees\/\",\"url\":\"https:\/\/www.etoro.com\/pl\/crypto\/wallet\/fees\/\",\"name\":\"Op\u0142aty za portfel kryptowalutowy eToro\",\"isPartOf\":{\"@id\":\"https:\/\/www.etoro.com\/pl\/#website\"},\"primaryImageOfPage\":{\"@id\":\"https:\/\/www.etoro.com\/pl\/crypto\/wallet\/fees\/#primaryimage\"},\"image\":{\"@id\":\"https:\/\/www.etoro.com\/pl\/crypto\/wallet\/fees\/#primaryimage\"},\"thumbnailUrl\":\"https:\/\/www.etoro.com\/wp-content\/uploads\/2023\/06\/Wallet-fees.jpg\",\"datePublished\":\"2023-06-14T07:45:54+00:00\",\"dateModified\":\"2026-04-06T08:40:34+00:00\",\"description\":\"Wyczerpuj\u0105ce wyja\u015bnienie op\u0142at za korzystanie z portfela kryptowalutowego eToro, w tym konwersji, limit\u00f3w wysy\u0142anych transakcji oraz og\u00f3lnego\/specyficznego tworzenia portfela.\",\"breadcrumb\":{\"@id\":\"https:\/\/www.etoro.com\/pl\/crypto\/wallet\/fees\/#breadcrumb\"},\"inLanguage\":\"pl\",\"potentialAction\":[{\"@type\":\"ReadAction\",\"target\":[\"https:\/\/www.etoro.com\/pl\/crypto\/wallet\/fees\/\"]}]},{\"@type\":\"ImageObject\",\"inLanguage\":\"pl\",\"@id\":\"https:\/\/www.etoro.com\/pl\/crypto\/wallet\/fees\/#primaryimage\",\"url\":\"https:\/\/www.etoro.com\/wp-content\/uploads\/2023\/06\/Wallet-fees.jpg\",\"contentUrl\":\"https:\/\/www.etoro.com\/wp-content\/uploads\/2023\/06\/Wallet-fees.jpg\",\"width\":1200,\"height\":630,\"caption\":\"Wallet Fees\"},{\"@type\":\"BreadcrumbList\",\"@id\":\"https:\/\/www.etoro.com\/pl\/crypto\/wallet\/fees\/#breadcrumb\",\"itemListElement\":[{\"@type\":\"ListItem\",\"position\":1,\"name\":\"Strona g\u0142\u00f3wna\",\"item\":\"https:\/\/www.etoro.com\/pl\/\"},{\"@type\":\"ListItem\",\"position\":2,\"name\":\"One-stop crypto\",\"item\":\"https:\/\/www.etoro.com\/pl\/crypto\/\"},{\"@type\":\"ListItem\",\"position\":3,\"name\":\"Portfel eToro Wallet\",\"item\":\"https:\/\/www.etoro.com\/pl\/crypto\/wallet\/\"},{\"@type\":\"ListItem\",\"position\":4,\"name\":\"Wallet fees\"}]},{\"@type\":\"WebSite\",\"@id\":\"https:\/\/www.etoro.com\/pl\/#website\",\"url\":\"https:\/\/www.etoro.com\/pl\/\",\"name\":\"eToro\",\"description\":\"\",\"publisher\":{\"@id\":\"https:\/\/www.etoro.com\/pl\/#organization\"},\"potentialAction\":[{\"@type\":\"SearchAction\",\"target\":{\"@type\":\"EntryPoint\",\"urlTemplate\":\"https:\/\/www.etoro.com\/pl\/?s={search_term_string}\"},\"query-input\":{\"@type\":\"PropertyValueSpecification\",\"valueRequired\":true,\"valueName\":\"search_term_string\"}}],\"inLanguage\":\"pl\"},[]]}<\/script>","yoast_head_json":{"title":"Op\u0142aty za portfel kryptowalutowy eToro","description":"Wyczerpuj\u0105ce wyja\u015bnienie op\u0142at za korzystanie z portfela kryptowalutowego eToro, w tym konwersji, limit\u00f3w wysy\u0142anych transakcji oraz og\u00f3lnego\/specyficznego tworzenia portfela.","robots":{"index":"index","follow":"follow","max-snippet":"max-snippet:-1","max-image-preview":"max-image-preview:large","max-video-preview":"max-video-preview:-1"},"canonical":"https:\/\/www.etoro.com\/pl\/wp-json\/wp\/v2\/pages\/648968","og_locale":"pl_PL","og_type":"article","og_title":"Op\u0142aty za portfel kryptowalutowy eToro","og_description":"Wyczerpuj\u0105ce wyja\u015bnienie op\u0142at za korzystanie z portfela kryptowalutowego eToro, w tym konwersji, limit\u00f3w wysy\u0142anych transakcji oraz og\u00f3lnego\/specyficznego tworzenia portfela.","og_url":"https:\/\/www.etoro.com\/pl\/wp-json\/wp\/v2\/pages\/648968","og_site_name":"eToro","article_publisher":"https:\/\/www.facebook.com\/eToro\/","article_modified_time":"2026-04-06T08:40:34+00:00","og_image":[{"width":1200,"height":630,"url":"https:\/\/www.etoro.com\/wp-content\/uploads\/2023\/06\/Wallet-fees.jpg","type":"image\/jpeg"}],"twitter_card":"summary_large_image","twitter_site":"@eToro","twitter_misc":{"Est. reading time":"2 minutes"},"schema":{"@context":"https:\/\/schema.org","@graph":[{"@type":"WebPage","@id":"https:\/\/www.etoro.com\/pl\/crypto\/wallet\/fees\/","url":"https:\/\/www.etoro.com\/pl\/crypto\/wallet\/fees\/","name":"Op\u0142aty za portfel kryptowalutowy eToro","isPartOf":{"@id":"https:\/\/www.etoro.com\/pl\/#website"},"primaryImageOfPage":{"@id":"https:\/\/www.etoro.com\/pl\/crypto\/wallet\/fees\/#primaryimage"},"image":{"@id":"https:\/\/www.etoro.com\/pl\/crypto\/wallet\/fees\/#primaryimage"},"thumbnailUrl":"https:\/\/www.etoro.com\/wp-content\/uploads\/2023\/06\/Wallet-fees.jpg","datePublished":"2023-06-14T07:45:54+00:00","dateModified":"2026-04-06T08:40:34+00:00","description":"Wyczerpuj\u0105ce wyja\u015bnienie op\u0142at za korzystanie z portfela kryptowalutowego eToro, w tym konwersji, limit\u00f3w wysy\u0142anych transakcji oraz og\u00f3lnego\/specyficznego tworzenia portfela.","breadcrumb":{"@id":"https:\/\/www.etoro.com\/pl\/crypto\/wallet\/fees\/#breadcrumb"},"inLanguage":"pl","potentialAction":[{"@type":"ReadAction","target":["https:\/\/www.etoro.com\/pl\/crypto\/wallet\/fees\/"]}]},{"@type":"ImageObject","inLanguage":"pl","@id":"https:\/\/www.etoro.com\/pl\/crypto\/wallet\/fees\/#primaryimage","url":"https:\/\/www.etoro.com\/wp-content\/uploads\/2023\/06\/Wallet-fees.jpg","contentUrl":"https:\/\/www.etoro.com\/wp-content\/uploads\/2023\/06\/Wallet-fees.jpg","width":1200,"height":630,"caption":"Wallet Fees"},{"@type":"BreadcrumbList","@id":"https:\/\/www.etoro.com\/pl\/crypto\/wallet\/fees\/#breadcrumb","itemListElement":[{"@type":"ListItem","position":1,"name":"Strona g\u0142\u00f3wna","item":"https:\/\/www.etoro.com\/pl\/"},{"@type":"ListItem","position":2,"name":"One-stop crypto","item":"https:\/\/www.etoro.com\/pl\/crypto\/"},{"@type":"ListItem","position":3,"name":"Portfel eToro Wallet","item":"https:\/\/www.etoro.com\/pl\/crypto\/wallet\/"},{"@type":"ListItem","position":4,"name":"Wallet fees"}]},{"@type":"WebSite","@id":"https:\/\/www.etoro.com\/pl\/#website","url":"https:\/\/www.etoro.com\/pl\/","name":"eToro","description":"","publisher":{"@id":"https:\/\/www.etoro.com\/pl\/#organization"},"potentialAction":[{"@type":"SearchAction","target":{"@type":"EntryPoint","urlTemplate":"https:\/\/www.etoro.com\/pl\/?s={search_term_string}"},"query-input":{"@type":"PropertyValueSpecification","valueRequired":true,"valueName":"search_term_string"}}],"inLanguage":"pl"},[]]}},"_links":{"self":[{"href":"https:\/\/www.etoro.com\/pl\/wp-json\/wp\/v2\/pages\/648968"}],"collection":[{"href":"https:\/\/www.etoro.com\/pl\/wp-json\/wp\/v2\/pages"}],"about":[{"href":"https:\/\/www.etoro.com\/pl\/wp-json\/wp\/v2\/types\/page"}],"author":[{"embeddable":true,"href":"https:\/\/www.etoro.com\/pl\/wp-json\/wp\/v2\/users\/75"}],"replies":[{"embeddable":true,"href":"https:\/\/www.etoro.com\/pl\/wp-json\/wp\/v2\/comments?post=648968"}],"version-history":[{"count":0,"href":"https:\/\/www.etoro.com\/pl\/wp-json\/wp\/v2\/pages\/648968\/revisions"}],"up":[{"embeddable":true,"href":"https:\/\/www.etoro.com\/pl\/wp-json\/wp\/v2\/pages\/128499"}],"wp:featuredmedia":[{"embeddable":true,"href":"https:\/\/www.etoro.com\/pl\/wp-json\/wp\/v2\/media\/623885"}],"wp:attachment":[{"href":"https:\/\/www.etoro.com\/pl\/wp-json\/wp\/v2\/media?parent=648968"}],"wp:term":[{"taxonomy":"asset_type","embeddable":true,"href":"https:\/\/www.etoro.com\/pl\/wp-json\/wp\/v2\/asset_type?post=648968"}],"curies":[{"name":"wp","href":"https:\/\/api.w.org\/{rel}","templated":true}]}}