{"id":673582,"date":"2023-07-26T16:17:58","date_gmt":"2023-07-26T13:17:58","guid":{"rendered":"https:\/\/www.etoro.com\/customer-service\/trading-restriction\/"},"modified":"2023-10-19T18:04:00","modified_gmt":"2023-10-19T15:04:00","slug":"trading-restriction","status":"publish","type":"page","link":"https:\/\/www.etoro.com\/pl\/customer-service\/terms-conditions\/trading-restriction\/","title":{"rendered":"Aktualizacja handlowa"},"content":{"rendered":"\n<section class=\"wp-block-group wp-block-group-boxed has-white-background-color has-background\"><div class=\"wp-block-group-inner is-layout-flow wp-block-group-is-layout-flow\">\n<div class=\"wp-block-columns are-vertically-aligned-top wp-block-columns-1 wp-block-columns-size-14 is-layout-flex wp-container-core-columns-is-layout-1 wp-block-columns-is-layout-flex\">\n<div class=\"wp-block-column wp-block-column-align-desktop-center wp-block-column-align-mobile-left is-layout-flow wp-block-column-is-layout-flow\">\n<h2 class=\"wp-block-heading has-text-align-center\">Ograniczenie handlu kryptowalutami<\/h2>\n\n\n\n<p class=\"has-text-align-center\">Ze wzgl\u0119du na potencjalne straty, Urz\u0105d Nadzoru Finansowego (FCA) uwa\u017ca t\u0119 inwestycj\u0119 za obarczon\u0105 wysokim ryzykiem.<\/p>\n<\/div>\n<\/div>\n<\/div><\/section>\n\n\n\n<section class=\"wp-block-group wp-block-group-boxed\"><div class=\"wp-block-group-inner is-layout-flow wp-block-group-is-layout-flow\">\n<div class=\"wp-block-columns are-vertically-aligned-top wp-block-columns-1 wp-block-columns-size-14 is-layout-flex wp-container-core-columns-is-layout-2 wp-block-columns-is-layout-flex\">\n<div class=\"wp-block-column is-layout-flow wp-block-column-is-layout-flow\">\n<h2 class=\"wp-block-heading\">Jakie s\u0105 <strong>najwi\u0119ksze zagro\u017cenia?<\/strong><\/h2>\n\n\n\n<h3 class=\"wp-block-heading\">1. Mo\u017cesz straci\u0107 ca\u0142\u0105 zainwestowan\u0105 kwot\u0119.<\/h3>\n\n\n\n<ul class=\"wp-block-list wp-block-list-circle\">\n<li>Wyniki wi\u0119kszo\u015bci aktyw\u00f3w kryptograficznych mog\u0105 by\u0107 bardzo zmienne, a ich warto\u015b\u0107 mo\u017ce spada\u0107 r\u00f3wnie szybko, jak wzrasta\u0107. Powiniene\u015b by\u0107 przygotowany na utrat\u0119 wszystkich \u015brodk\u00f3w pieni\u0119\u017cnych zainwestowanych w aktywa kryptograficzne.<\/li>\n\n\n\n<li>Rynek aktyw\u00f3w kryptograficznych jest w du\u017cej mierze nieuregulowany. Istnieje ryzyko utraty pieni\u0119dzy lub jakichkolwiek zakupionych aktyw\u00f3w kryptograficznych ze wzgl\u0119du na ryzyko, np. zwi\u0105zane z cyberatakami, przest\u0119pstwami finansowymi i upad\u0142o\u015bci\u0105 firmy.<\/li>\n<\/ul>\n<\/div>\n<\/div>\n<\/div><\/section>\n\n\n\n<section class=\"wp-block-group wp-block-group-boxed has-white-background-color has-background\"><div class=\"wp-block-group-inner is-layout-flow wp-block-group-is-layout-flow\">\n<div class=\"wp-block-columns are-vertically-aligned-top wp-block-columns-1 wp-block-columns-size-14 is-layout-flex wp-container-core-columns-is-layout-3 wp-block-columns-is-layout-flex\">\n<div class=\"wp-block-column is-layout-flow wp-block-column-is-layout-flow\">\n<h3 class=\"wp-block-heading\">2. Nie powiniene\u015b oczekiwa\u0107 ochrony, je\u015bli co\u015b p\u00f3jdzie nie tak.<\/h3>\n\n\n\n<ul class=\"wp-block-list wp-block-list-circle\">\n<li>System rekompensat za us\u0142ugi finansowe (FSCS) nie chroni tego typu inwestycji, poniewa\u017c nie jest to &#8220;inwestycja wyszczeg\u00f3lniona&#8221; w ramach brytyjskiego systemu regulacyjnego &#8211; innymi s\u0142owy, ten rodzaj inwestycji nie jest uznawany za taki, kt\u00f3ry mo\u017ce by\u0107 obj\u0119ty ochron\u0105 FSCS. Dowiedz si\u0119 wi\u0119cej, korzystaj\u0105c z tego narz\u0119dzia do sprawdzania zabezpieczenia inwestycji FSCS. [<a href=\"https:\/\/www.fscs.org.uk\/check\/investment-protection-checker\" rel=\"nofollow noopener noreferrer\" >https:\/\/www.fscs.org.uk\/check\/investment-protection-checker<\/a>].<\/li>\n\n\n\n<li>Biuro Rzecznika ds. Finansowych (FOS) nie b\u0119dzie mog\u0142o rozpatrywa\u0107 skarg zwi\u0105zanych z t\u0105 firm\u0105 lub ochrona ze strony Biura Rzecznika ds. Finansowych (FOS) nie obejmuje s\u0142abych wynik\u00f3w inwestycyjnych. Je\u015bli masz skarg\u0119 przeciwko firmie regulowanej przez FCA, FOS mo\u017ce by\u0107 w stanie j\u0105 rozpatrzy\u0107. Po wi\u0119cej informacji na temat ochrony FOS odsy\u0142amy tutaj. [<a href=\"https:\/\/www.financial-ombudsman.org.uk\/consumers\" rel=\"nofollow noopener noreferrer\" >https:\/\/www.financial-ombudsman.org.uk\/consumers<\/a>].<\/li>\n<\/ul>\n<\/div>\n<\/div>\n<\/div><\/section>\n\n\n\n<section class=\"wp-block-group wp-block-group-boxed\"><div class=\"wp-block-group-inner is-layout-flow wp-block-group-is-layout-flow\">\n<div class=\"wp-block-columns are-vertically-aligned-top wp-block-columns-1 wp-block-columns-size-14 is-layout-flex wp-container-core-columns-is-layout-4 wp-block-columns-is-layout-flex\">\n<div class=\"wp-block-column is-layout-flow wp-block-column-is-layout-flow\">\n<h3 class=\"wp-block-heading\">3. Mo\u017cesz nie by\u0107 w stanie sprzeda\u0107 swojej inwestycji, kiedy zechcesz.<\/h3>\n\n\n\n<ul class=\"wp-block-list wp-block-list-circle\">\n<li>Nie ma gwarancji, \u017ce inwestycje w kryptoaktywa b\u0119dzie mo\u017cna \u0142atwo sprzeda\u0107 w dowolnym momencie. Mo\u017cliwo\u015b\u0107 sprzeda\u017cy aktyw\u00f3w kryptograficznych zale\u017cy od r\u00f3\u017cnych czynnik\u00f3w, w tym poda\u017cy i popytu na rynku w danym momencie.<\/li>\n\n\n\n<li>Awarie operacyjne, takie jak awarie techniczne, cyberataki i przemieszanie aktyw\u00f3w, mog\u0105 powodowa\u0107 niepo\u017c\u0105dane op\u00f3\u017anienia, a u\u017cytkownik mo\u017ce nie by\u0107 w stanie sprzeda\u0107 swoich kryptoaktyw\u00f3w w wybranym przez siebie momencie.<\/li>\n<\/ul>\n<\/div>\n<\/div>\n<\/div><\/section>\n\n\n\n<section class=\"wp-block-group wp-block-group-boxed has-white-background-color has-background\"><div class=\"wp-block-group-inner is-layout-flow wp-block-group-is-layout-flow\">\n<div class=\"wp-block-columns are-vertically-aligned-top wp-block-columns-1 wp-block-columns-size-14 is-layout-flex wp-container-core-columns-is-layout-5 wp-block-columns-is-layout-flex\">\n<div class=\"wp-block-column is-layout-flow wp-block-column-is-layout-flow\">\n<h3 class=\"wp-block-heading\">4. Inwestycje w kryptowaluty mog\u0105 by\u0107 z\u0142o\u017cone.<\/h3>\n\n\n\n<ul class=\"wp-block-list wp-block-list-circle\">\n<li>Inwestycje w kryptoaktywa mog\u0105 by\u0107 z\u0142o\u017cone, co utrudnia zrozumienie ryzyka zwi\u0105zanego z inwestycj\u0105.<\/li>\n\n\n\n<li>Przed dokonaniem inwestycji nale\u017cy przeprowadzi\u0107 w\u0142asn\u0105 analiz\u0119. Je\u015bli co\u015b brzmi zbyt dobrze, by mog\u0142o by\u0107 prawdziwe, to prawdopodobnie takie jest.<\/li>\n<\/ul>\n<\/div>\n<\/div>\n<\/div><\/section>\n\n\n\n<section class=\"wp-block-group wp-block-group-boxed\"><div class=\"wp-block-group-inner is-layout-flow wp-block-group-is-layout-flow\">\n<div class=\"wp-block-columns are-vertically-aligned-top wp-block-columns-1 wp-block-columns-size-14 is-layout-flex wp-container-core-columns-is-layout-6 wp-block-columns-is-layout-flex\">\n<div class=\"wp-block-column is-layout-flow wp-block-column-is-layout-flow\">\n<h3 class=\"wp-block-heading\">5. Nie stawiaj wszystkiego na jedn\u0105 kart\u0119.<\/h3>\n\n\n\n<ul class=\"wp-block-list wp-block-list-circle\">\n<li>Inwestowanie wszystkich \u015brodk\u00f3w w jeden rodzaj inwestycji jest ryzykowne. Roz\u0142o\u017cenie pieni\u0119dzy na r\u00f3\u017cne inwestycje pozwala zmniejszy\u0107 zale\u017cno\u015b\u0107 od jednej z nich.<\/li>\n\n\n\n<li>Nieinwestowanie wi\u0119cej ni\u017c 10% swoich \u015brodk\u00f3w w inwestycje wysokiego ryzyka jest dobr\u0105 zasad\u0105. [<a href=\"https:\/\/www.fca.org.uk\/investsmart\/5-questions-ask-you-invest\" rel=\"nofollow noopener noreferrer\" >https:\/\/www.fca.org.uk\/investsmart\/5-questions-ask-you-invest<\/a>]<\/li>\n<\/ul>\n\n\n\n<p class=\"is-style-default\">Je\u015bli chcesz dowiedzie\u0107 si\u0119 wi\u0119cej o tym, jak si\u0119 chroni\u0107, odwied\u017a stron\u0119 internetow\u0105 FCA. [<a href=\"https:\/\/www.fca.org.uk\/investsmart\" rel=\"nofollow noopener noreferrer\" >https:\/\/www.fca.org.uk\/investsmart<\/a>]<\/p>\n\n\n\n<p class=\"is-style-default\">Wi\u0119cej informacji na temat kryptoaktyw\u00f3w mo\u017cna znale\u017a\u0107 na <a href=\"https:\/\/www.fca.org.uk\/investsmart\/crypto-basics\" rel=\"nofollow noopener noreferrer\"  target=\"_blank\" rel=\"noreferrer noopener\">stronie internetowej FCA<\/a>. [<a href=\"https:\/\/www.fca.org.uk\/investsmart\/crypto-basics\" rel=\"nofollow noopener noreferrer\" >https:\/\/www.fca.org.uk\/investsmart\/crypto-basics<\/a>]<\/p>\n<\/div>\n<\/div>\n<\/div><\/section>\n","protected":false},"excerpt":{"rendered":"<p>Ograniczenie handlu kryptowalutami Ze wzgl\u0119du na potencjalne straty, Urz\u0105d Nadzoru Finansowego (FCA) uwa\u017ca t\u0119 inwestycj\u0119 za obarczon\u0105 wysokim ryzykiem. Jakie s\u0105 najwi\u0119ksze zagro\u017cenia? 1. Mo\u017cesz straci\u0107 ca\u0142\u0105 zainwestowan\u0105 kwot\u0119. 2. Nie powiniene\u015b oczekiwa\u0107 ochrony, je\u015bli co\u015b p\u00f3jdzie nie tak. 3. Mo\u017cesz nie by\u0107 w stanie sprzeda\u0107 swojej inwestycji, kiedy zechcesz. 4. Inwestycje w kryptowaluty mog\u0105&hellip;<\/p>\n","protected":false},"author":119,"featured_media":673683,"parent":10769,"menu_order":0,"comment_status":"closed","ping_status":"closed","template":"","meta":{"_acf_changed":false,"inline_featured_image":false,"sticky_cta_settings":"","footnotes":""},"asset_type":[],"class_list":["post-673582","page","type-page","status-publish","has-post-thumbnail","hentry"],"acf":[],"yoast_head":"<title>Aktualizacja handlowa - eToro<\/title>\n<meta name=\"robots\" content=\"noindex, nofollow\" \/>\n<meta property=\"og:locale\" content=\"pl_PL\" \/>\n<meta property=\"og:type\" content=\"article\" \/>\n<meta property=\"og:title\" content=\"Aktualizacja handlowa - eToro\" \/>\n<meta property=\"og:description\" content=\"Ograniczenie handlu kryptowalutami Ze wzgl\u0119du na potencjalne straty, Urz\u0105d Nadzoru Finansowego (FCA) uwa\u017ca t\u0119 inwestycj\u0119 za obarczon\u0105 wysokim ryzykiem. Jakie s\u0105 najwi\u0119ksze zagro\u017cenia? 1. Mo\u017cesz straci\u0107 ca\u0142\u0105 zainwestowan\u0105 kwot\u0119. 2. Nie powiniene\u015b oczekiwa\u0107 ochrony, je\u015bli co\u015b p\u00f3jdzie nie tak. 3. Mo\u017cesz nie by\u0107 w stanie sprzeda\u0107 swojej inwestycji, kiedy zechcesz. 4. Inwestycje w kryptowaluty mog\u0105&hellip;\" \/>\n<meta property=\"og:url\" content=\"https:\/\/www.etoro.com\/pl\/wp-json\/wp\/v2\/pages\/673582\" \/>\n<meta property=\"og:site_name\" content=\"eToro\" \/>\n<meta property=\"article:publisher\" content=\"https:\/\/www.facebook.com\/eToro\/\" \/>\n<meta property=\"article:modified_time\" content=\"2023-10-19T15:04:00+00:00\" \/>\n<meta property=\"og:image\" content=\"https:\/\/www.etoro.com\/wp-content\/uploads\/2023\/08\/Featured-image-1200x630-1.png\" \/>\n\t<meta property=\"og:image:width\" content=\"1200\" \/>\n\t<meta property=\"og:image:height\" content=\"630\" \/>\n\t<meta property=\"og:image:type\" content=\"image\/png\" \/>\n<meta name=\"twitter:card\" content=\"summary_large_image\" \/>\n<meta name=\"twitter:site\" content=\"@eToro\" \/>\n<meta name=\"twitter:label1\" content=\"Est. reading time\" \/>\n\t<meta name=\"twitter:data1\" content=\"2 minutes\" \/>\n<script type=\"application\/ld+json\" class=\"yoast-schema-graph\">{\"@context\":\"https:\/\/schema.org\",\"@graph\":[{\"@type\":\"WebPage\",\"@id\":\"https:\/\/www.etoro.com\/pl\/customer-service\/terms-conditions\/trading-restriction\/\",\"url\":\"https:\/\/www.etoro.com\/pl\/customer-service\/terms-conditions\/trading-restriction\/\",\"name\":\"Aktualizacja handlowa - eToro\",\"isPartOf\":{\"@id\":\"https:\/\/www.etoro.com\/pl\/#website\"},\"primaryImageOfPage\":{\"@id\":\"https:\/\/www.etoro.com\/pl\/customer-service\/terms-conditions\/trading-restriction\/#primaryimage\"},\"image\":{\"@id\":\"https:\/\/www.etoro.com\/pl\/customer-service\/terms-conditions\/trading-restriction\/#primaryimage\"},\"thumbnailUrl\":\"https:\/\/www.etoro.com\/wp-content\/uploads\/2023\/08\/Featured-image-1200x630-1.png\",\"datePublished\":\"2023-07-26T13:17:58+00:00\",\"dateModified\":\"2023-10-19T15:04:00+00:00\",\"breadcrumb\":{\"@id\":\"https:\/\/www.etoro.com\/pl\/customer-service\/terms-conditions\/trading-restriction\/#breadcrumb\"},\"inLanguage\":\"pl\",\"potentialAction\":[{\"@type\":\"ReadAction\",\"target\":[\"https:\/\/www.etoro.com\/pl\/customer-service\/terms-conditions\/trading-restriction\/\"]}]},{\"@type\":\"ImageObject\",\"inLanguage\":\"pl\",\"@id\":\"https:\/\/www.etoro.com\/pl\/customer-service\/terms-conditions\/trading-restriction\/#primaryimage\",\"url\":\"https:\/\/www.etoro.com\/wp-content\/uploads\/2023\/08\/Featured-image-1200x630-1.png\",\"contentUrl\":\"https:\/\/www.etoro.com\/wp-content\/uploads\/2023\/08\/Featured-image-1200x630-1.png\",\"width\":1200,\"height\":630,\"caption\":\"Trading Update\"},{\"@type\":\"BreadcrumbList\",\"@id\":\"https:\/\/www.etoro.com\/pl\/customer-service\/terms-conditions\/trading-restriction\/#breadcrumb\",\"itemListElement\":[{\"@type\":\"ListItem\",\"position\":1,\"name\":\"Strona g\u0142\u00f3wna\",\"item\":\"https:\/\/www.etoro.com\/pl\/\"},{\"@type\":\"ListItem\",\"position\":2,\"name\":\"OBS\u0141UGI KLIENTA\",\"item\":\"https:\/\/www.etoro.com\/pl\/customer-service\/\"},{\"@type\":\"ListItem\",\"position\":3,\"name\":\"REGULAMIN\",\"item\":\"https:\/\/www.etoro.com\/pl\/customer-service\/terms-conditions\/\"},{\"@type\":\"ListItem\",\"position\":4,\"name\":\"Aktualizacja handlowa\"}]},{\"@type\":\"WebSite\",\"@id\":\"https:\/\/www.etoro.com\/pl\/#website\",\"url\":\"https:\/\/www.etoro.com\/pl\/\",\"name\":\"eToro\",\"description\":\"\",\"publisher\":{\"@id\":\"https:\/\/www.etoro.com\/pl\/#organization\"},\"potentialAction\":[{\"@type\":\"SearchAction\",\"target\":{\"@type\":\"EntryPoint\",\"urlTemplate\":\"https:\/\/www.etoro.com\/pl\/?s={search_term_string}\"},\"query-input\":{\"@type\":\"PropertyValueSpecification\",\"valueRequired\":true,\"valueName\":\"search_term_string\"}}],\"inLanguage\":\"pl\"},[]]}<\/script>","yoast_head_json":{"title":"Aktualizacja handlowa - eToro","robots":{"index":"noindex","follow":"nofollow"},"og_locale":"pl_PL","og_type":"article","og_title":"Aktualizacja handlowa - eToro","og_description":"Ograniczenie handlu kryptowalutami Ze wzgl\u0119du na potencjalne straty, Urz\u0105d Nadzoru Finansowego (FCA) uwa\u017ca t\u0119 inwestycj\u0119 za obarczon\u0105 wysokim ryzykiem. Jakie s\u0105 najwi\u0119ksze zagro\u017cenia? 1. Mo\u017cesz straci\u0107 ca\u0142\u0105 zainwestowan\u0105 kwot\u0119. 2. Nie powiniene\u015b oczekiwa\u0107 ochrony, je\u015bli co\u015b p\u00f3jdzie nie tak. 3. Mo\u017cesz nie by\u0107 w stanie sprzeda\u0107 swojej inwestycji, kiedy zechcesz. 4. Inwestycje w kryptowaluty mog\u0105&hellip;","og_url":"https:\/\/www.etoro.com\/pl\/wp-json\/wp\/v2\/pages\/673582","og_site_name":"eToro","article_publisher":"https:\/\/www.facebook.com\/eToro\/","article_modified_time":"2023-10-19T15:04:00+00:00","og_image":[{"width":1200,"height":630,"url":"https:\/\/www.etoro.com\/wp-content\/uploads\/2023\/08\/Featured-image-1200x630-1.png","type":"image\/png"}],"twitter_card":"summary_large_image","twitter_site":"@eToro","twitter_misc":{"Est. reading time":"2 minutes"},"schema":{"@context":"https:\/\/schema.org","@graph":[{"@type":"WebPage","@id":"https:\/\/www.etoro.com\/pl\/customer-service\/terms-conditions\/trading-restriction\/","url":"https:\/\/www.etoro.com\/pl\/customer-service\/terms-conditions\/trading-restriction\/","name":"Aktualizacja handlowa - eToro","isPartOf":{"@id":"https:\/\/www.etoro.com\/pl\/#website"},"primaryImageOfPage":{"@id":"https:\/\/www.etoro.com\/pl\/customer-service\/terms-conditions\/trading-restriction\/#primaryimage"},"image":{"@id":"https:\/\/www.etoro.com\/pl\/customer-service\/terms-conditions\/trading-restriction\/#primaryimage"},"thumbnailUrl":"https:\/\/www.etoro.com\/wp-content\/uploads\/2023\/08\/Featured-image-1200x630-1.png","datePublished":"2023-07-26T13:17:58+00:00","dateModified":"2023-10-19T15:04:00+00:00","breadcrumb":{"@id":"https:\/\/www.etoro.com\/pl\/customer-service\/terms-conditions\/trading-restriction\/#breadcrumb"},"inLanguage":"pl","potentialAction":[{"@type":"ReadAction","target":["https:\/\/www.etoro.com\/pl\/customer-service\/terms-conditions\/trading-restriction\/"]}]},{"@type":"ImageObject","inLanguage":"pl","@id":"https:\/\/www.etoro.com\/pl\/customer-service\/terms-conditions\/trading-restriction\/#primaryimage","url":"https:\/\/www.etoro.com\/wp-content\/uploads\/2023\/08\/Featured-image-1200x630-1.png","contentUrl":"https:\/\/www.etoro.com\/wp-content\/uploads\/2023\/08\/Featured-image-1200x630-1.png","width":1200,"height":630,"caption":"Trading Update"},{"@type":"BreadcrumbList","@id":"https:\/\/www.etoro.com\/pl\/customer-service\/terms-conditions\/trading-restriction\/#breadcrumb","itemListElement":[{"@type":"ListItem","position":1,"name":"Strona g\u0142\u00f3wna","item":"https:\/\/www.etoro.com\/pl\/"},{"@type":"ListItem","position":2,"name":"OBS\u0141UGI KLIENTA","item":"https:\/\/www.etoro.com\/pl\/customer-service\/"},{"@type":"ListItem","position":3,"name":"REGULAMIN","item":"https:\/\/www.etoro.com\/pl\/customer-service\/terms-conditions\/"},{"@type":"ListItem","position":4,"name":"Aktualizacja handlowa"}]},{"@type":"WebSite","@id":"https:\/\/www.etoro.com\/pl\/#website","url":"https:\/\/www.etoro.com\/pl\/","name":"eToro","description":"","publisher":{"@id":"https:\/\/www.etoro.com\/pl\/#organization"},"potentialAction":[{"@type":"SearchAction","target":{"@type":"EntryPoint","urlTemplate":"https:\/\/www.etoro.com\/pl\/?s={search_term_string}"},"query-input":{"@type":"PropertyValueSpecification","valueRequired":true,"valueName":"search_term_string"}}],"inLanguage":"pl"},[]]}},"_links":{"self":[{"href":"https:\/\/www.etoro.com\/pl\/wp-json\/wp\/v2\/pages\/673582"}],"collection":[{"href":"https:\/\/www.etoro.com\/pl\/wp-json\/wp\/v2\/pages"}],"about":[{"href":"https:\/\/www.etoro.com\/pl\/wp-json\/wp\/v2\/types\/page"}],"author":[{"embeddable":true,"href":"https:\/\/www.etoro.com\/pl\/wp-json\/wp\/v2\/users\/119"}],"replies":[{"embeddable":true,"href":"https:\/\/www.etoro.com\/pl\/wp-json\/wp\/v2\/comments?post=673582"}],"version-history":[{"count":0,"href":"https:\/\/www.etoro.com\/pl\/wp-json\/wp\/v2\/pages\/673582\/revisions"}],"up":[{"embeddable":true,"href":"https:\/\/www.etoro.com\/pl\/wp-json\/wp\/v2\/pages\/10769"}],"wp:featuredmedia":[{"embeddable":true,"href":"https:\/\/www.etoro.com\/pl\/wp-json\/wp\/v2\/media\/673683"}],"wp:attachment":[{"href":"https:\/\/www.etoro.com\/pl\/wp-json\/wp\/v2\/media?parent=673582"}],"wp:term":[{"taxonomy":"asset_type","embeddable":true,"href":"https:\/\/www.etoro.com\/pl\/wp-json\/wp\/v2\/asset_type?post=673582"}],"curies":[{"name":"wp","href":"https:\/\/api.w.org\/{rel}","templated":true}]}}