{"id":704221,"date":"2023-05-15T11:31:46","date_gmt":"2023-05-15T08:31:46","guid":{"rendered":"https:\/\/www.etoro.com\/academy\/courses\/"},"modified":"2026-03-23T14:59:57","modified_gmt":"2026-03-23T12:59:57","slug":"courses","status":"publish","type":"page","link":"https:\/\/www.etoro.com\/pl\/academy\/courses\/","title":{"rendered":"Courses"},"content":{"rendered":"","protected":false},"excerpt":{"rendered":"","protected":false},"author":75,"featured_media":883971,"parent":331558,"menu_order":0,"comment_status":"closed","ping_status":"closed","template":"templates\/academy-courses-page.php","meta":{"_acf_changed":true,"inline_featured_image":false,"sticky_cta_settings":"","footnotes":""},"asset_type":[],"class_list":["post-704221","page","type-page","status-publish","has-post-thumbnail","hentry"],"acf":[],"yoast_head":"<title>Bezp\u0142atne kursy inwestowania online dla wszystkich poziom\u00f3w<\/title>\n<meta name=\"description\" content=\"Od podstaw dla os\u00f3b pocz\u0105tkuj\u0105cych po zaawansowane techniki, naucz si\u0119 inwestowa\u0107 dzi\u0119ki naszym bezp\u0142atnym kursom \u2014 zawieraj\u0105cym filmy, przewodniki i inne\" \/>\n<meta name=\"robots\" content=\"index, follow, max-snippet:-1, max-image-preview:large, max-video-preview:-1\" \/>\n<link rel=\"canonical\" href=\"https:\/\/www.etoro.com\/pl\/wp-json\/wp\/v2\/pages\/704221\" \/>\n<meta property=\"og:locale\" content=\"pl_PL\" \/>\n<meta property=\"og:type\" content=\"article\" \/>\n<meta property=\"og:title\" content=\"Bezp\u0142atne kursy inwestowania online dla wszystkich poziom\u00f3w\" \/>\n<meta property=\"og:description\" content=\"Od podstaw dla os\u00f3b pocz\u0105tkuj\u0105cych po zaawansowane techniki, naucz si\u0119 inwestowa\u0107 dzi\u0119ki naszym bezp\u0142atnym kursom \u2014 zawieraj\u0105cym filmy, przewodniki i inne\" \/>\n<meta property=\"og:url\" content=\"https:\/\/www.etoro.com\/pl\/wp-json\/wp\/v2\/pages\/704221\" \/>\n<meta property=\"og:site_name\" content=\"eToro\" \/>\n<meta property=\"article:publisher\" content=\"https:\/\/www.facebook.com\/eToro\/\" \/>\n<meta property=\"article:modified_time\" content=\"2026-03-23T12:59:57+00:00\" \/>\n<meta property=\"og:image\" content=\"https:\/\/www.etoro.com\/wp-content\/uploads\/2024\/05\/PL_Courses_Featured-image-1200x630-1.jpg\" \/>\n\t<meta property=\"og:image:width\" content=\"1200\" \/>\n\t<meta property=\"og:image:height\" content=\"630\" \/>\n\t<meta property=\"og:image:type\" content=\"image\/jpeg\" \/>\n<meta name=\"twitter:card\" content=\"summary_large_image\" \/>\n<meta name=\"twitter:site\" content=\"@eToro\" \/>\n<script type=\"application\/ld+json\" class=\"yoast-schema-graph\">{\"@context\":\"https:\/\/schema.org\",\"@graph\":[{\"@type\":\"WebPage\",\"@id\":\"https:\/\/www.etoro.com\/pl\/academy\/courses\/\",\"url\":\"https:\/\/www.etoro.com\/pl\/academy\/courses\/\",\"name\":\"Bezp\u0142atne kursy inwestowania online dla wszystkich poziom\u00f3w\",\"isPartOf\":{\"@id\":\"https:\/\/www.etoro.com\/pl\/#website\"},\"primaryImageOfPage\":{\"@id\":\"https:\/\/www.etoro.com\/pl\/academy\/courses\/#primaryimage\"},\"image\":{\"@id\":\"https:\/\/www.etoro.com\/pl\/academy\/courses\/#primaryimage\"},\"thumbnailUrl\":\"https:\/\/www.etoro.com\/wp-content\/uploads\/2024\/05\/PL_Courses_Featured-image-1200x630-1.jpg\",\"datePublished\":\"2023-05-15T08:31:46+00:00\",\"dateModified\":\"2026-03-23T12:59:57+00:00\",\"description\":\"Od podstaw dla os\u00f3b pocz\u0105tkuj\u0105cych po zaawansowane techniki, naucz si\u0119 inwestowa\u0107 dzi\u0119ki naszym bezp\u0142atnym kursom \u2014 zawieraj\u0105cym filmy, przewodniki i inne\",\"breadcrumb\":{\"@id\":\"https:\/\/www.etoro.com\/pl\/academy\/courses\/#breadcrumb\"},\"inLanguage\":\"pl\",\"potentialAction\":[{\"@type\":\"ReadAction\",\"target\":[\"https:\/\/www.etoro.com\/pl\/academy\/courses\/\"]}]},{\"@type\":\"ImageObject\",\"inLanguage\":\"pl\",\"@id\":\"https:\/\/www.etoro.com\/pl\/academy\/courses\/#primaryimage\",\"url\":\"https:\/\/www.etoro.com\/wp-content\/uploads\/2024\/05\/PL_Courses_Featured-image-1200x630-1.jpg\",\"contentUrl\":\"https:\/\/www.etoro.com\/wp-content\/uploads\/2024\/05\/PL_Courses_Featured-image-1200x630-1.jpg\",\"width\":1200,\"height\":630},{\"@type\":\"BreadcrumbList\",\"@id\":\"https:\/\/www.etoro.com\/pl\/academy\/courses\/#breadcrumb\",\"itemListElement\":[{\"@type\":\"ListItem\",\"position\":1,\"name\":\"Strona g\u0142\u00f3wna\",\"item\":\"https:\/\/www.etoro.com\/pl\/\"},{\"@type\":\"ListItem\",\"position\":2,\"name\":\"eToro Academy\",\"item\":\"https:\/\/www.etoro.com\/pl\/academy\/\"},{\"@type\":\"ListItem\",\"position\":3,\"name\":\"Courses\"}]},{\"@type\":\"WebSite\",\"@id\":\"https:\/\/www.etoro.com\/pl\/#website\",\"url\":\"https:\/\/www.etoro.com\/pl\/\",\"name\":\"eToro\",\"description\":\"\",\"publisher\":{\"@id\":\"https:\/\/www.etoro.com\/pl\/#organization\"},\"potentialAction\":[{\"@type\":\"SearchAction\",\"target\":{\"@type\":\"EntryPoint\",\"urlTemplate\":\"https:\/\/www.etoro.com\/pl\/?s={search_term_string}\"},\"query-input\":{\"@type\":\"PropertyValueSpecification\",\"valueRequired\":true,\"valueName\":\"search_term_string\"}}],\"inLanguage\":\"pl\"},[]]}<\/script>","yoast_head_json":{"title":"Bezp\u0142atne kursy inwestowania online dla wszystkich poziom\u00f3w","description":"Od podstaw dla os\u00f3b pocz\u0105tkuj\u0105cych po zaawansowane techniki, naucz si\u0119 inwestowa\u0107 dzi\u0119ki naszym bezp\u0142atnym kursom \u2014 zawieraj\u0105cym filmy, przewodniki i inne","robots":{"index":"index","follow":"follow","max-snippet":"max-snippet:-1","max-image-preview":"max-image-preview:large","max-video-preview":"max-video-preview:-1"},"canonical":"https:\/\/www.etoro.com\/pl\/wp-json\/wp\/v2\/pages\/704221","og_locale":"pl_PL","og_type":"article","og_title":"Bezp\u0142atne kursy inwestowania online dla wszystkich poziom\u00f3w","og_description":"Od podstaw dla os\u00f3b pocz\u0105tkuj\u0105cych po zaawansowane techniki, naucz si\u0119 inwestowa\u0107 dzi\u0119ki naszym bezp\u0142atnym kursom \u2014 zawieraj\u0105cym filmy, przewodniki i inne","og_url":"https:\/\/www.etoro.com\/pl\/wp-json\/wp\/v2\/pages\/704221","og_site_name":"eToro","article_publisher":"https:\/\/www.facebook.com\/eToro\/","article_modified_time":"2026-03-23T12:59:57+00:00","og_image":[{"width":1200,"height":630,"url":"https:\/\/www.etoro.com\/wp-content\/uploads\/2024\/05\/PL_Courses_Featured-image-1200x630-1.jpg","type":"image\/jpeg"}],"twitter_card":"summary_large_image","twitter_site":"@eToro","schema":{"@context":"https:\/\/schema.org","@graph":[{"@type":"WebPage","@id":"https:\/\/www.etoro.com\/pl\/academy\/courses\/","url":"https:\/\/www.etoro.com\/pl\/academy\/courses\/","name":"Bezp\u0142atne kursy inwestowania online dla wszystkich poziom\u00f3w","isPartOf":{"@id":"https:\/\/www.etoro.com\/pl\/#website"},"primaryImageOfPage":{"@id":"https:\/\/www.etoro.com\/pl\/academy\/courses\/#primaryimage"},"image":{"@id":"https:\/\/www.etoro.com\/pl\/academy\/courses\/#primaryimage"},"thumbnailUrl":"https:\/\/www.etoro.com\/wp-content\/uploads\/2024\/05\/PL_Courses_Featured-image-1200x630-1.jpg","datePublished":"2023-05-15T08:31:46+00:00","dateModified":"2026-03-23T12:59:57+00:00","description":"Od podstaw dla os\u00f3b pocz\u0105tkuj\u0105cych po zaawansowane techniki, naucz si\u0119 inwestowa\u0107 dzi\u0119ki naszym bezp\u0142atnym kursom \u2014 zawieraj\u0105cym filmy, przewodniki i inne","breadcrumb":{"@id":"https:\/\/www.etoro.com\/pl\/academy\/courses\/#breadcrumb"},"inLanguage":"pl","potentialAction":[{"@type":"ReadAction","target":["https:\/\/www.etoro.com\/pl\/academy\/courses\/"]}]},{"@type":"ImageObject","inLanguage":"pl","@id":"https:\/\/www.etoro.com\/pl\/academy\/courses\/#primaryimage","url":"https:\/\/www.etoro.com\/wp-content\/uploads\/2024\/05\/PL_Courses_Featured-image-1200x630-1.jpg","contentUrl":"https:\/\/www.etoro.com\/wp-content\/uploads\/2024\/05\/PL_Courses_Featured-image-1200x630-1.jpg","width":1200,"height":630},{"@type":"BreadcrumbList","@id":"https:\/\/www.etoro.com\/pl\/academy\/courses\/#breadcrumb","itemListElement":[{"@type":"ListItem","position":1,"name":"Strona g\u0142\u00f3wna","item":"https:\/\/www.etoro.com\/pl\/"},{"@type":"ListItem","position":2,"name":"eToro Academy","item":"https:\/\/www.etoro.com\/pl\/academy\/"},{"@type":"ListItem","position":3,"name":"Courses"}]},{"@type":"WebSite","@id":"https:\/\/www.etoro.com\/pl\/#website","url":"https:\/\/www.etoro.com\/pl\/","name":"eToro","description":"","publisher":{"@id":"https:\/\/www.etoro.com\/pl\/#organization"},"potentialAction":[{"@type":"SearchAction","target":{"@type":"EntryPoint","urlTemplate":"https:\/\/www.etoro.com\/pl\/?s={search_term_string}"},"query-input":{"@type":"PropertyValueSpecification","valueRequired":true,"valueName":"search_term_string"}}],"inLanguage":"pl"},[]]}},"_links":{"self":[{"href":"https:\/\/www.etoro.com\/pl\/wp-json\/wp\/v2\/pages\/704221"}],"collection":[{"href":"https:\/\/www.etoro.com\/pl\/wp-json\/wp\/v2\/pages"}],"about":[{"href":"https:\/\/www.etoro.com\/pl\/wp-json\/wp\/v2\/types\/page"}],"author":[{"embeddable":true,"href":"https:\/\/www.etoro.com\/pl\/wp-json\/wp\/v2\/users\/75"}],"replies":[{"embeddable":true,"href":"https:\/\/www.etoro.com\/pl\/wp-json\/wp\/v2\/comments?post=704221"}],"version-history":[{"count":0,"href":"https:\/\/www.etoro.com\/pl\/wp-json\/wp\/v2\/pages\/704221\/revisions"}],"up":[{"embeddable":true,"href":"https:\/\/www.etoro.com\/pl\/wp-json\/wp\/v2\/pages\/331558"}],"wp:featuredmedia":[{"embeddable":true,"href":"https:\/\/www.etoro.com\/pl\/wp-json\/wp\/v2\/media\/883971"}],"wp:attachment":[{"href":"https:\/\/www.etoro.com\/pl\/wp-json\/wp\/v2\/media?parent=704221"}],"wp:term":[{"taxonomy":"asset_type","embeddable":true,"href":"https:\/\/www.etoro.com\/pl\/wp-json\/wp\/v2\/asset_type?post=704221"}],"curies":[{"name":"wp","href":"https:\/\/api.w.org\/{rel}","templated":true}]}}