{"id":849374,"date":"2023-06-13T09:50:21","date_gmt":"2023-06-13T06:50:21","guid":{"rendered":"https:\/\/www.etoro.com\/investing\/delta\/"},"modified":"2026-03-24T14:05:43","modified_gmt":"2026-03-24T12:05:43","slug":"delta","status":"publish","type":"page","link":"https:\/\/www.etoro.com\/pl\/investing\/delta\/","title":{"rendered":"DELTA od eToro"},"content":{"rendered":"\n<div class=\"wp-block-etoro-half-cover has-white-background-color\">\n<div class=\"wp-block-etoro-half-cover-left\"><p id=\"breadcrumbs\" class=\"gray-dark\"><span><span><a href=\"https:\/\/www.etoro.com\/pl\/\">Strona g\u0142\u00f3wna<\/a><\/span><\/span><\/p>\n<h1 class=\"wp-block-heading is-style-banner-title\">DELTA: <b class=\"wp-etoro-format-colored-blue\"><b class=\"wp-etoro-format-colored-green\">inteligentny tracker inwestycji<\/b><\/b><\/h1>\n\n\n\n<p class=\"is-style-subtitle\">B\u0105d\u017a na bie\u017c\u0105co ze wszystkimi inwestycjami dzi\u0119ki Delta \u2014 najpopularniejszej aplikacji do \u015bledzenia portfela i prawdziwej finansowej supermocy!<\/p>\n\n\n\n<div class=\"wp-block-buttons is-layout-flex wp-block-buttons-is-layout-flex\">\n<a class=\"e-cta e-cta-primary qr_delta-popup\" href=\"https:\/\/delta.onelink.me\/Bvvy\/innerpage\" target=\"_blank\" rel=\"noopener\">Pobierz teraz<\/a>\n<\/div>\n<\/div>\n\n\n\n<div class=\"wp-block-etoro-half-cover-right\">\n<img decoding=\"async\" src=\"https:\/\/www.etoro.com\/wp-content\/uploads\/2026\/03\/Delta-Cover-1920.png\" alt=\"\" class=\"wp-block-etoro-half-cover-media\"\/><img decoding=\"async\" src=\"https:\/\/www.etoro.com\/wp-content\/uploads\/2026\/03\/Delta-Cover-1280.png\" alt=\"\" class=\"wp-block-etoro-half-cover-media-desktop\"\/><img decoding=\"async\" src=\"https:\/\/www.etoro.com\/wp-content\/uploads\/2026\/03\/Delta-Cover-Tablet.png\" alt=\"\" class=\"wp-block-etoro-half-cover-media-tablet\"\/><img decoding=\"async\" src=\"https:\/\/www.etoro.com\/wp-content\/uploads\/2026\/03\/Delta-Cover-Mobile.png\" alt=\"\" class=\"wp-block-etoro-half-cover-media-mobile\"\/>\n<\/div>\n<\/div>\n\n\n\n<section class=\"wp-block-group wp-block-group-boxed has-white-background-color has-background\"><div class=\"wp-block-group-inner is-layout-flow wp-block-group-is-layout-flow\">\n<div class=\"wp-block-columns are-vertically-aligned-top wp-block-columns-1 is-layout-flex wp-container-core-columns-is-layout-1 wp-block-columns-is-layout-flex\">\n<div class=\"wp-block-column wp-block-column-align-mobile-left is-layout-flow wp-block-column-is-layout-flow\">\n<h2 class=\"wp-block-heading has-text-align-center\"><strong><strong>Inteligentne \u015bledzenie<\/strong> <\/strong>z aplikacj\u0105 Delta<\/h2>\n\n\n\n<p class=\"has-text-align-center\">Delta Investment Tracker daje Ci przejrzysty i czytelny obraz wszystkich Twoich inwestycji. Zarz\u0105dzaj wieloma portfelami i \u015bled\u017a wyniki w czasie rzeczywistym za pomoc\u0105 zaawansowanych narz\u0119dzi. Uzyskaj bezpo\u015bredni dost\u0119p do ruch\u00f3w cen i wykres\u00f3w dla wszystkich najlepszych akcji, kryptowalut, funduszy, forex, indeks\u00f3w i towar\u00f3w.<\/p>\n<\/div>\n<\/div>\n<\/div><\/section>\n\n\n\n<section class=\"wp-block-group wp-block-group-boxed has-dark-blue-background-color has-background\"><div class=\"wp-block-group-inner is-layout-flow wp-block-group-is-layout-flow\">\n<div class=\"wp-block-columns are-vertically-aligned-top wp-block-columns-2 is-swapped-on-mobile is-layout-flex wp-container-core-columns-is-layout-2 wp-block-columns-is-layout-flex\">\n<div class=\"wp-block-column is-layout-flow wp-block-column-is-layout-flow\">\n<h2 class=\"wp-block-heading\"><span>Pe\u0142na przejrzysto\u015b\u0107 przy<\/span> <strong>ka\u017cdej decyzji w portfelu<\/strong><\/h2>\n\n\n\n<p>Dlaczego co\u015b ro\u015bnie lub spada? Co si\u0119 dzieje? Zrozumiesz, co wp\u0142ywa na Tw\u00f3j portfel, dzi\u0119ki jasnym wyja\u015bnieniom opartym na najtrafniejszych analizach Delta.<\/p>\n\n\n\n<p class=\"is-style-disclaimer\">eToro to platforma inwestycyjna obs\u0142uguj\u0105ca wiele rodzaj\u00f3w aktyw\u00f3w. Warto\u015b\u0107 Twoich inwestycji mo\u017ce wzrosn\u0105\u0107 lub spa\u015b\u0107. Tw\u00f3j kapita\u0142 jest nara\u017cony na ryzyko.<\/p>\n<\/div>\n\n\n\n<div class=\"wp-block-column is-layout-flow wp-block-column-is-layout-flow\">\n<figure class=\"wp-block-image size-large\"><img loading=\"lazy\" decoding=\"async\" width=\"1024\" height=\"700\" src=\"https:\/\/www.etoro.com\/wp-content\/uploads\/2026\/03\/Delta-Clarity-Illustration-1024x700.png\" alt=\"\" class=\"wp-image-1240545 wp-image-desktop\" srcset=\"https:\/\/www.etoro.com\/wp-content\/uploads\/2026\/03\/Delta-Clarity-Illustration-1024x700.png 1024w, https:\/\/www.etoro.com\/wp-content\/uploads\/2026\/03\/Delta-Clarity-Illustration-300x205.png 300w, https:\/\/www.etoro.com\/wp-content\/uploads\/2026\/03\/Delta-Clarity-Illustration-768x525.png 768w, https:\/\/www.etoro.com\/wp-content\/uploads\/2026\/03\/Delta-Clarity-Illustration.png 1152w\" sizes=\"(max-width: 1024px) 100vw, 1024px\" \/><\/figure>\n<\/div>\n<\/div>\n<\/div><\/section>\n\n\n\n<section class=\"wp-block-group wp-block-group-boxed\"><div class=\"wp-block-group-inner is-layout-flow wp-block-group-is-layout-flow\">\n<div class=\"wp-block-columns are-vertically-aligned-top wp-block-columns-1 is-layout-flex wp-container-core-columns-is-layout-3 wp-block-columns-is-layout-flex\">\n<div class=\"wp-block-column wp-block-column-align-mobile-left is-layout-flow wp-block-column-is-layout-flow\">\n<h2 class=\"wp-block-heading has-text-align-center\"><strong><strong>Zaawansowane funkcje<\/strong> <\/strong>w zasi\u0119gu r\u0119ki<\/h2>\n<\/div>\n<\/div>\n\n\n\n<div id=\"swiper1541928764\" class=\"wp-block-etoro-cards wp-block-etoro-card-grid-columns-3\"><div class=\"swiper-wrapper\">\n<div class=\"wp-block-etoro-card wp-block-etoro-card-size-small wp-block-etoro-card-thumbnail-position-above wp-block-etoro-card-default wp-block-etoro-card-aligned-center\"><img decoding=\"async\" src=\"https:\/\/www.etoro.com\/wp-content\/uploads\/2023\/06\/Alert-1.png\" alt=\"Inteligentne powiadomienia i alerty\" class=\"wp-block-etoro-card-thumbnail\"\/><div class=\"wp-block-etoro-card-body\"><div class=\"wp-block-etoro-card-title\"><strong><strong>Inteligentne powiadomienia i alerty<\/strong><\/strong><\/div><div class=\"wp-block-etoro-card-content\">\n<p>Szukasz odpowiedniego momentu na zakup lub sprzeda\u017c? Z \u0142atwo\u015bci\u0105 skonfiguruj alerty i w\u0142asne powiadomienia, aby by\u0107 na bie\u017c\u0105co.<\/p>\n<\/div><\/div><\/div>\n\n\n\n<div class=\"wp-block-etoro-card wp-block-etoro-card-size-small wp-block-etoro-card-thumbnail-position-above wp-block-etoro-card-default wp-block-etoro-card-aligned-center\"><img decoding=\"async\" src=\"https:\/\/www.etoro.com\/wp-content\/uploads\/2023\/06\/Column-1.png\" alt=\"Dog\u0142\u0119bna analiza aktyw\u00f3w\" class=\"wp-block-etoro-card-thumbnail\"\/><div class=\"wp-block-etoro-card-body\"><div class=\"wp-block-etoro-card-title\"><strong><strong>Dog\u0142\u0119bna analiza aktyw\u00f3w<\/strong><\/strong><\/div><div class=\"wp-block-etoro-card-content\">\n<p>Wychod\u017a poza ramy dzi\u0119ki zaawansowanym wska\u017anikom dobranym do portfela. Jednym klikni\u0119ciem wy\u015bwietlisz kluczowe dane dowolnego aktywa<\/p>\n<\/div><\/div><\/div>\n\n\n\n<div class=\"wp-block-etoro-card wp-block-etoro-card-size-small wp-block-etoro-card-thumbnail-position-above wp-block-etoro-card-default wp-block-etoro-card-aligned-center\"><img decoding=\"async\" src=\"https:\/\/www.etoro.com\/wp-content\/uploads\/2023\/06\/Globe-1.png\" alt=\"Dost\u0119p do kapita\u0142u bez wzgl\u0119du na miejsce\" class=\"wp-block-etoro-card-thumbnail\"\/><div class=\"wp-block-etoro-card-body\"><div class=\"wp-block-etoro-card-title\"><strong><strong>Dost\u0119p do kapita\u0142u bez wzgl\u0119du na miejsce<\/strong><\/strong><\/div><div class=\"wp-block-etoro-card-content\">\n<p>Koniec z arkuszami kalkulacyjnymi&#8230; Delta synchronizuje si\u0119 z ponad 10 000 broker\u00f3w, gie\u0142d, bank\u00f3w i portfeli, w tym z eToro.<\/p>\n<\/div><\/div><\/div>\n<\/div><\/div>\n<\/div><\/section>\n\n\n\n<section class=\"wp-block-group wp-block-group-boxed has-white-background-color has-background\"><div class=\"wp-block-group-inner is-layout-flow wp-block-group-is-layout-flow\">\n<div class=\"wp-block-columns are-vertically-aligned-top wp-block-columns-1 is-layout-flex wp-container-core-columns-is-layout-4 wp-block-columns-is-layout-flex\">\n<div class=\"wp-block-column wp-block-column-align-mobile-left is-layout-flow wp-block-column-is-layout-flow\">\n<h2 class=\"wp-block-heading has-text-align-center\"><span>Jedna aplikacja, <strong>wszystkie inwestycje<\/strong><\/span><\/h2>\n\n\n\n<p class=\"has-text-align-center\">Czas przesta\u0107 prze\u0142\u0105cza\u0107 si\u0119 mi\u0119dzy aplikacjami. Delta zapewnia najdok\u0142adniejsz\u0105 analiz\u0119 portfela i mo\u017cliwo\u015b\u0107 \u015bledzenia wszystkich aktyw\u00f3w, doskonale synchronizuj\u0105c si\u0119 z istniej\u0105cym kontem eToro.<\/p>\n<\/div>\n<\/div>\n\n\n\n<div class=\"wp-block-columns are-vertically-aligned-top wp-block-columns-3 wp-block-columns-1 is-layout-flex wp-container-core-columns-is-layout-5 wp-block-columns-is-layout-flex\">\n<div class=\"wp-block-column is-layout-flow wp-block-column-is-layout-flow\">\n<div class=\"wp-block-etoro-card wp-block-etoro-card-size-small wp-block-etoro-card-thumbnail-position-above wp-block-etoro-card-default\"><img decoding=\"async\" src=\"https:\/\/www.etoro.com\/wp-content\/uploads\/2023\/06\/Stocks.png\" alt=\"Akcje\" class=\"wp-block-etoro-card-thumbnail\"\/><div class=\"wp-block-etoro-card-body\"><div class=\"wp-block-etoro-card-title\">Akcje<\/div><div class=\"wp-block-etoro-card-content\">\n<p><\/p>\n<\/div><\/div><\/div>\n<\/div>\n\n\n\n<div class=\"wp-block-column is-layout-flow wp-block-column-is-layout-flow\">\n<div class=\"wp-block-etoro-card wp-block-etoro-card-size-small wp-block-etoro-card-thumbnail-position-above wp-block-etoro-card-default\"><img decoding=\"async\" src=\"https:\/\/www.etoro.com\/wp-content\/uploads\/2023\/06\/Crypto.png\" alt=\"Kryptowaluty\" class=\"wp-block-etoro-card-thumbnail\"\/><div class=\"wp-block-etoro-card-body\"><div class=\"wp-block-etoro-card-title\">Kryptowaluty<\/div><div class=\"wp-block-etoro-card-content\">\n<p><\/p>\n<\/div><\/div><\/div>\n<\/div>\n\n\n\n<div class=\"wp-block-column is-layout-flow wp-block-column-is-layout-flow\">\n<div class=\"wp-block-etoro-card wp-block-etoro-card-size-small wp-block-etoro-card-thumbnail-position-above wp-block-etoro-card-default\"><img decoding=\"async\" src=\"https:\/\/www.etoro.com\/wp-content\/uploads\/2023\/06\/Forex.png\" alt=\"Forex\" class=\"wp-block-etoro-card-thumbnail\"\/><div class=\"wp-block-etoro-card-body\"><div class=\"wp-block-etoro-card-title\">Forex<\/div><div class=\"wp-block-etoro-card-content\">\n<p><\/p>\n<\/div><\/div><\/div>\n<\/div>\n<\/div>\n\n\n\n<div class=\"wp-block-columns are-vertically-aligned-top wp-block-columns-1 is-layout-flex wp-container-core-columns-is-layout-7 wp-block-columns-is-layout-flex\">\n<div class=\"wp-block-column is-layout-constrained wp-container-core-column-is-layout-11 wp-block-column-is-layout-constrained\">\n<div class=\"wp-block-columns are-vertically-aligned-top wp-block-columns-2 wp-block-columns-3 wp-block-columns-1 is-layout-flex wp-container-core-columns-is-layout-6 wp-block-columns-is-layout-flex\">\n<div class=\"wp-block-column is-layout-flow wp-block-column-is-layout-flow\">\n<div class=\"wp-block-etoro-card wp-block-etoro-card-size-small wp-block-etoro-card-thumbnail-position-above wp-block-etoro-card-default\"><img decoding=\"async\" src=\"https:\/\/www.etoro.com\/wp-content\/uploads\/2023\/06\/Coins.png\" alt=\"Fundusze\" class=\"wp-block-etoro-card-thumbnail\"\/><div class=\"wp-block-etoro-card-body\"><div class=\"wp-block-etoro-card-title\">Fundusze<\/div><div class=\"wp-block-etoro-card-content\">\n<p><\/p>\n<\/div><\/div><\/div>\n<\/div>\n\n\n\n<div class=\"wp-block-column is-layout-flow wp-block-column-is-layout-flow\">\n<div class=\"wp-block-etoro-card wp-block-etoro-card-size-small wp-block-etoro-card-thumbnail-position-above wp-block-etoro-card-default\"><img decoding=\"async\" src=\"https:\/\/www.etoro.com\/wp-content\/uploads\/2023\/06\/Commodities.png\" alt=\"Towary\" class=\"wp-block-etoro-card-thumbnail\"\/><div class=\"wp-block-etoro-card-body\"><div class=\"wp-block-etoro-card-title\">Towary<\/div><div class=\"wp-block-etoro-card-content\">\n<p><\/p>\n<\/div><\/div><\/div>\n<\/div>\n<\/div>\n<\/div>\n<\/div>\n\n\n\n<div class=\"wp-block-buttons is-content-justification-center is-layout-flex wp-container-core-buttons-is-layout-2 wp-block-buttons-is-layout-flex\">\n<a class=\"e-cta e-cta-primary\" href=\"https:\/\/delta.onelink.me\/Bvvy\/logindelta\" rel=\"nofollow noopener noreferrer\" >Zaloguj si\u0119 do konta eToro<\/a>\n<\/div>\n<\/div><\/section>\n\n\n\n<section class=\"wp-block-group wp-block-group-boxed has-grey-background-color has-background\"><div class=\"wp-block-group-inner is-layout-flow wp-block-group-is-layout-flow\">\n<div class=\"wp-block-columns are-vertically-aligned-top wp-block-columns-1 is-layout-flex wp-container-core-columns-is-layout-8 wp-block-columns-is-layout-flex\">\n<div class=\"wp-block-column wp-block-column-align-mobile-left is-layout-flow wp-block-column-is-layout-flow\">\n<h2 class=\"wp-block-heading has-text-align-center\"><span>Gotowy na <strong>PRO?<\/strong><\/span><\/h2>\n\n\n\n<p class=\"has-text-align-center\">Wznie\u015b si\u0119 na nowy poziom inwestycji. Do\u0142\u0105cz do najlepszych inwestor\u00f3w z Delta PRO!<\/p>\n<\/div>\n<\/div>\n\n\n\n<div class=\"wp-block-etoro-slider-wrapper\" data-swiper=\"{&quot;enableBiggerSlides&quot;:true,&quot;enableArrows&quot;:true,&quot;arrowsDesktopPosition&quot;:&quot;side&quot;}\"><div class=\"wp-block-etoro-slider swiper wp-block-etoro-slider-bigger-slides\"><div class=\"swiper-wrapper\">\n<div class=\"swiper-slide\">\n<div class=\"wp-block-etoro-card wp-block-etoro-card-modern\"><img decoding=\"async\" src=\"https:\/\/www.etoro.com\/wp-content\/uploads\/2023\/06\/Portfolio-Insights.png\" alt=\"Analiza portfela\" class=\"wp-block-etoro-card-thumbnail\"\/><div class=\"wp-block-etoro-card-body\"><div class=\"wp-block-etoro-card-title\"><strong><strong>Analiza portfela<\/strong><\/strong><\/div><div class=\"wp-block-etoro-card-content\">\n<p>Uzyskaj dost\u0119p do modu\u0142\u00f3w analitycznych portfela, aby mie\u0107 wgl\u0105d w inwestycje<\/p>\n<\/div><\/div><\/div>\n<\/div>\n\n\n\n<div class=\"swiper-slide\">\n<div class=\"wp-block-etoro-card wp-block-etoro-card-modern\"><img decoding=\"async\" src=\"https:\/\/www.etoro.com\/wp-content\/uploads\/2023\/06\/Advanced-Metrics.png\" alt=\"Zaawansowane dane\" class=\"wp-block-etoro-card-thumbnail\"\/><div class=\"wp-block-etoro-card-body\"><div class=\"wp-block-etoro-card-title\"><strong><strong>Zaawansowane dane<\/strong><\/strong><\/div><div class=\"wp-block-etoro-card-content\">\n<p>Uzyskaj wgl\u0105d w swoje portfolio, sprawdzaj\u0105c (nie)zrealizowane zyski i nie tylko!<\/p>\n<\/div><\/div><\/div>\n<\/div>\n\n\n\n<div class=\"swiper-slide\">\n<div class=\"wp-block-etoro-card wp-block-etoro-card-modern\"><img decoding=\"async\" src=\"https:\/\/www.etoro.com\/wp-content\/uploads\/2023\/06\/Live-prices.png\" alt=\"Ceny na \u017cywo\" class=\"wp-block-etoro-card-thumbnail\"\/><div class=\"wp-block-etoro-card-body\"><div class=\"wp-block-etoro-card-title\"><strong><strong>Ceny na \u017cywo<\/strong><\/strong><\/div><div class=\"wp-block-etoro-card-content\">\n<p>Koniec z od\u015bwie\u017caniem \u2014 automatyczne aktualizacje cen<\/p>\n<\/div><\/div><\/div>\n<\/div>\n\n\n\n<div class=\"swiper-slide\">\n<div class=\"wp-block-etoro-card wp-block-etoro-card-modern\"><img decoding=\"async\" src=\"https:\/\/www.etoro.com\/wp-content\/uploads\/2023\/06\/Image-2-1.png\" alt=\"Po\u0142\u0105czenia bez limitu\" class=\"wp-block-etoro-card-thumbnail\"\/><div class=\"wp-block-etoro-card-body\"><div class=\"wp-block-etoro-card-title\"><strong><strong>Po\u0142\u0105czenia bez limitu<\/strong><\/strong><\/div><div class=\"wp-block-etoro-card-content\">\n<p>U\u017cytkownicy PRO maj\u0105 nielimitowan\u0105 liczb\u0119 \u0142\u0105czy z gie\u0142dami, portfelami i brokerami.<\/p>\n<\/div><\/div><\/div>\n<\/div>\n\n\n\n<div class=\"swiper-slide\">\n<div class=\"wp-block-etoro-card wp-block-etoro-card-modern\"><img decoding=\"async\" src=\"https:\/\/www.etoro.com\/wp-content\/uploads\/2023\/06\/Why-is-it-moving.png\" alt=\"Czemu si\u0119 rusza?\" class=\"wp-block-etoro-card-thumbnail\"\/><div class=\"wp-block-etoro-card-body\"><div class=\"wp-block-etoro-card-title\"><strong><strong>Czemu si\u0119 rusza?<\/strong><\/strong><\/div><div class=\"wp-block-etoro-card-content\">\n<p>Otrzymuj powiadomienia z wa\u017cnymi informacjami dotycz\u0105cymi ruch\u00f3w zasob\u00f3w.<\/p>\n<\/div><\/div><\/div>\n<\/div>\n<\/div><\/div><div class=\"swiper-button-prev\"><\/div><div class=\"swiper-button-next\"><\/div><\/div>\n\n\n\n<div class=\"wp-block-columns are-vertically-aligned-top wp-block-columns-1 is-layout-flex wp-container-core-columns-is-layout-9 wp-block-columns-is-layout-flex\">\n<div class=\"wp-block-column wp-block-column-align-mobile-left is-layout-flow wp-block-column-is-layout-flow\">\n<div class=\"wp-block-buttons qr_delta-popup is-horizontal is-content-justification-center is-layout-flex wp-container-core-buttons-is-layout-3 wp-block-buttons-is-layout-flex\">\n<a class=\"e-cta e-cta-primary\" href=\"https:\/\/delta.onelink.me\/Bvvy\/innerpage\" rel=\"nofollow noopener noreferrer\" >Pobierz aplikacj\u0119 Delta<\/a>\n<\/div>\n\n\n\n<p class=\"has-text-align-center is-style-disclaimer\">*Obowi\u0105zuje <a href=\"https:\/\/delta.app\/en\/terms\" target=\"_blank\" rel=\"noreferrer noopener\">regulamin<\/a>.<\/p>\n<\/div>\n<\/div>\n<\/div><\/section>\n","protected":false},"excerpt":{"rendered":"<p>Inteligentne \u015bledzenie z aplikacj\u0105 Delta Delta Investment Tracker daje Ci przejrzysty i czytelny obraz wszystkich Twoich inwestycji. Zarz\u0105dzaj wieloma portfelami i \u015bled\u017a wyniki w czasie rzeczywistym za pomoc\u0105 zaawansowanych narz\u0119dzi. Uzyskaj bezpo\u015bredni dost\u0119p do ruch\u00f3w cen i wykres\u00f3w dla wszystkich najlepszych akcji, kryptowalut, funduszy, forex, indeks\u00f3w i towar\u00f3w. Pe\u0142na przejrzysto\u015b\u0107 przy ka\u017cdej decyzji w portfelu&hellip;<\/p>\n","protected":false},"author":75,"featured_media":1048677,"parent":19767,"menu_order":0,"comment_status":"closed","ping_status":"closed","template":"","meta":{"_acf_changed":false,"inline_featured_image":false,"sticky_cta_settings":"","footnotes":""},"asset_type":[],"class_list":["post-849374","page","type-page","status-publish","has-post-thumbnail","hentry"],"acf":[],"yoast_head":"<title>Delta by eToro, najpopularniejsza aplikacja do \u015bledzenia inwestycji<\/title>\n<meta name=\"description\" content=\"Twoja finansowa supermoc: \u015bled\u017a wszystkie swoje inwestycje \u2014 akcje, ETF-y, surowce, kryptowaluty i forex \u2014 w jednym miejscu\" \/>\n<meta name=\"robots\" content=\"index, follow, max-snippet:-1, max-image-preview:large, max-video-preview:-1\" \/>\n<link rel=\"canonical\" href=\"https:\/\/www.etoro.com\/pl\/wp-json\/wp\/v2\/pages\/849374\" \/>\n<meta property=\"og:locale\" content=\"pl_PL\" \/>\n<meta property=\"og:type\" content=\"article\" \/>\n<meta property=\"og:title\" content=\"Delta by eToro, najpopularniejsza aplikacja do \u015bledzenia inwestycji\" \/>\n<meta property=\"og:description\" content=\"Twoja finansowa supermoc: \u015bled\u017a wszystkie swoje inwestycje \u2014 akcje, ETF-y, surowce, kryptowaluty i forex \u2014 w jednym miejscu\" \/>\n<meta property=\"og:url\" content=\"https:\/\/www.etoro.com\/pl\/wp-json\/wp\/v2\/pages\/849374\" \/>\n<meta property=\"og:site_name\" content=\"eToro\" \/>\n<meta property=\"article:publisher\" content=\"https:\/\/www.facebook.com\/eToro\/\" \/>\n<meta property=\"article:modified_time\" content=\"2026-03-24T12:05:43+00:00\" \/>\n<meta property=\"og:image\" content=\"https:\/\/www.etoro.com\/wp-content\/uploads\/2025\/04\/Delta-Featured-image-1200x630-1.png\" \/>\n\t<meta property=\"og:image:width\" content=\"1200\" \/>\n\t<meta property=\"og:image:height\" content=\"630\" \/>\n\t<meta property=\"og:image:type\" content=\"image\/png\" \/>\n<meta name=\"twitter:card\" content=\"summary_large_image\" \/>\n<meta name=\"twitter:site\" content=\"@eToro\" \/>\n<meta name=\"twitter:label1\" content=\"Est. reading time\" \/>\n\t<meta name=\"twitter:data1\" content=\"2 minutes\" \/>\n<script type=\"application\/ld+json\" class=\"yoast-schema-graph\">{\"@context\":\"https:\/\/schema.org\",\"@graph\":[{\"@type\":\"WebPage\",\"@id\":\"https:\/\/www.etoro.com\/pl\/investing\/delta\/\",\"url\":\"https:\/\/www.etoro.com\/pl\/investing\/delta\/\",\"name\":\"Delta by eToro, najpopularniejsza aplikacja do \u015bledzenia inwestycji\",\"isPartOf\":{\"@id\":\"https:\/\/www.etoro.com\/pl\/#website\"},\"primaryImageOfPage\":{\"@id\":\"https:\/\/www.etoro.com\/pl\/investing\/delta\/#primaryimage\"},\"image\":{\"@id\":\"https:\/\/www.etoro.com\/pl\/investing\/delta\/#primaryimage\"},\"thumbnailUrl\":\"https:\/\/www.etoro.com\/wp-content\/uploads\/2025\/04\/Delta-Featured-image-1200x630-1.png\",\"datePublished\":\"2023-06-13T06:50:21+00:00\",\"dateModified\":\"2026-03-24T12:05:43+00:00\",\"description\":\"Twoja finansowa supermoc: \u015bled\u017a wszystkie swoje inwestycje \u2014 akcje, ETF-y, surowce, kryptowaluty i forex \u2014 w jednym miejscu\",\"breadcrumb\":{\"@id\":\"https:\/\/www.etoro.com\/pl\/investing\/delta\/#breadcrumb\"},\"inLanguage\":\"pl\",\"potentialAction\":[{\"@type\":\"ReadAction\",\"target\":[\"https:\/\/www.etoro.com\/pl\/investing\/delta\/\"]}]},{\"@type\":\"ImageObject\",\"inLanguage\":\"pl\",\"@id\":\"https:\/\/www.etoro.com\/pl\/investing\/delta\/#primaryimage\",\"url\":\"https:\/\/www.etoro.com\/wp-content\/uploads\/2025\/04\/Delta-Featured-image-1200x630-1.png\",\"contentUrl\":\"https:\/\/www.etoro.com\/wp-content\/uploads\/2025\/04\/Delta-Featured-image-1200x630-1.png\",\"width\":1200,\"height\":630},{\"@type\":\"BreadcrumbList\",\"@id\":\"https:\/\/www.etoro.com\/pl\/investing\/delta\/#breadcrumb\",\"itemListElement\":[{\"@type\":\"ListItem\",\"position\":1,\"name\":\"Strona g\u0142\u00f3wna\",\"item\":\"https:\/\/www.etoro.com\/pl\/\"},{\"@type\":\"ListItem\",\"position\":2,\"name\":\"Inwestycje d\u0142ugoterminowe\",\"item\":\"https:\/\/www.etoro.com\/pl\/investing\/\"},{\"@type\":\"ListItem\",\"position\":3,\"name\":\"DELTA od eToro\"}]},{\"@type\":\"WebSite\",\"@id\":\"https:\/\/www.etoro.com\/pl\/#website\",\"url\":\"https:\/\/www.etoro.com\/pl\/\",\"name\":\"eToro\",\"description\":\"\",\"publisher\":{\"@id\":\"https:\/\/www.etoro.com\/pl\/#organization\"},\"potentialAction\":[{\"@type\":\"SearchAction\",\"target\":{\"@type\":\"EntryPoint\",\"urlTemplate\":\"https:\/\/www.etoro.com\/pl\/?s={search_term_string}\"},\"query-input\":{\"@type\":\"PropertyValueSpecification\",\"valueRequired\":true,\"valueName\":\"search_term_string\"}}],\"inLanguage\":\"pl\"},[]]}<\/script>","yoast_head_json":{"title":"Delta by eToro, najpopularniejsza aplikacja do \u015bledzenia inwestycji","description":"Twoja finansowa supermoc: \u015bled\u017a wszystkie swoje inwestycje \u2014 akcje, ETF-y, surowce, kryptowaluty i forex \u2014 w jednym miejscu","robots":{"index":"index","follow":"follow","max-snippet":"max-snippet:-1","max-image-preview":"max-image-preview:large","max-video-preview":"max-video-preview:-1"},"canonical":"https:\/\/www.etoro.com\/pl\/wp-json\/wp\/v2\/pages\/849374","og_locale":"pl_PL","og_type":"article","og_title":"Delta by eToro, najpopularniejsza aplikacja do \u015bledzenia inwestycji","og_description":"Twoja finansowa supermoc: \u015bled\u017a wszystkie swoje inwestycje \u2014 akcje, ETF-y, surowce, kryptowaluty i forex \u2014 w jednym miejscu","og_url":"https:\/\/www.etoro.com\/pl\/wp-json\/wp\/v2\/pages\/849374","og_site_name":"eToro","article_publisher":"https:\/\/www.facebook.com\/eToro\/","article_modified_time":"2026-03-24T12:05:43+00:00","og_image":[{"width":1200,"height":630,"url":"https:\/\/www.etoro.com\/wp-content\/uploads\/2025\/04\/Delta-Featured-image-1200x630-1.png","type":"image\/png"}],"twitter_card":"summary_large_image","twitter_site":"@eToro","twitter_misc":{"Est. reading time":"2 minutes"},"schema":{"@context":"https:\/\/schema.org","@graph":[{"@type":"WebPage","@id":"https:\/\/www.etoro.com\/pl\/investing\/delta\/","url":"https:\/\/www.etoro.com\/pl\/investing\/delta\/","name":"Delta by eToro, najpopularniejsza aplikacja do \u015bledzenia inwestycji","isPartOf":{"@id":"https:\/\/www.etoro.com\/pl\/#website"},"primaryImageOfPage":{"@id":"https:\/\/www.etoro.com\/pl\/investing\/delta\/#primaryimage"},"image":{"@id":"https:\/\/www.etoro.com\/pl\/investing\/delta\/#primaryimage"},"thumbnailUrl":"https:\/\/www.etoro.com\/wp-content\/uploads\/2025\/04\/Delta-Featured-image-1200x630-1.png","datePublished":"2023-06-13T06:50:21+00:00","dateModified":"2026-03-24T12:05:43+00:00","description":"Twoja finansowa supermoc: \u015bled\u017a wszystkie swoje inwestycje \u2014 akcje, ETF-y, surowce, kryptowaluty i forex \u2014 w jednym miejscu","breadcrumb":{"@id":"https:\/\/www.etoro.com\/pl\/investing\/delta\/#breadcrumb"},"inLanguage":"pl","potentialAction":[{"@type":"ReadAction","target":["https:\/\/www.etoro.com\/pl\/investing\/delta\/"]}]},{"@type":"ImageObject","inLanguage":"pl","@id":"https:\/\/www.etoro.com\/pl\/investing\/delta\/#primaryimage","url":"https:\/\/www.etoro.com\/wp-content\/uploads\/2025\/04\/Delta-Featured-image-1200x630-1.png","contentUrl":"https:\/\/www.etoro.com\/wp-content\/uploads\/2025\/04\/Delta-Featured-image-1200x630-1.png","width":1200,"height":630},{"@type":"BreadcrumbList","@id":"https:\/\/www.etoro.com\/pl\/investing\/delta\/#breadcrumb","itemListElement":[{"@type":"ListItem","position":1,"name":"Strona g\u0142\u00f3wna","item":"https:\/\/www.etoro.com\/pl\/"},{"@type":"ListItem","position":2,"name":"Inwestycje d\u0142ugoterminowe","item":"https:\/\/www.etoro.com\/pl\/investing\/"},{"@type":"ListItem","position":3,"name":"DELTA od eToro"}]},{"@type":"WebSite","@id":"https:\/\/www.etoro.com\/pl\/#website","url":"https:\/\/www.etoro.com\/pl\/","name":"eToro","description":"","publisher":{"@id":"https:\/\/www.etoro.com\/pl\/#organization"},"potentialAction":[{"@type":"SearchAction","target":{"@type":"EntryPoint","urlTemplate":"https:\/\/www.etoro.com\/pl\/?s={search_term_string}"},"query-input":{"@type":"PropertyValueSpecification","valueRequired":true,"valueName":"search_term_string"}}],"inLanguage":"pl"},[]]}},"_links":{"self":[{"href":"https:\/\/www.etoro.com\/pl\/wp-json\/wp\/v2\/pages\/849374"}],"collection":[{"href":"https:\/\/www.etoro.com\/pl\/wp-json\/wp\/v2\/pages"}],"about":[{"href":"https:\/\/www.etoro.com\/pl\/wp-json\/wp\/v2\/types\/page"}],"author":[{"embeddable":true,"href":"https:\/\/www.etoro.com\/pl\/wp-json\/wp\/v2\/users\/75"}],"replies":[{"embeddable":true,"href":"https:\/\/www.etoro.com\/pl\/wp-json\/wp\/v2\/comments?post=849374"}],"version-history":[{"count":0,"href":"https:\/\/www.etoro.com\/pl\/wp-json\/wp\/v2\/pages\/849374\/revisions"}],"up":[{"embeddable":true,"href":"https:\/\/www.etoro.com\/pl\/wp-json\/wp\/v2\/pages\/19767"}],"wp:featuredmedia":[{"embeddable":true,"href":"https:\/\/www.etoro.com\/pl\/wp-json\/wp\/v2\/media\/1048677"}],"wp:attachment":[{"href":"https:\/\/www.etoro.com\/pl\/wp-json\/wp\/v2\/media?parent=849374"}],"wp:term":[{"taxonomy":"asset_type","embeddable":true,"href":"https:\/\/www.etoro.com\/pl\/wp-json\/wp\/v2\/asset_type?post=849374"}],"curies":[{"name":"wp","href":"https:\/\/api.w.org\/{rel}","templated":true}]}}