{"id":862591,"date":"2024-03-20T15:52:22","date_gmt":"2024-03-20T13:52:22","guid":{"rendered":"https:\/\/www.etoro.com\/investing\/sp-500-investing-strategies\/"},"modified":"2025-07-29T09:39:31","modified_gmt":"2025-07-29T06:39:31","slug":"sp-500-investing-strategies","status":"publish","type":"page","link":"https:\/\/www.etoro.com\/pl\/investing\/sp-500-investing-strategies\/","title":{"rendered":"Strategie d\u0142ugoterminowe inwestycji w S&amp;P 500"},"content":{"rendered":"\n<p class=\"is-style-summary\">Kontynuuj\u0105c nasz wst\u0119pny przewodnik po S&amp;P 500, zag\u0142\u0119biamy si\u0119 w istot\u0119 d\u0142ugoterminowego inwestowania i jak potencjalnie mo\u017cna zwi\u0119kszy\u0107 swoje wyniki, korzystaj\u0105c z tego indeksu.<\/p>\n\n\n\n<hr class=\"wp-block-separator wp-block-separator-color-dark-grey wp-block-separator-spaces-medium wp-block-separator-weight-1\"\/>\n\n\n\n<p>Trend polegaj\u0105cy na inwestowaniu w indeksy, ze szczeg\u00f3lnym uwzgl\u0119dnieniem indeksu S&amp;P 500, odzwierciedla zmian\u0119 w strategiach inwestycyjnych. Metoda ta nadaje priorytet d\u0142ugoterminowym \u015brednim zwrotom przy minimalnym wysi\u0142ku, cz\u0119sto przewy\u017cszaj\u0105c aktywn\u0105 selekcj\u0119 akcji.<\/p>\n\n\n\n<h2 class=\"wp-block-heading\">Pot\u0119ga d\u0142ugoterminowego inwestowania w indeks S&amp;P500<\/h2>\n\n\n\n<p>Historyczne wyniki S&amp;P 500 ukazuj\u0105 moc d\u0142ugoterminowego inwestowania. Utrzymuj\u0105c inwestycje w tym indeksie przez d\u0142ugie okresy, inwestorzy mog\u0105<strong> <\/strong>zwi\u0119kszy\u0107 swoje szanse na czerpanie korzy\u015bci ze sta\u0142ego wzrostu i odsetek z\u0142o\u017conych. Przeanalizujmy pokr\u00f3tce poni\u017cszy wykres.<\/p>\n\n\n\n<figure class=\"wp-block-image size-full\"><img loading=\"lazy\" decoding=\"async\" width=\"756\" height=\"400\" src=\"https:\/\/www.etoro.com\/wp-content\/uploads\/2024\/03\/Graph-2.png\" alt=\"\" class=\"wp-image-861371 wp-image-desktop\" srcset=\"https:\/\/www.etoro.com\/wp-content\/uploads\/2024\/03\/Graph-2.png 756w, https:\/\/www.etoro.com\/wp-content\/uploads\/2024\/03\/Graph-2-300x159.png 300w\" sizes=\"(max-width: 756px) 100vw, 756px\" \/><\/figure>\n\n\n\n<p>Od momentu powstania w 1926 r. z\u0142o\u017cona roczna stopa wzrostu indeksu \u2014 z uwzgl\u0119dnieniem dywidend \u2014 wynios\u0142a oko\u0142o 9,8% (6% po uwzgl\u0119dnieniu inflacji), a odchylenie standardowe zwrotu w tym samym okresie wynios\u0142o 20,81%.&nbsp;<\/p>\n\n\n\n<p>Podczas gdy indeks spad\u0142 w ci\u0105gu kilku lat o ponad 30%, odnotowa\u0142 roczne wzrosty w 70% przypadk\u00f3w, z 5% wszystkich dni handlowych skutkuj\u0105cych rekordowymi maksimami.<\/p>\n\n\n\n<h2 class=\"wp-block-heading\">Porady dla d\u0142ugoterminowego inwestowania w S&amp;P 500<\/h2>\n\n\n\n<ol class=\"wp-block-list wp-block-list\">\n<li><strong>Cierpliwo\u015b\u0107 mo\u017ce by\u0107 op\u0142acalna:<\/strong> D\u0142ugoterminowa inwestycja wymaga cierpliwo\u015bci. Historia S&amp;P 500 pokazuje, \u017ce pomimo kr\u00f3tkoterminowych waha\u0144, utrzymywanie inwestycji na d\u0142u\u017csz\u0105 met\u0119 zwykle skutkuje korzystnymi zwrotami.<\/li>\n\n\n\n<li><strong>Konsekwencja wa\u017cniejsza ni\u017c czas<\/strong>: Regularne wp\u0142aty na inwestycje w S&amp;P 500, zamiast pr\u00f3b przewidywania rynku, mog\u0105 doprowadzi\u0107 z czasem do znacz\u0105cych zysk\u00f3w dzi\u0119ki dollar-cost averaging.<\/li>\n\n\n\n<li><strong>Dywersyfikacja w ramach indeksu<\/strong>: Chocia\u017c sam S&amp;P 500 oferuje dywersyfikacj\u0119 warto rozwa\u017cy\u0107 zr\u00f3\u017cnicowanie swoich inwestycji w ramach indeksu, aby z\u0142agodzi\u0107 ryzyko <a href=\"https:\/\/www.etoro.com\/pl\/investing\/economic-cycle\/\">specyficzne dla sektora<\/a>, na przyk\u0142ad inwestuj\u0105c w r\u00f3\u017cne fundusze skoncentrowane na sektorach S&amp;P 500, takie jak technologia, opieka zdrowotna i finanse.<\/li>\n<\/ol>\n\n\n\n<h2 class=\"wp-block-heading\">Perspektywa Warrena Buffetta<\/h2>\n\n\n\n<p>W naszym poprzednim poradniku wspominali\u015bmy o filozofii Warrena Buffetta dotycz\u0105cej d\u0142ugoterminowego inwestowania w indeksy.&nbsp; Jak sam powiedzia\u0142,<\/p>\n\n\n\n<figure class=\"wp-block-image size-full\"><a href=\"https:\/\/www.financehq.net\/warren-buffetts-investment-strategies-key-insights-for-success\/\" target=\"_blank\" rel=\"noreferrer noopener\"><img loading=\"lazy\" decoding=\"async\" width=\"756\" height=\"400\" src=\"https:\/\/www.etoro.com\/wp-content\/uploads\/2024\/03\/Body-Image-Warren-Buffett.png\" alt=\"\" class=\"wp-image-862164 wp-image-desktop\" srcset=\"https:\/\/www.etoro.com\/wp-content\/uploads\/2024\/03\/Body-Image-Warren-Buffett.png 756w, https:\/\/www.etoro.com\/wp-content\/uploads\/2024\/03\/Body-Image-Warren-Buffett-300x159.png 300w\" sizes=\"(max-width: 756px) 100vw, 756px\" \/><\/a><\/figure>\n\n\n\n<h2 class=\"wp-block-heading\">Zrozumienie d\u0142ugoterminowego horyzontu<\/h2>\n\n\n\n<p>D\u0142ugoterminowe inwestowanie w S&amp;P 500 to nie tylko wytrzymywanie wzlot\u00f3w i upadk\u00f3w; chodzi o zrozumienie i wykorzystanie <a href=\"https:\/\/admiralmarkets.com\/pl\/education\/articles\/market-statistics\/cyklicznosc-na-rynkach\" target=\"_blank\" rel=\"noreferrer noopener\">cyklicznej natury rynk\u00f3w dla<\/a> trwa\u0142ych zysk\u00f3w. To podej\u015bcie jest zgodne z projektem indeksu, aby odzwierciedla\u0107 i wykorzystywa\u0107 szerokie trendy rynkowe na przestrzeni czasu.<\/p>\n\n\n\n<h2 class=\"wp-block-heading\">Rola S&amp;P 500 w zdywersyfikowanym portfelu<\/h2>\n\n\n\n<p>W\u0142\u0105czenie S&amp;P 500 do zdywersyfikowanego portfela oferuje silny potencja\u0142 d\u0142ugoterminowego wzrostu, ale kluczowe jest uzupe\u0142nienie go r\u00f3\u017cnymi innymi typami inwestycji, aby dopasowa\u0107 je do Twoich <a href=\"https:\/\/www.etoro.com\/pl\/investing\/risk-management\/\">preferencji ryzyka<\/a> i cel\u00f3w finansowych, zapewniaj\u0105c wszechstronn\u0105 strategi\u0119 inwestycyjn\u0105.<\/p>\n\n\n\n<h2 class=\"wp-block-heading\">Podsumowanie<\/h2>\n\n\n\n<p>S&amp;P 500 jest warte rozwa\u017cenia przez d\u0142ugoterminowych inwestor\u00f3w, poniewa\u017c oferuje mieszank\u0119 stabilno\u015bci, r\u00f3\u017cnorodno\u015bci i potencja\u0142u wzrostu. Jego osi\u0105gni\u0119cia na przestrzeni dziesi\u0119cioleci podkre\u015blaj\u0105 korzy\u015bci p\u0142yn\u0105ce z cierpliwej, konsekwentnej strategii inwestycyjnej.&nbsp;<\/p>\n\n\n\n<p>Jak wida\u0107, S&amp;P 500 to wi\u0119cej ni\u017c tylko indeks; to droga do potencjalnie stabilnych d\u0142ugoterminowych <a href=\"https:\/\/www.etoro.com\/pl\/academy\/investing\/\">cel\u00f3w inwestycyjnych<\/a>.<\/p>\n\n\n\n<p>Odwied\u017a <a href=\"https:\/\/www.etoro.com\/pl\/academy\/\">Akademi\u0119 eToro<\/a>, aby pog\u0142\u0119bi\u0107 swoj\u0105 wiedz\u0119 na temat strategii d\u0142ugoterminowego inwestowania.<\/p>\n\n\n\n<h2 class=\"wp-block-heading\">Najcz\u0119\u015bciej zadawane pytania<\/h2>\n\n\n\n<dl class=\"wp-block-etoro-faq\">\n<div class=\"wp-block-etoro-faq-item\"><dt class=\"wp-block-etoro-faq-item-question\">Jak r\u00f3\u017cne cykle gospodarcze wp\u0142ywaj\u0105 na wyniki S&amp;P 500 w d\u0142u\u017cszej perspektywie?<\/dt><dd class=\"wp-block-etoro-faq-item-answer\">\n<p><a href=\"https:\/\/www.etoro.com\/pl\/investing\/market-and-economic-cycles\/\">Cykle gospodarcze<\/a>, w tym okresy ekspansji i recesji, oraz stopy procentowe mog\u0105 znacz\u0105co wp\u0142yn\u0105\u0107 na S&amp;P 500. Historycznie indeks wykaza\u0142 odporno\u015b\u0107, odbijaj\u0105c si\u0119 od spadk\u00f3w, aby osi\u0105gn\u0105\u0107 wzrost w d\u0142u\u017cszej perspektywie, odzwierciedlaj\u0105c og\u00f3ln\u0105 si\u0142\u0119 zdywersyfikowanych firm w jego sk\u0142adzie.&nbsp;<\/p>\n\n\n\n<p>Zrozumienie cykl\u00f3w koniunkturalnych i ich wp\u0142ywu na ceny gie\u0142dowe jest umiej\u0119tno\u015bci\u0105, kt\u00f3ra mo\u017ce by\u0107 pomocna w d\u0105\u017ceniu do cel\u00f3w i budowaniu niezale\u017cno\u015bci finansowej. Przyczyni si\u0119 do tego rozpoznanie fazy cyklu, w kt\u00f3rej w danym momencie znajduje si\u0119 gospodarka.<\/p>\n<\/dd><\/div>\n\n\n\n<div class=\"wp-block-etoro-faq-item\"><dt class=\"wp-block-etoro-faq-item-question\">Jak inflacja i zmiany st\u00f3p procentowych wp\u0142ywaj\u0105 na d\u0142ugoterminowe inwestycje w S&amp;P 500?<\/dt><dd class=\"wp-block-etoro-faq-item-answer\">\n<p>Inflacja i stopy procentowe mog\u0105 wp\u0142ywa\u0107 na S&amp;P 500; typowo wysoka inflacja <a href=\"https:\/\/www.parkiet.com\/analizy-rynkowe\/art39582471-droga-pod-gore-inwestowanie-w-swiecie-wysokich-stop\" target=\"_blank\" rel=\"noreferrer noopener\">lub rosn\u0105ce stopy procentowe<\/a> mog\u0105 prowadzi\u0107 do kr\u00f3tkoterminowych spadk\u00f3w.&nbsp;<\/p>\n\n\n\n<p>Jednak\u017ce, w d\u0142u\u017cszej perspektywie, indeks wykaza\u0142 zdolno\u015b\u0107 do dostosowania si\u0119 i kontynuowania swojej trajektorii wzrostu. W zwi\u0105zku z tym, wraz ze zmian\u0105 st\u00f3p procentowych z niskich na wysokie inwestorzy powinni zwr\u00f3ci\u0107 uwag\u0119 na kilka czynnik\u00f3w, kt\u00f3re mog\u0105 mie\u0107 wp\u0142yw na podejmowanie decyzji dotycz\u0105cych zajmowania pozycji na rynku. W tym fakt, \u017ce wysokie stopy procentowe spowoduj\u0105 zmian\u0119 preferencji rynkowych, a inwestycje w akcje mog\u0105 przynie\u015b\u0107 wi\u0119ksze zyski dzi\u0119ki wy\u017cszemu poziomowi podejmowanego aktywnie ryzyka.<\/p>\n<\/dd><\/div>\n\n\n\n<div class=\"wp-block-etoro-faq-item\"><dt class=\"wp-block-etoro-faq-item-question\">Czy istnieje optymalny czas lub warunki rynkowe do rozpocz\u0119cia d\u0142ugoterminowej inwestycji w S&amp;P 500?<\/dt><dd class=\"wp-block-etoro-faq-item-answer\">\n<p>Aby znale\u017a\u0107 w\u0142a\u015bciw\u0105 odpowied\u017a, nale\u017cy dokona\u0107 analizy rynku lub skorzysta\u0107 z analizy ekspert\u00f3w. Chocia\u017c przewidywanie rynku jest trudne, d\u0142ugoterminowe inwestowanie w mniejszym stopniu zale\u017cy od znalezienia idealnego punktu wej\u015bcia, a bardziej od konsekwentnego uczestnictwa. <a href=\"https:\/\/www.etoro.com\/pl\/investing\/why-should-i-start-investing\/\">Rozpocz\u0119cie inwestowania<\/a> i kontynuowanie go regularnie, niezale\u017cnie od warunk\u00f3w rynkowych, cz\u0119sto przynosi najlepsze d\u0142ugoterminowe wyniki.<\/p>\n\n\n\n<p><a href=\"https:\/\/www.xtb.com\/pl\" target=\"_blank\" rel=\"noreferrer noopener\">Indeks SP500<\/a> ma tendencj\u0119 do wzrost\u00f3w, gdy stopy procentowe pozostaj\u0105 na niskim poziomie. Natomiast okresy destabilizacji rynkowej nie s\u0105 dobrym czasem na inwestowanie w indeks S&amp;P 500, mo\u017ce on odnotowa\u0107 kilkunastoprocentowe, wi\u0119c du\u017ce spadki, pomimo tego, \u017ce uznawany on jest za indeks bezpiecznej przystani.<\/p>\n<\/dd><\/div>\n<\/dl>\n\n\n\n\t\t<style>\n\t\t\t.rtl .etoro-block-shortcode-disclaimer {\n\t\t\t\ttext-align:right;\n\t\t\t}\n\t\t\t.etoro-block-shortcode-disclaimer {\n\t\t\t\tmargin-bottom:18px;\n\t\t\t\ttext-align:left;\n\t\t\t}\n\t\t\t.etoro-block-shortcode-disclaimer p{\n\t\t\t\tfont-size: 12px;\n\t\t\t\tline-height: 18px;\n\t\t\t}\n\t\t\t@media (min-width: 768px) {\n\t\t\t\t.etoro-block-shortcode-disclaimer {\n\t\t\t\t\tmax-width:1176px;\n\t\t\t\t\ttext-align:center;\n\t\t\t\t}\n\t\t\t\t.etoro-block-shortcode-disclaimer p {\n\t\t\t\t\tfont-size: 14px;\n\t\t\t\t\tline-height: 20px;\n\t\t\t\t}\n\t\t\t}\n\t\t<\/style>\n\t\t<div class='etoro-block-shortcode-disclaimer'><p>Niniejsze tre\u015bci maj\u0105 charakter wy\u0142\u0105cznie edukacyjny i nie powinny by\u0107 traktowane jako porada inwestycyjna, osobista rekomendacja, oferta lub zach\u0119ta do kupna b\u0105d\u017a sprzeda\u017cy jakichkolwiek instrument\u00f3w finansowych.<\/p>\n<p>Podczas przygotowywania niniejszego materia\u0142u nie uwzgl\u0119dniano konkretnych cel\u00f3w inwestycyjnych ani sytuacji finansowej. Nie zosta\u0142 on sporz\u0105dzony zgodnie z wymogami prawnymi i regulacyjnymi dotycz\u0105cymi promowania niezale\u017cnych bada\u0144.<\/p>\n<p><strong>Nie wszystkie instrumenty finansowe i us\u0142ugi, o kt\u00f3rych mowa, s\u0105 oferowane przez eToro<\/strong>, a wszelkie odniesienia do historycznych wynik\u00f3w instrument\u00f3w finansowych, indeks\u00f3w lub konfekcjonowanych produkt\u00f3w inwestycyjnych nie stanowi\u0105 gwarancji przysz\u0142ych wynik\u00f3w i nie nale\u017cy ich w ten spos\u00f3b interpretowa\u0107. <strong>Dost\u0119pno\u015b\u0107 wszystkich wy\u017cej wymienionych produkt\u00f3w i us\u0142ug mo\u017ce r\u00f3\u017cni\u0107 si\u0119 w zale\u017cno\u015bci od jurysdykcji i kraju.<\/strong><\/p>\n<p>eToro nie gwarantuje oraz nie ponosi odpowiedzialno\u015bci wzgl\u0119dem dok\u0142adno\u015bci lub kompletno\u015bci tre\u015bci niniejszego przewodnika. Zanim zainwestujesz jakikolwiek kapita\u0142, upewnij si\u0119, \u017ce rozumiesz ryzyko zwi\u0105zane z jego obrotem. Nigdy nie ryzykuj wi\u0119cej ni\u017c jeste\u015b got\u00f3w straci\u0107.<\/p>\n<\/div>\n","protected":false},"excerpt":{"rendered":"<p>Kontynuuj\u0105c nasz wst\u0119pny przewodnik po S&amp;P 500, zag\u0142\u0119biamy si\u0119 w istot\u0119 d\u0142ugoterminowego inwestowania i jak potencjalnie mo\u017cna zwi\u0119kszy\u0107 swoje wyniki, korzystaj\u0105c z tego indeksu. Trend polegaj\u0105cy na inwestowaniu w indeksy, ze szczeg\u00f3lnym uwzgl\u0119dnieniem indeksu S&amp;P 500, odzwierciedla zmian\u0119 w strategiach inwestycyjnych. Metoda ta nadaje priorytet d\u0142ugoterminowym \u015brednim zwrotom przy minimalnym wysi\u0142ku, cz\u0119sto przewy\u017cszaj\u0105c aktywn\u0105 selekcj\u0119&hellip;<\/p>\n","protected":false},"author":96,"featured_media":862593,"parent":19767,"menu_order":0,"comment_status":"closed","ping_status":"closed","template":"","meta":{"_acf_changed":false,"inline_featured_image":false,"sticky_cta_settings":"","footnotes":""},"asset_type":[6601],"class_list":["post-862591","page","type-page","status-publish","has-post-thumbnail","hentry","asset_type-is-cfd"],"acf":[],"yoast_head":"<title>Strategie d\u0142ugiego inwestowania w indeks S&amp;P 500 | eToro<\/title>\n<meta name=\"description\" content=\"Korzy\u015bci p\u0142yn\u0105ce z d\u0142ugoterminowego inwestowania w indeks S&amp;P 500 z eToro. Kluczowe strategie zapewniaj\u0105ce trwa\u0142y sukces na rynku.\" \/>\n<meta name=\"robots\" content=\"index, follow, max-snippet:-1, max-image-preview:large, max-video-preview:-1\" \/>\n<link rel=\"canonical\" href=\"https:\/\/www.etoro.com\/pl\/wp-json\/wp\/v2\/pages\/862591\" \/>\n<meta property=\"og:locale\" content=\"pl_PL\" \/>\n<meta property=\"og:type\" content=\"article\" \/>\n<meta property=\"og:title\" content=\"Strategie d\u0142ugiego inwestowania w indeks S&amp;P 500 | eToro\" \/>\n<meta property=\"og:description\" content=\"Korzy\u015bci p\u0142yn\u0105ce z d\u0142ugoterminowego inwestowania w indeks S&amp;P 500 z eToro. Kluczowe strategie zapewniaj\u0105ce trwa\u0142y sukces na rynku.\" \/>\n<meta property=\"og:url\" content=\"https:\/\/www.etoro.com\/pl\/wp-json\/wp\/v2\/pages\/862591\" \/>\n<meta property=\"og:site_name\" content=\"eToro\" \/>\n<meta property=\"article:publisher\" content=\"https:\/\/www.facebook.com\/eToro\/\" \/>\n<meta property=\"article:modified_time\" content=\"2025-07-29T06:39:31+00:00\" \/>\n<meta property=\"og:image\" content=\"https:\/\/www.etoro.com\/wp-content\/uploads\/2024\/03\/PL-SP-500-Article-2_Featured-image.png\" \/>\n\t<meta property=\"og:image:width\" content=\"1200\" \/>\n\t<meta property=\"og:image:height\" content=\"630\" \/>\n\t<meta property=\"og:image:type\" content=\"image\/png\" \/>\n<meta name=\"twitter:card\" content=\"summary_large_image\" \/>\n<meta name=\"twitter:site\" content=\"@eToro\" \/>\n<meta name=\"twitter:label1\" content=\"Est. reading time\" \/>\n\t<meta name=\"twitter:data1\" content=\"4 minutes\" \/>\n<script type=\"application\/ld+json\" class=\"yoast-schema-graph\">{\"@context\":\"https:\/\/schema.org\",\"@graph\":[{\"@type\":\"WebPage\",\"@id\":\"https:\/\/www.etoro.com\/pl\/investing\/sp-500-investing-strategies\/\",\"url\":\"https:\/\/www.etoro.com\/pl\/investing\/sp-500-investing-strategies\/\",\"name\":\"Strategie d\u0142ugiego inwestowania w indeks S&P 500 | eToro\",\"isPartOf\":{\"@id\":\"https:\/\/www.etoro.com\/pl\/#website\"},\"primaryImageOfPage\":{\"@id\":\"https:\/\/www.etoro.com\/pl\/investing\/sp-500-investing-strategies\/#primaryimage\"},\"image\":{\"@id\":\"https:\/\/www.etoro.com\/pl\/investing\/sp-500-investing-strategies\/#primaryimage\"},\"thumbnailUrl\":\"https:\/\/www.etoro.com\/wp-content\/uploads\/2024\/03\/PL-SP-500-Article-2_Featured-image.png\",\"datePublished\":\"2024-03-20T13:52:22+00:00\",\"dateModified\":\"2025-07-29T06:39:31+00:00\",\"description\":\"Korzy\u015bci p\u0142yn\u0105ce z d\u0142ugoterminowego inwestowania w indeks S&P 500 z eToro. Kluczowe strategie zapewniaj\u0105ce trwa\u0142y sukces na rynku.\",\"breadcrumb\":{\"@id\":\"https:\/\/www.etoro.com\/pl\/investing\/sp-500-investing-strategies\/#breadcrumb\"},\"inLanguage\":\"pl\",\"potentialAction\":[{\"@type\":\"ReadAction\",\"target\":[\"https:\/\/www.etoro.com\/pl\/investing\/sp-500-investing-strategies\/\"]}]},{\"@type\":\"ImageObject\",\"inLanguage\":\"pl\",\"@id\":\"https:\/\/www.etoro.com\/pl\/investing\/sp-500-investing-strategies\/#primaryimage\",\"url\":\"https:\/\/www.etoro.com\/wp-content\/uploads\/2024\/03\/PL-SP-500-Article-2_Featured-image.png\",\"contentUrl\":\"https:\/\/www.etoro.com\/wp-content\/uploads\/2024\/03\/PL-SP-500-Article-2_Featured-image.png\",\"width\":1200,\"height\":630},{\"@type\":\"BreadcrumbList\",\"@id\":\"https:\/\/www.etoro.com\/pl\/investing\/sp-500-investing-strategies\/#breadcrumb\",\"itemListElement\":[{\"@type\":\"ListItem\",\"position\":1,\"name\":\"Strona g\u0142\u00f3wna\",\"item\":\"https:\/\/www.etoro.com\/pl\/\"},{\"@type\":\"ListItem\",\"position\":2,\"name\":\"Inwestycje d\u0142ugoterminowe\",\"item\":\"https:\/\/www.etoro.com\/pl\/investing\/\"},{\"@type\":\"ListItem\",\"position\":3,\"name\":\"Strategie d\u0142ugoterminowe inwestycji w S&amp;P 500\"}]},{\"@type\":\"WebSite\",\"@id\":\"https:\/\/www.etoro.com\/pl\/#website\",\"url\":\"https:\/\/www.etoro.com\/pl\/\",\"name\":\"eToro\",\"description\":\"\",\"publisher\":{\"@id\":\"https:\/\/www.etoro.com\/pl\/#organization\"},\"potentialAction\":[{\"@type\":\"SearchAction\",\"target\":{\"@type\":\"EntryPoint\",\"urlTemplate\":\"https:\/\/www.etoro.com\/pl\/?s={search_term_string}\"},\"query-input\":{\"@type\":\"PropertyValueSpecification\",\"valueRequired\":true,\"valueName\":\"search_term_string\"}}],\"inLanguage\":\"pl\"},[]]}<\/script>","yoast_head_json":{"title":"Strategie d\u0142ugiego inwestowania w indeks S&P 500 | eToro","description":"Korzy\u015bci p\u0142yn\u0105ce z d\u0142ugoterminowego inwestowania w indeks S&P 500 z eToro. Kluczowe strategie zapewniaj\u0105ce trwa\u0142y sukces na rynku.","robots":{"index":"index","follow":"follow","max-snippet":"max-snippet:-1","max-image-preview":"max-image-preview:large","max-video-preview":"max-video-preview:-1"},"canonical":"https:\/\/www.etoro.com\/pl\/wp-json\/wp\/v2\/pages\/862591","og_locale":"pl_PL","og_type":"article","og_title":"Strategie d\u0142ugiego inwestowania w indeks S&P 500 | eToro","og_description":"Korzy\u015bci p\u0142yn\u0105ce z d\u0142ugoterminowego inwestowania w indeks S&P 500 z eToro. Kluczowe strategie zapewniaj\u0105ce trwa\u0142y sukces na rynku.","og_url":"https:\/\/www.etoro.com\/pl\/wp-json\/wp\/v2\/pages\/862591","og_site_name":"eToro","article_publisher":"https:\/\/www.facebook.com\/eToro\/","article_modified_time":"2025-07-29T06:39:31+00:00","og_image":[{"width":1200,"height":630,"url":"https:\/\/www.etoro.com\/wp-content\/uploads\/2024\/03\/PL-SP-500-Article-2_Featured-image.png","type":"image\/png"}],"twitter_card":"summary_large_image","twitter_site":"@eToro","twitter_misc":{"Est. reading time":"4 minutes"},"schema":{"@context":"https:\/\/schema.org","@graph":[{"@type":"WebPage","@id":"https:\/\/www.etoro.com\/pl\/investing\/sp-500-investing-strategies\/","url":"https:\/\/www.etoro.com\/pl\/investing\/sp-500-investing-strategies\/","name":"Strategie d\u0142ugiego inwestowania w indeks S&P 500 | eToro","isPartOf":{"@id":"https:\/\/www.etoro.com\/pl\/#website"},"primaryImageOfPage":{"@id":"https:\/\/www.etoro.com\/pl\/investing\/sp-500-investing-strategies\/#primaryimage"},"image":{"@id":"https:\/\/www.etoro.com\/pl\/investing\/sp-500-investing-strategies\/#primaryimage"},"thumbnailUrl":"https:\/\/www.etoro.com\/wp-content\/uploads\/2024\/03\/PL-SP-500-Article-2_Featured-image.png","datePublished":"2024-03-20T13:52:22+00:00","dateModified":"2025-07-29T06:39:31+00:00","description":"Korzy\u015bci p\u0142yn\u0105ce z d\u0142ugoterminowego inwestowania w indeks S&P 500 z eToro. Kluczowe strategie zapewniaj\u0105ce trwa\u0142y sukces na rynku.","breadcrumb":{"@id":"https:\/\/www.etoro.com\/pl\/investing\/sp-500-investing-strategies\/#breadcrumb"},"inLanguage":"pl","potentialAction":[{"@type":"ReadAction","target":["https:\/\/www.etoro.com\/pl\/investing\/sp-500-investing-strategies\/"]}]},{"@type":"ImageObject","inLanguage":"pl","@id":"https:\/\/www.etoro.com\/pl\/investing\/sp-500-investing-strategies\/#primaryimage","url":"https:\/\/www.etoro.com\/wp-content\/uploads\/2024\/03\/PL-SP-500-Article-2_Featured-image.png","contentUrl":"https:\/\/www.etoro.com\/wp-content\/uploads\/2024\/03\/PL-SP-500-Article-2_Featured-image.png","width":1200,"height":630},{"@type":"BreadcrumbList","@id":"https:\/\/www.etoro.com\/pl\/investing\/sp-500-investing-strategies\/#breadcrumb","itemListElement":[{"@type":"ListItem","position":1,"name":"Strona g\u0142\u00f3wna","item":"https:\/\/www.etoro.com\/pl\/"},{"@type":"ListItem","position":2,"name":"Inwestycje d\u0142ugoterminowe","item":"https:\/\/www.etoro.com\/pl\/investing\/"},{"@type":"ListItem","position":3,"name":"Strategie d\u0142ugoterminowe inwestycji w S&amp;P 500"}]},{"@type":"WebSite","@id":"https:\/\/www.etoro.com\/pl\/#website","url":"https:\/\/www.etoro.com\/pl\/","name":"eToro","description":"","publisher":{"@id":"https:\/\/www.etoro.com\/pl\/#organization"},"potentialAction":[{"@type":"SearchAction","target":{"@type":"EntryPoint","urlTemplate":"https:\/\/www.etoro.com\/pl\/?s={search_term_string}"},"query-input":{"@type":"PropertyValueSpecification","valueRequired":true,"valueName":"search_term_string"}}],"inLanguage":"pl"},[]]}},"_links":{"self":[{"href":"https:\/\/www.etoro.com\/pl\/wp-json\/wp\/v2\/pages\/862591"}],"collection":[{"href":"https:\/\/www.etoro.com\/pl\/wp-json\/wp\/v2\/pages"}],"about":[{"href":"https:\/\/www.etoro.com\/pl\/wp-json\/wp\/v2\/types\/page"}],"author":[{"embeddable":true,"href":"https:\/\/www.etoro.com\/pl\/wp-json\/wp\/v2\/users\/96"}],"replies":[{"embeddable":true,"href":"https:\/\/www.etoro.com\/pl\/wp-json\/wp\/v2\/comments?post=862591"}],"version-history":[{"count":0,"href":"https:\/\/www.etoro.com\/pl\/wp-json\/wp\/v2\/pages\/862591\/revisions"}],"up":[{"embeddable":true,"href":"https:\/\/www.etoro.com\/pl\/wp-json\/wp\/v2\/pages\/19767"}],"wp:featuredmedia":[{"embeddable":true,"href":"https:\/\/www.etoro.com\/pl\/wp-json\/wp\/v2\/media\/862593"}],"wp:attachment":[{"href":"https:\/\/www.etoro.com\/pl\/wp-json\/wp\/v2\/media?parent=862591"}],"wp:term":[{"taxonomy":"asset_type","embeddable":true,"href":"https:\/\/www.etoro.com\/pl\/wp-json\/wp\/v2\/asset_type?post=862591"}],"curies":[{"name":"wp","href":"https:\/\/api.w.org\/{rel}","templated":true}]}}