{"id":867147,"date":"2024-01-05T14:43:27","date_gmt":"2024-01-05T12:43:27","guid":{"rendered":"https:\/\/www.etoro.com\/about\/club\/tax-partners\/"},"modified":"2024-04-11T12:11:48","modified_gmt":"2024-04-11T09:11:48","slug":"tax-partners","status":"publish","type":"page","link":"https:\/\/www.etoro.com\/pl\/about\/club\/tax-partners\/","title":{"rendered":"Tax Partners"},"content":{"rendered":"\n<section class=\"wp-block-group wp-block-group-boxed wp-block-group-medium-bottom-padding has-white-background-color has-background\"><div class=\"wp-block-group-inner is-layout-flow wp-block-group-is-layout-flow\">\n<div class=\"wp-block-columns are-vertically-aligned-top wp-block-columns-1 wp-block-columns-size-14 is-layout-flex wp-container-core-columns-is-layout-1 wp-block-columns-is-layout-flex\">\n<div class=\"wp-block-column wp-block-column-align-desktop-center wp-block-column-align-mobile-left is-layout-flow wp-block-column-is-layout-flow\">\n<p class=\"has-text-align-center\">Jako cz\u0142onek eToro Club masz prawo do zni\u017cki na zeznanie podatkowe wygenerowane przez jednego z naszych partner\u00f3w. Po prostu skorzystaj z naszej listy ekspert\u00f3w podatkowych, a oni wykonaj\u0105 ca\u0142\u0105 prac\u0119 za Ciebie.<\/p>\n<\/div>\n<\/div>\n<\/div><\/section>\n\n\n\n<section class=\"wp-block-group wp-block-group-boxed wp-block-group-medium-top-padding wp-block-group-medium-bottom-padding has-white-background-color has-background\"><div class=\"wp-block-group-inner is-layout-flow wp-block-group-is-layout-flow\">\n<div class=\"wp-block-columns are-vertically-aligned-top wp-block-columns-3 is-layout-flex wp-container-core-columns-is-layout-2 wp-block-columns-is-layout-flex\">\n<div class=\"wp-block-column is-layout-flow wp-block-column-is-layout-flow\">\n<div class=\"wp-block-etoro-card wp-block-etoro-card-size-small wp-block-etoro-card-thumbnail-position-above wp-block-etoro-card-default\"><img decoding=\"async\" src=\"https:\/\/www.etoro.com\/wp-content\/uploads\/2024\/01\/flag.svg\" alt=\"Wybierz partnera podatkowego\" class=\"wp-block-etoro-card-thumbnail\"\/><div class=\"wp-block-etoro-card-body\"><div class=\"wp-block-etoro-card-title\">Wybierz partnera podatkowego<\/div><div class=\"wp-block-etoro-card-content\">\n<p><strong><strong>Upewnij si\u0119, \u017ce jeste\u015b zalogowany,<\/strong><\/strong> a nast\u0119pnie wybierz sw\u00f3j kraj zamieszkania. Dost\u0119pni partnerzy podatkowi w danym regionie zostan\u0105 wy\u015bwietleni na li\u015bcie.<\/p>\n<\/div><\/div><\/div>\n<\/div>\n\n\n\n<div class=\"wp-block-column is-layout-flow wp-block-column-is-layout-flow\">\n<div class=\"wp-block-etoro-card wp-block-etoro-card-size-small wp-block-etoro-card-thumbnail-position-above wp-block-etoro-card-default\"><img decoding=\"async\" src=\"https:\/\/www.etoro.com\/wp-content\/uploads\/2024\/01\/featured.svg\" alt=\"Otrzymaj zni\u017ck\u0119\" class=\"wp-block-etoro-card-thumbnail\"\/><div class=\"wp-block-etoro-card-body\"><div class=\"wp-block-etoro-card-title\">Otrzymaj zni\u017ck\u0119<\/div><div class=\"wp-block-etoro-card-content\">\n<p>Cz\u0142onkowie klubu otrzymuj\u0105 te us\u0142ugi ze znacz\u0105cymi zni\u017ckami. Wysoko\u015b\u0107 rabatu zale\u017cy od poziomu eToro Club.<\/p>\n<\/div><\/div><\/div>\n<\/div>\n\n\n\n<div class=\"wp-block-column is-layout-flow wp-block-column-is-layout-flow\">\n<div class=\"wp-block-etoro-card wp-block-etoro-card-size-small wp-block-etoro-card-thumbnail-position-above wp-block-etoro-card-default\"><img decoding=\"async\" src=\"https:\/\/www.etoro.com\/wp-content\/uploads\/2024\/01\/like.svg\" alt=\"Odpr\u0119\u017c si\u0119...\" class=\"wp-block-etoro-card-thumbnail\"\/><div class=\"wp-block-etoro-card-body\"><div class=\"wp-block-etoro-card-title\">Odpr\u0119\u017c si\u0119&#8230;<\/div><div class=\"wp-block-etoro-card-content\">\n<p>I pozw\u00f3l specjalistom podatkowym zabra\u0107 si\u0119 do pracy, aby ten coroczny obowi\u0105zek by\u0142 dla Ciebie o wiele \u0142atwiejszy!<\/p>\n<\/div><\/div><\/div>\n<\/div>\n<\/div>\n<\/div><\/section>\n\n\n\n<section class=\"wp-block-group wp-block-group-boxed wp-block-group-medium-top-padding has-white-background-color has-background\"><div class=\"wp-block-group-inner is-layout-flow wp-block-group-is-layout-flow\">\n<div class=\"wp-block-columns are-vertically-aligned-top wp-block-columns-1 wp-block-columns-size-14 is-layout-flex wp-container-core-columns-is-layout-3 wp-block-columns-is-layout-flex\">\n<div class=\"wp-block-column wp-block-column-align-desktop-center wp-block-column-align-mobile-left is-layout-flow wp-block-column-is-layout-flow\">\n<p class=\"has-text-align-center\">Nale\u017cy pami\u0119ta\u0107, \u017ce eToro udost\u0119pni stronie trzeciej informacje o tym, do kt\u00f3rego poziomu eToro Club nale\u017cysz, aby\u015b m\u00f3g\u0142 otrzyma\u0107 odpowiedni\u0105 zni\u017ck\u0119.<\/p>\n\n\n\n<p class=\"is-style-disclaimer\">eToro nie \u015bwiadczy us\u0142ug doradztwa podatkowego, a podane informacje nie powinny by\u0107 interpretowane jako takie.<br>Klienci powinni zasi\u0119gn\u0105\u0107 niezale\u017cnej porady podatkowej.<\/p>\n<\/div>\n<\/div>\n<\/div><\/section>\n\n\n\n<section class=\"wp-block-group wp-block-group-boxed\"><div class=\"wp-block-group-inner is-layout-flow wp-block-group-is-layout-flow\">\n<h2 class=\"wp-block-heading has-text-align-center is-style-heading-2\" id=\"choose-tax-partner\"><strong><strong>Wybierz swojego partnera podatkowego <\/strong><\/strong>wed\u0142ug regionu<\/h2>\n\n\n\n<p class=\"has-text-align-center\">Wybierz preferowany kraj i us\u0142ugodawc\u0119 z rozwijanego menu poni\u017cej:<\/p>\n\n\n\n<div class=\"wp-block-etoro-tax-partners\"><div class=\"wp-block-etoro-tax-partners-select-wrapper\"><select class=\"wp-block-etoro-tax-partners-select\"><option value=\"\" disabled selected>Kraj<\/option><option value=\"7453\" data-id=\"12\">Australia<\/option><option value=\"6907\" data-id=\"55\">Czechy<\/option><option value=\"7794\" data-id=\"79\">Niemcy<\/option><option value=\"7311\" data-id=\"102\">W\u0142ochy<\/option><option value=\"6913\" data-id=\"132\">Meksyk<\/option><option value=\"6911\" data-id=\"164\">Polska<\/option><option value=\"6914\" data-id=\"165\">Portugalia<\/option><option value=\"6908\" data-id=\"168\">Rumunia<\/option><option value=\"6912\" data-id=\"184\">S\u0142owacja<\/option><option value=\"6909\" data-id=\"185\">S\u0142owenia<\/option><option value=\"6910\" data-id=\"191\">Hiszpania<\/option><option value=\"6915\" data-id=\"196\">Szwecja<\/option><option value=\"6906\" data-id=\"218\">Wielka Brytania<\/option><\/select><\/div><div class=\"wp-block-etoro-tax-partners-wrapper\"><\/div><\/div>\n<\/div><\/section>\n\n\n\n<section class=\"wp-block-group wp-block-group-boxed has-dark-blue-background-color has-background\"><div class=\"wp-block-group-inner is-layout-flow wp-block-group-is-layout-flow\">\n<div class=\"wp-block-columns are-vertically-aligned-top wp-block-columns-1 wp-block-columns-size-14 is-layout-flex wp-container-core-columns-is-layout-4 wp-block-columns-is-layout-flex\">\n<div class=\"wp-block-column is-layout-flow wp-block-column-is-layout-flow\">\n<h2 class=\"wp-block-heading has-text-align-center is-style-heading-2\"><span>Kt\u00f3ra zni\u017cka<strong> dotyczy mnie?<\/strong><\/span><\/h2>\n\n\n\n<p class=\"has-text-align-center\">Wysoko\u015b\u0107 rabatu zale\u017cy od posiadanego poziomu eToro Club. Zach\u0119camy do odwiedzenia panelu <a href=\"https:\/\/www.etoro.com\/pl\/dashboard\/club\" target=\"_blank\" rel=\"noreferrer noopener\">Club Dashboard<\/a>, gdzie mo\u017cna sprawdzi\u0107 sw\u00f3j aktualny poziom, aby skorzysta\u0107 z tej i innych ofert.<\/p>\n<\/div>\n<\/div>\n<\/div><\/section>\n\n\n\n<section class=\"wp-block-group wp-block-group-boxed has-white-background-color has-background\"><div class=\"wp-block-group-inner is-layout-flow wp-block-group-is-layout-flow\">\n<h2 class=\"wp-block-heading has-text-align-center\">FAQ<\/h2>\n\n\n\n<dl class=\"wp-block-etoro-faq\">\n<div class=\"wp-block-etoro-faq-item\"><dt class=\"wp-block-etoro-faq-item-question\">Co to za oferta?<\/dt><dd class=\"wp-block-etoro-faq-item-answer\">\n<p>Jako cz\u0142onek klubu masz prawo do zni\u017cki na wygenerowanie zeznania podatkowego przez jednego z naszych partner\u00f3w. Po prostu wybierz interesuj\u0105c\u0105 Ci\u0119 pozycj\u0119 z naszej listy ekspert\u00f3w podatkowych, a oni wykonaj\u0105 ca\u0142\u0105 prac\u0119 za Ciebie. Wysoko\u015b\u0107 rabatu zale\u017cy od poziomu eToro Club. Koniecznie odwied\u017a pulpit nawigacyjny klubu <a href=\"https:\/\/www.etoro.com\/pl\/dashboard\/club\">Club Dashboard<\/a>, gdzie mo\u017cesz sprawdzi\u0107 sw\u00f3j aktualny status poziomu dla tej i innych ofert.<\/p>\n<\/dd><\/div>\n\n\n\n<div class=\"wp-block-etoro-faq-item\"><dt class=\"wp-block-etoro-faq-item-question\">Dlaczego musz\u0119 by\u0107 zalogowany?<\/dt><dd class=\"wp-block-etoro-faq-item-answer\">\n<p>Aby skorzysta\u0107 z odpowiedniego rabatu zgodnie z poziomem klubu, musisz by\u0107 zalogowany na swoje konto eToro.<\/p>\n<\/dd><\/div>\n\n\n\n<div class=\"wp-block-etoro-faq-item\"><dt class=\"wp-block-etoro-faq-item-question\">Co je\u015bli nie widz\u0119 swojego kraju na li\u015bcie?<\/dt><dd class=\"wp-block-etoro-faq-item-answer\">\n<p>B\u0105d\u017a na bie\u017c\u0105co! Wkr\u00f3tce dodamy kolejne.<\/p>\n<\/dd><\/div>\n\n\n\n<div class=\"wp-block-etoro-faq-item\"><dt class=\"wp-block-etoro-faq-item-question\">Co je\u015bli b\u0119d\u0119 potrzebowa\u0107 pomocy?<\/dt><dd class=\"wp-block-etoro-faq-item-answer\">\n<p>W przypadku dalszych pyta\u0144 prosimy o kontakt z dedykowanym punktem kontaktowym za po\u015brednictwem <a href=\"https:\/\/www.etoro.com\/pl\/dashboard\/club\" target=\"_blank\" rel=\"noreferrer noopener\">pulpitu nawigacyjnego klubu<\/a>.<\/p>\n<\/dd><\/div>\n\n\n\n<div class=\"wp-block-etoro-faq-item\"><dt class=\"wp-block-etoro-faq-item-question\">Jak uzyska\u0107 dost\u0119p do tej oferty?<\/dt><dd class=\"wp-block-etoro-faq-item-answer\">\n<p>Upewnij si\u0119, \u017ce jeste\u015b zalogowany, a nast\u0119pnie wybierz sw\u00f3j kraj zamieszkania. Dost\u0119pni partnerzy podatkowi w danym regionie zostan\u0105 wy\u015bwietleni na li\u015bcie.<\/p>\n<\/dd><\/div>\n\n\n\n<div class=\"wp-block-etoro-faq-item\"><dt class=\"wp-block-etoro-faq-item-question\">Kto jest uprawniony do otrzymania tych zni\u017cek?<\/dt><dd class=\"wp-block-etoro-faq-item-answer\">\n<p>Zni\u017cki na zeznania podatkowe s\u0105 dost\u0119pne wy\u0142\u0105cznie dla cz\u0142onk\u00f3w eToro Club.<\/p>\n<\/dd><\/div>\n\n\n\n<div class=\"wp-block-etoro-faq-item\"><dt class=\"wp-block-etoro-faq-item-question\">Czy musz\u0119 z\u0142o\u017cy\u0107 sprawozdanie podatkowe?<\/dt><dd class=\"wp-block-etoro-faq-item-answer\">\n<p>U\u017cytkownik jest odpowiedzialny za obliczenie i op\u0142acenie wszelkich podatk\u00f3w obowi\u0105zuj\u0105cych w jego kraju lub krajach rezydencji podatkowej.<\/p>\n<\/dd><\/div>\n\n\n\n<div class=\"wp-block-etoro-faq-item\"><dt class=\"wp-block-etoro-faq-item-question\">Gdzie mog\u0119 zobaczy\u0107 przegl\u0105d mojej aktywno\u015bci inwestycyjnej?<\/dt><dd class=\"wp-block-etoro-faq-item-answer\">\n<p>Wyci\u0105g z konta mo\u017cna wygenerowa\u0107, klikaj\u0105c w &#8220;Ustawienia&#8221;, a nast\u0119pnie &#8220;Konto&#8221; (lub po prostu przechodz\u0105c do tego <a href=\"https:\/\/www.etoro.com\/pl\/documents\/accountstatement\" target=\"_blank\" rel=\"noreferrer noopener\">linku<\/a>). W sekcji Dokumenty kliknij &#8220;Wy\u015bwietl&#8221; obok pozycji Wyci\u0105g z konta. Wybierz przedzia\u0142 czasowy i kliknij &#8220;Utw\u00f3rz&#8221;, aby wygenerowa\u0107 wyci\u0105g z konta.<\/p>\n<\/dd><\/div>\n<\/dl>\n<\/div><\/section>\n\n\n\n<section class=\"wp-block-group wp-block-group-boxed\"><div class=\"wp-block-group-inner is-layout-flow wp-block-group-is-layout-flow\">\n<div class=\"wp-block-columns are-vertically-aligned-top wp-block-columns-1 is-layout-flex wp-container-core-columns-is-layout-5 wp-block-columns-is-layout-flex\">\n<div class=\"wp-block-column is-layout-flow wp-block-column-is-layout-flow\">\n<p class=\"has-text-align-center is-style-disclaimer\">Niniejszy komunikat jest przeznaczony wy\u0142\u0105cznie do cel\u00f3w informacyjnych i edukacyjnych i nie powinien by\u0107 traktowany jako porada inwestycyjna lub rekomendacja inwestycyjna. Niniejszy komunikat nie ma na celu \u015bwiadczenia us\u0142ug doradztwa podatkowego lub ksi\u0119gowego i nie nale\u017cy na nim polega\u0107; nale\u017cy skonsultowa\u0107 si\u0119 z w\u0142asnymi niezale\u017cnymi doradcami podatkowymi i ksi\u0119gowymi.<\/p>\n<\/div>\n<\/div>\n<\/div><\/section>\n","protected":false},"excerpt":{"rendered":"<p>Jako cz\u0142onek eToro Club masz prawo do zni\u017cki na zeznanie podatkowe wygenerowane przez jednego z naszych partner\u00f3w. Po prostu skorzystaj z naszej listy ekspert\u00f3w podatkowych, a oni wykonaj\u0105 ca\u0142\u0105 prac\u0119 za Ciebie. Nale\u017cy pami\u0119ta\u0107, \u017ce eToro udost\u0119pni stronie trzeciej informacje o tym, do kt\u00f3rego poziomu eToro Club nale\u017cysz, aby\u015b m\u00f3g\u0142 otrzyma\u0107 odpowiedni\u0105 zni\u017ck\u0119. eToro nie&hellip;<\/p>\n","protected":false},"author":45,"featured_media":836456,"parent":547157,"menu_order":0,"comment_status":"closed","ping_status":"closed","template":"","meta":{"_acf_changed":false,"inline_featured_image":false,"sticky_cta_settings":"","footnotes":""},"asset_type":[],"class_list":["post-867147","page","type-page","status-publish","has-post-thumbnail","hentry"],"acf":[],"yoast_head":"<title>Zni\u017cki podatkowe dla cz\u0142onk\u00f3w eToro Club<\/title>\n<meta name=\"description\" content=\"Uzyskaj zni\u017ck\u0119 podatkow\u0105 u jednego z naszych partner\u00f3w. Po prostu skorzystaj z naszej listy ekspert\u00f3w podatkowych, a oni wykonaj\u0105 ca\u0142\u0105 prac\u0119 za Ciebie\" \/>\n<meta name=\"robots\" content=\"index, follow, max-snippet:-1, max-image-preview:large, max-video-preview:-1\" \/>\n<link rel=\"canonical\" href=\"https:\/\/www.etoro.com\/pl\/wp-json\/wp\/v2\/pages\/867147\" \/>\n<meta property=\"og:locale\" content=\"pl_PL\" \/>\n<meta property=\"og:type\" content=\"article\" \/>\n<meta property=\"og:title\" content=\"Zni\u017cki podatkowe dla cz\u0142onk\u00f3w eToro Club\" \/>\n<meta property=\"og:description\" content=\"Uzyskaj zni\u017ck\u0119 podatkow\u0105 u jednego z naszych partner\u00f3w. Po prostu skorzystaj z naszej listy ekspert\u00f3w podatkowych, a oni wykonaj\u0105 ca\u0142\u0105 prac\u0119 za Ciebie\" \/>\n<meta property=\"og:url\" content=\"https:\/\/www.etoro.com\/pl\/wp-json\/wp\/v2\/pages\/867147\" \/>\n<meta property=\"og:site_name\" content=\"eToro\" \/>\n<meta property=\"article:publisher\" content=\"https:\/\/www.facebook.com\/eToro\/\" \/>\n<meta property=\"article:modified_time\" content=\"2024-04-11T09:11:48+00:00\" \/>\n<meta property=\"og:image\" content=\"https:\/\/www.etoro.com\/wp-content\/uploads\/2024\/01\/Tax-services.jpg\" \/>\n\t<meta property=\"og:image:width\" content=\"1200\" \/>\n\t<meta property=\"og:image:height\" content=\"630\" \/>\n\t<meta property=\"og:image:type\" content=\"image\/jpeg\" \/>\n<meta name=\"twitter:card\" content=\"summary_large_image\" \/>\n<meta name=\"twitter:site\" content=\"@eToro\" \/>\n<meta name=\"twitter:label1\" content=\"Est. reading time\" \/>\n\t<meta name=\"twitter:data1\" content=\"3 minutes\" \/>\n<script type=\"application\/ld+json\" class=\"yoast-schema-graph\">{\"@context\":\"https:\/\/schema.org\",\"@graph\":[{\"@type\":\"WebPage\",\"@id\":\"https:\/\/www.etoro.com\/pl\/about\/club\/tax-partners\/\",\"url\":\"https:\/\/www.etoro.com\/pl\/about\/club\/tax-partners\/\",\"name\":\"Zni\u017cki podatkowe dla cz\u0142onk\u00f3w eToro Club\",\"isPartOf\":{\"@id\":\"https:\/\/www.etoro.com\/pl\/#website\"},\"primaryImageOfPage\":{\"@id\":\"https:\/\/www.etoro.com\/pl\/about\/club\/tax-partners\/#primaryimage\"},\"image\":{\"@id\":\"https:\/\/www.etoro.com\/pl\/about\/club\/tax-partners\/#primaryimage\"},\"thumbnailUrl\":\"https:\/\/www.etoro.com\/wp-content\/uploads\/2024\/01\/Tax-services.jpg\",\"datePublished\":\"2024-01-05T12:43:27+00:00\",\"dateModified\":\"2024-04-11T09:11:48+00:00\",\"description\":\"Uzyskaj zni\u017ck\u0119 podatkow\u0105 u jednego z naszych partner\u00f3w. Po prostu skorzystaj z naszej listy ekspert\u00f3w podatkowych, a oni wykonaj\u0105 ca\u0142\u0105 prac\u0119 za Ciebie\",\"breadcrumb\":{\"@id\":\"https:\/\/www.etoro.com\/pl\/about\/club\/tax-partners\/#breadcrumb\"},\"inLanguage\":\"pl\",\"potentialAction\":[{\"@type\":\"ReadAction\",\"target\":[\"https:\/\/www.etoro.com\/pl\/about\/club\/tax-partners\/\"]}]},{\"@type\":\"ImageObject\",\"inLanguage\":\"pl\",\"@id\":\"https:\/\/www.etoro.com\/pl\/about\/club\/tax-partners\/#primaryimage\",\"url\":\"https:\/\/www.etoro.com\/wp-content\/uploads\/2024\/01\/Tax-services.jpg\",\"contentUrl\":\"https:\/\/www.etoro.com\/wp-content\/uploads\/2024\/01\/Tax-services.jpg\",\"width\":1200,\"height\":630,\"caption\":\"Tax services\"},{\"@type\":\"BreadcrumbList\",\"@id\":\"https:\/\/www.etoro.com\/pl\/about\/club\/tax-partners\/#breadcrumb\",\"itemListElement\":[{\"@type\":\"ListItem\",\"position\":1,\"name\":\"Strona g\u0142\u00f3wna\",\"item\":\"https:\/\/www.etoro.com\/pl\/\"},{\"@type\":\"ListItem\",\"position\":2,\"name\":\"O NAS\",\"item\":\"https:\/\/www.etoro.com\/pl\/about\/\"},{\"@type\":\"ListItem\",\"position\":3,\"name\":\"eToro ClubZni\u017cka na op\u0142aty za przewalutowanieeToro Club\",\"item\":\"https:\/\/www.etoro.com\/pl\/about\/club\/\"},{\"@type\":\"ListItem\",\"position\":4,\"name\":\"Tax Partners\"}]},{\"@type\":\"WebSite\",\"@id\":\"https:\/\/www.etoro.com\/pl\/#website\",\"url\":\"https:\/\/www.etoro.com\/pl\/\",\"name\":\"eToro\",\"description\":\"\",\"publisher\":{\"@id\":\"https:\/\/www.etoro.com\/pl\/#organization\"},\"potentialAction\":[{\"@type\":\"SearchAction\",\"target\":{\"@type\":\"EntryPoint\",\"urlTemplate\":\"https:\/\/www.etoro.com\/pl\/?s={search_term_string}\"},\"query-input\":{\"@type\":\"PropertyValueSpecification\",\"valueRequired\":true,\"valueName\":\"search_term_string\"}}],\"inLanguage\":\"pl\"},[]]}<\/script>","yoast_head_json":{"title":"Zni\u017cki podatkowe dla cz\u0142onk\u00f3w eToro Club","description":"Uzyskaj zni\u017ck\u0119 podatkow\u0105 u jednego z naszych partner\u00f3w. Po prostu skorzystaj z naszej listy ekspert\u00f3w podatkowych, a oni wykonaj\u0105 ca\u0142\u0105 prac\u0119 za Ciebie","robots":{"index":"index","follow":"follow","max-snippet":"max-snippet:-1","max-image-preview":"max-image-preview:large","max-video-preview":"max-video-preview:-1"},"canonical":"https:\/\/www.etoro.com\/pl\/wp-json\/wp\/v2\/pages\/867147","og_locale":"pl_PL","og_type":"article","og_title":"Zni\u017cki podatkowe dla cz\u0142onk\u00f3w eToro Club","og_description":"Uzyskaj zni\u017ck\u0119 podatkow\u0105 u jednego z naszych partner\u00f3w. Po prostu skorzystaj z naszej listy ekspert\u00f3w podatkowych, a oni wykonaj\u0105 ca\u0142\u0105 prac\u0119 za Ciebie","og_url":"https:\/\/www.etoro.com\/pl\/wp-json\/wp\/v2\/pages\/867147","og_site_name":"eToro","article_publisher":"https:\/\/www.facebook.com\/eToro\/","article_modified_time":"2024-04-11T09:11:48+00:00","og_image":[{"width":1200,"height":630,"url":"https:\/\/www.etoro.com\/wp-content\/uploads\/2024\/01\/Tax-services.jpg","type":"image\/jpeg"}],"twitter_card":"summary_large_image","twitter_site":"@eToro","twitter_misc":{"Est. reading time":"3 minutes"},"schema":{"@context":"https:\/\/schema.org","@graph":[{"@type":"WebPage","@id":"https:\/\/www.etoro.com\/pl\/about\/club\/tax-partners\/","url":"https:\/\/www.etoro.com\/pl\/about\/club\/tax-partners\/","name":"Zni\u017cki podatkowe dla cz\u0142onk\u00f3w eToro Club","isPartOf":{"@id":"https:\/\/www.etoro.com\/pl\/#website"},"primaryImageOfPage":{"@id":"https:\/\/www.etoro.com\/pl\/about\/club\/tax-partners\/#primaryimage"},"image":{"@id":"https:\/\/www.etoro.com\/pl\/about\/club\/tax-partners\/#primaryimage"},"thumbnailUrl":"https:\/\/www.etoro.com\/wp-content\/uploads\/2024\/01\/Tax-services.jpg","datePublished":"2024-01-05T12:43:27+00:00","dateModified":"2024-04-11T09:11:48+00:00","description":"Uzyskaj zni\u017ck\u0119 podatkow\u0105 u jednego z naszych partner\u00f3w. Po prostu skorzystaj z naszej listy ekspert\u00f3w podatkowych, a oni wykonaj\u0105 ca\u0142\u0105 prac\u0119 za Ciebie","breadcrumb":{"@id":"https:\/\/www.etoro.com\/pl\/about\/club\/tax-partners\/#breadcrumb"},"inLanguage":"pl","potentialAction":[{"@type":"ReadAction","target":["https:\/\/www.etoro.com\/pl\/about\/club\/tax-partners\/"]}]},{"@type":"ImageObject","inLanguage":"pl","@id":"https:\/\/www.etoro.com\/pl\/about\/club\/tax-partners\/#primaryimage","url":"https:\/\/www.etoro.com\/wp-content\/uploads\/2024\/01\/Tax-services.jpg","contentUrl":"https:\/\/www.etoro.com\/wp-content\/uploads\/2024\/01\/Tax-services.jpg","width":1200,"height":630,"caption":"Tax services"},{"@type":"BreadcrumbList","@id":"https:\/\/www.etoro.com\/pl\/about\/club\/tax-partners\/#breadcrumb","itemListElement":[{"@type":"ListItem","position":1,"name":"Strona g\u0142\u00f3wna","item":"https:\/\/www.etoro.com\/pl\/"},{"@type":"ListItem","position":2,"name":"O NAS","item":"https:\/\/www.etoro.com\/pl\/about\/"},{"@type":"ListItem","position":3,"name":"eToro ClubZni\u017cka na op\u0142aty za przewalutowanieeToro Club","item":"https:\/\/www.etoro.com\/pl\/about\/club\/"},{"@type":"ListItem","position":4,"name":"Tax Partners"}]},{"@type":"WebSite","@id":"https:\/\/www.etoro.com\/pl\/#website","url":"https:\/\/www.etoro.com\/pl\/","name":"eToro","description":"","publisher":{"@id":"https:\/\/www.etoro.com\/pl\/#organization"},"potentialAction":[{"@type":"SearchAction","target":{"@type":"EntryPoint","urlTemplate":"https:\/\/www.etoro.com\/pl\/?s={search_term_string}"},"query-input":{"@type":"PropertyValueSpecification","valueRequired":true,"valueName":"search_term_string"}}],"inLanguage":"pl"},[]]}},"_links":{"self":[{"href":"https:\/\/www.etoro.com\/pl\/wp-json\/wp\/v2\/pages\/867147"}],"collection":[{"href":"https:\/\/www.etoro.com\/pl\/wp-json\/wp\/v2\/pages"}],"about":[{"href":"https:\/\/www.etoro.com\/pl\/wp-json\/wp\/v2\/types\/page"}],"author":[{"embeddable":true,"href":"https:\/\/www.etoro.com\/pl\/wp-json\/wp\/v2\/users\/45"}],"replies":[{"embeddable":true,"href":"https:\/\/www.etoro.com\/pl\/wp-json\/wp\/v2\/comments?post=867147"}],"version-history":[{"count":0,"href":"https:\/\/www.etoro.com\/pl\/wp-json\/wp\/v2\/pages\/867147\/revisions"}],"up":[{"embeddable":true,"href":"https:\/\/www.etoro.com\/pl\/wp-json\/wp\/v2\/pages\/547157"}],"wp:featuredmedia":[{"embeddable":true,"href":"https:\/\/www.etoro.com\/pl\/wp-json\/wp\/v2\/media\/836456"}],"wp:attachment":[{"href":"https:\/\/www.etoro.com\/pl\/wp-json\/wp\/v2\/media?parent=867147"}],"wp:term":[{"taxonomy":"asset_type","embeddable":true,"href":"https:\/\/www.etoro.com\/pl\/wp-json\/wp\/v2\/asset_type?post=867147"}],"curies":[{"name":"wp","href":"https:\/\/api.w.org\/{rel}","templated":true}]}}