{"id":942931,"date":"2025-03-20T13:41:41","date_gmt":"2025-03-20T11:41:41","guid":{"rendered":"https:\/\/www.etoro.com\/?page_id=942931"},"modified":"2026-01-19T10:35:50","modified_gmt":"2026-01-19T08:35:50","slug":"policy","status":"publish","type":"page","link":"https:\/\/www.etoro.com\/pl\/editorial\/policy\/","title":{"rendered":"Academy Editorial Policies"},"content":{"rendered":"\n<h2 class=\"wp-block-heading\">Wst\u0119p<\/h2>\n\n\n\n<p>Celem niniejszych zasad redakcyjnych jest zarysowanie g\u0142\u00f3wnych wytycznych, na kt\u00f3rych opiera si\u0119 tworzenie i rozpowszechnianie tre\u015bci w <a href=\"https:\/\/www.etoro.com\/pl\/academy\/\" target=\"_blank\" rel=\"noreferrer noopener\">eToro Academy<\/a>. Celem niniejszych zasad jest zapewnienie integralno\u015bci, wiarygodno\u015bci i wysokiej jako\u015bci informacji dostarczanych naszym u\u017cytkownikom.<\/p>\n\n\n\n<figure class=\"wp-block-image size-full\"><img loading=\"lazy\" decoding=\"async\" width=\"756\" height=\"400\" src=\"https:\/\/www.etoro.com\/wp-content\/uploads\/2024\/09\/Academy-Editorial-Policy_Intro-Illustration.png\" alt=\"\" class=\"wp-image-934548 wp-image-desktop\" srcset=\"https:\/\/www.etoro.com\/wp-content\/uploads\/2024\/09\/Academy-Editorial-Policy_Intro-Illustration.png 756w, https:\/\/www.etoro.com\/wp-content\/uploads\/2024\/09\/Academy-Editorial-Policy_Intro-Illustration-300x159.png 300w\" sizes=\"(max-width: 756px) 100vw, 756px\" \/><\/figure>\n\n\n\n<h2 class=\"wp-block-heading\">Cel zasad redakcyjnych<\/h2>\n\n\n\n<p>Zdajemy sobie spraw\u0119, \u017ce chocia\u017c Internet jest pe\u0142en informacji, poruszanie si\u0119 po nim mo\u017ce by\u0107 przyt\u0142aczaj\u0105ce i myl\u0105ce. Zaprojektowali\u015bmy nasz\u0105 Akademi\u0119 z wykorzystaniem ustrukturyzowanego, blokowego modelu, aby zapewni\u0107, \u017ce inwestorzy nie tylko zdobywaj\u0105 informacje, ale tak\u017ce rozwijaj\u0105 faktyczn\u0105 wiedz\u0119 i do\u015bwiadczenie.<\/p>\n\n\n\n<p>Naszym celem jest dostarczanie odbiorcom tre\u015bci, kt\u00f3re s\u0105 dok\u0142adne, wiarygodne, stymuluj\u0105ce i edukacyjne. Ta strategia kieruje naszym procesem tworzenia tre\u015bci, aby pog\u0142\u0119bi\u0107 zrozumienie naszych czytelnik\u00f3w i stworzy\u0107 przestrze\u0144 do nauki i budowania wzajemnego zaufania.<\/p>\n\n\n\n<h2 class=\"wp-block-heading\">Zakres (rodzaje tre\u015bci)<\/h2>\n\n\n\n<p>Niniejsze zasady obejmuj\u0105 rozmaite tre\u015bci, w tym kursy, artyku\u0142y, samouczki, webinaria, podcasty i inne materia\u0142y edukacyjne publikowane przez eToro Academy, zapewniaj\u0105c zgodno\u015b\u0107 ka\u017cdego elementu z naszymi ustalonymi standardami jako\u015bci.<\/p>\n\n\n\n<figure class=\"wp-block-image size-full\"><img loading=\"lazy\" decoding=\"async\" width=\"756\" height=\"400\" src=\"https:\/\/www.etoro.com\/wp-content\/uploads\/2024\/09\/Academy-Editorial-Policy_Style-Illustration.png\" alt=\"\" class=\"wp-image-934572 wp-image-desktop\" srcset=\"https:\/\/www.etoro.com\/wp-content\/uploads\/2024\/09\/Academy-Editorial-Policy_Style-Illustration.png 756w, https:\/\/www.etoro.com\/wp-content\/uploads\/2024\/09\/Academy-Editorial-Policy_Style-Illustration-300x159.png 300w\" sizes=\"(max-width: 756px) 100vw, 756px\" \/><\/figure>\n\n\n\n<h2 class=\"wp-block-heading\">Normy dotycz\u0105ce tre\u015bci<\/h2>\n\n\n\n<h3 class=\"wp-block-heading\">Dok\u0142adno\u015b\u0107 i rzetelno\u015b\u0107<\/h3>\n\n\n\n<p>Zobowi\u0105zujemy si\u0119 do dostarczania tre\u015bci, kt\u00f3re s\u0105 rzetelne i weryfikowalne. Rygorystyczne procesy weryfikacji fakt\u00f3w maj\u0105 na celu sprawdzenie informacji przed publikacj\u0105 i zapewniaj\u0105 wiarygodno\u015b\u0107 naszych tre\u015bci.<\/p>\n\n\n\n<h3 class=\"wp-block-heading\">\u0179r\u00f3d\u0142a i cytaty<\/h3>\n\n\n\n<p>Przejrzysto\u015b\u0107 w pozyskiwaniu \u017ar\u00f3de\u0142 ma fundamentalne znaczenie dla naszej rzetelno\u015bci redakcyjnej. Wszystkie tre\u015bci b\u0119d\u0105 zawiera\u0142y odpowiednie cytaty i przypisy dotycz\u0105ce oryginalnych \u017ar\u00f3de\u0142, co pozwoli czytelnikom na ich dalsz\u0105 analiz\u0119 i weryfikacj\u0119.<\/p>\n\n\n\n<h3 class=\"wp-block-heading\">&#8220;Obiektywizm i bezstronno\u015b\u0107&#8221;<\/h3>\n\n\n\n<p>Nasze tre\u015bci maj\u0105 na celu dostarczanie obiektywnych i wywa\u017conych informacji, wolnych od zewn\u0119trznych wp\u0142yw\u00f3w lub osobistych uprzedze\u0144, zapewniaj\u0105c naszym czytelnikom dost\u0119p do niezale\u017cnych informacji, kt\u00f3re pomog\u0105 im w podejmowaniu decyzji.<\/p>\n\n\n\n<h3 class=\"wp-block-heading\">Etyka<\/h3>\n\n\n\n<p>Przestrzegamy najwy\u017cszych standard\u00f3w etycznych, zapewniaj\u0105c, \u017ce nasze tre\u015bci nie naruszaj\u0105 prywatno\u015bci, praw autorskich ani \u017cadnych innych norm prawnych. Wzgl\u0119dy etyczne kieruj\u0105 r\u00f3wnie\u017c naszymi interakcjami z zewn\u0119trznymi dostawcami tre\u015bci i \u017ar\u00f3d\u0142ami.<\/p>\n\n\n\n<h3 class=\"wp-block-heading\">Tre\u015bci stron trzecich<\/h3>\n\n\n\n<p>Zawarto\u015b\u0107 tworzona przez strony trzecie posiada wyra\u017ane oznaczenie dotycz\u0105ce \u017ar\u00f3d\u0142a pochodzenia, a tak\u017ce jest starannie weryfikowana przez eToro w celu zapewnienia zgodno\u015bci z naszymi zasadami i standardami.<\/p>\n\n\n\n<h2 class=\"wp-block-heading\">Styl i wskaz\u00f3wki dotycz\u0105ce tworzenia tekst\u00f3w<\/h2>\n\n\n\n<h3 class=\"wp-block-heading\">Przejrzysto\u015b\u0107 i czytelno\u015b\u0107<\/h3>\n\n\n\n<p>Czytelno\u015b\u0107 naszych tre\u015bci jest najwa\u017cniejsza. D\u0105\u017cymy do osi\u0105gni\u0119cia jasno\u015bci i prostoty tekst\u00f3w, aby nasze materia\u0142y edukacyjne by\u0142y dost\u0119pne dla szerokiego grona odbiorc\u00f3w na wszystkich poziomach zaawansowania.<\/p>\n\n\n\n<h3 class=\"wp-block-heading\">Ton wypowiedzi eToro Academy<\/h3>\n\n\n\n<p>Nasz ton jest profesjonalny, ale przyst\u0119pny, co odzwierciedla warto\u015bci eToro. Konieczne jest, aby nasze tre\u015bci przemawia\u0142y bezpo\u015brednio do naszych odbiorc\u00f3w, anga\u017cuj\u0105c ich w znacz\u0105cy i pe\u0142en szacunku spos\u00f3b.<\/p>\n\n\n\n<h3 class=\"wp-block-heading is-style-default\">Zaanga\u017cowanie w dost\u0119pno\u015b\u0107 i inkluzywno\u015b\u0107<\/h3>\n\n\n\n<p>Naszym celem jest oferowanie tre\u015bci, kt\u00f3re s\u0105 dost\u0119pne i inkluzywne, z uwzgl\u0119dnieniem r\u00f3\u017cnych perspektyw i zapewniaj\u0105c, \u017ce ka\u017cdy mo\u017ce korzysta\u0107 z naszych materia\u0142\u00f3w audio, wideo i tekstowych w dowolnym miejscu i czasie.<\/p>\n\n\n\n<h3 class=\"wp-block-heading\">Konflikty interes\u00f3w<\/h3>\n\n\n\n<p>Przejrzysto\u015b\u0107 w zakresie potencjalnych konflikt\u00f3w interes\u00f3w jest niezb\u0119dna do utrzymania zaufania naszych czytelnik\u00f3w. Wszelkie takie konflikty b\u0119d\u0105 jednoznacznie ujawniane w celu zachowania integralno\u015bci naszych tre\u015bci.<\/p>\n\n\n\n<h2 class=\"wp-block-heading\">Poznaj nasz zesp\u00f3\u0142 redakcyjny<\/h2>\n\n\n\n<p>Za wnikliw\u0105 i pouczaj\u0105c\u0105 tre\u015bci\u0105 eToro Academy stoi zesp\u00f3\u0142 do\u015bwiadczonych redaktor\u00f3w i ekspert\u00f3w merytorycznych. Ka\u017cdy z jego cz\u0142onk\u00f3w wnosi unikalny zestaw umiej\u0119tno\u015bci i pasj\u0119 do edukacji, dzi\u0119ki czemu nasze tre\u015bci s\u0105 nie tylko dok\u0142adne, ale i interesuj\u0105ce.<\/p>\n\n\n\n<p>Ich ekspertyza obejmuje finanse, technologi\u0119 i pedagogik\u0119, odzwierciedlaj\u0105c nasze zaanga\u017cowanie w jako\u015b\u0107 i r\u00f3\u017cnorodno\u015b\u0107 naszych materia\u0142\u00f3w edukacyjnych. Aby bli\u017cej przyjrze\u0107 si\u0119 osobom, kt\u00f3re dbaj\u0105 o Twoje do\u015bwiadczenie edukacyjne, zapraszamy do zapoznania si\u0119 z naszym szczeg\u00f3\u0142owym przegl\u0105dem zespo\u0142u.<\/p>\n\n\n\n<figure class=\"wp-block-image size-full\"><img loading=\"lazy\" decoding=\"async\" width=\"756\" height=\"308\" src=\"https:\/\/www.etoro.com\/wp-content\/uploads\/2026\/01\/image-1.png\" alt=\"\" class=\"wp-image-1209089 wp-image-desktop\" srcset=\"https:\/\/www.etoro.com\/wp-content\/uploads\/2026\/01\/image-1.png 756w, https:\/\/www.etoro.com\/wp-content\/uploads\/2026\/01\/image-1-300x122.png 300w\" sizes=\"(max-width: 756px) 100vw, 756px\" \/><\/figure>\n\n\n\n<h2 class=\"wp-block-heading\">Aktualizacje i korekty<\/h2>\n\n\n\n<p>Aby zagwarantowa\u0107 aktualno\u015b\u0107 i dok\u0142adno\u015b\u0107 naszych tre\u015bci, wprowadzili\u015bmy ustrukturyzowany proces aktualizacji i poprawek. Gwarantuje to, \u017ce nasze materia\u0142y pozostaj\u0105 aktualne i odzwierciedlaj\u0105 najnowsze standardy i praktyki bran\u017cowe.<\/p>\n\n\n\n<p>Podsumowuj\u0105c, niniejsze zasady redakcyjne maj\u0105 na celu zapewnienie, \u017ce tre\u015bci tworzone i udost\u0119pniane za po\u015brednictwem eToro Academy s\u0105 zgodne z najwy\u017cszymi standardami jako\u015bci, uczciwo\u015bci i przejrzysto\u015bci. Wdra\u017caj\u0105c te wytyczne, d\u0105\u017cymy do stworzenia godnego zaufania i bogatego w informacje \u015brodowiska edukacyjnego dla naszej spo\u0142eczno\u015bci.<\/p>\n\n\n\n<p class=\"is-style-heading-3\">Wykluczenie odpowiedzialno\u015bci z tytu\u0142u gwarancji i r\u0119kojmi<\/p>\n\n\n\n<p>Wszystkie komentarze, opinie i analizy przedstawione w tre\u015bciach eToro s\u0142u\u017c\u0105 wy\u0142\u0105cznie celom informacyjnym i nie powinny by\u0107 traktowane jako porady inwestycyjne. <\/p>\n\n\n\n<p>eToro nie udziela rekomendacji dotycz\u0105cych inwestowania w \u017cadne konkretne aktywa ani przyjmowania \u017cadnej strategii inwestycyjnej. Pogl\u0105dy i strategie opisane w naszych tre\u015bciach mog\u0105 nie by\u0107 odpowiednie dla wszystkich inwestor\u00f3w. Poniewa\u017c warunki rynkowe i ekonomiczne mog\u0105 ulega\u0107 szybkim zmianom, wszystkie komentarze, opinie i analizy zawarte w naszych tre\u015bciach s\u0105 aktualne na dzie\u0144 publikacji i mog\u0105 ulec zmianie bez powiadomienia. <\/p>\n\n\n\n<p>Chocia\u017c dok\u0142adamy wszelkich stara\u0144, aby zapewni\u0107 wiarygodne informacje, nie gwarantujemy ich dok\u0142adno\u015bci. Materia\u0142 nie stanowi kompletnej analizy wszystkich istotnych fakt\u00f3w dotycz\u0105cych \u017cadnego kraju, regionu, rynku, bran\u017cy, inwestycji lub strategii.<\/p>\n","protected":false},"excerpt":{"rendered":"<p>Wst\u0119p Celem niniejszych zasad redakcyjnych jest zarysowanie g\u0142\u00f3wnych wytycznych, na kt\u00f3rych opiera si\u0119 tworzenie i rozpowszechnianie tre\u015bci w eToro Academy. Celem niniejszych zasad jest zapewnienie integralno\u015bci, wiarygodno\u015bci i wysokiej jako\u015bci informacji dostarczanych naszym u\u017cytkownikom. Cel zasad redakcyjnych Zdajemy sobie spraw\u0119, \u017ce chocia\u017c Internet jest pe\u0142en informacji, poruszanie si\u0119 po nim mo\u017ce by\u0107 przyt\u0142aczaj\u0105ce i myl\u0105ce.&hellip;<\/p>\n","protected":false},"author":127,"featured_media":1129314,"parent":944084,"menu_order":0,"comment_status":"closed","ping_status":"closed","template":"","meta":{"_acf_changed":true,"inline_featured_image":false,"sticky_cta_settings":"","footnotes":""},"asset_type":[],"class_list":["post-942931","page","type-page","status-publish","has-post-thumbnail","hentry"],"acf":[],"yoast_head":"<title>Zasady redakcyjne eToro Academy<\/title>\n<meta name=\"description\" content=\"Zasoby edukacyjne eToro dotycz\u0105ce inwestowania spe\u0142niaj\u0105 najwy\u017csze standardy. Wytyczne te pomagaj\u0105 tworzy\u0107 godne zaufania \u015brodowisko edukacyjne dla naszej spo\u0142eczno\u015bci.\" \/>\n<meta name=\"robots\" content=\"index, follow, max-snippet:-1, max-image-preview:large, max-video-preview:-1\" \/>\n<link rel=\"canonical\" href=\"https:\/\/www.etoro.com\/pl\/wp-json\/wp\/v2\/pages\/942931\" \/>\n<meta property=\"og:locale\" content=\"pl_PL\" \/>\n<meta property=\"og:type\" content=\"article\" \/>\n<meta property=\"og:title\" content=\"Zasady redakcyjne eToro Academy\" \/>\n<meta property=\"og:description\" content=\"Zasoby edukacyjne eToro dotycz\u0105ce inwestowania spe\u0142niaj\u0105 najwy\u017csze standardy. Wytyczne te pomagaj\u0105 tworzy\u0107 godne zaufania \u015brodowisko edukacyjne dla naszej spo\u0142eczno\u015bci.\" \/>\n<meta property=\"og:url\" content=\"https:\/\/www.etoro.com\/pl\/wp-json\/wp\/v2\/pages\/942931\" \/>\n<meta property=\"og:site_name\" content=\"eToro\" \/>\n<meta property=\"article:publisher\" content=\"https:\/\/www.facebook.com\/eToro\/\" \/>\n<meta property=\"article:modified_time\" content=\"2026-01-19T08:35:50+00:00\" \/>\n<meta property=\"og:image\" content=\"https:\/\/www.etoro.com\/wp-content\/uploads\/2025\/09\/PL-Editorial-576x385-1.png\" \/>\n\t<meta property=\"og:image:width\" content=\"576\" \/>\n\t<meta property=\"og:image:height\" content=\"385\" \/>\n\t<meta property=\"og:image:type\" content=\"image\/png\" \/>\n<meta name=\"twitter:card\" content=\"summary_large_image\" \/>\n<meta name=\"twitter:site\" content=\"@eToro\" \/>\n<meta name=\"twitter:label1\" content=\"Est. reading time\" \/>\n\t<meta name=\"twitter:data1\" content=\"4 minutes\" \/>\n<script type=\"application\/ld+json\" class=\"yoast-schema-graph\">{\"@context\":\"https:\/\/schema.org\",\"@graph\":[{\"@type\":\"WebPage\",\"@id\":\"https:\/\/www.etoro.com\/pl\/editorial\/policy\/\",\"url\":\"https:\/\/www.etoro.com\/pl\/editorial\/policy\/\",\"name\":\"Zasady redakcyjne eToro Academy\",\"isPartOf\":{\"@id\":\"https:\/\/www.etoro.com\/pl\/#website\"},\"primaryImageOfPage\":{\"@id\":\"https:\/\/www.etoro.com\/pl\/editorial\/policy\/#primaryimage\"},\"image\":{\"@id\":\"https:\/\/www.etoro.com\/pl\/editorial\/policy\/#primaryimage\"},\"thumbnailUrl\":\"https:\/\/www.etoro.com\/wp-content\/uploads\/2025\/09\/PL-Editorial-576x385-1.png\",\"datePublished\":\"2025-03-20T11:41:41+00:00\",\"dateModified\":\"2026-01-19T08:35:50+00:00\",\"description\":\"Zasoby edukacyjne eToro dotycz\u0105ce inwestowania spe\u0142niaj\u0105 najwy\u017csze standardy. Wytyczne te pomagaj\u0105 tworzy\u0107 godne zaufania \u015brodowisko edukacyjne dla naszej spo\u0142eczno\u015bci.\",\"breadcrumb\":{\"@id\":\"https:\/\/www.etoro.com\/pl\/editorial\/policy\/#breadcrumb\"},\"inLanguage\":\"pl\",\"potentialAction\":[{\"@type\":\"ReadAction\",\"target\":[\"https:\/\/www.etoro.com\/pl\/editorial\/policy\/\"]}]},{\"@type\":\"ImageObject\",\"inLanguage\":\"pl\",\"@id\":\"https:\/\/www.etoro.com\/pl\/editorial\/policy\/#primaryimage\",\"url\":\"https:\/\/www.etoro.com\/wp-content\/uploads\/2025\/09\/PL-Editorial-576x385-1.png\",\"contentUrl\":\"https:\/\/www.etoro.com\/wp-content\/uploads\/2025\/09\/PL-Editorial-576x385-1.png\",\"width\":576,\"height\":385},{\"@type\":\"BreadcrumbList\",\"@id\":\"https:\/\/www.etoro.com\/pl\/editorial\/policy\/#breadcrumb\",\"itemListElement\":[{\"@type\":\"ListItem\",\"position\":1,\"name\":\"Strona g\u0142\u00f3wna\",\"item\":\"https:\/\/www.etoro.com\/pl\/\"},{\"@type\":\"ListItem\",\"position\":2,\"name\":\"Kluczowe zasoby redakcyjne\",\"item\":\"https:\/\/www.etoro.com\/pl\/editorial\/\"},{\"@type\":\"ListItem\",\"position\":3,\"name\":\"Academy Editorial Policies\"}]},{\"@type\":\"WebSite\",\"@id\":\"https:\/\/www.etoro.com\/pl\/#website\",\"url\":\"https:\/\/www.etoro.com\/pl\/\",\"name\":\"eToro\",\"description\":\"\",\"publisher\":{\"@id\":\"https:\/\/www.etoro.com\/pl\/#organization\"},\"potentialAction\":[{\"@type\":\"SearchAction\",\"target\":{\"@type\":\"EntryPoint\",\"urlTemplate\":\"https:\/\/www.etoro.com\/pl\/?s={search_term_string}\"},\"query-input\":{\"@type\":\"PropertyValueSpecification\",\"valueRequired\":true,\"valueName\":\"search_term_string\"}}],\"inLanguage\":\"pl\"},[]]}<\/script>","yoast_head_json":{"title":"Zasady redakcyjne eToro Academy","description":"Zasoby edukacyjne eToro dotycz\u0105ce inwestowania spe\u0142niaj\u0105 najwy\u017csze standardy. Wytyczne te pomagaj\u0105 tworzy\u0107 godne zaufania \u015brodowisko edukacyjne dla naszej spo\u0142eczno\u015bci.","robots":{"index":"index","follow":"follow","max-snippet":"max-snippet:-1","max-image-preview":"max-image-preview:large","max-video-preview":"max-video-preview:-1"},"canonical":"https:\/\/www.etoro.com\/pl\/wp-json\/wp\/v2\/pages\/942931","og_locale":"pl_PL","og_type":"article","og_title":"Zasady redakcyjne eToro Academy","og_description":"Zasoby edukacyjne eToro dotycz\u0105ce inwestowania spe\u0142niaj\u0105 najwy\u017csze standardy. Wytyczne te pomagaj\u0105 tworzy\u0107 godne zaufania \u015brodowisko edukacyjne dla naszej spo\u0142eczno\u015bci.","og_url":"https:\/\/www.etoro.com\/pl\/wp-json\/wp\/v2\/pages\/942931","og_site_name":"eToro","article_publisher":"https:\/\/www.facebook.com\/eToro\/","article_modified_time":"2026-01-19T08:35:50+00:00","og_image":[{"width":576,"height":385,"url":"https:\/\/www.etoro.com\/wp-content\/uploads\/2025\/09\/PL-Editorial-576x385-1.png","type":"image\/png"}],"twitter_card":"summary_large_image","twitter_site":"@eToro","twitter_misc":{"Est. reading time":"4 minutes"},"schema":{"@context":"https:\/\/schema.org","@graph":[{"@type":"WebPage","@id":"https:\/\/www.etoro.com\/pl\/editorial\/policy\/","url":"https:\/\/www.etoro.com\/pl\/editorial\/policy\/","name":"Zasady redakcyjne eToro Academy","isPartOf":{"@id":"https:\/\/www.etoro.com\/pl\/#website"},"primaryImageOfPage":{"@id":"https:\/\/www.etoro.com\/pl\/editorial\/policy\/#primaryimage"},"image":{"@id":"https:\/\/www.etoro.com\/pl\/editorial\/policy\/#primaryimage"},"thumbnailUrl":"https:\/\/www.etoro.com\/wp-content\/uploads\/2025\/09\/PL-Editorial-576x385-1.png","datePublished":"2025-03-20T11:41:41+00:00","dateModified":"2026-01-19T08:35:50+00:00","description":"Zasoby edukacyjne eToro dotycz\u0105ce inwestowania spe\u0142niaj\u0105 najwy\u017csze standardy. Wytyczne te pomagaj\u0105 tworzy\u0107 godne zaufania \u015brodowisko edukacyjne dla naszej spo\u0142eczno\u015bci.","breadcrumb":{"@id":"https:\/\/www.etoro.com\/pl\/editorial\/policy\/#breadcrumb"},"inLanguage":"pl","potentialAction":[{"@type":"ReadAction","target":["https:\/\/www.etoro.com\/pl\/editorial\/policy\/"]}]},{"@type":"ImageObject","inLanguage":"pl","@id":"https:\/\/www.etoro.com\/pl\/editorial\/policy\/#primaryimage","url":"https:\/\/www.etoro.com\/wp-content\/uploads\/2025\/09\/PL-Editorial-576x385-1.png","contentUrl":"https:\/\/www.etoro.com\/wp-content\/uploads\/2025\/09\/PL-Editorial-576x385-1.png","width":576,"height":385},{"@type":"BreadcrumbList","@id":"https:\/\/www.etoro.com\/pl\/editorial\/policy\/#breadcrumb","itemListElement":[{"@type":"ListItem","position":1,"name":"Strona g\u0142\u00f3wna","item":"https:\/\/www.etoro.com\/pl\/"},{"@type":"ListItem","position":2,"name":"Kluczowe zasoby redakcyjne","item":"https:\/\/www.etoro.com\/pl\/editorial\/"},{"@type":"ListItem","position":3,"name":"Academy Editorial Policies"}]},{"@type":"WebSite","@id":"https:\/\/www.etoro.com\/pl\/#website","url":"https:\/\/www.etoro.com\/pl\/","name":"eToro","description":"","publisher":{"@id":"https:\/\/www.etoro.com\/pl\/#organization"},"potentialAction":[{"@type":"SearchAction","target":{"@type":"EntryPoint","urlTemplate":"https:\/\/www.etoro.com\/pl\/?s={search_term_string}"},"query-input":{"@type":"PropertyValueSpecification","valueRequired":true,"valueName":"search_term_string"}}],"inLanguage":"pl"},[]]}},"_links":{"self":[{"href":"https:\/\/www.etoro.com\/pl\/wp-json\/wp\/v2\/pages\/942931"}],"collection":[{"href":"https:\/\/www.etoro.com\/pl\/wp-json\/wp\/v2\/pages"}],"about":[{"href":"https:\/\/www.etoro.com\/pl\/wp-json\/wp\/v2\/types\/page"}],"author":[{"embeddable":true,"href":"https:\/\/www.etoro.com\/pl\/wp-json\/wp\/v2\/users\/127"}],"replies":[{"embeddable":true,"href":"https:\/\/www.etoro.com\/pl\/wp-json\/wp\/v2\/comments?post=942931"}],"version-history":[{"count":0,"href":"https:\/\/www.etoro.com\/pl\/wp-json\/wp\/v2\/pages\/942931\/revisions"}],"up":[{"embeddable":true,"href":"https:\/\/www.etoro.com\/pl\/wp-json\/wp\/v2\/pages\/944084"}],"wp:featuredmedia":[{"embeddable":true,"href":"https:\/\/www.etoro.com\/pl\/wp-json\/wp\/v2\/media\/1129314"}],"wp:attachment":[{"href":"https:\/\/www.etoro.com\/pl\/wp-json\/wp\/v2\/media?parent=942931"}],"wp:term":[{"taxonomy":"asset_type","embeddable":true,"href":"https:\/\/www.etoro.com\/pl\/wp-json\/wp\/v2\/asset_type?post=942931"}],"curies":[{"name":"wp","href":"https:\/\/api.w.org\/{rel}","templated":true}]}}