{"id":944084,"date":"2024-09-24T14:44:06","date_gmt":"2024-09-24T11:44:06","guid":{"rendered":"https:\/\/www.etoro.com\/editorial\/"},"modified":"2025-09-12T12:09:31","modified_gmt":"2025-09-12T09:09:31","slug":"editorial","status":"publish","type":"page","link":"https:\/\/www.etoro.com\/pl\/editorial\/","title":{"rendered":"Kluczowe zasoby redakcyjne"},"content":{"rendered":"\n<div class=\"wp-block-etoro-hero has-dark-blue-background-color wp-block-etoro-hero-height-480\"><div class=\"wp-block-etoro-hero-image\"><img decoding=\"async\" src=\"https:\/\/www.etoro.com\/wp-content\/uploads\/2025\/08\/Frame-6-2.png\" alt=\"\" class=\"wp-block-etoro-hero-thumbnail\"\/><\/div><div class=\"wp-block-etoro-hero-body\">\n<h2 class=\"wp-block-heading is-style-banner-title\"><br>Kluczowe <strong>zasoby redakcyjne<\/strong><\/h2>\n<\/div><\/div>\n\n\n\n<section class=\"wp-block-group wp-block-group-boxed has-white-background-color has-background\"><div class=\"wp-block-group-inner is-layout-flow wp-block-group-is-layout-flow\">\n<div class=\"wp-block-columns are-vertically-aligned-top wp-block-columns-1 is-layout-flex wp-container-core-columns-is-layout-1 wp-block-columns-is-layout-flex\">\n<div class=\"wp-block-column is-layout-flow wp-block-column-is-layout-flow\">\n<p>Centrum Redakcyjne eToro gromadzi wszystkie nasze tre\u015bci i wytyczne redakcyjne w jednym miejscu. Niezale\u017cnie od tego, czy interesujesz si\u0119 nasz\u0105 polityk\u0105 redakcyjn\u0105, chcesz zapozna\u0107 si\u0119 z naszymi zasobami edukacyjnymi, pozna\u0107 nasz Zesp\u00f3\u0142 ds. Weryfikacji Finansowej, czy te\u017c zag\u0142\u0119bi\u0107 si\u0119 w nasze podcasty, w&nbsp; Centrum Redakcyjnym znajdziesz odno\u015bniki do tych wszystkich zagadnie\u0144. Ka\u017cda sekcja zawiera linki do odpowiednich stron, co u\u0142atwia znalezienie tego, czego potrzebujesz.<\/p>\n<\/div>\n<\/div>\n<\/div><\/section>\n\n\n\n<section class=\"wp-block-group wp-block-group-boxed\"><div class=\"wp-block-group-inner is-layout-flow wp-block-group-is-layout-flow\">\n<p class=\"is-style-heading-2\">Zasoby redakcyjne<\/p>\n\n\n\n<div class=\"wp-block-columns are-vertically-aligned-top wp-block-columns-1 is-layout-flex wp-container-core-columns-is-layout-2 wp-block-columns-is-layout-flex\">\n<div class=\"wp-block-column is-layout-flow wp-block-column-is-layout-flow\">\n<div id=\"swiper1323431514\" class=\"wp-block-etoro-cards wp-block-etoro-cards-column-on-mobile wp-block-etoro-card-grid-columns-2\"><div class=\"swiper-wrapper\">\n<div class=\"wp-block-etoro-card wp-block-etoro-card-has-button wp-block-etoro-card-half-image\"><img decoding=\"async\" src=\"https:\/\/www.etoro.com\/wp-content\/uploads\/2025\/08\/Frame-52960-1.png\" alt=\"Polityka redakcyjna\" class=\"wp-block-etoro-card-thumbnail wp-block-etoro-card-thumbnail-mobile\"\/><div class=\"wp-block-etoro-card-thumbnail\" style=\"background-image:url(https:\/\/www.etoro.com\/wp-content\/uploads\/2025\/08\/Frame-427319707-1.png);\"><\/div><div class=\"wp-block-etoro-card-body\"><div class=\"wp-block-etoro-card-title\">Polityka redakcyjna<\/div><div class=\"wp-block-etoro-card-content\">\n<p>Zasady i wytyczne, kt\u00f3re zapewniaj\u0105, \u017ce nasze tre\u015bci s\u0105 dok\u0142adne, obiektywne i wiarygodne.<\/p>\n<\/div><div class=\"wp-block-etoro-card-button\"><a href=\"https:\/\/www.etoro.com\/pl\/editorial\/policy\/\" class=\"e-cta\">Polityk\u0119 redakcyjn\u0105<\/a><\/div><\/div><\/div>\n\n\n\n<div class=\"wp-block-etoro-card wp-block-etoro-card-has-button wp-block-etoro-card-half-image\"><img decoding=\"async\" src=\"https:\/\/www.etoro.com\/wp-content\/uploads\/2025\/08\/Frame-529642.png\" alt=\"Zesp\u00f3\u0142 ds. Weryfikacji Finansowej\" class=\"wp-block-etoro-card-thumbnail wp-block-etoro-card-thumbnail-mobile\"\/><div class=\"wp-block-etoro-card-thumbnail\" style=\"background-image:url(https:\/\/www.etoro.com\/wp-content\/uploads\/2025\/08\/Frame-52962.png);\"><\/div><div class=\"wp-block-etoro-card-body\"><div class=\"wp-block-etoro-card-title\">Zesp\u00f3\u0142 ds. Weryfikacji Finansowej<\/div><div class=\"wp-block-etoro-card-content\">\n<p>Poznaj nasz Zesp\u00f3\u0142 ds. Weryfikacji Finansowej, czyli grup\u0119 starannie dobranych ekspert\u00f3w odpowiedzialnych za ustalanie standard\u00f3w naszych tre\u015bci finansowych.<\/p>\n<\/div><div class=\"wp-block-etoro-card-button\"><a href=\"https:\/\/www.etoro.com\/pl\/editorial\/financial-review-board\/\" class=\"e-cta\">Zespole ds. Weryfikacji Finansowej<\/a><\/div><\/div><\/div>\n\n\n\n<div class=\"wp-block-etoro-card wp-block-etoro-card-has-button wp-block-etoro-card-half-image\"><img decoding=\"async\" src=\"https:\/\/www.etoro.com\/wp-content\/uploads\/2025\/08\/Frame-529643.png\" alt=\"Analitycy\" class=\"wp-block-etoro-card-thumbnail wp-block-etoro-card-thumbnail-mobile\"\/><div class=\"wp-block-etoro-card-thumbnail\" style=\"background-image:url(https:\/\/www.etoro.com\/wp-content\/uploads\/2025\/08\/Frame-427319712-2.png);\"><\/div><div class=\"wp-block-etoro-card-body\"><div class=\"wp-block-etoro-card-title\">Analitycy<\/div><div class=\"wp-block-etoro-card-content\">\n<p>Poznaj naszych analityk\u00f3w, ekspert\u00f3w w swoich dziedzinach finansowych, kt\u00f3rzy dziel\u0105 si\u0119 swoimi opiniami, spostrze\u017ceniami i dostarczaj\u0105 analiz.<\/p>\n<\/div><div class=\"wp-block-etoro-card-button\"><a href=\"https:\/\/www.etoro.com\/pl\/editorial\/analysts\/\" class=\"e-cta\">Analitykach<\/a><\/div><\/div><\/div>\n\n\n\n<div class=\"wp-block-etoro-card wp-block-etoro-card-has-button wp-block-etoro-card-half-image\"><img decoding=\"async\" src=\"https:\/\/www.etoro.com\/wp-content\/uploads\/2025\/08\/Frame-529624.png\" alt=\"Wsp\u00f3\u0142pracownicy\" class=\"wp-block-etoro-card-thumbnail wp-block-etoro-card-thumbnail-mobile\"\/><div class=\"wp-block-etoro-card-thumbnail\" style=\"background-image:url(https:\/\/www.etoro.com\/wp-content\/uploads\/2025\/08\/Frame-427319713-2.png);\"><\/div><div class=\"wp-block-etoro-card-body\"><div class=\"wp-block-etoro-card-title\">Wsp\u00f3\u0142pracownicy<\/div><div class=\"wp-block-etoro-card-content\">\n<p>Dowiedz si\u0119 wi\u0119cej o naszych wsp\u00f3\u0142pracownikach, do\u015bwiadczonych inwestorach i traderach, kt\u00f3rzy dziel\u0105 si\u0119 swoimi do\u015bwiadczeniami z rzeczywistego \u015bwiata.<\/p>\n<\/div><div class=\"wp-block-etoro-card-button\"><a href=\"https:\/\/www.etoro.com\/pl\/editorial\/contributors\/\" class=\"e-cta\">Wsp\u00f3\u0142pracownik\u00f3w<\/a><\/div><\/div><\/div>\n<\/div><\/div>\n<\/div>\n<\/div>\n<\/div><\/section>\n\n\n\n<section class=\"wp-block-group wp-block-group-boxed has-white-background-color has-background\"><div class=\"wp-block-group-inner is-layout-flow wp-block-group-is-layout-flow\">\n<div class=\"wp-block-columns are-vertically-aligned-top wp-block-columns-1 is-layout-flex wp-container-core-columns-is-layout-3 wp-block-columns-is-layout-flex\">\n<div class=\"wp-block-column is-layout-flow wp-block-column-is-layout-flow\">\n<h2 class=\"wp-block-heading\">Zasoby edukacyjne<\/h2>\n\n\n\n<div class=\"wp-block-etoro-resource-item\"><img decoding=\"async\" src=\"https:\/\/www.etoro.com\/wp-content\/uploads\/2025\/09\/PL-eToro-Academy-1920x400-1.png\" alt=\"<strong&gt;Akademia eToro<\/strong&gt; desktop image\" class=\"wp-block-etoro-resource-item-desktop-image\"\/><div class=\"wp-block-etoro-resource-item-content\"><img decoding=\"async\" src=\"https:\/\/www.etoro.com\/wp-content\/uploads\/2025\/08\/Background.svg\" alt=\"<strong&gt;Akademia eToro<\/strong&gt; icon\" class=\"wp-block-etoro-resource-item-icon\"\/><div class=\"wp-block-etoro-resource-item-text-button-wrapper\"><div class=\"wp-block-etoro-resource-item-text-wrapper\"><h2 class=\"wp-block-etoro-resource-item-title\"><strong>Akademia eToro<\/strong><\/h2><p class=\"wp-block-etoro-resource-item-description\">Kursy i materia\u0142y, kt\u00f3re pomog\u0105 Ci opanowa\u0107 rynki.<\/p><\/div>\n<a class=\"e-cta e-cta-alternative\" href=\"https:\/\/www.etoro.com\/pl\/academy\/\">Akademi\u0105 eToro<\/a>\n<\/div><\/div><\/div>\n\n\n\n<div class=\"wp-block-etoro-resource-item\"><img decoding=\"async\" src=\"https:\/\/www.etoro.com\/wp-content\/uploads\/2025\/08\/Banner-1-1.png\" alt=\"<strong&gt;Digest &amp; Invest<\/strong&gt; desktop image\" class=\"wp-block-etoro-resource-item-desktop-image\"\/><div class=\"wp-block-etoro-resource-item-content\"><img decoding=\"async\" src=\"https:\/\/www.etoro.com\/wp-content\/uploads\/2025\/08\/Background-1.svg\" alt=\"<strong&gt;Digest &amp; Invest<\/strong&gt; icon\" class=\"wp-block-etoro-resource-item-icon\"\/><div class=\"wp-block-etoro-resource-item-text-button-wrapper\"><div class=\"wp-block-etoro-resource-item-text-wrapper\"><h2 class=\"wp-block-etoro-resource-item-title\"><strong>Digest &amp; Invest<\/strong><\/h2><p class=\"wp-block-etoro-resource-item-description\">Podcasty, kt\u00f3re pomog\u0105 Ci podnie\u015b\u0107 poziom wiedzy finansowej.<\/p><\/div>\n<a class=\"e-cta e-cta-alternative\" href=\"https:\/\/www.etoro.com\/digest-and-invest\/\">Digest &amp; Invest<\/a>\n<\/div><\/div><\/div>\n\n\n\n<div class=\"wp-block-etoro-resource-item\"><img decoding=\"async\" src=\"https:\/\/www.etoro.com\/wp-content\/uploads\/2025\/09\/PL-Analyst-Weekly-1920x400-1.png\" alt=\"<strong&gt;Wiadomo\u015bci i Analizy<\/strong&gt; desktop image\" class=\"wp-block-etoro-resource-item-desktop-image\"\/><div class=\"wp-block-etoro-resource-item-content\"><img decoding=\"async\" src=\"https:\/\/www.etoro.com\/wp-content\/uploads\/2025\/08\/Background-2.svg\" alt=\"<strong&gt;Wiadomo\u015bci i Analizy<\/strong&gt; icon\" class=\"wp-block-etoro-resource-item-icon\"\/><div class=\"wp-block-etoro-resource-item-text-button-wrapper\"><div class=\"wp-block-etoro-resource-item-text-wrapper\"><h2 class=\"wp-block-etoro-resource-item-title\"><strong>Wiadomo\u015bci i Analizy<\/strong><\/h2><p class=\"wp-block-etoro-resource-item-description\">Najnowsze wiadomo\u015bci rynkowe i analizy naszego zespo\u0142u analityk\u00f3w z ca\u0142ego \u015bwiata.<\/p><\/div>\n<a class=\"e-cta e-cta-alternative\" href=\"https:\/\/www.etoro.com\/pl\/news-and-analysis\/\">Wiadomo\u015bci i Analizy<\/a>\n<\/div><\/div><\/div>\n<\/div>\n<\/div>\n<\/div><\/section>\n\n\n\n<section class=\"wp-block-group wp-block-group-boxed\"><div class=\"wp-block-group-inner is-layout-flow wp-block-group-is-layout-flow\">\n<div class=\"wp-block-columns are-vertically-aligned-top wp-block-columns-1 is-layout-flex wp-container-core-columns-is-layout-4 wp-block-columns-is-layout-flex\">\n<div class=\"wp-block-column is-layout-flow wp-block-column-is-layout-flow\">\n<h2 class=\"wp-block-heading has-text-align-center\"><strong>Gotowy do do\u0142\u0105czenia do eToro?<\/strong><\/h2>\n\n\n\n<p class=\"has-text-align-center\">Je\u015bli jeszcze nie masz konta na eToro, zobacz, jak \u0142atwo si\u0119 zarejestrowa\u0107 dzi\u0119ki naszemu <a href=\"https:\/\/www.youtube.com\/watch?v=3T6FYSdsWmM\" target=\"_blank\" rel=\"noreferrer noopener\">poradnikowi<\/a> krok po kroku.<\/p>\n\n\n\n<div class=\"wp-block-buttons is-content-justification-center is-layout-flex wp-container-core-buttons-is-layout-1 wp-block-buttons-is-layout-flex\">\n<a class=\"e-cta e-cta-primary\" href=\"https:\/\/www.etoro.com\/pl\/accounts\/sign-up\">Zarejestruj si\u0119 teraz<\/a>\n<\/div>\n<\/div>\n<\/div>\n<\/div><\/section>\n","protected":false},"excerpt":{"rendered":"<p>Centrum Redakcyjne eToro gromadzi wszystkie nasze tre\u015bci i wytyczne redakcyjne w jednym miejscu. Niezale\u017cnie od tego, czy interesujesz si\u0119 nasz\u0105 polityk\u0105 redakcyjn\u0105, chcesz zapozna\u0107 si\u0119 z naszymi zasobami edukacyjnymi, pozna\u0107 nasz Zesp\u00f3\u0142 ds. Weryfikacji Finansowej, czy te\u017c zag\u0142\u0119bi\u0107 si\u0119 w nasze podcasty, w&nbsp; Centrum Redakcyjnym znajdziesz odno\u015bniki do tych wszystkich zagadnie\u0144. Ka\u017cda sekcja zawiera linki&hellip;<\/p>\n","protected":false},"author":39,"featured_media":0,"parent":0,"menu_order":0,"comment_status":"closed","ping_status":"closed","template":"","meta":{"_acf_changed":false,"inline_featured_image":false,"sticky_cta_settings":"","footnotes":""},"asset_type":[],"class_list":["post-944084","page","type-page","status-publish","hentry"],"acf":[],"yoast_head":"<title>Centrum Redakcyjne eToro<\/title>\n<meta name=\"description\" content=\"Twoje g\u0142\u00f3wne \u017ar\u00f3d\u0142o wiedzy na temat zasad i polityki tworzenia tre\u015bci redakcyjnych eToro oraz roli Rady Przegl\u0105du Finansowego, analityk\u00f3w i wsp\u00f3\u0142pracownik\u00f3w.\" \/>\n<meta name=\"robots\" content=\"index, follow, max-snippet:-1, max-image-preview:large, max-video-preview:-1\" \/>\n<link rel=\"canonical\" href=\"https:\/\/www.etoro.com\/pl\/wp-json\/wp\/v2\/pages\/944084\" \/>\n<meta property=\"og:locale\" content=\"pl_PL\" \/>\n<meta property=\"og:type\" content=\"article\" \/>\n<meta property=\"og:title\" content=\"Centrum Redakcyjne eToro\" \/>\n<meta property=\"og:description\" content=\"Twoje g\u0142\u00f3wne \u017ar\u00f3d\u0142o wiedzy na temat zasad i polityki tworzenia tre\u015bci redakcyjnych eToro oraz roli Rady Przegl\u0105du Finansowego, analityk\u00f3w i wsp\u00f3\u0142pracownik\u00f3w.\" \/>\n<meta property=\"og:url\" content=\"https:\/\/www.etoro.com\/pl\/wp-json\/wp\/v2\/pages\/944084\" \/>\n<meta property=\"og:site_name\" content=\"eToro\" \/>\n<meta property=\"article:publisher\" content=\"https:\/\/www.facebook.com\/eToro\/\" \/>\n<meta property=\"article:modified_time\" content=\"2025-09-12T09:09:31+00:00\" \/>\n<meta property=\"og:image\" content=\"https:\/\/www.etoro.com\/wp-content\/uploads\/2025\/08\/Frame-6-2.png\" \/>\n<meta name=\"twitter:card\" content=\"summary_large_image\" \/>\n<meta name=\"twitter:site\" content=\"@eToro\" \/>\n<meta name=\"twitter:label1\" content=\"Est. reading time\" \/>\n\t<meta name=\"twitter:data1\" content=\"1 minute\" \/>\n<script type=\"application\/ld+json\" class=\"yoast-schema-graph\">{\"@context\":\"https:\/\/schema.org\",\"@graph\":[{\"@type\":\"WebPage\",\"@id\":\"https:\/\/www.etoro.com\/pl\/editorial\/\",\"url\":\"https:\/\/www.etoro.com\/pl\/editorial\/\",\"name\":\"Centrum Redakcyjne eToro\",\"isPartOf\":{\"@id\":\"https:\/\/www.etoro.com\/pl\/#website\"},\"primaryImageOfPage\":{\"@id\":\"https:\/\/www.etoro.com\/pl\/editorial\/#primaryimage\"},\"image\":{\"@id\":\"https:\/\/www.etoro.com\/pl\/editorial\/#primaryimage\"},\"thumbnailUrl\":\"https:\/\/www.etoro.com\/wp-content\/uploads\/2025\/08\/Frame-6-2.png\",\"datePublished\":\"2024-09-24T11:44:06+00:00\",\"dateModified\":\"2025-09-12T09:09:31+00:00\",\"description\":\"Twoje g\u0142\u00f3wne \u017ar\u00f3d\u0142o wiedzy na temat zasad i polityki tworzenia tre\u015bci redakcyjnych eToro oraz roli Rady Przegl\u0105du Finansowego, analityk\u00f3w i wsp\u00f3\u0142pracownik\u00f3w.\",\"breadcrumb\":{\"@id\":\"https:\/\/www.etoro.com\/pl\/editorial\/#breadcrumb\"},\"inLanguage\":\"pl\",\"potentialAction\":[{\"@type\":\"ReadAction\",\"target\":[\"https:\/\/www.etoro.com\/pl\/editorial\/\"]}]},{\"@type\":\"ImageObject\",\"inLanguage\":\"pl\",\"@id\":\"https:\/\/www.etoro.com\/pl\/editorial\/#primaryimage\",\"url\":\"https:\/\/www.etoro.com\/wp-content\/uploads\/2025\/08\/Frame-6-2.png\",\"contentUrl\":\"https:\/\/www.etoro.com\/wp-content\/uploads\/2025\/08\/Frame-6-2.png\"},{\"@type\":\"BreadcrumbList\",\"@id\":\"https:\/\/www.etoro.com\/pl\/editorial\/#breadcrumb\",\"itemListElement\":[{\"@type\":\"ListItem\",\"position\":1,\"name\":\"Strona g\u0142\u00f3wna\",\"item\":\"https:\/\/www.etoro.com\/pl\/\"},{\"@type\":\"ListItem\",\"position\":2,\"name\":\"Kluczowe zasoby redakcyjne\"}]},{\"@type\":\"WebSite\",\"@id\":\"https:\/\/www.etoro.com\/pl\/#website\",\"url\":\"https:\/\/www.etoro.com\/pl\/\",\"name\":\"eToro\",\"description\":\"\",\"publisher\":{\"@id\":\"https:\/\/www.etoro.com\/pl\/#organization\"},\"potentialAction\":[{\"@type\":\"SearchAction\",\"target\":{\"@type\":\"EntryPoint\",\"urlTemplate\":\"https:\/\/www.etoro.com\/pl\/?s={search_term_string}\"},\"query-input\":{\"@type\":\"PropertyValueSpecification\",\"valueRequired\":true,\"valueName\":\"search_term_string\"}}],\"inLanguage\":\"pl\"},[]]}<\/script>","yoast_head_json":{"title":"Centrum Redakcyjne eToro","description":"Twoje g\u0142\u00f3wne \u017ar\u00f3d\u0142o wiedzy na temat zasad i polityki tworzenia tre\u015bci redakcyjnych eToro oraz roli Rady Przegl\u0105du Finansowego, analityk\u00f3w i wsp\u00f3\u0142pracownik\u00f3w.","robots":{"index":"index","follow":"follow","max-snippet":"max-snippet:-1","max-image-preview":"max-image-preview:large","max-video-preview":"max-video-preview:-1"},"canonical":"https:\/\/www.etoro.com\/pl\/wp-json\/wp\/v2\/pages\/944084","og_locale":"pl_PL","og_type":"article","og_title":"Centrum Redakcyjne eToro","og_description":"Twoje g\u0142\u00f3wne \u017ar\u00f3d\u0142o wiedzy na temat zasad i polityki tworzenia tre\u015bci redakcyjnych eToro oraz roli Rady Przegl\u0105du Finansowego, analityk\u00f3w i wsp\u00f3\u0142pracownik\u00f3w.","og_url":"https:\/\/www.etoro.com\/pl\/wp-json\/wp\/v2\/pages\/944084","og_site_name":"eToro","article_publisher":"https:\/\/www.facebook.com\/eToro\/","article_modified_time":"2025-09-12T09:09:31+00:00","og_image":[{"url":"https:\/\/www.etoro.com\/wp-content\/uploads\/2025\/08\/Frame-6-2.png","type":"","width":"","height":""}],"twitter_card":"summary_large_image","twitter_site":"@eToro","twitter_misc":{"Est. reading time":"1 minute"},"schema":{"@context":"https:\/\/schema.org","@graph":[{"@type":"WebPage","@id":"https:\/\/www.etoro.com\/pl\/editorial\/","url":"https:\/\/www.etoro.com\/pl\/editorial\/","name":"Centrum Redakcyjne eToro","isPartOf":{"@id":"https:\/\/www.etoro.com\/pl\/#website"},"primaryImageOfPage":{"@id":"https:\/\/www.etoro.com\/pl\/editorial\/#primaryimage"},"image":{"@id":"https:\/\/www.etoro.com\/pl\/editorial\/#primaryimage"},"thumbnailUrl":"https:\/\/www.etoro.com\/wp-content\/uploads\/2025\/08\/Frame-6-2.png","datePublished":"2024-09-24T11:44:06+00:00","dateModified":"2025-09-12T09:09:31+00:00","description":"Twoje g\u0142\u00f3wne \u017ar\u00f3d\u0142o wiedzy na temat zasad i polityki tworzenia tre\u015bci redakcyjnych eToro oraz roli Rady Przegl\u0105du Finansowego, analityk\u00f3w i wsp\u00f3\u0142pracownik\u00f3w.","breadcrumb":{"@id":"https:\/\/www.etoro.com\/pl\/editorial\/#breadcrumb"},"inLanguage":"pl","potentialAction":[{"@type":"ReadAction","target":["https:\/\/www.etoro.com\/pl\/editorial\/"]}]},{"@type":"ImageObject","inLanguage":"pl","@id":"https:\/\/www.etoro.com\/pl\/editorial\/#primaryimage","url":"https:\/\/www.etoro.com\/wp-content\/uploads\/2025\/08\/Frame-6-2.png","contentUrl":"https:\/\/www.etoro.com\/wp-content\/uploads\/2025\/08\/Frame-6-2.png"},{"@type":"BreadcrumbList","@id":"https:\/\/www.etoro.com\/pl\/editorial\/#breadcrumb","itemListElement":[{"@type":"ListItem","position":1,"name":"Strona g\u0142\u00f3wna","item":"https:\/\/www.etoro.com\/pl\/"},{"@type":"ListItem","position":2,"name":"Kluczowe zasoby redakcyjne"}]},{"@type":"WebSite","@id":"https:\/\/www.etoro.com\/pl\/#website","url":"https:\/\/www.etoro.com\/pl\/","name":"eToro","description":"","publisher":{"@id":"https:\/\/www.etoro.com\/pl\/#organization"},"potentialAction":[{"@type":"SearchAction","target":{"@type":"EntryPoint","urlTemplate":"https:\/\/www.etoro.com\/pl\/?s={search_term_string}"},"query-input":{"@type":"PropertyValueSpecification","valueRequired":true,"valueName":"search_term_string"}}],"inLanguage":"pl"},[]]}},"_links":{"self":[{"href":"https:\/\/www.etoro.com\/pl\/wp-json\/wp\/v2\/pages\/944084"}],"collection":[{"href":"https:\/\/www.etoro.com\/pl\/wp-json\/wp\/v2\/pages"}],"about":[{"href":"https:\/\/www.etoro.com\/pl\/wp-json\/wp\/v2\/types\/page"}],"author":[{"embeddable":true,"href":"https:\/\/www.etoro.com\/pl\/wp-json\/wp\/v2\/users\/39"}],"replies":[{"embeddable":true,"href":"https:\/\/www.etoro.com\/pl\/wp-json\/wp\/v2\/comments?post=944084"}],"version-history":[{"count":0,"href":"https:\/\/www.etoro.com\/pl\/wp-json\/wp\/v2\/pages\/944084\/revisions"}],"wp:attachment":[{"href":"https:\/\/www.etoro.com\/pl\/wp-json\/wp\/v2\/media?parent=944084"}],"wp:term":[{"taxonomy":"asset_type","embeddable":true,"href":"https:\/\/www.etoro.com\/pl\/wp-json\/wp\/v2\/asset_type?post=944084"}],"curies":[{"name":"wp","href":"https:\/\/api.w.org\/{rel}","templated":true}]}}