{"id":10653,"date":"2017-08-15T11:29:47","date_gmt":"2017-08-15T10:29:47","guid":{"rendered":"\/etoro\/customer-service\/privacy\/"},"modified":"2022-06-01T16:03:58","modified_gmt":"2022-06-01T13:03:58","slug":"privacy","status":"publish","type":"page","link":"https:\/\/www.etoro.com\/pt-pt\/customer-service\/privacy\/","title":{"rendered":"Pol\u00edtica de privacidade do eToro"},"content":{"rendered":"<h2>Clique no bot\u00e3o abaixo para consultar a nossa Pol\u00edtica de privacidade (PDF)<\/h2>\n<div class=\"documets_table documents_table_one_cols\"><a file_type='pdf' class='document_td' href='https:\/\/www.etoro.com\/wp-content\/uploads\/2022\/06\/eToro-Privacy-Policy-June-2022-Clean.pdf' target='_blank'>\n            <span class='document_td_vertical'>\n                <span class='file_name'>Pol\u00edtica de privacidade do eToro<\/span>\n                <span class='file_link'>Descarregue o PDF<\/span>\n            <\/span>\n        <\/a><a file_type='pdf' class='document_td' href='https:\/\/www.etoro.com\/wp-content\/uploads\/2022\/02\/Privacy-Policy-Germany.pdf' target='_blank'>\n            <span class='document_td_vertical'>\n                <span class='file_name'>Privacy Policy - German Translation<\/span>\n                <span class='file_link'>Descarregue o PDF<\/span>\n            <\/span>\n        <\/a><\/div>\n","protected":false},"excerpt":{"rendered":"<p>Clique no bot\u00e3o abaixo para consultar a nossa Pol\u00edtica de privacidade (PDF)<\/p>\n","protected":false},"author":1,"featured_media":0,"parent":10606,"menu_order":1800,"comment_status":"closed","ping_status":"closed","template":"","meta":{"_acf_changed":false,"inline_featured_image":false,"sticky_cta_settings":"","footnotes":""},"asset_type":[],"class_list":["post-10653","page","type-page","status-publish","hentry"],"acf":[],"yoast_head":"<title>Pol\u00edtica de privacidade | eToro<\/title>\n<meta name=\"description\" content=\"O eToro adere aos requisitos reg. ao recolher os seus dados pessoais e usa-os p\/ adaptar a sua experi\u00eancia de neg. e invest. online \u00e0s suas necessidades.\" \/>\n<meta name=\"robots\" content=\"index, follow, max-snippet:-1, max-image-preview:large, max-video-preview:-1\" \/>\n<link rel=\"canonical\" href=\"https:\/\/www.etoro.com\/pt-pt\/wp-json\/wp\/v2\/pages\/10653\" \/>\n<meta property=\"og:locale\" content=\"pt_PT\" \/>\n<meta property=\"og:type\" content=\"article\" \/>\n<meta property=\"og:title\" content=\"Pol\u00edtica de privacidade | eToro\" \/>\n<meta property=\"og:description\" content=\"O eToro adere aos requisitos reg. ao recolher os seus dados pessoais e usa-os p\/ adaptar a sua experi\u00eancia de neg. e invest. online \u00e0s suas necessidades.\" \/>\n<meta property=\"og:url\" content=\"https:\/\/www.etoro.com\/pt-pt\/wp-json\/wp\/v2\/pages\/10653\" \/>\n<meta property=\"og:site_name\" content=\"eToro\" \/>\n<meta property=\"article:publisher\" content=\"https:\/\/www.facebook.com\/eToro\/\" \/>\n<meta property=\"article:modified_time\" content=\"2022-06-01T13:03:58+00:00\" \/>\n<meta property=\"og:image\" content=\"https:\/\/www.etoro.com\/wp-content\/uploads\/2019\/12\/etoro_logo_social_share1.png\" \/>\n\t<meta property=\"og:image:width\" content=\"240\" \/>\n\t<meta property=\"og:image:height\" content=\"240\" \/>\n\t<meta property=\"og:image:type\" content=\"image\/png\" \/>\n<meta name=\"twitter:card\" content=\"summary_large_image\" \/>\n<meta name=\"twitter:site\" content=\"@eToro\" \/>\n<script type=\"application\/ld+json\" class=\"yoast-schema-graph\">{\"@context\":\"https:\/\/schema.org\",\"@graph\":[{\"@type\":\"WebPage\",\"@id\":\"https:\/\/www.etoro.com\/pt-pt\/customer-service\/privacy\/\",\"url\":\"https:\/\/www.etoro.com\/pt-pt\/customer-service\/privacy\/\",\"name\":\"Pol\u00edtica de privacidade | eToro\",\"isPartOf\":{\"@id\":\"https:\/\/www.etoro.com\/pt-pt\/#website\"},\"datePublished\":\"2017-08-15T10:29:47+00:00\",\"dateModified\":\"2022-06-01T13:03:58+00:00\",\"description\":\"O eToro adere aos requisitos reg. ao recolher os seus dados pessoais e usa-os p\/ adaptar a sua experi\u00eancia de neg. e invest. online \u00e0s suas necessidades.\",\"breadcrumb\":{\"@id\":\"https:\/\/www.etoro.com\/pt-pt\/customer-service\/privacy\/#breadcrumb\"},\"inLanguage\":\"pt\",\"potentialAction\":[{\"@type\":\"ReadAction\",\"target\":[\"https:\/\/www.etoro.com\/pt-pt\/customer-service\/privacy\/\"]}]},{\"@type\":\"BreadcrumbList\",\"@id\":\"https:\/\/www.etoro.com\/pt-pt\/customer-service\/privacy\/#breadcrumb\",\"itemListElement\":[{\"@type\":\"ListItem\",\"position\":1,\"name\":\"In\u00edcio\",\"item\":\"https:\/\/www.etoro.com\/pt-pt\/\"},{\"@type\":\"ListItem\",\"position\":2,\"name\":\"Servi\u00e7o De Cliente\",\"item\":\"https:\/\/www.etoro.com\/pt-pt\/customer-service\/\"},{\"@type\":\"ListItem\",\"position\":3,\"name\":\"PRIVACIDADE\"}]},{\"@type\":\"WebSite\",\"@id\":\"https:\/\/www.etoro.com\/pt-pt\/#website\",\"url\":\"https:\/\/www.etoro.com\/pt-pt\/\",\"name\":\"eToro\",\"description\":\"\",\"publisher\":{\"@id\":\"https:\/\/www.etoro.com\/pt-pt\/#organization\"},\"potentialAction\":[{\"@type\":\"SearchAction\",\"target\":{\"@type\":\"EntryPoint\",\"urlTemplate\":\"https:\/\/www.etoro.com\/pt-pt\/?s={search_term_string}\"},\"query-input\":{\"@type\":\"PropertyValueSpecification\",\"valueRequired\":true,\"valueName\":\"search_term_string\"}}],\"inLanguage\":\"pt\"},[]]}<\/script>","yoast_head_json":{"title":"Pol\u00edtica de privacidade | eToro","description":"O eToro adere aos requisitos reg. ao recolher os seus dados pessoais e usa-os p\/ adaptar a sua experi\u00eancia de neg. e invest. online \u00e0s suas necessidades.","robots":{"index":"index","follow":"follow","max-snippet":"max-snippet:-1","max-image-preview":"max-image-preview:large","max-video-preview":"max-video-preview:-1"},"canonical":"https:\/\/www.etoro.com\/pt-pt\/wp-json\/wp\/v2\/pages\/10653","og_locale":"pt_PT","og_type":"article","og_title":"Pol\u00edtica de privacidade | eToro","og_description":"O eToro adere aos requisitos reg. ao recolher os seus dados pessoais e usa-os p\/ adaptar a sua experi\u00eancia de neg. e invest. online \u00e0s suas necessidades.","og_url":"https:\/\/www.etoro.com\/pt-pt\/wp-json\/wp\/v2\/pages\/10653","og_site_name":"eToro","article_publisher":"https:\/\/www.facebook.com\/eToro\/","article_modified_time":"2022-06-01T13:03:58+00:00","og_image":[{"width":240,"height":240,"url":"https:\/\/www.etoro.com\/wp-content\/uploads\/2019\/12\/etoro_logo_social_share1.png","type":"image\/png"}],"twitter_card":"summary_large_image","twitter_site":"@eToro","schema":{"@context":"https:\/\/schema.org","@graph":[{"@type":"WebPage","@id":"https:\/\/www.etoro.com\/pt-pt\/customer-service\/privacy\/","url":"https:\/\/www.etoro.com\/pt-pt\/customer-service\/privacy\/","name":"Pol\u00edtica de privacidade | eToro","isPartOf":{"@id":"https:\/\/www.etoro.com\/pt-pt\/#website"},"datePublished":"2017-08-15T10:29:47+00:00","dateModified":"2022-06-01T13:03:58+00:00","description":"O eToro adere aos requisitos reg. ao recolher os seus dados pessoais e usa-os p\/ adaptar a sua experi\u00eancia de neg. e invest. online \u00e0s suas necessidades.","breadcrumb":{"@id":"https:\/\/www.etoro.com\/pt-pt\/customer-service\/privacy\/#breadcrumb"},"inLanguage":"pt","potentialAction":[{"@type":"ReadAction","target":["https:\/\/www.etoro.com\/pt-pt\/customer-service\/privacy\/"]}]},{"@type":"BreadcrumbList","@id":"https:\/\/www.etoro.com\/pt-pt\/customer-service\/privacy\/#breadcrumb","itemListElement":[{"@type":"ListItem","position":1,"name":"In\u00edcio","item":"https:\/\/www.etoro.com\/pt-pt\/"},{"@type":"ListItem","position":2,"name":"Servi\u00e7o De Cliente","item":"https:\/\/www.etoro.com\/pt-pt\/customer-service\/"},{"@type":"ListItem","position":3,"name":"PRIVACIDADE"}]},{"@type":"WebSite","@id":"https:\/\/www.etoro.com\/pt-pt\/#website","url":"https:\/\/www.etoro.com\/pt-pt\/","name":"eToro","description":"","publisher":{"@id":"https:\/\/www.etoro.com\/pt-pt\/#organization"},"potentialAction":[{"@type":"SearchAction","target":{"@type":"EntryPoint","urlTemplate":"https:\/\/www.etoro.com\/pt-pt\/?s={search_term_string}"},"query-input":{"@type":"PropertyValueSpecification","valueRequired":true,"valueName":"search_term_string"}}],"inLanguage":"pt"},[]]}},"_links":{"self":[{"href":"https:\/\/www.etoro.com\/pt-pt\/wp-json\/wp\/v2\/pages\/10653"}],"collection":[{"href":"https:\/\/www.etoro.com\/pt-pt\/wp-json\/wp\/v2\/pages"}],"about":[{"href":"https:\/\/www.etoro.com\/pt-pt\/wp-json\/wp\/v2\/types\/page"}],"author":[{"embeddable":true,"href":"https:\/\/www.etoro.com\/pt-pt\/wp-json\/wp\/v2\/users\/1"}],"replies":[{"embeddable":true,"href":"https:\/\/www.etoro.com\/pt-pt\/wp-json\/wp\/v2\/comments?post=10653"}],"version-history":[{"count":0,"href":"https:\/\/www.etoro.com\/pt-pt\/wp-json\/wp\/v2\/pages\/10653\/revisions"}],"up":[{"embeddable":true,"href":"https:\/\/www.etoro.com\/pt-pt\/wp-json\/wp\/v2\/pages\/10606"}],"wp:attachment":[{"href":"https:\/\/www.etoro.com\/pt-pt\/wp-json\/wp\/v2\/media?parent=10653"}],"wp:term":[{"taxonomy":"asset_type","embeddable":true,"href":"https:\/\/www.etoro.com\/pt-pt\/wp-json\/wp\/v2\/asset_type?post=10653"}],"curies":[{"name":"wp","href":"https:\/\/api.w.org\/{rel}","templated":true}]}}