{"id":10731,"date":"2017-10-24T09:56:32","date_gmt":"2017-10-24T06:56:32","guid":{"rendered":"\/etoro\/customer-service\/responsible-trading\/"},"modified":"2024-07-08T13:18:32","modified_gmt":"2024-07-08T10:18:32","slug":"responsible-trading","status":"publish","type":"page","link":"https:\/\/www.etoro.com\/pt-pt\/customer-service\/responsible-trading\/","title":{"rendered":"Pol\u00edtica de negocia\u00e7\u00e3o respons\u00e1vel"},"content":{"rendered":"\n<section class=\"wp-block-group wp-block-group-boxed has-white-background-color has-background\"><div class=\"wp-block-group-inner is-layout-flow wp-block-group-is-layout-flow\">\n<div class=\"wp-block-columns are-vertically-aligned-top wp-block-columns-1 is-layout-flex wp-container-core-columns-is-layout-1 wp-block-columns-is-layout-flex\">\n<div class=\"wp-block-column is-layout-flow wp-block-column-is-layout-flow\">\n<p>No que se refere a negociar no eToro ou a utilizar as suas funcionalidades sociais, encorajamos os nossos utilizadores a serem respons\u00e1veis. Na nossa pol\u00edtica de negocia\u00e7\u00e3o social, recomendamos aos investidores que se acautelem contra decis\u00f5es emocionais, que possam resultar em perdas desnecess\u00e1rias.<\/p>\n\n\n\n<p>Os principiantes, em especial, tendem a confiar mais no instinto, porque normalmente n\u00e3o t\u00eam experi\u00eancia suficiente de negocia\u00e7\u00e3o financeira para fazerem escolhas racionais e bem informadas.<\/p>\n\n\n\n<p>Para ajudar os investidores a evitarem decis\u00f5es precipitadas de negocia\u00e7\u00e3o online, o eToro, em conformidade com as orienta\u00e7\u00f5es dos reguladores financeiros locais, recomenda o seguinte:<\/p>\n\n\n\n<ul class=\"wp-block-list wp-block-list-circle\">\n<li>Alavancagem m\u00e1xima de acordo com a seguinte lista:<\/li>\n<\/ul>\n\n\n\n<p><strong>1. <\/strong>30:1 para os principais pares de moedas;<\/p>\n\n\n\n<p><strong>2. <\/strong>20:1 para os outros pares de moedas, para o ouro e para os principais \u00edndices;<\/p>\n\n\n\n<p><strong>3. <\/strong>10:1 para mat\u00e9rias-primas, com exce\u00e7\u00e3o do ouro e de \u00edndices de a\u00e7\u00f5es de menor import\u00e2ncia;<\/p>\n\n\n\n<p><strong>4. <\/strong>5:1 para a\u00e7\u00f5es e outros valores de refer\u00eancia;<\/p>\n\n\n\n<p><strong>5. <\/strong>2:1 para criptomoedas;<\/p>\n\n\n\n<ul class=\"wp-block-list wp-block-list-circle\">\n<li>N\u00e3o coloque mais do que 20% do seu capital numa \u00fanica posi\u00e7\u00e3o<\/li>\n\n\n\n<li>N\u00e3o destine mais do que 40% do seu saldo total a copiar um investidor<\/li>\n<\/ul>\n\n\n\n<p>Os fatores chave de sucesso dos investidores inteligentes s\u00e3o a baixa alavancagem e a diversifica\u00e7\u00e3o da carteira, algo que \u00e9 comprovado pelas carteiras dos principais investidores do eToro.<\/p>\n\n\n\n<h2 class=\"wp-block-heading\">Eis algumas dicas que o ajudar\u00e3o a ser um investidor mais respons\u00e1vel:<\/h2>\n\n\n\n<ol class=\"wp-block-list\">\n<li>Invista apenas naquilo que conhece: n\u00e3o siga todas as dicas e n\u00e3o invista por impulso. Se quer investir num determinado ativo, estude o hist\u00f3rico e as tend\u00eancias desse ativo.<\/li>\n\n\n\n<li>Veja com aten\u00e7\u00e3o a sua classifica\u00e7\u00e3o de risco: a sua classifica\u00e7\u00e3o de risco espec\u00edfica \u00e9 uma forma excelente de verificar se \u00e9, ou n\u00e3o, um investidor respons\u00e1vel. Recomendamos-lhe que mantenha uma classifica\u00e7\u00e3o de risco no eToro de 3 ou menos.<\/li>\n\n\n\n<li>Ajuste a sua carteira: diversifique a sua carteira investindo em v\u00e1rias classes de ativos. Se n\u00e3o quer monitorizar a sua carteira com frequ\u00eancia, opte por instrumentos que requerem menor envolvimento, tais como os Smart Portfolios ou o sistema CopyTrader\u2122.<\/li>\n\n\n\n<li>Copie outros investidores respons\u00e1veis: consulte as classifica\u00e7\u00f5es de risco, os hist\u00f3ricos e o grau de diversifica\u00e7\u00e3o das carteiras dos investidores que deseja copiar.<\/li>\n<\/ol>\n\n\n\n<figure class=\"wp-block-image aligncenter\"><img loading=\"lazy\" decoding=\"async\" width=\"1059\" height=\"529\" src=\"\/wp-content\/uploads\/2017\/10\/trading-guideline-img.png\" alt=\"\" class=\"wp-image-19091 wp-image-desktop\" srcset=\"https:\/\/www.etoro.com\/wp-content\/uploads\/2017\/10\/trading-guideline-img.png 1059w, https:\/\/www.etoro.com\/wp-content\/uploads\/2017\/10\/trading-guideline-img-300x150.png 300w, https:\/\/www.etoro.com\/wp-content\/uploads\/2017\/10\/trading-guideline-img-768x384.png 768w, https:\/\/www.etoro.com\/wp-content\/uploads\/2017\/10\/trading-guideline-img-1024x512.png 1024w\" sizes=\"(max-width: 1059px) 100vw, 1059px\" \/><\/figure>\n\n\n\n<h2 class=\"wp-block-heading\">Psicologia humana e negocia\u00e7\u00e3o emocional<\/h2>\n\n\n\n<p>Alguns negociadores, independentemente do seu n\u00edvel de experi\u00eancia, confiam demasiado nas emo\u00e7\u00f5es para negociar. Trata-se de um erro, uma vez que o medo, a gan\u00e2ncia e o entusiasmo podem dar origem a m\u00e1s decis\u00f5es. Fa\u00e7a sempre um plano de investimento e cumpra-o, aconte\u00e7a o que acontecer. Ao elaborar o seu plano de investimento, incorpore as dicas da sec\u00e7\u00e3o acima, tomando especial aten\u00e7\u00e3o a:<\/p>\n\n\n\n<ol class=\"wp-block-list\">\n<li>Alavancagem m\u00e1xima<\/li>\n\n\n\n<li>Diversifica\u00e7\u00e3o da carteira<\/li>\n\n\n\n<li>Classifica\u00e7\u00f5es de risco e perfis dos outros negociadores<\/li>\n<\/ol>\n\n\n\n<p>Em caso de d\u00favidas sobre a negocia\u00e7\u00e3o respons\u00e1vel, contacte o nosso&nbsp;<a href=\"https:\/\/www.etoro.com\/pt-pt\/customer-service\/\">centro de apoio ao cliente<\/a>.<\/p>\n<\/div>\n<\/div>\n<\/div><\/section>\n","protected":false},"excerpt":{"rendered":"<p>No que se refere a negociar no eToro ou a utilizar as suas funcionalidades sociais, encorajamos os nossos utilizadores a serem respons\u00e1veis. Na nossa pol\u00edtica de negocia\u00e7\u00e3o social, recomendamos aos investidores que se acautelem contra decis\u00f5es emocionais, que possam resultar em perdas desnecess\u00e1rias. Os principiantes, em especial, tendem a confiar mais no instinto, porque normalmente&hellip;<\/p>\n","protected":false},"author":1,"featured_media":0,"parent":10606,"menu_order":1501,"comment_status":"closed","ping_status":"closed","template":"","meta":{"_acf_changed":false,"inline_featured_image":false,"sticky_cta_settings":"","footnotes":""},"asset_type":[],"class_list":["post-10731","page","type-page","status-publish","hentry"],"acf":[],"yoast_head":"<title>Pol\u00edtica de negocia\u00e7\u00e3o respons\u00e1vel | eToro<\/title>\n<meta name=\"description\" content=\"No eToro, incentivamos a negocia\u00e7\u00e3o respons\u00e1vel por parte dos clientes e orientamo-los a negociarem em seguran\u00e7a. Leia a nossa pol\u00edtica de negocia\u00e7\u00e3o respons\u00e1vel para ficar a saber como o fazemos.\" \/>\n<meta name=\"robots\" content=\"index, follow, max-snippet:-1, max-image-preview:large, max-video-preview:-1\" \/>\n<link rel=\"canonical\" href=\"https:\/\/www.etoro.com\/pt-pt\/wp-json\/wp\/v2\/pages\/10731\" \/>\n<meta property=\"og:locale\" content=\"pt_PT\" \/>\n<meta property=\"og:type\" content=\"article\" \/>\n<meta property=\"og:title\" content=\"Pol\u00edtica de negocia\u00e7\u00e3o respons\u00e1vel | eToro\" \/>\n<meta property=\"og:description\" content=\"No eToro, incentivamos a negocia\u00e7\u00e3o respons\u00e1vel por parte dos clientes e orientamo-los a negociarem em seguran\u00e7a. Leia a nossa pol\u00edtica de negocia\u00e7\u00e3o respons\u00e1vel para ficar a saber como o fazemos.\" \/>\n<meta property=\"og:url\" content=\"https:\/\/www.etoro.com\/pt-pt\/wp-json\/wp\/v2\/pages\/10731\" \/>\n<meta property=\"og:site_name\" content=\"eToro\" \/>\n<meta property=\"article:publisher\" content=\"https:\/\/www.facebook.com\/eToro\/\" \/>\n<meta property=\"article:modified_time\" content=\"2024-07-08T10:18:32+00:00\" \/>\n<meta property=\"og:image\" content=\"https:\/\/www.etoro.com\/wp-content\/uploads\/2019\/12\/etoro_logo_social_share1.png\" \/>\n\t<meta property=\"og:image:width\" content=\"240\" \/>\n\t<meta property=\"og:image:height\" content=\"240\" \/>\n\t<meta property=\"og:image:type\" content=\"image\/png\" \/>\n<meta name=\"twitter:card\" content=\"summary_large_image\" \/>\n<meta name=\"twitter:site\" content=\"@eToro\" \/>\n<meta name=\"twitter:label1\" content=\"Est. reading time\" \/>\n\t<meta name=\"twitter:data1\" content=\"2 minutes\" \/>\n<script type=\"application\/ld+json\" class=\"yoast-schema-graph\">{\"@context\":\"https:\/\/schema.org\",\"@graph\":[{\"@type\":\"WebPage\",\"@id\":\"https:\/\/www.etoro.com\/pt-pt\/customer-service\/responsible-trading\/\",\"url\":\"https:\/\/www.etoro.com\/pt-pt\/customer-service\/responsible-trading\/\",\"name\":\"Pol\u00edtica de negocia\u00e7\u00e3o respons\u00e1vel | eToro\",\"isPartOf\":{\"@id\":\"https:\/\/www.etoro.com\/pt-pt\/#website\"},\"datePublished\":\"2017-10-24T06:56:32+00:00\",\"dateModified\":\"2024-07-08T10:18:32+00:00\",\"description\":\"No eToro, incentivamos a negocia\u00e7\u00e3o respons\u00e1vel por parte dos clientes e orientamo-los a negociarem em seguran\u00e7a. Leia a nossa pol\u00edtica de negocia\u00e7\u00e3o respons\u00e1vel para ficar a saber como o fazemos.\",\"breadcrumb\":{\"@id\":\"https:\/\/www.etoro.com\/pt-pt\/customer-service\/responsible-trading\/#breadcrumb\"},\"inLanguage\":\"pt\",\"potentialAction\":[{\"@type\":\"ReadAction\",\"target\":[\"https:\/\/www.etoro.com\/pt-pt\/customer-service\/responsible-trading\/\"]}]},{\"@type\":\"BreadcrumbList\",\"@id\":\"https:\/\/www.etoro.com\/pt-pt\/customer-service\/responsible-trading\/#breadcrumb\",\"itemListElement\":[{\"@type\":\"ListItem\",\"position\":1,\"name\":\"In\u00edcio\",\"item\":\"https:\/\/www.etoro.com\/pt-pt\/\"},{\"@type\":\"ListItem\",\"position\":2,\"name\":\"Servi\u00e7o De Cliente\",\"item\":\"https:\/\/www.etoro.com\/pt-pt\/customer-service\/\"},{\"@type\":\"ListItem\",\"position\":3,\"name\":\"NEGOCIA\u00c7\u00c3O RESPONS\u00c1VEL\"}]},{\"@type\":\"WebSite\",\"@id\":\"https:\/\/www.etoro.com\/pt-pt\/#website\",\"url\":\"https:\/\/www.etoro.com\/pt-pt\/\",\"name\":\"eToro\",\"description\":\"\",\"publisher\":{\"@id\":\"https:\/\/www.etoro.com\/pt-pt\/#organization\"},\"potentialAction\":[{\"@type\":\"SearchAction\",\"target\":{\"@type\":\"EntryPoint\",\"urlTemplate\":\"https:\/\/www.etoro.com\/pt-pt\/?s={search_term_string}\"},\"query-input\":{\"@type\":\"PropertyValueSpecification\",\"valueRequired\":true,\"valueName\":\"search_term_string\"}}],\"inLanguage\":\"pt\"},[]]}<\/script>","yoast_head_json":{"title":"Pol\u00edtica de negocia\u00e7\u00e3o respons\u00e1vel | eToro","description":"No eToro, incentivamos a negocia\u00e7\u00e3o respons\u00e1vel por parte dos clientes e orientamo-los a negociarem em seguran\u00e7a. Leia a nossa pol\u00edtica de negocia\u00e7\u00e3o respons\u00e1vel para ficar a saber como o fazemos.","robots":{"index":"index","follow":"follow","max-snippet":"max-snippet:-1","max-image-preview":"max-image-preview:large","max-video-preview":"max-video-preview:-1"},"canonical":"https:\/\/www.etoro.com\/pt-pt\/wp-json\/wp\/v2\/pages\/10731","og_locale":"pt_PT","og_type":"article","og_title":"Pol\u00edtica de negocia\u00e7\u00e3o respons\u00e1vel | eToro","og_description":"No eToro, incentivamos a negocia\u00e7\u00e3o respons\u00e1vel por parte dos clientes e orientamo-los a negociarem em seguran\u00e7a. Leia a nossa pol\u00edtica de negocia\u00e7\u00e3o respons\u00e1vel para ficar a saber como o fazemos.","og_url":"https:\/\/www.etoro.com\/pt-pt\/wp-json\/wp\/v2\/pages\/10731","og_site_name":"eToro","article_publisher":"https:\/\/www.facebook.com\/eToro\/","article_modified_time":"2024-07-08T10:18:32+00:00","og_image":[{"width":240,"height":240,"url":"https:\/\/www.etoro.com\/wp-content\/uploads\/2019\/12\/etoro_logo_social_share1.png","type":"image\/png"}],"twitter_card":"summary_large_image","twitter_site":"@eToro","twitter_misc":{"Est. reading time":"2 minutes"},"schema":{"@context":"https:\/\/schema.org","@graph":[{"@type":"WebPage","@id":"https:\/\/www.etoro.com\/pt-pt\/customer-service\/responsible-trading\/","url":"https:\/\/www.etoro.com\/pt-pt\/customer-service\/responsible-trading\/","name":"Pol\u00edtica de negocia\u00e7\u00e3o respons\u00e1vel | eToro","isPartOf":{"@id":"https:\/\/www.etoro.com\/pt-pt\/#website"},"datePublished":"2017-10-24T06:56:32+00:00","dateModified":"2024-07-08T10:18:32+00:00","description":"No eToro, incentivamos a negocia\u00e7\u00e3o respons\u00e1vel por parte dos clientes e orientamo-los a negociarem em seguran\u00e7a. Leia a nossa pol\u00edtica de negocia\u00e7\u00e3o respons\u00e1vel para ficar a saber como o fazemos.","breadcrumb":{"@id":"https:\/\/www.etoro.com\/pt-pt\/customer-service\/responsible-trading\/#breadcrumb"},"inLanguage":"pt","potentialAction":[{"@type":"ReadAction","target":["https:\/\/www.etoro.com\/pt-pt\/customer-service\/responsible-trading\/"]}]},{"@type":"BreadcrumbList","@id":"https:\/\/www.etoro.com\/pt-pt\/customer-service\/responsible-trading\/#breadcrumb","itemListElement":[{"@type":"ListItem","position":1,"name":"In\u00edcio","item":"https:\/\/www.etoro.com\/pt-pt\/"},{"@type":"ListItem","position":2,"name":"Servi\u00e7o De Cliente","item":"https:\/\/www.etoro.com\/pt-pt\/customer-service\/"},{"@type":"ListItem","position":3,"name":"NEGOCIA\u00c7\u00c3O RESPONS\u00c1VEL"}]},{"@type":"WebSite","@id":"https:\/\/www.etoro.com\/pt-pt\/#website","url":"https:\/\/www.etoro.com\/pt-pt\/","name":"eToro","description":"","publisher":{"@id":"https:\/\/www.etoro.com\/pt-pt\/#organization"},"potentialAction":[{"@type":"SearchAction","target":{"@type":"EntryPoint","urlTemplate":"https:\/\/www.etoro.com\/pt-pt\/?s={search_term_string}"},"query-input":{"@type":"PropertyValueSpecification","valueRequired":true,"valueName":"search_term_string"}}],"inLanguage":"pt"},[]]}},"_links":{"self":[{"href":"https:\/\/www.etoro.com\/pt-pt\/wp-json\/wp\/v2\/pages\/10731"}],"collection":[{"href":"https:\/\/www.etoro.com\/pt-pt\/wp-json\/wp\/v2\/pages"}],"about":[{"href":"https:\/\/www.etoro.com\/pt-pt\/wp-json\/wp\/v2\/types\/page"}],"author":[{"embeddable":true,"href":"https:\/\/www.etoro.com\/pt-pt\/wp-json\/wp\/v2\/users\/1"}],"replies":[{"embeddable":true,"href":"https:\/\/www.etoro.com\/pt-pt\/wp-json\/wp\/v2\/comments?post=10731"}],"version-history":[{"count":0,"href":"https:\/\/www.etoro.com\/pt-pt\/wp-json\/wp\/v2\/pages\/10731\/revisions"}],"up":[{"embeddable":true,"href":"https:\/\/www.etoro.com\/pt-pt\/wp-json\/wp\/v2\/pages\/10606"}],"wp:attachment":[{"href":"https:\/\/www.etoro.com\/pt-pt\/wp-json\/wp\/v2\/media?parent=10731"}],"wp:term":[{"taxonomy":"asset_type","embeddable":true,"href":"https:\/\/www.etoro.com\/pt-pt\/wp-json\/wp\/v2\/asset_type?post=10731"}],"curies":[{"name":"wp","href":"https:\/\/api.w.org\/{rel}","templated":true}]}}