{"id":10743,"date":"2017-11-20T08:43:33","date_gmt":"2017-11-20T06:43:33","guid":{"rendered":"\/etoro\/customer-service\/risks-associated-with-social-trading\/"},"modified":"2019-01-23T16:55:12","modified_gmt":"2019-01-23T14:55:12","slug":"risks-associated-with-social-trading","status":"publish","type":"page","link":"https:\/\/www.etoro.com\/pt-pt\/customer-service\/risks-associated-with-social-trading\/","title":{"rendered":"Riscos associados \u00e0 negocia\u00e7\u00e3o social"},"content":{"rendered":"<p><strong>O eToro (Europe) Ltd. e os seus afiliados t\u00eam o orgulho de proporcionar-lhe a possibilidade de interagir, seguir e copiar outros investidores, utilizando as informa\u00e7\u00f5es e\/ou as funcionalidades de negocia\u00e7\u00e3o fornecidas e\/ou colocadas \u00e0 disposi\u00e7\u00e3o nos nossos websites e\/ou plataformas de negocia\u00e7\u00e3o. Tais funcionalidades sociais incluem, mas n\u00e3o se limitam a, a nossa comunidade, &#8220;seguir&#8221;, &#8220;copiar&#8221; e\/ou classifica\u00e7\u00f5es de investidores &#8220;CopyTrader&#8221;, &#8220;utilizadores destacados&#8221; e\/ou quaisquer op\u00e7\u00f5es de pesquisa avan\u00e7ada, etc. (coletivamente, &#8220;Funcionalidades de negocia\u00e7\u00e3o social&#8221;). Contudo, n\u00e3o se esque\u00e7a de que as Funcionalidades de negocia\u00e7\u00e3o social est\u00e3o associadas a diversos riscos e de que o instamos a ler cuidadosamente e a ponderar sobre os seguintes riscos, antes de utilizar as nossas Funcionalidades de negocia\u00e7\u00e3o social:<\/strong><\/p>\n<ul>\n<li><span>Execu\u00e7\u00e3o autom\u00e1tica de ordens, em que as posi\u00e7\u00f5es s\u00e3o abertas e fechadas na sua conta sem a sua interven\u00e7\u00e3o manual.<\/span><\/li>\n<li><span>Os servi\u00e7os de gest\u00e3o de investimento do eToro est\u00e3o condicionados \u00e0s suas decis\u00f5es de copiar um ou mais investidores espec\u00edficos e\/ou de seguir uma estrat\u00e9gia determinada. Ao tomar tais decis\u00f5es, dever\u00e1 considerar a sua situa\u00e7\u00e3o financeira, incluindo os seus compromissos financeiros, e compreender que a utiliza\u00e7\u00e3o das Funcionalidades de negocia\u00e7\u00e3o social \u00e9 altamente especulativa, e que poder\u00e1 incorrer em perdas significativas, que podem exceder o montante utilizado para copiar um ou mais investidores.<\/span><\/li>\n<li><span>As Funcionalidades de negocia\u00e7\u00e3o social s\u00e3o fornecidas por n\u00f3s apenas para fins informativos. O eToro (Europe) Ltd. e os seus afiliados, e respetivos empregados e agentes, n\u00e3o s\u00e3o consultores financeiros ou de investimento. SE TOMAR DECIS\u00d5ES DE INVESTIMENTO COM BASE NAS INFORMA\u00c7\u00d5ES QUE EST\u00c3O DISPON\u00cdVEIS NOS NOSSOS WEBSITES OU RESULTANTES DA UTILIZA\u00c7\u00c3O DAS NOSSAS FUNCIONALIDADES DE NEGOCIA\u00c7\u00c3O SOCIAL, ESSAS DECIS\u00d5ES S\u00c3O TOMADAS POR SUA CONTA E RISCO, E O ETORO GROUP LTD. E OS SEUS AFILIADOS, E RESPETIVOS EMPREGADOS E AGENTES, N\u00c3O SER\u00c3O RESPONS\u00c1VEIS POR QUAISQUER PERDAS EM QUE POSSA INCORRER.<\/span><\/li>\n<li><span>N\u00c3O DEVER\u00c1 TOMAR NENHUMA DECIS\u00c3O DE INVESTIMENTO SEM PRIMEIRO FAZER A SUA PR\u00d3PRIA AN\u00c1LISE. A RESPONSABILIDADE POR DETERMINAR, COM BASE NOS SEUS OBJETIVOS DE INVESTIMENTO E SITUA\u00c7\u00c3O FINANCEIRA OU PESSOAL, SE UM INVESTIMENTO, ESTRAT\u00c9GIA OU QUALQUER OUTRO PRODUTO OU SERVI\u00c7O, \u00c9 APROPRIADO OU ADEQUADO PARA SI, \u00c9 EXCLUSIVAMENTE SUA.<\/span><\/li>\n<li><span>As posi\u00e7\u00f5es de um investidor copiado (em rela\u00e7\u00e3o a qualquer um dos nossos instrumentos financeiros) ser\u00e3o copiadas com um montante que ser\u00e1 o menor que resultar da compara\u00e7\u00e3o entre o montante m\u00ednimo de posi\u00e7\u00e3o e os montantes proporcionais da ordem copiada em rela\u00e7\u00e3o ao capital realizado do investidor copiado, que ser\u00e1 a base para as propor\u00e7\u00f5es das ordens copiadas. Tais posi\u00e7\u00f5es ter\u00e3o, tanto quanto poss\u00edvel, a mesma alavancagem, stop loss e take profit. As posi\u00e7\u00f5es abaixo do montante m\u00ednimo de posi\u00e7\u00e3o n\u00e3o ser\u00e3o abertas. Todas as posi\u00e7\u00f5es referidas ser\u00e3o modificadas e\/ou fechadas automaticamente se e quando forem modificadas\/fechadas pelo investidor copiado, seja por que raz\u00e3o for, sem aviso pr\u00e9vio e sem qualquer a\u00e7\u00e3o da sua parte. Dever\u00e1 ser capaz e estar preparado para suportar a perda da totalidade do investimento que fez no investidor copiado referido. Ser\u00e1 integralmente respons\u00e1vel por todas as perdas em que incorrer em resultado da execu\u00e7\u00e3o autom\u00e1tica das instru\u00e7\u00f5es geradas em resultado da utiliza\u00e7\u00e3o de qualquer uma das Funcionalidades de negocia\u00e7\u00e3o social.<\/span><\/li>\n<li><span>Se abrir posi\u00e7\u00f5es adicionais na sua conta ou modificar ou cancelar uma ordem gerada pelas Funcionalidades de negocia\u00e7\u00e3o social, poder\u00e1 obter resultados materialmente diferentes dos do utilizador que copiou. Os levantamentos efetuados pelo investidor copiado poder\u00e3o tamb\u00e9m gerar resultados materialmente diferentes dos do utilizador que copiou, uma vez que poder\u00e3o afetar as propor\u00e7\u00f5es de Copy Trading.<\/span><\/li>\n<li><span>Qualquer desempenho passado dos nossos utilizadores, classifica\u00e7\u00f5es de risco, estat\u00edsticas ou quaisquer outras informa\u00e7\u00f5es relacionadas com utilizadores publicadas nos nossos websites ou aplica\u00e7\u00f5es n\u00e3o s\u00e3o indicativos de resultados futuros e dever\u00e3o ser considerados hipot\u00e9ticos, tal como descrito detalhadamente abaixo. \u00c9 importante compreender que as classifica\u00e7\u00f5es de risco, as informa\u00e7\u00f5es estat\u00edsticas e o hist\u00f3rico de desempenhos n\u00e3o s\u00e3o garantia de desempenhos futuros. NENHUMA ALEGA\u00c7\u00c3O OU GARANTIA EST\u00c1 A SER FEITA DE QUE UMA CONTA TER\u00c1, OU PROVAVELMENTE TER\u00c1, LUCROS OU PERDAS SEMELHANTES AOS APRESENTADOS E\/OU QUE UMA CLASSIFICA\u00c7\u00c3O DE RISCO DE UM UTILIZADOR COPIADO N\u00c3O PODER\u00c1 SER DE FACTO MAIS ALTA. Ao analisar o conte\u00fado, carteira, informa\u00e7\u00f5es de desempenho financeiro, opini\u00f5es ou conselhos de outro utilizador registado, n\u00e3o dever\u00e1 assumir que esse utilizador \u00e9 imparcial, independente ou qualificado para fornecer opini\u00f5es ou informa\u00e7\u00f5es financeiras. O eToro n\u00e3o garante nenhuma ordem, incluindo a coloca\u00e7\u00e3o de ordens de limita\u00e7\u00e3o de perdas, tais como o Copy Stop Loss. Em conformidade, independentemente da designa\u00e7\u00e3o de abertura ou fecho, o eToro n\u00e3o garante que as ordens sejam executadas ao pre\u00e7o ou percentagem de stop loss da ordem, e poder\u00e1 perder mais do que o montante original que utilizou para copiar o referido investidor.<\/span><\/li>\n<li><span>DESEMPENHOS PASSADOS E\/OU CLASSIFICA\u00c7\u00d5ES DE RISCO DEVER\u00c3O SER CONSIDERADOS RESULTADOS DE DESEMPENHO HIPOT\u00c9TICOS. OS RESULTADOS DE DESEMPENHO HIPOT\u00c9TICOS T\u00caM MUITAS LIMITA\u00c7\u00d5ES INERENTES. NENHUMA ALEGA\u00c7\u00c3O OU GARANTIA EST\u00c1 A SER FEITA DE QUE UMA CONTA TER\u00c1, OU PROVAVELMENTE TER\u00c1, LUCROS OU PERDAS SEMELHANTES AOS DESEMPENHOS PASSADOS E\/OU CLASSIFICA\u00c7\u00d5ES DE RISCO APRESENTADOS. A PERCENTAGEM EFETIVA DE GANHOS\/PERDAS ALCAN\u00c7ADA PELOS INVESTIDORES VARIAR\u00c1 EM FUN\u00c7\u00c3O DE MUITOS FATORES, INCLUINDO, MAS N\u00c3O SE LIMITANDO A: SALDOS INICIAIS DAS CONTAS (DEP\u00d3SITOS E LEVANTAMENTOS), COMPORTAMENTO DO MERCADO, AS DEFINI\u00c7\u00d5ES DA CONTA DO INVESTIDOR E O DESEMPENHO REAL DO UTILIZADOR COPIADO.<\/span><\/li>\n<li><span>EM CONFORMIDADE, OCORREM FREQUENTEMENTE DIFEREN\u00c7AS EXPRESSIVAS ENTRE OS RESULTADOS DE DESEMPENHOS HIPOT\u00c9TICOS\/PASSADOS E OS RESULTADOS REAIS SUBSEQUENTEMENTE OBTIDOS POR UM DETERMINADO PROGRAMA DE INVESTIMENTO. UMA DAS LIMITA\u00c7\u00d5ES DOS RESULTADOS DE DESEMPENHO HIPOT\u00c9TICOS \u00c9 QUE S\u00c3O NORMALMENTE CALCULADOS \u00c0 POSTERIORI. ADICIONALMENTE, A NEGOCIA\u00c7\u00c3O HIPOT\u00c9TICA N\u00c3O EST\u00c1 SUJEITA A RISCO FINANCEIRO E NENHUMA INST\u00c2NCIA DE NEGOCIA\u00c7\u00c3O HIPOT\u00c9TICA PODE INCORPORAR INTEGRALMENTE O IMPACTO DO RISCO FINANCEIRO NA NEGOCIA\u00c7\u00c3O REAL. POR EXEMPLO, A CAPACIDADE PARA SUPORTAR PERDAS OU PARA CONTINUAR A CUMPRIR UM DETERMINADO PROGRAMA DE INVESTIMENTO APESAR DA OCORR\u00caNCIA DE PERDAS, S\u00c3O PONTOS MATERIAIS QUE TAMB\u00c9M PODEM AFETAR NEGATIVAMENTE OS RESULTADOS DE NEGOCIA\u00c7\u00c3O REAIS. EXISTEM MUITOS OUTROS FATORES, RELACIONADOS COM OS MERCADOS EM GERAL OU COM A IMPLEMENTA\u00c7\u00c3O DE QUALQUER PROGRAMA DE INVESTIMENTO ESPEC\u00cdFICO, QUE N\u00c3O PODEM SER COMPLETAMENTE TOMADOS EM CONSIDERA\u00c7\u00c3O QUANDO SE CALCULAM OS RESULTADOS DE DESEMPENHO HIPOT\u00c9TICOS E TODOS ELES PODEM AFETAR NEGATIVAMENTE OS RESULTADOS DE NEGOCIA\u00c7\u00c3O REAIS.<\/span><\/li>\n<li><span>NENHUMA PARTE DAS INFORMA\u00c7\u00d5ES E\/OU FUNCIONALIDADES DE NEGOCIA\u00c7\u00c3O SOCIAL FORNECIDAS E\/OU COLOCADAS \u00c0 DISPOSI\u00c7\u00c3O NOS NOSSOS WEBSITES SE DESTINA A FORNECER, OU DEVE SER CONSIDERADA COMO DESTINANDO-SE A FORNECER CONSELHOS DE INVESTIMENTO, JUR\u00cdDICOS, FINANCEIROS OU RELACIONADOS, DE QUALQUER TIPO. N\u00c3O DEVER\u00c1 CONSIDERAR QUALQUER DESTES CONTE\u00daDOS E\/OU QUALQUER DESTAS FUNCIONALIDADES COMO SUBSTITUTO PARA ACONSELHAMENTO PROFISSIONAL DE INVESTIMENTO E\/OU FINANCEIRO. SE OPTAR POR REALIZAR TRANSA\u00c7\u00d5ES COM BASE EM CONTE\u00daDOS DESTE WEBSITE E\/OU ESCOLHER COPIAR INVESTIDORES ESPEC\u00cdFICOS E\/OU POSI\u00c7\u00d5ES, ENT\u00c3O ESSAS DECIS\u00d5ES E TRANSA\u00c7\u00d5ES, E TODAS AS CONSEQU\u00caNCIAS QUE DELAS ADVENHAM, SER\u00c3O DA SUA INTEIRA RESPONSABILIDADE. OS PARTICIPANTES INDIVIDUAIS PODER\u00c3O OFERECER CONSELHOS DE INVESTIMENTO OU OPINI\u00d5ES E\/OU REALIZAR TRANSA\u00c7\u00d5ES QUE PODER\u00c3O SER SUBSEQUENTEMENTE COPIADAS POR OUTROS INVESTIDORES, NO ENTANTO, TAIS CONSELHOS, OPINI\u00d5ES OU TRANSA\u00c7\u00d5ES APENAS REPRESENTAM TROCAS ENTRE PESSOAS QUE PODER\u00c3O SER AN\u00d3NIMAS OU N\u00c3O IDENTIFIC\u00c1VEIS OU SIMPLESMENTE A EXECU\u00c7\u00c3O DE UMA ORDEM PELOS INVESTIDORES REFERIDOS. O ETORO GROUP LTD. E OS SEUS AFILIADOS N\u00c3O FORNECEM CONSELHOS SOBRE INVESTIMENTOS DIRETAMENTE, INDIRETAMENTE, IMPLICITAMENTE OU DE QUALQUER OUTRA FORMA AO COLOCAR \u00c0 SUA DISPOSI\u00c7\u00c3O ESTAS INFORMA\u00c7\u00d5ES E\/OU FUNCIONALIDADES. DEVER\u00c1 UTILIZAR AS INFORMA\u00c7\u00d5ES OBTIDAS AQUI E\/OU UTILIZAR AS FUNCIONALIDADES DE NEGOCIA\u00c7\u00c3O SOCIAL APENAS COMO PONTO DE PARTIDA PARA A SUA AN\u00c1LISE INDEPENDENTE E PARA O SEU PROCESSO DE DECIS\u00c3O DE INVESTIMENTO.<\/span><\/li>\n<\/ul>\n","protected":false},"excerpt":{"rendered":"<p>O eToro (Europe) Ltd. e os seus afiliados t\u00eam o orgulho de proporcionar-lhe a possibilidade de interagir, seguir e copiar outros investidores, utilizando as informa\u00e7\u00f5es e\/ou as funcionalidades de negocia\u00e7\u00e3o fornecidas e\/ou colocadas \u00e0 disposi\u00e7\u00e3o nos nossos websites e\/ou plataformas de negocia\u00e7\u00e3o. Tais funcionalidades sociais incluem, mas n\u00e3o se limitam a, a nossa comunidade, &#8220;seguir&#8221;,&hellip;<\/p>\n","protected":false},"author":45,"featured_media":0,"parent":10606,"menu_order":1309,"comment_status":"closed","ping_status":"closed","template":"","meta":{"_acf_changed":false,"inline_featured_image":false,"sticky_cta_settings":"","footnotes":""},"asset_type":[],"class_list":["post-10743","page","type-page","status-publish","hentry"],"acf":[],"yoast_head":"<title>Riscos do Copy Trading | eToro<\/title>\n<meta name=\"description\" content=\"Como plataforma segura e regulada, somos obrigados a notificar os nossos clientes dos riscos envolvidos na negocia\u00e7\u00e3o online. Eis o que precisa de saber\" \/>\n<meta name=\"robots\" content=\"index, follow, max-snippet:-1, max-image-preview:large, max-video-preview:-1\" \/>\n<link rel=\"canonical\" href=\"https:\/\/www.etoro.com\/pt-pt\/wp-json\/wp\/v2\/pages\/10743\" \/>\n<meta property=\"og:locale\" content=\"pt_PT\" \/>\n<meta property=\"og:type\" content=\"article\" \/>\n<meta property=\"og:title\" content=\"Riscos do Copy Trading | eToro\" \/>\n<meta property=\"og:description\" content=\"Como plataforma segura e regulada, somos obrigados a notificar os nossos clientes dos riscos envolvidos na negocia\u00e7\u00e3o online. Eis o que precisa de saber\" \/>\n<meta property=\"og:url\" content=\"https:\/\/www.etoro.com\/pt-pt\/wp-json\/wp\/v2\/pages\/10743\" \/>\n<meta property=\"og:site_name\" content=\"eToro\" \/>\n<meta property=\"article:publisher\" content=\"https:\/\/www.facebook.com\/eToro\/\" \/>\n<meta property=\"article:modified_time\" content=\"2019-01-23T14:55:12+00:00\" \/>\n<meta property=\"og:image\" content=\"https:\/\/www.etoro.com\/wp-content\/uploads\/2019\/12\/etoro_logo_social_share1.png\" \/>\n\t<meta property=\"og:image:width\" content=\"240\" \/>\n\t<meta property=\"og:image:height\" content=\"240\" \/>\n\t<meta property=\"og:image:type\" content=\"image\/png\" \/>\n<meta name=\"twitter:card\" content=\"summary_large_image\" \/>\n<meta name=\"twitter:site\" content=\"@eToro\" \/>\n<meta name=\"twitter:label1\" content=\"Est. reading time\" \/>\n\t<meta name=\"twitter:data1\" content=\"7 minutes\" \/>\n<script type=\"application\/ld+json\" class=\"yoast-schema-graph\">{\"@context\":\"https:\/\/schema.org\",\"@graph\":[{\"@type\":\"WebPage\",\"@id\":\"https:\/\/www.etoro.com\/pt-pt\/customer-service\/risks-associated-with-social-trading\/\",\"url\":\"https:\/\/www.etoro.com\/pt-pt\/customer-service\/risks-associated-with-social-trading\/\",\"name\":\"Riscos do Copy Trading | eToro\",\"isPartOf\":{\"@id\":\"https:\/\/www.etoro.com\/pt-pt\/#website\"},\"datePublished\":\"2017-11-20T06:43:33+00:00\",\"dateModified\":\"2019-01-23T14:55:12+00:00\",\"description\":\"Como plataforma segura e regulada, somos obrigados a notificar os nossos clientes dos riscos envolvidos na negocia\u00e7\u00e3o online. Eis o que precisa de saber\",\"breadcrumb\":{\"@id\":\"https:\/\/www.etoro.com\/pt-pt\/customer-service\/risks-associated-with-social-trading\/#breadcrumb\"},\"inLanguage\":\"pt\",\"potentialAction\":[{\"@type\":\"ReadAction\",\"target\":[\"https:\/\/www.etoro.com\/pt-pt\/customer-service\/risks-associated-with-social-trading\/\"]}]},{\"@type\":\"BreadcrumbList\",\"@id\":\"https:\/\/www.etoro.com\/pt-pt\/customer-service\/risks-associated-with-social-trading\/#breadcrumb\",\"itemListElement\":[{\"@type\":\"ListItem\",\"position\":1,\"name\":\"In\u00edcio\",\"item\":\"https:\/\/www.etoro.com\/pt-pt\/\"},{\"@type\":\"ListItem\",\"position\":2,\"name\":\"Servi\u00e7o De Cliente\",\"item\":\"https:\/\/www.etoro.com\/pt-pt\/customer-service\/\"},{\"@type\":\"ListItem\",\"position\":3,\"name\":\"RISCOS DO COPYTRADING\"}]},{\"@type\":\"WebSite\",\"@id\":\"https:\/\/www.etoro.com\/pt-pt\/#website\",\"url\":\"https:\/\/www.etoro.com\/pt-pt\/\",\"name\":\"eToro\",\"description\":\"\",\"publisher\":{\"@id\":\"https:\/\/www.etoro.com\/pt-pt\/#organization\"},\"potentialAction\":[{\"@type\":\"SearchAction\",\"target\":{\"@type\":\"EntryPoint\",\"urlTemplate\":\"https:\/\/www.etoro.com\/pt-pt\/?s={search_term_string}\"},\"query-input\":{\"@type\":\"PropertyValueSpecification\",\"valueRequired\":true,\"valueName\":\"search_term_string\"}}],\"inLanguage\":\"pt\"},[]]}<\/script>","yoast_head_json":{"title":"Riscos do Copy Trading | eToro","description":"Como plataforma segura e regulada, somos obrigados a notificar os nossos clientes dos riscos envolvidos na negocia\u00e7\u00e3o online. Eis o que precisa de saber","robots":{"index":"index","follow":"follow","max-snippet":"max-snippet:-1","max-image-preview":"max-image-preview:large","max-video-preview":"max-video-preview:-1"},"canonical":"https:\/\/www.etoro.com\/pt-pt\/wp-json\/wp\/v2\/pages\/10743","og_locale":"pt_PT","og_type":"article","og_title":"Riscos do Copy Trading | eToro","og_description":"Como plataforma segura e regulada, somos obrigados a notificar os nossos clientes dos riscos envolvidos na negocia\u00e7\u00e3o online. Eis o que precisa de saber","og_url":"https:\/\/www.etoro.com\/pt-pt\/wp-json\/wp\/v2\/pages\/10743","og_site_name":"eToro","article_publisher":"https:\/\/www.facebook.com\/eToro\/","article_modified_time":"2019-01-23T14:55:12+00:00","og_image":[{"width":240,"height":240,"url":"https:\/\/www.etoro.com\/wp-content\/uploads\/2019\/12\/etoro_logo_social_share1.png","type":"image\/png"}],"twitter_card":"summary_large_image","twitter_site":"@eToro","twitter_misc":{"Est. reading time":"7 minutes"},"schema":{"@context":"https:\/\/schema.org","@graph":[{"@type":"WebPage","@id":"https:\/\/www.etoro.com\/pt-pt\/customer-service\/risks-associated-with-social-trading\/","url":"https:\/\/www.etoro.com\/pt-pt\/customer-service\/risks-associated-with-social-trading\/","name":"Riscos do Copy Trading | eToro","isPartOf":{"@id":"https:\/\/www.etoro.com\/pt-pt\/#website"},"datePublished":"2017-11-20T06:43:33+00:00","dateModified":"2019-01-23T14:55:12+00:00","description":"Como plataforma segura e regulada, somos obrigados a notificar os nossos clientes dos riscos envolvidos na negocia\u00e7\u00e3o online. Eis o que precisa de saber","breadcrumb":{"@id":"https:\/\/www.etoro.com\/pt-pt\/customer-service\/risks-associated-with-social-trading\/#breadcrumb"},"inLanguage":"pt","potentialAction":[{"@type":"ReadAction","target":["https:\/\/www.etoro.com\/pt-pt\/customer-service\/risks-associated-with-social-trading\/"]}]},{"@type":"BreadcrumbList","@id":"https:\/\/www.etoro.com\/pt-pt\/customer-service\/risks-associated-with-social-trading\/#breadcrumb","itemListElement":[{"@type":"ListItem","position":1,"name":"In\u00edcio","item":"https:\/\/www.etoro.com\/pt-pt\/"},{"@type":"ListItem","position":2,"name":"Servi\u00e7o De Cliente","item":"https:\/\/www.etoro.com\/pt-pt\/customer-service\/"},{"@type":"ListItem","position":3,"name":"RISCOS DO COPYTRADING"}]},{"@type":"WebSite","@id":"https:\/\/www.etoro.com\/pt-pt\/#website","url":"https:\/\/www.etoro.com\/pt-pt\/","name":"eToro","description":"","publisher":{"@id":"https:\/\/www.etoro.com\/pt-pt\/#organization"},"potentialAction":[{"@type":"SearchAction","target":{"@type":"EntryPoint","urlTemplate":"https:\/\/www.etoro.com\/pt-pt\/?s={search_term_string}"},"query-input":{"@type":"PropertyValueSpecification","valueRequired":true,"valueName":"search_term_string"}}],"inLanguage":"pt"},[]]}},"_links":{"self":[{"href":"https:\/\/www.etoro.com\/pt-pt\/wp-json\/wp\/v2\/pages\/10743"}],"collection":[{"href":"https:\/\/www.etoro.com\/pt-pt\/wp-json\/wp\/v2\/pages"}],"about":[{"href":"https:\/\/www.etoro.com\/pt-pt\/wp-json\/wp\/v2\/types\/page"}],"author":[{"embeddable":true,"href":"https:\/\/www.etoro.com\/pt-pt\/wp-json\/wp\/v2\/users\/45"}],"replies":[{"embeddable":true,"href":"https:\/\/www.etoro.com\/pt-pt\/wp-json\/wp\/v2\/comments?post=10743"}],"version-history":[{"count":0,"href":"https:\/\/www.etoro.com\/pt-pt\/wp-json\/wp\/v2\/pages\/10743\/revisions"}],"up":[{"embeddable":true,"href":"https:\/\/www.etoro.com\/pt-pt\/wp-json\/wp\/v2\/pages\/10606"}],"wp:attachment":[{"href":"https:\/\/www.etoro.com\/pt-pt\/wp-json\/wp\/v2\/media?parent=10743"}],"wp:term":[{"taxonomy":"asset_type","embeddable":true,"href":"https:\/\/www.etoro.com\/pt-pt\/wp-json\/wp\/v2\/asset_type?post=10743"}],"curies":[{"name":"wp","href":"https:\/\/api.w.org\/{rel}","templated":true}]}}