{"id":10793,"date":"2017-10-24T10:23:14","date_gmt":"2017-10-24T07:23:14","guid":{"rendered":"\/etoro\/tips\/"},"modified":"2022-12-28T11:11:23","modified_gmt":"2022-12-28T09:11:23","slug":"tips","status":"publish","type":"page","link":"https:\/\/www.etoro.com\/pt-pt\/trading\/tips\/","title":{"rendered":"Dicas sobre negocia\u00e7\u00e3o e investimento"},"content":{"rendered":"<h2>Porque \u00e9 que precisa destas dicas sobre negocia\u00e7\u00e3o?<\/h2>\n<p>Os seus primeiros passos na plataforma eToro s\u00e3o muito importantes. Por isso, reunimos as nossas melhores dicas sobre negocia\u00e7\u00e3o e investimento para que possa familiarizar-se com todas as ferramentas e funcionalidades que temos dispon\u00edveis para si. Aqui poder\u00e1 encontrar princ\u00edpios s\u00f3lidos de utiliza\u00e7\u00e3o de todas as funcionalidades de negocia\u00e7\u00e3o e de negocia\u00e7\u00e3o social do eToro.<\/p>\n<h2>Dicas para negociar no eToro<\/h2>\n<ul>\n<li>Escolha os ativos: prefere a\u00e7\u00f5es? Moeda? Talvez o Bitcoin? Cada classe de ativos tem as suas vantagens e desafios pr\u00f3prios, portanto, assegure-se de que se familiariza com cada uma delas.<\/li>\n<li>Diversifique: qualquer investidor lhe dir\u00e1 que o segredo de uma carteira de baixo risco \u00e9 a diversidade. Reparta os seus fundos sensatamente por v\u00e1rios ativos e v\u00e1rias classes de ativos.<\/li>\n<li>Mantenha-se informado: mantenha-se a par das not\u00edcias recentes e dos pr\u00f3ximos eventos financeiros. Para se manter informado, utilize o\u00a0<a href=\"https:\/\/www.etoro.com\/pt-pt\/trading\/economic-calendar\/\">Calend\u00e1rio do eToro<\/a>\u00a0e a nossa an\u00e1lise di\u00e1ria de mercados, que enviamos por e-mail.<\/li>\n<li>Escolha um estilo: a sua forma de negociar pode variar consoante os n\u00edveis de capital de que disp\u00f5e, o seu n\u00edvel de envolvimento e outras prefer\u00eancias pessoais. Pode optar por uma abordagem t\u00e9cnica, que se baseia na an\u00e1lise de gr\u00e1ficos, para descobrir padr\u00f5es, ou pela an\u00e1lise fundamental, que est\u00e1 mais relacionada com tentar compreender o comportamento de cada ativo face a certos eventos ou em certos per\u00edodos do ano.<\/li>\n<li>Pratique: quando se regista no eToro, recebe uma conta de demonstra\u00e7\u00e3o com 100.000 USD em dinheiro virtual. Utilize-a para familiarizar-se com a negocia\u00e7\u00e3o antes de arriscar o seu dinheiro real. Pode utilizar esta conta tanto para negocia\u00e7\u00e3o tradicional como para copy trading.<\/li>\n<\/ul>\n<h2>Dicas sobre negocia\u00e7\u00e3o social no eToro<\/h2>\n<ul>\n<li>Escolha as pessoas certas a quem copiar: utilize a ferramenta de descobrir pessoas para encontrar os investidores ideais para seguir e copiar. Filtre os resultados por classifica\u00e7\u00e3o de risco, ganhos, pa\u00eds de origem e muitas outras categorias.<\/li>\n<li>Copie os melhores investidores: o sistema CopyTrader\u2122 \u00e9 uma forma excelente de automatizar os seus h\u00e1bitos de negocia\u00e7\u00e3o. Se n\u00e3o gosta de &#8220;meter a m\u00e3o na massa&#8221; ou se, pura e simplesmente, n\u00e3o tem tempo dispon\u00edvel para dedicar aos seus investimentos, uma excelente alternativa \u00e9 copiar um investidor experiente, replicando automaticamente e em tempo real tudo o que ele fizer.<\/li>\n<li>Informe-se sobre os Popular Investors: os investidores bem-sucedidos, que conseguem uma base de seguidores, podem ser aceites no programa Popular Investor do eToro. O programa recompensa os seus investidores com regalias incr\u00edveis, encorajando-os a partilharem os seus conhecimentos e a negociarem responsavelmente. Se for um bom investidor, com bons desempenhos e baixos n\u00edveis de risco, poder\u00e1 ser eleg\u00edvel para o programa.<\/li>\n<li>O horizonte temporal \u00e9 fundamental: antes de come\u00e7ar a copiar um investidor, leia o seu perfil e familiarize-se com a sua estrat\u00e9gia de investimento. Algumas estrat\u00e9gias de longo prazo podem envolver perdas pelo caminho, com o objetivo de realizar lucros mais \u00e0 frente: assegure-se de que sabe qual \u00e9 o ciclo de investimento previsto pelo investidor.<\/li>\n<\/ul>\n<h2>Dicas para investir em Smart Portfolios<\/h2>\n<ul>\n<li>Inclua investimento tem\u00e1tico na sua carteira: o investimento tem\u00e1tico \u00e9 uma excelente forma de investir a longo prazo e de reduzir os riscos. Saiba mais sobre investimento tem\u00e1tico no <u><a href=\"http:\/\/www.etoro.com\/pt-pt\/blog\">blogue do eToro<\/a><\/u>.<\/li>\n<li>O que s\u00e3o Smart Portfolios: um nov\u00edssimo instrumento financeiro desenvolvido pelo eToro. Cada estrat\u00e9gia de investimento Smart Portfolio cont\u00e9m diversos ativos ou investidores, e \u00e9 permanentemente otimizado por um algoritmo programado para reduzir os riscos e aumentar os lucros.<\/li>\n<li>Conhe\u00e7a o seu Smart Portfolio: h\u00e1 tr\u00eas tipos de Smart Portfolios:\n<ol>\n<li>Smart Portfolios Top Trader, que agrupam investidores bem-sucedidos do eToro;<\/li>\n<li>Smart Portfolios Mercado, que agrupam v\u00e1rios ativos de acordo com uma estrat\u00e9gia de mercado espec\u00edfica; e<\/li>\n<li>Smart Portfolios Parceiro, que s\u00e3o concebidos por algumas das mais inovadoras empresas de servi\u00e7os financeiros do mundo.<\/li>\n<\/ol>\n<\/li>\n<li>Pense a longo prazo: menos risco normalmente significa menos rendimento. Por isso, se investe em Smart Portfolios, n\u00e3o espere ganhos imediatos, porque estes instrumentos foram concebidos para gerarem lucros a longo prazo.<\/li>\n<\/ul>\n<h2>Dicas para investir<\/h2>\n<p><strong>Objetivos:<\/strong> Quando se come\u00e7a a investir, \u00e9 preciso decidir sobre um conjunto de objetivos. Pretende ganhar dinheiro rapidamente? Est\u00e1 \u00e0 procura de investimentos a longo prazo? Ter um conjunto claro de objetivos \u00e9 como uma b\u00fassola. Esta ir\u00e1 gui\u00e1-lo \u00e0 medida que enfrenta v\u00e1rios obst\u00e1culos e op\u00e7\u00f5es ao longo do caminho.<\/p>\n<p><strong>Plano:<\/strong> Ap\u00f3s estabelecer um objetivo, \u00e9 necess\u00e1rio definir um plano para l\u00e1 chegar. Quais s\u00e3o as medidas que ir\u00e1 tomar para alcan\u00e7ar esse objetivo ou conjunto de objetivos?<\/p>\n<p><strong>Ativos de investimento:<\/strong> Quando come\u00e7ar a construir um plano, familiarize-se com os diferentes tipos de ativos no universo do investimento. Cada qual tem o seu conjunto \u00fanico de riscos e recompensas, e \u00e9 importante saber como cada um deles interage com o outro.<\/p>\n<p><strong>Estrat\u00e9gias de investimento:<\/strong> Existem diversos tipos de <a class=\"waffle-rich-text-link\" href=\"https:\/\/www.etoro.com\/pt-pt\/news-and-analysis\/copytrader\/6-investment-strategies-gaspersopi\/\">estrat\u00e9gias de investimento<\/a> que pode utilizar para alcan\u00e7ar os seus objetivos. Alguns utilizam ferramentas de an\u00e1lise t\u00e9cnica, outros de an\u00e1lise fundamental. No s\u00e9culo passado, houve muitos investidores de sucesso que escreveram sobre as estrat\u00e9gias que utilizaram para construir riqueza.<\/p>\n<p><strong>Existe risco:<\/strong> Independentemente da sua op\u00e7\u00e3o de investimento, note que existe <a class=\"waffle-rich-text-link\" href=\"https:\/\/www.etoro.com\/pt-pt\/stocks\/risk-management\/\">risco involvido.<\/a> Pode ganhar muito dinheiro, mas tamb\u00e9m pode perder uma quantidade significativa de dinheiro. \u00c9 importante ter esta possibilidade em mente quando decidir quanto dinheiro investir. Certifique-se que investe somente uma quantia que pode perder sem impacto relevante.<\/p>\n<p><strong>Eduque-se a si pr\u00f3prio:<\/strong> Aprenda o m\u00e1ximo que puder sobre o mundo do investimento antes de investir o seu dinheiro. Hoje, existe uma infinidade de materiais gratuitos na web \u00e0 sua disposi\u00e7\u00e3o. <a class=\"waffle-rich-text-link\" href=\"https:\/\/www.etoro.com\/pt-pt\/academy\/\">a eToro sem a sua pr\u00f3pria<\/a> Academia com diversos v\u00eddeos educativos, explica\u00e7\u00f5es, webinars, cursos, palestras, entrevistas e muito mais. Todos estes materiais podem ajud\u00e1-lo a abordar o mundo do investimento com o m\u00e1ximo de conhecimento poss\u00edvel.<\/p>\n","protected":false},"excerpt":{"rendered":"<p>Porque \u00e9 que precisa destas dicas sobre negocia\u00e7\u00e3o? Os seus primeiros passos na plataforma eToro s\u00e3o muito importantes. Por isso, reunimos as nossas melhores dicas sobre negocia\u00e7\u00e3o e investimento para que possa familiarizar-se com todas as ferramentas e funcionalidades que temos dispon\u00edveis para si. Aqui poder\u00e1 encontrar princ\u00edpios s\u00f3lidos de utiliza\u00e7\u00e3o de todas as funcionalidades&hellip;<\/p>\n","protected":false},"author":1,"featured_media":0,"parent":18390,"menu_order":1460,"comment_status":"closed","ping_status":"closed","template":"","meta":{"_acf_changed":false,"inline_featured_image":false,"sticky_cta_settings":"","footnotes":""},"asset_type":[],"class_list":["post-10793","page","type-page","status-publish","hentry"],"acf":[],"yoast_head":"<title>Conselhos de negocia\u00e7\u00e3o e investimento oferecidos pelo eToro<\/title>\n<meta name=\"description\" content=\"Antes de mergulhar na negocia\u00e7\u00e3o online e social, veja estes conselhos do eToro, projetados para ajud\u00e1-lo a fazer escolhas mais inteligentes.\" \/>\n<meta name=\"robots\" content=\"index, follow, max-snippet:-1, max-image-preview:large, max-video-preview:-1\" \/>\n<link rel=\"canonical\" href=\"https:\/\/www.etoro.com\/pt-pt\/wp-json\/wp\/v2\/pages\/10793\" \/>\n<meta property=\"og:locale\" content=\"pt_PT\" \/>\n<meta property=\"og:type\" content=\"article\" \/>\n<meta property=\"og:title\" content=\"Conselhos de negocia\u00e7\u00e3o e investimento oferecidos pelo eToro\" \/>\n<meta property=\"og:description\" content=\"Antes de mergulhar na negocia\u00e7\u00e3o online e social, veja estes conselhos do eToro, projetados para ajud\u00e1-lo a fazer escolhas mais inteligentes.\" \/>\n<meta property=\"og:url\" content=\"https:\/\/www.etoro.com\/pt-pt\/wp-json\/wp\/v2\/pages\/10793\" \/>\n<meta property=\"og:site_name\" content=\"eToro\" \/>\n<meta property=\"article:publisher\" content=\"https:\/\/www.facebook.com\/eToro\/\" \/>\n<meta property=\"article:modified_time\" content=\"2022-12-28T09:11:23+00:00\" \/>\n<meta property=\"og:image\" content=\"https:\/\/www.etoro.com\/wp-content\/uploads\/2019\/12\/etoro_logo_social_share1.png\" \/>\n\t<meta property=\"og:image:width\" content=\"240\" \/>\n\t<meta property=\"og:image:height\" content=\"240\" \/>\n\t<meta property=\"og:image:type\" content=\"image\/png\" \/>\n<meta name=\"twitter:card\" content=\"summary_large_image\" \/>\n<meta name=\"twitter:site\" content=\"@eToro\" \/>\n<meta name=\"twitter:label1\" content=\"Est. reading time\" \/>\n\t<meta name=\"twitter:data1\" content=\"4 minutes\" \/>\n<script type=\"application\/ld+json\" class=\"yoast-schema-graph\">{\"@context\":\"https:\/\/schema.org\",\"@graph\":[{\"@type\":\"WebPage\",\"@id\":\"https:\/\/www.etoro.com\/pt-pt\/trading\/tips\/\",\"url\":\"https:\/\/www.etoro.com\/pt-pt\/trading\/tips\/\",\"name\":\"Conselhos de negocia\u00e7\u00e3o e investimento oferecidos pelo eToro\",\"isPartOf\":{\"@id\":\"https:\/\/www.etoro.com\/pt-pt\/#website\"},\"datePublished\":\"2017-10-24T07:23:14+00:00\",\"dateModified\":\"2022-12-28T09:11:23+00:00\",\"description\":\"Antes de mergulhar na negocia\u00e7\u00e3o online e social, veja estes conselhos do eToro, projetados para ajud\u00e1-lo a fazer escolhas mais inteligentes.\",\"breadcrumb\":{\"@id\":\"https:\/\/www.etoro.com\/pt-pt\/trading\/tips\/#breadcrumb\"},\"inLanguage\":\"pt\",\"potentialAction\":[{\"@type\":\"ReadAction\",\"target\":[\"https:\/\/www.etoro.com\/pt-pt\/trading\/tips\/\"]}]},{\"@type\":\"BreadcrumbList\",\"@id\":\"https:\/\/www.etoro.com\/pt-pt\/trading\/tips\/#breadcrumb\",\"itemListElement\":[{\"@type\":\"ListItem\",\"position\":1,\"name\":\"In\u00edcio\",\"item\":\"https:\/\/www.etoro.com\/pt-pt\/\"},{\"@type\":\"ListItem\",\"position\":2,\"name\":\"NEGOCIA\u00c7\u00c3O\",\"item\":\"https:\/\/www.etoro.com\/pt-pt\/trading\/\"},{\"@type\":\"ListItem\",\"position\":3,\"name\":\"DICAS\"}]},{\"@type\":\"WebSite\",\"@id\":\"https:\/\/www.etoro.com\/pt-pt\/#website\",\"url\":\"https:\/\/www.etoro.com\/pt-pt\/\",\"name\":\"eToro\",\"description\":\"\",\"publisher\":{\"@id\":\"https:\/\/www.etoro.com\/pt-pt\/#organization\"},\"potentialAction\":[{\"@type\":\"SearchAction\",\"target\":{\"@type\":\"EntryPoint\",\"urlTemplate\":\"https:\/\/www.etoro.com\/pt-pt\/?s={search_term_string}\"},\"query-input\":{\"@type\":\"PropertyValueSpecification\",\"valueRequired\":true,\"valueName\":\"search_term_string\"}}],\"inLanguage\":\"pt\"},[]]}<\/script>","yoast_head_json":{"title":"Conselhos de negocia\u00e7\u00e3o e investimento oferecidos pelo eToro","description":"Antes de mergulhar na negocia\u00e7\u00e3o online e social, veja estes conselhos do eToro, projetados para ajud\u00e1-lo a fazer escolhas mais inteligentes.","robots":{"index":"index","follow":"follow","max-snippet":"max-snippet:-1","max-image-preview":"max-image-preview:large","max-video-preview":"max-video-preview:-1"},"canonical":"https:\/\/www.etoro.com\/pt-pt\/wp-json\/wp\/v2\/pages\/10793","og_locale":"pt_PT","og_type":"article","og_title":"Conselhos de negocia\u00e7\u00e3o e investimento oferecidos pelo eToro","og_description":"Antes de mergulhar na negocia\u00e7\u00e3o online e social, veja estes conselhos do eToro, projetados para ajud\u00e1-lo a fazer escolhas mais inteligentes.","og_url":"https:\/\/www.etoro.com\/pt-pt\/wp-json\/wp\/v2\/pages\/10793","og_site_name":"eToro","article_publisher":"https:\/\/www.facebook.com\/eToro\/","article_modified_time":"2022-12-28T09:11:23+00:00","og_image":[{"width":240,"height":240,"url":"https:\/\/www.etoro.com\/wp-content\/uploads\/2019\/12\/etoro_logo_social_share1.png","type":"image\/png"}],"twitter_card":"summary_large_image","twitter_site":"@eToro","twitter_misc":{"Est. reading time":"4 minutes"},"schema":{"@context":"https:\/\/schema.org","@graph":[{"@type":"WebPage","@id":"https:\/\/www.etoro.com\/pt-pt\/trading\/tips\/","url":"https:\/\/www.etoro.com\/pt-pt\/trading\/tips\/","name":"Conselhos de negocia\u00e7\u00e3o e investimento oferecidos pelo eToro","isPartOf":{"@id":"https:\/\/www.etoro.com\/pt-pt\/#website"},"datePublished":"2017-10-24T07:23:14+00:00","dateModified":"2022-12-28T09:11:23+00:00","description":"Antes de mergulhar na negocia\u00e7\u00e3o online e social, veja estes conselhos do eToro, projetados para ajud\u00e1-lo a fazer escolhas mais inteligentes.","breadcrumb":{"@id":"https:\/\/www.etoro.com\/pt-pt\/trading\/tips\/#breadcrumb"},"inLanguage":"pt","potentialAction":[{"@type":"ReadAction","target":["https:\/\/www.etoro.com\/pt-pt\/trading\/tips\/"]}]},{"@type":"BreadcrumbList","@id":"https:\/\/www.etoro.com\/pt-pt\/trading\/tips\/#breadcrumb","itemListElement":[{"@type":"ListItem","position":1,"name":"In\u00edcio","item":"https:\/\/www.etoro.com\/pt-pt\/"},{"@type":"ListItem","position":2,"name":"NEGOCIA\u00c7\u00c3O","item":"https:\/\/www.etoro.com\/pt-pt\/trading\/"},{"@type":"ListItem","position":3,"name":"DICAS"}]},{"@type":"WebSite","@id":"https:\/\/www.etoro.com\/pt-pt\/#website","url":"https:\/\/www.etoro.com\/pt-pt\/","name":"eToro","description":"","publisher":{"@id":"https:\/\/www.etoro.com\/pt-pt\/#organization"},"potentialAction":[{"@type":"SearchAction","target":{"@type":"EntryPoint","urlTemplate":"https:\/\/www.etoro.com\/pt-pt\/?s={search_term_string}"},"query-input":{"@type":"PropertyValueSpecification","valueRequired":true,"valueName":"search_term_string"}}],"inLanguage":"pt"},[]]}},"_links":{"self":[{"href":"https:\/\/www.etoro.com\/pt-pt\/wp-json\/wp\/v2\/pages\/10793"}],"collection":[{"href":"https:\/\/www.etoro.com\/pt-pt\/wp-json\/wp\/v2\/pages"}],"about":[{"href":"https:\/\/www.etoro.com\/pt-pt\/wp-json\/wp\/v2\/types\/page"}],"author":[{"embeddable":true,"href":"https:\/\/www.etoro.com\/pt-pt\/wp-json\/wp\/v2\/users\/1"}],"replies":[{"embeddable":true,"href":"https:\/\/www.etoro.com\/pt-pt\/wp-json\/wp\/v2\/comments?post=10793"}],"version-history":[{"count":0,"href":"https:\/\/www.etoro.com\/pt-pt\/wp-json\/wp\/v2\/pages\/10793\/revisions"}],"up":[{"embeddable":true,"href":"https:\/\/www.etoro.com\/pt-pt\/wp-json\/wp\/v2\/pages\/18390"}],"wp:attachment":[{"href":"https:\/\/www.etoro.com\/pt-pt\/wp-json\/wp\/v2\/media?parent=10793"}],"wp:term":[{"taxonomy":"asset_type","embeddable":true,"href":"https:\/\/www.etoro.com\/pt-pt\/wp-json\/wp\/v2\/asset_type?post=10793"}],"curies":[{"name":"wp","href":"https:\/\/api.w.org\/{rel}","templated":true}]}}