{"id":1116315,"date":"2025-08-06T16:55:05","date_gmt":"2025-08-06T13:55:05","guid":{"rendered":"https:\/\/www.etoro.com\/trading\/platforms\/tori\/"},"modified":"2025-08-06T19:00:09","modified_gmt":"2025-08-06T16:00:09","slug":"tori","status":"publish","type":"page","link":"https:\/\/www.etoro.com\/pt-pt\/trading\/platforms\/tori\/","title":{"rendered":"Tori"},"content":{"rendered":"\n<div class=\"wp-block-etoro-half-cover has-white-background-color\">\n<div class=\"wp-block-etoro-half-cover-left\"><p id=\"breadcrumbs\" class=\"gray-dark\"><span><span><a href=\"https:\/\/www.etoro.com\/pt-pt\/\">In\u00edcio<\/a><\/span><\/span><\/p>\n<h1 class=\"wp-block-heading is-style-banner-title\"><strong>TORI<\/strong>O seu parceiro de IA em investimento<\/h1>\n\n\n\n<p>Decis\u00f5es mais inteligentes. Respostas mais r\u00e1pidas. Informa\u00e7\u00f5es personalizadas.<\/p>\n\n\n\n<div class=\"wp-block-buttons is-layout-flex wp-block-buttons-is-layout-flex\">\n<a class=\"e-cta e-cta-primary\" href=\"http:\/\/etoro.com\/home?bscarousel=tori_intro_carousel\">Experimente o Tori<\/a>\n<\/div>\n<\/div>\n\n\n\n<div class=\"wp-block-etoro-half-cover-right\">\n<img decoding=\"async\" src=\"https:\/\/www.etoro.com\/wp-content\/uploads\/2025\/08\/Tori_main_desktop.png\" alt=\"\" class=\"wp-block-etoro-half-cover-media\"\/><img decoding=\"async\" src=\"https:\/\/www.etoro.com\/wp-content\/uploads\/2025\/08\/Tori_Desktop-1.png\" alt=\"\" class=\"wp-block-etoro-half-cover-media-desktop\"\/><img decoding=\"async\" src=\"https:\/\/www.etoro.com\/wp-content\/uploads\/2025\/08\/Tori_tablet.png\" alt=\"\" class=\"wp-block-etoro-half-cover-media-tablet\"\/><img decoding=\"async\" src=\"https:\/\/www.etoro.com\/wp-content\/uploads\/2025\/08\/Tori_mobile.png\" alt=\"\" class=\"wp-block-etoro-half-cover-media-mobile\"\/>\n<\/div>\n<\/div>\n\n\n\n<section class=\"wp-block-group wp-block-group-boxed\"><div class=\"wp-block-group-inner is-layout-flow wp-block-group-is-layout-flow\">\n<h2 class=\"wp-block-heading has-text-align-center\"><b class=\"wp-etoro-format-colored-green\">Descobrir,<\/b> <strong>aprender<\/strong>, <b class=\"wp-etoro-format-colored-green\">analisar<\/b><\/h2>\n\n\n\n<p class=\"has-text-align-center\">O Tori re\u00fane dados, &#8220;insights&#8221; e an\u00e1lises num \u00fanico chat simples e interativo.<\/p>\n<\/div><\/section>\n\n\n\n<section class=\"wp-block-group wp-block-group-boxed has-white-background-color has-background\"><div class=\"wp-block-group-inner is-layout-flow wp-block-group-is-layout-flow\">\n<div class=\"wp-block-columns are-vertically-aligned-center wp-block-columns-2 is-layout-flex wp-container-core-columns-is-layout-1 wp-block-columns-is-layout-flex\">\n<div class=\"wp-block-column is-layout-flow wp-block-column-is-layout-flow\">\n<figure class=\"wp-block-image size-full wp-block-image-has-mobile\"><img loading=\"lazy\" decoding=\"async\" width=\"1152\" height=\"800\" src=\"https:\/\/www.etoro.com\/wp-content\/uploads\/2025\/08\/Cube-desktop-X2-3-3.gif\" alt=\"\" class=\"wp-image-1116232 wp-image-desktop\"\/><img loading=\"lazy\" decoding=\"async\" width=\"1152\" height=\"800\" src=\"https:\/\/www.etoro.com\/wp-content\/uploads\/2025\/08\/Cube-mobile-X23-1.gif\" alt=\"\" class=\"wp-image-1116200 wp-image-mobile\"\/><\/figure>\n\n\n\n<p class=\"is-style-disclaimer\">Apenas para fins ilustrativos<\/p>\n<\/div>\n\n\n\n<div class=\"wp-block-column is-text-column is-layout-flow wp-block-column-is-layout-flow\">\n<p class=\"is-style-heading-2\"><strong>Descubra <b class=\"wp-etoro-format-colored-green\">novas oportunidades de investimento<\/b><\/strong><\/p>\n\n\n\n<p>Por cada pergunta que coloca, o Tori fornece dados e informa\u00e7\u00f5es claras em tempo real para identificar oportunidades de investimento.<\/p>\n\n\n\n<div class=\"wp-block-buttons is-layout-flex wp-block-buttons-is-layout-flex\">\n<a class=\"e-cta e-cta-primary\" href=\"http:\/\/etoro.com\/home?bscarousel=tori_intro_carousel\">Ask Tori<\/a>\n<\/div>\n<\/div>\n<\/div>\n<\/div><\/section>\n\n\n\n<section class=\"wp-block-group wp-block-group-boxed has-dark-blue-background-color has-background\"><div class=\"wp-block-group-inner is-layout-flow wp-block-group-is-layout-flow\">\n<div class=\"wp-block-columns are-vertically-aligned-center wp-block-columns-2 is-layout-flex wp-container-core-columns-is-layout-2 wp-block-columns-is-layout-flex\">\n<div class=\"wp-block-column is-text-column is-layout-flow wp-block-column-is-layout-flow\">\n<h2 class=\"wp-block-heading\"><strong><b class=\"wp-etoro-format-colored-green\">Tenha acesso a informa\u00e7\u00f5es sobre o mercado<\/b> adaptadas aos seus interesses<\/strong><\/h2>\n\n\n\n<p>O Tori transforma as suas perguntas em informa\u00e7\u00f5es que facilitam a tomada de decis\u00e3o. Obtenha an\u00e1lises a pedido para se manter informado, equilibrado e no controlo da situa\u00e7\u00e3o.<\/p>\n\n\n\n<div class=\"wp-block-buttons is-layout-flex wp-block-buttons-is-layout-flex\">\n<a class=\"e-cta e-cta-primary\" href=\"http:\/\/etoro.com\/home?bscarousel=tori_intro_carousel\">Analisar com Tori<\/a>\n<\/div>\n<\/div>\n\n\n\n<div class=\"wp-block-column is-layout-flow wp-block-column-is-layout-flow\">\n<p class=\"is-style-disclaimer\"><\/p>\n\n\n\n<figure class=\"wp-block-video\"><video autoplay loop muted src=\"https:\/\/www.etoro.com\/wp-content\/uploads\/2025\/08\/Question-desktop-option-3-X2-1-1.mp4\" playsinline><\/video><\/figure>\n\n\n\n<p class=\"is-style-disclaimer\">Apenas para fins ilustrativos<\/p>\n<\/div>\n<\/div>\n<\/div><\/section>\n\n\n\n<section class=\"wp-block-group wp-block-group-boxed has-white-background-color has-background\"><div class=\"wp-block-group-inner is-layout-flow wp-block-group-is-layout-flow\">\n<div class=\"wp-block-columns are-vertically-aligned-center wp-block-columns-2 is-layout-flex wp-container-core-columns-is-layout-3 wp-block-columns-is-layout-flex\">\n<div class=\"wp-block-column is-layout-flow wp-block-column-is-layout-flow\">\n<figure class=\"wp-block-image size-full\"><img loading=\"lazy\" decoding=\"async\" width=\"576\" height=\"400\" src=\"https:\/\/www.etoro.com\/wp-content\/uploads\/2025\/08\/Level-up-your-investing-knowledge.png\" alt=\"\" class=\"wp-image-1112883 wp-image-desktop\" srcset=\"https:\/\/www.etoro.com\/wp-content\/uploads\/2025\/08\/Level-up-your-investing-knowledge.png 576w, https:\/\/www.etoro.com\/wp-content\/uploads\/2025\/08\/Level-up-your-investing-knowledge-300x208.png 300w\" sizes=\"(max-width: 576px) 100vw, 576px\" \/><\/figure>\n<\/div>\n\n\n\n<div class=\"wp-block-column is-text-column is-layout-flow wp-block-column-is-layout-flow\">\n<h2 class=\"wp-block-heading\"><strong>Aumente o n\u00edvel <b class=\"wp-etoro-format-colored-green\">dos seus conhecimentos sobre investimento<\/b><\/strong><\/h2>\n\n\n\n<p>Basta perguntar e o Tori fornecer\u00e1 aulas, dicas e guias personalizados da <a href=\"https:\/\/www.etoro.com\/academy\/\">eToro Academy<\/a> para o ajudar a construir os seus conhecimentos de investimento \u00e0 medida que avan\u00e7a.<\/p>\n\n\n\n<div class=\"wp-block-buttons is-layout-flex wp-block-buttons-is-layout-flex\">\n<a class=\"e-cta e-cta-primary\" href=\"http:\/\/etoro.com\/home?bscarousel=tori_intro_carousel\">Aprenda com o Tori<\/a>\n<\/div>\n<\/div>\n<\/div>\n<\/div><\/section>\n\n\n\n<section class=\"wp-block-group wp-block-group-boxed has-dark-blue-background-color has-background\"><div class=\"wp-block-group-inner is-layout-flow wp-block-group-is-layout-flow\">\n<h2 class=\"wp-block-heading has-text-align-center\"><strong>Mais inteligente a cada dia, <b class=\"wp-etoro-format-colored-green\">mas humano na sua ess\u00eancia<\/b><\/strong><\/h2>\n\n\n\n<p class=\"has-text-align-center\">O Tori est\u00e1 aqui para melhorar a sua experi\u00eancia de investimento \u2013 n\u00e3o para substituir o toque humano. Ter\u00e1 sempre a op\u00e7\u00e3o de se conectar \u00e0 nossa equipa de apoio ao cliente sempre que precisar de apoio pessoal ou de ajuda especializada.<\/p>\n\n\n\n<p class=\"has-text-align-center\">Como acontece com qualquer produto baseado em IA, o Tori est\u00e1 em cont\u00ednua aprendizagem e melhoria. A cada intera\u00e7\u00e3o e atualiza\u00e7\u00e3o, trabalhamos para tornar o Tori mais inteligente, preciso e \u00fatil \u2014 para que a sua experi\u00eancia continue a melhorar ao longo do tempo.<\/p>\n\n\n\n<div class=\"wp-block-buttons is-content-justification-center is-layout-flex wp-container-core-buttons-is-layout-5 wp-block-buttons-is-layout-flex\">\n<a class=\"e-cta e-cta-primary\" href=\"http:\/\/etoro.com\/home?bscarousel=tori_intro_carousel\">Pergunte ao Tori<\/a>\n<\/div>\n\n\n\n<p class=\"has-text-align-center is-style-disclaimer\">*Lan\u00e7amento gradual. Agora dispon\u00edvel para utilizadores selecionados em regi\u00f5es selecionadas.<\/p>\n<\/div><\/section>\n\n\n\n<section class=\"wp-block-group wp-block-group-boxed has-white-background-color has-background\"><div class=\"wp-block-group-inner is-layout-flow wp-block-group-is-layout-flow\">\n<h2 class=\"wp-block-heading has-text-align-center\">FAQ<\/h2>\n\n\n\n<dl class=\"wp-block-etoro-faq\">\n<div class=\"wp-block-etoro-faq-item\"><dt class=\"wp-block-etoro-faq-item-question\">O que \u00e9 o Tori?<\/dt><dd class=\"wp-block-etoro-faq-item-answer\">\n<p>O Tori \u00e9 o parceira de investimento baseado em IA da eToro. Ajuda-o a explorar os mercados, analisar o seu portf\u00f3lio, a aprender sobre investimentos e navegar na plataforma \u2014 tudo atrav\u00e9s de um chat simples e natural.<\/p>\n<\/dd><\/div>\n\n\n\n<div class=\"wp-block-etoro-faq-item\"><dt class=\"wp-block-etoro-faq-item-question\">Como acedo ao Tori?<\/dt><dd class=\"wp-block-etoro-faq-item-answer\">\n<p>Encontrar\u00e1 o \u00edcone do Tori no canto superior direito nas p\u00e1ginas principais da plataforma eToro \u2014 como as p\u00e1ginas de Descobrir, Carteira e Ativos. Basta tocar para abrir um chat. As perguntas sugeridas pelo Tori ser\u00e3o ajustadas com base no local onde se encontre, mas pode perguntar qualquer coisa, em qualquer altura.<\/p>\n<\/dd><\/div>\n\n\n\n<div class=\"wp-block-etoro-faq-item\"><dt class=\"wp-block-etoro-faq-item-question\">O que posso perguntar ao Tori?<\/dt><dd class=\"wp-block-etoro-faq-item-answer\">\n<p>Quase tudo relacionado com investimento! Por exemplo:<\/p>\n\n\n\n<p>\u201cComparar a Tesla e a Nvidia\u201d<\/p>\n\n\n\n<p>\u201cO que \u00e9 an\u00e1lise t\u00e9cnica?\u201d<\/p>\n\n\n\n<p>&#8220;Quais s\u00e3o as a\u00e7\u00f5es com maior procura?&#8221;<\/p>\n\n\n\n<p>&#8220;Onde posso encontrar o calend\u00e1rio dos relat\u00f3rios financeiros?&#8221;<\/p>\n\n\n\n<p>O Tori fornecer\u00e1 respostas claras e em tempo real, adaptadas ao seu pedido<\/p>\n<\/dd><\/div>\n\n\n\n<div class=\"wp-block-etoro-faq-item\"><dt class=\"wp-block-etoro-faq-item-question\">O Tori pode analisar o meu portf\u00f3lio?<\/dt><dd class=\"wp-block-etoro-faq-item-answer\">\n<p>Sim \u2014 se o seu portf\u00f3lio for p\u00fablico O Tori pode fornecer observa\u00e7\u00f5es gerais sobre a composi\u00e7\u00e3o do seu portf\u00f3lio, como a concentra\u00e7\u00e3o de ativos e exposi\u00e7\u00e3o por sector. Se o seu portf\u00f3lio for privado, o Tori n\u00e3o poder\u00e1 aceder-lhe.<\/p>\n<\/dd><\/div>\n\n\n\n<div class=\"wp-block-etoro-faq-item\"><dt class=\"wp-block-etoro-faq-item-question\">O Tori \u00e9 realmente IA?<\/dt><dd class=\"wp-block-etoro-faq-item-answer\">\n<p>Sim. O Tori \u00e9 impulsionado por tecnologia avan\u00e7ada de IA desenvolvida internamente pela eToro. Em alguns casos, utiliza tamb\u00e9m fluxos predefinidos ou a l\u00f3gica do chatbot para melhorar a fiabilidade.<\/p>\n<\/dd><\/div>\n\n\n\n<div class=\"wp-block-etoro-faq-item\"><dt class=\"wp-block-etoro-faq-item-question\">O Tori pode dar conselhos de investimento?<\/dt><dd class=\"wp-block-etoro-faq-item-answer\">\n<p>N\u00e3o. O Tori n\u00e3o presta aconselhamento financeiro ou de investimento. Oferece informa\u00e7\u00f5es, educa\u00e7\u00e3o e orienta\u00e7\u00e3o para o ajudar a tomar decis\u00f5es mais informadas \u2014 mas a decis\u00e3o final \u00e9 sempre sua.<\/p>\n<\/dd><\/div>\n\n\n\n<div class=\"wp-block-etoro-faq-item\"><dt class=\"wp-block-etoro-faq-item-question\">O Tori substituir\u00e1 o apoio ao cliente?<\/dt><dd class=\"wp-block-etoro-faq-item-answer\">\n<p>N\u00e3o. O Tori complementa a nossa equipa de apoio. Se a sua consulta exigir assist\u00eancia pessoal, o Tori p\u00f4-lo-\u00e1 em contacto direto com um agente do apoio ao cliente.<\/p>\n<\/dd><\/div>\n\n\n\n<div class=\"wp-block-etoro-faq-item\"><dt class=\"wp-block-etoro-faq-item-question\">O Tori pode ver as minhas listas de seguimento?<\/dt><dd class=\"wp-block-etoro-faq-item-answer\">\n<p>Ainda n\u00e3o \u2014 mas isso est\u00e1 no nosso mapa de funcionalidades futuras<\/p>\n<\/dd><\/div>\n\n\n\n<div class=\"wp-block-etoro-faq-item\"><dt class=\"wp-block-etoro-faq-item-question\">O Tori acede aos meus dados pessoais?<\/dt><dd class=\"wp-block-etoro-faq-item-answer\">\n<p>N\u00e3o \u2014 a n\u00e3o ser que esteja a utilizar a vers\u00e3o de agente de apoio. No restante, o Tori apenas utiliza os dados p\u00fablicos da plataforma (por exemplo, dados de mercado, perfis de ativos e carteiras p\u00fablicas)<\/p>\n<\/dd><\/div>\n\n\n\n<div class=\"wp-block-etoro-faq-item\"><dt class=\"wp-block-etoro-faq-item-question\">Posso ver os &#8216;chats&#8217; anteriores com o Tori?<\/dt><dd class=\"wp-block-etoro-faq-item-answer\">\n<p>Sim. Pode aceder aos seus chats anteriores do Tori a partir do menu \u2630 da janela de chat. O hist\u00f3rico do chat \u00e9 guardado durante 30 dias \u2014 e \u00e9 reposto se responder a uma mensagem mais antiga.<\/p>\n<\/dd><\/div>\n<\/dl>\n<\/div><\/section>\n\n\n\n<section class=\"wp-block-group wp-block-group-boxed\"><div class=\"wp-block-group-inner is-layout-flow wp-block-group-is-layout-flow\">\n<p class=\"is-style-disclaimer\">Estes materiais t\u00eam fins educativos e informativos apenas, e n\u00e3o devem ser interpretados como aconselhamento ao investimento, recomenda\u00e7\u00e3o pessoal, ou uma oferta ou solicita\u00e7\u00e3o para comprar ou vender quaisquer instrumentos financeiros. Este material foi preparado sem ter em conta os objetivos de investimento ou a situa\u00e7\u00e3o financeira de qualquer destinat\u00e1rio espec\u00edfico e n\u00e3o foi preparado de acordo com os requisitos legais e regulamentares para promover a investiga\u00e7\u00e3o independente. Quaisquer refer\u00eancias ao desempenho passado ou futuro de um instrumento financeiro, \u00cdndices ou de um pacote de produtos de investimento n\u00e3o s\u00e3o, e n\u00e3o devem ser tomadas como, um indicador fi\u00e1vel de resultados futuros. A eToro n\u00e3o faz nenhuma representa\u00e7\u00e3o e n\u00e3o assume nenhuma responsabilidade quanto \u00e0 exatid\u00e3o ou integridade do conte\u00fado desta publica\u00e7\u00e3o.<\/p>\n\n\n\n<p class=\"is-style-disclaimer\">Este an\u00fancio n\u00e3o foi revisto pela Monetary Authority of Singapore.<\/p>\n\n\n\n<p class=\"is-style-disclaimer\">O Tori n\u00e3o fornece conselhos de investimento.<\/p>\n\n\n\n<p class=\"is-style-disclaimer\">O Tori \u00e9 uma ferramenta baseada em IA concebida para oferecer conte\u00fados educativos, dados e informa\u00e7\u00f5es gerais sobre o mercado. N\u00e3o tem em conta a sua situa\u00e7\u00e3o pessoal e n\u00e3o deve ser utilizado para tomar decis\u00f5es de investimento. <\/p>\n\n\n\n<p class=\"is-style-disclaimer\">O seu capital est\u00e1 em risco. O desempenho passado n\u00e3o \u00e9 uma indica\u00e7\u00e3o de resultados futuros.<\/p>\n\n\n\n<p class=\"is-style-disclaimer\">A eToro n\u00e3o faz qualquer representa\u00e7\u00e3o e n\u00e3o assume qualquer responsabilidade quanto \u00e0 exatid\u00e3o ou integridade das respostas geradas.<\/p>\n\n\n\n<p class=\"is-style-disclaimer\"><\/p>\n<\/div><\/section>\n","protected":false},"excerpt":{"rendered":"<p>Descobrir, aprender, analisar O Tori re\u00fane dados, &#8220;insights&#8221; e an\u00e1lises num \u00fanico chat simples e interativo. Apenas para fins ilustrativos Descubra novas oportunidades de investimento Por cada pergunta que coloca, o Tori fornece dados e informa\u00e7\u00f5es claras em tempo real para identificar oportunidades de investimento. Tenha acesso a informa\u00e7\u00f5es sobre o mercado adaptadas aos seus&hellip;<\/p>\n","protected":false},"author":75,"featured_media":1112850,"parent":10695,"menu_order":0,"comment_status":"closed","ping_status":"closed","template":"","meta":{"_acf_changed":false,"inline_featured_image":false,"sticky_cta_settings":"","footnotes":""},"asset_type":[],"class_list":["post-1116315","page","type-page","status-publish","has-post-thumbnail","hentry"],"acf":[],"yoast_head":"<title>Tori \u2013 O seu parceiro de IA de investimento da eToro<\/title>\n<meta name=\"description\" content=\"Descubra como o Tori usa a IA para impulsionar o seu investimento: tenha acesso a dados, an\u00e1lise do seu portf\u00f3lio e dicas inteligentes - tudo dentro da eToro.\" \/>\n<meta name=\"robots\" content=\"index, follow, max-snippet:-1, max-image-preview:large, max-video-preview:-1\" \/>\n<link rel=\"canonical\" href=\"https:\/\/www.etoro.com\/pt-pt\/wp-json\/wp\/v2\/pages\/1116315\" \/>\n<meta property=\"og:locale\" content=\"pt_PT\" \/>\n<meta property=\"og:type\" content=\"article\" \/>\n<meta property=\"og:title\" content=\"Tori \u2013 O seu parceiro de IA de investimento da eToro\" \/>\n<meta property=\"og:description\" content=\"Descubra como o Tori usa a IA para impulsionar o seu investimento: tenha acesso a dados, an\u00e1lise do seu portf\u00f3lio e dicas inteligentes - tudo dentro da eToro.\" \/>\n<meta property=\"og:url\" content=\"https:\/\/www.etoro.com\/pt-pt\/wp-json\/wp\/v2\/pages\/1116315\" \/>\n<meta property=\"og:site_name\" content=\"eToro\" \/>\n<meta property=\"article:publisher\" content=\"https:\/\/www.facebook.com\/eToro\/\" \/>\n<meta property=\"article:modified_time\" content=\"2025-08-06T16:00:09+00:00\" \/>\n<meta property=\"og:image\" content=\"https:\/\/www.etoro.com\/wp-content\/uploads\/2025\/08\/Tori_Featured-image-1200x630-1.png\" \/>\n\t<meta property=\"og:image:width\" content=\"1200\" \/>\n\t<meta property=\"og:image:height\" content=\"630\" \/>\n\t<meta property=\"og:image:type\" content=\"image\/png\" \/>\n<meta name=\"twitter:card\" content=\"summary_large_image\" \/>\n<meta name=\"twitter:site\" content=\"@eToro\" \/>\n<meta name=\"twitter:label1\" content=\"Est. reading time\" \/>\n\t<meta name=\"twitter:data1\" content=\"5 minutes\" \/>\n<script type=\"application\/ld+json\" class=\"yoast-schema-graph\">{\"@context\":\"https:\/\/schema.org\",\"@graph\":[{\"@type\":\"WebPage\",\"@id\":\"https:\/\/www.etoro.com\/pt-pt\/trading\/platforms\/tori\/\",\"url\":\"https:\/\/www.etoro.com\/pt-pt\/trading\/platforms\/tori\/\",\"name\":\"Tori \u2013 O seu parceiro de IA de investimento da eToro\",\"isPartOf\":{\"@id\":\"https:\/\/www.etoro.com\/pt-pt\/#website\"},\"primaryImageOfPage\":{\"@id\":\"https:\/\/www.etoro.com\/pt-pt\/trading\/platforms\/tori\/#primaryimage\"},\"image\":{\"@id\":\"https:\/\/www.etoro.com\/pt-pt\/trading\/platforms\/tori\/#primaryimage\"},\"thumbnailUrl\":\"https:\/\/www.etoro.com\/wp-content\/uploads\/2025\/08\/Tori_Featured-image-1200x630-1.png\",\"datePublished\":\"2025-08-06T13:55:05+00:00\",\"dateModified\":\"2025-08-06T16:00:09+00:00\",\"description\":\"Descubra como o Tori usa a IA para impulsionar o seu investimento: tenha acesso a dados, an\u00e1lise do seu portf\u00f3lio e dicas inteligentes - tudo dentro da eToro.\",\"breadcrumb\":{\"@id\":\"https:\/\/www.etoro.com\/pt-pt\/trading\/platforms\/tori\/#breadcrumb\"},\"inLanguage\":\"pt\",\"potentialAction\":[{\"@type\":\"ReadAction\",\"target\":[\"https:\/\/www.etoro.com\/pt-pt\/trading\/platforms\/tori\/\"]}]},{\"@type\":\"ImageObject\",\"inLanguage\":\"pt\",\"@id\":\"https:\/\/www.etoro.com\/pt-pt\/trading\/platforms\/tori\/#primaryimage\",\"url\":\"https:\/\/www.etoro.com\/wp-content\/uploads\/2025\/08\/Tori_Featured-image-1200x630-1.png\",\"contentUrl\":\"https:\/\/www.etoro.com\/wp-content\/uploads\/2025\/08\/Tori_Featured-image-1200x630-1.png\",\"width\":1200,\"height\":630},{\"@type\":\"BreadcrumbList\",\"@id\":\"https:\/\/www.etoro.com\/pt-pt\/trading\/platforms\/tori\/#breadcrumb\",\"itemListElement\":[{\"@type\":\"ListItem\",\"position\":1,\"name\":\"In\u00edcio\",\"item\":\"https:\/\/www.etoro.com\/pt-pt\/\"},{\"@type\":\"ListItem\",\"position\":2,\"name\":\"NEGOCIA\u00c7\u00c3O\",\"item\":\"https:\/\/www.etoro.com\/pt-pt\/trading\/\"},{\"@type\":\"ListItem\",\"position\":3,\"name\":\"PLATAFORMAS - Hist\u00f3rico\",\"item\":\"https:\/\/www.etoro.com\/pt-pt\/trading\/platforms\/\"},{\"@type\":\"ListItem\",\"position\":4,\"name\":\"Tori\"}]},{\"@type\":\"WebSite\",\"@id\":\"https:\/\/www.etoro.com\/pt-pt\/#website\",\"url\":\"https:\/\/www.etoro.com\/pt-pt\/\",\"name\":\"eToro\",\"description\":\"\",\"publisher\":{\"@id\":\"https:\/\/www.etoro.com\/pt-pt\/#organization\"},\"potentialAction\":[{\"@type\":\"SearchAction\",\"target\":{\"@type\":\"EntryPoint\",\"urlTemplate\":\"https:\/\/www.etoro.com\/pt-pt\/?s={search_term_string}\"},\"query-input\":{\"@type\":\"PropertyValueSpecification\",\"valueRequired\":true,\"valueName\":\"search_term_string\"}}],\"inLanguage\":\"pt\"},[]]}<\/script>","yoast_head_json":{"title":"Tori \u2013 O seu parceiro de IA de investimento da eToro","description":"Descubra como o Tori usa a IA para impulsionar o seu investimento: tenha acesso a dados, an\u00e1lise do seu portf\u00f3lio e dicas inteligentes - tudo dentro da eToro.","robots":{"index":"index","follow":"follow","max-snippet":"max-snippet:-1","max-image-preview":"max-image-preview:large","max-video-preview":"max-video-preview:-1"},"canonical":"https:\/\/www.etoro.com\/pt-pt\/wp-json\/wp\/v2\/pages\/1116315","og_locale":"pt_PT","og_type":"article","og_title":"Tori \u2013 O seu parceiro de IA de investimento da eToro","og_description":"Descubra como o Tori usa a IA para impulsionar o seu investimento: tenha acesso a dados, an\u00e1lise do seu portf\u00f3lio e dicas inteligentes - tudo dentro da eToro.","og_url":"https:\/\/www.etoro.com\/pt-pt\/wp-json\/wp\/v2\/pages\/1116315","og_site_name":"eToro","article_publisher":"https:\/\/www.facebook.com\/eToro\/","article_modified_time":"2025-08-06T16:00:09+00:00","og_image":[{"width":1200,"height":630,"url":"https:\/\/www.etoro.com\/wp-content\/uploads\/2025\/08\/Tori_Featured-image-1200x630-1.png","type":"image\/png"}],"twitter_card":"summary_large_image","twitter_site":"@eToro","twitter_misc":{"Est. reading time":"5 minutes"},"schema":{"@context":"https:\/\/schema.org","@graph":[{"@type":"WebPage","@id":"https:\/\/www.etoro.com\/pt-pt\/trading\/platforms\/tori\/","url":"https:\/\/www.etoro.com\/pt-pt\/trading\/platforms\/tori\/","name":"Tori \u2013 O seu parceiro de IA de investimento da eToro","isPartOf":{"@id":"https:\/\/www.etoro.com\/pt-pt\/#website"},"primaryImageOfPage":{"@id":"https:\/\/www.etoro.com\/pt-pt\/trading\/platforms\/tori\/#primaryimage"},"image":{"@id":"https:\/\/www.etoro.com\/pt-pt\/trading\/platforms\/tori\/#primaryimage"},"thumbnailUrl":"https:\/\/www.etoro.com\/wp-content\/uploads\/2025\/08\/Tori_Featured-image-1200x630-1.png","datePublished":"2025-08-06T13:55:05+00:00","dateModified":"2025-08-06T16:00:09+00:00","description":"Descubra como o Tori usa a IA para impulsionar o seu investimento: tenha acesso a dados, an\u00e1lise do seu portf\u00f3lio e dicas inteligentes - tudo dentro da eToro.","breadcrumb":{"@id":"https:\/\/www.etoro.com\/pt-pt\/trading\/platforms\/tori\/#breadcrumb"},"inLanguage":"pt","potentialAction":[{"@type":"ReadAction","target":["https:\/\/www.etoro.com\/pt-pt\/trading\/platforms\/tori\/"]}]},{"@type":"ImageObject","inLanguage":"pt","@id":"https:\/\/www.etoro.com\/pt-pt\/trading\/platforms\/tori\/#primaryimage","url":"https:\/\/www.etoro.com\/wp-content\/uploads\/2025\/08\/Tori_Featured-image-1200x630-1.png","contentUrl":"https:\/\/www.etoro.com\/wp-content\/uploads\/2025\/08\/Tori_Featured-image-1200x630-1.png","width":1200,"height":630},{"@type":"BreadcrumbList","@id":"https:\/\/www.etoro.com\/pt-pt\/trading\/platforms\/tori\/#breadcrumb","itemListElement":[{"@type":"ListItem","position":1,"name":"In\u00edcio","item":"https:\/\/www.etoro.com\/pt-pt\/"},{"@type":"ListItem","position":2,"name":"NEGOCIA\u00c7\u00c3O","item":"https:\/\/www.etoro.com\/pt-pt\/trading\/"},{"@type":"ListItem","position":3,"name":"PLATAFORMAS - Hist\u00f3rico","item":"https:\/\/www.etoro.com\/pt-pt\/trading\/platforms\/"},{"@type":"ListItem","position":4,"name":"Tori"}]},{"@type":"WebSite","@id":"https:\/\/www.etoro.com\/pt-pt\/#website","url":"https:\/\/www.etoro.com\/pt-pt\/","name":"eToro","description":"","publisher":{"@id":"https:\/\/www.etoro.com\/pt-pt\/#organization"},"potentialAction":[{"@type":"SearchAction","target":{"@type":"EntryPoint","urlTemplate":"https:\/\/www.etoro.com\/pt-pt\/?s={search_term_string}"},"query-input":{"@type":"PropertyValueSpecification","valueRequired":true,"valueName":"search_term_string"}}],"inLanguage":"pt"},[]]}},"_links":{"self":[{"href":"https:\/\/www.etoro.com\/pt-pt\/wp-json\/wp\/v2\/pages\/1116315"}],"collection":[{"href":"https:\/\/www.etoro.com\/pt-pt\/wp-json\/wp\/v2\/pages"}],"about":[{"href":"https:\/\/www.etoro.com\/pt-pt\/wp-json\/wp\/v2\/types\/page"}],"author":[{"embeddable":true,"href":"https:\/\/www.etoro.com\/pt-pt\/wp-json\/wp\/v2\/users\/75"}],"replies":[{"embeddable":true,"href":"https:\/\/www.etoro.com\/pt-pt\/wp-json\/wp\/v2\/comments?post=1116315"}],"version-history":[{"count":0,"href":"https:\/\/www.etoro.com\/pt-pt\/wp-json\/wp\/v2\/pages\/1116315\/revisions"}],"up":[{"embeddable":true,"href":"https:\/\/www.etoro.com\/pt-pt\/wp-json\/wp\/v2\/pages\/10695"}],"wp:featuredmedia":[{"embeddable":true,"href":"https:\/\/www.etoro.com\/pt-pt\/wp-json\/wp\/v2\/media\/1112850"}],"wp:attachment":[{"href":"https:\/\/www.etoro.com\/pt-pt\/wp-json\/wp\/v2\/media?parent=1116315"}],"wp:term":[{"taxonomy":"asset_type","embeddable":true,"href":"https:\/\/www.etoro.com\/pt-pt\/wp-json\/wp\/v2\/asset_type?post=1116315"}],"curies":[{"name":"wp","href":"https:\/\/api.w.org\/{rel}","templated":true}]}}