{"id":1259336,"date":"2026-04-20T10:10:55","date_gmt":"2026-04-20T07:10:55","guid":{"rendered":"https:\/\/www.etoro.com\/copytrader\/risk-warnings\/"},"modified":"2026-04-30T09:09:35","modified_gmt":"2026-04-30T06:09:35","slug":"risk-warnings","status":"publish","type":"page","link":"https:\/\/www.etoro.com\/pt-pt\/copytrader\/risk-warnings\/","title":{"rendered":"Risks Associated with Social Trading (Copy Trading)"},"content":{"rendered":"\n<section class=\"wp-block-group wp-block-group-boxed wp-block-group-small-bottom-padding\"><div class=\"wp-block-group-inner is-layout-flow wp-block-group-is-layout-flow\">\n<div class=\"wp-block-columns are-vertically-aligned-top wp-block-columns-1 is-layout-flex wp-container-core-columns-is-layout-1 wp-block-columns-is-layout-flex\">\n<div class=\"wp-block-column is-layout-flow wp-block-column-is-layout-flow\">\n<p>A eToro Group Ltd. e as suas afiliadas fornecem funcionalidades de Trading Social que lhe permitem interagir, seguir e copiar outros investidores (\u201cSocial Trading Features\u201d), incluindo o Copy Trader\u2122, Smart Portfolios, classifica\u00e7\u00f5es e ferramentas comunit\u00e1rias.<\/p>\n\n\n\n<p>Embora estas funcionalidades possam ajud\u00e1-lo a descobrir estrat\u00e9gias de investimento, elas podem envolver riscos. Deve considerar cuidadosamente o seguinte antes de as utilizar:<\/p>\n<\/div>\n<\/div>\n\n\n\n<div class=\"wp-block-columns are-vertically-aligned-top wp-block-columns-1 is-layout-flex wp-container-core-columns-is-layout-2 wp-block-columns-is-layout-flex\">\n<div class=\"wp-block-column is-layout-flow wp-block-column-is-layout-flow\">\n<div class=\"wp-block-etoro-simple-collapsable-item-list\">\n<div class=\"wp-block-etoro-simple-collapsable-item\"><div class=\"wp-block-etoro-simple-collapsable-item-heading\">1. \u00c9 Totalmente Respons\u00e1vel pelas Suas Decis\u00f5es<\/div><div class=\"wp-block-etoro-simple-collapsable-item-content-wrapper\"><div class=\"wp-block-etoro-simple-collapsable-item-content\">\n<p>O Copy Trading baseia-se na sua escolha de seguir ou copiar outros investidores.<\/p>\n\n\n\n<ul class=\"wp-block-list wp-block-list wp-block-list-circle\">\n<li>Deve considerar a sua situa\u00e7\u00e3o financeira, objetivos de investimento e toler\u00e2ncia ao risco.<\/li>\n\n\n\n<li>A eToro n\u00e3o fornece conselhos de investimento.<\/li>\n\n\n\n<li>Quaisquer decis\u00f5es que tomar com base nas informa\u00e7\u00f5es da plataforma s\u00e3o da sua conta e risco.<\/li>\n<\/ul>\n\n\n\n<p>Deve sempre realizar a sua pr\u00f3pria investiga\u00e7\u00e3o antes de investir.<\/p>\n<\/div><\/div><\/div>\n\n\n\n<div class=\"wp-block-etoro-simple-collapsable-item\"><div class=\"wp-block-etoro-simple-collapsable-item-heading\">2. Risco da Negocia\u00e7\u00e3o Automatizada<\/div><div class=\"wp-block-etoro-simple-collapsable-item-content-wrapper\"><div class=\"wp-block-etoro-simple-collapsable-item-content\">\n<p>Quando copia um negociador ou um Smart Portfolio:<\/p>\n\n\n\n<ul class=\"wp-block-list wp-block-list wp-block-list-circle\">\n<li>As ordens s\u00e3o executadas automaticamente na sua conta sem a sua interven\u00e7\u00e3o.<\/li>\n\n\n\n<li>As posi\u00e7\u00f5es s\u00e3o abertas, modificadas e fechadas em tempo real com base nas a\u00e7\u00f5es do negociante copiado.<\/li>\n<\/ul>\n\n\n\n<p>Isto significa:<\/p>\n\n\n\n<ul class=\"wp-block-list wp-block-list wp-block-list-circle\">\n<li>Pode n\u00e3o ter controlo sobre os prazos ou os pre\u00e7os<\/li>\n\n\n\n<li>As condi\u00e7\u00f5es de mercado (por exemplo, volatilidade, derrapagem, liquidez) podem levar a resultados diferentes dos apresentados pelo negociador ou Smart Portfolio que copiar.<\/li>\n\n\n\n<li>Pode perder os fundos destinados \u00e0 c\u00f3pia.<\/li>\n<\/ul>\n<\/div><\/div><\/div>\n\n\n\n<div class=\"wp-block-etoro-simple-collapsable-item\"><div class=\"wp-block-etoro-simple-collapsable-item-heading\">3. Exposi\u00e7\u00e3o a CFD e Criptoativos<\/div><div class=\"wp-block-etoro-simple-collapsable-item-content-wrapper\"><div class=\"wp-block-etoro-simple-collapsable-item-content\">\n<p>Ao copiar um negociador ou Smart Portfolio, pode ser exposto a instrumentos complexos e de alto risco, tais como:<\/p>\n\n\n\n<ul class=\"wp-block-list wp-block-list wp-block-list-circle\">\n<li><strong>CFD (Contratos por Diferen\u00e7a)<\/strong>\n<ul class=\"wp-block-list wp-block-list wp-block-list-circle\">\n<li>Muitas vezes, envolvem alavancagem, que pode aumentar tanto os lucros como as perdas.<\/li>\n\n\n\n<li>Os pre\u00e7os podem mover-se rapidamente, aumentando o risco de perdas significativas.<\/li>\n\n\n\n<li>O ativo subjacente n\u00e3o \u00e9 seu.<\/li>\n<\/ul>\n<\/li>\n\n\n\n<li><strong>Criptoativos:<\/strong>\n<ul class=\"wp-block-list wp-block-list wp-block-list-circle\">\n<li>Altamente vol\u00e1til e pode sofrer oscila\u00e7\u00f5es extremas de pre\u00e7os.<\/li>\n\n\n\n<li>Pode estar sujeito a liquidez reduzida, manipula\u00e7\u00e3o de mercado ou incerteza regulamentar.<\/li>\n<\/ul>\n<\/li>\n<\/ul>\n\n\n\n<p>Mesmo que n\u00e3o esteja a escolher ativamente esses ativos, ao copiar um trader ou um Smart Portfolio, estar\u00e1 automaticamente exposto aos instrumentos que estes negociam.<\/p>\n<\/div><\/div><\/div>\n\n\n\n<div class=\"wp-block-etoro-simple-collapsable-item\"><div class=\"wp-block-etoro-simple-collapsable-item-heading\">4. Diferen\u00e7as de Desempenho<\/div><div class=\"wp-block-etoro-simple-collapsable-item-content-wrapper\"><div class=\"wp-block-etoro-simple-collapsable-item-content\">\n<p>Os seus resultados podem ser diferentes dos do investidor ou Smart Portfolio que copiar devido a fatores como:<\/p>\n\n\n\n<ul class=\"wp-block-list wp-block-list wp-block-list-circle\">\n<li>Dep\u00f3sitos ou levantamentos da posi\u00e7\u00e3o copiada.<\/li>\n\n\n\n<li>Condi\u00e7\u00f5es de mercado e diferen\u00e7as de execu\u00e7\u00e3o.<\/li>\n<\/ul>\n<\/div><\/div><\/div>\n\n\n\n<div class=\"wp-block-etoro-simple-collapsable-item\"><div class=\"wp-block-etoro-simple-collapsable-item-heading\">5. O Desempenho Passado n\u00e3o \u00e9 um Indicador Fi\u00e1vel<\/div><div class=\"wp-block-etoro-simple-collapsable-item-content-wrapper\"><div class=\"wp-block-etoro-simple-collapsable-item-content\">\n<p>Estat\u00edsticas como:<\/p>\n\n\n\n<ul class=\"wp-block-list wp-block-list wp-block-list-circle\">\n<li>Pontua\u00e7\u00f5es de risco.<\/li>\n\n\n\n<li>Desempenho hist\u00f3rico.<\/li>\n\n\n\n<li>Os dados do Portf\u00f3lio n\u00e3o s\u00e3o uma garantia de resultados futuros.<\/li>\n<\/ul>\n\n\n\n<p>Os resultados reais podem variar significativamente devido \u00e0s condi\u00e7\u00f5es de mercado em constante mudan\u00e7a e ao comportamento do investidor.<\/p>\n<\/div><\/div><\/div>\n\n\n\n<div class=\"wp-block-etoro-simple-collapsable-item\"><div class=\"wp-block-etoro-simple-collapsable-item-heading\">6. N\u00e3o h\u00e1 Garantias de Execu\u00e7\u00e3o ou Controlos de Risco<\/div><div class=\"wp-block-etoro-simple-collapsable-item-content-wrapper\"><div class=\"wp-block-etoro-simple-collapsable-item-content\">\n<ul class=\"wp-block-list wp-block-list wp-block-list-circle\">\n<li>Os mecanismos de Stop Loss (incluindo Copy Stop Loss) n\u00e3o s\u00e3o garantidos.<\/li>\n\n\n\n<li>As Ordens podem n\u00e3o ser executadas ao pre\u00e7o esperado.<\/li>\n\n\n\n<li>As perdas podem exceder as expetativas devido a lacunas de mercado ou volatilidade.<\/li>\n<\/ul>\n<\/div><\/div><\/div>\n\n\n\n<div class=\"wp-block-etoro-simple-collapsable-item\"><div class=\"wp-block-etoro-simple-collapsable-item-heading\">7. Os Negociadores que Copia N\u00e3o S\u00e3o Consultores<\/div><div class=\"wp-block-etoro-simple-collapsable-item-content-wrapper\"><div class=\"wp-block-etoro-simple-collapsable-item-content\">\n<ul class=\"wp-block-list wp-block-list wp-block-list-circle\">\n<li>Outros utilizadores podem partilhar opini\u00f5es ou estrat\u00e9gias, mas n\u00e3o s\u00e3o necessariamente qualificados ou imparciais.<\/li>\n\n\n\n<li>As informa\u00e7\u00f5es partilhadas na plataforma n\u00e3o devem ser consideradas aconselhamento financeiro profissional.<\/li>\n<\/ul>\n\n\n\n<p>Trate sempre os conte\u00fados de trading social como um ponto de partida \u2014 n\u00e3o uma recomenda\u00e7\u00e3o.<\/p>\n<\/div><\/div><\/div>\n\n\n\n<div class=\"wp-block-etoro-simple-collapsable-item\"><div class=\"wp-block-etoro-simple-collapsable-item-heading\">8. Risco de Estrat\u00e9gia e Comportamento<\/div><div class=\"wp-block-etoro-simple-collapsable-item-content-wrapper\"><div class=\"wp-block-etoro-simple-collapsable-item-content\">\n<p>O Copy Trading depende inteiramente do trader ou Smart Portfolio que segue:<\/p>\n\n\n\n<ul class=\"wp-block-list wp-block-list wp-block-list-circle\">\n<li>A sua estrat\u00e9gia pode mudar sem aviso pr\u00e9vio.<\/li>\n\n\n\n<li>Podem assumir um risco maior do que o que esperas.<\/li>\n\n\n\n<li>Decis\u00f5es emocionais ou inconsistentes podem afetar o desempenho.<\/li>\n<\/ul>\n\n\n\n<p>Adicionalmente:<\/p>\n\n\n\n<ul class=\"wp-block-list wp-block-list wp-block-list-circle\">\n<li>Concentrar fundos num \u00fanico investidor aumenta o risco.<\/li>\n\n\n\n<li>A diversifica\u00e7\u00e3o n\u00e3o elimina as perdas.<\/li>\n<\/ul>\n<\/div><\/div><\/div>\n\n\n\n<div class=\"wp-block-etoro-simple-collapsable-item\"><div class=\"wp-block-etoro-simple-collapsable-item-heading\">9. Copy Trading N\u00e3o \u00c9 Um Investimento Mais Seguro<\/div><div class=\"wp-block-etoro-simple-collapsable-item-content-wrapper\"><div class=\"wp-block-etoro-simple-collapsable-item-content\">\n<p>O Copy trading pode ajudar na diversifica\u00e7\u00e3o e reduzir a necessidade de decis\u00f5es de negocia\u00e7\u00e3o ativas, mas:<\/p>\n\n\n\n<ul class=\"wp-block-list wp-block-list wp-block-list-circle\">\n<li>O seu desempenho depende dos investidores ou do Smart Portfolio que copiar.<\/li>\n\n\n\n<li>Continua a ser totalmente respons\u00e1vel por quaisquer perdas.<\/li>\n<\/ul>\n<\/div><\/div><\/div>\n\n\n\n<div class=\"wp-block-etoro-simple-collapsable-item\"><div class=\"wp-block-etoro-simple-collapsable-item-heading\">10. Fa\u00e7a a Sua Pr\u00f3pria Verifica\u00e7\u00e3o<\/div><div class=\"wp-block-etoro-simple-collapsable-item-content-wrapper\"><div class=\"wp-block-etoro-simple-collapsable-item-content\">\n<p>Antes de copiar um negociador ou Smart Portfolio, analise:<\/p>\n\n\n\n<ul class=\"wp-block-list wp-block-list wp-block-list-circle\">\n<li>A sua classifica\u00e7\u00e3o de risco.<\/li>\n\n\n\n<li>Hist\u00f3rico e estrat\u00e9gia de negocia\u00e7\u00e3o.<\/li>\n\n\n\n<li>Composi\u00e7\u00e3o do Portf\u00f3lio.<\/li>\n\n\n\n<li>Atividade e comunica\u00e7\u00e3o (por exemplo, publica\u00e7\u00f5es, atualiza\u00e7\u00f5es).<\/li>\n<\/ul>\n\n\n\n<p>Mesmo com esta informa\u00e7\u00e3o, n\u00e3o h\u00e1 garantia de sucesso.<\/p>\n<\/div><\/div><\/div>\n<\/div>\n\n\n\n<hr class=\"wp-block-separator wp-block-separator-color-dark-grey wp-block-separator-spaces-medium wp-block-separator-weight-1\"\/>\n<\/div>\n<\/div>\n<\/div><\/section>\n","protected":false},"excerpt":{"rendered":"<p>A eToro Group Ltd. e as suas afiliadas fornecem funcionalidades de Trading Social que lhe permitem interagir, seguir e copiar outros investidores (\u201cSocial Trading Features\u201d), incluindo o Copy Trader\u2122, Smart Portfolios, classifica\u00e7\u00f5es e ferramentas comunit\u00e1rias. Embora estas funcionalidades possam ajud\u00e1-lo a descobrir estrat\u00e9gias de investimento, elas podem envolver riscos. Deve considerar cuidadosamente o seguinte antes&hellip;<\/p>\n","protected":false},"author":158,"featured_media":0,"parent":34708,"menu_order":0,"comment_status":"closed","ping_status":"closed","template":"","meta":{"_acf_changed":true,"inline_featured_image":false,"sticky_cta_settings":"","footnotes":""},"asset_type":[],"class_list":["post-1259336","page","type-page","status-publish","hentry"],"acf":[],"yoast_head":"<title>Riscos Associados ao Trading Social (Copy Trading)<\/title>\n<meta name=\"description\" content=\"Saiba mais sobre os riscos associados ao trading social e ao copy trading, incluindo CFDs, criptoativos, diferen\u00e7as de desempenho e dilig\u00eancia devida.\" \/>\n<meta name=\"robots\" content=\"index, follow, max-snippet:-1, max-image-preview:large, max-video-preview:-1\" \/>\n<link rel=\"canonical\" href=\"https:\/\/www.etoro.com\/pt-pt\/wp-json\/wp\/v2\/pages\/1259336\" \/>\n<meta property=\"og:locale\" content=\"pt_PT\" \/>\n<meta property=\"og:type\" content=\"article\" \/>\n<meta property=\"og:title\" content=\"Riscos Associados ao Trading Social (Copy Trading)\" \/>\n<meta property=\"og:description\" content=\"Saiba mais sobre os riscos associados ao trading social e ao copy trading, incluindo CFDs, criptoativos, diferen\u00e7as de desempenho e dilig\u00eancia devida.\" \/>\n<meta property=\"og:url\" content=\"https:\/\/www.etoro.com\/pt-pt\/wp-json\/wp\/v2\/pages\/1259336\" \/>\n<meta property=\"og:site_name\" content=\"eToro\" \/>\n<meta property=\"article:publisher\" content=\"https:\/\/www.facebook.com\/eToro\/\" \/>\n<meta property=\"article:modified_time\" content=\"2026-04-30T06:09:35+00:00\" \/>\n<meta property=\"og:image\" content=\"https:\/\/www.etoro.com\/wp-content\/uploads\/2019\/12\/etoro_logo_social_share1.png\" \/>\n\t<meta property=\"og:image:width\" content=\"240\" \/>\n\t<meta property=\"og:image:height\" content=\"240\" \/>\n\t<meta property=\"og:image:type\" content=\"image\/png\" \/>\n<meta name=\"twitter:card\" content=\"summary_large_image\" \/>\n<meta name=\"twitter:site\" content=\"@eToro\" \/>\n<meta name=\"twitter:label1\" content=\"Est. reading time\" \/>\n\t<meta name=\"twitter:data1\" content=\"4 minutes\" \/>\n<script type=\"application\/ld+json\" class=\"yoast-schema-graph\">{\"@context\":\"https:\/\/schema.org\",\"@graph\":[{\"@type\":\"WebPage\",\"@id\":\"https:\/\/www.etoro.com\/pt-pt\/copytrader\/risk-warnings\/\",\"url\":\"https:\/\/www.etoro.com\/pt-pt\/copytrader\/risk-warnings\/\",\"name\":\"Riscos Associados ao Trading Social (Copy Trading)\",\"isPartOf\":{\"@id\":\"https:\/\/www.etoro.com\/pt-pt\/#website\"},\"datePublished\":\"2026-04-20T07:10:55+00:00\",\"dateModified\":\"2026-04-30T06:09:35+00:00\",\"description\":\"Saiba mais sobre os riscos associados ao trading social e ao copy trading, incluindo CFDs, criptoativos, diferen\u00e7as de desempenho e dilig\u00eancia devida.\",\"breadcrumb\":{\"@id\":\"https:\/\/www.etoro.com\/pt-pt\/copytrader\/risk-warnings\/#breadcrumb\"},\"inLanguage\":\"pt\",\"potentialAction\":[{\"@type\":\"ReadAction\",\"target\":[\"https:\/\/www.etoro.com\/pt-pt\/copytrader\/risk-warnings\/\"]}]},{\"@type\":\"BreadcrumbList\",\"@id\":\"https:\/\/www.etoro.com\/pt-pt\/copytrader\/risk-warnings\/#breadcrumb\",\"itemListElement\":[{\"@type\":\"ListItem\",\"position\":1,\"name\":\"In\u00edcio\",\"item\":\"https:\/\/www.etoro.com\/pt-pt\/\"},{\"@type\":\"ListItem\",\"position\":2,\"name\":\"CopyTrader\",\"item\":\"https:\/\/www.etoro.com\/pt-pt\/copytrader\/\"},{\"@type\":\"ListItem\",\"position\":3,\"name\":\"Risks Associated with Social Trading (Copy Trading)\"}]},{\"@type\":\"WebSite\",\"@id\":\"https:\/\/www.etoro.com\/pt-pt\/#website\",\"url\":\"https:\/\/www.etoro.com\/pt-pt\/\",\"name\":\"eToro\",\"description\":\"\",\"publisher\":{\"@id\":\"https:\/\/www.etoro.com\/pt-pt\/#organization\"},\"potentialAction\":[{\"@type\":\"SearchAction\",\"target\":{\"@type\":\"EntryPoint\",\"urlTemplate\":\"https:\/\/www.etoro.com\/pt-pt\/?s={search_term_string}\"},\"query-input\":{\"@type\":\"PropertyValueSpecification\",\"valueRequired\":true,\"valueName\":\"search_term_string\"}}],\"inLanguage\":\"pt\"},[]]}<\/script>","yoast_head_json":{"title":"Riscos Associados ao Trading Social (Copy Trading)","description":"Saiba mais sobre os riscos associados ao trading social e ao copy trading, incluindo CFDs, criptoativos, diferen\u00e7as de desempenho e dilig\u00eancia devida.","robots":{"index":"index","follow":"follow","max-snippet":"max-snippet:-1","max-image-preview":"max-image-preview:large","max-video-preview":"max-video-preview:-1"},"canonical":"https:\/\/www.etoro.com\/pt-pt\/wp-json\/wp\/v2\/pages\/1259336","og_locale":"pt_PT","og_type":"article","og_title":"Riscos Associados ao Trading Social (Copy Trading)","og_description":"Saiba mais sobre os riscos associados ao trading social e ao copy trading, incluindo CFDs, criptoativos, diferen\u00e7as de desempenho e dilig\u00eancia devida.","og_url":"https:\/\/www.etoro.com\/pt-pt\/wp-json\/wp\/v2\/pages\/1259336","og_site_name":"eToro","article_publisher":"https:\/\/www.facebook.com\/eToro\/","article_modified_time":"2026-04-30T06:09:35+00:00","og_image":[{"width":240,"height":240,"url":"https:\/\/www.etoro.com\/wp-content\/uploads\/2019\/12\/etoro_logo_social_share1.png","type":"image\/png"}],"twitter_card":"summary_large_image","twitter_site":"@eToro","twitter_misc":{"Est. reading time":"4 minutes"},"schema":{"@context":"https:\/\/schema.org","@graph":[{"@type":"WebPage","@id":"https:\/\/www.etoro.com\/pt-pt\/copytrader\/risk-warnings\/","url":"https:\/\/www.etoro.com\/pt-pt\/copytrader\/risk-warnings\/","name":"Riscos Associados ao Trading Social (Copy Trading)","isPartOf":{"@id":"https:\/\/www.etoro.com\/pt-pt\/#website"},"datePublished":"2026-04-20T07:10:55+00:00","dateModified":"2026-04-30T06:09:35+00:00","description":"Saiba mais sobre os riscos associados ao trading social e ao copy trading, incluindo CFDs, criptoativos, diferen\u00e7as de desempenho e dilig\u00eancia devida.","breadcrumb":{"@id":"https:\/\/www.etoro.com\/pt-pt\/copytrader\/risk-warnings\/#breadcrumb"},"inLanguage":"pt","potentialAction":[{"@type":"ReadAction","target":["https:\/\/www.etoro.com\/pt-pt\/copytrader\/risk-warnings\/"]}]},{"@type":"BreadcrumbList","@id":"https:\/\/www.etoro.com\/pt-pt\/copytrader\/risk-warnings\/#breadcrumb","itemListElement":[{"@type":"ListItem","position":1,"name":"In\u00edcio","item":"https:\/\/www.etoro.com\/pt-pt\/"},{"@type":"ListItem","position":2,"name":"CopyTrader","item":"https:\/\/www.etoro.com\/pt-pt\/copytrader\/"},{"@type":"ListItem","position":3,"name":"Risks Associated with Social Trading (Copy Trading)"}]},{"@type":"WebSite","@id":"https:\/\/www.etoro.com\/pt-pt\/#website","url":"https:\/\/www.etoro.com\/pt-pt\/","name":"eToro","description":"","publisher":{"@id":"https:\/\/www.etoro.com\/pt-pt\/#organization"},"potentialAction":[{"@type":"SearchAction","target":{"@type":"EntryPoint","urlTemplate":"https:\/\/www.etoro.com\/pt-pt\/?s={search_term_string}"},"query-input":{"@type":"PropertyValueSpecification","valueRequired":true,"valueName":"search_term_string"}}],"inLanguage":"pt"},[]]}},"_links":{"self":[{"href":"https:\/\/www.etoro.com\/pt-pt\/wp-json\/wp\/v2\/pages\/1259336"}],"collection":[{"href":"https:\/\/www.etoro.com\/pt-pt\/wp-json\/wp\/v2\/pages"}],"about":[{"href":"https:\/\/www.etoro.com\/pt-pt\/wp-json\/wp\/v2\/types\/page"}],"author":[{"embeddable":true,"href":"https:\/\/www.etoro.com\/pt-pt\/wp-json\/wp\/v2\/users\/158"}],"replies":[{"embeddable":true,"href":"https:\/\/www.etoro.com\/pt-pt\/wp-json\/wp\/v2\/comments?post=1259336"}],"version-history":[{"count":0,"href":"https:\/\/www.etoro.com\/pt-pt\/wp-json\/wp\/v2\/pages\/1259336\/revisions"}],"up":[{"embeddable":true,"href":"https:\/\/www.etoro.com\/pt-pt\/wp-json\/wp\/v2\/pages\/34708"}],"wp:attachment":[{"href":"https:\/\/www.etoro.com\/pt-pt\/wp-json\/wp\/v2\/media?parent=1259336"}],"wp:term":[{"taxonomy":"asset_type","embeddable":true,"href":"https:\/\/www.etoro.com\/pt-pt\/wp-json\/wp\/v2\/asset_type?post=1259336"}],"curies":[{"name":"wp","href":"https:\/\/api.w.org\/{rel}","templated":true}]}}