{"id":167839,"date":"2020-10-15T10:30:40","date_gmt":"2020-10-15T07:30:40","guid":{"rendered":"http:\/\/www.etoro.com\/investing\/insurance\/"},"modified":"2025-04-23T02:21:04","modified_gmt":"2025-04-22T23:21:04","slug":"insurance","status":"publish","type":"page","link":"https:\/\/www.etoro.com\/pt-pt\/investing\/insurance\/","title":{"rendered":"Seguros"},"content":{"rendered":"\n<section class=\"wp-block-group wp-block-group-boxed has-white-background-color has-background\"><div class=\"wp-block-group-inner is-layout-flow wp-block-group-is-layout-flow\">\n<div class=\"wp-block-columns are-vertically-aligned-top wp-block-columns-1 is-layout-flex wp-container-core-columns-is-layout-1 wp-block-columns-is-layout-flex\">\n<div class=\"wp-block-column is-layout-flow wp-block-column-is-layout-flow\">\n<h2 class=\"wp-block-heading\">Seguros<\/h2>\n\n\n\n<p>Algumas entidades da eToro fornecem aos clientes eleg\u00edveis um seguro gratuito adquirido \u00e0 Lloyd&#8217;s of London, um dos principais fornecedores mundiais de seguros especializados, dando uma cobertura de at\u00e9 1 milh\u00e3o de EUR, AUD ou USD (dependendo da regi\u00e3o).<\/p>\n\n\n\n<p><strong>O seguro gratuito s\u00f3 est\u00e1 dispon\u00edvel para os membros Platinum, Platinum + e Diamond Club, <a href=\"https:\/\/www.etoro.com\/pt-pt\/about\/clubs\/\">clientes<\/a> da eToro (Europe) Ltd., eToro AUS Capital Ltd., eToro (ME) Ltd. e eToro (Seychelles) Ltd.<\/strong><\/p>\n\n\n\n<ul class=\"wp-block-list wp-block-list wp-block-list-circle\">\n<li>O seguro cobre reclama\u00e7\u00f5es de clientes eleg\u00edveis que sofram perdas devido ao evento improv\u00e1vel de insolv\u00eancia da eToro e em caso de Evento de M\u00e1 Conduta (conforme definido na&nbsp;<a href=\"https:\/\/www.etoro.com\/wp-content\/uploads\/2022\/11\/Insurance-Disclosure-to-Clients-2022-.docx.pdf\">ap\u00f3lice aplic\u00e1vel<\/a>).<\/li>\n\n\n\n<li>O seguro cobre: (i) at\u00e9 1 milh\u00e3o de EUR, AUD ou USD (dependendo da entidade regulada); (ii) at\u00e9 ao limite agregado adquirido pela eToro; e (iii) sujeito a um montante em excesso (conforme definido pela <a href=\"https:\/\/etoro.com\/wp-content\/uploads\/2023\/01\/Insurance-Disclosure-to-Clients-2022-.docx.pdf\" rel=\"nofollow noopener noreferrer\"  rel=\"nofollow noopener noreferrer\" >pol\u00edtica<\/a> aplic\u00e1vel).<\/li>\n\n\n\n<li>Deve exceder um montante inicial de 20.000 EUR, AUD ou USD.<\/li>\n\n\n\n<li>O seguro cobre dinheiro, todas as posi\u00e7\u00f5es de CFD e t\u00edtulos. Observe que as posi\u00e7\u00f5es de criptomoeda REAL n\u00e3o s\u00e3o cobertas pelo seguro, conforme definido na&nbsp;<a href=\"https:\/\/etoro.com\/wp-content\/uploads\/2023\/01\/Insurance-Disclosure-to-Clients-2022-.docx.pdf\" rel=\"nofollow noopener noreferrer\"  rel=\"nofollow noopener noreferrer\" >ap\u00f3lice<\/a>&nbsp;aplic\u00e1vel.<\/li>\n<\/ul>\n<\/div>\n<\/div>\n<\/div><\/section>\n\n\n\n<section class=\"wp-block-group wp-block-group-boxed has-dark-blue-background-color has-background\"><div class=\"wp-block-group-inner is-layout-flow wp-block-group-is-layout-flow\">\n<div class=\"wp-block-columns are-vertically-aligned-center wp-block-columns-2 is-layout-flex wp-container-core-columns-is-layout-2 wp-block-columns-is-layout-flex\">\n<div class=\"wp-block-column is-layout-flow wp-block-column-is-layout-flow\">\n<figure class=\"wp-block-image size-full\"><img loading=\"lazy\" decoding=\"async\" width=\"577\" height=\"375\" src=\"https:\/\/www.etoro.com\/wp-content\/uploads\/2025\/04\/Three-layer-protection.png\" alt=\"\" class=\"wp-image-1048942 wp-image-desktop\" srcset=\"https:\/\/www.etoro.com\/wp-content\/uploads\/2025\/04\/Three-layer-protection.png 577w, https:\/\/www.etoro.com\/wp-content\/uploads\/2025\/04\/Three-layer-protection-300x195.png 300w\" sizes=\"(max-width: 577px) 100vw, 577px\" \/><\/figure>\n<\/div>\n\n\n\n<div class=\"wp-block-column is-text-column is-layout-flow wp-block-column-is-layout-flow\">\n<h2 class=\"wp-block-heading\"><strong>Tr\u00eas camadas de prote\u00e7\u00e3o<\/strong><\/h2>\n\n\n\n<p>Na eventualidade improv\u00e1vel de uma insolv\u00eancia da eToro, os clientes eleg\u00edveis* da eToro (Europe) Ltd., eToro AUS Capital Ltd., eToro (ME) Ltd. e eToro (Seychelles) Ltd. disp\u00f5em de tr\u00eas n\u00edveis de prote\u00e7\u00e3o.<\/p>\n\n\n\n<ul class=\"wp-block-list wp-block-list wp-block-list-circle\">\n<li>Em caso de insolv\u00eancia, o liquidat\u00e1rio designado administrar\u00e1 os ativos da eToro e a distribui\u00e7\u00e3o de dinheiro entre os seus clientes, se aplic\u00e1vel.<\/li>\n\n\n\n<li>Prote\u00e7\u00e3o regulat\u00f3ria: Para clientes da eToro (Europe) Ltd. (regulada pela CySEC), certos esquemas regulat\u00f3rios aplicam-se (ICF), que compensam os clientes em caso de insolv\u00eancia e falta de fundos do cliente de at\u00e9 $ 20.000.<\/li>\n\n\n\n<li>Seguro privado: Fornecida pela Lloyd\u2019s de Londres, esta ap\u00f3lice de seguro de investimento cobre perdas sofridas devido a insolv\u00eancia, sujeita a um montante de franquia, e at\u00e9 1 milh\u00e3o de EUR\/AUD\/USD por cliente*, tal como descrito acima.<\/li>\n<\/ul>\n\n\n\n<p class=\"is-style-disclaimer\">*O seguro gratuito s\u00f3 est\u00e1 dispon\u00edvel para os membros Platinum, Platinum + e Diamond Club,&nbsp;<a href=\"https:\/\/www.etoro.com\/pt-pt\/about\/clubs\/\">clientes<\/a>&nbsp;da eToro (Europe) Ltd., eToro AUS Capital Ltd., eToro (ME) Ltd. e eToro (Seychelles) Ltd.<\/p>\n<\/div>\n<\/div>\n<\/div><\/section>\n\n\n\n<section class=\"wp-block-group wp-block-group-boxed\"><div class=\"wp-block-group-inner is-layout-flow wp-block-group-is-layout-flow\">\n<div class=\"wp-block-columns are-vertically-aligned-top wp-block-columns-1 is-layout-flex wp-container-core-columns-is-layout-3 wp-block-columns-is-layout-flex\">\n<div class=\"wp-block-column is-layout-flow wp-block-column-is-layout-flow\">\n<h2 class=\"wp-block-heading has-text-align-center\"><strong>O eToro presta servi\u00e7os adicionais, tais como:<\/strong><\/h2>\n<\/div>\n<\/div>\n<\/div><\/section>\n\n\n\n<section class=\"wp-block-group wp-block-group-boxed has-white-background-color has-background\"><div class=\"wp-block-group-inner is-layout-flow wp-block-group-is-layout-flow\">\n<div class=\"wp-block-columns are-vertically-aligned-center wp-block-columns-2 is-swapped-on-mobile is-layout-flex wp-container-core-columns-is-layout-4 wp-block-columns-is-layout-flex\">\n<div class=\"wp-block-column is-layout-flow wp-block-column-is-layout-flow\">\n<h2 class=\"wp-block-heading\">Os seus fundos s\u00e3o mantidos numa conta segregada<\/h2>\n\n\n\n<p>A principal prioridade do eToro \u00e9 manter os respetivos clientes e os seus fundos em seguran\u00e7a. Por esta raz\u00e3o, cada c\u00eantimo depositado por um cliente \u00e9 mantido numa conta separada e segregada. Isto significa que, mesmo no caso muito improv\u00e1vel de insolv\u00eancia do eToro, os seus fundos estar\u00e3o seguros.<\/p>\n<\/div>\n\n\n\n<div class=\"wp-block-column is-layout-flow wp-block-column-is-layout-flow\">\n<figure class=\"wp-block-image size-full\"><img loading=\"lazy\" decoding=\"async\" width=\"578\" height=\"375\" src=\"https:\/\/www.etoro.com\/wp-content\/uploads\/2025\/04\/Segregated-Account.png\" alt=\"\" class=\"wp-image-1048971 wp-image-desktop\" srcset=\"https:\/\/www.etoro.com\/wp-content\/uploads\/2025\/04\/Segregated-Account.png 578w, https:\/\/www.etoro.com\/wp-content\/uploads\/2025\/04\/Segregated-Account-300x195.png 300w\" sizes=\"(max-width: 578px) 100vw, 578px\" \/><\/figure>\n<\/div>\n<\/div>\n<\/div><\/section>\n\n\n\n<section class=\"wp-block-group wp-block-group-boxed has-white-background-color has-background\"><div class=\"wp-block-group-inner is-layout-flow wp-block-group-is-layout-flow\">\n<div class=\"wp-block-columns are-vertically-aligned-center wp-block-columns-2 is-layout-flex wp-container-core-columns-is-layout-5 wp-block-columns-is-layout-flex\">\n<div class=\"wp-block-column is-layout-flow wp-block-column-is-layout-flow\">\n<figure class=\"wp-block-image size-full\"><img loading=\"lazy\" decoding=\"async\" width=\"576\" height=\"394\" src=\"https:\/\/www.etoro.com\/wp-content\/uploads\/2025\/04\/100-K-Demo-account.png\" alt=\"\" class=\"wp-image-1049040 wp-image-desktop\" srcset=\"https:\/\/www.etoro.com\/wp-content\/uploads\/2025\/04\/100-K-Demo-account.png 576w, https:\/\/www.etoro.com\/wp-content\/uploads\/2025\/04\/100-K-Demo-account-300x205.png 300w\" sizes=\"(max-width: 576px) 100vw, 576px\" \/><\/figure>\n<\/div>\n\n\n\n<div class=\"wp-block-column is-layout-flow wp-block-column-is-layout-flow\">\n<h2 class=\"wp-block-heading\">Conta de demonstra\u00e7\u00e3o GRATUITA de 100 000 USD<\/h2>\n\n\n\n<p>Explore a simplicidade e a facilidade de utiliza\u00e7\u00e3o da plataforma eToro com uma conta de demonstra\u00e7\u00e3o GRATUITA de 100 000 USD. Abra e feche posi\u00e7\u00f5es, crie a sua carteira virtual com&nbsp;<a href=\"https:\/\/etoro.com\/pt-pt\/stocks\/\" rel=\"nofollow noopener noreferrer\" >a\u00e7\u00f5es<\/a>,&nbsp;<a href=\"https:\/\/www.etoro.com\/pt-pt\/crypto\/\">criptomoedas<\/a>&nbsp;e outras classes de ativos e melhore as suas compet\u00eancias de negocia\u00e7\u00e3o e investimento.<\/p>\n<\/div>\n<\/div>\n<\/div><\/section>\n\n\n\n<section class=\"wp-block-group wp-block-group-boxed has-white-background-color has-background\"><div class=\"wp-block-group-inner is-layout-flow wp-block-group-is-layout-flow\">\n<div class=\"wp-block-columns are-vertically-aligned-top wp-block-columns-1 is-layout-flex wp-container-core-columns-is-layout-6 wp-block-columns-is-layout-flex\">\n<div class=\"wp-block-column is-layout-flow wp-block-column-is-layout-flow\">\n<p class=\"has-text-align-center\">Aplicam-se os Termos e condi\u00e7\u00f5es. Para mais informa\u00e7\u00f5es, consulte os\u00a0<a href=\"https:\/\/www.etoro.com\/wp-content\/uploads\/2025\/02\/Insurance-Disclosure-to-Clients-2025.pdf\" target=\"_blank\" rel=\"noreferrer noopener\">Termos e condi\u00e7\u00f5es<\/a>\u00a0do seguro do eToro.<\/p>\n\n\n\n<div class=\"wp-block-buttons is-content-justification-center is-layout-flex wp-container-core-buttons-is-layout-1 wp-block-buttons-is-layout-flex\">\n<a class=\"e-cta e-cta-primary\" href=\"https:\/\/www.etoro.com\/pt-pt\/accounts\/sign-up\">Comece j\u00e1 a negociar<\/a>\n<\/div>\n<\/div>\n<\/div>\n<\/div><\/section>\n\n\n\n<section class=\"wp-block-group wp-block-group-boxed has-white-background-color has-background\"><div class=\"wp-block-group-inner is-layout-flow wp-block-group-is-layout-flow\">\n<div class=\"wp-block-columns are-vertically-aligned-top wp-block-columns-1 is-layout-flex wp-container-core-columns-is-layout-7 wp-block-columns-is-layout-flex\">\n<div class=\"wp-block-column is-layout-flow wp-block-column-is-layout-flow\">\n<h2 class=\"wp-block-heading has-text-align-center\">Seguro do eToro \u2014 Perguntas frequentes<\/h2>\n\n\n\n<dl class=\"wp-block-etoro-faq\">\n<div class=\"wp-block-etoro-faq-item\"><dt class=\"wp-block-etoro-faq-item-question\">Quais produtos s\u00e3o cobertos pela ap\u00f3lice de seguro?<\/dt><dd class=\"wp-block-etoro-faq-item-answer\">\n<p>O seguro cobre dinheiro, todas as posi\u00e7\u00f5es de CFD e t\u00edtulos. Observe que as posi\u00e7\u00f5es de criptomoeda REAL (n\u00e3o CFD) n\u00e3o s\u00e3o cobertas por seguro de investimento.<\/p>\n<\/dd><\/div>\n\n\n\n<div class=\"wp-block-etoro-faq-item\"><dt class=\"wp-block-etoro-faq-item-question\">Quem o seguro cobre?<\/dt><dd class=\"wp-block-etoro-faq-item-answer\">\n<p>O seguro s\u00f3 est\u00e1 dispon\u00edvel para os membros Platinum, Platinum + e Diamond Club, <a href=\"https:\/\/etoro.com\/pt-pt\/about\/club\/\" rel=\"nofollow noopener noreferrer\" >clientes<\/a> da eToro (Europe) Ltd., eToro AUS Capital Ltd., eToro (ME) Ltd. e eToro (Seychelles) Ltd.<\/p>\n<\/dd><\/div>\n\n\n\n<div class=\"wp-block-etoro-faq-item\"><dt class=\"wp-block-etoro-faq-item-question\">Tem uma data de validade?<\/dt><dd class=\"wp-block-etoro-faq-item-answer\">\n<p>N\u00e3o. No entanto, o seguro pode ser retirado a crit\u00e9rio da eToro a qualquer momento no futuro. Notifica\u00e7\u00e3o pr\u00e9via n\u00e3o \u00e9 necess\u00e1ria.<\/p>\n<\/dd><\/div>\n\n\n\n<div class=\"wp-block-etoro-faq-item\"><dt class=\"wp-block-etoro-faq-item-question\">Quando o seguro ser\u00e1 acionado?<\/dt><dd class=\"wp-block-etoro-faq-item-answer\">\n<p>O seguro pode ser acionado no caso improv\u00e1vel de insolv\u00eancia da eToro.<\/p>\n<\/dd><\/div>\n\n\n\n<div class=\"wp-block-etoro-faq-item\"><dt class=\"wp-block-etoro-faq-item-question\">Como a eToro ret\u00e9m o meu dinheiro?<\/dt><dd class=\"wp-block-etoro-faq-item-answer\">\n<p>Para salvaguardar os seus fundos, a eToro mant\u00e9m-nos numa conta completamente segregada num banco de primeira linha ou num fundo do mercado monet\u00e1rio qualificado.<\/p>\n<\/dd><\/div>\n<\/dl>\n<\/div>\n<\/div>\n<\/div><\/section>\n","protected":false},"excerpt":{"rendered":"<p>Seguros Algumas entidades da eToro fornecem aos clientes eleg\u00edveis um seguro gratuito adquirido \u00e0 Lloyd&#8217;s of London, um dos principais fornecedores mundiais de seguros especializados, dando uma cobertura de at\u00e9 1 milh\u00e3o de EUR, AUD ou USD (dependendo da regi\u00e3o). O seguro gratuito s\u00f3 est\u00e1 dispon\u00edvel para os membros Platinum, Platinum + e Diamond Club,&hellip;<\/p>\n","protected":false},"author":39,"featured_media":0,"parent":19768,"menu_order":498,"comment_status":"closed","ping_status":"closed","template":"","meta":{"_acf_changed":true,"inline_featured_image":false,"sticky_cta_settings":"","footnotes":""},"asset_type":[],"class_list":["post-167839","page","type-page","status-publish","hentry"],"acf":[],"yoast_head":"<title>Seguro de investimento GRATUITO para clientes do eToro<\/title>\n<meta name=\"description\" content=\"Beneficie de uma camada adicional de prote\u00e7\u00e3o: o eToro oferece seguros GRATUITOS de at\u00e9 1 milh\u00e3o de euros\/GBP\/AUD, dependendo da legisla\u00e7\u00e3o.\" \/>\n<meta name=\"robots\" content=\"noindex, follow\" \/>\n<meta property=\"og:locale\" content=\"pt_PT\" \/>\n<meta property=\"og:type\" content=\"article\" \/>\n<meta property=\"og:title\" content=\"Seguro de investimento GRATUITO para clientes do eToro\" \/>\n<meta property=\"og:description\" content=\"Beneficie de uma camada adicional de prote\u00e7\u00e3o: o eToro oferece seguros GRATUITOS de at\u00e9 1 milh\u00e3o de euros\/GBP\/AUD, dependendo da legisla\u00e7\u00e3o.\" \/>\n<meta property=\"og:url\" content=\"https:\/\/www.etoro.com\/pt-pt\/wp-json\/wp\/v2\/pages\/167839\" \/>\n<meta property=\"og:site_name\" content=\"eToro\" \/>\n<meta property=\"article:publisher\" content=\"https:\/\/www.facebook.com\/eToro\/\" \/>\n<meta property=\"article:modified_time\" content=\"2025-04-22T23:21:04+00:00\" \/>\n<meta property=\"og:image\" content=\"https:\/\/www.etoro.com\/wp-content\/uploads\/2025\/04\/Three-layer-protection.png\" \/>\n\t<meta property=\"og:image:width\" content=\"577\" \/>\n\t<meta property=\"og:image:height\" content=\"375\" \/>\n\t<meta property=\"og:image:type\" content=\"image\/png\" \/>\n<meta name=\"twitter:card\" content=\"summary_large_image\" \/>\n<meta name=\"twitter:site\" content=\"@eToro\" \/>\n<meta name=\"twitter:label1\" content=\"Est. reading time\" \/>\n\t<meta name=\"twitter:data1\" content=\"4 minutes\" \/>\n<script type=\"application\/ld+json\" class=\"yoast-schema-graph\">{\"@context\":\"https:\/\/schema.org\",\"@graph\":[{\"@type\":\"WebPage\",\"@id\":\"https:\/\/www.etoro.com\/pt-pt\/investing\/insurance\/\",\"url\":\"https:\/\/www.etoro.com\/pt-pt\/investing\/insurance\/\",\"name\":\"Seguro de investimento GRATUITO para clientes do eToro\",\"isPartOf\":{\"@id\":\"https:\/\/www.etoro.com\/pt-pt\/#website\"},\"primaryImageOfPage\":{\"@id\":\"https:\/\/www.etoro.com\/pt-pt\/investing\/insurance\/#primaryimage\"},\"image\":{\"@id\":\"https:\/\/www.etoro.com\/pt-pt\/investing\/insurance\/#primaryimage\"},\"thumbnailUrl\":\"https:\/\/www.etoro.com\/wp-content\/uploads\/2025\/04\/Three-layer-protection.png\",\"datePublished\":\"2020-10-15T07:30:40+00:00\",\"dateModified\":\"2025-04-22T23:21:04+00:00\",\"description\":\"Beneficie de uma camada adicional de prote\u00e7\u00e3o: o eToro oferece seguros GRATUITOS de at\u00e9 1 milh\u00e3o de euros\/GBP\/AUD, dependendo da legisla\u00e7\u00e3o.\",\"breadcrumb\":{\"@id\":\"https:\/\/www.etoro.com\/pt-pt\/investing\/insurance\/#breadcrumb\"},\"inLanguage\":\"pt\",\"potentialAction\":[{\"@type\":\"ReadAction\",\"target\":[\"https:\/\/www.etoro.com\/pt-pt\/investing\/insurance\/\"]}]},{\"@type\":\"ImageObject\",\"inLanguage\":\"pt\",\"@id\":\"https:\/\/www.etoro.com\/pt-pt\/investing\/insurance\/#primaryimage\",\"url\":\"https:\/\/www.etoro.com\/wp-content\/uploads\/2025\/04\/Three-layer-protection.png\",\"contentUrl\":\"https:\/\/www.etoro.com\/wp-content\/uploads\/2025\/04\/Three-layer-protection.png\"},{\"@type\":\"BreadcrumbList\",\"@id\":\"https:\/\/www.etoro.com\/pt-pt\/investing\/insurance\/#breadcrumb\",\"itemListElement\":[{\"@type\":\"ListItem\",\"position\":1,\"name\":\"In\u00edcio\",\"item\":\"https:\/\/www.etoro.com\/pt-pt\/\"},{\"@type\":\"ListItem\",\"position\":2,\"name\":\"Investir\",\"item\":\"https:\/\/www.etoro.com\/pt-pt\/investing\/\"},{\"@type\":\"ListItem\",\"position\":3,\"name\":\"Seguros\"}]},{\"@type\":\"WebSite\",\"@id\":\"https:\/\/www.etoro.com\/pt-pt\/#website\",\"url\":\"https:\/\/www.etoro.com\/pt-pt\/\",\"name\":\"eToro\",\"description\":\"\",\"publisher\":{\"@id\":\"https:\/\/www.etoro.com\/pt-pt\/#organization\"},\"potentialAction\":[{\"@type\":\"SearchAction\",\"target\":{\"@type\":\"EntryPoint\",\"urlTemplate\":\"https:\/\/www.etoro.com\/pt-pt\/?s={search_term_string}\"},\"query-input\":{\"@type\":\"PropertyValueSpecification\",\"valueRequired\":true,\"valueName\":\"search_term_string\"}}],\"inLanguage\":\"pt\"},[]]}<\/script>","yoast_head_json":{"title":"Seguro de investimento GRATUITO para clientes do eToro","description":"Beneficie de uma camada adicional de prote\u00e7\u00e3o: o eToro oferece seguros GRATUITOS de at\u00e9 1 milh\u00e3o de euros\/GBP\/AUD, dependendo da legisla\u00e7\u00e3o.","robots":{"index":"noindex","follow":"follow"},"og_locale":"pt_PT","og_type":"article","og_title":"Seguro de investimento GRATUITO para clientes do eToro","og_description":"Beneficie de uma camada adicional de prote\u00e7\u00e3o: o eToro oferece seguros GRATUITOS de at\u00e9 1 milh\u00e3o de euros\/GBP\/AUD, dependendo da legisla\u00e7\u00e3o.","og_url":"https:\/\/www.etoro.com\/pt-pt\/wp-json\/wp\/v2\/pages\/167839","og_site_name":"eToro","article_publisher":"https:\/\/www.facebook.com\/eToro\/","article_modified_time":"2025-04-22T23:21:04+00:00","og_image":[{"width":577,"height":375,"url":"https:\/\/www.etoro.com\/wp-content\/uploads\/2025\/04\/Three-layer-protection.png","type":"image\/png"}],"twitter_card":"summary_large_image","twitter_site":"@eToro","twitter_misc":{"Est. reading time":"4 minutes"},"schema":{"@context":"https:\/\/schema.org","@graph":[{"@type":"WebPage","@id":"https:\/\/www.etoro.com\/pt-pt\/investing\/insurance\/","url":"https:\/\/www.etoro.com\/pt-pt\/investing\/insurance\/","name":"Seguro de investimento GRATUITO para clientes do eToro","isPartOf":{"@id":"https:\/\/www.etoro.com\/pt-pt\/#website"},"primaryImageOfPage":{"@id":"https:\/\/www.etoro.com\/pt-pt\/investing\/insurance\/#primaryimage"},"image":{"@id":"https:\/\/www.etoro.com\/pt-pt\/investing\/insurance\/#primaryimage"},"thumbnailUrl":"https:\/\/www.etoro.com\/wp-content\/uploads\/2025\/04\/Three-layer-protection.png","datePublished":"2020-10-15T07:30:40+00:00","dateModified":"2025-04-22T23:21:04+00:00","description":"Beneficie de uma camada adicional de prote\u00e7\u00e3o: o eToro oferece seguros GRATUITOS de at\u00e9 1 milh\u00e3o de euros\/GBP\/AUD, dependendo da legisla\u00e7\u00e3o.","breadcrumb":{"@id":"https:\/\/www.etoro.com\/pt-pt\/investing\/insurance\/#breadcrumb"},"inLanguage":"pt","potentialAction":[{"@type":"ReadAction","target":["https:\/\/www.etoro.com\/pt-pt\/investing\/insurance\/"]}]},{"@type":"ImageObject","inLanguage":"pt","@id":"https:\/\/www.etoro.com\/pt-pt\/investing\/insurance\/#primaryimage","url":"https:\/\/www.etoro.com\/wp-content\/uploads\/2025\/04\/Three-layer-protection.png","contentUrl":"https:\/\/www.etoro.com\/wp-content\/uploads\/2025\/04\/Three-layer-protection.png"},{"@type":"BreadcrumbList","@id":"https:\/\/www.etoro.com\/pt-pt\/investing\/insurance\/#breadcrumb","itemListElement":[{"@type":"ListItem","position":1,"name":"In\u00edcio","item":"https:\/\/www.etoro.com\/pt-pt\/"},{"@type":"ListItem","position":2,"name":"Investir","item":"https:\/\/www.etoro.com\/pt-pt\/investing\/"},{"@type":"ListItem","position":3,"name":"Seguros"}]},{"@type":"WebSite","@id":"https:\/\/www.etoro.com\/pt-pt\/#website","url":"https:\/\/www.etoro.com\/pt-pt\/","name":"eToro","description":"","publisher":{"@id":"https:\/\/www.etoro.com\/pt-pt\/#organization"},"potentialAction":[{"@type":"SearchAction","target":{"@type":"EntryPoint","urlTemplate":"https:\/\/www.etoro.com\/pt-pt\/?s={search_term_string}"},"query-input":{"@type":"PropertyValueSpecification","valueRequired":true,"valueName":"search_term_string"}}],"inLanguage":"pt"},[]]}},"_links":{"self":[{"href":"https:\/\/www.etoro.com\/pt-pt\/wp-json\/wp\/v2\/pages\/167839"}],"collection":[{"href":"https:\/\/www.etoro.com\/pt-pt\/wp-json\/wp\/v2\/pages"}],"about":[{"href":"https:\/\/www.etoro.com\/pt-pt\/wp-json\/wp\/v2\/types\/page"}],"author":[{"embeddable":true,"href":"https:\/\/www.etoro.com\/pt-pt\/wp-json\/wp\/v2\/users\/39"}],"replies":[{"embeddable":true,"href":"https:\/\/www.etoro.com\/pt-pt\/wp-json\/wp\/v2\/comments?post=167839"}],"version-history":[{"count":0,"href":"https:\/\/www.etoro.com\/pt-pt\/wp-json\/wp\/v2\/pages\/167839\/revisions"}],"up":[{"embeddable":true,"href":"https:\/\/www.etoro.com\/pt-pt\/wp-json\/wp\/v2\/pages\/19768"}],"wp:attachment":[{"href":"https:\/\/www.etoro.com\/pt-pt\/wp-json\/wp\/v2\/media?parent=167839"}],"wp:term":[{"taxonomy":"asset_type","embeddable":true,"href":"https:\/\/www.etoro.com\/pt-pt\/wp-json\/wp\/v2\/asset_type?post=167839"}],"curies":[{"name":"wp","href":"https:\/\/api.w.org\/{rel}","templated":true}]}}